{"id":5655,"date":"2025-04-15T15:52:20","date_gmt":"2025-04-15T13:52:20","guid":{"rendered":"https:\/\/www.greenvda.com\/?page_id=5655"},"modified":"2025-05-14T16:17:09","modified_gmt":"2025-05-14T14:17:09","slug":"cavesgourmandes-we","status":"publish","type":"page","link":"https:\/\/www.greenvda.com\/fr\/green-experiences\/cavesgourmandes-we\/","title":{"rendered":"Caves Gourmandes 2025-WE"},"content":{"rendered":"<p><img decoding=\"async\" src=\"\/wp-content\/uploads\/2025\/05\/1.354_CantineGourmet2024_phPaoloRey-scaled.jpg\" alt=\"\"><\/p>\n<div>\n<h1>Caves Gourmandes 2025 <\/h1>\n<p>R\u00e8servez votre week-end \u00e0 Cogne d\u00e9di\u00e9 \u00e0 l&rsquo;\u00e9v\u00e8nement<\/p>\n<div>\n<p><strong><em>Le forfait inclut:<\/em><\/strong><\/p>\n<div class=\"el-content uk-panel uk-margin-top\">\n<ul>\n<li>Passage A\/R du Tunnel du Grand Saint-Bernard pour rejoindre la Vall\u00e9e d&rsquo;Aoste\u00a0<\/li>\n<li>S\u00e9jour de trois nuits en chambre double \u00e0 l&rsquo;Eco Wellness H<span style=\"font-weight: 400;\">\u00f4tel Notre Maison<\/span> de Cogne<\/li>\n<li>Buffet de petit-d\u00e9jeuner\u00a0<\/li>\n<li>Entr\u00e9e au centre de bien-\u00eatre avec son petit lac alpin<\/li>\n<li>Achat du verre et participation \u00e0 l&rsquo;\u00e9v\u00e8nement itin\u00e9rant Caves Gourmandes 2025 qui pr\u00e9voit:\u00a0<\/li>\n<\/ul>\n<p style=\"text-align: center;\"><strong>Vendredi 6, de 17.00 \u00e0 22.00 heures<\/strong>: Tour du pays \u00e0 la d\u00e9couverte des vins et de la gastronomie locale, \u00e0 bord du petit train Wine-Express. Animation musicale sur la Place Chanoux de 22.00 heures \u00e0 minuit<\/p>\n<p style=\"text-align: center;\"><strong>Samedi 7, \u00e0 partir de 10.00 heures<\/strong>: Tour guid\u00e9 \u00e0 pied ou en v\u00e9lo des maisons agricoles du centre et des hameaux, d\u00e9gustations de sp\u00e9cialit\u00e9s gastronomiques et de bi\u00e8res vald<span style=\"font-weight: 400;\">\u00f4taines. Possibilit\u00e9 de louer des VTT \u00e9lectriques sur demande \u00e0 l&rsquo;h<\/span><span style=\"font-weight: 400;\">\u00f4tel<\/span><\/p>\n<p style=\"text-align: center;\"><strong>Dimanche 8<\/strong>: Secrets \u00e9toil\u00e9s &#8211; D\u00e9monstrations culinaires avec des produits du terroir et d\u00e9gustation\u00a0<\/p>\n<ul>\n<li>Visite guid\u00e9e en groupe et en fran\u00e7ais d&rsquo;Aoste, la Rome des Alpes, le <strong>lundi 9 \u00e0 15.30 heures\u00a0<\/strong><\/li>\n<li>Assurance annulation, rapatriement sanitaire et frais medicaux<\/li>\n<\/ul>\n<p><strong><em>Dates<\/em><\/strong><\/p>\n<ul>\n<li>Du vendredi 6 au lundi 9 juin 2025<\/li>\n<\/ul>\n<p><em><strong>O\u00f9<\/strong><\/em><\/p>\n<ul>\n<li><span style=\"font-weight: 400;\">\u00c0 Cogne, en Vall\u00e9e d&rsquo;Aoste<\/span><\/li>\n<\/ul>\n<p><em><strong>Prix<\/strong><\/em><\/p>\n<ul>\n<li>\n<p>\u00c0 partir de \u20ac 870,00 pour le couple<\/p>\n<\/li>\n<\/ul>\n<\/div>\n<\/div>\n<\/div>\n<p>\n    <a href=\"https:\/\/www.simplebooking.it\/ibe2\/hotel\/9789\/?hid=9789&#038;lang=FR&#038;cur=EUR&#038;in=2025-06-06&#038;out=2025-06-09&#038;guests=A%2CA\">V\u00e9rifier la disponibilit\u00e9 et r\u00e9server <\/a>\n<\/p>\n<div>\n<h4 style=\"text-align: center;\">POUR TOUTE INFORMATION<\/h4>\n<h5 style=\"text-align: center;\"><a href=\"mailto:info@alpinegreenexperience.it\">info@alpinegreenexperience.it<\/a><\/h5>\n<h5 style=\"text-align: center;\"><a href=\"tel:\/\/00393755471718\">+39 375 5471718<\/a><\/h5>\n<\/div>\n<ul>\n<li>\n<p>        <img decoding=\"async\" src=\"\/wp-content\/uploads\/2025\/05\/064_camere2013_NotreMaison-scaled.jpg\" alt=\"\"><\/p>\n<h3>Chambres<\/h3>\n<\/li>\n<li>\n<p>        <img decoding=\"async\" src=\"\/wp-content\/uploads\/2025\/05\/094B7232-scaled.jpg\" alt=\"\"><\/p>\n<h3>Solarium<\/h3>\n<\/li>\n<li>\n<p>        <img decoding=\"async\" src=\"\/wp-content\/uploads\/2025\/05\/094B7240bis-scaled.jpg\" alt=\"\"><\/p>\n<h3>Bien-etre<\/h3>\n<\/li>\n<li>\n<p>        <img decoding=\"async\" src=\"\/wp-content\/uploads\/2025\/05\/Esterni-piscina-007A-scaled.jpg\" alt=\"\"><\/p>\n<h3>Ext\u00e9rieur \u00e9t\u00e9<\/h3>\n<\/li>\n<li>\n<p>        <img decoding=\"async\" src=\"\/wp-content\/uploads\/2025\/05\/1.146_CantineGourmet2024_phPaoloRey-scaled.jpg\" alt=\"\"><\/p>\n<h3>Caves Gourmandes<\/h3>\n<\/li>\n<li>\n<p>        <img decoding=\"async\" src=\"\/wp-content\/uploads\/2025\/05\/VCQ_1169.jpg\" alt=\"\"><\/p>\n<h3>Caves Gourmandes<\/h3>\n<\/li>\n<li>\n<p>        <img decoding=\"async\" src=\"\/wp-content\/uploads\/2025\/05\/00587_CantineGourmet2023_phPaoloRey-scaled.jpg\" alt=\"\"><\/p>\n<h3>Caves Gourmandes<\/h3>\n<\/li>\n<li>\n<p>        <img decoding=\"async\" src=\"\/wp-content\/uploads\/2025\/05\/01049_CantineGourmet2023_phPaoloRey-scaled.jpg\" alt=\"\"><\/p>\n<h3>Caves Gourmandes<\/h3>\n<\/li>\n<\/ul>\n<div><span>VOUS NOUS TROUVEZ ICI<\/span><\/div>\n<div>\n<p>    <iframe src=\"https:\/\/www.google.com\/maps\/embed?pb=!1m18!1m12!1m3!1d3433.784944135647!2d7.336249676709296!3d45.61804732316003!2m3!1f0!2f0!3f0!3m2!1i1024!2i768!4f13.1!3m3!1m2!1s0x4788e1a3e2186e69%3A0x4241e9ffd85a8935!2sEco%20Wellness%20Hotel%20Notre%20Maison!5e1!3m2!1sit!2sit!4v1736596241877!5m2!1sit!2sit\" width=\"400\" height=\"450\" style=\"border:0;\" allowfullscreen=\"\" loading=\"lazy\" referrerpolicy=\"no-referrer-when-downgrade\"><\/iframe>\n<\/div>\n<p><!--more--><br \/>\n<!-- {\"type\":\"layout\",\"children\":[{\"type\":\"section\",\"props\":{\"height\":\"viewport\",\"height_offset_top\":true,\"height_viewport\":80,\"image_position\":\"center-center\",\"padding\":\"large\",\"padding_remove_bottom\":false,\"style\":\"primary\",\"text_color\":\"light\",\"title_breakpoint\":\"xl\",\"title_position\":\"top-left\",\"title_rotation\":\"left\",\"vertical_align\":\"\",\"video\":\"wp-content\\\/uploads\\\/2025\\\/05\\\/Video-Caves-Gourmandes-2025-Svizzera.mp4\",\"width\":\"large\"},\"children\":[{\"type\":\"row\",\"children\":[{\"type\":\"column\",\"props\":{\"image_position\":\"center-center\",\"position_sticky_breakpoint\":\"m\"}}]}]},{\"type\":\"section\",\"props\":{\"image_position\":\"center-center\",\"padding\":\"none\",\"style\":\"default\",\"title_breakpoint\":\"xl\",\"title_position\":\"top-left\",\"title_rotation\":\"left\",\"vertical_align\":\"middle\",\"width\":\"xlarge\"},\"children\":[{\"type\":\"row\",\"props\":{\"column_gap\":\"collapse\",\"layout\":\"1-2,1-2\",\"row_gap\":\"collapse\"},\"children\":[{\"type\":\"column\",\"props\":{\"image_position\":\"center-center\",\"position_sticky_breakpoint\":\"m\",\"width_medium\":\"1-2\"},\"children\":[{\"type\":\"image\",\"props\":{\"animation\":\"parallax\",\"block_align\":\"right\",\"height_expand\":false,\"image\":\"wp-content\\\/uploads\\\/2025\\\/05\\\/1.354_CantineGourmet2024_phPaoloRey-scaled.jpg\",\"image_box_decoration\":\"mask\",\"image_focal_point\":\"center-right\",\"image_height\":700,\"image_svg_color\":\"emphasis\",\"image_width\":600,\"margin\":\"default\",\"maxwidth\":\"xlarge\",\"position\":\"relative\",\"position_bottom\":\"-20\"}}]},{\"type\":\"column\",\"props\":{\"image_position\":\"center-center\",\"position_sticky_breakpoint\":\"m\",\"width_medium\":\"1-2\"},\"children\":[{\"type\":\"panel\",\"props\":{\"animation\":\"parallax\",\"blend\":false,\"block_align_breakpoint\":\"m\",\"content\":\"\n\n<p><strong><em>Le forfait inclut:<\\\/em><\\\/strong><\\\/p>\\n\n\n<div class=\\\"el-content uk-panel uk-margin-top\\\">\\n\n\n<ul>\\n\n\n<li>Passage A\\\/R du Tunnel du Grand Saint-Bernard pour rejoindre la Vall\\u00e9e d'Aoste\\u00a0<\\\/li>\\n\n\n<li>S\\u00e9jour de trois nuits en chambre double \\u00e0 l'Eco Wellness H<span style=\\\"font-weight: 400;\\\">\\u00f4tel Notre Maison<\\\/span> de Cogne<\\\/li>\\n\n\n<li>Buffet de petit-d\\u00e9jeuner\\u00a0<\\\/li>\\n\n\n<li>Entr\\u00e9e au centre de bien-\\u00eatre avec son petit lac alpin<\\\/li>\\n\n\n<li>Achat du verre et participation \\u00e0 l'\\u00e9v\\u00e8nement itin\\u00e9rant Caves Gourmandes 2025 qui pr\\u00e9voit:\\u00a0<\\\/li>\\n<\\\/ul>\\n\n\n<p style=\\\"text-align: center;\\\"><strong>Vendredi 6, de 17.00 \\u00e0 22.00 heures<\\\/strong>: Tour du pays \\u00e0 la d\\u00e9couverte des vins et de la gastronomie locale, \\u00e0 bord du petit train Wine-Express. Animation musicale sur la Place Chanoux de 22.00 heures \\u00e0 minuit<\\\/p>\\n\n\n<p style=\\\"text-align: center;\\\"><strong>Samedi 7, \\u00e0 partir de 10.00 heures<\\\/strong>: Tour guid\\u00e9 \\u00e0 pied ou en v\\u00e9lo des maisons agricoles du centre et des hameaux, d\\u00e9gustations de sp\\u00e9cialit\\u00e9s gastronomiques et de bi\\u00e8res vald<span style=\\\"font-weight: 400;\\\">\\u00f4taines. Possibilit\\u00e9 de louer des VTT \\u00e9lectriques sur demande \\u00e0 l'h<\\\/span><span style=\\\"font-weight: 400;\\\">\\u00f4tel<\\\/span><\\\/p>\\n\n\n<p style=\\\"text-align: center;\\\"><strong>Dimanche 8<\\\/strong>: Secrets \\u00e9toil\\u00e9s - D\\u00e9monstrations culinaires avec des produits du terroir et d\\u00e9gustation\\u00a0<\\\/p>\\n\n\n<ul>\\n\n\n<li>Visite guid\\u00e9e en groupe et en fran\\u00e7ais d'Aoste, la Rome des Alpes, le <strong>lundi 9 \\u00e0 15.30 heures\\u00a0<\\\/strong><\\\/li>\\n\n\n<li>Assurance annulation, rapatriement sanitaire et frais medicaux<\\\/li>\\n<\\\/ul>\\n\n\n<p><strong><em>Dates<\\\/em><\\\/strong><\\\/p>\\n\n\n<ul>\\n\n\n<li>Du vendredi 6 au lundi 9 juin 2025<\\\/li>\\n<\\\/ul>\\n\n\n<p><em><strong>O\\u00f9<\\\/strong><\\\/em><\\\/p>\\n\n\n<ul>\\n\n\n<li><span style=\\\"font-weight: 400;\\\">\\u00c0 Cogne, en Vall\\u00e9e d'Aoste<\\\/span><\\\/li>\\n<\\\/ul>\\n\n\n<p><em><strong>Prix<\\\/strong><\\\/em><\\\/p>\\n\n\n<ul>\\n\n\n<li>\\n\n\n<p>\\u00c0 partir de \\u20ac 870,00 pour le couple<\\\/p>\\n<\\\/li>\\n<\\\/ul>\\n<\\\/div>\\n\n\n<p><\\\/p>\",\"content_column_breakpoint\":\"m\",\"height_expand\":false,\"icon_width\":80,\"image_align\":\"top\",\"image_grid_breakpoint\":\"m\",\"image_grid_width\":\"1-2\",\"image_svg_color\":\"emphasis\",\"link_style\":\"default\",\"link_target\":true,\"link_text\":\"Read more\",\"margin\":\"\",\"margin_remove_bottom\":false,\"margin_remove_top\":false,\"maxwidth\":\"xlarge\",\"maxwidth_breakpoint\":\"m\",\"meta\":\"R\\u00e8servez votre week-end \\u00e0 Cogne d\\u00e9di\\u00e9 \\u00e0 l'\\u00e9v\\u00e8nement\",\"meta_align\":\"below-title\",\"meta_element\":\"div\",\"meta_style\":\"text-meta\",\"panel_padding\":\"large\",\"panel_style\":\"card-default\",\"parallax_y\":\",0\",\"position\":\"relative\",\"position_top\":\"20\",\"text_align\":\"left\",\"title\":\"Caves Gourmandes 2025 \",\"title_align\":\"top\",\"title_element\":\"h1\",\"title_font_family\":\"default\",\"title_grid_breakpoint\":\"m\",\"title_grid_width\":\"1-2\",\"title_hover_style\":\"reset\",\"title_style\":\"h1\"}}]}]}]},{\"type\":\"section\",\"props\":{\"image_position\":\"center-center\",\"padding_remove_bottom\":true,\"padding_remove_horizontal\":false,\"padding_remove_top\":false,\"style\":\"muted\",\"title_breakpoint\":\"xl\",\"title_position\":\"top-left\",\"title_rotation\":\"left\",\"vertical_align\":\"middle\",\"width\":\"default\"},\"children\":[{\"type\":\"row\",\"children\":[{\"type\":\"column\",\"props\":{\"image_position\":\"center-center\",\"position_sticky_breakpoint\":\"m\"},\"children\":[{\"type\":\"button\",\"props\":{\"fullwidth\":true,\"grid_column_gap\":\"small\",\"grid_row_gap\":\"small\",\"margin\":\"default\"},\"children\":[{\"type\":\"button_item\",\"props\":{\"button_style\":\"primary\",\"content\":\"V\\u00e9rifier la disponibilit\\u00e9 et r\\u00e9server \",\"icon_align\":\"left\",\"link\":\"https:\\\/\\\/www.simplebooking.it\\\/ibe2\\\/hotel\\\/9789\\\/?hid=9789&lang=FR&cur=EUR&in=2025-06-06&out=2025-06-09&guests=A%2CA\",\"link_target\":\"blank\"}}]}]}]}]},{\"type\":\"section\",\"props\":{\"image_position\":\"center-center\",\"padding_remove_bottom\":true,\"style\":\"muted\",\"title_breakpoint\":\"xl\",\"title_position\":\"top-left\",\"title_rotation\":\"left\",\"vertical_align\":\"middle\",\"width\":\"default\"},\"children\":[{\"type\":\"row\",\"children\":[{\"type\":\"column\",\"props\":{\"image_position\":\"center-center\",\"position_sticky_breakpoint\":\"m\"},\"children\":[{\"type\":\"text\",\"props\":{\"column_breakpoint\":\"m\",\"content\":\"\n\n<h4 style=\\\"text-align: center;\\\">POUR TOUTE INFORMATION<\\\/h4>\\n\n\n<h5 style=\\\"text-align: center;\\\"><a href=\\\"mailto:info@alpinegreenexperience.it\\\">info@alpinegreenexperience.it<\\\/a><\\\/h5>\\n\n\n<h5 style=\\\"text-align: center;\\\"><a href=\\\"tel:\\\/\\\/00393755471718\\\">+39 375 5471718<\\\/a><\\\/h5>\",\"margin\":\"default\"}}]}]}]},{\"type\":\"section\",\"props\":{\"image_position\":\"center-center\",\"padding_remove_top\":true,\"style\":\"muted\",\"title_breakpoint\":\"xl\",\"title_position\":\"top-left\",\"title_rotation\":\"left\",\"vertical_align\":\"middle\",\"width\":\"default\"},\"children\":[{\"type\":\"row\",\"children\":[{\"type\":\"column\",\"props\":{\"image_position\":\"center-center\",\"position_sticky_breakpoint\":\"m\"},\"children\":[{\"type\":\"gallery\",\"props\":{\"content_display\":\"lightbox\",\"filter_align\":\"left\",\"filter_all\":true,\"filter_grid_breakpoint\":\"m\",\"filter_grid_width\":\"auto\",\"filter_position\":\"top\",\"filter_style\":\"tab\",\"grid_default\":\"1\",\"grid_medium\":\"4\",\"image_height\":\"400\",\"image_width\":\"400\",\"item_animation\":true,\"lightbox\":true,\"link_style\":\"\",\"link_text\":\"Read more\",\"margin\":\"default\",\"meta_align\":\"below-title\",\"meta_element\":\"div\",\"meta_style\":\"text-meta\",\"overlay_hover\":true,\"overlay_mode\":\"cover\",\"overlay_position\":\"center\",\"overlay_style\":\"\",\"overlay_transition\":\"fade\",\"position\":\"relative\",\"position_bottom\":\"-70\",\"show_content\":true,\"show_hover_image\":true,\"show_hover_video\":true,\"show_link\":true,\"show_meta\":true,\"show_title\":true,\"text_align\":\"center\",\"text_color\":\"light\",\"title_display\":\"lightbox\",\"title_element\":\"h3\",\"title_hover_style\":\"reset\"},\"children\":[{\"type\":\"gallery_item\",\"props\":{\"image\":\"wp-content\\\/uploads\\\/2025\\\/05\\\/064_camere2013_NotreMaison-scaled.jpg\",\"title\":\"Chambres\"}},{\"type\":\"gallery_item\",\"props\":{\"image\":\"wp-content\\\/uploads\\\/2025\\\/05\\\/094B7232-scaled.jpg\",\"title\":\"Solarium\"}},{\"type\":\"gallery_item\",\"props\":{\"image\":\"wp-content\\\/uploads\\\/2025\\\/05\\\/094B7240bis-scaled.jpg\",\"title\":\"Bien-etre\"}},{\"type\":\"gallery_item\",\"props\":{\"image\":\"wp-content\\\/uploads\\\/2025\\\/05\\\/Esterni-piscina-007A-scaled.jpg\",\"title\":\"Ext\\u00e9rieur \\u00e9t\\u00e9\"}},{\"type\":\"gallery_item\",\"props\":{\"image\":\"wp-content\\\/uploads\\\/2025\\\/05\\\/1.146_CantineGourmet2024_phPaoloRey-scaled.jpg\",\"title\":\"Caves Gourmandes\"}},{\"type\":\"gallery_item\",\"props\":{\"image\":\"wp-content\\\/uploads\\\/2025\\\/05\\\/VCQ_1169.jpg\",\"title\":\"Caves Gourmandes\"}},{\"type\":\"gallery_item\",\"props\":{\"image\":\"wp-content\\\/uploads\\\/2025\\\/05\\\/00587_CantineGourmet2023_phPaoloRey-scaled.jpg\",\"title\":\"Caves Gourmandes\"}},{\"type\":\"gallery_item\",\"props\":{\"image\":\"wp-content\\\/uploads\\\/2025\\\/05\\\/01049_CantineGourmet2023_phPaoloRey-scaled.jpg\",\"title\":\"Caves Gourmandes\"}}]}]}]}]},{\"type\":\"section\",\"props\":{\"image_position\":\"center-center\",\"style\":\"default\",\"title_breakpoint\":\"xl\",\"title_position\":\"top-left\",\"title_rotation\":\"left\",\"vertical_align\":\"middle\",\"width\":\"default\"},\"children\":[{\"type\":\"row\",\"props\":{\"layout\":\"1-3,1-3,1-3\",\"margin\":\"default\"},\"children\":[{\"type\":\"column\",\"props\":{\"image_position\":\"center-center\",\"position_sticky_breakpoint\":\"m\",\"width_medium\":\"1-3\"}},{\"type\":\"column\",\"props\":{\"image_position\":\"center-center\",\"position_sticky_breakpoint\":\"m\",\"width_medium\":\"1-3\"},\"children\":[{\"type\":\"headline\",\"props\":{\"content\":\"<span>VOUS NOUS TROUVEZ ICI<\\\/span>\",\"text_align\":\"center\",\"title_color\":\"primary\",\"title_element\":\"div\",\"title_style\":\"h4\"}},{\"type\":\"html\",\"props\":{\"content\":\"<iframe src=\\\"https:\\\/\\\/www.google.com\\\/maps\\\/embed?pb=!1m18!1m12!1m3!1d3433.784944135647!2d7.336249676709296!3d45.61804732316003!2m3!1f0!2f0!3f0!3m2!1i1024!2i768!4f13.1!3m3!1m2!1s0x4788e1a3e2186e69%3A0x4241e9ffd85a8935!2sEco%20Wellness%20Hotel%20Notre%20Maison!5e1!3m2!1sit!2sit!4v1736596241877!5m2!1sit!2sit\\\" width=\\\"400\\\" height=\\\"450\\\" style=\\\"border:0;\\\" allowfullscreen=\\\"\\\" loading=\\\"lazy\\\" referrerpolicy=\\\"no-referrer-when-downgrade\\\"><\\\/iframe>\"}}]},{\"type\":\"column\",\"props\":{\"image_position\":\"center-center\",\"position_sticky_breakpoint\":\"m\",\"width_medium\":\"1-3\"}}]}]}],\"version\":\"4.4.18\"} --><\/p>\n","protected":false},"excerpt":{"rendered":"<p>Caves Gourmandes 2025 R\u00e8servez votre week-end \u00e0 Cogne d\u00e9di\u00e9 \u00e0 l&rsquo;\u00e9v\u00e8nement Le forfait inclut: Passage A\/R du Tunnel du Grand Saint-Bernard pour rejoindre la Vall\u00e9e d&rsquo;Aoste\u00a0 S\u00e9jour de trois nuits en chambre double \u00e0 l&rsquo;Eco Wellness H\u00f4tel Notre Maison de Cogne Buffet de petit-d\u00e9jeuner\u00a0 Entr\u00e9e au centre de bien-\u00eatre avec son petit lac alpin Achat [&hellip;]<\/p>\n","protected":false},"author":2,"featured_media":0,"parent":2653,"menu_order":0,"comment_status":"closed","ping_status":"closed","template":"","meta":{"_seopress_robots_primary_cat":"","_seopress_titles_title":"Caves Gourmandes 2025 | Green Vall\u00e9e d'Aoste","_seopress_titles_desc":"D\u00e9couvrez l'\u00e9v\u00e8nement et s\u00e9journez \u00e0 Cogne","_seopress_robots_index":"","footnotes":""},"class_list":["post-5655","page","type-page","status-publish","hentry"],"_links":{"self":[{"href":"https:\/\/www.greenvda.com\/fr\/wp-json\/wp\/v2\/pages\/5655","targetHints":{"allow":["GET"]}}],"collection":[{"href":"https:\/\/www.greenvda.com\/fr\/wp-json\/wp\/v2\/pages"}],"about":[{"href":"https:\/\/www.greenvda.com\/fr\/wp-json\/wp\/v2\/types\/page"}],"author":[{"embeddable":true,"href":"https:\/\/www.greenvda.com\/fr\/wp-json\/wp\/v2\/users\/2"}],"replies":[{"embeddable":true,"href":"https:\/\/www.greenvda.com\/fr\/wp-json\/wp\/v2\/comments?post=5655"}],"version-history":[{"count":106,"href":"https:\/\/www.greenvda.com\/fr\/wp-json\/wp\/v2\/pages\/5655\/revisions"}],"predecessor-version":[{"id":6034,"href":"https:\/\/www.greenvda.com\/fr\/wp-json\/wp\/v2\/pages\/5655\/revisions\/6034"}],"up":[{"embeddable":true,"href":"https:\/\/www.greenvda.com\/fr\/wp-json\/wp\/v2\/pages\/2653"}],"wp:attachment":[{"href":"https:\/\/www.greenvda.com\/fr\/wp-json\/wp\/v2\/media?parent=5655"}],"curies":[{"name":"wp","href":"https:\/\/api.w.org\/{rel}","templated":true}]}}