{"id":3714,"date":"2022-02-10T13:06:14","date_gmt":"2022-02-10T12:06:14","guid":{"rendered":"https:\/\/www.greenvda.com\/dove-dormire\/"},"modified":"2025-02-02T16:03:24","modified_gmt":"2025-02-02T15:03:24","slug":"ou-dormir","status":"publish","type":"page","link":"https:\/\/www.greenvda.com\/fr\/ou-dormir\/","title":{"rendered":"Ou dormir"},"content":{"rendered":"<h1>O\u00f9 dormir<\/h1>\n<div>\n<p style=\"text-align: center;\">Solutions d&rsquo;h\u00e9bergement durable en Vall\u00e9e d&rsquo;Aoste s\u00e9lectionn\u00e9s par Green Vall\u00e9e d&rsquo;Aoste\u00a0<\/p>\n<\/p>\n<\/div>\n<div>\n<h1 style=\"text-align: left;\"><span class=\"VIiyi\" jsaction=\"mouseup:BR6jm\" jsname=\"jqKxS\" lang=\"fr\"><span jsaction=\"agoMJf:PFBcW;usxOmf:aWLT7;jhKsnd:P7O7bd,F8DmGf;Q4AGo:Gm7gYd,qAKMYb;uFUCPb:pvnm0e,pfE8Hb,PFBcW;f56efd:dJXsye;EnoYf:KNzws,ZJsZZ,JgVSJc;zdMJQc:cCQNKb,ZJsZZ,zchEXc;Ytrrj:JJDvdc;tNR8yc:GeFvjb;oFN6Ye:hij5Wb;bmeZHc:iURhpf;Oxj3Xe:qAKMYb,yaf12d\" jsname=\"txFAF\" class=\"JLqJ4b ChMk0b\" data-language-for-alternatives=\"fr\" data-language-to-translate-into=\"it\" data-phrase-index=\"0\" data-number-of-phrases=\"1\" jscontroller=\"Zl5N8\" jsdata=\"uqLsIf;_;$95\" jsmodel=\"SsMkhd\"><span jsaction=\"click:qtZ4nf,GFf3ac,tMZCfe; contextmenu:Nqw7Te,QP7LD; mouseout:Nqw7Te; mouseover:qtZ4nf,c2aHje\" jsname=\"W297wb\">Exclusivit\u00e9 et luxe<\/span><\/span><\/span><\/h1>\n<p style=\"padding-left: 80px;\">\u00c0\u00a0partir de \u20ac 220,00 par chambre\u00a0<\/p>\n<hr \/>\n<\/div>\n<ul>\n<li>\n<p><img decoding=\"async\" src=\"\/wp-content\/uploads\/2021\/08\/auCoeurDesNeiges.jpg\" alt=\"\"><\/p>\n<h2>H\u00f4tel Au Coeur de Neige ****<\/h2>\n<p>Courmayeur<\/p>\n<p><a href=\"\/fr\/au-coeur-des-neiges-luxury-chalet\/\">En savoir plus<\/a><\/p>\n<\/li>\n<li>\n<p><img decoding=\"async\" src=\"\/wp-content\/uploads\/2021\/08\/neigeDantan6.jpg\" alt=\"\"><\/p>\n<h2>H\u00f4tel Les Neiges d&rsquo;Antan****<\/h2>\n<p>Cervinia<\/p>\n<p><a href=\"\/fr\/hotel-les-neiges-dantan\/\">En savoir plus<\/a><\/p>\n<\/li>\n<\/ul>\n<div>\n<h1>4 \u00e9toiles et 3 \u00e9toiles superior de charme<\/h1>\n<p style=\"padding-left: 80px;\">\u00e0 partir de \u20ac. 140,00 par chambre<\/p>\n<hr \/>\n<\/div>\n<ul>\n<li>\n<p><img decoding=\"async\" src=\"\/wp-content\/uploads\/2021\/08\/hotelPavillon8.jpg\" alt=\"\"><\/p>\n<h2>H\u00f4tel  Pavillon****<\/h2>\n<p>Courmayeur<\/p>\n<p><a href=\"\/fr\/hotel-pavillon\/\">En savoir plus<\/a><\/p>\n<\/li>\n<li>\n<p><img decoding=\"async\" src=\"\/wp-content\/uploads\/2021\/08\/hotelSvizzero2.jpg\" alt=\"\"><\/p>\n<h2>H\u00f4tel Svizzero ****<\/h2>\n<p>Courmayeur<\/p>\n<p><a href=\"\/fr\/hotel-svizzero\/\">En savoir plus<\/a><\/p>\n<\/li>\n<li>\n<p><img decoding=\"async\" src=\"\/wp-content\/uploads\/2021\/09\/RomanticHotelJolanda.jpeg\" alt=\"\"><\/p>\n<h2>Romantic H\u00f4tel Jolanda Sport****<\/h2>\n<p>Gressoney<\/p>\n<p><a href=\"\/fr\/romantic-hotel-jolanda-sport\/\">En savoir plus<\/a><\/p>\n<\/li>\n<li>\n<p><img decoding=\"async\" src=\"\/wp-content\/uploads\/2022\/01\/57566352.jpg\" alt=\"\"><\/p>\n<h2>H\u00f4tel Duca di Aosta ****<\/h2>\n<p>Aosta<\/p>\n<p><a href=\"\/fr\/hotel-duca-daosta\/\">En savoir plus<\/a><\/p>\n<\/li>\n<li>\n<p><img decoding=\"async\" src=\"\/wp-content\/uploads\/2021\/08\/hotelAllaPosta3.jpg\" alt=\"\"><\/p>\n<h2>H\u00f4tel alla Posta****<\/h2>\n<p>Saint-Vincent<\/p>\n<p><a href=\"\/fr\/hotel-alla-posta\/\">En savoir plus<\/a><\/p>\n<\/li>\n<li>\n<p><img decoding=\"async\" src=\"\/wp-content\/uploads\/2021\/08\/ecoWellness4.jpg\" alt=\"\"><\/p>\n<h2>Eco Wellness H\u00f4tel Notre Maison***s<\/h2>\n<p>Cogne<\/p>\n<p><a href=\"\/fr\/eco-wellness-hotel-notre-maison\/\">En savoir plus<\/a><\/p>\n<\/li>\n<\/ul>\n<div>\n<h1 style=\"text-align: left;\">H\u00e9bergements familiales<\/h1>\n<p style=\"padding-left: 80px;\">\u00e0 partir de \u20ac. 70,00 par personne<\/p>\n<hr \/>\n<\/div>\n<ul>\n<li>\n<p><img decoding=\"async\" src=\"\/wp-content\/uploads\/2021\/08\/hotelCastor2.jpeg\" alt=\"\"><\/p>\n<h2>H\u00f4tel Castor***<\/h2>\n<p>Champoluc<\/p>\n<p><a href=\"\/fr\/hotel-castor\/\">En savoir plus<\/a><\/p>\n<\/li>\n<li>\n<p><img decoding=\"async\" src=\"\/wp-content\/uploads\/2021\/08\/hotelBerthod4.jpg\" alt=\"\"><\/p>\n<h2>H\u00f4tel Berthod ***<\/h2>\n<p>Courmayeur<\/p>\n<p><a href=\"\/fr\/hotel-berthod\/\">En savoir plus<\/a><\/p>\n<\/li>\n<li>\n<p><img decoding=\"async\" src=\"\/wp-content\/uploads\/2021\/08\/laBarme2.jpg\" alt=\"\"><\/p>\n<h2>H\u00f4tel La Barme***<\/h2>\n<p>Cogne<\/p>\n<p><a href=\"\/fr\/hotel-la-barme\/\">En savoir plus<\/a><\/p>\n<\/li>\n<li>\n<p><img decoding=\"async\" src=\"\/wp-content\/uploads\/2021\/09\/maisonbondaz.jpeg\" alt=\"\"><\/p>\n<h2>Maison Bondaz B&#038;B <\/h2>\n<p>Aosta<\/p>\n<p><a href=\"\/fr\/maison-bondaz\/\">En savoir plus<\/a><\/p>\n<\/li>\n<li>\n<p><img decoding=\"async\" src=\"\/wp-content\/uploads\/2022\/01\/63001.jpg\" alt=\"\"><\/p>\n<h2>H\u00f4tel Le Coeur du Pont ***<\/h2>\n<p>DONNAS<\/p>\n<p><a href=\"\/fr\/hotel-coeur-du-pont\/\">En savoir plus<\/a><\/p>\n<\/li>\n<li>\n<p><img decoding=\"async\" src=\"\/wp-content\/uploads\/2021\/08\/chateauRoyal2.jpg\" alt=\"\"><\/p>\n<h2>Residence Ch\u00e2teau Royal<\/h2>\n<p>Cogne<\/p>\n<p><a href=\"\/fr\/residence-chateau-royal\/\">En savoir plus<\/a><\/p>\n<\/li>\n<li>\n<p><img decoding=\"async\" src=\"\/wp-content\/uploads\/2022\/01\/esterno2.jpg\" alt=\"\"><\/p>\n<h2>H\u00f4tel au Soleil***<\/h2>\n<p>Saint-Vincent<\/p>\n<p><a href=\"\/fr\/hotel-au-soleil\/\">En savoir plus<\/a><\/p>\n<\/li>\n<\/ul>\n<p><!--more--><br \/>\n<!-- {\"name\":\"Post Index\",\"type\":\"layout\",\"children\":[{\"name\":\"Hero\",\"type\":\"section\",\"props\":{\"height_viewport\":false,\"image_effect\":\"parallax\",\"image_parallax_easing\":\"1\",\"image_position\":\"bottom-center\",\"image_size\":\"cover\",\"image_width\":\"2560\",\"media\":\"images\\\/press-header.jpg\",\"media_advanced\":true,\"media_background\":\"#fff\",\"media_size\":\"cover\",\"overlap\":false,\"padding\":\"large\",\"style\":\"primary\",\"title_breakpoint\":\"xl\",\"title_position\":\"top-left\",\"title_rotation\":\"left\",\"vertical_align\":\"\",\"video\":\"<iframe width=\\\"1280\\\" height=\\\"720\\\" src=\\\"https:\\\/\\\/www.youtube.com\\\/embed\\\/345bVs2GT1U\\\" title=\\\"YouTube video player\\\" frameborder=\\\"0\\\" allow=\\\"accelerometer; autoplay; clipboard-write; encrypted-media; gyroscope; picture-in-picture\\\" allowfullscreen><\\\/iframe>\",\"video_height\":\"1000\",\"video_width\":\"1000\",\"width\":\"default\"},\"children\":[{\"type\":\"row\",\"children\":[{\"type\":\"column\",\"props\":{\"image_position\":\"center-center\",\"position_sticky_breakpoint\":\"m\",\"width_medium\":\"1-1\"},\"children\":[{\"type\":\"headline\",\"props\":{\"animation\":\"none\",\"content\":\"O\\u00f9 dormir\",\"margin_remove_top\":true,\"parallax_breakpoint\":\"m\",\"parallax_y\":\"50,0\",\"text_align\":\"left\",\"title_element\":\"h1\",\"title_style\":\"heading-xlarge\"}}]}]},{\"type\":\"row\",\"children\":[{\"type\":\"column\",\"props\":{\"image_position\":\"center-center\",\"position_sticky_breakpoint\":\"m\"}}]}]},{\"type\":\"section\",\"props\":{\"image_position\":\"center-center\",\"style\":\"default\",\"title_breakpoint\":\"xl\",\"title_position\":\"top-left\",\"title_rotation\":\"left\",\"vertical_align\":\"\",\"width\":\"large\"},\"children\":[{\"type\":\"row\",\"children\":[{\"type\":\"column\",\"props\":{\"image_position\":\"center-center\",\"position_sticky_breakpoint\":\"m\"},\"children\":[{\"type\":\"text\",\"props\":{\"animation\":\"none\",\"column_breakpoint\":\"m\",\"content\":\"\n\n<p style=\\\"text-align: center;\\\">Solutions d'h\\u00e9bergement durable en Vall\\u00e9e d'Aoste s\\u00e9lectionn\\u00e9s par Green Vall\\u00e9e d'Aoste\\u00a0<\\\/p>\\n\n\n<p><\\\/p>\\n\n\n<p><\\\/p>\",\"margin\":\"\",\"parallax_breakpoint\":\"m\",\"parallax_y\":\"50,0\",\"text_align\":\"left\",\"text_color\":\"muted\",\"text_style\":\"large\"}},{\"type\":\"text\",\"props\":{\"animation\":\"none\",\"column_breakpoint\":\"m\",\"content\":\"\n\n<h1 style=\\\"text-align: left;\\\"><span class=\\\"VIiyi\\\" jsaction=\\\"mouseup:BR6jm\\\" jsname=\\\"jqKxS\\\" lang=\\\"fr\\\"><span jsaction=\\\"agoMJf:PFBcW;usxOmf:aWLT7;jhKsnd:P7O7bd,F8DmGf;Q4AGo:Gm7gYd,qAKMYb;uFUCPb:pvnm0e,pfE8Hb,PFBcW;f56efd:dJXsye;EnoYf:KNzws,ZJsZZ,JgVSJc;zdMJQc:cCQNKb,ZJsZZ,zchEXc;Ytrrj:JJDvdc;tNR8yc:GeFvjb;oFN6Ye:hij5Wb;bmeZHc:iURhpf;Oxj3Xe:qAKMYb,yaf12d\\\" jsname=\\\"txFAF\\\" class=\\\"JLqJ4b ChMk0b\\\" data-language-for-alternatives=\\\"fr\\\" data-language-to-translate-into=\\\"it\\\" data-phrase-index=\\\"0\\\" data-number-of-phrases=\\\"1\\\" jscontroller=\\\"Zl5N8\\\" jsdata=\\\"uqLsIf;_;$95\\\" jsmodel=\\\"SsMkhd\\\"><span jsaction=\\\"click:qtZ4nf,GFf3ac,tMZCfe; contextmenu:Nqw7Te,QP7LD; mouseout:Nqw7Te; mouseover:qtZ4nf,c2aHje\\\" jsname=\\\"W297wb\\\">Exclusivit\\u00e9 et luxe<\\\/span><\\\/span><\\\/span><\\\/h1>\\n\n\n<p style=\\\"padding-left: 80px;\\\">\\u00c0\\u00a0partir de \\u20ac 220,00 par chambre\\u00a0<\\\/p>\\n\n\n<hr \\\/>\\n\n\n<p><\\\/p>\",\"margin\":\"large\",\"parallax_breakpoint\":\"m\",\"parallax_y\":\"50,0\",\"text_align\":\"left\",\"text_color\":\"muted\",\"text_style\":\"large\"}},{\"type\":\"grid\",\"props\":{\"content_align\":false,\"content_column_breakpoint\":\"m\",\"content_margin\":\"remove\",\"filter_align\":\"left\",\"filter_all\":true,\"filter_grid_breakpoint\":\"m\",\"filter_grid_width\":\"auto\",\"filter_position\":\"top\",\"filter_style\":\"tab\",\"grid_column_align\":true,\"grid_column_gap\":\"medium\",\"grid_default\":\"1\",\"grid_divider\":false,\"grid_medium\":\"3\",\"grid_parallax\":\"0\",\"grid_row_align\":false,\"grid_row_gap\":\"large\",\"icon_width\":\"80\",\"image_align\":\"top\",\"image_grid_breakpoint\":\"m\",\"image_grid_width\":\"1-2\",\"image_height\":\"400\",\"image_link\":true,\"image_svg_color\":\"emphasis\",\"image_width\":\"400\",\"item_animation\":true,\"link_fullwidth\":false,\"link_margin\":\"small\",\"link_style\":\"default\",\"link_target\":false,\"link_text\":\"Scopri di pi\\u00f9\",\"margin\":\"default\",\"meta_align\":\"below-title\",\"meta_element\":\"div\",\"meta_style\":\"h5\",\"panel_padding\":\"default\",\"panel_style\":\"card-primary\",\"parallax_easing\":\"1\",\"position_left\":\"140\",\"position_top\":\"0\",\"position_z_index\":\"0\",\"show_content\":true,\"show_image\":true,\"show_link\":true,\"show_meta\":true,\"show_title\":true,\"title_align\":\"top\",\"title_element\":\"h2\",\"title_grid_breakpoint\":\"m\",\"title_grid_width\":\"1-2\",\"title_hover_style\":\"reset\",\"title_link\":true,\"title_style\":\"h3\"},\"children\":[{\"type\":\"grid_item\",\"props\":{\"content\":\"\",\"image\":\"wp-content\\\/uploads\\\/2021\\\/08\\\/auCoeurDesNeiges.jpg\",\"link\":\"fr\\\/au-coeur-des-neiges-luxury-chalet\\\/\",\"link_text\":\"En savoir plus\",\"meta\":\"Courmayeur\",\"title\":\"H\\u00f4tel Au Coeur de Neige ****\"},\"source\":{\"props\":{\"_condition\":{\"filters\":{\"condition\":\"!!\"},\"arguments\":{\"show_intro_text\":true},\"name\":\"content\"}}}},{\"type\":\"grid_item\",\"props\":{\"content\":\"\",\"image\":\"wp-content\\\/uploads\\\/2021\\\/08\\\/neigeDantan6.jpg\",\"link\":\"fr\\\/hotel-les-neiges-dantan\\\/\",\"link_text\":\"En savoir plus\",\"meta\":\"Cervinia\",\"title\":\"H\\u00f4tel Les Neiges d'Antan****\"},\"source\":{\"props\":{\"_condition\":{\"filters\":{\"condition\":\"!!\"},\"arguments\":{\"show_intro_text\":true},\"name\":\"content\"}}}}]},{\"type\":\"text\",\"props\":{\"animation\":\"none\",\"column_breakpoint\":\"m\",\"content\":\"\n\n<h1>4 \\u00e9toiles et 3 \\u00e9toiles superior de charme<\\\/h1>\\n\n\n<p style=\\\"padding-left: 80px;\\\">\\u00e0 partir de \\u20ac. 140,00 par chambre<\\\/p>\\n\n\n<hr \\\/>\\n\n\n<p><\\\/p>\",\"margin\":\"large\",\"parallax_breakpoint\":\"m\",\"parallax_y\":\"50,0\",\"text_align\":\"left\",\"text_color\":\"muted\",\"text_style\":\"large\"}},{\"type\":\"grid\",\"props\":{\"content_align\":false,\"content_column_breakpoint\":\"m\",\"content_margin\":\"remove\",\"filter_align\":\"left\",\"filter_all\":true,\"filter_grid_breakpoint\":\"m\",\"filter_grid_width\":\"auto\",\"filter_position\":\"top\",\"filter_style\":\"tab\",\"grid_column_align\":true,\"grid_column_gap\":\"medium\",\"grid_default\":\"1\",\"grid_divider\":false,\"grid_medium\":\"3\",\"grid_parallax\":\"0\",\"grid_row_align\":false,\"grid_row_gap\":\"large\",\"icon_width\":\"80\",\"image_align\":\"top\",\"image_grid_breakpoint\":\"m\",\"image_grid_width\":\"1-2\",\"image_height\":\"400\",\"image_link\":true,\"image_svg_color\":\"emphasis\",\"image_width\":\"400\",\"item_animation\":true,\"link_fullwidth\":false,\"link_margin\":\"small\",\"link_style\":\"default\",\"link_target\":false,\"link_text\":\"Scopri di pi\\u00f9\",\"margin\":\"default\",\"meta_align\":\"below-title\",\"meta_element\":\"div\",\"meta_style\":\"h5\",\"panel_padding\":\"default\",\"panel_style\":\"card-primary\",\"parallax_easing\":\"1\",\"position_left\":\"140\",\"position_top\":\"0\",\"position_z_index\":\"0\",\"show_content\":true,\"show_image\":true,\"show_link\":true,\"show_meta\":true,\"show_title\":true,\"title_align\":\"top\",\"title_element\":\"h2\",\"title_grid_breakpoint\":\"m\",\"title_grid_width\":\"1-2\",\"title_hover_style\":\"reset\",\"title_link\":true,\"title_style\":\"h3\"},\"children\":[{\"type\":\"grid_item\",\"props\":{\"content\":\"\",\"image\":\"wp-content\\\/uploads\\\/2021\\\/08\\\/hotelPavillon8.jpg\",\"link\":\"fr\\\/hotel-pavillon\\\/\",\"link_text\":\"En savoir plus\",\"meta\":\"Courmayeur\",\"title\":\"H\\u00f4tel  Pavillon****\"},\"source\":{\"props\":{\"_condition\":{\"filters\":{\"condition\":\"!!\"},\"arguments\":{\"show_intro_text\":true},\"name\":\"content\"}}}},{\"type\":\"grid_item\",\"props\":{\"content\":\"\",\"image\":\"wp-content\\\/uploads\\\/2021\\\/08\\\/hotelSvizzero2.jpg\",\"link\":\"fr\\\/hotel-svizzero\\\/\",\"link_text\":\"En savoir plus\",\"meta\":\"Courmayeur\",\"title\":\"H\\u00f4tel Svizzero ****\"},\"source\":{\"props\":{\"_condition\":{\"filters\":{\"condition\":\"!!\"},\"arguments\":{\"show_intro_text\":true},\"name\":\"content\"}}}},{\"type\":\"grid_item\",\"props\":{\"content\":\"\",\"image\":\"wp-content\\\/uploads\\\/2021\\\/09\\\/RomanticHotelJolanda.jpeg\",\"link\":\"fr\\\/romantic-hotel-jolanda-sport\\\/\",\"link_text\":\"En savoir plus\",\"meta\":\"Gressoney\",\"title\":\"Romantic H\\u00f4tel Jolanda Sport****\"},\"source\":{\"props\":{\"_condition\":{\"filters\":{\"condition\":\"!!\"},\"arguments\":{\"show_intro_text\":true},\"name\":\"content\"}}}},{\"type\":\"grid_item\",\"props\":{\"content\":\"\",\"image\":\"wp-content\\\/uploads\\\/2022\\\/01\\\/57566352.jpg\",\"link\":\"fr\\\/hotel-duca-daosta\\\/\",\"link_text\":\"En savoir plus\",\"meta\":\"Aosta\",\"title\":\"H\\u00f4tel Duca di Aosta ****\"},\"source\":{\"props\":{\"_condition\":{\"filters\":{\"condition\":\"!!\"},\"arguments\":{\"show_intro_text\":true},\"name\":\"content\"}}}},{\"type\":\"grid_item\",\"props\":{\"content\":\"\",\"image\":\"wp-content\\\/uploads\\\/2021\\\/08\\\/hotelAllaPosta3.jpg\",\"link\":\"fr\\\/hotel-alla-posta\\\/\",\"link_text\":\"En savoir plus\",\"meta\":\"Saint-Vincent\",\"title\":\"H\\u00f4tel alla Posta****\"},\"source\":{\"props\":{\"_condition\":{\"filters\":{\"condition\":\"!!\"},\"arguments\":{\"show_intro_text\":true},\"name\":\"content\"}}}},{\"type\":\"grid_item\",\"props\":{\"content\":\"\",\"image\":\"wp-content\\\/uploads\\\/2021\\\/08\\\/ecoWellness4.jpg\",\"link\":\"fr\\\/eco-wellness-hotel-notre-maison\\\/\",\"link_text\":\"En savoir plus\",\"meta\":\"Cogne\",\"title\":\"Eco Wellness H\\u00f4tel Notre Maison***s\"},\"source\":{\"props\":{\"_condition\":{\"filters\":{\"condition\":\"!!\"},\"arguments\":{\"show_intro_text\":true},\"name\":\"content\"}}}}]},{\"type\":\"text\",\"props\":{\"animation\":\"none\",\"column_breakpoint\":\"m\",\"content\":\"\n\n<h1 style=\\\"text-align: left;\\\">H\\u00e9bergements familiales<\\\/h1>\\n\n\n<p style=\\\"padding-left: 80px;\\\">\\u00e0 partir de \\u20ac. 70,00 par personne<\\\/p>\\n\n\n<hr \\\/>\\n\n\n<p><\\\/p>\",\"margin\":\"large\",\"parallax_breakpoint\":\"m\",\"parallax_y\":\"50,0\",\"text_align\":\"left\",\"text_color\":\"muted\",\"text_style\":\"large\"}},{\"type\":\"grid\",\"props\":{\"content_align\":false,\"content_column_breakpoint\":\"m\",\"content_margin\":\"remove\",\"filter_align\":\"left\",\"filter_all\":true,\"filter_grid_breakpoint\":\"m\",\"filter_grid_width\":\"auto\",\"filter_position\":\"top\",\"filter_style\":\"tab\",\"grid_column_align\":true,\"grid_column_gap\":\"medium\",\"grid_default\":\"1\",\"grid_divider\":false,\"grid_medium\":\"3\",\"grid_parallax\":\"0\",\"grid_row_align\":false,\"grid_row_gap\":\"large\",\"icon_width\":\"80\",\"image_align\":\"top\",\"image_grid_breakpoint\":\"m\",\"image_grid_width\":\"1-2\",\"image_height\":\"400\",\"image_link\":true,\"image_svg_color\":\"emphasis\",\"image_width\":\"400\",\"item_animation\":true,\"link_fullwidth\":false,\"link_margin\":\"small\",\"link_style\":\"default\",\"link_target\":false,\"link_text\":\"Scopri di pi\\u00f9\",\"margin\":\"default\",\"meta_align\":\"below-title\",\"meta_element\":\"div\",\"meta_style\":\"h5\",\"panel_padding\":\"default\",\"panel_style\":\"card-primary\",\"parallax_easing\":\"1\",\"position_left\":\"140\",\"position_top\":\"0\",\"position_z_index\":\"0\",\"show_content\":true,\"show_image\":true,\"show_link\":true,\"show_meta\":true,\"show_title\":true,\"title_align\":\"top\",\"title_element\":\"h2\",\"title_grid_breakpoint\":\"m\",\"title_grid_width\":\"1-2\",\"title_hover_style\":\"reset\",\"title_link\":true,\"title_style\":\"h3\"},\"children\":[{\"type\":\"grid_item\",\"props\":{\"content\":\"\",\"image\":\"wp-content\\\/uploads\\\/2021\\\/08\\\/hotelCastor2.jpeg\",\"link\":\"fr\\\/hotel-castor\\\/\",\"link_text\":\"En savoir plus\",\"meta\":\"Champoluc\",\"title\":\"H\\u00f4tel Castor***\"},\"source\":{\"props\":{\"_condition\":{\"filters\":{\"condition\":\"!!\"},\"arguments\":{\"show_intro_text\":true},\"name\":\"content\"}}}},{\"type\":\"grid_item\",\"props\":{\"content\":\"\",\"image\":\"wp-content\\\/uploads\\\/2021\\\/08\\\/hotelBerthod4.jpg\",\"link\":\"fr\\\/hotel-berthod\\\/\",\"link_text\":\"En savoir plus\",\"meta\":\"Courmayeur\",\"title\":\"H\\u00f4tel Berthod ***\"},\"source\":{\"props\":{\"_condition\":{\"filters\":{\"condition\":\"!!\"},\"arguments\":{\"show_intro_text\":true},\"name\":\"content\"}}}},{\"type\":\"grid_item\",\"props\":{\"content\":\"\",\"image\":\"wp-content\\\/uploads\\\/2021\\\/08\\\/laBarme2.jpg\",\"link\":\"fr\\\/hotel-la-barme\\\/\",\"link_text\":\"En savoir plus\",\"meta\":\"Cogne\",\"title\":\"H\\u00f4tel La Barme***\"},\"source\":{\"props\":{\"_condition\":{\"filters\":{\"condition\":\"!!\"},\"arguments\":{\"show_intro_text\":true},\"name\":\"content\"}}}},{\"type\":\"grid_item\",\"props\":{\"content\":\"\",\"image\":\"wp-content\\\/uploads\\\/2021\\\/09\\\/maisonbondaz.jpeg\",\"link\":\"fr\\\/maison-bondaz\\\/\",\"link_text\":\"En savoir plus\",\"meta\":\"Aosta\",\"title\":\"Maison Bondaz B&B \"},\"source\":{\"props\":{\"_condition\":{\"filters\":{\"condition\":\"!!\"},\"arguments\":{\"show_intro_text\":true},\"name\":\"content\"}}}},{\"type\":\"grid_item\",\"props\":{\"content\":\"\",\"image\":\"wp-content\\\/uploads\\\/2022\\\/01\\\/63001.jpg\",\"link\":\"fr\\\/hotel-coeur-du-pont\\\/\",\"link_text\":\"En savoir plus\",\"meta\":\"DONNAS\",\"title\":\"H\\u00f4tel Le Coeur du Pont ***\"}},{\"type\":\"grid_item\",\"props\":{\"content\":\"\",\"image\":\"wp-content\\\/uploads\\\/2021\\\/08\\\/chateauRoyal2.jpg\",\"link\":\"fr\\\/residence-chateau-royal\\\/\",\"link_text\":\"En savoir plus\",\"meta\":\"Cogne\",\"title\":\"Residence Ch\\u00e2teau Royal\"},\"source\":{\"props\":{\"_condition\":{\"filters\":{\"condition\":\"!!\"},\"arguments\":{\"show_intro_text\":true},\"name\":\"content\"}}}},{\"type\":\"grid_item\",\"props\":{\"content\":\"\",\"image\":\"wp-content\\\/uploads\\\/2022\\\/01\\\/esterno2.jpg\",\"link\":\"fr\\\/hotel-au-soleil\\\/\",\"link_text\":\"En savoir plus\",\"meta\":\"Saint-Vincent\",\"title\":\"H\\u00f4tel au Soleil***\"},\"source\":{\"props\":{\"_condition\":{\"filters\":{\"condition\":\"!!\"},\"arguments\":{\"show_intro_text\":true},\"name\":\"content\"}}}}]}]}]}],\"name\":\"Posts\"}],\"version\":\"4.4.18\"} --><\/p>\n","protected":false},"excerpt":{"rendered":"<p>O\u00f9 dormir Solutions d&rsquo;h\u00e9bergement durable en Vall\u00e9e d&rsquo;Aoste s\u00e9lectionn\u00e9s par Green Vall\u00e9e d&rsquo;Aoste\u00a0 Exclusivit\u00e9 et luxe \u00c0\u00a0partir de \u20ac 220,00 par chambre\u00a0 H\u00f4tel Au Coeur de Neige **** Courmayeur En savoir plus H\u00f4tel Les Neiges d&rsquo;Antan**** Cervinia En savoir plus 4 \u00e9toiles et 3 \u00e9toiles superior de charme \u00e0 partir de \u20ac. 140,00 par chambre [&hellip;]<\/p>\n","protected":false},"author":2,"featured_media":0,"parent":0,"menu_order":0,"comment_status":"closed","ping_status":"closed","template":"","meta":{"saved_in_kubio":false,"_seopress_robots_primary_cat":"","_seopress_titles_title":"Dove dormire | Green Experience Vall\u00e9e d'Aoste","_seopress_titles_desc":"In questa sezione potrete scoprire l'elenco delle strutture della Valle d'Aosta selezionate da Green Vall\u00e9e d'Aoste in cui poter soggiornare. Clicca qui per vederle tutte!","_seopress_robots_index":"","footnotes":""},"class_list":["post-3714","page","type-page","status-publish","hentry"],"kubio_ai_page_context":{"short_desc":"","purpose":"general"},"_links":{"self":[{"href":"https:\/\/www.greenvda.com\/fr\/wp-json\/wp\/v2\/pages\/3714","targetHints":{"allow":["GET"]}}],"collection":[{"href":"https:\/\/www.greenvda.com\/fr\/wp-json\/wp\/v2\/pages"}],"about":[{"href":"https:\/\/www.greenvda.com\/fr\/wp-json\/wp\/v2\/types\/page"}],"author":[{"embeddable":true,"href":"https:\/\/www.greenvda.com\/fr\/wp-json\/wp\/v2\/users\/2"}],"replies":[{"embeddable":true,"href":"https:\/\/www.greenvda.com\/fr\/wp-json\/wp\/v2\/comments?post=3714"}],"version-history":[{"count":17,"href":"https:\/\/www.greenvda.com\/fr\/wp-json\/wp\/v2\/pages\/3714\/revisions"}],"predecessor-version":[{"id":5369,"href":"https:\/\/www.greenvda.com\/fr\/wp-json\/wp\/v2\/pages\/3714\/revisions\/5369"}],"wp:attachment":[{"href":"https:\/\/www.greenvda.com\/fr\/wp-json\/wp\/v2\/media?parent=3714"}],"curies":[{"name":"wp","href":"https:\/\/api.w.org\/{rel}","templated":true}]}}