{"id":3696,"date":"2021-08-27T21:16:47","date_gmt":"2021-08-27T19:16:47","guid":{"rendered":"https:\/\/www.greenvda.com\/restaurants-ou-manger-local\/lou-ressignon\/"},"modified":"2022-03-25T14:58:02","modified_gmt":"2022-03-25T13:58:02","slug":"lou-ressignon","status":"publish","type":"page","link":"https:\/\/www.greenvda.com\/fr\/restaurants-ou-manger-local\/lou-ressignon\/","title":{"rendered":"Lou Ressignon"},"content":{"rendered":"<p><img decoding=\"async\" src=\"\/wp-content\/uploads\/2021\/08\/LpouRessignon4.jpg\" alt=\"\"><\/p>\n<div>\n<h1>Lou Ressignon<\/h1>\n<p>Lou Ressignon  Rue des Mines, 22,  11012 Cogne  AOSTA<\/p>\n<div>\n<div class=\"uk-divider-small uk-margin-medium-top uk-margin-medium-bottom\"><\/div>\n<p>Fond\u00e9 en 1966 par son propri\u00e9taire historique Arturo Allera, le restaurant Lou Ressignon \u00e0 Cogne est devenu l&rsquo;un des restaurants les plus renomm\u00e9s de toute la Vall\u00e9e d&rsquo;Aoste. Moniteur de ski et \u00e9b\u00e9niste restaurateur, Arturo a eu l&rsquo;id\u00e9e de cr\u00e9er un lieu pour se retrouver, \u00eatre ensemble, manger, discuter et s&rsquo;amuser selon une formule tr\u00e8s originale \u00e0 l&rsquo;\u00e9poque. Il a meubl\u00e9 le local avec des meubles qu&rsquo;il a fait restaurer et l&rsquo;a appell\u00e9 Lou Ressignon qui en patois, le dialecte local, signifie le go\u00fbter de la nuit. Le succ\u00e8s fut imm\u00e9diat\u00a0 gr\u00e2ce\u00a0 aussi \u00e0 sa proposition de plats traditionnels pr\u00e9par\u00e9s avec soin, de bon vin et de musique.<\/p>\n<p>Aujourd&rsquo;hui, \u00e0\u00a0 vous acceuillir, vous trouverez\u00a0 ses enfants Elisabetta et Davide, qui ont h\u00e9rit\u00e9 de leur p\u00e8re la passion pour ce m\u00e9tier et l&rsquo;art de recevoir.<\/p>\n<p>En cuisine, il y a Davide, un chef sensible, attentif au territoire et \u00e0 ses mati\u00e8res premi\u00e8res. Sa cuisine t\u00e9moigne de l&rsquo;attachement \u00e0 la culture gastronomique vald\u00f4taine, rehaussant les saveurs et les ar\u00f4mes avec cette touche personnelle qui les rend uniques.<\/p>\n<p>En salle, Elisabetta s&rsquo;occupe de l&rsquo;accueil et notamment des vins, flanqu\u00e9e d&rsquo;Aurora, la femme de Davide.<\/p>\n<h3 dir=\"ltr\">Menu degustation<\/h3>\n<p dir=\"ltr\">Menu \u00e0 4 plats &gt; 55\u20ac par personne<br \/>Menu \u00e0 3 plats &gt; 35\u20ac par personne<\/p>\n<h3 dir=\"ltr\">TripAdvisor<\/h3>\n<p dir=\"ltr\" class=\"CDt4Ke zfr3Q\"><span>4<\/span><span>,5 \/ 5.0 sur 1216 avis<\/span><\/p>\n<p dir=\"ltr\" class=\"CDt4Ke zfr3Q\"><span>NOTES<\/span><\/p>\n<p dir=\"ltr\" class=\"CDt4Ke zfr3Q\"><span>Cuisine 4,5 \/ 5.0<br \/><\/span><span>Service 4,5 \/ 5.0<br \/><\/span>Qualit\u00e9\/prix 5.0 \/ 5.0<br \/><span>Ambiance 4.5 \/ 5.0 <\/span><\/p>\n<\/div>\n<\/div>\n<ul>\n<li>\n<p>        <img decoding=\"async\" src=\"\/wp-content\/uploads\/2021\/08\/LpouRessignon2.jpg\" alt=\"\"><\/p>\n<\/li>\n<li>\n<p>        <img decoding=\"async\" src=\"\/wp-content\/uploads\/2021\/08\/LpouRessignon3.jpg\" alt=\"\"><\/p>\n<\/li>\n<li>\n<p>        <img decoding=\"async\" src=\"\/wp-content\/uploads\/2021\/08\/LpouRessignon5.png\" alt=\"\"><\/p>\n<\/li>\n<li>\n<p>        <img decoding=\"async\" src=\"\/wp-content\/uploads\/2021\/08\/LpouRessignon7.jpg\" alt=\"\"><\/p>\n<\/li>\n<li>\n<p>        <img decoding=\"async\" src=\"\/wp-content\/uploads\/2021\/08\/LpouRessignon6.jpg\" alt=\"\"><\/p>\n<\/li>\n<li>\n<p>        <img decoding=\"async\" src=\"\/wp-content\/uploads\/2021\/08\/LpouRessignon8.jpg\" alt=\"\"><\/p>\n<\/li>\n<li>\n<p>        <img decoding=\"async\" src=\"\/wp-content\/uploads\/2021\/08\/LpouRessignon9.jpg\" alt=\"\"><\/p>\n<\/li>\n<li>\n<p>        <img decoding=\"async\" src=\"\/wp-content\/uploads\/2021\/08\/LpouRessignon11.jpg\" alt=\"\"><\/p>\n<\/li>\n<li>\n<p>        <img decoding=\"async\" src=\"\/wp-content\/uploads\/2021\/08\/LpouRessignon12.jpg\" alt=\"\"><\/p>\n<\/li>\n<\/ul>\n<p><!--more--><br \/>\n<!-- {\"name\":\"Trans Alps Adventure\",\"type\":\"layout\",\"children\":[{\"name\":\"Hero\",\"type\":\"section\",\"props\":{\"style\":\"primary\",\"width\":\"large\",\"vertical_align\":\"\",\"title_position\":\"top-left\",\"title_rotation\":\"left\",\"title_breakpoint\":\"xl\",\"image_position\":\"top-center\",\"height\":\"percent\",\"padding\":\"large\",\"image\":\"wp-content\\\/uploads\\\/2021\\\/08\\\/LpouRessignon.jpg\",\"text_color\":\"light\",\"image_size\":\"cover\",\"image_effect\":\"parallax\",\"image_width\":\"2560\",\"overlap\":false,\"image_parallax_breakpoint\":\"m\",\"image_parallax_bgy_start\":\"-200\"},\"children\":[{\"name\":\"\",\"type\":\"row\",\"children\":[{\"name\":\"\",\"type\":\"column\",\"props\":{\"image_position\":\"center-center\",\"media_overlay_gradient\":\"\",\"width_medium\":\"1-1\"},\"children\":[]}]}]},{\"name\":\"About\",\"type\":\"section\",\"props\":{\"style\":\"default\",\"width\":\"xlarge\",\"vertical_align\":\"middle\",\"title_position\":\"center-right\",\"title_rotation\":\"left\",\"title_breakpoint\":\"xl\",\"image_position\":\"center-center\",\"padding\":\"none\",\"overlap\":false,\"title\":\"\",\"padding_remove_bottom\":false,\"padding_remove_top\":false},\"children\":[{\"name\":\"\",\"type\":\"row\",\"props\":{\"layout\":\"1-2,1-2\",\"match\":true,\"column_gap\":\"collapse\",\"row_gap\":\"collapse\"},\"children\":[{\"name\":\"\",\"type\":\"column\",\"props\":{\"image_position\":\"center-center\",\"vertical_align\":\"middle\",\"media_overlay_gradient\":\"\",\"width_medium\":\"1-2\"},\"children\":[{\"name\":\"\",\"type\":\"image\",\"props\":{\"margin\":\"default\",\"text_align\":\"right\",\"maxwidth\":\"xlarge\",\"animation\":\"parallax\",\"image\":\"wp-content\\\/uploads\\\/2021\\\/08\\\/LpouRessignon4.jpg\",\"image_width\":\"600\",\"parallax_breakpoint\":\"m\",\"parallax_y_end\":\"-240\",\"parallax_y_start\":\"-100\",\"image_box_decoration\":\"default\",\"block_align\":\"right\",\"image_svg_color\":\"emphasis\",\"image_height\":\"700\"}}]},{\"name\":\"\",\"type\":\"column\",\"props\":{\"image_position\":\"center-center\",\"media_overlay_gradient\":\"\",\"width_medium\":\"1-2\"},\"children\":[{\"name\":\"\",\"type\":\"panel\",\"props\":{\"link_text\":\"Tariffe e galleria fotografica\",\"title_element\":\"h1\",\"meta_style\":\"meta\",\"meta_align\":\"below-title\",\"image_align\":\"top\",\"image_grid_width\":\"1-2\",\"link_style\":\"primary\",\"margin\":\"\",\"panel_style\":\"card-default\",\"panel_size\":\"large\",\"title_style\":\"h1\",\"text_align\":\"left\",\"maxwidth\":\"xlarge\",\"maxwidth_breakpoint\":\"l\",\"animation\":\"parallax\",\"title\":\"Lou Ressignon\",\"content\":\"\n\n<div class=\\\"uk-divider-small uk-margin-medium-top uk-margin-medium-bottom\\\"><\\\/div>\\n\n\n<p>Fond\\u00e9 en 1966 par son propri\\u00e9taire historique Arturo Allera, le restaurant Lou Ressignon \\u00e0 Cogne est devenu l'un des restaurants les plus renomm\\u00e9s de toute la Vall\\u00e9e d'Aoste. Moniteur de ski et \\u00e9b\\u00e9niste restaurateur, Arturo a eu l'id\\u00e9e de cr\\u00e9er un lieu pour se retrouver, \\u00eatre ensemble, manger, discuter et s'amuser selon une formule tr\\u00e8s originale \\u00e0 l'\\u00e9poque. Il a meubl\\u00e9 le local avec des meubles qu'il a fait restaurer et l'a appell\\u00e9 Lou Ressignon qui en patois, le dialecte local, signifie le go\\u00fbter de la nuit. Le succ\\u00e8s fut imm\\u00e9diat\\u00a0 gr\\u00e2ce\\u00a0 aussi \\u00e0 sa proposition de plats traditionnels pr\\u00e9par\\u00e9s avec soin, de bon vin et de musique.<\\\/p>\\n\n\n<p>Aujourd'hui, \\u00e0\\u00a0 vous acceuillir, vous trouverez\\u00a0 ses enfants Elisabetta et Davide, qui ont h\\u00e9rit\\u00e9 de leur p\\u00e8re la passion pour ce m\\u00e9tier et l'art de recevoir.<\\\/p>\\n\n\n<p>En cuisine, il y a Davide, un chef sensible, attentif au territoire et \\u00e0 ses mati\\u00e8res premi\\u00e8res. Sa cuisine t\\u00e9moigne de l'attachement \\u00e0 la culture gastronomique vald\\u00f4taine, rehaussant les saveurs et les ar\\u00f4mes avec cette touche personnelle qui les rend uniques.<\\\/p>\\n\n\n<p>En salle, Elisabetta s'occupe de l'accueil et notamment des vins, flanqu\\u00e9e d'Aurora, la femme de Davide.<\\\/p>\\n\n\n<h3 dir=\\\"ltr\\\">Menu degustation<\\\/h3>\\n\n\n<p dir=\\\"ltr\\\">Menu \\u00e0 4 plats &gt; 55\\u20ac par personne<br \\\/>Menu \\u00e0 3 plats &gt; 35\\u20ac par personne<\\\/p>\\n\n\n<h3 dir=\\\"ltr\\\">TripAdvisor<\\\/h3>\\n\n\n<p dir=\\\"ltr\\\" class=\\\"CDt4Ke zfr3Q\\\"><span>4<\\\/span><span>,5 \\\/ 5.0 sur 1216 avis<\\\/span><\\\/p>\\n\n\n<p dir=\\\"ltr\\\" class=\\\"CDt4Ke zfr3Q\\\"><span>NOTES<\\\/span><\\\/p>\\n\n\n<p dir=\\\"ltr\\\" class=\\\"CDt4Ke zfr3Q\\\"><span>Cuisine 4,5 \\\/ 5.0<br \\\/><\\\/span><span>Service 4,5 \\\/ 5.0<br \\\/><\\\/span>Qualit\\u00e9\\\/prix 5.0 \\\/ 5.0<br \\\/><span>Ambiance 4.5 \\\/ 5.0 <\\\/span><\\\/p>\",\"parallax_breakpoint\":\"m\",\"parallax_y_start\":\"-200\",\"title_hover_style\":\"reset\",\"title_align\":\"top\",\"title_grid_width\":\"1-2\",\"image_svg_color\":\"emphasis\",\"position\":\"relative\",\"position_left\":\"-50\",\"css\":\"@media (max-width: 959px) {\\n    .el-element { position: static !important; }\\n}\",\"title_grid_breakpoint\":\"m\",\"image_grid_breakpoint\":\"m\",\"icon_width\":80,\"meta_element\":\"div\",\"content_column_breakpoint\":\"m\",\"link\":\"\",\"link_target\":true,\"meta\":\"Lou Ressignon  Rue des Mines, 22,  11012 Cogne  AOSTA\"}}]}]}]},{\"type\":\"section\",\"props\":{\"style\":\"default\",\"width\":\"default\",\"vertical_align\":\"middle\",\"title_position\":\"top-left\",\"title_rotation\":\"left\",\"title_breakpoint\":\"xl\",\"image_position\":\"center-center\"},\"children\":[{\"type\":\"row\",\"children\":[{\"type\":\"column\",\"props\":{\"image_position\":\"center-center\",\"media_overlay_gradient\":\"\"},\"children\":[{\"type\":\"gallery\",\"props\":{\"show_title\":true,\"show_meta\":true,\"show_content\":true,\"show_link\":true,\"show_hover_image\":true,\"grid_default\":\"1\",\"grid_medium\":\"4\",\"filter_style\":\"tab\",\"filter_all\":true,\"filter_position\":\"top\",\"filter_align\":\"left\",\"filter_grid_width\":\"auto\",\"filter_grid_breakpoint\":\"m\",\"overlay_mode\":\"cover\",\"overlay_hover\":true,\"overlay_style\":\"\",\"text_color\":\"light\",\"overlay_position\":\"center\",\"overlay_transition\":\"fade\",\"title_hover_style\":\"reset\",\"title_element\":\"h3\",\"meta_style\":\"meta\",\"meta_align\":\"below-title\",\"meta_element\":\"div\",\"link_text\":\"Fai click\",\"link_style\":\"\",\"text_align\":\"center\",\"margin\":\"default\",\"item_animation\":true,\"lightbox\":true,\"title_display\":\"lightbox\",\"content_display\":\"lightbox\",\"lightbox_image_orientation\":false,\"lightbox_image_width\":\"\",\"lightbox_image_height\":\"\",\"image_width\":\"400\",\"image_height\":\"400\"},\"children\":[{\"type\":\"gallery_item\",\"props\":{\"image\":\"wp-content\\\/uploads\\\/2021\\\/08\\\/LpouRessignon2.jpg\"}},{\"type\":\"gallery_item\",\"props\":{\"image\":\"wp-content\\\/uploads\\\/2021\\\/08\\\/LpouRessignon3.jpg\"}},{\"type\":\"gallery_item\",\"props\":{\"image\":\"wp-content\\\/uploads\\\/2021\\\/08\\\/LpouRessignon5.png\"}},{\"type\":\"gallery_item\",\"props\":{\"image\":\"wp-content\\\/uploads\\\/2021\\\/08\\\/LpouRessignon7.jpg\"}},{\"type\":\"gallery_item\",\"props\":{\"image\":\"wp-content\\\/uploads\\\/2021\\\/08\\\/LpouRessignon6.jpg\"}},{\"type\":\"gallery_item\",\"props\":{\"image\":\"wp-content\\\/uploads\\\/2021\\\/08\\\/LpouRessignon8.jpg\"}},{\"type\":\"gallery_item\",\"props\":{\"image\":\"wp-content\\\/uploads\\\/2021\\\/08\\\/LpouRessignon9.jpg\"}},{\"type\":\"gallery_item\",\"props\":{\"image\":\"wp-content\\\/uploads\\\/2021\\\/08\\\/LpouRessignon11.jpg\"}},{\"type\":\"gallery_item\",\"props\":{\"image\":\"wp-content\\\/uploads\\\/2021\\\/08\\\/LpouRessignon12.jpg\"}}]}]}]}]}],\"version\":\"2.5.9\"} --><\/p>\n","protected":false},"excerpt":{"rendered":"<p>Lou Ressignon Lou Ressignon Rue des Mines, 22, 11012 Cogne AOSTA Fond\u00e9 en 1966 par son propri\u00e9taire historique Arturo Allera, le restaurant Lou Ressignon \u00e0 Cogne est devenu l&rsquo;un des restaurants les plus renomm\u00e9s de toute la Vall\u00e9e d&rsquo;Aoste. Moniteur de ski et \u00e9b\u00e9niste restaurateur, Arturo a eu l&rsquo;id\u00e9e de cr\u00e9er un lieu pour se [&hellip;]<\/p>\n","protected":false},"author":1,"featured_media":0,"parent":2617,"menu_order":0,"comment_status":"closed","ping_status":"closed","template":"","meta":{"_seopress_robots_primary_cat":"","_seopress_titles_title":"Lou Ressignon | Green Experience Vall\u00e9e d&#039;Aoste","_seopress_titles_desc":"Nato nel 1966 su iniziativa dello storico proprietario Arturo Allera, il ristorante Lou Ressignon \u00e8 diventato uno dei ristoranti pi\u00f9 rinomati dell\u2019intera Valle d\u2019Aosta.","_seopress_robots_index":"","footnotes":""},"class_list":["post-3696","page","type-page","status-publish","hentry"],"_links":{"self":[{"href":"https:\/\/www.greenvda.com\/fr\/wp-json\/wp\/v2\/pages\/3696","targetHints":{"allow":["GET"]}}],"collection":[{"href":"https:\/\/www.greenvda.com\/fr\/wp-json\/wp\/v2\/pages"}],"about":[{"href":"https:\/\/www.greenvda.com\/fr\/wp-json\/wp\/v2\/types\/page"}],"author":[{"embeddable":true,"href":"https:\/\/www.greenvda.com\/fr\/wp-json\/wp\/v2\/users\/1"}],"replies":[{"embeddable":true,"href":"https:\/\/www.greenvda.com\/fr\/wp-json\/wp\/v2\/comments?post=3696"}],"version-history":[{"count":2,"href":"https:\/\/www.greenvda.com\/fr\/wp-json\/wp\/v2\/pages\/3696\/revisions"}],"predecessor-version":[{"id":3885,"href":"https:\/\/www.greenvda.com\/fr\/wp-json\/wp\/v2\/pages\/3696\/revisions\/3885"}],"up":[{"embeddable":true,"href":"https:\/\/www.greenvda.com\/fr\/wp-json\/wp\/v2\/pages\/2617"}],"wp:attachment":[{"href":"https:\/\/www.greenvda.com\/fr\/wp-json\/wp\/v2\/media?parent=3696"}],"curies":[{"name":"wp","href":"https:\/\/api.w.org\/{rel}","templated":true}]}}