{"id":3690,"date":"2021-08-25T16:26:30","date_gmt":"2021-08-25T14:26:30","guid":{"rendered":"https:\/\/www.greenvda.com\/romantic-hotel-jolanda-sport\/"},"modified":"2022-03-06T14:13:04","modified_gmt":"2022-03-06T13:13:04","slug":"romantic-hotel-jolanda-sport","status":"publish","type":"page","link":"https:\/\/www.greenvda.com\/fr\/romantic-hotel-jolanda-sport\/","title":{"rendered":"Romantic Hotel Jolanda Sport"},"content":{"rendered":"<p><img decoding=\"async\" src=\"\/wp-content\/uploads\/2021\/08\/romanticHotel.jpg\" alt=\"\"><\/p>\n<div>\n<h1>Romantic H\u00f4tel Jolanda Sport<br \/>****<\/h1>\n<p>Loc. Edelboden sup 31, 11020 Gressoney La Trinit\u00e9<\/p>\n<div>\n<div class=\"uk-divider-small uk-margin-medium-top uk-margin-medium-bottom\"><\/div>\n<p>Website: <a href=\"http:\/\/www.hoteljolandasport.com\">www.hoteljolandasport.com<\/a><br \/>T\u00e9l\u00e9phonne: +39<span>0125366140<\/span><br \/>Mail: info@hoteljolandasport.com<\/p>\n<p><a href=\"http:\/\/www.facebook.com\/RomantikHotelJolandaSport\" target=\"_blank\" rel=\"noopener\">www.facebook.com\/RomantikHotelJolandaSport<\/a><\/p>\n<p><strong>Advis<\/strong><br \/>9.4 Booking <br \/>5.0 \/ 488 Tripadvsor <br \/>9.2 \/ 79 Trivago <\/p>\n<p><b>Chambres<\/b><br \/>12 comfort <br \/>5 romantic <br \/>6 romantic superior <br \/>2 minisuite (max 4 personnes) <br \/>3 mansarde <br \/>4 family (max 6 personnes)<\/p>\n<p><strong>Services<\/strong><\/p>\n<p>Enfants + de 6 ans admis en \u00e9t\u00e9<br \/>Restaurant OUI<br \/>Spa OUI<br \/>Salle conf\u00e9rence 30 personnes<br \/>Chien admis seulement en \u00e9t\u00e9 \u00e0 10\u20ac par nuit<\/p>\n<p><strong>Green<\/strong> <br \/>E-car \u00e0 l&rsquo; h\u00f4tel<br \/>E-car \u00e0 l&rsquo;a\u00e9roport\u00a0 de Turin<br \/>Panneaux solaires<br \/>Energie\u00a0 \u00e9lectrique certifi\u00e9e<br \/>Rechauffement \u00e0 Biomasse<br \/>Politique verte de lessive<br \/>Sans plastique\u00a0<\/p>\n<\/div>\n<p><a href=\"https:\/\/reservations-dms.verticalbooking.com\/risultati_albergo.htm?id_stile=184&#038;aff_id=193&#038;aff_code=AlpineGreenExperienc&#038;id_canale=1053&#038;numero_camere=1&#038;numero_adulti=2&#038;id_albergo=372&#038;lingua_utilizzata=ita\">Tarifs et galerie photo<\/a><\/p>\n<\/div>\n<ul>\n<li>\n<p>        <img decoding=\"async\" src=\"\/wp-content\/uploads\/2021\/08\/romanticHotel3.jpg\" alt=\"\"><\/p>\n<\/li>\n<li>\n<p>        <img decoding=\"async\" src=\"\/wp-content\/uploads\/2021\/08\/romanticHotel4.jpg\" alt=\"\"><\/p>\n<\/li>\n<li>\n<p>        <img decoding=\"async\" src=\"\/wp-content\/uploads\/2021\/08\/romanticHotel5.jpg\" alt=\"\"><\/p>\n<\/li>\n<li>\n<p>        <img decoding=\"async\" src=\"\/wp-content\/uploads\/2021\/08\/romanticHotel6.jpg\" alt=\"\"><\/p>\n<\/li>\n<li>\n<p>        <img decoding=\"async\" src=\"\/wp-content\/uploads\/2021\/08\/romanticHotel7.jpg\" alt=\"\"><\/p>\n<\/li>\n<li>\n<p>        <img decoding=\"async\" src=\"\/wp-content\/uploads\/2021\/08\/romanticHotel8.jpg\" alt=\"\"><\/p>\n<\/li>\n<li>\n<p>        <img decoding=\"async\" src=\"\/wp-content\/uploads\/2021\/08\/romanticHotel9.jpg\" alt=\"\"><\/p>\n<\/li>\n<li>\n<p>        <img decoding=\"async\" src=\"\/wp-content\/uploads\/2021\/08\/romanticHotel10.jpg\" alt=\"\"><\/p>\n<\/li>\n<\/ul>\n<div>O\u00f9 on est<\/div>\n<div>\n<p>    <iframe src=\"https:\/\/www.google.com\/maps\/embed?pb=!1m18!1m12!1m3!1d2779.9838600453177!2d7.820948315879338!3d45.831605379107195!2m3!1f0!2f0!3f0!3m2!1i1024!2i768!4f13.1!3m3!1m2!1s0x4788b12934e18a31%3A0x998f35b53d5de052!2sRomantic%20Hotel%20Jolanda%20Sport!5e0!3m2!1sit!2sus!4v1629902405073!5m2!1sit!2sus\" width=\"100%\" height=\"450\" style=\"border:0;\" allowfullscreen=\"\" loading=\"lazy\"><\/iframe>\n<\/div>\n<p><!--more--><br \/>\n<!-- {\"name\":\"Trans Alps Adventure\",\"type\":\"layout\",\"children\":[{\"name\":\"Hero\",\"type\":\"section\",\"props\":{\"style\":\"primary\",\"width\":\"large\",\"vertical_align\":\"\",\"title_position\":\"top-left\",\"title_rotation\":\"left\",\"title_breakpoint\":\"xl\",\"image_position\":\"top-center\",\"height\":\"percent\",\"padding\":\"large\",\"image\":\"wp-content\\\/uploads\\\/2021\\\/08\\\/romanticHotel2.jpg\",\"text_color\":\"light\",\"image_size\":\"cover\",\"image_effect\":\"parallax\",\"image_width\":\"2560\",\"overlap\":false,\"image_parallax_breakpoint\":\"m\",\"image_parallax_bgy_start\":\"-200\"},\"children\":[{\"name\":\"\",\"type\":\"row\",\"children\":[{\"name\":\"\",\"type\":\"column\",\"props\":{\"image_position\":\"center-center\",\"media_overlay_gradient\":\"\",\"width_medium\":\"1-1\"},\"children\":[]}]}]},{\"name\":\"About\",\"type\":\"section\",\"props\":{\"style\":\"default\",\"width\":\"xlarge\",\"vertical_align\":\"middle\",\"title_position\":\"center-right\",\"title_rotation\":\"left\",\"title_breakpoint\":\"xl\",\"image_position\":\"center-center\",\"padding\":\"none\",\"overlap\":false,\"title\":\"\",\"padding_remove_bottom\":false,\"padding_remove_top\":false},\"children\":[{\"name\":\"\",\"type\":\"row\",\"props\":{\"layout\":\"1-2,1-2\",\"match\":true,\"column_gap\":\"collapse\",\"row_gap\":\"collapse\"},\"children\":[{\"name\":\"\",\"type\":\"column\",\"props\":{\"image_position\":\"center-center\",\"vertical_align\":\"middle\",\"media_overlay_gradient\":\"\",\"width_medium\":\"1-2\"},\"children\":[{\"name\":\"\",\"type\":\"image\",\"props\":{\"margin\":\"default\",\"text_align\":\"right\",\"maxwidth\":\"xlarge\",\"animation\":\"parallax\",\"image\":\"wp-content\\\/uploads\\\/2021\\\/08\\\/romanticHotel.jpg\",\"image_width\":\"600\",\"parallax_breakpoint\":\"m\",\"parallax_y_end\":\"-240\",\"parallax_y_start\":\"-100\",\"image_box_decoration\":\"default\",\"block_align\":\"right\",\"image_svg_color\":\"emphasis\",\"image_height\":\"700\"}}]},{\"name\":\"\",\"type\":\"column\",\"props\":{\"image_position\":\"center-center\",\"media_overlay_gradient\":\"\",\"width_medium\":\"1-2\"},\"children\":[{\"name\":\"\",\"type\":\"panel\",\"props\":{\"link_text\":\"Tarifs et galerie photo\",\"title_element\":\"h1\",\"meta_style\":\"meta\",\"meta_align\":\"below-title\",\"image_align\":\"top\",\"image_grid_width\":\"1-2\",\"link_style\":\"primary\",\"margin\":\"\",\"panel_style\":\"card-default\",\"panel_size\":\"large\",\"title_style\":\"h1\",\"text_align\":\"left\",\"maxwidth\":\"xlarge\",\"maxwidth_breakpoint\":\"l\",\"animation\":\"parallax\",\"title\":\"Romantic H\\u00f4tel Jolanda Sport<br \/>****\",\"content\":\"\n\n<div class=\\\"uk-divider-small uk-margin-medium-top uk-margin-medium-bottom\\\"><\\\/div>\\n\n\n<p>Website: <a href=\\\"http:\\\/\\\/www.hoteljolandasport.com\\\">www.hoteljolandasport.com<\\\/a><br \\\/>T\\u00e9l\\u00e9phonne: +39<span>0125366140<\\\/span><br \\\/>Mail: info@hoteljolandasport.com<\\\/p>\\n\n\n<p><a href=\\\"http:\\\/\\\/www.facebook.com\\\/RomantikHotelJolandaSport\\\" target=\\\"_blank\\\" rel=\\\"noopener\\\">www.facebook.com\\\/RomantikHotelJolandaSport<\\\/a><\\\/p>\\n\n\n<p><strong>Advis<\\\/strong><br \\\/>9.4 Booking <br \\\/>5.0 \\\/ 488 Tripadvsor <br \\\/>9.2 \\\/ 79 Trivago <br \\\/><br \\\/><b>Chambres<\\\/b><br \\\/>12 comfort <br \\\/>5 romantic <br \\\/>6 romantic superior <br \\\/>2 minisuite (max 4 personnes) <br \\\/>3 mansarde <br \\\/>4 family (max 6 personnes)<br \\\/><br \\\/><strong>Services<\\\/strong><\\\/p>\\n\n\n<p>Enfants + de 6 ans admis en \\u00e9t\\u00e9<br \\\/>Restaurant OUI<br \\\/>Spa OUI<br \\\/>Salle conf\\u00e9rence 30 personnes<br \\\/>Chien admis seulement en \\u00e9t\\u00e9 \\u00e0 10\\u20ac par nuit<br \\\/><br \\\/><strong>Green<\\\/strong> <br \\\/>E-car \\u00e0 l' h\\u00f4tel<br \\\/>E-car \\u00e0 l'a\\u00e9roport\\u00a0 de Turin<br \\\/>Panneaux solaires<br \\\/>Energie\\u00a0 \\u00e9lectrique certifi\\u00e9e<br \\\/>Rechauffement \\u00e0 Biomasse<br \\\/>Politique verte de lessive<br \\\/>Sans plastique\\u00a0<\\\/p>\",\"parallax_breakpoint\":\"m\",\"parallax_y_start\":\"-200\",\"title_hover_style\":\"reset\",\"title_align\":\"top\",\"title_grid_width\":\"1-2\",\"image_svg_color\":\"emphasis\",\"position\":\"relative\",\"position_left\":\"-50\",\"css\":\"@media (max-width: 959px) {\\n    .el-element { position: static !important; }\\n}\",\"title_grid_breakpoint\":\"m\",\"image_grid_breakpoint\":\"m\",\"icon_width\":80,\"meta_element\":\"div\",\"content_column_breakpoint\":\"m\",\"link\":\"https:\\\/\\\/reservations-dms.verticalbooking.com\\\/risultati_albergo.htm?id_stile=184&aff_id=193&aff_code=AlpineGreenExperienc&id_canale=1053&numero_camere=1&numero_adulti=2&id_albergo=372&lingua_utilizzata=ita\",\"link_target\":true,\"meta\":\"Loc. Edelboden sup 31, 11020 Gressoney La Trinit\\u00e9\"}}]}]}]},{\"type\":\"section\",\"props\":{\"style\":\"default\",\"width\":\"default\",\"vertical_align\":\"middle\",\"title_position\":\"top-left\",\"title_rotation\":\"left\",\"title_breakpoint\":\"xl\",\"image_position\":\"center-center\"},\"children\":[{\"type\":\"row\",\"children\":[{\"type\":\"column\",\"props\":{\"image_position\":\"center-center\",\"media_overlay_gradient\":\"\"},\"children\":[{\"type\":\"gallery\",\"props\":{\"show_title\":true,\"show_meta\":true,\"show_content\":true,\"show_link\":true,\"show_hover_image\":true,\"grid_default\":\"1\",\"grid_medium\":\"4\",\"filter_style\":\"tab\",\"filter_all\":true,\"filter_position\":\"top\",\"filter_align\":\"left\",\"filter_grid_width\":\"auto\",\"filter_grid_breakpoint\":\"m\",\"overlay_mode\":\"cover\",\"overlay_hover\":true,\"overlay_style\":\"\",\"text_color\":\"light\",\"overlay_position\":\"center\",\"overlay_transition\":\"fade\",\"title_hover_style\":\"reset\",\"title_element\":\"h3\",\"meta_style\":\"meta\",\"meta_align\":\"below-title\",\"meta_element\":\"div\",\"link_text\":\"Fai click\",\"link_style\":\"\",\"text_align\":\"center\",\"margin\":\"default\",\"item_animation\":true,\"lightbox\":true,\"title_display\":\"lightbox\",\"content_display\":\"lightbox\",\"lightbox_image_orientation\":false,\"lightbox_image_width\":\"\",\"lightbox_image_height\":\"\",\"image_width\":\"400\",\"image_height\":\"400\"},\"children\":[{\"type\":\"gallery_item\",\"props\":{\"image\":\"wp-content\\\/uploads\\\/2021\\\/08\\\/romanticHotel3.jpg\"}},{\"type\":\"gallery_item\",\"props\":{\"image\":\"wp-content\\\/uploads\\\/2021\\\/08\\\/romanticHotel4.jpg\"}},{\"type\":\"gallery_item\",\"props\":{\"image\":\"wp-content\\\/uploads\\\/2021\\\/08\\\/romanticHotel5.jpg\"}},{\"type\":\"gallery_item\",\"props\":{\"image\":\"wp-content\\\/uploads\\\/2021\\\/08\\\/romanticHotel6.jpg\"}},{\"type\":\"gallery_item\",\"props\":{\"image\":\"wp-content\\\/uploads\\\/2021\\\/08\\\/romanticHotel7.jpg\"}},{\"type\":\"gallery_item\",\"props\":{\"image\":\"wp-content\\\/uploads\\\/2021\\\/08\\\/romanticHotel8.jpg\"}},{\"type\":\"gallery_item\",\"props\":{\"image\":\"wp-content\\\/uploads\\\/2021\\\/08\\\/romanticHotel9.jpg\"}},{\"type\":\"gallery_item\",\"props\":{\"image\":\"wp-content\\\/uploads\\\/2021\\\/08\\\/romanticHotel10.jpg\"}}]}]}]}]},{\"name\":\"Map\",\"type\":\"section\",\"props\":{\"style\":\"default\",\"width\":\"\",\"vertical_align\":\"middle\",\"title_position\":\"top-left\",\"title_rotation\":\"left\",\"title_breakpoint\":\"xl\",\"image_position\":\"center-center\",\"padding_remove_top\":false,\"padding_remove_bottom\":true,\"overlap\":false,\"id\":\"map\"},\"children\":[{\"name\":\"\",\"type\":\"row\",\"props\":{\"width\":\"large\",\"margin\":\"remove-vertical\"},\"children\":[{\"name\":\"\",\"type\":\"column\",\"props\":{\"image_position\":\"center-center\",\"css\":\"@media (min-width: 960px) {\\n    \\n    .el-column { z-index: 2; }\\n    \\n}\",\"media_overlay_gradient\":\"\",\"width_medium\":\"1-1\"},\"children\":[{\"name\":\"\",\"type\":\"headline\",\"props\":{\"title_element\":\"div\",\"title_style\":\"h4\",\"title_color\":\"primary\",\"text_align\":\"center\",\"content\":\"O\\u00f9 on est\"}}]}]},{\"name\":\"\",\"type\":\"row\",\"props\":{\"margin\":\"default\",\"margin_remove_bottom\":false},\"children\":[{\"name\":\"\",\"type\":\"column\",\"props\":{\"image_position\":\"center-center\",\"media_overlay_gradient\":\"\",\"width_medium\":\"1-1\"},\"children\":[{\"type\":\"html\",\"props\":{\"content\":\"<iframe src=\\\"https:\\\/\\\/www.google.com\\\/maps\\\/embed?pb=!1m18!1m12!1m3!1d2779.9838600453177!2d7.820948315879338!3d45.831605379107195!2m3!1f0!2f0!3f0!3m2!1i1024!2i768!4f13.1!3m3!1m2!1s0x4788b12934e18a31%3A0x998f35b53d5de052!2sRomantic%20Hotel%20Jolanda%20Sport!5e0!3m2!1sit!2sus!4v1629902405073!5m2!1sit!2sus\\\" width=\\\"100%\\\" height=\\\"450\\\" style=\\\"border:0;\\\" allowfullscreen=\\\"\\\" loading=\\\"lazy\\\"><\\\/iframe>\"}}]}]}]}],\"version\":\"2.5.9\"} --><\/p>\n","protected":false},"excerpt":{"rendered":"<p>Romantic H\u00f4tel Jolanda Sport**** Loc. Edelboden sup 31, 11020 Gressoney La Trinit\u00e9 Website: www.hoteljolandasport.comT\u00e9l\u00e9phonne: +390125366140Mail: info@hoteljolandasport.com www.facebook.com\/RomantikHotelJolandaSport Advis9.4 Booking 5.0 \/ 488 Tripadvsor 9.2 \/ 79 Trivago Chambres12 comfort 5 romantic 6 romantic superior 2 minisuite (max 4 personnes) 3 mansarde 4 family (max 6 personnes) Services Enfants + de 6 ans admis en \u00e9t\u00e9Restaurant [&hellip;]<\/p>\n","protected":false},"author":1,"featured_media":0,"parent":0,"menu_order":0,"comment_status":"closed","ping_status":"closed","template":"","meta":{"saved_in_kubio":false,"_seopress_robots_primary_cat":"","_seopress_titles_title":"Romantic Hotel Jolanda Sport | Green Experience Vall\u00e9e d&#039;Aoste","_seopress_titles_desc":"Il Romantic Hotel Jolanda Sport \u00e8 a vostra disposizione per informazioni, consigli e per organizzare la vostra vacanza in Valle d&#039;Aosta. Non esitate a contattarci.","_seopress_robots_index":"","footnotes":""},"class_list":["post-3690","page","type-page","status-publish","hentry"],"kubio_ai_page_context":{"short_desc":"","purpose":"general"},"_links":{"self":[{"href":"https:\/\/www.greenvda.com\/fr\/wp-json\/wp\/v2\/pages\/3690","targetHints":{"allow":["GET"]}}],"collection":[{"href":"https:\/\/www.greenvda.com\/fr\/wp-json\/wp\/v2\/pages"}],"about":[{"href":"https:\/\/www.greenvda.com\/fr\/wp-json\/wp\/v2\/types\/page"}],"author":[{"embeddable":true,"href":"https:\/\/www.greenvda.com\/fr\/wp-json\/wp\/v2\/users\/1"}],"replies":[{"embeddable":true,"href":"https:\/\/www.greenvda.com\/fr\/wp-json\/wp\/v2\/comments?post=3690"}],"version-history":[{"count":5,"href":"https:\/\/www.greenvda.com\/fr\/wp-json\/wp\/v2\/pages\/3690\/revisions"}],"predecessor-version":[{"id":3848,"href":"https:\/\/www.greenvda.com\/fr\/wp-json\/wp\/v2\/pages\/3690\/revisions\/3848"}],"wp:attachment":[{"href":"https:\/\/www.greenvda.com\/fr\/wp-json\/wp\/v2\/media?parent=3690"}],"curies":[{"name":"wp","href":"https:\/\/api.w.org\/{rel}","templated":true}]}}