{"id":3684,"date":"2021-08-24T14:23:23","date_gmt":"2021-08-24T12:23:23","guid":{"rendered":"https:\/\/www.greenvda.com\/hotel-svizzero\/"},"modified":"2022-03-06T14:11:26","modified_gmt":"2022-03-06T13:11:26","slug":"hotel-svizzero","status":"publish","type":"page","link":"https:\/\/www.greenvda.com\/fr\/hotel-svizzero\/","title":{"rendered":"Hotel Svizzero"},"content":{"rendered":"<p><img decoding=\"async\" src=\"\/wp-content\/uploads\/2021\/08\/hotelSvizzero2.jpg\" alt=\"\"><\/p>\n<div>\n<h1>H\u00f4tel Svizzero<br \/>****<\/h1>\n<p>Strada Stale 26, n\u00b0 11 Courmayeur<\/p>\n<div>\n<div class=\"uk-divider-small uk-margin-medium-top uk-margin-medium-bottom\"><\/div>\n<p>Website: www.hotelsvizzero.com<br \/>T\u00e9l\u00e9phonne: +39<span>0165848170<\/span><br \/>Mail: info@hotelsvizzero.com<\/p>\n<p><a href=\"https:\/\/www.facebook.com\/chaletsvizzero\/\">https:\/\/www.facebook.com\/chaletsvizzero\/<\/a><\/p>\n<p><strong>Avis<\/strong><br \/>8.8 booking <br \/>4.5 \/ 94 Tripadvsor <br \/>8.2 \/ 92 Trivago <\/p>\n<p><b>Chambres<\/b><br \/>14\u00a0 standard\u00a0<br \/>6\u00a0 superior\u00a0<br \/>1 junior suite (max. 3 personnes)<br \/>4 family room <br \/>1 family room superior <br \/>1 suite (max 6 personnes) <br \/>1 suite superior (max 5 personnes) <br \/>2 chalet\u00a0<\/p>\n<p><strong>Services<\/strong><br \/>Enfants de plus de 2 ans admis<br \/>Restaurant OUI<br \/>Spa OUI<br \/>Salle de conf\u00e9rence 20 pax <br \/>Chiens OUI \u20ac10,00 par nuit<\/p>\n<p><strong>Green<\/strong> <br \/>Panneaux solaires<br \/>Borne recharge \u00e9l\u00e8ctrique<br \/>E-car \u00e0 l&rsquo; Hotel <br \/>E-car \u00e0 l\u00eca\u00e9roport de Turin<br \/>Rechauffement \u00e0 bois<br \/>Energie \u00e9lectrique certifi\u00e9e<br \/>Politique verte de lessive<br \/>Sans plastique<\/p>\n<\/div>\n<p><a href=\"https:\/\/reservations-dms.verticalbooking.com\/risultati_albergo.htm?id_stile=184&#038;aff_id=193&#038;aff_code=AlpineGreenExperienc&#038;id_canale=1053&#038;numero_camere=1&#038;numero_adulti=2&#038;id_albergo=803&#038;lingua_utilizzata=ita\">Tarifs et galerie photo<\/a><\/p>\n<\/div>\n<ul>\n<li>\n<p>        <img decoding=\"async\" src=\"\/wp-content\/uploads\/2021\/08\/hotelSvizzero4.jpg\" alt=\"\"><\/p>\n<\/li>\n<li>\n<p>        <img decoding=\"async\" src=\"\/wp-content\/uploads\/2021\/08\/hotelSvizzero5.jpg\" alt=\"\"><\/p>\n<\/li>\n<li>\n<p>        <img decoding=\"async\" src=\"\/wp-content\/uploads\/2021\/08\/hotelSvizzero6.jpg\" alt=\"\"><\/p>\n<\/li>\n<li>\n<p>        <img decoding=\"async\" src=\"\/wp-content\/uploads\/2021\/08\/hotelSvizzero7.jpg\" alt=\"\"><\/p>\n<\/li>\n<li>\n<p>        <img decoding=\"async\" src=\"\/wp-content\/uploads\/2021\/08\/hotelSvizzero9.jpg\" alt=\"\"><\/p>\n<\/li>\n<li>\n<p>        <img decoding=\"async\" src=\"\/wp-content\/uploads\/2021\/08\/risto1.jpg\" alt=\"\"><\/p>\n<\/li>\n<li>\n<p>        <img decoding=\"async\" src=\"\/wp-content\/uploads\/2021\/08\/spa_2-1.jpg\" alt=\"\"><\/p>\n<\/li>\n<li>\n<p>        <img decoding=\"async\" src=\"\/wp-content\/uploads\/2021\/08\/hotelSvizzero1.jpg\" alt=\"\"><\/p>\n<\/li>\n<\/ul>\n<div>O\u00f9 on est<\/div>\n<div>\n<p>    <iframe src=\"https:\/\/www.google.com\/maps\/embed?pb=!1m14!1m8!1m3!1d2781.8596221539246!2d6.96806!3d45.79404!3m2!1i1024!2i768!4f13.1!3m3!1m2!1s0x47894773304d97b1%3A0xcff41217b6fc261e!2sHotel%20Chalet%20Svizzero!5e0!3m2!1sit!2sus!4v1629808320042!5m2!1sit!2sus\" width=\"100%\" height=\"450\" style=\"border:0;\" allowfullscreen=\"\" loading=\"lazy\"><\/iframe>\n<\/div>\n<p><!--more--><br \/>\n<!-- {\"name\":\"Trans Alps Adventure\",\"type\":\"layout\",\"children\":[{\"name\":\"Hero\",\"type\":\"section\",\"props\":{\"style\":\"primary\",\"width\":\"large\",\"vertical_align\":\"\",\"title_position\":\"top-left\",\"title_rotation\":\"left\",\"title_breakpoint\":\"xl\",\"image_position\":\"top-center\",\"height\":\"percent\",\"padding\":\"large\",\"image\":\"wp-content\\\/uploads\\\/2021\\\/08\\\/hotelSvizzero1.jpg\",\"text_color\":\"light\",\"image_size\":\"cover\",\"image_effect\":\"parallax\",\"image_width\":\"2560\",\"overlap\":false,\"image_parallax_breakpoint\":\"m\",\"image_parallax_bgy_start\":\"-200\"},\"children\":[{\"name\":\"\",\"type\":\"row\",\"children\":[{\"name\":\"\",\"type\":\"column\",\"props\":{\"image_position\":\"center-center\",\"media_overlay_gradient\":\"\",\"width_medium\":\"1-1\"},\"children\":[]}]}]},{\"name\":\"About\",\"type\":\"section\",\"props\":{\"style\":\"default\",\"width\":\"xlarge\",\"vertical_align\":\"middle\",\"title_position\":\"center-right\",\"title_rotation\":\"left\",\"title_breakpoint\":\"xl\",\"image_position\":\"center-center\",\"padding\":\"none\",\"overlap\":false,\"title\":\"\",\"padding_remove_bottom\":false,\"padding_remove_top\":false},\"children\":[{\"name\":\"\",\"type\":\"row\",\"props\":{\"layout\":\"1-2,1-2\",\"match\":true,\"column_gap\":\"collapse\",\"row_gap\":\"collapse\"},\"children\":[{\"name\":\"\",\"type\":\"column\",\"props\":{\"image_position\":\"center-center\",\"vertical_align\":\"middle\",\"media_overlay_gradient\":\"\",\"width_medium\":\"1-2\"},\"children\":[{\"name\":\"\",\"type\":\"image\",\"props\":{\"margin\":\"default\",\"text_align\":\"right\",\"maxwidth\":\"xlarge\",\"animation\":\"parallax\",\"image\":\"wp-content\\\/uploads\\\/2021\\\/08\\\/hotelSvizzero2.jpg\",\"image_width\":\"600\",\"parallax_breakpoint\":\"m\",\"parallax_y_end\":\"-240\",\"parallax_y_start\":\"-100\",\"image_box_decoration\":\"default\",\"block_align\":\"right\",\"image_svg_color\":\"emphasis\",\"image_height\":\"700\"}}]},{\"name\":\"\",\"type\":\"column\",\"props\":{\"image_position\":\"center-center\",\"media_overlay_gradient\":\"\",\"width_medium\":\"1-2\"},\"children\":[{\"name\":\"\",\"type\":\"panel\",\"props\":{\"link_text\":\"Tarifs et galerie photo\",\"title_element\":\"h1\",\"meta_style\":\"meta\",\"meta_align\":\"below-title\",\"image_align\":\"top\",\"image_grid_width\":\"1-2\",\"link_style\":\"primary\",\"margin\":\"\",\"panel_style\":\"card-default\",\"panel_size\":\"large\",\"title_style\":\"h1\",\"text_align\":\"left\",\"maxwidth\":\"xlarge\",\"maxwidth_breakpoint\":\"l\",\"animation\":\"parallax\",\"title\":\"H\\u00f4tel Svizzero<br \/>****\",\"content\":\"\n\n<div class=\\\"uk-divider-small uk-margin-medium-top uk-margin-medium-bottom\\\"><\\\/div>\\n\n\n<p>Website: www.hotelsvizzero.com<br \\\/>T\\u00e9l\\u00e9phonne: +39<span>0165848170<\\\/span><br \\\/>Mail: info@hotelsvizzero.com<\\\/p>\\n\n\n<p><a href=\\\"https:\\\/\\\/www.facebook.com\\\/chaletsvizzero\\\/\\\">https:\\\/\\\/www.facebook.com\\\/chaletsvizzero\\\/<\\\/a><\\\/p>\\n\n\n<p><strong>Avis<\\\/strong><br \\\/>8.8 booking <br \\\/>4.5 \\\/ 94 Tripadvsor <br \\\/>8.2 \\\/ 92 Trivago <br \\\/><br \\\/><b>Chambres<\\\/b><br \\\/>14\\u00a0 standard\\u00a0<br \\\/>6\\u00a0 superior\\u00a0<br \\\/>1 junior suite (max. 3 personnes)<br \\\/>4 family room <br \\\/>1 family room superior <br \\\/>1 suite (max 6 personnes) <br \\\/>1 suite superior (max 5 personnes) <br \\\/>2 chalet\\u00a0<\\\/p>\\n\n\n<p><br \\\/><strong>Services<\\\/strong><br \\\/>Enfants de plus de 2 ans admis<br \\\/>Restaurant OUI<br \\\/>Spa OUI<br \\\/>Salle de conf\\u00e9rence 20 pax <br \\\/>Chiens OUI \\u20ac10,00 par nuit<br \\\/><br \\\/><strong>Green<\\\/strong> <br \\\/>Panneaux solaires<br \\\/>Borne recharge \\u00e9l\\u00e8ctrique<br \\\/>E-car \\u00e0 l' Hotel <br \\\/>E-car \\u00e0 l\\u00eca\\u00e9roport de Turin<br \\\/>Rechauffement \\u00e0 bois<br \\\/>Energie \\u00e9lectrique certifi\\u00e9e<br \\\/>Politique verte de lessive<br \\\/>Sans plastique<\\\/p>\",\"parallax_breakpoint\":\"m\",\"parallax_y_start\":\"-200\",\"title_hover_style\":\"reset\",\"title_align\":\"top\",\"title_grid_width\":\"1-2\",\"image_svg_color\":\"emphasis\",\"position\":\"relative\",\"position_left\":\"-50\",\"css\":\"@media (max-width: 959px) {\\n    .el-element { position: static !important; }\\n}\",\"title_grid_breakpoint\":\"m\",\"image_grid_breakpoint\":\"m\",\"icon_width\":80,\"meta_element\":\"div\",\"content_column_breakpoint\":\"m\",\"link\":\"https:\\\/\\\/reservations-dms.verticalbooking.com\\\/risultati_albergo.htm?id_stile=184&aff_id=193&aff_code=AlpineGreenExperienc&id_canale=1053&numero_camere=1&numero_adulti=2&id_albergo=803&lingua_utilizzata=ita\",\"link_target\":true,\"meta\":\"Strada Stale 26, n\\u00b0 11 Courmayeur\"}}]}]}]},{\"type\":\"section\",\"props\":{\"style\":\"default\",\"width\":\"default\",\"vertical_align\":\"middle\",\"title_position\":\"top-left\",\"title_rotation\":\"left\",\"title_breakpoint\":\"xl\",\"image_position\":\"center-center\"},\"children\":[{\"type\":\"row\",\"children\":[{\"type\":\"column\",\"props\":{\"image_position\":\"center-center\",\"media_overlay_gradient\":\"\"},\"children\":[{\"type\":\"gallery\",\"props\":{\"show_title\":true,\"show_meta\":true,\"show_content\":true,\"show_link\":true,\"show_hover_image\":true,\"grid_default\":\"1\",\"grid_medium\":\"4\",\"filter_style\":\"tab\",\"filter_all\":true,\"filter_position\":\"top\",\"filter_align\":\"left\",\"filter_grid_width\":\"auto\",\"filter_grid_breakpoint\":\"m\",\"overlay_mode\":\"cover\",\"overlay_hover\":true,\"overlay_style\":\"\",\"text_color\":\"light\",\"overlay_position\":\"center\",\"overlay_transition\":\"fade\",\"title_hover_style\":\"reset\",\"title_element\":\"h3\",\"meta_style\":\"meta\",\"meta_align\":\"below-title\",\"meta_element\":\"div\",\"link_text\":\"Fai click\",\"link_style\":\"\",\"text_align\":\"center\",\"margin\":\"default\",\"item_animation\":true,\"lightbox\":true,\"title_display\":\"lightbox\",\"content_display\":\"lightbox\",\"lightbox_image_orientation\":false,\"lightbox_image_width\":\"\",\"lightbox_image_height\":\"\",\"image_width\":\"400\",\"image_height\":\"400\"},\"children\":[{\"type\":\"gallery_item\",\"props\":{\"image\":\"wp-content\\\/uploads\\\/2021\\\/08\\\/hotelSvizzero4.jpg\"}},{\"type\":\"gallery_item\",\"props\":{\"image\":\"wp-content\\\/uploads\\\/2021\\\/08\\\/hotelSvizzero5.jpg\"}},{\"type\":\"gallery_item\",\"props\":{\"image\":\"wp-content\\\/uploads\\\/2021\\\/08\\\/hotelSvizzero6.jpg\"}},{\"type\":\"gallery_item\",\"props\":{\"image\":\"wp-content\\\/uploads\\\/2021\\\/08\\\/hotelSvizzero7.jpg\"}},{\"type\":\"gallery_item\",\"props\":{\"image\":\"wp-content\\\/uploads\\\/2021\\\/08\\\/hotelSvizzero9.jpg\"}},{\"type\":\"gallery_item\",\"props\":{\"image\":\"wp-content\\\/uploads\\\/2021\\\/08\\\/risto1.jpg\"}},{\"type\":\"gallery_item\",\"props\":{\"image\":\"wp-content\\\/uploads\\\/2021\\\/08\\\/spa_2-1.jpg\"}},{\"type\":\"gallery_item\",\"props\":{\"image\":\"wp-content\\\/uploads\\\/2021\\\/08\\\/hotelSvizzero1.jpg\"}}]}]}]}]},{\"name\":\"Map\",\"type\":\"section\",\"props\":{\"style\":\"default\",\"width\":\"\",\"vertical_align\":\"middle\",\"title_position\":\"top-left\",\"title_rotation\":\"left\",\"title_breakpoint\":\"xl\",\"image_position\":\"center-center\",\"padding_remove_top\":false,\"padding_remove_bottom\":true,\"overlap\":false,\"id\":\"map\"},\"children\":[{\"name\":\"\",\"type\":\"row\",\"props\":{\"width\":\"large\",\"margin\":\"remove-vertical\"},\"children\":[{\"name\":\"\",\"type\":\"column\",\"props\":{\"image_position\":\"center-center\",\"css\":\"@media (min-width: 960px) {\\n    \\n    .el-column { z-index: 2; }\\n    \\n}\",\"media_overlay_gradient\":\"\",\"width_medium\":\"1-1\"},\"children\":[{\"name\":\"\",\"type\":\"headline\",\"props\":{\"title_element\":\"div\",\"title_style\":\"h4\",\"title_color\":\"primary\",\"text_align\":\"center\",\"content\":\"O\\u00f9 on est\"}}]}]},{\"name\":\"\",\"type\":\"row\",\"props\":{\"margin\":\"default\",\"margin_remove_bottom\":false},\"children\":[{\"name\":\"\",\"type\":\"column\",\"props\":{\"image_position\":\"center-center\",\"media_overlay_gradient\":\"\",\"width_medium\":\"1-1\"},\"children\":[{\"type\":\"html\",\"props\":{\"content\":\"<iframe src=\\\"https:\\\/\\\/www.google.com\\\/maps\\\/embed?pb=!1m14!1m8!1m3!1d2781.8596221539246!2d6.96806!3d45.79404!3m2!1i1024!2i768!4f13.1!3m3!1m2!1s0x47894773304d97b1%3A0xcff41217b6fc261e!2sHotel%20Chalet%20Svizzero!5e0!3m2!1sit!2sus!4v1629808320042!5m2!1sit!2sus\\\" width=\\\"100%\\\" height=\\\"450\\\" style=\\\"border:0;\\\" allowfullscreen=\\\"\\\" loading=\\\"lazy\\\"><\\\/iframe>\"}}]}]}]}],\"version\":\"2.5.9\"} --><\/p>\n","protected":false},"excerpt":{"rendered":"<p>H\u00f4tel Svizzero**** Strada Stale 26, n\u00b0 11 Courmayeur Website: www.hotelsvizzero.comT\u00e9l\u00e9phonne: +390165848170Mail: info@hotelsvizzero.com https:\/\/www.facebook.com\/chaletsvizzero\/ Avis8.8 booking 4.5 \/ 94 Tripadvsor 8.2 \/ 92 Trivago Chambres14\u00a0 standard\u00a06\u00a0 superior\u00a01 junior suite (max. 3 personnes)4 family room 1 family room superior 1 suite (max 6 personnes) 1 suite superior (max 5 personnes) 2 chalet\u00a0 ServicesEnfants de plus de 2 [&hellip;]<\/p>\n","protected":false},"author":1,"featured_media":0,"parent":0,"menu_order":0,"comment_status":"closed","ping_status":"closed","template":"","meta":{"saved_in_kubio":false,"_seopress_robots_primary_cat":"","_seopress_titles_title":"Hotel Svizzero | Green Experience Vall\u00e9e d&#039;Aoste","_seopress_titles_desc":"L&#039;hotel Svizzero \u00e8 a vostra disposizione per informazioni, consigli e per organizzare la vostra vacanza in Valle d&#039;Aosta. Non esitate a contattarci. Clicca qui!","_seopress_robots_index":"","footnotes":""},"class_list":["post-3684","page","type-page","status-publish","hentry"],"kubio_ai_page_context":{"short_desc":"","purpose":"general"},"_links":{"self":[{"href":"https:\/\/www.greenvda.com\/fr\/wp-json\/wp\/v2\/pages\/3684","targetHints":{"allow":["GET"]}}],"collection":[{"href":"https:\/\/www.greenvda.com\/fr\/wp-json\/wp\/v2\/pages"}],"about":[{"href":"https:\/\/www.greenvda.com\/fr\/wp-json\/wp\/v2\/types\/page"}],"author":[{"embeddable":true,"href":"https:\/\/www.greenvda.com\/fr\/wp-json\/wp\/v2\/users\/1"}],"replies":[{"embeddable":true,"href":"https:\/\/www.greenvda.com\/fr\/wp-json\/wp\/v2\/comments?post=3684"}],"version-history":[{"count":6,"href":"https:\/\/www.greenvda.com\/fr\/wp-json\/wp\/v2\/pages\/3684\/revisions"}],"predecessor-version":[{"id":3847,"href":"https:\/\/www.greenvda.com\/fr\/wp-json\/wp\/v2\/pages\/3684\/revisions\/3847"}],"wp:attachment":[{"href":"https:\/\/www.greenvda.com\/fr\/wp-json\/wp\/v2\/media?parent=3684"}],"curies":[{"name":"wp","href":"https:\/\/api.w.org\/{rel}","templated":true}]}}