{"id":3681,"date":"2021-08-24T14:11:03","date_gmt":"2021-08-24T12:11:03","guid":{"rendered":"https:\/\/www.greenvda.com\/hotel-pavillon\/"},"modified":"2022-03-06T14:10:18","modified_gmt":"2022-03-06T13:10:18","slug":"hotel-pavillon","status":"publish","type":"page","link":"https:\/\/www.greenvda.com\/fr\/hotel-pavillon\/","title":{"rendered":"Hotel Pavillon"},"content":{"rendered":"<p><img decoding=\"async\" src=\"\/wp-content\/uploads\/2021\/08\/camere3_hotel_pavillon.jpg\" alt=\"\"><\/p>\n<div>\n<h1>H\u00f4tel Pavillon<br \/> ****<\/h1>\n<p>Via Regionale 62, 11013 Courmayeur<\/p>\n<div>\n<div>website:<span class=\" aw5Odc\"><a class=\"XqQF9c\" href=\"http:\/\/www.google.com\/url?q=http%3A%2F%2Fwww.pavillon.it%2Fit%2Fhotel-pavillon%2F&amp;sa=D&amp;sntz=1&amp;usg=AFQjCNG-eC8QQQr6fF36csyIMs5vkyP1UQ\" target=\"_blank\" rel=\"noopener\">www.pavillon.it<\/a><br \/><\/span><\/div>\n<div><span class=\" aw5Odc\">T\u00e9l\u00e9phonne: +390165846120<br \/>Mail: info@pavillon.it<\/span><span><\/span><\/div>\n<p><a href=\"http:\/\/www.google.com\/url?q=http%3A%2F%2Fwww.facebook.com%2FAuCoeurDesNeiges%2F&amp;sa=D&amp;sntz=1&amp;usg=AFQjCNHc-3g7sWHhr10WGT5Df98iqUbPUQ\" target=\"_blank\" rel=\"noopener\">https:\/\/www.facebook.com\/HotelPavillon<\/a><\/p>\n<p><strong>Advis<\/strong><br \/>8.9 Booking <br \/>4,5 \/ 135 Tripadvsor <br \/>8.8 \/ 77 Trivago <\/p>\n<p><b>Chambres<\/b><br \/>7 suite\u00a0<br \/>23 superior\u00a0<br \/>12 standard\u00a0<\/p>\n<p><strong>Services<\/strong><br \/>Enfants admis<br \/>Restaurant OUI<br \/>Spa OU<br \/>Salle de conf\u00e9rence 50\/250 personnes<br \/>Chien OUI Gratuit<\/p>\n<p><strong>Green<\/strong><\/p>\n<ul>\n<li>Borne de recharge \u00e9lectrique<\/li>\n<li>E-car a\u00e9roport de Turin<\/li>\n<li>E-bike \u00e9lectrique<\/li>\n<li>Politique verte de lessive<\/li>\n<li>Produits \u00e0 Km zero<\/li>\n<\/ul>\n<\/div>\n<p><a href=\"https:\/\/reservations-dms.verticalbooking.com\/risultati_albergo.htm?id_stile=184&#038;aff_id=193&#038;aff_code=AlpineGreenExperienc&#038;id_canale=1053&#038;numero_camere=1&#038;numero_adulti=2&#038;id_albergo=695&#038;lingua_utilizzata=ita\">Tarif et galerie photo<\/a><\/p>\n<\/div>\n<ul>\n<li>\n<p>        <img decoding=\"async\" src=\"\/wp-content\/uploads\/2021\/08\/56096_175186625843716_7073355_o.jpg\" alt=\"\"><\/p>\n<\/li>\n<li>\n<p>        <img decoding=\"async\" src=\"\/wp-content\/uploads\/2021\/08\/hotelPavillon2.jpg\" alt=\"\"><\/p>\n<\/li>\n<li>\n<p>        <img decoding=\"async\" src=\"\/wp-content\/uploads\/2021\/08\/hotelPavillon3.jpg\" alt=\"\"><\/p>\n<\/li>\n<li>\n<p>        <img decoding=\"async\" src=\"\/wp-content\/uploads\/2021\/08\/hotelPavillon4.jpg\" alt=\"\"><\/p>\n<\/li>\n<li>\n<p>        <img decoding=\"async\" src=\"\/wp-content\/uploads\/2021\/08\/hotelPavillon5.jpg\" alt=\"\"><\/p>\n<\/li>\n<li>\n<p>        <img decoding=\"async\" src=\"\/wp-content\/uploads\/2021\/08\/hotelPavillon6.jpg\" alt=\"\"><\/p>\n<\/li>\n<li>\n<p>        <img decoding=\"async\" src=\"\/wp-content\/uploads\/2021\/08\/hotelPavillon7.jpg\" alt=\"\"><\/p>\n<\/li>\n<li>\n<p>        <img decoding=\"async\" src=\"\/wp-content\/uploads\/2021\/08\/hotelPavillon8.jpg\" alt=\"\"><\/p>\n<\/li>\n<\/ul>\n<div>O\u00f9 on est<\/div>\n<div>\n<p>    <iframe src=\"https:\/\/www.google.com\/maps\/embed?pb=!1m14!1m8!1m3!1d1391.1678227104715!2d6.973554!3d45.784503!3m2!1i1024!2i768!4f13.1!3m3!1m2!1s0x4789474260d2a6b1%3A0x4bcc1f1093e81aa1!2sAlbergo%20Hotel%20Pavillon!5e0!3m2!1sit!2sus!4v1629807697624!5m2!1sit!2sus\" width=\"100%\" height=\"450\" style=\"border:0;\" allowfullscreen=\"\" loading=\"lazy\"><\/iframe>\n<\/div>\n<p><!--more--><br \/>\n<!-- {\"name\":\"Trans Alps Adventure\",\"type\":\"layout\",\"children\":[{\"name\":\"Hero\",\"type\":\"section\",\"props\":{\"style\":\"primary\",\"width\":\"large\",\"vertical_align\":\"\",\"title_position\":\"top-left\",\"title_rotation\":\"left\",\"title_breakpoint\":\"xl\",\"image_position\":\"top-center\",\"height\":\"percent\",\"padding\":\"large\",\"image\":\"wp-content\\\/uploads\\\/2021\\\/08\\\/hall_hotel_pavillon.jpg\",\"text_color\":\"light\",\"image_size\":\"cover\",\"image_effect\":\"parallax\",\"image_width\":\"2560\",\"overlap\":false,\"image_parallax_breakpoint\":\"m\",\"image_parallax_bgy_start\":\"-200\"},\"children\":[{\"name\":\"\",\"type\":\"row\",\"children\":[{\"name\":\"\",\"type\":\"column\",\"props\":{\"image_position\":\"center-center\",\"media_overlay_gradient\":\"\",\"width_medium\":\"1-1\"},\"children\":[]}]}]},{\"name\":\"About\",\"type\":\"section\",\"props\":{\"style\":\"default\",\"width\":\"xlarge\",\"vertical_align\":\"middle\",\"title_position\":\"center-right\",\"title_rotation\":\"left\",\"title_breakpoint\":\"xl\",\"image_position\":\"center-center\",\"padding\":\"none\",\"overlap\":false,\"title\":\"\",\"padding_remove_bottom\":false,\"padding_remove_top\":false},\"children\":[{\"name\":\"\",\"type\":\"row\",\"props\":{\"layout\":\"1-2,1-2\",\"match\":true,\"column_gap\":\"collapse\",\"row_gap\":\"collapse\"},\"children\":[{\"name\":\"\",\"type\":\"column\",\"props\":{\"image_position\":\"center-center\",\"vertical_align\":\"middle\",\"media_overlay_gradient\":\"\",\"width_medium\":\"1-2\"},\"children\":[{\"name\":\"\",\"type\":\"image\",\"props\":{\"margin\":\"default\",\"text_align\":\"right\",\"maxwidth\":\"xlarge\",\"animation\":\"parallax\",\"image\":\"wp-content\\\/uploads\\\/2021\\\/08\\\/camere3_hotel_pavillon.jpg\",\"image_width\":\"600\",\"parallax_breakpoint\":\"m\",\"parallax_y_end\":\"-240\",\"parallax_y_start\":\"-100\",\"image_box_decoration\":\"default\",\"block_align\":\"right\",\"image_svg_color\":\"emphasis\",\"image_height\":\"700\"}}]},{\"name\":\"\",\"type\":\"column\",\"props\":{\"image_position\":\"center-center\",\"media_overlay_gradient\":\"\",\"width_medium\":\"1-2\"},\"children\":[{\"name\":\"\",\"type\":\"panel\",\"props\":{\"link_text\":\"Tarif et galerie photo\",\"title_element\":\"h1\",\"meta_style\":\"meta\",\"meta_align\":\"below-title\",\"image_align\":\"top\",\"image_grid_width\":\"1-2\",\"link_style\":\"primary\",\"margin\":\"\",\"panel_style\":\"card-default\",\"panel_size\":\"large\",\"title_style\":\"h1\",\"text_align\":\"left\",\"maxwidth\":\"xlarge\",\"maxwidth_breakpoint\":\"l\",\"animation\":\"parallax\",\"title\":\"H\\u00f4tel Pavillon<br \/> ****\",\"content\":\"\n\n<div>website:<span class=\\\" aw5Odc\\\"><a class=\\\"XqQF9c\\\" href=\\\"http:\\\/\\\/www.google.com\\\/url?q=http%3A%2F%2Fwww.pavillon.it%2Fit%2Fhotel-pavillon%2F&amp;sa=D&amp;sntz=1&amp;usg=AFQjCNG-eC8QQQr6fF36csyIMs5vkyP1UQ\\\" target=\\\"_blank\\\" rel=\\\"noopener\\\">www.pavillon.it<\\\/a><br \\\/><\\\/span><\\\/div>\\n\n\n<div><span class=\\\" aw5Odc\\\">T\\u00e9l\\u00e9phonne: +390165846120<br \\\/>Mail: info@pavillon.it<\\\/span><span><\\\/span><\\\/div>\\n\n\n<p><a href=\\\"http:\\\/\\\/www.google.com\\\/url?q=http%3A%2F%2Fwww.facebook.com%2FAuCoeurDesNeiges%2F&amp;sa=D&amp;sntz=1&amp;usg=AFQjCNHc-3g7sWHhr10WGT5Df98iqUbPUQ\\\" target=\\\"_blank\\\" rel=\\\"noopener\\\">https:\\\/\\\/www.facebook.com\\\/HotelPavillon<\\\/a><\\\/p>\\n\n\n<p><strong>Advis<\\\/strong><br \\\/>8.9 Booking <br \\\/>4,5 \\\/ 135 Tripadvsor <br \\\/>8.8 \\\/ 77 Trivago <br \\\/><br \\\/><b>Chambres<\\\/b><br \\\/>7 suite\\u00a0<br \\\/>23 superior\\u00a0<br \\\/>12 standard\\u00a0<br \\\/><br \\\/><strong>Services<\\\/strong><br \\\/>Enfants admis<br \\\/>Restaurant OUI<br \\\/>Spa OU<br \\\/>Salle de conf\\u00e9rence 50\\\/250 personnes<br \\\/>Chien OUI Gratuit<br \\\/><br \\\/><strong>Green<\\\/strong><\\\/p>\\n\n\n<ul>\\n\n\n<li>Borne de recharge \\u00e9lectrique<\\\/li>\\n\n\n<li>E-car a\\u00e9roport de Turin<\\\/li>\\n\n\n<li>E-bike \\u00e9lectrique<\\\/li>\\n\n\n<li>Politique verte de lessive<\\\/li>\\n\n\n<li>Produits \\u00e0 Km zero<\\\/li>\\n<\\\/ul>\",\"parallax_breakpoint\":\"m\",\"parallax_y_start\":\"-200\",\"title_hover_style\":\"reset\",\"title_align\":\"top\",\"title_grid_width\":\"1-2\",\"image_svg_color\":\"emphasis\",\"position\":\"relative\",\"position_left\":\"-50\",\"css\":\"@media (max-width: 959px) {\\n    .el-element { position: static !important; }\\n}\",\"title_grid_breakpoint\":\"m\",\"image_grid_breakpoint\":\"m\",\"icon_width\":80,\"meta_element\":\"div\",\"content_column_breakpoint\":\"m\",\"link\":\"https:\\\/\\\/reservations-dms.verticalbooking.com\\\/risultati_albergo.htm?id_stile=184&aff_id=193&aff_code=AlpineGreenExperienc&id_canale=1053&numero_camere=1&numero_adulti=2&id_albergo=695&lingua_utilizzata=ita\",\"link_target\":true,\"meta\":\"Via Regionale 62, 11013 Courmayeur\"}}]}]}]},{\"type\":\"section\",\"props\":{\"style\":\"default\",\"width\":\"default\",\"vertical_align\":\"middle\",\"title_position\":\"top-left\",\"title_rotation\":\"left\",\"title_breakpoint\":\"xl\",\"image_position\":\"center-center\"},\"children\":[{\"type\":\"row\",\"children\":[{\"type\":\"column\",\"props\":{\"image_position\":\"center-center\",\"media_overlay_gradient\":\"\"},\"children\":[{\"type\":\"gallery\",\"props\":{\"show_title\":true,\"show_meta\":true,\"show_content\":true,\"show_link\":true,\"show_hover_image\":true,\"grid_default\":\"1\",\"grid_medium\":\"4\",\"filter_style\":\"tab\",\"filter_all\":true,\"filter_position\":\"top\",\"filter_align\":\"left\",\"filter_grid_width\":\"auto\",\"filter_grid_breakpoint\":\"m\",\"overlay_mode\":\"cover\",\"overlay_hover\":true,\"overlay_style\":\"\",\"text_color\":\"light\",\"overlay_position\":\"center\",\"overlay_transition\":\"fade\",\"title_hover_style\":\"reset\",\"title_element\":\"h3\",\"meta_style\":\"meta\",\"meta_align\":\"below-title\",\"meta_element\":\"div\",\"link_text\":\"Fai click\",\"link_style\":\"\",\"text_align\":\"center\",\"margin\":\"default\",\"item_animation\":true,\"lightbox\":true,\"title_display\":\"lightbox\",\"content_display\":\"lightbox\",\"lightbox_image_orientation\":false,\"lightbox_image_width\":\"\",\"lightbox_image_height\":\"\",\"image_width\":\"400\",\"image_height\":\"400\"},\"children\":[{\"type\":\"gallery_item\",\"props\":{\"image\":\"wp-content\\\/uploads\\\/2021\\\/08\\\/56096_175186625843716_7073355_o.jpg\"}},{\"type\":\"gallery_item\",\"props\":{\"image\":\"wp-content\\\/uploads\\\/2021\\\/08\\\/hotelPavillon2.jpg\"}},{\"type\":\"gallery_item\",\"props\":{\"image\":\"wp-content\\\/uploads\\\/2021\\\/08\\\/hotelPavillon3.jpg\"}},{\"type\":\"gallery_item\",\"props\":{\"image\":\"wp-content\\\/uploads\\\/2021\\\/08\\\/hotelPavillon4.jpg\"}},{\"type\":\"gallery_item\",\"props\":{\"image\":\"wp-content\\\/uploads\\\/2021\\\/08\\\/hotelPavillon5.jpg\"}},{\"type\":\"gallery_item\",\"props\":{\"image\":\"wp-content\\\/uploads\\\/2021\\\/08\\\/hotelPavillon6.jpg\"}},{\"type\":\"gallery_item\",\"props\":{\"image\":\"wp-content\\\/uploads\\\/2021\\\/08\\\/hotelPavillon7.jpg\"}},{\"type\":\"gallery_item\",\"props\":{\"image\":\"wp-content\\\/uploads\\\/2021\\\/08\\\/hotelPavillon8.jpg\"}}]}]}]}]},{\"name\":\"Map\",\"type\":\"section\",\"props\":{\"style\":\"default\",\"width\":\"\",\"vertical_align\":\"middle\",\"title_position\":\"top-left\",\"title_rotation\":\"left\",\"title_breakpoint\":\"xl\",\"image_position\":\"center-center\",\"padding_remove_top\":false,\"padding_remove_bottom\":true,\"overlap\":false,\"id\":\"map\"},\"children\":[{\"name\":\"\",\"type\":\"row\",\"props\":{\"width\":\"large\",\"margin\":\"remove-vertical\"},\"children\":[{\"name\":\"\",\"type\":\"column\",\"props\":{\"image_position\":\"center-center\",\"css\":\"@media (min-width: 960px) {\\n    \\n    .el-column { z-index: 2; }\\n    \\n}\",\"media_overlay_gradient\":\"\",\"width_medium\":\"1-1\"},\"children\":[{\"name\":\"\",\"type\":\"headline\",\"props\":{\"title_element\":\"div\",\"title_style\":\"h4\",\"title_color\":\"primary\",\"text_align\":\"center\",\"content\":\"O\\u00f9 on est\"}}]}]},{\"name\":\"\",\"type\":\"row\",\"props\":{\"margin\":\"default\",\"margin_remove_bottom\":false},\"children\":[{\"name\":\"\",\"type\":\"column\",\"props\":{\"image_position\":\"center-center\",\"media_overlay_gradient\":\"\",\"width_medium\":\"1-1\"},\"children\":[{\"type\":\"html\",\"props\":{\"content\":\"<iframe src=\\\"https:\\\/\\\/www.google.com\\\/maps\\\/embed?pb=!1m14!1m8!1m3!1d1391.1678227104715!2d6.973554!3d45.784503!3m2!1i1024!2i768!4f13.1!3m3!1m2!1s0x4789474260d2a6b1%3A0x4bcc1f1093e81aa1!2sAlbergo%20Hotel%20Pavillon!5e0!3m2!1sit!2sus!4v1629807697624!5m2!1sit!2sus\\\" width=\\\"100%\\\" height=\\\"450\\\" style=\\\"border:0;\\\" allowfullscreen=\\\"\\\" loading=\\\"lazy\\\"><\\\/iframe>\"}}]}]}]}],\"version\":\"2.5.9\"} --><\/p>\n","protected":false},"excerpt":{"rendered":"<p>H\u00f4tel Pavillon **** Via Regionale 62, 11013 Courmayeur website:www.pavillon.it T\u00e9l\u00e9phonne: +390165846120Mail: info@pavillon.it https:\/\/www.facebook.com\/HotelPavillon Advis8.9 Booking 4,5 \/ 135 Tripadvsor 8.8 \/ 77 Trivago Chambres7 suite\u00a023 superior\u00a012 standard\u00a0 ServicesEnfants admisRestaurant OUISpa OUSalle de conf\u00e9rence 50\/250 personnesChien OUI Gratuit Green Borne de recharge \u00e9lectrique E-car a\u00e9roport de Turin E-bike \u00e9lectrique Politique verte de lessive Produits \u00e0 Km [&hellip;]<\/p>\n","protected":false},"author":1,"featured_media":0,"parent":0,"menu_order":0,"comment_status":"closed","ping_status":"closed","template":"","meta":{"saved_in_kubio":false,"_seopress_robots_primary_cat":"","_seopress_titles_title":"Hotel Pavillon | Green Experience Vall\u00e9e d&#039;Aoste","_seopress_titles_desc":"L&#039;hotel Pavillon \u00e8 a vostra disposizione per informazioni, consigli e per organizzare la vostra vacanza in Valle d&#039;Aosta. Non esitate a contattarci. Clicca qui!","_seopress_robots_index":"","footnotes":""},"class_list":["post-3681","page","type-page","status-publish","hentry"],"kubio_ai_page_context":{"short_desc":"","purpose":"general"},"_links":{"self":[{"href":"https:\/\/www.greenvda.com\/fr\/wp-json\/wp\/v2\/pages\/3681","targetHints":{"allow":["GET"]}}],"collection":[{"href":"https:\/\/www.greenvda.com\/fr\/wp-json\/wp\/v2\/pages"}],"about":[{"href":"https:\/\/www.greenvda.com\/fr\/wp-json\/wp\/v2\/types\/page"}],"author":[{"embeddable":true,"href":"https:\/\/www.greenvda.com\/fr\/wp-json\/wp\/v2\/users\/1"}],"replies":[{"embeddable":true,"href":"https:\/\/www.greenvda.com\/fr\/wp-json\/wp\/v2\/comments?post=3681"}],"version-history":[{"count":10,"href":"https:\/\/www.greenvda.com\/fr\/wp-json\/wp\/v2\/pages\/3681\/revisions"}],"predecessor-version":[{"id":3845,"href":"https:\/\/www.greenvda.com\/fr\/wp-json\/wp\/v2\/pages\/3681\/revisions\/3845"}],"wp:attachment":[{"href":"https:\/\/www.greenvda.com\/fr\/wp-json\/wp\/v2\/media?parent=3681"}],"curies":[{"name":"wp","href":"https:\/\/api.w.org\/{rel}","templated":true}]}}