{"id":3669,"date":"2021-08-25T16:42:59","date_gmt":"2021-08-25T14:42:59","guid":{"rendered":"https:\/\/www.greenvda.com\/hotel-coeur-du-pont\/"},"modified":"2022-03-25T14:28:34","modified_gmt":"2022-03-25T13:28:34","slug":"hotel-coeur-du-pont","status":"publish","type":"page","link":"https:\/\/www.greenvda.com\/fr\/hotel-coeur-du-pont\/","title":{"rendered":"Hotel Coeur du Pont"},"content":{"rendered":"<p><img decoding=\"async\" src=\"\/wp-content\/uploads\/2021\/08\/couerDuPont2.jpg\" alt=\"\"><\/p>\n<div>\n<h1>H\u00f4tel Le Coeur du Pont<br \/>***<\/h1>\n<p>Via P. Tommaso 104, 11020 Donnas<\/p>\n<div>\n<div class=\"uk-divider-small uk-margin-medium-top uk-margin-medium-bottom\"><\/div>\n<p>Website: www.lecoeurdupont.com<br \/>T\u00e9l\u00e9phonne: <span>0125809378<\/span><br \/>Mail: info@lecoeurdupont.com<\/p>\n<p><a href=\"http:\/\/www.facebook.com\/lecoeurdupont\" target=\"_blank\" rel=\"noopener\">www.facebook.com\/l<\/a>ecoeurdupont<\/p>\n<p><strong>Advis<\/strong><br \/>9.1 Booking <br \/>4.5 \/ 377 Tripadvsor <br \/>8.9 \/ 41 Trivago <\/p>\n<p><strong>Chambres<\/strong><br \/>2 classic<br \/>2 superior<br \/>3 family<\/p>\n<p><strong>Services<\/strong><br \/>Enfants OUI<br \/>Restaurant OUI<br \/>Spa NON<br \/>Salle de conf\u00e9rence: 25 pax<br \/>Chien OUI 10\/15\u20ac par jour<\/p>\n<p><strong>Green<\/strong><br \/>E-car a\u00e9roport Turin<br \/>VTT et v\u00e9lo<br \/>Energie \u00e9lectrique certifi\u00e9e<br \/>Politique verte de lessive<br \/>Sans plastique<\/p>\n<\/div>\n<p><a href=\"https:\/\/booking.slope.it\/ddb2a151-c990-40f5-ae05-ebb5c5e8c87c\">Tarifs et galerie photo<\/a><\/p>\n<\/div>\n<ul>\n<li>\n<p>        <img decoding=\"async\" src=\"\/wp-content\/uploads\/2021\/08\/couerDuPont3.jpg\" alt=\"\"><\/p>\n<\/li>\n<li>\n<p>        <img decoding=\"async\" src=\"\/wp-content\/uploads\/2021\/08\/couerDuPont4.jpg\" alt=\"\"><\/p>\n<\/li>\n<li>\n<p>        <img decoding=\"async\" src=\"\/wp-content\/uploads\/2021\/08\/couerDuPont5.jpg\" alt=\"\"><\/p>\n<\/li>\n<li>\n<p>        <img decoding=\"async\" src=\"\/wp-content\/uploads\/2021\/08\/couerDuPont6.jpg\" alt=\"\"><\/p>\n<\/li>\n<li>\n<p>        <img decoding=\"async\" src=\"\/wp-content\/uploads\/2021\/08\/couerDuPont7.jpg\" alt=\"\"><\/p>\n<\/li>\n<li>\n<p>        <img decoding=\"async\" src=\"\/wp-content\/uploads\/2021\/08\/couerDuPont8.jpg\" alt=\"\"><\/p>\n<\/li>\n<\/ul>\n<div>O\u00f9 on est<\/div>\n<div>\n<p>    <iframe src=\"https:\/\/www.google.com\/maps\/embed?pb=!1m14!1m8!1m3!1d5582.733239694245!2d7.765282000000001!3d45.603276!3m2!1i1024!2i768!4f13.1!3m3!1m2!1s0x47889662b88d526f%3A0x23367e9497ea479!2sVia%20Principe%20Tommaso%2C%20104%2C%2011020%20Donnas%20AO%2C%20Italia!5e0!3m2!1sit!2sus!4v1629903100095!5m2!1sit!2sus\" width=\"100%\" height=\"450\" style=\"border:0;\" allowfullscreen=\"\" loading=\"lazy\"><\/iframe>\n<\/div>\n<p><!--more--><br \/>\n<!-- {\"name\":\"Trans Alps Adventure\",\"type\":\"layout\",\"children\":[{\"name\":\"Hero\",\"type\":\"section\",\"props\":{\"style\":\"primary\",\"width\":\"large\",\"vertical_align\":\"\",\"title_position\":\"top-left\",\"title_rotation\":\"left\",\"title_breakpoint\":\"xl\",\"image_position\":\"top-center\",\"height\":\"percent\",\"padding\":\"large\",\"image\":\"wp-content\\\/uploads\\\/2021\\\/08\\\/couerDuPont.jpeg\",\"text_color\":\"light\",\"image_size\":\"cover\",\"image_effect\":\"parallax\",\"image_width\":\"2560\",\"overlap\":false,\"image_parallax_breakpoint\":\"m\",\"image_parallax_bgy_start\":\"-200\"},\"children\":[{\"name\":\"\",\"type\":\"row\",\"children\":[{\"name\":\"\",\"type\":\"column\",\"props\":{\"image_position\":\"center-center\",\"media_overlay_gradient\":\"\",\"width_medium\":\"1-1\"},\"children\":[]}]}]},{\"name\":\"About\",\"type\":\"section\",\"props\":{\"style\":\"default\",\"width\":\"xlarge\",\"vertical_align\":\"middle\",\"title_position\":\"center-right\",\"title_rotation\":\"left\",\"title_breakpoint\":\"xl\",\"image_position\":\"center-center\",\"padding\":\"none\",\"overlap\":false,\"title\":\"\",\"padding_remove_bottom\":false,\"padding_remove_top\":false},\"children\":[{\"name\":\"\",\"type\":\"row\",\"props\":{\"layout\":\"1-2,1-2\",\"match\":true,\"column_gap\":\"collapse\",\"row_gap\":\"collapse\"},\"children\":[{\"name\":\"\",\"type\":\"column\",\"props\":{\"image_position\":\"center-center\",\"vertical_align\":\"middle\",\"media_overlay_gradient\":\"\",\"width_medium\":\"1-2\"},\"children\":[{\"name\":\"\",\"type\":\"image\",\"props\":{\"margin\":\"default\",\"text_align\":\"right\",\"maxwidth\":\"xlarge\",\"animation\":\"parallax\",\"image\":\"wp-content\\\/uploads\\\/2021\\\/08\\\/couerDuPont2.jpg\",\"image_width\":\"600\",\"parallax_breakpoint\":\"m\",\"parallax_y_end\":\"-240\",\"parallax_y_start\":\"-100\",\"image_box_decoration\":\"default\",\"block_align\":\"right\",\"image_svg_color\":\"emphasis\",\"image_height\":\"700\"}}]},{\"name\":\"\",\"type\":\"column\",\"props\":{\"image_position\":\"center-center\",\"media_overlay_gradient\":\"\",\"width_medium\":\"1-2\"},\"children\":[{\"name\":\"\",\"type\":\"panel\",\"props\":{\"link_text\":\"Tarifs et galerie photo\",\"title_element\":\"h1\",\"meta_style\":\"meta\",\"meta_align\":\"below-title\",\"image_align\":\"top\",\"image_grid_width\":\"1-2\",\"link_style\":\"primary\",\"margin\":\"\",\"panel_style\":\"card-default\",\"panel_size\":\"large\",\"title_style\":\"h1\",\"text_align\":\"left\",\"maxwidth\":\"xlarge\",\"maxwidth_breakpoint\":\"l\",\"animation\":\"parallax\",\"title\":\"H\\u00f4tel Le Coeur du Pont<br \/>***\",\"content\":\"\n\n<div class=\\\"uk-divider-small uk-margin-medium-top uk-margin-medium-bottom\\\"><\\\/div>\\n\n\n<p>Website: www.lecoeurdupont.com<br \\\/>T\\u00e9l\\u00e9phonne: <span>0125809378<\\\/span><br \\\/>Mail: info@lecoeurdupont.com<\\\/p>\\n\n\n<p><a href=\\\"http:\\\/\\\/www.facebook.com\\\/lecoeurdupont\\\" target=\\\"_blank\\\" rel=\\\"noopener\\\">www.facebook.com\\\/l<\\\/a>ecoeurdupont<\\\/p>\\n\n\n<p><strong>Advis<\\\/strong><br \\\/>9.1 Booking <br \\\/>4.5 \\\/ 377 Tripadvsor <br \\\/>8.9 \\\/ 41 Trivago <br \\\/><br \\\/><strong>Chambres<\\\/strong><br \\\/>2 classic<br \\\/>2 superior<br \\\/>3 family<br \\\/><br \\\/><strong>Services<\\\/strong><br \\\/>Enfants OUI<br \\\/>Restaurant OUI<br \\\/>Spa NON<br \\\/>Salle de conf\\u00e9rence: 25 pax<br \\\/>Chien OUI 10\\\/15\\u20ac par jour<br \\\/><br \\\/><strong>Green<\\\/strong><br \\\/>E-car a\\u00e9roport Turin<br \\\/>VTT et v\\u00e9lo<br \\\/>Energie \\u00e9lectrique certifi\\u00e9e<br \\\/>Politique verte de lessive<br \\\/>Sans plastique<\\\/p>\",\"parallax_breakpoint\":\"m\",\"parallax_y_start\":\"-200\",\"title_hover_style\":\"reset\",\"title_align\":\"top\",\"title_grid_width\":\"1-2\",\"image_svg_color\":\"emphasis\",\"position\":\"relative\",\"position_left\":\"-50\",\"css\":\"@media (max-width: 959px) {\\n    .el-element { position: static !important; }\\n}\",\"title_grid_breakpoint\":\"m\",\"image_grid_breakpoint\":\"m\",\"icon_width\":80,\"meta_element\":\"div\",\"content_column_breakpoint\":\"m\",\"link\":\"https:\\\/\\\/booking.slope.it\\\/ddb2a151-c990-40f5-ae05-ebb5c5e8c87c\",\"link_target\":true,\"meta\":\"Via P. Tommaso 104, 11020 Donnas\"}}]}]}]},{\"type\":\"section\",\"props\":{\"style\":\"default\",\"width\":\"default\",\"vertical_align\":\"middle\",\"title_position\":\"top-left\",\"title_rotation\":\"left\",\"title_breakpoint\":\"xl\",\"image_position\":\"center-center\"},\"children\":[{\"type\":\"row\",\"children\":[{\"type\":\"column\",\"props\":{\"image_position\":\"center-center\",\"media_overlay_gradient\":\"\"},\"children\":[{\"type\":\"gallery\",\"props\":{\"show_title\":true,\"show_meta\":true,\"show_content\":true,\"show_link\":true,\"show_hover_image\":true,\"grid_default\":\"1\",\"grid_medium\":\"4\",\"filter_style\":\"tab\",\"filter_all\":true,\"filter_position\":\"top\",\"filter_align\":\"left\",\"filter_grid_width\":\"auto\",\"filter_grid_breakpoint\":\"m\",\"overlay_mode\":\"cover\",\"overlay_hover\":true,\"overlay_style\":\"\",\"text_color\":\"light\",\"overlay_position\":\"center\",\"overlay_transition\":\"fade\",\"title_hover_style\":\"reset\",\"title_element\":\"h3\",\"meta_style\":\"meta\",\"meta_align\":\"below-title\",\"meta_element\":\"div\",\"link_text\":\"Fai click\",\"link_style\":\"\",\"text_align\":\"center\",\"margin\":\"default\",\"item_animation\":true,\"lightbox\":true,\"title_display\":\"lightbox\",\"content_display\":\"lightbox\",\"lightbox_image_orientation\":false,\"lightbox_image_width\":\"\",\"lightbox_image_height\":\"\",\"image_width\":\"400\",\"image_height\":\"400\"},\"children\":[{\"type\":\"gallery_item\",\"props\":{\"image\":\"wp-content\\\/uploads\\\/2021\\\/08\\\/couerDuPont3.jpg\"}},{\"type\":\"gallery_item\",\"props\":{\"image\":\"wp-content\\\/uploads\\\/2021\\\/08\\\/couerDuPont4.jpg\"}},{\"type\":\"gallery_item\",\"props\":{\"image\":\"wp-content\\\/uploads\\\/2021\\\/08\\\/couerDuPont5.jpg\"}},{\"type\":\"gallery_item\",\"props\":{\"image\":\"wp-content\\\/uploads\\\/2021\\\/08\\\/couerDuPont6.jpg\"}},{\"type\":\"gallery_item\",\"props\":{\"image\":\"wp-content\\\/uploads\\\/2021\\\/08\\\/couerDuPont7.jpg\"}},{\"type\":\"gallery_item\",\"props\":{\"image\":\"wp-content\\\/uploads\\\/2021\\\/08\\\/couerDuPont8.jpg\"}}]}]}]}]},{\"name\":\"Map\",\"type\":\"section\",\"props\":{\"style\":\"default\",\"width\":\"\",\"vertical_align\":\"middle\",\"title_position\":\"top-left\",\"title_rotation\":\"left\",\"title_breakpoint\":\"xl\",\"image_position\":\"center-center\",\"padding_remove_top\":false,\"padding_remove_bottom\":true,\"overlap\":false,\"id\":\"map\"},\"children\":[{\"name\":\"\",\"type\":\"row\",\"props\":{\"width\":\"large\",\"margin\":\"remove-vertical\"},\"children\":[{\"name\":\"\",\"type\":\"column\",\"props\":{\"image_position\":\"center-center\",\"css\":\"@media (min-width: 960px) {\\n    \\n    .el-column { z-index: 2; }\\n    \\n}\",\"media_overlay_gradient\":\"\",\"width_medium\":\"1-1\"},\"children\":[{\"name\":\"\",\"type\":\"headline\",\"props\":{\"title_element\":\"div\",\"title_style\":\"h4\",\"title_color\":\"primary\",\"text_align\":\"center\",\"content\":\"O\\u00f9 on est\"}}]}]},{\"name\":\"\",\"type\":\"row\",\"props\":{\"margin\":\"default\",\"margin_remove_bottom\":false},\"children\":[{\"name\":\"\",\"type\":\"column\",\"props\":{\"image_position\":\"center-center\",\"media_overlay_gradient\":\"\",\"width_medium\":\"1-1\"},\"children\":[{\"type\":\"html\",\"props\":{\"content\":\"<iframe src=\\\"https:\\\/\\\/www.google.com\\\/maps\\\/embed?pb=!1m14!1m8!1m3!1d5582.733239694245!2d7.765282000000001!3d45.603276!3m2!1i1024!2i768!4f13.1!3m3!1m2!1s0x47889662b88d526f%3A0x23367e9497ea479!2sVia%20Principe%20Tommaso%2C%20104%2C%2011020%20Donnas%20AO%2C%20Italia!5e0!3m2!1sit!2sus!4v1629903100095!5m2!1sit!2sus\\\" width=\\\"100%\\\" height=\\\"450\\\" style=\\\"border:0;\\\" allowfullscreen=\\\"\\\" loading=\\\"lazy\\\"><\\\/iframe>\"}}]}]}]}],\"version\":\"2.5.9\"} --><\/p>\n","protected":false},"excerpt":{"rendered":"<p>H\u00f4tel Le Coeur du Pont*** Via P. Tommaso 104, 11020 Donnas Website: www.lecoeurdupont.comT\u00e9l\u00e9phonne: 0125809378Mail: info@lecoeurdupont.com www.facebook.com\/lecoeurdupont Advis9.1 Booking 4.5 \/ 377 Tripadvsor 8.9 \/ 41 Trivago Chambres2 classic2 superior3 family ServicesEnfants OUIRestaurant OUISpa NONSalle de conf\u00e9rence: 25 paxChien OUI 10\/15\u20ac par jour GreenE-car a\u00e9roport TurinVTT et v\u00e9loEnergie \u00e9lectrique certifi\u00e9ePolitique verte de lessiveSans plastique Tarifs et [&hellip;]<\/p>\n","protected":false},"author":1,"featured_media":0,"parent":0,"menu_order":0,"comment_status":"closed","ping_status":"closed","template":"","meta":{"saved_in_kubio":false,"_seopress_robots_primary_cat":"","_seopress_titles_title":"Hotel Coeur du Pont | Green Experience Vall\u00e9e d&#039;Aoste","_seopress_titles_desc":"L&#039;hotel Le Coeur du Pont \u00e8 a vostra disposizione per informazioni, consigli e per organizzare la vostra vacanza in Valle d&#039;Aosta. Non esitate a contattarci. Clicca qui!","_seopress_robots_index":"","footnotes":""},"class_list":["post-3669","page","type-page","status-publish","hentry"],"kubio_ai_page_context":{"short_desc":"","purpose":"general"},"_links":{"self":[{"href":"https:\/\/www.greenvda.com\/fr\/wp-json\/wp\/v2\/pages\/3669","targetHints":{"allow":["GET"]}}],"collection":[{"href":"https:\/\/www.greenvda.com\/fr\/wp-json\/wp\/v2\/pages"}],"about":[{"href":"https:\/\/www.greenvda.com\/fr\/wp-json\/wp\/v2\/types\/page"}],"author":[{"embeddable":true,"href":"https:\/\/www.greenvda.com\/fr\/wp-json\/wp\/v2\/users\/1"}],"replies":[{"embeddable":true,"href":"https:\/\/www.greenvda.com\/fr\/wp-json\/wp\/v2\/comments?post=3669"}],"version-history":[{"count":2,"href":"https:\/\/www.greenvda.com\/fr\/wp-json\/wp\/v2\/pages\/3669\/revisions"}],"predecessor-version":[{"id":3879,"href":"https:\/\/www.greenvda.com\/fr\/wp-json\/wp\/v2\/pages\/3669\/revisions\/3879"}],"wp:attachment":[{"href":"https:\/\/www.greenvda.com\/fr\/wp-json\/wp\/v2\/media?parent=3669"}],"curies":[{"name":"wp","href":"https:\/\/api.w.org\/{rel}","templated":true}]}}