{"id":3666,"date":"2021-08-25T16:14:16","date_gmt":"2021-08-25T14:14:16","guid":{"rendered":"https:\/\/www.greenvda.com\/hotel-castor\/"},"modified":"2022-03-06T15:34:29","modified_gmt":"2022-03-06T14:34:29","slug":"hotel-castor","status":"publish","type":"page","link":"https:\/\/www.greenvda.com\/fr\/hotel-castor\/","title":{"rendered":"Hotel Castor"},"content":{"rendered":"<p><img decoding=\"async\" src=\"\/wp-content\/uploads\/2021\/08\/126141231_10157934827239499_4443546498768306513_o.jpg\" alt=\"\"><\/p>\n<div>\n<h1>H\u00f4tel Castor<br \/>***<\/h1>\n<p>Via Ramey 2, 11020 Champoluc<\/p>\n<div>\n<div class=\"uk-divider-small uk-margin-medium-top uk-margin-medium-bottom\"><\/div>\n<p>Website: <a href=\"http:\/\/www.hotelcastor.eu\">http:\/\/www.hotelcastor.eu<\/a><br \/>T\u00e9l\u00e9phonne: +39<span>0125307117<\/span><br \/>Mail: info@hotelcastor.eu<\/p>\n<p><a href=\"http:\/\/www.facebook.com\/albergo.castor\" target=\"_blank\" rel=\"noopener\">www.facebook.com\/albergo.castor<\/a><\/p>\n<p><strong>Advis<\/strong><br \/>8.7 Booking <br \/>4.0 \/ 217 Tripadvsor <br \/>8.5 \/ 169 Trivago <\/p>\n<p><strong>Chambres:<\/strong>\u00a0 <strong>32<\/strong><br \/>3 singles<br \/>5 doubles junior <br \/>10 doubles<br \/>8 triples<br \/>6 quadruples<br \/>1 apartement externe (4\/5 personnes)<\/p>\n<p><strong>Services<\/strong><br \/>Enfants + de 3 ans admis<br \/>Restaurant OUI<br \/>Spa avec convention<br \/>Salle conf\u00e9rence avec convention 20 personnes<\/p>\n<p><strong>Green<\/strong> <br \/>E-car \u00e0 l&rsquo;h\u00f4tel<br \/>E-car \u00e0 l&rsquo;a\u00e9roport de Turin<br \/>E-bike <br \/>Energie \u00e9lectrique certifi\u00e9e<br \/>Politique verte de lessive<br \/>Produits Km Z\u00e9ro<\/p>\n<\/div>\n<p><a href=\"https:\/\/reservations-dms.verticalbooking.com\/risultati_albergo.htm?id_stile=184&#038;aff_id=193&#038;aff_code=AlpineGreenExperienc&#038;id_canale=1053&#038;numero_camere=1&#038;numero_adulti=2&#038;id_albergo=131&#038;lingua_utilizzata=ita\">Tarifs et galerie photo<\/a><\/p>\n<\/div>\n<ul>\n<li>\n<p>        <img decoding=\"async\" src=\"\/wp-content\/uploads\/2021\/08\/hotelCastor2.jpeg\" alt=\"\"><\/p>\n<\/li>\n<li>\n<p>        <img decoding=\"async\" src=\"\/wp-content\/uploads\/2021\/08\/hotelCastor3.jpg\" alt=\"\"><\/p>\n<\/li>\n<li>\n<p>        <img decoding=\"async\" src=\"\/wp-content\/uploads\/2021\/08\/hotelCastor4.jpg\" alt=\"\"><\/p>\n<\/li>\n<li>\n<p>        <img decoding=\"async\" src=\"\/wp-content\/uploads\/2021\/08\/hotelCastor5.jpg\" alt=\"\"><\/p>\n<\/li>\n<li>\n<p>        <img decoding=\"async\" src=\"\/wp-content\/uploads\/2021\/08\/hotelCastor6.jpg\" alt=\"\"><\/p>\n<\/li>\n<li>\n<p>        <img decoding=\"async\" src=\"\/wp-content\/uploads\/2021\/08\/hotelCastor7.jpg\" alt=\"\"><\/p>\n<\/li>\n<li>\n<p>        <img decoding=\"async\" src=\"\/wp-content\/uploads\/2021\/08\/hotelCastor8.jpg\" alt=\"\"><\/p>\n<\/li>\n<li>\n<p>        <img decoding=\"async\" src=\"\/wp-content\/uploads\/2021\/08\/hotelCastor9.jpg\" alt=\"\"><\/p>\n<\/li>\n<\/ul>\n<div>O\u00f9 on est<\/div>\n<div>\n<p>    <iframe src=\"https:\/\/www.google.com\/maps\/embed?pb=!1m14!1m8!1m3!1d2779.964948182837!2d7.726779999999999!3d45.831984!3m2!1i1024!2i768!4f13.1!3m3!1m2!1s0x4788b7d51bcc0a5f%3A0xeed838e067711ee4!2sHotel%20Castor!5e0!3m2!1sit!2sus!4v1629901387894!5m2!1sit!2sus\" width=\"100%\" height=\"450\" style=\"border:0;\" allowfullscreen=\"\" loading=\"lazy\"><\/iframe>\n<\/div>\n<p><!--more--><br \/>\n<!-- {\"name\":\"Trans Alps Adventure\",\"type\":\"layout\",\"children\":[{\"name\":\"Hero\",\"type\":\"section\",\"props\":{\"style\":\"primary\",\"width\":\"large\",\"vertical_align\":\"\",\"title_position\":\"top-left\",\"title_rotation\":\"left\",\"title_breakpoint\":\"xl\",\"image_position\":\"top-center\",\"height\":\"percent\",\"padding\":\"large\",\"image\":\"wp-content\\\/uploads\\\/2021\\\/08\\\/hotelCastor1.jpg\",\"text_color\":\"light\",\"image_size\":\"cover\",\"image_effect\":\"parallax\",\"image_width\":\"2560\",\"overlap\":false,\"image_parallax_breakpoint\":\"m\",\"image_parallax_bgy_start\":\"-200\"},\"children\":[{\"name\":\"\",\"type\":\"row\",\"children\":[{\"name\":\"\",\"type\":\"column\",\"props\":{\"image_position\":\"center-center\",\"media_overlay_gradient\":\"\",\"width_medium\":\"1-1\"},\"children\":[]}]}]},{\"name\":\"About\",\"type\":\"section\",\"props\":{\"style\":\"default\",\"width\":\"xlarge\",\"vertical_align\":\"middle\",\"title_position\":\"center-right\",\"title_rotation\":\"left\",\"title_breakpoint\":\"xl\",\"image_position\":\"center-center\",\"padding\":\"none\",\"overlap\":false,\"title\":\"\",\"padding_remove_bottom\":false,\"padding_remove_top\":false},\"children\":[{\"name\":\"\",\"type\":\"row\",\"props\":{\"layout\":\"1-2,1-2\",\"match\":true,\"column_gap\":\"collapse\",\"row_gap\":\"collapse\"},\"children\":[{\"name\":\"\",\"type\":\"column\",\"props\":{\"image_position\":\"center-center\",\"vertical_align\":\"middle\",\"media_overlay_gradient\":\"\",\"width_medium\":\"1-2\"},\"children\":[{\"name\":\"\",\"type\":\"image\",\"props\":{\"margin\":\"default\",\"text_align\":\"right\",\"maxwidth\":\"xlarge\",\"animation\":\"parallax\",\"image\":\"wp-content\\\/uploads\\\/2021\\\/08\\\/126141231_10157934827239499_4443546498768306513_o.jpg\",\"image_width\":\"600\",\"parallax_breakpoint\":\"m\",\"parallax_y_end\":\"-240\",\"parallax_y_start\":\"-100\",\"image_box_decoration\":\"default\",\"block_align\":\"right\",\"image_svg_color\":\"emphasis\",\"image_height\":\"700\"}}]},{\"name\":\"\",\"type\":\"column\",\"props\":{\"image_position\":\"center-center\",\"media_overlay_gradient\":\"\",\"width_medium\":\"1-2\"},\"children\":[{\"name\":\"\",\"type\":\"panel\",\"props\":{\"link_text\":\"Tarifs et galerie photo\",\"title_element\":\"h1\",\"meta_style\":\"meta\",\"meta_align\":\"below-title\",\"image_align\":\"top\",\"image_grid_width\":\"1-2\",\"link_style\":\"primary\",\"margin\":\"\",\"panel_style\":\"card-default\",\"panel_size\":\"large\",\"title_style\":\"h1\",\"text_align\":\"left\",\"maxwidth\":\"xlarge\",\"maxwidth_breakpoint\":\"l\",\"animation\":\"parallax\",\"title\":\"H\\u00f4tel Castor<br \/>***\",\"content\":\"\n\n<div class=\\\"uk-divider-small uk-margin-medium-top uk-margin-medium-bottom\\\"><\\\/div>\\n\n\n<p>Website: <a href=\\\"http:\\\/\\\/www.hotelcastor.eu\\\">http:\\\/\\\/www.hotelcastor.eu<\\\/a><br \\\/>T\\u00e9l\\u00e9phonne: +39<span>0125307117<\\\/span><br \\\/>Mail: info@hotelcastor.eu<\\\/p>\\n\n\n<p><a href=\\\"http:\\\/\\\/www.facebook.com\\\/albergo.castor\\\" target=\\\"_blank\\\" rel=\\\"noopener\\\">www.facebook.com\\\/albergo.castor<\\\/a><\\\/p>\\n\n\n<p><strong>Advis<\\\/strong><br \\\/>8.7 Booking <br \\\/>4.0 \\\/ 217 Tripadvsor <br \\\/>8.5 \\\/ 169 Trivago <br \\\/><br \\\/><strong>Chambres:<\\\/strong>\\u00a0 <strong>32<\\\/strong><br \\\/>3 singles<br \\\/>5 doubles junior <br \\\/>10 doubles<br \\\/>8 triples<br \\\/>6 quadruples<br \\\/>1 apartement externe (4\\\/5 personnes)<br \\\/><br \\\/><strong>Services<\\\/strong><br \\\/>Enfants + de 3 ans admis<br \\\/>Restaurant OUI<br \\\/>Spa avec convention<br \\\/>Salle conf\\u00e9rence avec convention 20 personnes<br \\\/><br \\\/><strong>Green<\\\/strong> <br \\\/>E-car \\u00e0 l'h\\u00f4tel<br \\\/>E-car \\u00e0 l'a\\u00e9roport de Turin<br \\\/>E-bike <br \\\/>Energie \\u00e9lectrique certifi\\u00e9e<br \\\/>Politique verte de lessive<br \\\/>Produits Km Z\\u00e9ro<\\\/p>\",\"parallax_breakpoint\":\"m\",\"parallax_y_start\":\"-200\",\"title_hover_style\":\"reset\",\"title_align\":\"top\",\"title_grid_width\":\"1-2\",\"image_svg_color\":\"emphasis\",\"position\":\"relative\",\"position_left\":\"-50\",\"css\":\"@media (max-width: 959px) {\\n    .el-element { position: static !important; }\\n}\",\"title_grid_breakpoint\":\"m\",\"image_grid_breakpoint\":\"m\",\"icon_width\":80,\"meta_element\":\"div\",\"content_column_breakpoint\":\"m\",\"link\":\"https:\\\/\\\/reservations-dms.verticalbooking.com\\\/risultati_albergo.htm?id_stile=184&aff_id=193&aff_code=AlpineGreenExperienc&id_canale=1053&numero_camere=1&numero_adulti=2&id_albergo=131&lingua_utilizzata=ita\",\"link_target\":true,\"meta\":\"Via Ramey 2, 11020 Champoluc\"}}]}]}]},{\"type\":\"section\",\"props\":{\"style\":\"default\",\"width\":\"default\",\"vertical_align\":\"middle\",\"title_position\":\"top-left\",\"title_rotation\":\"left\",\"title_breakpoint\":\"xl\",\"image_position\":\"center-center\"},\"children\":[{\"type\":\"row\",\"children\":[{\"type\":\"column\",\"props\":{\"image_position\":\"center-center\",\"media_overlay_gradient\":\"\"},\"children\":[{\"type\":\"gallery\",\"props\":{\"show_title\":true,\"show_meta\":true,\"show_content\":true,\"show_link\":true,\"show_hover_image\":true,\"grid_default\":\"1\",\"grid_medium\":\"4\",\"filter_style\":\"tab\",\"filter_all\":true,\"filter_position\":\"top\",\"filter_align\":\"left\",\"filter_grid_width\":\"auto\",\"filter_grid_breakpoint\":\"m\",\"overlay_mode\":\"cover\",\"overlay_hover\":true,\"overlay_style\":\"\",\"text_color\":\"light\",\"overlay_position\":\"center\",\"overlay_transition\":\"fade\",\"title_hover_style\":\"reset\",\"title_element\":\"h3\",\"meta_style\":\"meta\",\"meta_align\":\"below-title\",\"meta_element\":\"div\",\"link_text\":\"Fai click\",\"link_style\":\"\",\"text_align\":\"center\",\"margin\":\"default\",\"item_animation\":true,\"lightbox\":true,\"title_display\":\"lightbox\",\"content_display\":\"lightbox\",\"lightbox_image_orientation\":false,\"lightbox_image_width\":\"\",\"lightbox_image_height\":\"\",\"image_width\":\"400\",\"image_height\":\"400\"},\"children\":[{\"type\":\"gallery_item\",\"props\":{\"image\":\"wp-content\\\/uploads\\\/2021\\\/08\\\/hotelCastor2.jpeg\"}},{\"type\":\"gallery_item\",\"props\":{\"image\":\"wp-content\\\/uploads\\\/2021\\\/08\\\/hotelCastor3.jpg\"}},{\"type\":\"gallery_item\",\"props\":{\"image\":\"wp-content\\\/uploads\\\/2021\\\/08\\\/hotelCastor4.jpg\"}},{\"type\":\"gallery_item\",\"props\":{\"image\":\"wp-content\\\/uploads\\\/2021\\\/08\\\/hotelCastor5.jpg\"}},{\"type\":\"gallery_item\",\"props\":{\"image\":\"wp-content\\\/uploads\\\/2021\\\/08\\\/hotelCastor6.jpg\"}},{\"type\":\"gallery_item\",\"props\":{\"image\":\"wp-content\\\/uploads\\\/2021\\\/08\\\/hotelCastor7.jpg\"}},{\"type\":\"gallery_item\",\"props\":{\"image\":\"wp-content\\\/uploads\\\/2021\\\/08\\\/hotelCastor8.jpg\"}},{\"type\":\"gallery_item\",\"props\":{\"image\":\"wp-content\\\/uploads\\\/2021\\\/08\\\/hotelCastor9.jpg\"}}]}]}]}]},{\"name\":\"Map\",\"type\":\"section\",\"props\":{\"style\":\"default\",\"width\":\"\",\"vertical_align\":\"middle\",\"title_position\":\"top-left\",\"title_rotation\":\"left\",\"title_breakpoint\":\"xl\",\"image_position\":\"center-center\",\"padding_remove_top\":false,\"padding_remove_bottom\":true,\"overlap\":false,\"id\":\"map\"},\"children\":[{\"name\":\"\",\"type\":\"row\",\"props\":{\"width\":\"large\",\"margin\":\"remove-vertical\"},\"children\":[{\"name\":\"\",\"type\":\"column\",\"props\":{\"image_position\":\"center-center\",\"css\":\"@media (min-width: 960px) {\\n    \\n    .el-column { z-index: 2; }\\n    \\n}\",\"media_overlay_gradient\":\"\",\"width_medium\":\"1-1\"},\"children\":[{\"name\":\"\",\"type\":\"headline\",\"props\":{\"title_element\":\"div\",\"title_style\":\"h4\",\"title_color\":\"primary\",\"text_align\":\"center\",\"content\":\"O\\u00f9 on est\"}}]}]},{\"name\":\"\",\"type\":\"row\",\"props\":{\"margin\":\"default\",\"margin_remove_bottom\":false},\"children\":[{\"name\":\"\",\"type\":\"column\",\"props\":{\"image_position\":\"center-center\",\"media_overlay_gradient\":\"\",\"width_medium\":\"1-1\"},\"children\":[{\"type\":\"html\",\"props\":{\"content\":\"<iframe src=\\\"https:\\\/\\\/www.google.com\\\/maps\\\/embed?pb=!1m14!1m8!1m3!1d2779.964948182837!2d7.726779999999999!3d45.831984!3m2!1i1024!2i768!4f13.1!3m3!1m2!1s0x4788b7d51bcc0a5f%3A0xeed838e067711ee4!2sHotel%20Castor!5e0!3m2!1sit!2sus!4v1629901387894!5m2!1sit!2sus\\\" width=\\\"100%\\\" height=\\\"450\\\" style=\\\"border:0;\\\" allowfullscreen=\\\"\\\" loading=\\\"lazy\\\"><\\\/iframe>\"}}]}]}]}],\"version\":\"2.5.9\"} --><\/p>\n","protected":false},"excerpt":{"rendered":"<p>H\u00f4tel Castor*** Via Ramey 2, 11020 Champoluc Website: http:\/\/www.hotelcastor.euT\u00e9l\u00e9phonne: +390125307117Mail: info@hotelcastor.eu www.facebook.com\/albergo.castor Advis8.7 Booking 4.0 \/ 217 Tripadvsor 8.5 \/ 169 Trivago Chambres:\u00a0 323 singles5 doubles junior 10 doubles8 triples6 quadruples1 apartement externe (4\/5 personnes) ServicesEnfants + de 3 ans admisRestaurant OUISpa avec conventionSalle conf\u00e9rence avec convention 20 personnes Green E-car \u00e0 l&rsquo;h\u00f4telE-car \u00e0 l&rsquo;a\u00e9roport [&hellip;]<\/p>\n","protected":false},"author":1,"featured_media":0,"parent":0,"menu_order":0,"comment_status":"closed","ping_status":"closed","template":"","meta":{"_seopress_robots_primary_cat":"","_seopress_titles_title":"Hotel Castor | Green Experience Vall\u00e9e d&#039;Aoste","_seopress_titles_desc":"L&#039;hotel Castor \u00e8 a vostra disposizione per informazioni, consigli e per organizzare la vostra vacanza in Valle d&#039;Aosta. Non esitate a contattarci. Clicca qui!","_seopress_robots_index":"","footnotes":""},"class_list":["post-3666","page","type-page","status-publish","hentry"],"_links":{"self":[{"href":"https:\/\/www.greenvda.com\/fr\/wp-json\/wp\/v2\/pages\/3666","targetHints":{"allow":["GET"]}}],"collection":[{"href":"https:\/\/www.greenvda.com\/fr\/wp-json\/wp\/v2\/pages"}],"about":[{"href":"https:\/\/www.greenvda.com\/fr\/wp-json\/wp\/v2\/types\/page"}],"author":[{"embeddable":true,"href":"https:\/\/www.greenvda.com\/fr\/wp-json\/wp\/v2\/users\/1"}],"replies":[{"embeddable":true,"href":"https:\/\/www.greenvda.com\/fr\/wp-json\/wp\/v2\/comments?post=3666"}],"version-history":[{"count":4,"href":"https:\/\/www.greenvda.com\/fr\/wp-json\/wp\/v2\/pages\/3666\/revisions"}],"predecessor-version":[{"id":3859,"href":"https:\/\/www.greenvda.com\/fr\/wp-json\/wp\/v2\/pages\/3666\/revisions\/3859"}],"wp:attachment":[{"href":"https:\/\/www.greenvda.com\/fr\/wp-json\/wp\/v2\/media?parent=3666"}],"curies":[{"name":"wp","href":"https:\/\/api.w.org\/{rel}","templated":true}]}}