{"id":3663,"date":"2021-08-24T14:34:50","date_gmt":"2021-08-24T12:34:50","guid":{"rendered":"https:\/\/www.greenvda.com\/hotel-berthod\/"},"modified":"2022-03-25T14:05:20","modified_gmt":"2022-03-25T13:05:20","slug":"hotel-berthod","status":"publish","type":"page","link":"https:\/\/www.greenvda.com\/fr\/hotel-berthod\/","title":{"rendered":"Hotel Berthod"},"content":{"rendered":"<p><img decoding=\"async\" src=\"\/wp-content\/uploads\/2021\/08\/hotelBerthod4.jpg\" alt=\"\"><\/p>\n<div>\n<h1>H\u00f4tel Berthod<br \/> ***<\/h1>\n<p>Via Mario Puchoz 11, 11013 Courmayeur<\/p>\n<div>\n<div class=\"uk-divider-small uk-margin-medium-top uk-margin-medium-bottom\"><\/div>\n<p>Website: <a href=\"http:\/\/www,hotelberthod.com\">www.hotelberthod.com<\/a><br \/>T\u00e9l\u00e9phonne: +39<span>0165842835<\/span><br \/>Mail: info@hotelberthod.com<\/p>\n<p><a href=\"https:\/\/www.facebook.com\/hotelberthod\/\">https:\/\/www.facebook.com\/hotelberthod\/<\/a><\/p>\n<p><strong>Advis<\/strong><br \/>9.1 Booking <br \/>4.5 \/ 381 Tripadvsor <br \/>9.0 \/ 194 Trivago <\/p>\n<p><b>Chambres<\/b><br \/>8 standard <br \/>9 superior <br \/>11 deluxe <br \/>4 junior suite <br \/>5 family room <br \/>7 apartements (max 4 personnes)<\/p>\n<p><strong>Services<\/strong><br \/>Enfants + de 2 ans admis<br \/>Restaurant: NO<br \/>Spa OUI<br \/>Salle conf\u00e9rence 60 personnes<br \/>Chiens seulement dans les apartements<\/p>\n<p><strong>Green<\/strong> <br \/>Panneaux solaires<br \/>Borne de recharge \u00e9lectrique<br \/>E-car \u00e0 l&rsquo; h\u00f4tel<br \/>E-car \u00e0 l&rsquo;a\u00e9roport de Turin<br \/>Rechauffage \u00e0 Biomasse<br \/>Energie \u00e9lectrique certifi\u00e9e<br \/>Politique verte de lessive<br \/>Sans plastique<\/p>\n<\/div>\n<p><a href=\"https:\/\/reservations-dms.verticalbooking.com\/risultati_albergo.htm?id_stile=184&#038;aff_id=193&#038;aff_code=AlpineGreenExperienc&#038;id_canale=1053&#038;numero_camere=1&#038;numero_adulti=2&#038;id_albergo=803&#038;lingua_utilizzata=ita\">Tarifs et galerie photo<\/a><\/p>\n<\/div>\n<ul>\n<li>\n<p>        <img decoding=\"async\" src=\"\/wp-content\/uploads\/2021\/08\/hotelBerthod2.jpg\" alt=\"\"><\/p>\n<\/li>\n<li>\n<p>        <img decoding=\"async\" src=\"\/wp-content\/uploads\/2021\/08\/hotelBerthod3.jpg\" alt=\"\"><\/p>\n<\/li>\n<li>\n<p>        <img decoding=\"async\" src=\"\/wp-content\/uploads\/2021\/08\/hotelBerthod5.jpg\" alt=\"\"><\/p>\n<\/li>\n<li>\n<p>        <img decoding=\"async\" src=\"\/wp-content\/uploads\/2021\/08\/hotelBerthod6.jpg\" alt=\"\"><\/p>\n<\/li>\n<li>\n<p>        <img decoding=\"async\" src=\"\/wp-content\/uploads\/2021\/08\/hotelBerthod7.jpg\" alt=\"\"><\/p>\n<\/li>\n<li>\n<p>        <img decoding=\"async\" src=\"\/wp-content\/uploads\/2021\/08\/hotel-berthod-servizi-4.jpg\" alt=\"\"><\/p>\n<\/li>\n<li>\n<p>        <img decoding=\"async\" src=\"\/wp-content\/uploads\/2021\/08\/enclos-de-moro-berthod-28.jpeg\" alt=\"\"><\/p>\n<\/li>\n<li>\n<p>        <img decoding=\"async\" src=\"\/wp-content\/uploads\/2021\/08\/hotel-berthod-servizi-2.jpg\" alt=\"\"><\/p>\n<\/li>\n<\/ul>\n<div>O\u00f9 on est<\/div>\n<div>\n<p>    <iframe src=\"https:\/\/www.google.com\/maps\/embed?pb=!1m14!1m8!1m3!1d1391.027296437408!2d6.972595!3d45.790134!3m2!1i1024!2i768!4f13.1!3m3!1m2!1s0x4789476915dcaad9%3A0xec8bfbf424de4df3!2sHotel%20Berthod!5e0!3m2!1sit!2sus!4v1629808894341!5m2!1sit!2sus\" width=\"100%\" height=\"450\" style=\"border:0;\" allowfullscreen=\"\" loading=\"lazy\"><\/iframe>\n<\/div>\n<p><!--more--><br \/>\n<!-- {\"name\":\"Trans Alps Adventure\",\"type\":\"layout\",\"children\":[{\"name\":\"Hero\",\"type\":\"section\",\"props\":{\"style\":\"primary\",\"width\":\"large\",\"vertical_align\":\"\",\"title_position\":\"top-left\",\"title_rotation\":\"left\",\"title_breakpoint\":\"xl\",\"image_position\":\"top-center\",\"height\":\"percent\",\"padding\":\"large\",\"image\":\"wp-content\\\/uploads\\\/2021\\\/08\\\/hotelBerthod.jpg\",\"text_color\":\"light\",\"image_size\":\"cover\",\"image_effect\":\"parallax\",\"image_width\":\"2560\",\"overlap\":false,\"image_parallax_breakpoint\":\"m\",\"image_parallax_bgy_start\":\"-200\"},\"children\":[{\"name\":\"\",\"type\":\"row\",\"children\":[{\"name\":\"\",\"type\":\"column\",\"props\":{\"image_position\":\"center-center\",\"media_overlay_gradient\":\"\",\"width_medium\":\"1-1\"},\"children\":[]}]}]},{\"name\":\"About\",\"type\":\"section\",\"props\":{\"style\":\"default\",\"width\":\"xlarge\",\"vertical_align\":\"middle\",\"title_position\":\"center-right\",\"title_rotation\":\"left\",\"title_breakpoint\":\"xl\",\"image_position\":\"center-center\",\"padding\":\"none\",\"overlap\":false,\"title\":\"\",\"padding_remove_bottom\":false,\"padding_remove_top\":false},\"children\":[{\"name\":\"\",\"type\":\"row\",\"props\":{\"layout\":\"1-2,1-2\",\"match\":true,\"column_gap\":\"collapse\",\"row_gap\":\"collapse\"},\"children\":[{\"name\":\"\",\"type\":\"column\",\"props\":{\"image_position\":\"center-center\",\"vertical_align\":\"middle\",\"media_overlay_gradient\":\"\",\"width_medium\":\"1-2\"},\"children\":[{\"name\":\"\",\"type\":\"image\",\"props\":{\"margin\":\"default\",\"text_align\":\"right\",\"maxwidth\":\"xlarge\",\"animation\":\"parallax\",\"image\":\"wp-content\\\/uploads\\\/2021\\\/08\\\/hotelBerthod4.jpg\",\"image_width\":\"600\",\"parallax_breakpoint\":\"m\",\"parallax_y_end\":\"-240\",\"parallax_y_start\":\"-100\",\"image_box_decoration\":\"default\",\"block_align\":\"right\",\"image_svg_color\":\"emphasis\",\"image_height\":\"700\"}}]},{\"name\":\"\",\"type\":\"column\",\"props\":{\"image_position\":\"center-center\",\"media_overlay_gradient\":\"\",\"width_medium\":\"1-2\"},\"children\":[{\"name\":\"\",\"type\":\"panel\",\"props\":{\"link_text\":\"Tarifs et galerie photo\",\"title_element\":\"h1\",\"meta_style\":\"meta\",\"meta_align\":\"below-title\",\"image_align\":\"top\",\"image_grid_width\":\"1-2\",\"link_style\":\"primary\",\"margin\":\"\",\"panel_style\":\"card-default\",\"panel_size\":\"large\",\"title_style\":\"h1\",\"text_align\":\"left\",\"maxwidth\":\"xlarge\",\"maxwidth_breakpoint\":\"l\",\"animation\":\"parallax\",\"title\":\"H\\u00f4tel Berthod<br \/> ***\",\"content\":\"\n\n<div class=\\\"uk-divider-small uk-margin-medium-top uk-margin-medium-bottom\\\"><\\\/div>\\n\n\n<p>Website: <a href=\\\"http:\\\/\\\/www,hotelberthod.com\\\">www.hotelberthod.com<\\\/a><br \\\/>T\\u00e9l\\u00e9phonne: +39<span>0165842835<\\\/span><br \\\/>Mail: info@hotelberthod.com<\\\/p>\\n\n\n<p><a href=\\\"https:\\\/\\\/www.facebook.com\\\/hotelberthod\\\/\\\">https:\\\/\\\/www.facebook.com\\\/hotelberthod\\\/<\\\/a><\\\/p>\\n\n\n<p><strong>Advis<\\\/strong><br \\\/>9.1 Booking <br \\\/>4.5 \\\/ 381 Tripadvsor <br \\\/>9.0 \\\/ 194 Trivago <br \\\/><br \\\/><b>Chambres<\\\/b><br \\\/>8 standard <br \\\/>9 superior <br \\\/>11 deluxe <br \\\/>4 junior suite <br \\\/>5 family room <br \\\/>7 apartements (max 4 personnes)<br \\\/><br \\\/><strong>Services<\\\/strong><br \\\/>Enfants + de 2 ans admis<br \\\/>Restaurant: NO<br \\\/>Spa OUI<br \\\/>Salle conf\\u00e9rence 60 personnes<br \\\/>Chiens seulement dans les apartements<br \\\/><br \\\/><br \\\/><strong>Green<\\\/strong> <br \\\/>Panneaux solaires<br \\\/>Borne de recharge \\u00e9lectrique<br \\\/>E-car \\u00e0 l' h\\u00f4tel<br \\\/>E-car \\u00e0 l'a\\u00e9roport de Turin<br \\\/>Rechauffage \\u00e0 Biomasse<br \\\/>Energie \\u00e9lectrique certifi\\u00e9e<br \\\/>Politique verte de lessive<br \\\/>Sans plastique<\\\/p>\",\"parallax_breakpoint\":\"m\",\"parallax_y_start\":\"-200\",\"title_hover_style\":\"reset\",\"title_align\":\"top\",\"title_grid_width\":\"1-2\",\"image_svg_color\":\"emphasis\",\"position\":\"relative\",\"position_left\":\"-50\",\"css\":\"@media (max-width: 959px) {\\n    .el-element { position: static !important; }\\n}\",\"title_grid_breakpoint\":\"m\",\"image_grid_breakpoint\":\"m\",\"icon_width\":80,\"meta_element\":\"div\",\"content_column_breakpoint\":\"m\",\"link\":\"https:\\\/\\\/reservations-dms.verticalbooking.com\\\/risultati_albergo.htm?id_stile=184&aff_id=193&aff_code=AlpineGreenExperienc&id_canale=1053&numero_camere=1&numero_adulti=2&id_albergo=803&lingua_utilizzata=ita\",\"link_target\":true,\"meta\":\"Via Mario Puchoz 11, 11013 Courmayeur\"}}]}]}]},{\"type\":\"section\",\"props\":{\"style\":\"default\",\"width\":\"default\",\"vertical_align\":\"middle\",\"title_position\":\"top-left\",\"title_rotation\":\"left\",\"title_breakpoint\":\"xl\",\"image_position\":\"center-center\"},\"children\":[{\"type\":\"row\",\"children\":[{\"type\":\"column\",\"props\":{\"image_position\":\"center-center\",\"media_overlay_gradient\":\"\"},\"children\":[{\"type\":\"gallery\",\"props\":{\"show_title\":true,\"show_meta\":true,\"show_content\":true,\"show_link\":true,\"show_hover_image\":true,\"grid_default\":\"1\",\"grid_medium\":\"4\",\"filter_style\":\"tab\",\"filter_all\":true,\"filter_position\":\"top\",\"filter_align\":\"left\",\"filter_grid_width\":\"auto\",\"filter_grid_breakpoint\":\"m\",\"overlay_mode\":\"cover\",\"overlay_hover\":true,\"overlay_style\":\"\",\"text_color\":\"light\",\"overlay_position\":\"center\",\"overlay_transition\":\"fade\",\"title_hover_style\":\"reset\",\"title_element\":\"h3\",\"meta_style\":\"meta\",\"meta_align\":\"below-title\",\"meta_element\":\"div\",\"link_text\":\"Fai click\",\"link_style\":\"\",\"text_align\":\"center\",\"margin\":\"default\",\"item_animation\":true,\"lightbox\":true,\"title_display\":\"lightbox\",\"content_display\":\"lightbox\",\"lightbox_image_orientation\":false,\"lightbox_image_width\":\"\",\"lightbox_image_height\":\"\",\"image_width\":\"400\",\"image_height\":\"400\"},\"children\":[{\"type\":\"gallery_item\",\"props\":{\"image\":\"wp-content\\\/uploads\\\/2021\\\/08\\\/hotelBerthod2.jpg\"}},{\"type\":\"gallery_item\",\"props\":{\"image\":\"wp-content\\\/uploads\\\/2021\\\/08\\\/hotelBerthod3.jpg\"}},{\"type\":\"gallery_item\",\"props\":{\"image\":\"wp-content\\\/uploads\\\/2021\\\/08\\\/hotelBerthod5.jpg\"}},{\"type\":\"gallery_item\",\"props\":{\"image\":\"wp-content\\\/uploads\\\/2021\\\/08\\\/hotelBerthod6.jpg\"}},{\"type\":\"gallery_item\",\"props\":{\"image\":\"wp-content\\\/uploads\\\/2021\\\/08\\\/hotelBerthod7.jpg\"}},{\"type\":\"gallery_item\",\"props\":{\"image\":\"wp-content\\\/uploads\\\/2021\\\/08\\\/hotel-berthod-servizi-4.jpg\"}},{\"type\":\"gallery_item\",\"props\":{\"image\":\"wp-content\\\/uploads\\\/2021\\\/08\\\/enclos-de-moro-berthod-28.jpeg\"}},{\"type\":\"gallery_item\",\"props\":{\"image\":\"wp-content\\\/uploads\\\/2021\\\/08\\\/hotel-berthod-servizi-2.jpg\"}}]}]}]}]},{\"name\":\"Map\",\"type\":\"section\",\"props\":{\"style\":\"default\",\"width\":\"\",\"vertical_align\":\"middle\",\"title_position\":\"top-left\",\"title_rotation\":\"left\",\"title_breakpoint\":\"xl\",\"image_position\":\"center-center\",\"padding_remove_top\":false,\"padding_remove_bottom\":true,\"overlap\":false,\"id\":\"map\"},\"children\":[{\"name\":\"\",\"type\":\"row\",\"props\":{\"width\":\"large\",\"margin\":\"remove-vertical\"},\"children\":[{\"name\":\"\",\"type\":\"column\",\"props\":{\"image_position\":\"center-center\",\"css\":\"@media (min-width: 960px) {\\n    \\n    .el-column { z-index: 2; }\\n    \\n}\",\"media_overlay_gradient\":\"\",\"width_medium\":\"1-1\"},\"children\":[{\"name\":\"\",\"type\":\"headline\",\"props\":{\"title_element\":\"div\",\"title_style\":\"h4\",\"title_color\":\"primary\",\"text_align\":\"center\",\"content\":\"O\\u00f9 on est\"}}]}]},{\"name\":\"\",\"type\":\"row\",\"props\":{\"margin\":\"default\",\"margin_remove_bottom\":false},\"children\":[{\"name\":\"\",\"type\":\"column\",\"props\":{\"image_position\":\"center-center\",\"media_overlay_gradient\":\"\",\"width_medium\":\"1-1\"},\"children\":[{\"type\":\"html\",\"props\":{\"content\":\"<iframe src=\\\"https:\\\/\\\/www.google.com\\\/maps\\\/embed?pb=!1m14!1m8!1m3!1d1391.027296437408!2d6.972595!3d45.790134!3m2!1i1024!2i768!4f13.1!3m3!1m2!1s0x4789476915dcaad9%3A0xec8bfbf424de4df3!2sHotel%20Berthod!5e0!3m2!1sit!2sus!4v1629808894341!5m2!1sit!2sus\\\" width=\\\"100%\\\" height=\\\"450\\\" style=\\\"border:0;\\\" allowfullscreen=\\\"\\\" loading=\\\"lazy\\\"><\\\/iframe>\"}}]}]}]}],\"version\":\"2.5.9\"} --><\/p>\n","protected":false},"excerpt":{"rendered":"<p>H\u00f4tel Berthod *** Via Mario Puchoz 11, 11013 Courmayeur Website: www.hotelberthod.comT\u00e9l\u00e9phonne: +390165842835Mail: info@hotelberthod.com https:\/\/www.facebook.com\/hotelberthod\/ Advis9.1 Booking 4.5 \/ 381 Tripadvsor 9.0 \/ 194 Trivago Chambres8 standard 9 superior 11 deluxe 4 junior suite 5 family room 7 apartements (max 4 personnes) ServicesEnfants + de 2 ans admisRestaurant: NOSpa OUISalle conf\u00e9rence 60 personnesChiens seulement dans les [&hellip;]<\/p>\n","protected":false},"author":1,"featured_media":0,"parent":0,"menu_order":0,"comment_status":"closed","ping_status":"closed","template":"","meta":{"saved_in_kubio":false,"_seopress_robots_primary_cat":"","_seopress_titles_title":"Hotel Berthod | Green Experience Vall\u00e9e d&#039;Aoste","_seopress_titles_desc":"L&#039;hotel Berthod \u00e8 a vostra disposizione per informazioni, consigli e per organizzare la vostra vacanza in Valle d&#039;Aosta. Non esitate a contattarci. Clicca qui!","_seopress_robots_index":"","footnotes":""},"class_list":["post-3663","page","type-page","status-publish","hentry"],"kubio_ai_page_context":{"short_desc":"","purpose":"general"},"_links":{"self":[{"href":"https:\/\/www.greenvda.com\/fr\/wp-json\/wp\/v2\/pages\/3663","targetHints":{"allow":["GET"]}}],"collection":[{"href":"https:\/\/www.greenvda.com\/fr\/wp-json\/wp\/v2\/pages"}],"about":[{"href":"https:\/\/www.greenvda.com\/fr\/wp-json\/wp\/v2\/types\/page"}],"author":[{"embeddable":true,"href":"https:\/\/www.greenvda.com\/fr\/wp-json\/wp\/v2\/users\/1"}],"replies":[{"embeddable":true,"href":"https:\/\/www.greenvda.com\/fr\/wp-json\/wp\/v2\/comments?post=3663"}],"version-history":[{"count":3,"href":"https:\/\/www.greenvda.com\/fr\/wp-json\/wp\/v2\/pages\/3663\/revisions"}],"predecessor-version":[{"id":3873,"href":"https:\/\/www.greenvda.com\/fr\/wp-json\/wp\/v2\/pages\/3663\/revisions\/3873"}],"wp:attachment":[{"href":"https:\/\/www.greenvda.com\/fr\/wp-json\/wp\/v2\/media?parent=3663"}],"curies":[{"name":"wp","href":"https:\/\/api.w.org\/{rel}","templated":true}]}}