{"id":3660,"date":"2021-08-24T15:29:18","date_gmt":"2021-08-24T13:29:18","guid":{"rendered":"https:\/\/www.greenvda.com\/hotel-au-soleil\/"},"modified":"2022-03-25T14:38:57","modified_gmt":"2022-03-25T13:38:57","slug":"hotel-au-soleil","status":"publish","type":"page","link":"https:\/\/www.greenvda.com\/fr\/hotel-au-soleil\/","title":{"rendered":"Hotel Au Soleil"},"content":{"rendered":"<p><img decoding=\"async\" src=\"\/wp-content\/uploads\/2021\/08\/hotelAuSoleil2.jpg\" alt=\"\"><\/p>\n<div>\n<h1>H\u00f4tel Au Soleil<br \/>***<\/h1>\n<p>Via Marconi 20, 11027 Saint-Vincent<\/p>\n<div>\n<div class=\"uk-divider-small uk-margin-medium-top uk-margin-medium-bottom\"><\/div>\n<p>Website: www.hotelausoleil.it<br \/>T\u00e9l\u00e9phonne: <span>0166512685<\/span><br \/>Mail: info@hotelsoleil.it<\/p>\n<p><a href=\"https:\/\/www.facebook.com\/HotelAuSoleil\">https:\/\/www.facebook.com\/HotelAuSoleil\/<\/a><\/p>\n<p><strong>Advis<\/strong><br \/>8.7 Booking <br \/>4,5 \/ 325 Tripadvsor<br \/>8.6 \/ 446 Trivago<\/p>\n<p><b>Chambres<\/b><br \/>4 simple<br \/>19 classic<br \/>1 junior suite (max 5 personnes)<\/p>\n<p><strong>Apartements\u00a0<\/strong><\/p>\n<p><strong>Services<\/strong><br \/>Enfants admis si\u00a0 + de 6 ans<br \/>Restaurant OUI<br \/>Spa OUI<br \/>Salle de conf\u00e9rence: 20 pax<br \/>Chien OUI taille petite<\/p>\n<p><strong>Green<\/strong><br \/>Borne de recharge \u00e9lectrique<br \/>E-car a\u00e9roport Turin<br \/>Panneaux solaires<br \/>Rechauffage avec chaudi\u00e8re \u00e0 condensation\u00a0\u00a0<br \/>Energie \u00e9lectrique certifi\u00e9e<br \/>Politique verte de lessive<br \/>Sans palstique<\/p>\n<\/div>\n<p><a href=\"https:\/\/reservations-dms.verticalbooking.com\/risultati_albergo.htm?id_stile=184&#038;aff_id=193&#038;aff_code=AlpineGreenExperienc&#038;id_canale=1053&#038;numero_camere=1&#038;numero_adulti=2&#038;id_albergo=56&#038;lingua_utilizzata=ita\">Tarifs et galerie photo<\/a><\/p>\n<\/div>\n<ul>\n<li>\n<p>        <img decoding=\"async\" src=\"\/wp-content\/uploads\/2021\/08\/hotelAuSoleil3.jpg\" alt=\"\"><\/p>\n<\/li>\n<li>\n<p>        <img decoding=\"async\" src=\"\/wp-content\/uploads\/2021\/08\/hotelAuSoleil4.jpg\" alt=\"\"><\/p>\n<\/li>\n<li>\n<p>        <img decoding=\"async\" src=\"\/wp-content\/uploads\/2021\/08\/hotelAuSoleil5.jpg\" alt=\"\"><\/p>\n<\/li>\n<li>\n<p>        <img decoding=\"async\" src=\"\/wp-content\/uploads\/2021\/08\/hotelAuSoleil6.jpg\" alt=\"\"><\/p>\n<\/li>\n<li>\n<p>        <img decoding=\"async\" src=\"\/wp-content\/uploads\/2021\/08\/hotelAuSoleil7.jpg\" alt=\"\"><\/p>\n<\/li>\n<li>\n<p>        <img decoding=\"async\" src=\"\/wp-content\/uploads\/2021\/08\/hotelAuSoleil8.jpg\" alt=\"\"><\/p>\n<\/li>\n<li>\n<p>        <img decoding=\"async\" src=\"\/wp-content\/uploads\/2021\/08\/hotelAuSoleil9.jpg\" alt=\"\"><\/p>\n<\/li>\n<li>\n<p>        <img decoding=\"async\" src=\"\/wp-content\/uploads\/2021\/08\/hotelAuSoleil10.jpg\" alt=\"\"><\/p>\n<\/li>\n<\/ul>\n<div>Dove trovarci<\/div>\n<div>\n<p>    <iframe src=\"https:\/\/www.google.com\/maps\/embed?pb=!1m14!1m8!1m3!1d2783.9545554420893!2d7.644043000000001!3d45.752057!3m2!1i1024!2i768!4f13.1!3m3!1m2!1s0x4788c6efbf54e68d%3A0x6008099e78860650!2sHotel%20Au%20Soleil!5e0!3m2!1sit!2sus!4v1629812339877!5m2!1sit!2sus\" width=\"100%\" height=\"450\" style=\"border:0;\" allowfullscreen=\"\" loading=\"lazy\"><\/iframe>\n<\/div>\n<p><!--more--><br \/>\n<!-- {\"name\":\"Trans Alps Adventure\",\"type\":\"layout\",\"children\":[{\"name\":\"Hero\",\"type\":\"section\",\"props\":{\"style\":\"primary\",\"width\":\"large\",\"vertical_align\":\"\",\"title_position\":\"top-left\",\"title_rotation\":\"left\",\"title_breakpoint\":\"xl\",\"image_position\":\"top-center\",\"height\":\"percent\",\"padding\":\"large\",\"image\":\"wp-content\\\/uploads\\\/2021\\\/08\\\/hotelAuSoleil4.jpg\",\"text_color\":\"light\",\"image_size\":\"cover\",\"image_effect\":\"parallax\",\"image_width\":\"2560\",\"overlap\":false,\"image_parallax_breakpoint\":\"m\",\"image_parallax_bgy_start\":\"-600\"},\"children\":[{\"name\":\"\",\"type\":\"row\",\"children\":[{\"name\":\"\",\"type\":\"column\",\"props\":{\"image_position\":\"center-center\",\"media_overlay_gradient\":\"\",\"width_medium\":\"1-1\"},\"children\":[]}]}]},{\"name\":\"About\",\"type\":\"section\",\"props\":{\"style\":\"default\",\"width\":\"xlarge\",\"vertical_align\":\"middle\",\"title_position\":\"center-right\",\"title_rotation\":\"left\",\"title_breakpoint\":\"xl\",\"image_position\":\"center-center\",\"padding\":\"none\",\"overlap\":false,\"title\":\"\",\"padding_remove_bottom\":false,\"padding_remove_top\":false},\"children\":[{\"name\":\"\",\"type\":\"row\",\"props\":{\"layout\":\"1-2,1-2\",\"match\":true,\"column_gap\":\"collapse\",\"row_gap\":\"collapse\"},\"children\":[{\"name\":\"\",\"type\":\"column\",\"props\":{\"image_position\":\"center-center\",\"vertical_align\":\"middle\",\"media_overlay_gradient\":\"\",\"width_medium\":\"1-2\"},\"children\":[{\"name\":\"\",\"type\":\"image\",\"props\":{\"margin\":\"default\",\"text_align\":\"right\",\"maxwidth\":\"xlarge\",\"animation\":\"parallax\",\"image\":\"wp-content\\\/uploads\\\/2021\\\/08\\\/hotelAuSoleil2.jpg\",\"image_width\":\"600\",\"parallax_breakpoint\":\"m\",\"parallax_y_end\":\"-240\",\"parallax_y_start\":\"-100\",\"image_box_decoration\":\"default\",\"block_align\":\"right\",\"image_svg_color\":\"emphasis\",\"image_height\":\"700\"}}]},{\"name\":\"\",\"type\":\"column\",\"props\":{\"image_position\":\"center-center\",\"media_overlay_gradient\":\"\",\"width_medium\":\"1-2\"},\"children\":[{\"name\":\"\",\"type\":\"panel\",\"props\":{\"link_text\":\"Tarifs et galerie photo\",\"title_element\":\"h1\",\"meta_style\":\"meta\",\"meta_align\":\"below-title\",\"image_align\":\"top\",\"image_grid_width\":\"1-2\",\"link_style\":\"primary\",\"margin\":\"\",\"panel_style\":\"card-default\",\"panel_size\":\"large\",\"title_style\":\"h1\",\"text_align\":\"left\",\"maxwidth\":\"xlarge\",\"maxwidth_breakpoint\":\"l\",\"animation\":\"parallax\",\"title\":\"H\\u00f4tel Au Soleil<br \/>***\",\"content\":\"\n\n<div class=\\\"uk-divider-small uk-margin-medium-top uk-margin-medium-bottom\\\"><\\\/div>\\n\n\n<p>Website: www.hotelausoleil.it<br \\\/>T\\u00e9l\\u00e9phonne: <span>0166512685<\\\/span><br \\\/>Mail: info@hotelsoleil.it<\\\/p>\\n\n\n<p><a href=\\\"https:\\\/\\\/www.facebook.com\\\/HotelAuSoleil\\\">https:\\\/\\\/www.facebook.com\\\/HotelAuSoleil\\\/<\\\/a><\\\/p>\\n\n\n<p><strong>Advis<\\\/strong><br \\\/>8.7 Booking <br \\\/>4,5 \\\/ 325 Tripadvsor<br \\\/>8.6 \\\/ 446 Trivago<br \\\/><br \\\/><b>Chambres<\\\/b><br \\\/>4 simple<br \\\/>19 classic<br \\\/>1 junior suite (max 5 personnes)<br \\\/><br \\\/><strong>Apartements\\u00a0<\\\/strong><br \\\/><br \\\/><strong>Services<\\\/strong><br \\\/>Enfants admis si\\u00a0 + de 6 ans<br \\\/>Restaurant OUI<br \\\/>Spa OUI<br \\\/>Salle de conf\\u00e9rence: 20 pax<br \\\/>Chien OUI taille petite<br \\\/><br \\\/><strong>Green<\\\/strong><br \\\/>Borne de recharge \\u00e9lectrique<br \\\/>E-car a\\u00e9roport Turin<br \\\/>Panneaux solaires<br \\\/>Rechauffage avec chaudi\\u00e8re \\u00e0 condensation\\u00a0\\u00a0<br \\\/>Energie \\u00e9lectrique certifi\\u00e9e<br \\\/>Politique verte de lessive<br \\\/>Sans palstique<\\\/p>\",\"parallax_breakpoint\":\"m\",\"parallax_y_start\":\"-200\",\"title_hover_style\":\"reset\",\"title_align\":\"top\",\"title_grid_width\":\"1-2\",\"image_svg_color\":\"emphasis\",\"position\":\"relative\",\"position_left\":\"-50\",\"css\":\"@media (max-width: 959px) {\\n    .el-element { position: static !important; }\\n}\",\"title_grid_breakpoint\":\"m\",\"image_grid_breakpoint\":\"m\",\"icon_width\":80,\"meta_element\":\"div\",\"content_column_breakpoint\":\"m\",\"link\":\"https:\\\/\\\/reservations-dms.verticalbooking.com\\\/risultati_albergo.htm?id_stile=184&aff_id=193&aff_code=AlpineGreenExperienc&id_canale=1053&numero_camere=1&numero_adulti=2&id_albergo=56&lingua_utilizzata=ita\",\"link_target\":true,\"meta\":\"Via Marconi 20, 11027 Saint-Vincent\"}}]}]}]},{\"type\":\"section\",\"props\":{\"style\":\"default\",\"width\":\"default\",\"vertical_align\":\"middle\",\"title_position\":\"top-left\",\"title_rotation\":\"left\",\"title_breakpoint\":\"xl\",\"image_position\":\"center-center\"},\"children\":[{\"type\":\"row\",\"children\":[{\"type\":\"column\",\"props\":{\"image_position\":\"center-center\",\"media_overlay_gradient\":\"\"},\"children\":[{\"type\":\"gallery\",\"props\":{\"show_title\":true,\"show_meta\":true,\"show_content\":true,\"show_link\":true,\"show_hover_image\":true,\"grid_default\":\"1\",\"grid_medium\":\"4\",\"filter_style\":\"tab\",\"filter_all\":true,\"filter_position\":\"top\",\"filter_align\":\"left\",\"filter_grid_width\":\"auto\",\"filter_grid_breakpoint\":\"m\",\"overlay_mode\":\"cover\",\"overlay_hover\":true,\"overlay_style\":\"\",\"text_color\":\"light\",\"overlay_position\":\"center\",\"overlay_transition\":\"fade\",\"title_hover_style\":\"reset\",\"title_element\":\"h3\",\"meta_style\":\"meta\",\"meta_align\":\"below-title\",\"meta_element\":\"div\",\"link_text\":\"Fai click\",\"link_style\":\"\",\"text_align\":\"center\",\"margin\":\"default\",\"item_animation\":true,\"lightbox\":true,\"title_display\":\"lightbox\",\"content_display\":\"lightbox\",\"lightbox_image_orientation\":false,\"lightbox_image_width\":\"\",\"lightbox_image_height\":\"\",\"image_width\":\"400\",\"image_height\":\"400\"},\"children\":[{\"type\":\"gallery_item\",\"props\":{\"image\":\"wp-content\\\/uploads\\\/2021\\\/08\\\/hotelAuSoleil3.jpg\"}},{\"type\":\"gallery_item\",\"props\":{\"image\":\"wp-content\\\/uploads\\\/2021\\\/08\\\/hotelAuSoleil4.jpg\"}},{\"type\":\"gallery_item\",\"props\":{\"image\":\"wp-content\\\/uploads\\\/2021\\\/08\\\/hotelAuSoleil5.jpg\"}},{\"type\":\"gallery_item\",\"props\":{\"image\":\"wp-content\\\/uploads\\\/2021\\\/08\\\/hotelAuSoleil6.jpg\"}},{\"type\":\"gallery_item\",\"props\":{\"image\":\"wp-content\\\/uploads\\\/2021\\\/08\\\/hotelAuSoleil7.jpg\"}},{\"type\":\"gallery_item\",\"props\":{\"image\":\"wp-content\\\/uploads\\\/2021\\\/08\\\/hotelAuSoleil8.jpg\"}},{\"type\":\"gallery_item\",\"props\":{\"image\":\"wp-content\\\/uploads\\\/2021\\\/08\\\/hotelAuSoleil9.jpg\"}},{\"type\":\"gallery_item\",\"props\":{\"image\":\"wp-content\\\/uploads\\\/2021\\\/08\\\/hotelAuSoleil10.jpg\"}}]}]}]}]},{\"name\":\"Map\",\"type\":\"section\",\"props\":{\"style\":\"default\",\"width\":\"\",\"vertical_align\":\"middle\",\"title_position\":\"top-left\",\"title_rotation\":\"left\",\"title_breakpoint\":\"xl\",\"image_position\":\"center-center\",\"padding_remove_top\":false,\"padding_remove_bottom\":true,\"overlap\":false,\"id\":\"map\"},\"children\":[{\"name\":\"\",\"type\":\"row\",\"props\":{\"width\":\"large\",\"margin\":\"remove-vertical\"},\"children\":[{\"name\":\"\",\"type\":\"column\",\"props\":{\"image_position\":\"center-center\",\"css\":\"@media (min-width: 960px) {\\n    \\n    .el-column { z-index: 2; }\\n    \\n}\",\"media_overlay_gradient\":\"\",\"width_medium\":\"1-1\"},\"children\":[{\"name\":\"\",\"type\":\"headline\",\"props\":{\"title_element\":\"div\",\"title_style\":\"h4\",\"title_color\":\"primary\",\"text_align\":\"center\",\"content\":\"Dove trovarci\"}}]}]},{\"name\":\"\",\"type\":\"row\",\"props\":{\"margin\":\"default\",\"margin_remove_bottom\":false},\"children\":[{\"name\":\"\",\"type\":\"column\",\"props\":{\"image_position\":\"center-center\",\"media_overlay_gradient\":\"\",\"width_medium\":\"1-1\"},\"children\":[{\"type\":\"html\",\"props\":{\"content\":\"<iframe src=\\\"https:\\\/\\\/www.google.com\\\/maps\\\/embed?pb=!1m14!1m8!1m3!1d2783.9545554420893!2d7.644043000000001!3d45.752057!3m2!1i1024!2i768!4f13.1!3m3!1m2!1s0x4788c6efbf54e68d%3A0x6008099e78860650!2sHotel%20Au%20Soleil!5e0!3m2!1sit!2sus!4v1629812339877!5m2!1sit!2sus\\\" width=\\\"100%\\\" height=\\\"450\\\" style=\\\"border:0;\\\" allowfullscreen=\\\"\\\" loading=\\\"lazy\\\"><\\\/iframe>\"}}]}]}]}],\"version\":\"2.5.9\"} --><\/p>\n","protected":false},"excerpt":{"rendered":"<p>H\u00f4tel Au Soleil*** Via Marconi 20, 11027 Saint-Vincent Website: www.hotelausoleil.itT\u00e9l\u00e9phonne: 0166512685Mail: info@hotelsoleil.it https:\/\/www.facebook.com\/HotelAuSoleil\/ Advis8.7 Booking 4,5 \/ 325 Tripadvsor8.6 \/ 446 Trivago Chambres4 simple19 classic1 junior suite (max 5 personnes) Apartements\u00a0 ServicesEnfants admis si\u00a0 + de 6 ansRestaurant OUISpa OUISalle de conf\u00e9rence: 20 paxChien OUI taille petite GreenBorne de recharge \u00e9lectriqueE-car a\u00e9roport TurinPanneaux solairesRechauffage avec [&hellip;]<\/p>\n","protected":false},"author":1,"featured_media":0,"parent":0,"menu_order":0,"comment_status":"closed","ping_status":"closed","template":"","meta":{"_seopress_robots_primary_cat":"","_seopress_titles_title":"Hotel Au Soleil | Green Experience Vall\u00e9e d&#039;Aoste","_seopress_titles_desc":"L&#039;hotel Au Soleil \u00e8 a vostra disposizione per informazioni, consigli e per organizzare la vostra vacanza in Valle d&#039;Aosta. Non esitate a contattarci. Clicca qui!","_seopress_robots_index":"","footnotes":""},"class_list":["post-3660","page","type-page","status-publish","hentry"],"_links":{"self":[{"href":"https:\/\/www.greenvda.com\/fr\/wp-json\/wp\/v2\/pages\/3660","targetHints":{"allow":["GET"]}}],"collection":[{"href":"https:\/\/www.greenvda.com\/fr\/wp-json\/wp\/v2\/pages"}],"about":[{"href":"https:\/\/www.greenvda.com\/fr\/wp-json\/wp\/v2\/types\/page"}],"author":[{"embeddable":true,"href":"https:\/\/www.greenvda.com\/fr\/wp-json\/wp\/v2\/users\/1"}],"replies":[{"embeddable":true,"href":"https:\/\/www.greenvda.com\/fr\/wp-json\/wp\/v2\/comments?post=3660"}],"version-history":[{"count":2,"href":"https:\/\/www.greenvda.com\/fr\/wp-json\/wp\/v2\/pages\/3660\/revisions"}],"predecessor-version":[{"id":3883,"href":"https:\/\/www.greenvda.com\/fr\/wp-json\/wp\/v2\/pages\/3660\/revisions\/3883"}],"wp:attachment":[{"href":"https:\/\/www.greenvda.com\/fr\/wp-json\/wp\/v2\/media?parent=3660"}],"curies":[{"name":"wp","href":"https:\/\/api.w.org\/{rel}","templated":true}]}}