{"id":2653,"date":"2021-09-01T09:47:35","date_gmt":"2021-09-01T07:47:35","guid":{"rendered":"https:\/\/www.greenvda.com\/esperienze-green\/"},"modified":"2023-03-10T11:53:54","modified_gmt":"2023-03-10T10:53:54","slug":"green-experiences","status":"publish","type":"page","link":"https:\/\/www.greenvda.com\/fr\/green-experiences\/","title":{"rendered":"Green Exp\u00e9riences"},"content":{"rendered":"<h1>Green Outdoor Exp\u00e9riences<\/h1>\n<div>\n<p style=\"text-align: center;\">D\u00e9couvrez toutes les exp\u00e9riences green en plein air en Vall\u00e9e d\u2019Aoste. Randonn\u00e9es, visites de ch\u00e2teaux, tour en e-BMW, Skyway, VTT et bien plus encore!<\/p>\n<\/div>\n<ul>\n<li>\n<p>        <img decoding=\"async\" src=\"\/wp-content\/uploads\/2021\/08\/skywayMonteBianco5.jpg\" alt=\"\"><\/p>\n<h2>Skyway Mont Blanc<\/h2>\n<p>Courmayeur<\/p>\n<div>\n<p>\u00e0 partir de 52\u20ac par personne<\/p>\n<\/div>\n<p><a href=\"\/fr\/green-experiences\/skyway-mont-blanc\/\">En savoir plus<\/a><\/p>\n<\/li>\n<li>\n<p>        <img decoding=\"async\" src=\"\/wp-content\/uploads\/2021\/08\/eBmwTourVDA12.jpg\" alt=\"\"><\/p>\n<h2>E-BMW Tour<\/h2>\n<p>Vall\u00e8e d&rsquo;Aoste<\/p>\n<div>\n<p>\u00e0 partir de 30\u20ac par personne<\/p>\n<\/div>\n<p><a href=\"\/fr\/green-experiences\/e-bmw-tour\/\">en savoir plus<\/a><\/p>\n<\/li>\n<li>\n<p>        <img decoding=\"async\" src=\"\/wp-content\/uploads\/2021\/08\/eMountainBikeVDA7.jpg\" alt=\"\"><\/p>\n<h2>E-VTT Tour<\/h2>\n<p>Vall\u00e9e d&rsquo;Aoste<\/p>\n<div>\n<div jscontroller=\"Ae65rd\" jsaction=\"touchstart:UrsOsc; click:KjsqPd; focusout:QZoaZ; mouseover:y0pDld; mouseout:dq0hvd;fv1Rjc:jbFSOd;CrfLRd:SzACGe;\" class=\"CjVfdc\"><span>\u00e0 partir de 114\u20ac par personne<\/span><\/div>\n<\/div>\n<p><a href=\"\/fr\/green-experiences\/e-vtt-tour\/\">en savoir plus<\/a><\/p>\n<\/li>\n<li>\n<p>        <img decoding=\"async\" src=\"\/wp-content\/uploads\/2021\/08\/pescaGreen2.jpg\" alt=\"\"><\/p>\n<h2>P\u00eache sportive  catch &#038; release<\/h2>\n<p>Vall\u00e9e d&rsquo;Aoste<\/p>\n<div>\n<div jscontroller=\"Ae65rd\" jsaction=\"touchstart:UrsOsc; click:KjsqPd; focusout:QZoaZ; mouseover:y0pDld; mouseout:dq0hvd;fv1Rjc:jbFSOd;CrfLRd:SzACGe;\" class=\"CjVfdc\"><span>\u00e0 partir de 52\u20ac par personne<\/span><\/div>\n<\/div>\n<p><a href=\"\/fr\/green-experiences\/peche-catch-and-release\/\">En savoir plus<\/a><\/p>\n<\/li>\n<li>\n<p>        <img decoding=\"async\" src=\"\/wp-content\/uploads\/2021\/08\/raftingVda12.jpg\" alt=\"\"><\/p>\n<h2>Rafting<\/h2>\n<p>Vall\u00e9e d&rsquo;Aoste<\/p>\n<div>\n<div jscontroller=\"Ae65rd\" jsaction=\"touchstart:UrsOsc; click:KjsqPd; focusout:QZoaZ; mouseover:y0pDld; mouseout:dq0hvd;fv1Rjc:jbFSOd;CrfLRd:SzACGe;\" class=\"CjVfdc\"><span>\u00e0 partir de 30\u20ac par personne<\/span><\/div>\n<\/div>\n<p><a href=\"\/fr\/green-experiences\/rafting\/\">En savoir plus<\/a><\/p>\n<\/li>\n<li>\n<p>        <img decoding=\"async\" src=\"\/wp-content\/uploads\/2021\/08\/CastellidiSarreeSarriod2.jpeg\" alt=\"\"><\/p>\n<h2>Tour des Ch\u00e2teaux<\/h2>\n<p>Vall\u00e9e d&rsquo;Aoste<\/p>\n<div>\n<div jscontroller=\"Ae65rd\" jsaction=\"touchstart:UrsOsc; click:KjsqPd; focusout:QZoaZ; mouseover:y0pDld; mouseout:dq0hvd;fv1Rjc:jbFSOd;CrfLRd:SzACGe;\" class=\"CjVfdc\"><span>\u00e0 partir de 38\u20ac par personne<\/span><\/div>\n<\/div>\n<p><a href=\"\/fr\/green-experiences\/tour-des-chateaux\/\">En savoir plus<\/a><\/p>\n<\/li>\n<li>\n<p>        <img decoding=\"async\" src=\"\/wp-content\/uploads\/2021\/08\/MiniereFerro12.jpeg\" alt=\"\"><\/p>\n<h2>Mines de fer<\/h2>\n<p>Cogne<\/p>\n<div>\n<div jscontroller=\"Ae65rd\" jsaction=\"touchstart:UrsOsc; click:KjsqPd; focusout:QZoaZ; mouseover:y0pDld; mouseout:dq0hvd;fv1Rjc:jbFSOd;CrfLRd:SzACGe;\" class=\"CjVfdc\"><span>\u00e0 partir de 20\u20ac par personne<\/span><\/div>\n<\/div>\n<p><a href=\"\/fr\/green-experiences\/mines-de-fer\/\">En savoir plus<\/a><\/p>\n<\/li>\n<li>\n<p>        <img decoding=\"async\" src=\"\/wp-content\/uploads\/2021\/08\/teatroRomanoAosta.jpg\" alt=\"\"><\/p>\n<h2>Aoste Romaine<\/h2>\n<p>Aoste<\/p>\n<div>\n<div jscontroller=\"Ae65rd\" jsaction=\"touchstart:UrsOsc; click:KjsqPd; focusout:QZoaZ; mouseover:y0pDld; mouseout:dq0hvd;fv1Rjc:jbFSOd;CrfLRd:SzACGe;\" class=\"CjVfdc\"><span>\u00e0 partir de 38\u20ac par personne<\/span><\/div>\n<\/div>\n<p><a href=\"\/fr\/green-experiences\/aoste-romaine\/\">En savoir plus<\/a><\/p>\n<\/li>\n<li>\n<p>        <img decoding=\"async\" src=\"\/wp-content\/uploads\/2021\/08\/GiridEnergiaconCVA0.jpeg\" alt=\"\"><\/p>\n<h2>Tours d&rsquo;\u00e9nergie avec CVA<\/h2>\n<p>Vall\u00e9e d&rsquo;Aoste<\/p>\n<div>\n<div jscontroller=\"Ae65rd\" jsaction=\"touchstart:UrsOsc; click:KjsqPd; focusout:QZoaZ; mouseover:y0pDld; mouseout:dq0hvd;fv1Rjc:jbFSOd;CrfLRd:SzACGe;\" class=\"CjVfdc\"><span>\u00e0 partir de 58\u20ac par personne<\/span><\/div>\n<\/div>\n<p><a href=\"\/fr\/green-experiences\/tours-denergie-avec-cva\/\">En savoir plus<\/a><\/p>\n<\/li>\n<li>\n<p>        <img decoding=\"async\" src=\"\/wp-content\/uploads\/2021\/08\/TrekkingdelMonteBianco0.jpeg\" alt=\"\"><\/p>\n<h2>Randonn\u00e9e<\/h2>\n<p>Vall\u00e9e d&rsquo;Aoste<\/p>\n<div>\n<div jscontroller=\"Ae65rd\" jsaction=\"touchstart:UrsOsc; click:KjsqPd; focusout:QZoaZ; mouseover:y0pDld; mouseout:dq0hvd;fv1Rjc:jbFSOd;CrfLRd:SzACGe;\" class=\"CjVfdc\"><span>\u00e0 partir de 58\u20ac par personne<\/span><\/div>\n<\/div>\n<p><a href=\"\/fr\/green-experiences\/randonnee\/\">En savoir plus<\/a><\/p>\n<\/li>\n<li>\n<p>        <img decoding=\"async\" src=\"\/wp-content\/uploads\/2021\/08\/ParcAnimalier8.jpeg\" alt=\"\"><\/p>\n<h2>Parc Animalier d&rsquo;Introd<\/h2>\n<p>Introd<\/p>\n<div>\n<div jscontroller=\"Ae65rd\" jsaction=\"touchstart:UrsOsc; click:KjsqPd; focusout:QZoaZ; mouseover:y0pDld; mouseout:dq0hvd;fv1Rjc:jbFSOd;CrfLRd:SzACGe;\" class=\"CjVfdc\"><span>\u00e0 partir de 9.50\u20ac par personne<\/span><\/div>\n<\/div>\n<p><a href=\"\/fr\/green-experiences\/parc-animalier\/\">En savoir plus<\/a><\/p>\n<\/li>\n<li>\n<p>        <img decoding=\"async\" src=\"\/wp-content\/uploads\/2021\/08\/Aliante7.jpeg\" alt=\"\"><\/p>\n<h2>Planeur<\/h2>\n<p>Aoste<\/p>\n<div>\n<div jscontroller=\"Ae65rd\" jsaction=\"touchstart:UrsOsc; click:KjsqPd; focusout:QZoaZ; mouseover:y0pDld; mouseout:dq0hvd;fv1Rjc:jbFSOd;CrfLRd:SzACGe;\" class=\"CjVfdc\"><span>\u00e0 partir de 180\u20ac par personne<\/span><\/div>\n<\/div>\n<p><a href=\"\/fr\/green-experiences\/planeur\/\">En savoir plus<\/a><\/p>\n<\/li>\n<li>\n<p>        <img decoding=\"async\" src=\"\/wp-content\/uploads\/2021\/09\/OsservatorioAstronomicodiSaintBarthelemy6.jpeg\" alt=\"\"><\/p>\n<h2>Observatoire astronomique de Saint-Barthelemy<\/h2>\n<p>Nus<\/p>\n<div>\n<div jscontroller=\"Ae65rd\" jsaction=\"touchstart:UrsOsc; click:KjsqPd; focusout:QZoaZ; mouseover:y0pDld; mouseout:dq0hvd;fv1Rjc:jbFSOd;CrfLRd:SzACGe;\" class=\"CjVfdc\"><span>\u00e0 partir de 45\u20ac par personne visite exclusive<\/span><\/div>\n<\/div>\n<p><a href=\"\/fr\/green-experiences\/osservatoire-astronomique\/\">En savoir plus<\/a><\/p>\n<\/li>\n<li>\n<p>        <img decoding=\"async\" src=\"\/wp-content\/uploads\/2021\/08\/TrekkingconlAsino0.jpeg\" alt=\"\"><\/p>\n<h2>En rando avec un \u00e2ne<\/h2>\n<p>Valpelline<\/p>\n<div>\n<div jscontroller=\"Ae65rd\" jsaction=\"touchstart:UrsOsc; click:KjsqPd; focusout:QZoaZ; mouseover:y0pDld; mouseout:dq0hvd;fv1Rjc:jbFSOd;CrfLRd:SzACGe;\" class=\"CjVfdc\"><span>\u00e0 partir de 70\u20ac par personne<\/span><\/div>\n<\/div>\n<p><a href=\"\/fr\/green-experiences\/en-rando-avec-un-ane\/\">En savoir plus<\/a><\/p>\n<\/li>\n<\/ul>\n<p><!--more--><br \/>\n<!-- {\"name\":\"Post Index\",\"type\":\"layout\",\"children\":[{\"name\":\"Hero\",\"type\":\"section\",\"props\":{\"height_viewport\":false,\"image\":\"\",\"image_effect\":\"parallax\",\"image_parallax_easing\":\"1\",\"image_position\":\"bottom-center\",\"image_size\":\"cover\",\"image_width\":\"2560\",\"media\":\"images\\\/press-header.jpg\",\"media_advanced\":true,\"media_background\":\"#fff\",\"media_size\":\"cover\",\"overlap\":false,\"padding\":\"large\",\"style\":\"primary\",\"title_breakpoint\":\"xl\",\"title_position\":\"top-left\",\"title_rotation\":\"left\",\"vertical_align\":\"\",\"video\":\"<iframe width=\\\"1246\\\" height=\\\"701\\\" src=\\\"https:\\\/\\\/www.youtube.com\\\/embed\\\/SVII3oMGMD0\\\" title=\\\"YouTube video player\\\" frameborder=\\\"0\\\" allow=\\\"accelerometer; autoplay; clipboard-write; encrypted-media; gyroscope; picture-in-picture\\\" allowfullscreen><\\\/iframe>\",\"video_height\":\"1000\",\"video_width\":\"1000\",\"width\":\"xlarge\"},\"children\":[{\"name\":\"\",\"type\":\"row\",\"children\":[{\"name\":\"\",\"type\":\"column\",\"props\":{\"image_position\":\"center-center\",\"media_overlay_gradient\":\"\",\"position_sticky_breakpoint\":\"m\",\"width_medium\":\"1-1\"},\"children\":[{\"name\":\"\",\"type\":\"headline\",\"props\":{\"animation\":\"none\",\"content\":\"Green Outdoor Exp\\u00e9riences\",\"margin_remove_top\":true,\"parallax_breakpoint\":\"m\",\"parallax_y\":\"50,0\",\"text_align\":\"left\",\"title_element\":\"h1\",\"title_style\":\"heading-xlarge\"}}]}]},{\"type\":\"row\",\"children\":[{\"type\":\"column\",\"props\":{\"image_position\":\"center-center\",\"media_overlay_gradient\":\"\",\"position_sticky_breakpoint\":\"m\"},\"children\":[]}]}]},{\"type\":\"section\",\"props\":{\"image_position\":\"center-center\",\"style\":\"default\",\"title_breakpoint\":\"xl\",\"title_position\":\"top-left\",\"title_rotation\":\"left\",\"vertical_align\":\"middle\",\"width\":\"large\"},\"children\":[{\"type\":\"row\",\"children\":[{\"type\":\"column\",\"props\":{\"image_position\":\"center-center\",\"media_overlay_gradient\":\"\",\"position_sticky_breakpoint\":\"m\"},\"children\":[{\"name\":\"\",\"type\":\"text\",\"props\":{\"animation\":\"none\",\"column_breakpoint\":\"m\",\"content\":\"\n\n<p style=\\\"text-align: center;\\\">D\\u00e9couvrez toutes les exp\\u00e9riences green en plein air en Vall\\u00e9e d\\u2019Aoste. Randonn\\u00e9es, visites de ch\\u00e2teaux, tour en e-BMW, Skyway, VTT et bien plus encore!<\\\/p>\",\"margin\":\"\",\"parallax_breakpoint\":\"m\",\"parallax_y\":\"50,0\",\"text_align\":\"left\"}},{\"type\":\"grid\",\"props\":{\"content_align\":false,\"content_column_breakpoint\":\"m\",\"content_margin\":\"remove\",\"filter_align\":\"left\",\"filter_all\":true,\"filter_grid_breakpoint\":\"m\",\"filter_grid_width\":\"auto\",\"filter_position\":\"top\",\"filter_style\":\"tab\",\"grid_column_gap\":\"large\",\"grid_default\":\"1\",\"grid_masonry\":true,\"grid_medium\":\"3\",\"grid_parallax\":\"0\",\"grid_row_gap\":\"large\",\"icon_width\":80,\"image_align\":\"top\",\"image_grid_breakpoint\":\"m\",\"image_grid_width\":\"1-2\",\"image_height\":\"900\",\"image_link\":true,\"image_svg_color\":\"emphasis\",\"image_width\":\"900\",\"item_animation\":true,\"link_margin\":\"small\",\"link_style\":\"primary\",\"link_text\":\"Scopri di pi\\u00f9\",\"margin\":\"default\",\"meta_align\":\"below-title\",\"meta_element\":\"div\",\"meta_style\":\"h5\",\"parallax_easing\":\"1\",\"show_content\":true,\"show_image\":true,\"show_link\":true,\"show_meta\":true,\"show_title\":true,\"title_align\":\"top\",\"title_element\":\"h2\",\"title_grid_breakpoint\":\"m\",\"title_grid_width\":\"1-2\",\"title_hover_style\":\"reset\",\"title_link\":true,\"title_margin\":\"medium\",\"title_style\":\"h3\"},\"children\":[{\"type\":\"grid_item\",\"props\":{\"content\":\"\n\n<p>\\u00e0 partir de 52\\u20ac par personne<\\\/p>\",\"image\":\"wp-content\\\/uploads\\\/2021\\\/08\\\/skywayMonteBianco5.jpg\",\"image_alt\":\"\",\"link\":\"\\\/fr\\\/green-experiences\\\/skyway-mont-blanc\\\/\",\"link_text\":\"En savoir plus\",\"meta\":\"Courmayeur\",\"title\":\"Skyway Mont Blanc\"},\"source\":{\"props\":{\"_condition\":{\"filters\":{\"condition\":\"!!\"},\"arguments\":{\"show_intro_text\":true},\"name\":\"content\"}}}},{\"type\":\"grid_item\",\"props\":{\"content\":\"\n\n<p>\\u00e0 partir de 30\\u20ac par personne<\\\/p>\",\"image\":\"wp-content\\\/uploads\\\/2021\\\/08\\\/eBmwTourVDA12.jpg\",\"image_alt\":\"\",\"link\":\"\\\/fr\\\/green-experiences\\\/e-bmw-tour\\\/\",\"link_text\":\"en savoir plus\",\"meta\":\"Vall\\u00e8e d'Aoste\",\"title\":\"E-BMW Tour\"},\"source\":{\"props\":{\"_condition\":{\"filters\":{\"condition\":\"!!\"},\"arguments\":{\"show_intro_text\":true},\"name\":\"content\"}}}},{\"type\":\"grid_item\",\"props\":{\"content\":\"\n\n<div jscontroller=\\\"Ae65rd\\\" jsaction=\\\"touchstart:UrsOsc; click:KjsqPd; focusout:QZoaZ; mouseover:y0pDld; mouseout:dq0hvd;fv1Rjc:jbFSOd;CrfLRd:SzACGe;\\\" class=\\\"CjVfdc\\\"><span>\\u00e0 partir de 114\\u20ac par personne<\\\/span><\\\/div>\",\"image\":\"wp-content\\\/uploads\\\/2021\\\/08\\\/eMountainBikeVDA7.jpg\",\"image_alt\":\"\",\"link\":\"\\\/fr\\\/green-experiences\\\/e-vtt-tour\\\/\",\"link_text\":\"en savoir plus\",\"meta\":\"Vall\\u00e9e d'Aoste\",\"title\":\"E-VTT Tour\"},\"source\":{\"props\":{\"_condition\":{\"filters\":{\"condition\":\"!!\"},\"arguments\":{\"show_intro_text\":true},\"name\":\"content\"}}}},{\"type\":\"grid_item\",\"props\":{\"content\":\"\n\n<div jscontroller=\\\"Ae65rd\\\" jsaction=\\\"touchstart:UrsOsc; click:KjsqPd; focusout:QZoaZ; mouseover:y0pDld; mouseout:dq0hvd;fv1Rjc:jbFSOd;CrfLRd:SzACGe;\\\" class=\\\"CjVfdc\\\"><span>\\u00e0 partir de 52\\u20ac par personne<\\\/span><\\\/div>\",\"image\":\"wp-content\\\/uploads\\\/2021\\\/08\\\/pescaGreen2.jpg\",\"image_alt\":\"\",\"link\":\"\\\/fr\\\/green-experiences\\\/peche-catch-and-release\\\/\",\"link_text\":\"En savoir plus\",\"meta\":\"Vall\\u00e9e d'Aoste\",\"title\":\"P\\u00eache sportive  catch & release\"},\"source\":{\"props\":{\"_condition\":{\"filters\":{\"condition\":\"!!\"},\"arguments\":{\"show_intro_text\":true},\"name\":\"content\"}}}},{\"type\":\"grid_item\",\"props\":{\"content\":\"\n\n<div jscontroller=\\\"Ae65rd\\\" jsaction=\\\"touchstart:UrsOsc; click:KjsqPd; focusout:QZoaZ; mouseover:y0pDld; mouseout:dq0hvd;fv1Rjc:jbFSOd;CrfLRd:SzACGe;\\\" class=\\\"CjVfdc\\\"><span>\\u00e0 partir de 198\\u20ac par personne<\\\/span><\\\/div>\",\"image\":\"wp-content\\\/uploads\\\/2021\\\/08\\\/mongolfieraVda2.jpg\",\"image_alt\":\"\",\"link\":\"\\\/fr\\\/green-experiences\\\/vol-en-montgolfiere\\\/\",\"link_text\":\"En savoir plus\",\"meta\":\"Vall\\u00e9e d'Aoste\",\"status\":\"disabled\",\"title\":\"Vol en montgolfi\\u00e8re\"},\"source\":{\"props\":{\"_condition\":{\"filters\":{\"condition\":\"!!\"},\"arguments\":{\"show_intro_text\":true},\"name\":\"content\"}}}},{\"type\":\"grid_item\",\"props\":{\"content\":\"\n\n<div jscontroller=\\\"Ae65rd\\\" jsaction=\\\"touchstart:UrsOsc; click:KjsqPd; focusout:QZoaZ; mouseover:y0pDld; mouseout:dq0hvd;fv1Rjc:jbFSOd;CrfLRd:SzACGe;\\\" class=\\\"CjVfdc\\\"><span>\\u00e0 partir de 30\\u20ac par personne<\\\/span><\\\/div>\",\"image\":\"wp-content\\\/uploads\\\/2021\\\/08\\\/raftingVda12.jpg\",\"image_alt\":\"\",\"link\":\"\\\/fr\\\/green-experiences\\\/rafting\\\/\",\"link_text\":\"En savoir plus\",\"meta\":\"Vall\\u00e9e d'Aoste\",\"title\":\"Rafting\"},\"source\":{\"props\":{\"_condition\":{\"filters\":{\"condition\":\"!!\"},\"arguments\":{\"show_intro_text\":true},\"name\":\"content\"}}}},{\"type\":\"grid_item\",\"props\":{\"content\":\"\n\n<div jscontroller=\\\"Ae65rd\\\" jsaction=\\\"touchstart:UrsOsc; click:KjsqPd; focusout:QZoaZ; mouseover:y0pDld; mouseout:dq0hvd;fv1Rjc:jbFSOd;CrfLRd:SzACGe;\\\" class=\\\"CjVfdc\\\"><span>\\u00e0 partir de 38\\u20ac par personne<\\\/span><\\\/div>\",\"image\":\"wp-content\\\/uploads\\\/2021\\\/08\\\/CastellidiSarreeSarriod2.jpeg\",\"image_alt\":\"\",\"link\":\"\\\/fr\\\/green-experiences\\\/tour-des-chateaux\\\/\",\"link_text\":\"En savoir plus\",\"meta\":\"Vall\\u00e9e d'Aoste\",\"title\":\"Tour des Ch\\u00e2teaux\"},\"source\":{\"props\":{\"_condition\":{\"filters\":{\"condition\":\"!!\"},\"arguments\":{\"show_intro_text\":true},\"name\":\"content\"}}}},{\"type\":\"grid_item\",\"props\":{\"content\":\"\n\n<div jscontroller=\\\"Ae65rd\\\" jsaction=\\\"touchstart:UrsOsc; click:KjsqPd; focusout:QZoaZ; mouseover:y0pDld; mouseout:dq0hvd;fv1Rjc:jbFSOd;CrfLRd:SzACGe;\\\" class=\\\"CjVfdc\\\"><span>\\u00e0 partir de 20\\u20ac par personne<\\\/span><\\\/div>\",\"image\":\"wp-content\\\/uploads\\\/2021\\\/08\\\/MiniereFerro12.jpeg\",\"image_alt\":\"\",\"link\":\"\\\/fr\\\/green-experiences\\\/mines-de-fer\\\/\",\"link_text\":\"En savoir plus\",\"meta\":\"Cogne\",\"title\":\"Mines de fer\"},\"source\":{\"props\":{\"_condition\":{\"filters\":{\"condition\":\"!!\"},\"arguments\":{\"show_intro_text\":true},\"name\":\"content\"}}}},{\"type\":\"grid_item\",\"props\":{\"content\":\"\n\n<div jscontroller=\\\"Ae65rd\\\" jsaction=\\\"touchstart:UrsOsc; click:KjsqPd; focusout:QZoaZ; mouseover:y0pDld; mouseout:dq0hvd;fv1Rjc:jbFSOd;CrfLRd:SzACGe;\\\" class=\\\"CjVfdc\\\"><span>\\u00e0 partir de 38\\u20ac par personne<\\\/span><\\\/div>\",\"image\":\"wp-content\\\/uploads\\\/2021\\\/08\\\/teatroRomanoAosta.jpg\",\"image_alt\":\"\",\"link\":\"\\\/fr\\\/green-experiences\\\/aoste-romaine\\\/\",\"link_text\":\"En savoir plus\",\"meta\":\"Aoste\",\"title\":\"Aoste Romaine\"},\"source\":{\"props\":{\"_condition\":{\"filters\":{\"condition\":\"!!\"},\"arguments\":{\"show_intro_text\":true},\"name\":\"content\"}}}},{\"type\":\"grid_item\",\"props\":{\"content\":\"\n\n<div jscontroller=\\\"Ae65rd\\\" jsaction=\\\"touchstart:UrsOsc; click:KjsqPd; focusout:QZoaZ; mouseover:y0pDld; mouseout:dq0hvd;fv1Rjc:jbFSOd;CrfLRd:SzACGe;\\\" class=\\\"CjVfdc\\\"><span>\\u00e0 partir de 58\\u20ac par personne<\\\/span><\\\/div>\",\"image\":\"wp-content\\\/uploads\\\/2021\\\/08\\\/GiridEnergiaconCVA0.jpeg\",\"image_alt\":\"\",\"link\":\"\\\/fr\\\/green-experiences\\\/tours-denergie-avec-cva\\\/\",\"link_text\":\"En savoir plus\",\"meta\":\"Vall\\u00e9e d'Aoste\",\"title\":\"Tours d'\\u00e9nergie avec CVA\"},\"source\":{\"props\":{\"_condition\":{\"filters\":{\"condition\":\"!!\"},\"arguments\":{\"show_intro_text\":true},\"name\":\"content\"}}}},{\"type\":\"grid_item\",\"props\":{\"content\":\"\n\n<div jscontroller=\\\"Ae65rd\\\" jsaction=\\\"touchstart:UrsOsc; click:KjsqPd; focusout:QZoaZ; mouseover:y0pDld; mouseout:dq0hvd;fv1Rjc:jbFSOd;CrfLRd:SzACGe;\\\" class=\\\"CjVfdc\\\"><span>\\u00e0 partir de 58\\u20ac par personne<\\\/span><\\\/div>\",\"image\":\"wp-content\\\/uploads\\\/2021\\\/08\\\/TrekkingdelMonteBianco0.jpeg\",\"image_alt\":\"\",\"link\":\"\\\/fr\\\/green-experiences\\\/randonnee\\\/\",\"link_text\":\"En savoir plus\",\"meta\":\"Vall\\u00e9e d'Aoste\",\"title\":\"Randonn\\u00e9e\"},\"source\":{\"props\":{\"_condition\":{\"filters\":{\"condition\":\"!!\"},\"arguments\":{\"show_intro_text\":true},\"name\":\"content\"}}}},{\"type\":\"grid_item\",\"props\":{\"content\":\"\n\n<div jscontroller=\\\"Ae65rd\\\" jsaction=\\\"touchstart:UrsOsc; click:KjsqPd; focusout:QZoaZ; mouseover:y0pDld; mouseout:dq0hvd;fv1Rjc:jbFSOd;CrfLRd:SzACGe;\\\" class=\\\"CjVfdc\\\"><span>\\u00e0 partir de 9.50\\u20ac par personne<\\\/span><\\\/div>\",\"image\":\"wp-content\\\/uploads\\\/2021\\\/08\\\/ParcAnimalier8.jpeg\",\"image_alt\":\"\",\"link\":\"\\\/fr\\\/green-experiences\\\/parc-animalier\\\/\",\"link_text\":\"En savoir plus\",\"meta\":\"Introd\",\"title\":\"Parc Animalier d'Introd\"},\"source\":{\"props\":{\"_condition\":{\"filters\":{\"condition\":\"!!\"},\"arguments\":{\"show_intro_text\":true},\"name\":\"content\"}}}},{\"type\":\"grid_item\",\"props\":{\"content\":\"\n\n<div jscontroller=\\\"Ae65rd\\\" jsaction=\\\"touchstart:UrsOsc; click:KjsqPd; focusout:QZoaZ; mouseover:y0pDld; mouseout:dq0hvd;fv1Rjc:jbFSOd;CrfLRd:SzACGe;\\\" class=\\\"CjVfdc\\\"><span>\\u00e0 partir de 180\\u20ac par personne<\\\/span><\\\/div>\",\"image\":\"wp-content\\\/uploads\\\/2021\\\/08\\\/Aliante7.jpeg\",\"image_alt\":\"\",\"link\":\"\\\/fr\\\/green-experiences\\\/planeur\\\/\",\"link_text\":\"En savoir plus\",\"meta\":\"Aoste\",\"title\":\"Planeur\"},\"source\":{\"props\":{\"_condition\":{\"filters\":{\"condition\":\"!!\"},\"arguments\":{\"show_intro_text\":true},\"name\":\"content\"}}}},{\"type\":\"grid_item\",\"props\":{\"content\":\"\n\n<div jscontroller=\\\"Ae65rd\\\" jsaction=\\\"touchstart:UrsOsc; click:KjsqPd; focusout:QZoaZ; mouseover:y0pDld; mouseout:dq0hvd;fv1Rjc:jbFSOd;CrfLRd:SzACGe;\\\" class=\\\"CjVfdc\\\"><span>\\u00e0 partir de 45\\u20ac par personne visite exclusive<\\\/span><\\\/div>\",\"image\":\"wp-content\\\/uploads\\\/2021\\\/09\\\/OsservatorioAstronomicodiSaintBarthelemy6.jpeg\",\"image_alt\":\"\",\"link\":\"\\\/fr\\\/green-experiences\\\/osservatoire-astronomique\\\/\",\"link_text\":\"En savoir plus\",\"meta\":\"Nus\",\"title\":\"Observatoire astronomique de Saint-Barthelemy\"},\"source\":{\"props\":{\"_condition\":{\"filters\":{\"condition\":\"!!\"},\"arguments\":{\"show_intro_text\":true},\"name\":\"content\"}}}},{\"type\":\"grid_item\",\"props\":{\"content\":\"\n\n<div jscontroller=\\\"Ae65rd\\\" jsaction=\\\"touchstart:UrsOsc; click:KjsqPd; focusout:QZoaZ; mouseover:y0pDld; mouseout:dq0hvd;fv1Rjc:jbFSOd;CrfLRd:SzACGe;\\\" class=\\\"CjVfdc\\\"><span>\\u00e0 partir de 70\\u20ac par personne<\\\/span><\\\/div>\",\"image\":\"wp-content\\\/uploads\\\/2021\\\/08\\\/TrekkingconlAsino0.jpeg\",\"image_alt\":\"\",\"link\":\"\\\/fr\\\/green-experiences\\\/en-rando-avec-un-ane\\\/\",\"link_text\":\"En savoir plus\",\"meta\":\"Valpelline\",\"title\":\"En rando avec un \\u00e2ne\"},\"source\":{\"props\":{\"_condition\":{\"filters\":{\"condition\":\"!!\"},\"arguments\":{\"show_intro_text\":true},\"name\":\"content\"}}}},{\"type\":\"grid_item\",\"props\":{\"content\":\"\n\n<div jscontroller=\\\"Ae65rd\\\" jsaction=\\\"touchstart:UrsOsc; click:KjsqPd; focusout:QZoaZ; mouseover:y0pDld; mouseout:dq0hvd;fv1Rjc:jbFSOd;CrfLRd:SzACGe;\\\" class=\\\"CjVfdc\\\"><span>En construction<\\\/span><\\\/div>\",\"image\":\"wp-content\\\/uploads\\\/2021\\\/09\\\/acroyoga.jpg\",\"image_alt\":\"\",\"link\":\"\",\"link_text\":\"Scopri di pi\\u00f9\",\"meta\":\"Valpelline\",\"status\":\"disabled\",\"title\":\"Acroyoga\"},\"source\":{\"props\":{\"_condition\":{\"filters\":{\"condition\":\"!!\"},\"arguments\":{\"show_intro_text\":true},\"name\":\"content\"}}}},{\"type\":\"grid_item\",\"props\":{\"content\":\"\n\n<div jscontroller=\\\"Ae65rd\\\" jsaction=\\\"touchstart:UrsOsc; click:KjsqPd; focusout:QZoaZ; mouseover:y0pDld; mouseout:dq0hvd;fv1Rjc:jbFSOd;CrfLRd:SzACGe;\\\" class=\\\"CjVfdc\\\"><span>En construction<\\\/span><\\\/div>\",\"image\":\"wp-content\\\/uploads\\\/2021\\\/09\\\/equitazione.jpg\",\"image_alt\":\"\",\"link\":\"\",\"link_text\":\"Scopri di pi\\u00f9\",\"meta\":\"Vall\\u00e9e d'Aoste\",\"status\":\"disabled\",\"title\":\"\\u00c9quitation\"},\"source\":{\"props\":{\"_condition\":{\"filters\":{\"condition\":\"!!\"},\"arguments\":{\"show_intro_text\":true},\"name\":\"content\"}}}},{\"type\":\"grid_item\",\"props\":{\"content\":\"\n\n<div jscontroller=\\\"Ae65rd\\\" jsaction=\\\"touchstart:UrsOsc; click:KjsqPd; focusout:QZoaZ; mouseover:y0pDld; mouseout:dq0hvd;fv1Rjc:jbFSOd;CrfLRd:SzACGe;\\\" class=\\\"CjVfdc\\\"><span>En construction<\\\/span><\\\/div>\",\"image\":\"wp-content\\\/uploads\\\/2021\\\/09\\\/downhillPila.jpg\",\"image_alt\":\"\",\"link\":\"\",\"link_text\":\"Scopri di pi\\u00f9\",\"meta\":\"Pila\",\"status\":\"disabled\",\"title\":\"Downhill\"},\"source\":{\"props\":{\"_condition\":{\"filters\":{\"condition\":\"!!\"},\"arguments\":{\"show_intro_text\":true},\"name\":\"content\"}}}},{\"type\":\"grid_item\",\"props\":{\"content\":\"\n\n<div jscontroller=\\\"Ae65rd\\\" jsaction=\\\"touchstart:UrsOsc; click:KjsqPd; focusout:QZoaZ; mouseover:y0pDld; mouseout:dq0hvd;fv1Rjc:jbFSOd;CrfLRd:SzACGe;\\\" class=\\\"CjVfdc\\\"><span>En construction<\\\/span><\\\/div>\",\"image\":\"wp-content\\\/uploads\\\/2021\\\/09\\\/Terme.jpg\",\"image_alt\":\"\",\"link\":\"\",\"link_text\":\"Scopri di pi\\u00f9\",\"meta\":\"Vall\\u00e9e d'Aoste\",\"status\":\"disabled\",\"title\":\"Spa et Stations baln\\u00e9aires\"},\"source\":{\"props\":{\"_condition\":{\"filters\":{\"condition\":\"!!\"},\"arguments\":{\"show_intro_text\":true},\"name\":\"content\"}}}}]}]}],\"props\":{\"match\":false,\"padding_remove_horizontal\":false,\"width\":\"default\"}}],\"name\":\"Posts\"}],\"version\":\"3.0.17\"} --><\/p>\n","protected":false},"excerpt":{"rendered":"<p>Green Outdoor Exp\u00e9riences D\u00e9couvrez toutes les exp\u00e9riences green en plein air en Vall\u00e9e d\u2019Aoste. Randonn\u00e9es, visites de ch\u00e2teaux, tour en e-BMW, Skyway, VTT et bien plus encore! Skyway Mont Blanc Courmayeur \u00e0 partir de 52\u20ac par personne En savoir plus E-BMW Tour Vall\u00e8e d&rsquo;Aoste \u00e0 partir de 30\u20ac par personne en savoir plus E-VTT Tour [&hellip;]<\/p>\n","protected":false},"author":1,"featured_media":0,"parent":0,"menu_order":0,"comment_status":"closed","ping_status":"closed","template":"","meta":{"saved_in_kubio":false,"_seopress_robots_primary_cat":"","_seopress_titles_title":"Esperienze Green | Green Experience Vall\u00e9e d&#039;Aoste","_seopress_titles_desc":"Aziende agricole da vivere, attivit\u00e0 green outdoor, entra in questa sezione per vedere tutte le meravigliose esperienze organizzate da Green Vall\u00e9e d&#039;Aoste!","_seopress_robots_index":"","footnotes":""},"class_list":["post-2653","page","type-page","status-publish","hentry"],"kubio_ai_page_context":{"short_desc":"","purpose":"general"},"_links":{"self":[{"href":"https:\/\/www.greenvda.com\/fr\/wp-json\/wp\/v2\/pages\/2653","targetHints":{"allow":["GET"]}}],"collection":[{"href":"https:\/\/www.greenvda.com\/fr\/wp-json\/wp\/v2\/pages"}],"about":[{"href":"https:\/\/www.greenvda.com\/fr\/wp-json\/wp\/v2\/types\/page"}],"author":[{"embeddable":true,"href":"https:\/\/www.greenvda.com\/fr\/wp-json\/wp\/v2\/users\/1"}],"replies":[{"embeddable":true,"href":"https:\/\/www.greenvda.com\/fr\/wp-json\/wp\/v2\/comments?post=2653"}],"version-history":[{"count":11,"href":"https:\/\/www.greenvda.com\/fr\/wp-json\/wp\/v2\/pages\/2653\/revisions"}],"predecessor-version":[{"id":4115,"href":"https:\/\/www.greenvda.com\/fr\/wp-json\/wp\/v2\/pages\/2653\/revisions\/4115"}],"wp:attachment":[{"href":"https:\/\/www.greenvda.com\/fr\/wp-json\/wp\/v2\/media?parent=2653"}],"curies":[{"name":"wp","href":"https:\/\/api.w.org\/{rel}","templated":true}]}}