{"id":2647,"date":"2021-09-01T15:17:24","date_gmt":"2021-09-01T13:17:24","guid":{"rendered":"https:\/\/www.greenvda.com\/itineraires-green\/al-cospetto-del-4000\/"},"modified":"2022-02-12T20:33:06","modified_gmt":"2022-02-12T19:33:06","slug":"face-au-4000","status":"publish","type":"page","link":"https:\/\/www.greenvda.com\/fr\/itineraires-green\/face-au-4000\/","title":{"rendered":"Face au 4000"},"content":{"rendered":"<p><img decoding=\"async\" src=\"\/wp-content\/uploads\/2021\/09\/AlCospettodel40001.jpeg\" alt=\"\"><\/p>\n<div>\n<h1>Face aux 4000<\/h1>\n<div>\n<h3 dir=\"ltr\" class=\"CDt4Ke zfr3Q\"><span class=\" jgG6ef\"><strong>7 jours<\/strong><\/span><\/h3>\n<h3 dir=\"ltr\" class=\"CDt4Ke zfr3Q\"><span class=\" jgG6ef\"><strong>Programme<\/strong><\/span><\/h3>\n<p dir=\"ltr\" class=\"CDt4Ke zfr3Q\"><span><strong>1er jour<\/strong><\/span><\/p>\n<p>Arriv\u00e9e \u00e0 l\u2019a\u00e9roport de Turin Caselle, rencontre avec notre repr\u00e9sentant et transfert au parking (10 minutes). Formalit\u00e9s et retrait de la BMW i3. Apr\u00e8s environ 70 kilom\u00e8tres, vous quitterez l\u2019autoroute pour prendre la route qui vous conduira face au Mont-Rose en 30 kilom\u00e8tres environ. Installation au Romantik Jolanda Sport H\u00f4tel et temps libre pour explorer les environs.<\/p>\n<p dir=\"ltr\" class=\"CDt4Ke zfr3Q\"><span><strong>2\u00e8me jour<\/strong><\/span><\/p>\n<p dir=\"ltr\" class=\"CDt4Ke zfr3Q\"><span lang=\"fr-FR\">Journ\u00e9e enti\u00e8re \u00e0 disposition pour les activit\u00e9s en option. Nuit au Romantik Jolanda Sport H\u00f4tel.<\/span><\/p>\n<p dir=\"ltr\" class=\"CDt4Ke zfr3Q\"><span><strong>3\u00e8me jour<\/strong><\/span><\/p>\n<p dir=\"ltr\" class=\"CDt4Ke zfr3Q\">Apr\u00e8s le petit-d\u00e9jeuner, descente vers le fond de la vall\u00e9e pour prendre la direction qui porte au Cervin\u00a0 Apr\u00e8s 90 km environ, arriv\u00e9e \u00e0 Cervinia.<\/p>\n<p dir=\"ltr\" class=\"CDt4Ke zfr3Q\">Installation \u00e0 l\u2019h\u00f4tel Les Neiges d&rsquo;Antan et temps libre pour explorer les environs.<\/p>\n<p dir=\"ltr\" class=\"CDt4Ke zfr3Q\"><span><strong>4\u00e8me jour<\/strong><\/span><\/p>\n<p dir=\"ltr\" class=\"CDt4Ke zfr3Q\">Journ\u00e9e enti\u00e8re \u00e0 disposition pour les activit\u00e9s en option. Nuit \u00e0 l\u2019h\u00f4tel Les Neiges d&rsquo;Antan<\/p>\n<p dir=\"ltr\" class=\"CDt4Ke zfr3Q\"><span><strong>5\u00e8me jour<\/strong><\/span><\/p>\n<p dir=\"ltr\" class=\"CDt4Ke zfr3Q\"><span>Apr\u00e8s le petit-d\u00e9jeuner, descente vers le fond de la vall\u00e9e pour continuer ensuite vers la haute Vall\u00e9e. Il y a deux parcours possibles : par l\u2019autoroute ou en empruntant la route nationale panoramique qui longe la Doire Balt\u00e9e. Apr\u00e8s environ 75 km arriv\u00e9e \u00e0 Aymavilles, o\u00f9 l\u2019on prend la vall\u00e9e \u00e9troite qui conduit au Parc National du Grand-Paradis. Transfert jusqu\u2019\u00e0 l\u2019un des h\u00f4tels propos\u00e9s. Installation \u00e0 l\u2019h\u00f4tel r\u00e9serv\u00e9 et temps \u00e0 disposition pour explorer les environs.<\/span><\/p>\n<p dir=\"ltr\" class=\"CDt4Ke zfr3Q\"><span><strong>6\u00e8me jour<\/strong><\/span><\/p>\n<p dir=\"ltr\" class=\"CDt4Ke zfr3Q\">Journ\u00e9e enti\u00e8re \u00e0 disposition pour les activit\u00e9s en option. Nuit \u00e0 l\u2019h\u00f4tel choisi.<\/p>\n<p dir=\"ltr\" class=\"CDt4Ke zfr3Q\"><span><strong>7\u00e8me jour<\/strong><\/span><\/p>\n<p dir=\"ltr\" class=\"CDt4Ke zfr3Q\">Apr\u00e8s le petit-d\u00e9jeuner, temps \u00e0 disposition pour les activit\u00e9s en option et d\u00e9part pour Turin. Restitution de la voiture \u00e0 notre personnel et transfert \u00e0 l\u2019a\u00e9roport.<\/p>\n<h5 dir=\"ltr\" class=\"CDt4Ke zfr3Q\" style=\"text-align: center;\"><span class=\" jgG6ef\">Taux de participation \u00e0 partir de<br \/><\/span><span class=\" jgG6ef\">\u20ac 725,00<br \/><\/span><span class=\" jgG6ef\">par personne en chambre double<\/span><\/h5>\n<p align=\"JUSTIFY\">\n<p align=\"JUSTIFY\">\n<p align=\"JUSTIFY\">\n<p align=\"JUSTIFY\">\n<\/div>\n<\/div>\n<ul>\n<li>\n<p>        <img decoding=\"async\" src=\"\/wp-content\/uploads\/2021\/09\/Al-Cospetto-del-4000link1.jpeg\" alt=\"\"><\/p>\n<h3>Gressoney<\/h3>\n<p><a href=\"\/fr\/vallee-daoste\/gressoney\/\">En savoir plus<\/a><\/p>\n<\/li>\n<li>\n<p>        <img decoding=\"async\" src=\"\/wp-content\/uploads\/2021\/09\/AlCospettodel4000link2.jpeg\" alt=\"\"><\/p>\n<h3>Cervinia<\/h3>\n<p><a href=\"\/fr\/vallee-daoste\/cervinia\/\">En savoir plus<\/a><\/p>\n<\/li>\n<li>\n<p>        <img decoding=\"async\" src=\"\/wp-content\/uploads\/2021\/09\/AlCospettodel4000link3.jpeg\" alt=\"\"><\/p>\n<h3>Cogne<\/h3>\n<p><a href=\"\/fr\/vallee-daoste\/cogne\/\">En savoir plus<\/a><\/p>\n<\/li>\n<\/ul>\n<div>\n<h3><strong>Activit\u00e9s optionelles<\/strong><\/h3>\n<\/p>\n<\/div>\n<div>\n<ul>\n<li>Visite des ch\u00e2teaux accompagn\u00e9s d\u2019un guide touristique professionnel<\/li>\n<li dir=\"ltr\" class=\"CDt4Ke zfr3Q\"><span>Tour de la ville d&rsquo;Aoste<\/span><\/li>\n<li dir=\"ltr\" class=\"CDt4Ke zfr3Q\"><span>Journ\u00e9e VTT<\/span><\/li>\n<li dir=\"ltr\" class=\"CDt4Ke zfr3Q\">Journ\u00e9e de p\u00eache catch and release<\/li>\n<li dir=\"ltr\" class=\"CDt4Ke zfr3Q\"><span>E-BMW tour<\/span><\/li>\n<li dir=\"ltr\" class=\"CDt4Ke zfr3Q\"><span>Trekking<\/span><\/li>\n<li dir=\"ltr\" class=\"CDt4Ke zfr3Q\"><span>Skyway<\/span><\/li>\n<li dir=\"ltr\" class=\"CDt4Ke zfr3Q\"><span>Parc Animalier d&rsquo;Introd<\/span><\/li>\n<li dir=\"ltr\" class=\"CDt4Ke zfr3Q\"><span>Rafting<\/span><\/li>\n<li dir=\"ltr\" class=\"CDt4Ke zfr3Q\"><span>Promenades avec les \u00e2nes<\/span><\/li>\n<li dir=\"ltr\" class=\"CDt4Ke zfr3Q\"><span>Acroyoga et acroclimb<\/span><\/li>\n<li dir=\"ltr\" class=\"CDt4Ke zfr3Q\"><span>Parapente<\/span><\/li>\n<li dir=\"ltr\" class=\"CDt4Ke zfr3Q\">Vol en montgolfi\u00e8re<\/li>\n<li dir=\"ltr\" class=\"CDt4Ke zfr3Q\">Menu d\u00e9gustation \u00e0 z\u00e9ro km<\/li>\n<li dir=\"ltr\" class=\"CDt4Ke zfr3Q\"><span>Planeur<\/span><\/li>\n<li dir=\"ltr\" class=\"CDt4Ke zfr3Q\">Visite guid\u00e9e des mines de fer<\/li>\n<li dir=\"ltr\" class=\"CDt4Ke zfr3Q\">Entr\u00e9e aux Thermes de Pr\u00e9 St-Didier<\/li>\n<\/ul>\n<ul class=\"n8H08c UVNKR\"><\/ul>\n<\/div>\n<div>\n<h3 dir=\"ltr\" class=\"CDt4Ke zfr3Q\"><span><strong>Les tarifs comprennent:<\/strong><\/span><\/h3>\n<ul>\n<li dir=\"ltr\" class=\"CDt4Ke zfr3Q\">\n<p>Location de notre voiture \u00e9lectrique BMW i3 \u00e0 partir de 08h00 le premier jour jusqu\u2019\u00e0 20h00 le dernier jour de s\u00e9jour.<\/p>\n<\/li>\n<li dir=\"ltr\" class=\"CDt4Ke zfr3Q\">\n<p>Retrait et livraison \u00e0 l\u2019a\u00e9roport Caselle de Turin ou \u00e0 la gare d\u2019Aoste (service sous r\u00e9serve de disponibilit\u00e9 des voitures dans la p\u00e9riode demand\u00e9e).<\/p>\n<\/li>\n<li dir=\"ltr\" class=\"CDt4Ke zfr3Q\">\n<p>Assurance Kasco avec franchise de \u20ac 300,00.<\/p>\n<\/li>\n<li dir=\"ltr\" class=\"CDt4Ke zfr3Q\">\n<p>Kilom\u00e9trage inclus.<\/p>\n<\/li>\n<li dir=\"ltr\" class=\"CDt4Ke zfr3Q\">\n<p>Recharge nocturne dans les h\u00f4tels partenaires incluse.<\/p>\n<\/li>\n<li dir=\"ltr\" class=\"CDt4Ke zfr3Q\"><span>2 nuit\u00e9es avec petit-d\u00e9jeuner au<strong> <a href=\"https:\/\/www.greenvda.com\/fr\/romantic-hotel-jolanda-sport\/\">Romantik Jolanda Sport Hotel ***<\/a> <\/strong>Gressoney.<\/span><\/li>\n<li dir=\"ltr\" class=\"CDt4Ke zfr3Q\"><span>2 nuit\u00e9es avec petit-d\u00e9jeuner \u00e0 l\u2019<\/span><span><a class=\"XqQF9c rXJpyf\" href=\"https:\/\/www.greenvalleedaoste.com\/dormire-green\/hotel-les-neiges-dantan\"><strong>Hotel Les Neiges d\u2019Antan ****<\/strong><\/a><\/span><\/li>\n<li dir=\"ltr\" class=\"CDt4Ke zfr3Q\"><span>2 nuit\u00e9es avec petit-d\u00e9jeuner, \u00e0 l\u2019 <\/span><span><a class=\"XqQF9c rXJpyf\" href=\"https:\/\/www.greenvalleedaoste.com\/dormire-green\/hotel-la-barme\"><strong>Hotel La Barme ***<\/strong><\/a><\/span><span><strong> <\/strong><\/span><span>ou \u00e0 l\u2019<\/span><span><a class=\"XqQF9c rXJpyf\" href=\"https:\/\/www.greenvalleedaoste.com\/dormire-green\/eco-wellness-hotel-notre-maison\"><strong>Eco-Wellness Hotel Notre Maison ***S<\/strong><\/a><\/span><span> de Cogne<\/span><\/li>\n<li dir=\"ltr\" class=\"CDt4Ke zfr3Q\">Acc\u00e8s au spa.<\/li>\n<li dir=\"ltr\" class=\"CDt4Ke zfr3Q\">Parking et garage r\u00e9serv\u00e9.<\/li>\n<li dir=\"ltr\" class=\"CDt4Ke zfr3Q\">Assurance m\u00e9dicale et annulation NOBIS incluse dans le tarif.<\/li>\n<\/ul>\n<ul class=\"n8H08c UVNKR\"><\/ul>\n<\/div>\n<div>\n<h3 dir=\"ltr\" class=\"CDt4Ke zfr3Q\"><span><strong>Les tarifs ne comprennent pas:<\/strong><\/span><\/h3>\n<ul>\n<li>\n<p>Frais d\u2019inscription (\u20ac25,00 par personne).<\/p>\n<\/li>\n<li>\n<p>Taxe de s\u00e9jour.<\/p>\n<\/li>\n<li>\n<p>Les activit\u00e9s optionnelles.<\/p>\n<\/li>\n<li>\n<p>Pourboires.<\/p>\n<\/li>\n<li>\n<p>Bagagiste.<\/p>\n<\/li>\n<li>\n<p>Extras de nature personnelle.<\/p>\n<\/li>\n<li>\n<p>Tout ce qui n\u2019est pas mentionn\u00e9 dans \u00ab les tarifs comprennent \u00bb<\/p>\n<\/li>\n<\/ul>\n<\/div>\n<p><img decoding=\"async\" src=\"\/wp-content\/uploads\/2021\/09\/AlCospettodel400000.jpeg\" alt=\"\"><\/p>\n<p><!--more--><br \/>\n<!-- {\"name\":\"Trans Alps Adventure\",\"type\":\"layout\",\"children\":[{\"name\":\"Hero\",\"type\":\"section\",\"props\":{\"style\":\"primary\",\"width\":\"large\",\"vertical_align\":\"\",\"title_position\":\"top-left\",\"title_rotation\":\"left\",\"title_breakpoint\":\"xl\",\"image_position\":\"top-center\",\"height\":\"percent\",\"padding\":\"large\",\"image\":\"wp-content\\\/uploads\\\/2021\\\/09\\\/AlCospettodel4000.jpeg\",\"text_color\":\"light\",\"image_size\":\"cover\",\"image_width\":\"2560\",\"overlap\":false,\"image_parallax_breakpoint\":\"m\",\"image_parallax_bgy_start\":\"-200\"},\"children\":[{\"name\":\"\",\"type\":\"row\",\"children\":[{\"name\":\"\",\"type\":\"column\",\"props\":{\"image_position\":\"center-center\",\"media_overlay_gradient\":\"\",\"width_medium\":\"1-1\"},\"children\":[]}]}]},{\"name\":\"About\",\"type\":\"section\",\"props\":{\"style\":\"default\",\"width\":\"xlarge\",\"vertical_align\":\"middle\",\"title_position\":\"center-right\",\"title_rotation\":\"left\",\"title_breakpoint\":\"xl\",\"image_position\":\"center-center\",\"padding\":\"none\",\"overlap\":false,\"title\":\"\",\"padding_remove_bottom\":false,\"padding_remove_top\":false},\"children\":[{\"name\":\"\",\"type\":\"row\",\"props\":{\"layout\":\"1-2,1-2\",\"match\":true,\"column_gap\":\"collapse\",\"row_gap\":\"collapse\"},\"children\":[{\"name\":\"\",\"type\":\"column\",\"props\":{\"image_position\":\"center-center\",\"vertical_align\":\"middle\",\"media_overlay_gradient\":\"\",\"width_medium\":\"1-2\"},\"children\":[{\"name\":\"\",\"type\":\"image\",\"props\":{\"margin\":\"default\",\"text_align\":\"right\",\"maxwidth\":\"xlarge\",\"animation\":\"parallax\",\"image\":\"wp-content\\\/uploads\\\/2021\\\/09\\\/AlCospettodel40001.jpeg\",\"image_width\":\"600\",\"parallax_breakpoint\":\"m\",\"parallax_y_end\":\"-240\",\"parallax_y_start\":\"-100\",\"image_box_decoration\":\"default\",\"block_align\":\"right\",\"image_svg_color\":\"emphasis\",\"image_height\":\"700\"}}]},{\"name\":\"\",\"type\":\"column\",\"props\":{\"image_position\":\"center-center\",\"media_overlay_gradient\":\"\",\"width_medium\":\"1-2\"},\"children\":[{\"name\":\"\",\"type\":\"panel\",\"props\":{\"link_text\":\"Tariffe e galleria fotografica\",\"title_element\":\"h1\",\"meta_style\":\"meta\",\"meta_align\":\"below-title\",\"image_align\":\"top\",\"image_grid_width\":\"1-2\",\"link_style\":\"primary\",\"margin\":\"\",\"panel_style\":\"card-default\",\"panel_size\":\"large\",\"title_style\":\"h1\",\"text_align\":\"left\",\"maxwidth\":\"xlarge\",\"maxwidth_breakpoint\":\"l\",\"animation\":\"parallax\",\"title\":\"Face aux 4000\",\"content\":\"\n\n<h3 dir=\\\"ltr\\\" class=\\\"CDt4Ke zfr3Q\\\"><span class=\\\" jgG6ef\\\"><strong>7 jours<\\\/strong><\\\/span><\\\/h3>\\n\n\n<h3 dir=\\\"ltr\\\" class=\\\"CDt4Ke zfr3Q\\\"><span class=\\\" jgG6ef\\\"><strong>Programme<\\\/strong><\\\/span><\\\/h3>\\n\n\n<p dir=\\\"ltr\\\" class=\\\"CDt4Ke zfr3Q\\\"><span><strong>1er jour<\\\/strong><\\\/span><\\\/p>\\n\n\n<p>Arriv\\u00e9e \\u00e0 l\\u2019a\\u00e9roport de Turin Caselle, rencontre avec notre repr\\u00e9sentant et transfert au parking (10 minutes). Formalit\\u00e9s et retrait de la BMW i3. Apr\\u00e8s environ 70 kilom\\u00e8tres, vous quitterez l\\u2019autoroute pour prendre la route qui vous conduira face au Mont-Rose en 30 kilom\\u00e8tres environ. Installation au Romantik Jolanda Sport H\\u00f4tel et temps libre pour explorer les environs.<\\\/p>\\n\n\n<p dir=\\\"ltr\\\" class=\\\"CDt4Ke zfr3Q\\\"><span><strong>2\\u00e8me jour<\\\/strong><\\\/span><\\\/p>\\n\n\n<p dir=\\\"ltr\\\" class=\\\"CDt4Ke zfr3Q\\\"><span lang=\\\"fr-FR\\\">Journ\\u00e9e enti\\u00e8re \\u00e0 disposition pour les activit\\u00e9s en option. Nuit au Romantik Jolanda Sport H\\u00f4tel.<\\\/span><\\\/p>\\n\n\n<p dir=\\\"ltr\\\" class=\\\"CDt4Ke zfr3Q\\\"><span><strong>3\\u00e8me jour<\\\/strong><\\\/span><\\\/p>\\n\n\n<p dir=\\\"ltr\\\" class=\\\"CDt4Ke zfr3Q\\\">Apr\\u00e8s le petit-d\\u00e9jeuner, descente vers le fond de la vall\\u00e9e pour prendre la direction qui porte au Cervin\\u00a0 Apr\\u00e8s 90 km environ, arriv\\u00e9e \\u00e0 Cervinia.<\\\/p>\\n\n\n<p dir=\\\"ltr\\\" class=\\\"CDt4Ke zfr3Q\\\">Installation \\u00e0 l\\u2019h\\u00f4tel Les Neiges d'Antan et temps libre pour explorer les environs.<\\\/p>\\n\n\n<p dir=\\\"ltr\\\" class=\\\"CDt4Ke zfr3Q\\\"><span><strong>4\\u00e8me jour<\\\/strong><\\\/span><\\\/p>\\n\n\n<p dir=\\\"ltr\\\" class=\\\"CDt4Ke zfr3Q\\\">Journ\\u00e9e enti\\u00e8re \\u00e0 disposition pour les activit\\u00e9s en option. Nuit \\u00e0 l\\u2019h\\u00f4tel Les Neiges d'Antan<\\\/p>\\n\n\n<p dir=\\\"ltr\\\" class=\\\"CDt4Ke zfr3Q\\\"><span><strong>5\\u00e8me jour<\\\/strong><\\\/span><\\\/p>\\n\n\n<p dir=\\\"ltr\\\" class=\\\"CDt4Ke zfr3Q\\\"><span>Apr\\u00e8s le petit-d\\u00e9jeuner, descente vers le fond de la vall\\u00e9e pour continuer ensuite vers la haute Vall\\u00e9e. Il y a deux parcours possibles : par l\\u2019autoroute ou en empruntant la route nationale panoramique qui longe la Doire Balt\\u00e9e. Apr\\u00e8s environ 75 km arriv\\u00e9e \\u00e0 Aymavilles, o\\u00f9 l\\u2019on prend la vall\\u00e9e \\u00e9troite qui conduit au Parc National du Grand-Paradis. Transfert jusqu\\u2019\\u00e0 l\\u2019un des h\\u00f4tels propos\\u00e9s. Installation \\u00e0 l\\u2019h\\u00f4tel r\\u00e9serv\\u00e9 et temps \\u00e0 disposition pour explorer les environs.<\\\/span><\\\/p>\\n\n\n<p dir=\\\"ltr\\\" class=\\\"CDt4Ke zfr3Q\\\"><span><strong>6\\u00e8me jour<\\\/strong><\\\/span><\\\/p>\\n\n\n<p dir=\\\"ltr\\\" class=\\\"CDt4Ke zfr3Q\\\">Journ\\u00e9e enti\\u00e8re \\u00e0 disposition pour les activit\\u00e9s en option. Nuit \\u00e0 l\\u2019h\\u00f4tel choisi.<\\\/p>\\n\n\n<p dir=\\\"ltr\\\" class=\\\"CDt4Ke zfr3Q\\\"><span><strong>7\\u00e8me jour<\\\/strong><\\\/span><\\\/p>\\n\n\n<p dir=\\\"ltr\\\" class=\\\"CDt4Ke zfr3Q\\\">Apr\\u00e8s le petit-d\\u00e9jeuner, temps \\u00e0 disposition pour les activit\\u00e9s en option et d\\u00e9part pour Turin. Restitution de la voiture \\u00e0 notre personnel et transfert \\u00e0 l\\u2019a\\u00e9roport.<\\\/p>\\n\n\n<h5 dir=\\\"ltr\\\" class=\\\"CDt4Ke zfr3Q\\\" style=\\\"text-align: center;\\\"><span class=\\\" jgG6ef\\\">Taux de participation \\u00e0 partir de<br \\\/><\\\/span><span class=\\\" jgG6ef\\\">\\u20ac 725,00<br \\\/><\\\/span><span class=\\\" jgG6ef\\\">par personne en chambre double<\\\/span><\\\/h5>\\n\n\n<p align=\\\"JUSTIFY\\\"><\\\/p>\\n\n\n<p align=\\\"JUSTIFY\\\"><\\\/p>\\n\n\n<p align=\\\"JUSTIFY\\\"><\\\/p>\\n\n\n<p align=\\\"JUSTIFY\\\"><\\\/p>\",\"parallax_breakpoint\":\"m\",\"parallax_y_start\":\"-200\",\"title_hover_style\":\"reset\",\"title_align\":\"top\",\"title_grid_width\":\"1-2\",\"image_svg_color\":\"emphasis\",\"position\":\"relative\",\"position_left\":\"-50\",\"css\":\"@media (max-width: 959px) {\\n    .el-element { position: static !important; }\\n}\",\"title_grid_breakpoint\":\"m\",\"image_grid_breakpoint\":\"m\",\"icon_width\":80,\"meta_element\":\"div\",\"content_column_breakpoint\":\"m\",\"link\":\"\",\"link_target\":true,\"meta\":\"\"}}]}]}]},{\"type\":\"section\",\"props\":{\"style\":\"default\",\"width\":\"default\",\"vertical_align\":\"middle\",\"title_position\":\"top-left\",\"title_rotation\":\"left\",\"title_breakpoint\":\"xl\",\"image_position\":\"center-center\"},\"children\":[{\"type\":\"row\",\"children\":[{\"type\":\"column\",\"props\":{\"image_position\":\"center-center\",\"media_overlay_gradient\":\"\"},\"children\":[{\"type\":\"grid\",\"props\":{\"show_title\":true,\"show_meta\":true,\"show_content\":true,\"show_image\":true,\"show_link\":true,\"grid_default\":\"1\",\"grid_medium\":\"3\",\"filter_style\":\"tab\",\"filter_all\":true,\"filter_position\":\"top\",\"filter_align\":\"left\",\"filter_grid_width\":\"auto\",\"filter_grid_breakpoint\":\"m\",\"title_hover_style\":\"reset\",\"title_element\":\"h3\",\"title_align\":\"top\",\"title_grid_width\":\"1-2\",\"title_grid_breakpoint\":\"m\",\"meta_style\":\"meta\",\"meta_align\":\"below-title\",\"meta_element\":\"div\",\"content_column_breakpoint\":\"m\",\"icon_width\":80,\"image_align\":\"top\",\"image_grid_width\":\"1-2\",\"image_grid_breakpoint\":\"m\",\"image_svg_color\":\"emphasis\",\"link_text\":\"Scopri di pi\\u00f9\",\"link_style\":\"default\",\"margin\":\"default\",\"item_animation\":true,\"panel_style\":\"card-default\",\"title_style\":\"h5\",\"panel_size\":\"small\"},\"children\":[{\"type\":\"grid_item\",\"props\":{\"title\":\"Gressoney\",\"image\":\"wp-content\\\/uploads\\\/2021\\\/09\\\/Al-Cospetto-del-4000link1.jpeg\",\"link\":\"fr\\\/vallee-daoste\\\/gressoney\\\/\",\"link_text\":\"En savoir plus\"}},{\"type\":\"grid_item\",\"props\":{\"title\":\"Cervinia\",\"image\":\"wp-content\\\/uploads\\\/2021\\\/09\\\/AlCospettodel4000link2.jpeg\",\"link\":\"fr\\\/vallee-daoste\\\/cervinia\\\/\",\"link_text\":\"En savoir plus\"}},{\"type\":\"grid_item\",\"props\":{\"title\":\"Cogne\",\"image\":\"wp-content\\\/uploads\\\/2021\\\/09\\\/AlCospettodel4000link3.jpeg\",\"link\":\"fr\\\/vallee-daoste\\\/cogne\\\/\",\"link_text\":\"En savoir plus\"}}]},{\"type\":\"text\",\"props\":{\"margin\":\"default\",\"column_breakpoint\":\"m\",\"content\":\"\n\n<h3><strong>Activit\\u00e9s optionelles<\\\/strong><\\\/h3>\\n\n\n<p><\\\/p>\"}},{\"type\":\"text\",\"props\":{\"margin\":\"default\",\"column_breakpoint\":\"m\",\"content\":\"\n\n<ul>\\n\n\n<li>Visite des ch\\u00e2teaux accompagn\\u00e9s d\\u2019un guide touristique professionnel<\\\/li>\\n\n\n<li dir=\\\"ltr\\\" class=\\\"CDt4Ke zfr3Q\\\"><span>Tour de la ville d'Aoste<\\\/span><\\\/li>\\n\n\n<li dir=\\\"ltr\\\" class=\\\"CDt4Ke zfr3Q\\\"><span>Journ\\u00e9e VTT<\\\/span><\\\/li>\\n\n\n<li dir=\\\"ltr\\\" class=\\\"CDt4Ke zfr3Q\\\">Journ\\u00e9e de p\\u00eache catch and release<\\\/li>\\n\n\n<li dir=\\\"ltr\\\" class=\\\"CDt4Ke zfr3Q\\\"><span>E-BMW tour<\\\/span><\\\/li>\\n\n\n<li dir=\\\"ltr\\\" class=\\\"CDt4Ke zfr3Q\\\"><span>Trekking<\\\/span><\\\/li>\\n\n\n<li dir=\\\"ltr\\\" class=\\\"CDt4Ke zfr3Q\\\"><span>Skyway<\\\/span><\\\/li>\\n\n\n<li dir=\\\"ltr\\\" class=\\\"CDt4Ke zfr3Q\\\"><span>Parc Animalier d'Introd<\\\/span><\\\/li>\\n\n\n<li dir=\\\"ltr\\\" class=\\\"CDt4Ke zfr3Q\\\"><span>Rafting<\\\/span><\\\/li>\\n\n\n<li dir=\\\"ltr\\\" class=\\\"CDt4Ke zfr3Q\\\"><span>Promenades avec les \\u00e2nes<\\\/span><\\\/li>\\n\n\n<li dir=\\\"ltr\\\" class=\\\"CDt4Ke zfr3Q\\\"><span>Acroyoga et acroclimb<\\\/span><\\\/li>\\n\n\n<li dir=\\\"ltr\\\" class=\\\"CDt4Ke zfr3Q\\\"><span>Parapente<\\\/span><\\\/li>\\n\n\n<li dir=\\\"ltr\\\" class=\\\"CDt4Ke zfr3Q\\\">Vol en montgolfi\\u00e8re<\\\/li>\\n\n\n<li dir=\\\"ltr\\\" class=\\\"CDt4Ke zfr3Q\\\">Menu d\\u00e9gustation \\u00e0 z\\u00e9ro km<\\\/li>\\n\n\n<li dir=\\\"ltr\\\" class=\\\"CDt4Ke zfr3Q\\\"><span>Planeur<\\\/span><\\\/li>\\n\n\n<li dir=\\\"ltr\\\" class=\\\"CDt4Ke zfr3Q\\\">Visite guid\\u00e9e des mines de fer<\\\/li>\\n\n\n<li dir=\\\"ltr\\\" class=\\\"CDt4Ke zfr3Q\\\">Entr\\u00e9e aux Thermes de Pr\\u00e9 St-Didier<\\\/li>\\n<\\\/ul>\\n\n\n<ul class=\\\"n8H08c UVNKR\\\"><\\\/ul>\",\"column\":\"1-2\"}},{\"type\":\"text\",\"props\":{\"margin\":\"default\",\"column_breakpoint\":\"m\",\"content\":\"\n\n<h3 dir=\\\"ltr\\\" class=\\\"CDt4Ke zfr3Q\\\"><span><strong>Les tarifs comprennent:<\\\/strong><\\\/span><\\\/h3>\\n\n\n<ul>\\n\n\n<li dir=\\\"ltr\\\" class=\\\"CDt4Ke zfr3Q\\\">\\n\n\n<p>Location de notre voiture \\u00e9lectrique BMW i3 \\u00e0 partir de 08h00 le premier jour jusqu\\u2019\\u00e0 20h00 le dernier jour de s\\u00e9jour.<\\\/p>\\n<\\\/li>\\n\n\n<li dir=\\\"ltr\\\" class=\\\"CDt4Ke zfr3Q\\\">\\n\n\n<p>Retrait et livraison \\u00e0 l\\u2019a\\u00e9roport Caselle de Turin ou \\u00e0 la gare d\\u2019Aoste (service sous r\\u00e9serve de disponibilit\\u00e9 des voitures dans la p\\u00e9riode demand\\u00e9e).<\\\/p>\\n<\\\/li>\\n\n\n<li dir=\\\"ltr\\\" class=\\\"CDt4Ke zfr3Q\\\">\\n\n\n<p>Assurance Kasco avec franchise de \\u20ac 300,00.<\\\/p>\\n<\\\/li>\\n\n\n<li dir=\\\"ltr\\\" class=\\\"CDt4Ke zfr3Q\\\">\\n\n\n<p>Kilom\\u00e9trage inclus.<\\\/p>\\n<\\\/li>\\n\n\n<li dir=\\\"ltr\\\" class=\\\"CDt4Ke zfr3Q\\\">\\n\n\n<p>Recharge nocturne dans les h\\u00f4tels partenaires incluse.<\\\/p>\\n<\\\/li>\\n\n\n<li dir=\\\"ltr\\\" class=\\\"CDt4Ke zfr3Q\\\"><span>2 nuit\\u00e9es avec petit-d\\u00e9jeuner au<strong> <a href=\\\"https:\\\/\\\/www.greenvda.com\\\/fr\\\/romantic-hotel-jolanda-sport\\\/\\\">Romantik Jolanda Sport Hotel ***<\\\/a> <\\\/strong>Gressoney.<\\\/span><\\\/li>\\n\n\n<li dir=\\\"ltr\\\" class=\\\"CDt4Ke zfr3Q\\\"><span>2 nuit\\u00e9es avec petit-d\\u00e9jeuner \\u00e0 l\\u2019<\\\/span><span><a class=\\\"XqQF9c rXJpyf\\\" href=\\\"https:\\\/\\\/www.greenvalleedaoste.com\\\/dormire-green\\\/hotel-les-neiges-dantan\\\"><strong>Hotel Les Neiges d\\u2019Antan ****<\\\/strong><\\\/a><\\\/span><\\\/li>\\n\n\n<li dir=\\\"ltr\\\" class=\\\"CDt4Ke zfr3Q\\\"><span>2 nuit\\u00e9es avec petit-d\\u00e9jeuner, \\u00e0 l\\u2019 <\\\/span><span><a class=\\\"XqQF9c rXJpyf\\\" href=\\\"https:\\\/\\\/www.greenvalleedaoste.com\\\/dormire-green\\\/hotel-la-barme\\\"><strong>Hotel La Barme ***<\\\/strong><\\\/a><\\\/span><span><strong> <\\\/strong><\\\/span><span>ou \\u00e0 l\\u2019<\\\/span><span><a class=\\\"XqQF9c rXJpyf\\\" href=\\\"https:\\\/\\\/www.greenvalleedaoste.com\\\/dormire-green\\\/eco-wellness-hotel-notre-maison\\\"><strong>Eco-Wellness Hotel Notre Maison ***S<\\\/strong><\\\/a><\\\/span><span> de Cogne<\\\/span><\\\/li>\\n\n\n<li dir=\\\"ltr\\\" class=\\\"CDt4Ke zfr3Q\\\">Acc\\u00e8s au spa.<\\\/li>\\n\n\n<li dir=\\\"ltr\\\" class=\\\"CDt4Ke zfr3Q\\\">Parking et garage r\\u00e9serv\\u00e9.<\\\/li>\\n\n\n<li dir=\\\"ltr\\\" class=\\\"CDt4Ke zfr3Q\\\">Assurance m\\u00e9dicale et annulation NOBIS incluse dans le tarif.<\\\/li>\\n<\\\/ul>\\n\n\n<ul class=\\\"n8H08c UVNKR\\\"><\\\/ul>\"}},{\"type\":\"text\",\"props\":{\"margin\":\"default\",\"column_breakpoint\":\"m\",\"content\":\"\n\n<h3 dir=\\\"ltr\\\" class=\\\"CDt4Ke zfr3Q\\\"><span><strong>Les tarifs ne comprennent pas:<\\\/strong><\\\/span><\\\/h3>\\n\n\n<ul>\\n\n\n<li>\\n\n\n<p>Frais d\\u2019inscription (\\u20ac25,00 par personne).<\\\/p>\\n<\\\/li>\\n\n\n<li>\\n\n\n<p>Taxe de s\\u00e9jour.<\\\/p>\\n<\\\/li>\\n\n\n<li>\\n\n\n<p>Les activit\\u00e9s optionnelles.<\\\/p>\\n<\\\/li>\\n\n\n<li>\\n\n\n<p>Pourboires.<\\\/p>\\n<\\\/li>\\n\n\n<li>\\n\n\n<p>Bagagiste.<\\\/p>\\n<\\\/li>\\n\n\n<li>\\n\n\n<p>Extras de nature personnelle.<\\\/p>\\n<\\\/li>\\n\n\n<li>\\n\n\n<p>Tout ce qui n\\u2019est pas mentionn\\u00e9 dans \\u00ab les tarifs comprennent \\u00bb<\\\/p>\\n<\\\/li>\\n<\\\/ul>\"}}]}]}]},{\"type\":\"section\",\"props\":{\"style\":\"default\",\"width\":\"default\",\"vertical_align\":\"middle\",\"title_position\":\"top-left\",\"title_rotation\":\"left\",\"title_breakpoint\":\"xl\",\"image_position\":\"center-center\"},\"children\":[{\"type\":\"row\",\"children\":[{\"type\":\"column\",\"props\":{\"image_position\":\"center-center\",\"media_overlay_gradient\":\"\",\"width_medium\":\"\"},\"children\":[{\"type\":\"image\",\"props\":{\"margin\":\"default\",\"image_svg_color\":\"emphasis\",\"text_align\":\"center\",\"image\":\"wp-content\\\/uploads\\\/2021\\\/09\\\/AlCospettodel400000.jpeg\"}}]}]}]}],\"version\":\"2.5.9\"} --><\/p>\n","protected":false},"excerpt":{"rendered":"<p>Face aux 4000 7 jours Programme 1er jour Arriv\u00e9e \u00e0 l\u2019a\u00e9roport de Turin Caselle, rencontre avec notre repr\u00e9sentant et transfert au parking (10 minutes). Formalit\u00e9s et retrait de la BMW i3. Apr\u00e8s environ 70 kilom\u00e8tres, vous quitterez l\u2019autoroute pour prendre la route qui vous conduira face au Mont-Rose en 30 kilom\u00e8tres environ. Installation au Romantik [&hellip;]<\/p>\n","protected":false},"author":1,"featured_media":0,"parent":2604,"menu_order":0,"comment_status":"closed","ping_status":"closed","template":"","meta":{"saved_in_kubio":false,"_seopress_robots_primary_cat":"","_seopress_titles_title":"Al Cospetto del 4000 | Experience Vall\u00e9e d&#039;Aoste","_seopress_titles_desc":"Entra in questa sezione per conoscere una delle nostre vacanze proposte, della durata di 7 giorni, tra giri turistici, rafting, giri in mongolfiera e altro ancora!","_seopress_robots_index":"","footnotes":""},"class_list":["post-2647","page","type-page","status-publish","hentry"],"kubio_ai_page_context":{"short_desc":"","purpose":"general"},"_links":{"self":[{"href":"https:\/\/www.greenvda.com\/fr\/wp-json\/wp\/v2\/pages\/2647","targetHints":{"allow":["GET"]}}],"collection":[{"href":"https:\/\/www.greenvda.com\/fr\/wp-json\/wp\/v2\/pages"}],"about":[{"href":"https:\/\/www.greenvda.com\/fr\/wp-json\/wp\/v2\/types\/page"}],"author":[{"embeddable":true,"href":"https:\/\/www.greenvda.com\/fr\/wp-json\/wp\/v2\/users\/1"}],"replies":[{"embeddable":true,"href":"https:\/\/www.greenvda.com\/fr\/wp-json\/wp\/v2\/comments?post=2647"}],"version-history":[{"count":10,"href":"https:\/\/www.greenvda.com\/fr\/wp-json\/wp\/v2\/pages\/2647\/revisions"}],"predecessor-version":[{"id":3793,"href":"https:\/\/www.greenvda.com\/fr\/wp-json\/wp\/v2\/pages\/2647\/revisions\/3793"}],"up":[{"embeddable":true,"href":"https:\/\/www.greenvda.com\/fr\/wp-json\/wp\/v2\/pages\/2604"}],"wp:attachment":[{"href":"https:\/\/www.greenvda.com\/fr\/wp-json\/wp\/v2\/media?parent=2647"}],"curies":[{"name":"wp","href":"https:\/\/api.w.org\/{rel}","templated":true}]}}