{"id":2641,"date":"2021-08-29T17:02:56","date_gmt":"2021-08-29T15:02:56","guid":{"rendered":"https:\/\/www.greenvda.com\/pesca-sportiva\/"},"modified":"2022-03-25T15:29:51","modified_gmt":"2022-03-25T14:29:51","slug":"peche-catch-and-release","status":"publish","type":"page","link":"https:\/\/www.greenvda.com\/fr\/green-experiences\/peche-catch-and-release\/","title":{"rendered":"P\u00eache catch &#038; release"},"content":{"rendered":"<p><img decoding=\"async\" src=\"\/wp-content\/uploads\/2021\/08\/pescaGreen2.jpg\" alt=\"\"><\/p>\n<div>\n<h1>P\u00eache sportive catch &#038; release<\/h1>\n<div>\n<p>La Vall\u00e9e d\u2019Aoste est une r\u00e9gion \u00e0 la fronti\u00e8re avec la France et la Suisse. Elle se caract\u00e9rise par les sommets enneig\u00e9s du Cervin, du Mont-Blanc, du Mont-Rose et du Grand-Paradis : avec leurs glaciers, ils engendrent de fantastiques cours d\u2019eau alpins et des combes suggestives, qui accueillent des lacs splendides. Le eaux de la Vall\u00e9e sont principalement peupl\u00e9es de salmonid\u00e9s, comme la truite fario, la truite arc-en-ciel et l\u2019omble, aussi bien chevalier que de fontaine. \u00ab VdA Fishing Adventures \u00bb encourage la p\u00eache avec remise \u00e0 l\u2019eau, pour prot\u00e9ger le territoire et sa faune piscicole. Nos guides professionnels de p\u00eache, reconnus \u00e0 l\u2019\u00e9chelon national, certifi\u00e9s et associ\u00e9s de l\u2019A.I.GU.P.P. (Association italienne des guides professionnels de p\u00eache) proposent des exp\u00e9riences ax\u00e9es sur l\u2019accompagnement et sur l\u2019apprentissage de la p\u00eache \u00e0 la mouche avec remise \u00e0 l\u2019eau. L\u2019itin\u00e9raire et le d\u00e9roulement de la journ\u00e9e guid\u00e9e est concord\u00e9e avec le client en tenant compte des ses aptitudes techniques et de sa forme physique. Il est possible de se rendre jusqu\u2019aux lieux de p\u00eache \u00e0 pied ou en selle d\u2019un v\u00e9lo \u00e9lectrique. Cette deuxi\u00e8me option permet d\u2019explorer le territoire dans une optique \u00ab green \u00bb et d\u2019arriver assez rapidement dans des endroits presque inexplor\u00e9s.<\/p>\n<h3>Meeting point<\/h3>\n<p>Fraz.beuve 29 \u2013 11010 Sarre (Ao)<\/p>\n<p>JOUR DE LA SEMAINE: \u00c0 convenir<\/p>\n<p>HEURE: \u00c0 convenir<\/p>\n<p>DUR\u00c9E: \u00c0 convenir<\/p>\n<h3>Co\u00fbt<\/h3>\n<ul>\n<li>\n<p><span>JOURN\u00c9E COMPL\u00c8TE: 8 heures environ \u20ac 199,00 pour une ou deux personnes.<\/span><\/p>\n<\/li>\n<\/ul>\n<ul>\n<li>\n<p><span>DEMI-JOURN\u00c9E: 4 heures environ \u20ac 105,00 pour une ou deux personnes.<\/span><\/p>\n<\/li>\n<\/ul>\n<ul>\n<li>\n<p><span>\u00c9QUIPEMENT: canne, moulinet, queue de rat, mouches, gilet salopette imperm\u00e9able\/waders. L\u2019\u00e9quipement est pr\u00eat\u00e9 GRATUITEMENT.<\/span><\/p>\n<\/li>\n<\/ul>\n<ul>\n<li>\n<p><span>PIQUE-NIQUE (\u00e0 la charge du client) ou barbecue (25,00 euros par personne, boissons comprises, \u00e0 payer sur place).<\/span><\/p>\n<\/li>\n<\/ul>\n<ul>\n<li>\n<p><span>LICENCE JOURNALI\u00c8RE : entre 20,00 et 41,00 euros, selon le lieu de p\u00eache choisi, \u00e0 payer sur place.<\/span><\/p>\n<\/li>\n<\/ul>\n<\/div>\n<\/div>\n<ul>\n<li>\n<p>        <img decoding=\"async\" src=\"\/wp-content\/uploads\/2021\/08\/pescaGreen3.jpg\" alt=\"\"><\/p>\n<\/li>\n<li>\n<p>        <img decoding=\"async\" src=\"\/wp-content\/uploads\/2021\/08\/pescaGreen4.jpg\" alt=\"\"><\/p>\n<\/li>\n<li>\n<p>        <img decoding=\"async\" src=\"\/wp-content\/uploads\/2021\/08\/pescaGreen6.jpg\" alt=\"\"><\/p>\n<\/li>\n<li>\n<p>        <img decoding=\"async\" src=\"\/wp-content\/uploads\/2021\/08\/pescaGreen7.jpg\" alt=\"\"><\/p>\n<\/li>\n<li>\n<p>        <img decoding=\"async\" src=\"\/wp-content\/uploads\/2021\/08\/pescaGreen8.jpg\" alt=\"\"><\/p>\n<\/li>\n<li>\n<p>        <img decoding=\"async\" src=\"\/wp-content\/uploads\/2021\/08\/pescaGreen9.jpg\" alt=\"\"><\/p>\n<\/li>\n<li>\n<p>        <img decoding=\"async\" src=\"\/wp-content\/uploads\/2021\/08\/pescaGreen10.jpg\" alt=\"\"><\/p>\n<\/li>\n<li>\n<p>        <img decoding=\"async\" src=\"\/wp-content\/uploads\/2021\/08\/pescaGreen11.jpg\" alt=\"\"><\/p>\n<\/li>\n<li>\n<p>        <img decoding=\"async\" src=\"\/wp-content\/uploads\/2021\/08\/pescaGreen12.jpg\" alt=\"\"><\/p>\n<\/li>\n<li>\n<p>        <img decoding=\"async\" src=\"\/wp-content\/uploads\/2021\/08\/pescaGreen13.jpg\" alt=\"\"><\/p>\n<\/li>\n<\/ul>\n<p><!--more--><br \/>\n<!-- {\"name\":\"Trans Alps Adventure\",\"type\":\"layout\",\"children\":[{\"name\":\"Hero\",\"type\":\"section\",\"props\":{\"style\":\"primary\",\"width\":\"large\",\"vertical_align\":\"\",\"title_position\":\"top-left\",\"title_rotation\":\"left\",\"title_breakpoint\":\"xl\",\"image_position\":\"top-center\",\"height\":\"percent\",\"padding\":\"large\",\"image\":\"\",\"text_color\":\"light\",\"image_size\":\"cover\",\"image_effect\":\"parallax\",\"image_width\":\"2560\",\"overlap\":false,\"image_parallax_breakpoint\":\"m\",\"image_parallax_bgy_start\":\"-200\",\"video\":\"<iframe width=\\\"1280\\\" height=\\\"720\\\" src=\\\"https:\\\/\\\/www.youtube.com\\\/embed\\\/1Wn4QMZS3FE\\\" title=\\\"YouTube video player\\\" frameborder=\\\"0\\\" allow=\\\"accelerometer; autoplay; clipboard-write; encrypted-media; gyroscope; picture-in-picture\\\" allowfullscreen><\\\/iframe>\",\"video_width\":\"1000\"},\"children\":[{\"name\":\"\",\"type\":\"row\",\"children\":[{\"name\":\"\",\"type\":\"column\",\"props\":{\"image_position\":\"center-center\",\"media_overlay_gradient\":\"\",\"width_medium\":\"1-1\"},\"children\":[]}]}]},{\"name\":\"About\",\"type\":\"section\",\"props\":{\"style\":\"default\",\"width\":\"xlarge\",\"vertical_align\":\"middle\",\"title_position\":\"center-right\",\"title_rotation\":\"left\",\"title_breakpoint\":\"xl\",\"image_position\":\"center-center\",\"padding\":\"none\",\"overlap\":false,\"title\":\"\",\"padding_remove_bottom\":false,\"padding_remove_top\":false},\"children\":[{\"name\":\"\",\"type\":\"row\",\"props\":{\"layout\":\"1-2,1-2\",\"match\":true,\"column_gap\":\"collapse\",\"row_gap\":\"collapse\"},\"children\":[{\"name\":\"\",\"type\":\"column\",\"props\":{\"image_position\":\"center-center\",\"vertical_align\":\"middle\",\"media_overlay_gradient\":\"\",\"width_medium\":\"1-2\"},\"children\":[{\"name\":\"\",\"type\":\"image\",\"props\":{\"margin\":\"default\",\"text_align\":\"right\",\"maxwidth\":\"xlarge\",\"animation\":\"parallax\",\"image\":\"wp-content\\\/uploads\\\/2021\\\/08\\\/pescaGreen2.jpg\",\"image_width\":\"600\",\"parallax_breakpoint\":\"m\",\"parallax_y_end\":\"-240\",\"parallax_y_start\":\"-100\",\"image_box_decoration\":\"default\",\"block_align\":\"right\",\"image_svg_color\":\"emphasis\",\"image_height\":\"700\"}}]},{\"name\":\"\",\"type\":\"column\",\"props\":{\"image_position\":\"center-center\",\"media_overlay_gradient\":\"\",\"width_medium\":\"1-2\"},\"children\":[{\"name\":\"\",\"type\":\"panel\",\"props\":{\"link_text\":\"Tariffe e galleria fotografica\",\"title_element\":\"h1\",\"meta_style\":\"meta\",\"meta_align\":\"below-title\",\"image_align\":\"top\",\"image_grid_width\":\"1-2\",\"link_style\":\"primary\",\"margin\":\"\",\"panel_style\":\"card-default\",\"panel_size\":\"large\",\"title_style\":\"h1\",\"text_align\":\"left\",\"maxwidth\":\"xlarge\",\"maxwidth_breakpoint\":\"l\",\"animation\":\"parallax\",\"title\":\"P\\u00eache sportive catch & release\",\"content\":\"\n\n<p>La Vall\\u00e9e d\\u2019Aoste est une r\\u00e9gion \\u00e0 la fronti\\u00e8re avec la France et la Suisse. Elle se caract\\u00e9rise par les sommets enneig\\u00e9s du Cervin, du Mont-Blanc, du Mont-Rose et du Grand-Paradis : avec leurs glaciers, ils engendrent de fantastiques cours d\\u2019eau alpins et des combes suggestives, qui accueillent des lacs splendides. Le eaux de la Vall\\u00e9e sont principalement peupl\\u00e9es de salmonid\\u00e9s, comme la truite fario, la truite arc-en-ciel et l\\u2019omble, aussi bien chevalier que de fontaine. \\u00ab VdA Fishing Adventures \\u00bb encourage la p\\u00eache avec remise \\u00e0 l\\u2019eau, pour prot\\u00e9ger le territoire et sa faune piscicole. Nos guides professionnels de p\\u00eache, reconnus \\u00e0 l\\u2019\\u00e9chelon national, certifi\\u00e9s et associ\\u00e9s de l\\u2019A.I.GU.P.P. (Association italienne des guides professionnels de p\\u00eache) proposent des exp\\u00e9riences ax\\u00e9es sur l\\u2019accompagnement et sur l\\u2019apprentissage de la p\\u00eache \\u00e0 la mouche avec remise \\u00e0 l\\u2019eau. L\\u2019itin\\u00e9raire et le d\\u00e9roulement de la journ\\u00e9e guid\\u00e9e est concord\\u00e9e avec le client en tenant compte des ses aptitudes techniques et de sa forme physique. Il est possible de se rendre jusqu\\u2019aux lieux de p\\u00eache \\u00e0 pied ou en selle d\\u2019un v\\u00e9lo \\u00e9lectrique. Cette deuxi\\u00e8me option permet d\\u2019explorer le territoire dans une optique \\u00ab green \\u00bb et d\\u2019arriver assez rapidement dans des endroits presque inexplor\\u00e9s.<\\\/p>\\n\n\n<h3>Meeting point<\\\/h3>\\n\n\n<p>Fraz.beuve 29 \\u2013 11010 Sarre (Ao)<\\\/p>\\n\n\n<p>JOUR DE LA SEMAINE: \\u00c0 convenir<\\\/p>\\n\n\n<p>HEURE: \\u00c0 convenir<\\\/p>\\n\n\n<p>DUR\\u00c9E: \\u00c0 convenir<\\\/p>\\n\n\n<h3>Co\\u00fbt<\\\/h3>\\n\n\n<ul>\\n\n\n<li>\\n\n\n<p><span>JOURN\\u00c9E COMPL\\u00c8TE: 8 heures environ \\u20ac 199,00 pour une ou deux personnes.<\\\/span><\\\/p>\\n<\\\/li>\\n<\\\/ul>\\n\n\n<ul>\\n\n\n<li>\\n\n\n<p><span>DEMI-JOURN\\u00c9E: 4 heures environ \\u20ac 105,00 pour une ou deux personnes.<\\\/span><\\\/p>\\n<\\\/li>\\n<\\\/ul>\\n\n\n<ul>\\n\n\n<li>\\n\n\n<p><span>\\u00c9QUIPEMENT: canne, moulinet, queue de rat, mouches, gilet salopette imperm\\u00e9able\\\/waders. L\\u2019\\u00e9quipement est pr\\u00eat\\u00e9 GRATUITEMENT.<\\\/span><\\\/p>\\n<\\\/li>\\n<\\\/ul>\\n\n\n<ul>\\n\n\n<li>\\n\n\n<p><span>PIQUE-NIQUE (\\u00e0 la charge du client) ou barbecue (25,00 euros par personne, boissons comprises, \\u00e0 payer sur place).<\\\/span><\\\/p>\\n<\\\/li>\\n<\\\/ul>\\n\n\n<ul>\\n\n\n<li>\\n\n\n<p><span>LICENCE JOURNALI\\u00c8RE : entre 20,00 et 41,00 euros, selon le lieu de p\\u00eache choisi, \\u00e0 payer sur place.<\\\/span><\\\/p>\\n<\\\/li>\\n<\\\/ul>\",\"parallax_breakpoint\":\"m\",\"parallax_y_start\":\"-200\",\"title_hover_style\":\"reset\",\"title_align\":\"top\",\"title_grid_width\":\"1-2\",\"image_svg_color\":\"emphasis\",\"position\":\"relative\",\"position_left\":\"-50\",\"css\":\"@media (max-width: 959px) {\\n    .el-element { position: static !important; }\\n}\",\"title_grid_breakpoint\":\"m\",\"image_grid_breakpoint\":\"m\",\"icon_width\":80,\"meta_element\":\"div\",\"content_column_breakpoint\":\"m\",\"link\":\"\",\"link_target\":true,\"meta\":\"\"}}]}]}]},{\"type\":\"section\",\"props\":{\"style\":\"default\",\"width\":\"default\",\"vertical_align\":\"middle\",\"title_position\":\"top-left\",\"title_rotation\":\"left\",\"title_breakpoint\":\"xl\",\"image_position\":\"center-center\"},\"children\":[{\"type\":\"row\",\"children\":[{\"type\":\"column\",\"props\":{\"image_position\":\"center-center\",\"media_overlay_gradient\":\"\"},\"children\":[{\"type\":\"gallery\",\"props\":{\"show_title\":true,\"show_meta\":true,\"show_content\":true,\"show_link\":true,\"show_hover_image\":true,\"grid_default\":\"1\",\"grid_medium\":\"4\",\"filter_style\":\"tab\",\"filter_all\":true,\"filter_position\":\"top\",\"filter_align\":\"left\",\"filter_grid_width\":\"auto\",\"filter_grid_breakpoint\":\"m\",\"overlay_mode\":\"cover\",\"overlay_hover\":true,\"overlay_style\":\"\",\"text_color\":\"light\",\"overlay_position\":\"center\",\"overlay_transition\":\"fade\",\"title_hover_style\":\"reset\",\"title_element\":\"h3\",\"meta_style\":\"meta\",\"meta_align\":\"below-title\",\"meta_element\":\"div\",\"link_text\":\"Fai click\",\"link_style\":\"\",\"text_align\":\"center\",\"margin\":\"default\",\"item_animation\":true,\"lightbox\":true,\"title_display\":\"lightbox\",\"content_display\":\"lightbox\",\"lightbox_image_orientation\":false,\"lightbox_image_width\":\"\",\"lightbox_image_height\":\"\",\"image_width\":\"400\",\"image_height\":\"400\"},\"children\":[{\"type\":\"gallery_item\",\"props\":{\"image\":\"wp-content\\\/uploads\\\/2021\\\/08\\\/pescaGreen3.jpg\"}},{\"type\":\"gallery_item\",\"props\":{\"image\":\"wp-content\\\/uploads\\\/2021\\\/08\\\/pescaGreen4.jpg\"}},{\"type\":\"gallery_item\",\"props\":{\"image\":\"wp-content\\\/uploads\\\/2021\\\/08\\\/pescaGreen6.jpg\"}},{\"type\":\"gallery_item\",\"props\":{\"image\":\"wp-content\\\/uploads\\\/2021\\\/08\\\/pescaGreen7.jpg\"}},{\"type\":\"gallery_item\",\"props\":{\"image\":\"wp-content\\\/uploads\\\/2021\\\/08\\\/pescaGreen8.jpg\"}},{\"type\":\"gallery_item\",\"props\":{\"image\":\"wp-content\\\/uploads\\\/2021\\\/08\\\/pescaGreen9.jpg\"}},{\"type\":\"gallery_item\",\"props\":{\"image\":\"wp-content\\\/uploads\\\/2021\\\/08\\\/pescaGreen10.jpg\"}},{\"type\":\"gallery_item\",\"props\":{\"image\":\"wp-content\\\/uploads\\\/2021\\\/08\\\/pescaGreen11.jpg\"}},{\"type\":\"gallery_item\",\"props\":{\"image\":\"wp-content\\\/uploads\\\/2021\\\/08\\\/pescaGreen12.jpg\"}},{\"type\":\"gallery_item\",\"props\":{\"image\":\"wp-content\\\/uploads\\\/2021\\\/08\\\/pescaGreen13.jpg\"}}]}]}]}]}],\"version\":\"2.5.9\"} --><\/p>\n","protected":false},"excerpt":{"rendered":"<p>P\u00eache sportive catch &#038; release La Vall\u00e9e d\u2019Aoste est une r\u00e9gion \u00e0 la fronti\u00e8re avec la France et la Suisse. Elle se caract\u00e9rise par les sommets enneig\u00e9s du Cervin, du Mont-Blanc, du Mont-Rose et du Grand-Paradis : avec leurs glaciers, ils engendrent de fantastiques cours d\u2019eau alpins et des combes suggestives, qui accueillent des lacs [&hellip;]<\/p>\n","protected":false},"author":1,"featured_media":0,"parent":2653,"menu_order":0,"comment_status":"closed","ping_status":"closed","template":"","meta":{"saved_in_kubio":false,"_seopress_robots_primary_cat":"","_seopress_titles_title":"Pesca catch &amp; release | Green Experience Vall\u00e9e d&#039;Aoste","_seopress_titles_desc":"Noi di VdA Fishing Adventures promuoviamo l\u2019attivit\u00e0 di pesca adottando tecniche di Catch and Release per poter tutelare il nostro territorio e la fauna ittica presente.","_seopress_robots_index":"","footnotes":""},"class_list":["post-2641","page","type-page","status-publish","hentry"],"kubio_ai_page_context":{"short_desc":"","purpose":"general"},"_links":{"self":[{"href":"https:\/\/www.greenvda.com\/fr\/wp-json\/wp\/v2\/pages\/2641","targetHints":{"allow":["GET"]}}],"collection":[{"href":"https:\/\/www.greenvda.com\/fr\/wp-json\/wp\/v2\/pages"}],"about":[{"href":"https:\/\/www.greenvda.com\/fr\/wp-json\/wp\/v2\/types\/page"}],"author":[{"embeddable":true,"href":"https:\/\/www.greenvda.com\/fr\/wp-json\/wp\/v2\/users\/1"}],"replies":[{"embeddable":true,"href":"https:\/\/www.greenvda.com\/fr\/wp-json\/wp\/v2\/comments?post=2641"}],"version-history":[{"count":6,"href":"https:\/\/www.greenvda.com\/fr\/wp-json\/wp\/v2\/pages\/2641\/revisions"}],"predecessor-version":[{"id":3890,"href":"https:\/\/www.greenvda.com\/fr\/wp-json\/wp\/v2\/pages\/2641\/revisions\/3890"}],"up":[{"embeddable":true,"href":"https:\/\/www.greenvda.com\/fr\/wp-json\/wp\/v2\/pages\/2653"}],"wp:attachment":[{"href":"https:\/\/www.greenvda.com\/fr\/wp-json\/wp\/v2\/media?parent=2641"}],"curies":[{"name":"wp","href":"https:\/\/api.w.org\/{rel}","templated":true}]}}