{"id":2635,"date":"2021-08-29T16:36:06","date_gmt":"2021-08-29T14:36:06","guid":{"rendered":"https:\/\/www.greenvda.com\/e-mountain-bike-tour\/"},"modified":"2022-01-27T12:08:34","modified_gmt":"2022-01-27T11:08:34","slug":"e-vtt-tour","status":"publish","type":"page","link":"https:\/\/www.greenvda.com\/fr\/green-experiences\/e-vtt-tour\/","title":{"rendered":"E-VTT Tour"},"content":{"rendered":"<p><img decoding=\"async\" src=\"\/wp-content\/uploads\/2021\/08\/eMountainBikeVDA2.jpg\" alt=\"\"><\/p>\n<div>\n<h1>E-VTT Tour<\/h1>\n<div>\n<p>Le VTT est l\u2019une des meilleures fa\u00e7ons pour se lancer \u00e0 la d\u00e9couverte la Vall\u00e9e d\u2019Aoste : avec ses sentiers dans les bois, ses chemins muletiers et ses routes en terre, la r\u00e9gion offre plus de 1000 km d\u2019itin\u00e9raires adapt\u00e9s. Le guide de VTT vald\u00f4tain certifi\u00e9 Ettore Personettaz vous accompagnera \u00e0 la d\u00e9couverte de paysages, de vall\u00e9es, de lacs, de bois et de cols plong\u00e9s dans une nature intacte, en suivant des itin\u00e9raires trac\u00e9s sur mesure pour vous. Une exp\u00e9rience \u00e0 la port\u00e9e de tous, ainsi qu\u2019une occasion pour essayer un VTT \u00e9lectrique et pour en d\u00e9couvrir tout le potentiel.<\/p>\n<h3>\u00c9quipement<\/h3>\n<p>Tenue de VTT, casque, veste imperm\u00e9able, \u00e9ventuels v\u00eatements de rechange.<\/p>\n<h3>Conditions<\/h3>\n<p>Comp\u00e9tences en conduite de VTT en fournissant un effort physique minimum.<\/p>\n<h3>Meeting point<\/h3>\n<p dir=\"ltr\" class=\"CDt4Ke zfr3Q\"><span>Rue des Vergers, 14 11014 Etroubles (AO) <\/span><\/p>\n<p dir=\"ltr\" class=\"CDt4Ke zfr3Q\">\n<h3>Jour de la semaine<\/h3>\n<p>Lundi \u00e0 9 heures<\/p>\n<h3>Dur\u00e9e<\/h3>\n<p>4 heures<\/p>\n<h3>Co\u00fbt<\/h3>\n<ul>\n<li>\n<p><span>DEMI-JOURN\u00c9E \u20ac 114,00 par personne. Y compris la location de v\u00e9los VTT bi-amorti.<\/span><\/p>\n<\/li>\n<li>\n<p><span>JOURN\u00c9E COMPL\u00c8TE \u20ac 138,00 par personne. Y compris la location de v\u00e9los VTT bi-amorti.<\/span><\/p>\n<\/li>\n<\/ul>\n<\/div>\n<\/div>\n<ul>\n<li>\n<p>        <img decoding=\"async\" src=\"\/wp-content\/uploads\/2021\/08\/eMountainBikeVDA3.jpg\" alt=\"\"><\/p>\n<\/li>\n<li>\n<p>        <img decoding=\"async\" src=\"\/wp-content\/uploads\/2021\/08\/eMountainBikeVDA4.jpg\" alt=\"\"><\/p>\n<\/li>\n<li>\n<p>        <img decoding=\"async\" src=\"\/wp-content\/uploads\/2021\/08\/eMountainBikeVDA5.jpg\" alt=\"\"><\/p>\n<\/li>\n<li>\n<p>        <img decoding=\"async\" src=\"\/wp-content\/uploads\/2021\/08\/eMountainBikeVDA6.jpg\" alt=\"\"><\/p>\n<\/li>\n<li>\n<p>        <img decoding=\"async\" src=\"\/wp-content\/uploads\/2021\/08\/eMountainBikeVDA7.jpg\" alt=\"\"><\/p>\n<\/li>\n<li>\n<p>        <img decoding=\"async\" src=\"\/wp-content\/uploads\/2021\/08\/eMountainBikeVDA8.jpg\" alt=\"\"><\/p>\n<\/li>\n<li>\n<p>        <img decoding=\"async\" src=\"\/wp-content\/uploads\/2021\/08\/eMountainBikeVDA9.jpg\" alt=\"\"><\/p>\n<\/li>\n<li>\n<p>        <img decoding=\"async\" src=\"\/wp-content\/uploads\/2021\/08\/eMountainBikeVDA10.jpg\" alt=\"\"><\/p>\n<\/li>\n<li>\n<p>        <img decoding=\"async\" src=\"\/wp-content\/uploads\/2021\/08\/eMountainBikeVDA11.jpg\" alt=\"\"><\/p>\n<\/li>\n<li>\n<p>        <img decoding=\"async\" src=\"\/wp-content\/uploads\/2021\/08\/eMountainBikeVDA12.jpg\" alt=\"\"><\/p>\n<\/li>\n<li>\n<p>        <img decoding=\"async\" src=\"\/wp-content\/uploads\/2021\/08\/eMountainBikeVDA13.jpg\" alt=\"\"><\/p>\n<\/li>\n<\/ul>\n<p><!--more--><br \/>\n<!-- {\"name\":\"Trans Alps Adventure\",\"type\":\"layout\",\"children\":[{\"name\":\"Hero\",\"type\":\"section\",\"props\":{\"style\":\"primary\",\"width\":\"large\",\"vertical_align\":\"\",\"title_position\":\"top-left\",\"title_rotation\":\"left\",\"title_breakpoint\":\"xl\",\"image_position\":\"top-center\",\"height\":\"percent\",\"padding\":\"large\",\"image\":\"\",\"text_color\":\"light\",\"image_size\":\"cover\",\"image_effect\":\"parallax\",\"image_width\":\"2560\",\"overlap\":false,\"image_parallax_breakpoint\":\"m\",\"image_parallax_bgy_start\":\"-200\",\"video\":\"<iframe width=\\\"1280\\\" height=\\\"720\\\" src=\\\"https:\\\/\\\/www.youtube.com\\\/embed\\\/I_ycS2UczrI\\\" title=\\\"YouTube video player\\\" frameborder=\\\"0\\\" allow=\\\"accelerometer; autoplay; clipboard-write; encrypted-media; gyroscope; picture-in-picture\\\" allowfullscreen><\\\/iframe>\",\"video_width\":\"1000\"},\"children\":[{\"name\":\"\",\"type\":\"row\",\"children\":[{\"name\":\"\",\"type\":\"column\",\"props\":{\"image_position\":\"center-center\",\"media_overlay_gradient\":\"\",\"width_medium\":\"1-1\"},\"children\":[]}]}]},{\"name\":\"About\",\"type\":\"section\",\"props\":{\"style\":\"default\",\"width\":\"xlarge\",\"vertical_align\":\"middle\",\"title_position\":\"center-right\",\"title_rotation\":\"left\",\"title_breakpoint\":\"xl\",\"image_position\":\"center-center\",\"padding\":\"none\",\"overlap\":false,\"title\":\"\",\"padding_remove_bottom\":false,\"padding_remove_top\":false},\"children\":[{\"name\":\"\",\"type\":\"row\",\"props\":{\"layout\":\"1-2,1-2\",\"match\":true,\"column_gap\":\"collapse\",\"row_gap\":\"collapse\"},\"children\":[{\"name\":\"\",\"type\":\"column\",\"props\":{\"image_position\":\"center-center\",\"vertical_align\":\"middle\",\"media_overlay_gradient\":\"\",\"width_medium\":\"1-2\"},\"children\":[{\"name\":\"\",\"type\":\"image\",\"props\":{\"margin\":\"default\",\"text_align\":\"right\",\"maxwidth\":\"xlarge\",\"animation\":\"parallax\",\"image\":\"wp-content\\\/uploads\\\/2021\\\/08\\\/eMountainBikeVDA2.jpg\",\"image_width\":\"600\",\"parallax_breakpoint\":\"m\",\"parallax_y_end\":\"-240\",\"parallax_y_start\":\"-100\",\"image_box_decoration\":\"default\",\"block_align\":\"right\",\"image_svg_color\":\"emphasis\",\"image_height\":\"700\"}}]},{\"name\":\"\",\"type\":\"column\",\"props\":{\"image_position\":\"center-center\",\"media_overlay_gradient\":\"\",\"width_medium\":\"1-2\"},\"children\":[{\"name\":\"\",\"type\":\"panel\",\"props\":{\"link_text\":\"Tariffe e galleria fotografica\",\"title_element\":\"h1\",\"meta_style\":\"meta\",\"meta_align\":\"below-title\",\"image_align\":\"top\",\"image_grid_width\":\"1-2\",\"link_style\":\"primary\",\"margin\":\"\",\"panel_style\":\"card-default\",\"panel_size\":\"large\",\"title_style\":\"h1\",\"text_align\":\"left\",\"maxwidth\":\"xlarge\",\"maxwidth_breakpoint\":\"l\",\"animation\":\"parallax\",\"title\":\"E-VTT Tour\",\"content\":\"\n\n<p>Le VTT est l\\u2019une des meilleures fa\\u00e7ons pour se lancer \\u00e0 la d\\u00e9couverte la Vall\\u00e9e d\\u2019Aoste : avec ses sentiers dans les bois, ses chemins muletiers et ses routes en terre, la r\\u00e9gion offre plus de 1000 km d\\u2019itin\\u00e9raires adapt\\u00e9s. Le guide de VTT vald\\u00f4tain certifi\\u00e9 Ettore Personettaz vous accompagnera \\u00e0 la d\\u00e9couverte de paysages, de vall\\u00e9es, de lacs, de bois et de cols plong\\u00e9s dans une nature intacte, en suivant des itin\\u00e9raires trac\\u00e9s sur mesure pour vous. Une exp\\u00e9rience \\u00e0 la port\\u00e9e de tous, ainsi qu\\u2019une occasion pour essayer un VTT \\u00e9lectrique et pour en d\\u00e9couvrir tout le potentiel.<\\\/p>\\n\n\n<h3>\\u00c9quipement<\\\/h3>\\n\n\n<p>Tenue de VTT, casque, veste imperm\\u00e9able, \\u00e9ventuels v\\u00eatements de rechange.<\\\/p>\\n\n\n<h3>Conditions<\\\/h3>\\n\n\n<p>Comp\\u00e9tences en conduite de VTT en fournissant un effort physique minimum.<\\\/p>\\n\n\n<h3>Meeting point<\\\/h3>\\n\n\n<p dir=\\\"ltr\\\" class=\\\"CDt4Ke zfr3Q\\\"><span>Rue des Vergers, 14 11014 Etroubles (AO) <\\\/span><\\\/p>\\n\n\n<p dir=\\\"ltr\\\" class=\\\"CDt4Ke zfr3Q\\\">\n\n<h3>Jour de la semaine<\\\/h3>\\n\n\n<p>Lundi \\u00e0 9 heures<\\\/p>\\n\n\n<h3>Dur\\u00e9e<\\\/h3>\\n\n\n<p>4 heures<\\\/p>\\n\n\n<h3>Co\\u00fbt<\\\/h3>\\n\n\n<ul>\\n\n\n<li>\\n\n\n<p><span>DEMI-JOURN\\u00c9E \\u20ac 114,00 par personne. Y compris la location de v\\u00e9los VTT bi-amorti.<\\\/span><\\\/p>\\n<\\\/li>\\n\n\n<li>\\n\n\n<p><span>JOURN\\u00c9E COMPL\\u00c8TE \\u20ac 138,00 par personne. Y compris la location de v\\u00e9los VTT bi-amorti.<\\\/span><\\\/p>\\n<\\\/li>\\n<\\\/ul>\",\"parallax_breakpoint\":\"m\",\"parallax_y_start\":\"-200\",\"title_hover_style\":\"reset\",\"title_align\":\"top\",\"title_grid_width\":\"1-2\",\"image_svg_color\":\"emphasis\",\"position\":\"relative\",\"position_left\":\"-50\",\"css\":\"@media (max-width: 959px) {\\n    .el-element { position: static !important; }\\n}\",\"title_grid_breakpoint\":\"m\",\"image_grid_breakpoint\":\"m\",\"icon_width\":80,\"meta_element\":\"div\",\"content_column_breakpoint\":\"m\",\"link\":\"\",\"link_target\":true,\"meta\":\"\"}}]}]}]},{\"type\":\"section\",\"props\":{\"style\":\"default\",\"width\":\"default\",\"vertical_align\":\"middle\",\"title_position\":\"top-left\",\"title_rotation\":\"left\",\"title_breakpoint\":\"xl\",\"image_position\":\"center-center\"},\"children\":[{\"type\":\"row\",\"children\":[{\"type\":\"column\",\"props\":{\"image_position\":\"center-center\",\"media_overlay_gradient\":\"\"},\"children\":[{\"type\":\"gallery\",\"props\":{\"show_title\":true,\"show_meta\":true,\"show_content\":true,\"show_link\":true,\"show_hover_image\":true,\"grid_default\":\"1\",\"grid_medium\":\"4\",\"filter_style\":\"tab\",\"filter_all\":true,\"filter_position\":\"top\",\"filter_align\":\"left\",\"filter_grid_width\":\"auto\",\"filter_grid_breakpoint\":\"m\",\"overlay_mode\":\"cover\",\"overlay_hover\":true,\"overlay_style\":\"\",\"text_color\":\"light\",\"overlay_position\":\"center\",\"overlay_transition\":\"fade\",\"title_hover_style\":\"reset\",\"title_element\":\"h3\",\"meta_style\":\"meta\",\"meta_align\":\"below-title\",\"meta_element\":\"div\",\"link_text\":\"Fai click\",\"link_style\":\"\",\"text_align\":\"center\",\"margin\":\"default\",\"item_animation\":true,\"lightbox\":true,\"title_display\":\"lightbox\",\"content_display\":\"lightbox\",\"lightbox_image_orientation\":false,\"lightbox_image_width\":\"\",\"lightbox_image_height\":\"\",\"image_width\":\"400\",\"image_height\":\"400\"},\"children\":[{\"type\":\"gallery_item\",\"props\":{\"image\":\"wp-content\\\/uploads\\\/2021\\\/08\\\/eMountainBikeVDA3.jpg\"}},{\"type\":\"gallery_item\",\"props\":{\"image\":\"wp-content\\\/uploads\\\/2021\\\/08\\\/eMountainBikeVDA4.jpg\"}},{\"type\":\"gallery_item\",\"props\":{\"image\":\"wp-content\\\/uploads\\\/2021\\\/08\\\/eMountainBikeVDA5.jpg\"}},{\"type\":\"gallery_item\",\"props\":{\"image\":\"wp-content\\\/uploads\\\/2021\\\/08\\\/eMountainBikeVDA6.jpg\"}},{\"type\":\"gallery_item\",\"props\":{\"image\":\"wp-content\\\/uploads\\\/2021\\\/08\\\/eMountainBikeVDA7.jpg\"}},{\"type\":\"gallery_item\",\"props\":{\"image\":\"wp-content\\\/uploads\\\/2021\\\/08\\\/eMountainBikeVDA8.jpg\"}},{\"type\":\"gallery_item\",\"props\":{\"image\":\"wp-content\\\/uploads\\\/2021\\\/08\\\/eMountainBikeVDA9.jpg\"}},{\"type\":\"gallery_item\",\"props\":{\"image\":\"wp-content\\\/uploads\\\/2021\\\/08\\\/eMountainBikeVDA10.jpg\"}},{\"type\":\"gallery_item\",\"props\":{\"image\":\"wp-content\\\/uploads\\\/2021\\\/08\\\/eMountainBikeVDA11.jpg\"}},{\"type\":\"gallery_item\",\"props\":{\"image\":\"wp-content\\\/uploads\\\/2021\\\/08\\\/eMountainBikeVDA12.jpg\"}},{\"type\":\"gallery_item\",\"props\":{\"image\":\"wp-content\\\/uploads\\\/2021\\\/08\\\/eMountainBikeVDA13.jpg\"}}]}]}]}]}],\"version\":\"2.5.9\"} --><\/p>\n","protected":false},"excerpt":{"rendered":"<p>E-VTT Tour Le VTT est l\u2019une des meilleures fa\u00e7ons pour se lancer \u00e0 la d\u00e9couverte la Vall\u00e9e d\u2019Aoste : avec ses sentiers dans les bois, ses chemins muletiers et ses routes en terre, la r\u00e9gion offre plus de 1000 km d\u2019itin\u00e9raires adapt\u00e9s. Le guide de VTT vald\u00f4tain certifi\u00e9 Ettore Personettaz vous accompagnera \u00e0 la d\u00e9couverte [&hellip;]<\/p>\n","protected":false},"author":1,"featured_media":0,"parent":2653,"menu_order":0,"comment_status":"closed","ping_status":"closed","template":"","meta":{"saved_in_kubio":false,"_seopress_robots_primary_cat":"","_seopress_titles_title":"E-Mountain Bike Tour | Green Experience Vall\u00e9e d&#039;Aoste","_seopress_titles_desc":"Sei un appassionato di Mountain Bike? Entra in questa sezione per scoprire il nostro E-Mountain Bike Tour, uno dei modi migliori per conoscere la Valle d&#039;Aosta!","_seopress_robots_index":"","footnotes":""},"class_list":["post-2635","page","type-page","status-publish","hentry"],"kubio_ai_page_context":{"short_desc":"","purpose":"general"},"_links":{"self":[{"href":"https:\/\/www.greenvda.com\/fr\/wp-json\/wp\/v2\/pages\/2635","targetHints":{"allow":["GET"]}}],"collection":[{"href":"https:\/\/www.greenvda.com\/fr\/wp-json\/wp\/v2\/pages"}],"about":[{"href":"https:\/\/www.greenvda.com\/fr\/wp-json\/wp\/v2\/types\/page"}],"author":[{"embeddable":true,"href":"https:\/\/www.greenvda.com\/fr\/wp-json\/wp\/v2\/users\/1"}],"replies":[{"embeddable":true,"href":"https:\/\/www.greenvda.com\/fr\/wp-json\/wp\/v2\/comments?post=2635"}],"version-history":[{"count":4,"href":"https:\/\/www.greenvda.com\/fr\/wp-json\/wp\/v2\/pages\/2635\/revisions"}],"predecessor-version":[{"id":3347,"href":"https:\/\/www.greenvda.com\/fr\/wp-json\/wp\/v2\/pages\/2635\/revisions\/3347"}],"up":[{"embeddable":true,"href":"https:\/\/www.greenvda.com\/fr\/wp-json\/wp\/v2\/pages\/2653"}],"wp:attachment":[{"href":"https:\/\/www.greenvda.com\/fr\/wp-json\/wp\/v2\/media?parent=2635"}],"curies":[{"name":"wp","href":"https:\/\/api.w.org\/{rel}","templated":true}]}}