{"id":2631,"date":"2021-08-29T16:29:27","date_gmt":"2021-08-29T14:29:27","guid":{"rendered":"https:\/\/www.greenvda.com\/e-bmw-tour\/"},"modified":"2022-03-25T15:28:53","modified_gmt":"2022-03-25T14:28:53","slug":"e-bmw-tour","status":"publish","type":"page","link":"https:\/\/www.greenvda.com\/fr\/green-experiences\/e-bmw-tour\/","title":{"rendered":"E-BMW Tour"},"content":{"rendered":"<p><img decoding=\"async\" src=\"\/wp-content\/uploads\/2021\/08\/eBmwTourVDA.jpg\" alt=\"\"><\/p>\n<div>\n<h1>E-BMW Tour<\/h1>\n<div>\n<h3>Programme<\/h3>\n<p>Rendez-vous \u00e0 10h00 au parking couvert de la Consolata, V.le F.Chabod, Aoste. Bref d\u00e9placement \u00e0 pied et visite des fresques romanes extraordinaires dans le sous-toit de la Coll\u00e9giale Saint-Ours. Au cours de cette exp\u00e9rience exclusive, vous monterez au-dessus des vo\u00fbtes du XV\u00e8me si\u00e8cle pour observer de pr\u00e8s ces fresques r\u00e9alis\u00e9es il y a mille ans. Ensuite, vous poursuivrez en voiture, en \u00e9coutant une description radio du territoire, vers Saint-Nicolas o\u00f9 vous visiterez l\u2019\u00e9glise paroissiale et son cimeti\u00e8re. Point tr\u00e8s panoramique sur la Grivola et sur les vall\u00e9es du Grand-Paradis. Arr\u00eats pour admirer les spectaculaires pyramides de terre du torrent Gabo\u00e9. Le tour \u00e0 Saint-Nicolas permettra de bien profiter des voitures \u00e9lectriques. Descente \u00e0 Avise en empruntant la route tortueuse de Cerellaz. Visite du bourg m\u00e9di\u00e9val d\u2019Avise, avec ses deux ch\u00e2teaux, ses anciennes constructions, le tr\u00e9sor de l\u2019\u00e9glise paroissiale. Ap\u00e9ritif \u00e0 l\u2019\u0153noth\u00e8que, dans le ch\u00e2teau du XV\u00e8me si\u00e8cle. L\u2019itin\u00e9raire vous conduira ensuite \u00e0 La Salle \/ Morgex pour le d\u00e9jeuner, puis \u00e0 Pr\u00e9-Saint-Didier, o\u00f9 vous visiterez les caves d\u2019affinage de la Coop\u00e9rative des producteurs de Fontine, am\u00e9nag\u00e9es dans un bunker de la derni\u00e8re guerre, frais et humide, en mesure d\u2019accueillir plus de 16.000 roues. Le personnel y sale et brosse les fromages : c\u2019est un moment tr\u00e8s suggestif. La visite permet de d\u00e9couvrir comment et o\u00f9 la fontine est produite, de recevoir des informations sur le territoire, ainsi que sur la conduite des alpages. Vous pourrez acheter de la fontine au chalet situ\u00e9 en face de la cave d\u2019affinage. Mont\u00e9e au Col Saint-Charles, en passant par La Thuile. Ici, les nombreux virages vous feront \u00e9prouver tout le plaisir de la conduite d\u2019une voiture \u00e9lectrique. \u00c9tape \u00e0 Petosan, un plateau fleuri caract\u00e9ristique d\u2019o\u00f9 profiter d\u2019une belle vue sur les Grandes Jorasses ; l\u00e0-haut, vous pourrez aussi observer des retranchements du XVII\u00e8me si\u00e8cle. Du Col Saint-Charles, courte promenade de 25 minutes jusqu\u2019au magnifique belv\u00e9d\u00e8re sur le Mont-Blanc, l\u2019un des plus suggestifs sur le massif. Retour en effectuant une boucle, par la route qui descend \u00e0 Morgex. Accompagnement : guides touristiques et guides de randonn\u00e9e officiels de la Vall\u00e9e d\u2019Aoste. Donato Arcaro et Alberto Genotti. \u00c9quipement n\u00e9cessaire : tenue et chaussures de randonn\u00e9e. Sweat-shirt ou veste thermique.<\/p>\n<h3>Meeting point<\/h3>\n<p>Strada della Consolata, 76 \u2013 11100 Aosta (Ao)<\/p>\n<h3>Jour de la semaine<\/h3>\n<p>Mercredi \u00e0 10h00<\/p>\n<h3>Dur\u00e9e<\/h3>\n<p>6 heures<\/p>\n<p>Pour des raisons d\u2019organisation, l\u2019activit\u00e9 peut changer.<\/p>\n<h3>Nombre minimum de participants<\/h3>\n<p>2<\/p>\n<h3>Co\u00fbt<\/h3>\n<p>\u00e0 partir de 30\u20ac par personne. Le co\u00fbt comprend le service de guide pour l\u2019ensemble de l\u2019ex\u00e9cution.\u00a0<\/p>\n<p>Gratuit pour les enfants de moins de 10 ans.<\/p>\n<\/div>\n<\/div>\n<ul>\n<li>\n<p>        <img decoding=\"async\" src=\"\/wp-content\/uploads\/2021\/08\/eBmwTourVDA2.jpg\" alt=\"\"><\/p>\n<\/li>\n<li>\n<p>        <img decoding=\"async\" src=\"\/wp-content\/uploads\/2021\/08\/eBmwTourVDA3.jpg\" alt=\"\"><\/p>\n<\/li>\n<li>\n<p>        <img decoding=\"async\" src=\"\/wp-content\/uploads\/2021\/08\/eBmwTourVDA4.jpg\" alt=\"\"><\/p>\n<\/li>\n<li>\n<p>        <img decoding=\"async\" src=\"\/wp-content\/uploads\/2021\/08\/eBmwTourVDA5.jpg\" alt=\"\"><\/p>\n<\/li>\n<li>\n<p>        <img decoding=\"async\" src=\"\/wp-content\/uploads\/2021\/08\/eBmwTourVDA6.jpg\" alt=\"\"><\/p>\n<\/li>\n<li>\n<p>        <img decoding=\"async\" src=\"\/wp-content\/uploads\/2021\/08\/eBmwTourVDA7.jpg\" alt=\"\"><\/p>\n<\/li>\n<li>\n<p>        <img decoding=\"async\" src=\"\/wp-content\/uploads\/2021\/08\/eBmwTourVDA8.jpg\" alt=\"\"><\/p>\n<\/li>\n<li>\n<p>        <img decoding=\"async\" src=\"\/wp-content\/uploads\/2021\/08\/eBmwTourVDA9.jpg\" alt=\"\"><\/p>\n<\/li>\n<li>\n<p>        <img decoding=\"async\" src=\"\/wp-content\/uploads\/2021\/08\/eBmwTourVDA10.jpg\" alt=\"\"><\/p>\n<\/li>\n<li>\n<p>        <img decoding=\"async\" src=\"\/wp-content\/uploads\/2021\/08\/eBmwTourVDA11.jpg\" alt=\"\"><\/p>\n<\/li>\n<li>\n<p>        <img decoding=\"async\" src=\"\/wp-content\/uploads\/2021\/08\/eBmwTourVDA12.jpg\" alt=\"\"><\/p>\n<\/li>\n<\/ul>\n<p><!--more--><br \/>\n<!-- {\"name\":\"Trans Alps Adventure\",\"type\":\"layout\",\"children\":[{\"name\":\"Hero\",\"type\":\"section\",\"props\":{\"style\":\"primary\",\"width\":\"large\",\"vertical_align\":\"\",\"title_position\":\"top-left\",\"title_rotation\":\"left\",\"title_breakpoint\":\"xl\",\"image_position\":\"top-center\",\"height\":\"percent\",\"padding\":\"large\",\"image\":\"wp-content\\\/uploads\\\/2021\\\/08\\\/bard2-bmw.jpg\",\"text_color\":\"light\",\"image_size\":\"cover\",\"image_effect\":\"parallax\",\"image_width\":\"2560\",\"overlap\":false,\"image_parallax_breakpoint\":\"m\",\"image_parallax_bgy_start\":\"-200\"},\"children\":[{\"name\":\"\",\"type\":\"row\",\"children\":[{\"name\":\"\",\"type\":\"column\",\"props\":{\"image_position\":\"center-center\",\"media_overlay_gradient\":\"\",\"width_medium\":\"1-1\"},\"children\":[]}]}]},{\"name\":\"About\",\"type\":\"section\",\"props\":{\"style\":\"default\",\"width\":\"xlarge\",\"vertical_align\":\"middle\",\"title_position\":\"center-right\",\"title_rotation\":\"left\",\"title_breakpoint\":\"xl\",\"image_position\":\"center-center\",\"padding\":\"none\",\"overlap\":false,\"title\":\"\",\"padding_remove_bottom\":false,\"padding_remove_top\":false},\"children\":[{\"name\":\"\",\"type\":\"row\",\"props\":{\"layout\":\"1-2,1-2\",\"match\":true,\"column_gap\":\"collapse\",\"row_gap\":\"collapse\"},\"children\":[{\"name\":\"\",\"type\":\"column\",\"props\":{\"image_position\":\"center-center\",\"vertical_align\":\"middle\",\"media_overlay_gradient\":\"\",\"width_medium\":\"1-2\"},\"children\":[{\"name\":\"\",\"type\":\"image\",\"props\":{\"margin\":\"default\",\"text_align\":\"right\",\"maxwidth\":\"xlarge\",\"animation\":\"parallax\",\"image\":\"wp-content\\\/uploads\\\/2021\\\/08\\\/eBmwTourVDA.jpg\",\"image_width\":\"600\",\"parallax_breakpoint\":\"m\",\"parallax_y_end\":\"-240\",\"parallax_y_start\":\"-100\",\"image_box_decoration\":\"default\",\"block_align\":\"right\",\"image_svg_color\":\"emphasis\",\"image_height\":\"700\"}}]},{\"name\":\"\",\"type\":\"column\",\"props\":{\"image_position\":\"center-center\",\"media_overlay_gradient\":\"\",\"width_medium\":\"1-2\"},\"children\":[{\"name\":\"\",\"type\":\"panel\",\"props\":{\"link_text\":\"Tariffe e galleria fotografica\",\"title_element\":\"h1\",\"meta_style\":\"meta\",\"meta_align\":\"below-title\",\"image_align\":\"top\",\"image_grid_width\":\"1-2\",\"link_style\":\"primary\",\"margin\":\"\",\"panel_style\":\"card-default\",\"panel_size\":\"large\",\"title_style\":\"h1\",\"text_align\":\"left\",\"maxwidth\":\"xlarge\",\"maxwidth_breakpoint\":\"l\",\"animation\":\"parallax\",\"title\":\"E-BMW Tour\",\"content\":\"\n\n<h3>Programme<\\\/h3>\\n\n\n<p>Rendez-vous \\u00e0 10h00 au parking couvert de la Consolata, V.le F.Chabod, Aoste. Bref d\\u00e9placement \\u00e0 pied et visite des fresques romanes extraordinaires dans le sous-toit de la Coll\\u00e9giale Saint-Ours. Au cours de cette exp\\u00e9rience exclusive, vous monterez au-dessus des vo\\u00fbtes du XV\\u00e8me si\\u00e8cle pour observer de pr\\u00e8s ces fresques r\\u00e9alis\\u00e9es il y a mille ans. Ensuite, vous poursuivrez en voiture, en \\u00e9coutant une description radio du territoire, vers Saint-Nicolas o\\u00f9 vous visiterez l\\u2019\\u00e9glise paroissiale et son cimeti\\u00e8re. Point tr\\u00e8s panoramique sur la Grivola et sur les vall\\u00e9es du Grand-Paradis. Arr\\u00eats pour admirer les spectaculaires pyramides de terre du torrent Gabo\\u00e9. Le tour \\u00e0 Saint-Nicolas permettra de bien profiter des voitures \\u00e9lectriques. Descente \\u00e0 Avise en empruntant la route tortueuse de Cerellaz. Visite du bourg m\\u00e9di\\u00e9val d\\u2019Avise, avec ses deux ch\\u00e2teaux, ses anciennes constructions, le tr\\u00e9sor de l\\u2019\\u00e9glise paroissiale. Ap\\u00e9ritif \\u00e0 l\\u2019\\u0153noth\\u00e8que, dans le ch\\u00e2teau du XV\\u00e8me si\\u00e8cle. L\\u2019itin\\u00e9raire vous conduira ensuite \\u00e0 La Salle \\\/ Morgex pour le d\\u00e9jeuner, puis \\u00e0 Pr\\u00e9-Saint-Didier, o\\u00f9 vous visiterez les caves d\\u2019affinage de la Coop\\u00e9rative des producteurs de Fontine, am\\u00e9nag\\u00e9es dans un bunker de la derni\\u00e8re guerre, frais et humide, en mesure d\\u2019accueillir plus de 16.000 roues. Le personnel y sale et brosse les fromages : c\\u2019est un moment tr\\u00e8s suggestif. La visite permet de d\\u00e9couvrir comment et o\\u00f9 la fontine est produite, de recevoir des informations sur le territoire, ainsi que sur la conduite des alpages. Vous pourrez acheter de la fontine au chalet situ\\u00e9 en face de la cave d\\u2019affinage. Mont\\u00e9e au Col Saint-Charles, en passant par La Thuile. Ici, les nombreux virages vous feront \\u00e9prouver tout le plaisir de la conduite d\\u2019une voiture \\u00e9lectrique. \\u00c9tape \\u00e0 Petosan, un plateau fleuri caract\\u00e9ristique d\\u2019o\\u00f9 profiter d\\u2019une belle vue sur les Grandes Jorasses ; l\\u00e0-haut, vous pourrez aussi observer des retranchements du XVII\\u00e8me si\\u00e8cle. Du Col Saint-Charles, courte promenade de 25 minutes jusqu\\u2019au magnifique belv\\u00e9d\\u00e8re sur le Mont-Blanc, l\\u2019un des plus suggestifs sur le massif. Retour en effectuant une boucle, par la route qui descend \\u00e0 Morgex. Accompagnement : guides touristiques et guides de randonn\\u00e9e officiels de la Vall\\u00e9e d\\u2019Aoste. Donato Arcaro et Alberto Genotti. \\u00c9quipement n\\u00e9cessaire : tenue et chaussures de randonn\\u00e9e. Sweat-shirt ou veste thermique.<\\\/p>\\n\n\n<h3>Meeting point<\\\/h3>\\n\n\n<p>Strada della Consolata, 76 \\u2013 11100 Aosta (Ao)<\\\/p>\\n\n\n<h3>Jour de la semaine<\\\/h3>\\n\n\n<p>Mercredi \\u00e0 10h00<\\\/p>\\n\n\n<h3>Dur\\u00e9e<\\\/h3>\\n\n\n<p>6 heures<\\\/p>\\n\n\n<p>Pour des raisons d\\u2019organisation, l\\u2019activit\\u00e9 peut changer.<\\\/p>\\n\n\n<h3>Nombre minimum de participants<\\\/h3>\\n\n\n<p>2<\\\/p>\\n\n\n<h3>Co\\u00fbt<\\\/h3>\\n\n\n<p>\\u00e0 partir de 30\\u20ac par personne. Le co\\u00fbt comprend le service de guide pour l\\u2019ensemble de l\\u2019ex\\u00e9cution.\\u00a0<\\\/p>\\n\n\n<p>Gratuit pour les enfants de moins de 10 ans.<\\\/p>\",\"parallax_breakpoint\":\"m\",\"parallax_y_start\":\"-200\",\"title_hover_style\":\"reset\",\"title_align\":\"top\",\"title_grid_width\":\"1-2\",\"image_svg_color\":\"emphasis\",\"position\":\"relative\",\"position_left\":\"-50\",\"css\":\"@media (max-width: 959px) {\\n    .el-element { position: static !important; }\\n}\",\"title_grid_breakpoint\":\"m\",\"image_grid_breakpoint\":\"m\",\"icon_width\":80,\"meta_element\":\"div\",\"content_column_breakpoint\":\"m\",\"link\":\"\",\"link_target\":true,\"meta\":\"\"}}]}]}]},{\"type\":\"section\",\"props\":{\"style\":\"default\",\"width\":\"default\",\"vertical_align\":\"middle\",\"title_position\":\"top-left\",\"title_rotation\":\"left\",\"title_breakpoint\":\"xl\",\"image_position\":\"center-center\"},\"children\":[{\"type\":\"row\",\"children\":[{\"type\":\"column\",\"props\":{\"image_position\":\"center-center\",\"media_overlay_gradient\":\"\"},\"children\":[{\"type\":\"gallery\",\"props\":{\"show_title\":true,\"show_meta\":true,\"show_content\":true,\"show_link\":true,\"show_hover_image\":true,\"grid_default\":\"1\",\"grid_medium\":\"4\",\"filter_style\":\"tab\",\"filter_all\":true,\"filter_position\":\"top\",\"filter_align\":\"left\",\"filter_grid_width\":\"auto\",\"filter_grid_breakpoint\":\"m\",\"overlay_mode\":\"cover\",\"overlay_hover\":true,\"overlay_style\":\"\",\"text_color\":\"light\",\"overlay_position\":\"center\",\"overlay_transition\":\"fade\",\"title_hover_style\":\"reset\",\"title_element\":\"h3\",\"meta_style\":\"meta\",\"meta_align\":\"below-title\",\"meta_element\":\"div\",\"link_text\":\"Fai click\",\"link_style\":\"\",\"text_align\":\"center\",\"margin\":\"default\",\"item_animation\":true,\"lightbox\":true,\"title_display\":\"lightbox\",\"content_display\":\"lightbox\",\"lightbox_image_orientation\":false,\"lightbox_image_width\":\"\",\"lightbox_image_height\":\"\",\"image_width\":\"400\",\"image_height\":\"400\"},\"children\":[{\"type\":\"gallery_item\",\"props\":{\"image\":\"wp-content\\\/uploads\\\/2021\\\/08\\\/eBmwTourVDA2.jpg\"}},{\"type\":\"gallery_item\",\"props\":{\"image\":\"wp-content\\\/uploads\\\/2021\\\/08\\\/eBmwTourVDA3.jpg\"}},{\"type\":\"gallery_item\",\"props\":{\"image\":\"wp-content\\\/uploads\\\/2021\\\/08\\\/eBmwTourVDA4.jpg\"}},{\"type\":\"gallery_item\",\"props\":{\"image\":\"wp-content\\\/uploads\\\/2021\\\/08\\\/eBmwTourVDA5.jpg\"}},{\"type\":\"gallery_item\",\"props\":{\"image\":\"wp-content\\\/uploads\\\/2021\\\/08\\\/eBmwTourVDA6.jpg\"}},{\"type\":\"gallery_item\",\"props\":{\"image\":\"wp-content\\\/uploads\\\/2021\\\/08\\\/eBmwTourVDA7.jpg\"}},{\"type\":\"gallery_item\",\"props\":{\"image\":\"wp-content\\\/uploads\\\/2021\\\/08\\\/eBmwTourVDA8.jpg\"}},{\"type\":\"gallery_item\",\"props\":{\"image\":\"wp-content\\\/uploads\\\/2021\\\/08\\\/eBmwTourVDA9.jpg\"}},{\"type\":\"gallery_item\",\"props\":{\"image\":\"wp-content\\\/uploads\\\/2021\\\/08\\\/eBmwTourVDA10.jpg\"}},{\"type\":\"gallery_item\",\"props\":{\"image\":\"wp-content\\\/uploads\\\/2021\\\/08\\\/eBmwTourVDA11.jpg\"}},{\"type\":\"gallery_item\",\"props\":{\"image\":\"wp-content\\\/uploads\\\/2021\\\/08\\\/eBmwTourVDA12.jpg\"}}]}]}]}]}],\"version\":\"2.5.9\"} --><\/p>\n","protected":false},"excerpt":{"rendered":"<p>E-BMW Tour Programme Rendez-vous \u00e0 10h00 au parking couvert de la Consolata, V.le F.Chabod, Aoste. Bref d\u00e9placement \u00e0 pied et visite des fresques romanes extraordinaires dans le sous-toit de la Coll\u00e9giale Saint-Ours. Au cours de cette exp\u00e9rience exclusive, vous monterez au-dessus des vo\u00fbtes du XV\u00e8me si\u00e8cle pour observer de pr\u00e8s ces fresques r\u00e9alis\u00e9es il y [&hellip;]<\/p>\n","protected":false},"author":1,"featured_media":0,"parent":2653,"menu_order":0,"comment_status":"closed","ping_status":"closed","template":"","meta":{"saved_in_kubio":false,"_seopress_robots_primary_cat":"","_seopress_titles_title":"E-BMW Tour | Green Experience Vall\u00e9e d&#039;Aoste","_seopress_titles_desc":"Entra in questa sezione per scoprire il nostro E-BMW Tour, organizzato appositamente per farvi immergere in una parte delle meraviglie che la nostra Valle pu\u00f2 offrire!","_seopress_robots_index":"","footnotes":""},"class_list":["post-2631","page","type-page","status-publish","hentry"],"kubio_ai_page_context":{"short_desc":"","purpose":"general"},"_links":{"self":[{"href":"https:\/\/www.greenvda.com\/fr\/wp-json\/wp\/v2\/pages\/2631","targetHints":{"allow":["GET"]}}],"collection":[{"href":"https:\/\/www.greenvda.com\/fr\/wp-json\/wp\/v2\/pages"}],"about":[{"href":"https:\/\/www.greenvda.com\/fr\/wp-json\/wp\/v2\/types\/page"}],"author":[{"embeddable":true,"href":"https:\/\/www.greenvda.com\/fr\/wp-json\/wp\/v2\/users\/1"}],"replies":[{"embeddable":true,"href":"https:\/\/www.greenvda.com\/fr\/wp-json\/wp\/v2\/comments?post=2631"}],"version-history":[{"count":3,"href":"https:\/\/www.greenvda.com\/fr\/wp-json\/wp\/v2\/pages\/2631\/revisions"}],"predecessor-version":[{"id":3888,"href":"https:\/\/www.greenvda.com\/fr\/wp-json\/wp\/v2\/pages\/2631\/revisions\/3888"}],"up":[{"embeddable":true,"href":"https:\/\/www.greenvda.com\/fr\/wp-json\/wp\/v2\/pages\/2653"}],"wp:attachment":[{"href":"https:\/\/www.greenvda.com\/fr\/wp-json\/wp\/v2\/media?parent=2631"}],"curies":[{"name":"wp","href":"https:\/\/api.w.org\/{rel}","templated":true}]}}