{"id":2627,"date":"2021-08-29T16:22:30","date_gmt":"2021-08-29T14:22:30","guid":{"rendered":"https:\/\/www.greenvda.com\/skyway-monte-bianco\/"},"modified":"2022-01-27T12:06:57","modified_gmt":"2022-01-27T11:06:57","slug":"skyway-mont-blanc","status":"publish","type":"page","link":"https:\/\/www.greenvda.com\/fr\/green-experiences\/skyway-mont-blanc\/","title":{"rendered":"Skyway Mont Blanc"},"content":{"rendered":"<p><img decoding=\"async\" src=\"\/wp-content\/uploads\/2021\/08\/skywayMonteBianco1.jpg\" alt=\"\"><\/p>\n<div>\n<h1>Skyway Mont Blanc<\/h1>\n<p>Strada Statale 26 dir, 48, 11013 Courmayeur AO<\/p>\n<div>\n<h3><\/h3>\n<p>Le nouveau t\u00e9l\u00e9ph\u00e9rique Skyway Mont-Blanc, d\u00e9fini la huiti\u00e8me merveille du monde, vous offre une exp\u00e9rience inoubliable entre ciel et terre, au c\u0153ur du Massif du Mont-Blanc. Avec ses 4808 m\u00e8tres, ce sommet est consid\u00e9r\u00e9 le toit d\u2019Europe. Un bijou futuriste d\u2019ing\u00e9nierie qui vous accompagnera, avec ses cabines qui pivotent \u00e0 360 degr\u00e9s, \u00e0 la d\u00e9couverte d\u2019un paysage alpin unique. Consciente de l\u2019importance de pr\u00e9server l\u2019environnement o\u00f9 elle est plong\u00e9e, la soci\u00e9t\u00e9 Skyway est le premier t\u00e9l\u00e9ph\u00e9rique italien \u00e0 \u00e9tablir un budget de durabilit\u00e9. Le d\u00e9part est \u00e0 Courmayeur (\u00e0 1300 m\u00e8tres) et l\u2019arriv\u00e9e \u00e0 la pointe Helbronner (3466 m\u00e8tres) avec une \u00e9tape interm\u00e9diaire au Pavillon (2173 m\u00e8tres), o\u00f9 une vaste terrasse donne directement sur la montagne et sur ses glaciers. L\u2019\u00e9t\u00e9, vous pourrez visiter le jardin botanique alpin <Saussurea>, qui compte plus de 900 esp\u00e8ces v\u00e9g\u00e9tales ; l\u2019hiver, vous pourrez faire une balade \u00e0 raquettes sur le terrain express\u00e9ment am\u00e9nag\u00e9. \u00c0 la pointe Helbronner, vous aurez l\u2019impression de toucher le ciel. Vous pourrez \u00e9galement visiter la salle des cristaux, la salle Mont-Blanc et \u00e9prouver la sensation de marcher dans le vide gr\u00e2ce au Sky Vertigo.<\/p>\n<h3>Meeting point<\/h3>\n<p dir=\"ltr\" class=\"CDt4Ke zfr3Q\">Strada Statale 26 dir, 48, 11013 Courmayeur AO<\/p>\n<h3>Jour et Horaire Activit\u00e9s<\/h3>\n<p>Demi-journ\u00e9e<\/p>\n<h3>Co\u00fbt<\/h3>\n<p>Courmayeur &#8211; Punta Helbronnes Aller-retour 52\u20ac<\/p>\n<\/div>\n<\/div>\n<ul>\n<li>\n<p>        <img decoding=\"async\" src=\"\/wp-content\/uploads\/2021\/08\/skywayMonteBianco2.jpg\" alt=\"\"><\/p>\n<\/li>\n<li>\n<p>        <img decoding=\"async\" src=\"\/wp-content\/uploads\/2021\/08\/skywayMonteBianco4.jpg\" alt=\"\"><\/p>\n<\/li>\n<li>\n<p>        <img decoding=\"async\" src=\"\/wp-content\/uploads\/2021\/08\/skywayMonteBianco5.jpg\" alt=\"\"><\/p>\n<\/li>\n<li>\n<p>        <img decoding=\"async\" src=\"\/wp-content\/uploads\/2021\/08\/skywayMonteBianco6.jpg\" alt=\"\"><\/p>\n<\/li>\n<li>\n<p>        <img decoding=\"async\" src=\"\/wp-content\/uploads\/2021\/08\/skywayMonteBianco7.jpg\" alt=\"\"><\/p>\n<\/li>\n<li>\n<p>        <img decoding=\"async\" src=\"\/wp-content\/uploads\/2021\/08\/skywayMonteBianco8.jpg\" alt=\"\"><\/p>\n<\/li>\n<li>\n<p>        <img decoding=\"async\" src=\"\/wp-content\/uploads\/2021\/08\/skywayMonteBianco9.jpg\" alt=\"\"><\/p>\n<\/li>\n<li>\n<p>        <img decoding=\"async\" src=\"\/wp-content\/uploads\/2021\/08\/monteBianco-1.jpg\" alt=\"\"><\/p>\n<\/li>\n<\/ul>\n<div>Dove trovarci<\/div>\n<div>\n<p>    <iframe src=\"https:\/\/www.google.com\/maps\/embed?pb=!1m14!1m8!1m3!1d11123.084270793408!2d6.956237!3d45.8158431!3m2!1i1024!2i768!4f13.1!3m3!1m2!1s0x0%3A0x4b3a71ce7184d0f5!2sSkyway%20Monte%20Bianco!5e0!3m2!1sit!2sit!4v1630247228178!5m2!1sit!2sit\" width=\"100%\" height=\"450\" style=\"border:0;\" allowfullscreen=\"\" loading=\"lazy\"><\/iframe>\n<\/div>\n<p><!--more--><br \/>\n<!-- {\"name\":\"Trans Alps Adventure\",\"type\":\"layout\",\"children\":[{\"name\":\"Hero\",\"type\":\"section\",\"props\":{\"style\":\"primary\",\"width\":\"large\",\"vertical_align\":\"\",\"title_position\":\"top-left\",\"title_rotation\":\"left\",\"title_breakpoint\":\"xl\",\"image_position\":\"top-center\",\"height\":\"percent\",\"padding\":\"large\",\"image\":\"\",\"text_color\":\"light\",\"image_size\":\"cover\",\"image_effect\":\"parallax\",\"image_width\":\"2560\",\"overlap\":false,\"image_parallax_breakpoint\":\"m\",\"image_parallax_bgy_start\":\"-200\",\"video\":\"<iframe width=\\\"1280\\\" height=\\\"720\\\" src=\\\"https:\\\/\\\/www.youtube.com\\\/embed\\\/QJYNiTTKVgg\\\" title=\\\"YouTube video player\\\" frameborder=\\\"0\\\" allow=\\\"accelerometer; autoplay; clipboard-write; encrypted-media; gyroscope; picture-in-picture\\\" allowfullscreen><\\\/iframe>\",\"video_width\":\"1000\"},\"children\":[{\"name\":\"\",\"type\":\"row\",\"children\":[{\"name\":\"\",\"type\":\"column\",\"props\":{\"image_position\":\"center-center\",\"media_overlay_gradient\":\"\",\"width_medium\":\"1-1\"},\"children\":[]}]}]},{\"name\":\"About\",\"type\":\"section\",\"props\":{\"style\":\"default\",\"width\":\"xlarge\",\"vertical_align\":\"middle\",\"title_position\":\"center-right\",\"title_rotation\":\"left\",\"title_breakpoint\":\"xl\",\"image_position\":\"center-center\",\"padding\":\"none\",\"overlap\":false,\"title\":\"\",\"padding_remove_bottom\":false,\"padding_remove_top\":false},\"children\":[{\"name\":\"\",\"type\":\"row\",\"props\":{\"layout\":\"1-2,1-2\",\"match\":true,\"column_gap\":\"collapse\",\"row_gap\":\"collapse\"},\"children\":[{\"name\":\"\",\"type\":\"column\",\"props\":{\"image_position\":\"center-center\",\"vertical_align\":\"middle\",\"media_overlay_gradient\":\"\",\"width_medium\":\"1-2\"},\"children\":[{\"name\":\"\",\"type\":\"image\",\"props\":{\"margin\":\"default\",\"text_align\":\"right\",\"maxwidth\":\"xlarge\",\"animation\":\"parallax\",\"image\":\"wp-content\\\/uploads\\\/2021\\\/08\\\/skywayMonteBianco1.jpg\",\"image_width\":\"600\",\"parallax_breakpoint\":\"m\",\"parallax_y_end\":\"-240\",\"parallax_y_start\":\"-100\",\"image_box_decoration\":\"default\",\"block_align\":\"right\",\"image_svg_color\":\"emphasis\",\"image_height\":\"700\"}}]},{\"name\":\"\",\"type\":\"column\",\"props\":{\"image_position\":\"center-center\",\"media_overlay_gradient\":\"\",\"width_medium\":\"1-2\"},\"children\":[{\"name\":\"\",\"type\":\"panel\",\"props\":{\"link_text\":\"Tariffe e galleria fotografica\",\"title_element\":\"h1\",\"meta_style\":\"meta\",\"meta_align\":\"below-title\",\"image_align\":\"top\",\"image_grid_width\":\"1-2\",\"link_style\":\"primary\",\"margin\":\"\",\"panel_style\":\"card-default\",\"panel_size\":\"large\",\"title_style\":\"h1\",\"text_align\":\"left\",\"maxwidth\":\"xlarge\",\"maxwidth_breakpoint\":\"l\",\"animation\":\"parallax\",\"title\":\"Skyway Mont Blanc\",\"content\":\"\n\n<h3><\\\/h3>\\n\n\n<p>Le nouveau t\\u00e9l\\u00e9ph\\u00e9rique Skyway Mont-Blanc, d\\u00e9fini la huiti\\u00e8me merveille du monde, vous offre une exp\\u00e9rience inoubliable entre ciel et terre, au c\\u0153ur du Massif du Mont-Blanc. Avec ses 4808 m\\u00e8tres, ce sommet est consid\\u00e9r\\u00e9 le toit d\\u2019Europe. Un bijou futuriste d\\u2019ing\\u00e9nierie qui vous accompagnera, avec ses cabines qui pivotent \\u00e0 360 degr\\u00e9s, \\u00e0 la d\\u00e9couverte d\\u2019un paysage alpin unique. Consciente de l\\u2019importance de pr\\u00e9server l\\u2019environnement o\\u00f9 elle est plong\\u00e9e, la soci\\u00e9t\\u00e9 Skyway est le premier t\\u00e9l\\u00e9ph\\u00e9rique italien \\u00e0 \\u00e9tablir un budget de durabilit\\u00e9. Le d\\u00e9part est \\u00e0 Courmayeur (\\u00e0 1300 m\\u00e8tres) et l\\u2019arriv\\u00e9e \\u00e0 la pointe Helbronner (3466 m\\u00e8tres) avec une \\u00e9tape interm\\u00e9diaire au Pavillon (2173 m\\u00e8tres), o\\u00f9 une vaste terrasse donne directement sur la montagne et sur ses glaciers. L\\u2019\\u00e9t\\u00e9, vous pourrez visiter le jardin botanique alpin <Saussurea>, qui compte plus de 900 esp\\u00e8ces v\\u00e9g\\u00e9tales ; l\\u2019hiver, vous pourrez faire une balade \\u00e0 raquettes sur le terrain express\\u00e9ment am\\u00e9nag\\u00e9. \\u00c0 la pointe Helbronner, vous aurez l\\u2019impression de toucher le ciel. Vous pourrez \\u00e9galement visiter la salle des cristaux, la salle Mont-Blanc et \\u00e9prouver la sensation de marcher dans le vide gr\\u00e2ce au Sky Vertigo.<\\\/p>\\n\n\n<h3>Meeting point<\\\/h3>\\n\n\n<p dir=\\\"ltr\\\" class=\\\"CDt4Ke zfr3Q\\\">Strada Statale 26 dir, 48, 11013 Courmayeur AO<\\\/p>\\n\n\n<h3>Jour et Horaire Activit\\u00e9s<\\\/h3>\\n\n\n<p>Demi-journ\\u00e9e<\\\/p>\\n\n\n<h3>Co\\u00fbt<\\\/h3>\\n\n\n<p>Courmayeur - Punta Helbronnes Aller-retour 52\\u20ac<\\\/p>\",\"parallax_breakpoint\":\"m\",\"parallax_y_start\":\"-200\",\"title_hover_style\":\"reset\",\"title_align\":\"top\",\"title_grid_width\":\"1-2\",\"image_svg_color\":\"emphasis\",\"position\":\"relative\",\"position_left\":\"-50\",\"css\":\"@media (max-width: 959px) {\\n    .el-element { position: static !important; }\\n}\",\"title_grid_breakpoint\":\"m\",\"image_grid_breakpoint\":\"m\",\"icon_width\":80,\"meta_element\":\"div\",\"content_column_breakpoint\":\"m\",\"link\":\"\",\"link_target\":true,\"meta\":\"Strada Statale 26 dir, 48, 11013 Courmayeur AO\"}}]}]}]},{\"type\":\"section\",\"props\":{\"style\":\"default\",\"width\":\"default\",\"vertical_align\":\"middle\",\"title_position\":\"top-left\",\"title_rotation\":\"left\",\"title_breakpoint\":\"xl\",\"image_position\":\"center-center\"},\"children\":[{\"type\":\"row\",\"children\":[{\"type\":\"column\",\"props\":{\"image_position\":\"center-center\",\"media_overlay_gradient\":\"\"},\"children\":[{\"type\":\"gallery\",\"props\":{\"show_title\":true,\"show_meta\":true,\"show_content\":true,\"show_link\":true,\"show_hover_image\":true,\"grid_default\":\"1\",\"grid_medium\":\"4\",\"filter_style\":\"tab\",\"filter_all\":true,\"filter_position\":\"top\",\"filter_align\":\"left\",\"filter_grid_width\":\"auto\",\"filter_grid_breakpoint\":\"m\",\"overlay_mode\":\"cover\",\"overlay_hover\":true,\"overlay_style\":\"\",\"text_color\":\"light\",\"overlay_position\":\"center\",\"overlay_transition\":\"fade\",\"title_hover_style\":\"reset\",\"title_element\":\"h3\",\"meta_style\":\"meta\",\"meta_align\":\"below-title\",\"meta_element\":\"div\",\"link_text\":\"Fai click\",\"link_style\":\"\",\"text_align\":\"center\",\"margin\":\"default\",\"item_animation\":true,\"lightbox\":true,\"title_display\":\"lightbox\",\"content_display\":\"lightbox\",\"lightbox_image_orientation\":false,\"lightbox_image_width\":\"\",\"lightbox_image_height\":\"\",\"image_width\":\"400\",\"image_height\":\"400\"},\"children\":[{\"type\":\"gallery_item\",\"props\":{\"image\":\"wp-content\\\/uploads\\\/2021\\\/08\\\/skywayMonteBianco2.jpg\"}},{\"type\":\"gallery_item\",\"props\":{\"image\":\"wp-content\\\/uploads\\\/2021\\\/08\\\/skywayMonteBianco4.jpg\"}},{\"type\":\"gallery_item\",\"props\":{\"image\":\"wp-content\\\/uploads\\\/2021\\\/08\\\/skywayMonteBianco5.jpg\"}},{\"type\":\"gallery_item\",\"props\":{\"image\":\"wp-content\\\/uploads\\\/2021\\\/08\\\/skywayMonteBianco6.jpg\"}},{\"type\":\"gallery_item\",\"props\":{\"image\":\"wp-content\\\/uploads\\\/2021\\\/08\\\/skywayMonteBianco7.jpg\"}},{\"type\":\"gallery_item\",\"props\":{\"image\":\"wp-content\\\/uploads\\\/2021\\\/08\\\/skywayMonteBianco8.jpg\"}},{\"type\":\"gallery_item\",\"props\":{\"image\":\"wp-content\\\/uploads\\\/2021\\\/08\\\/skywayMonteBianco9.jpg\"}},{\"type\":\"gallery_item\",\"props\":{\"image\":\"wp-content\\\/uploads\\\/2021\\\/08\\\/monteBianco-1.jpg\"}}]}]}]}]},{\"name\":\"Map\",\"type\":\"section\",\"props\":{\"style\":\"default\",\"width\":\"\",\"vertical_align\":\"middle\",\"title_position\":\"top-left\",\"title_rotation\":\"left\",\"title_breakpoint\":\"xl\",\"image_position\":\"center-center\",\"padding_remove_top\":false,\"padding_remove_bottom\":true,\"overlap\":false,\"id\":\"map\"},\"children\":[{\"name\":\"\",\"type\":\"row\",\"props\":{\"width\":\"large\",\"margin\":\"remove-vertical\"},\"children\":[{\"name\":\"\",\"type\":\"column\",\"props\":{\"image_position\":\"center-center\",\"css\":\"@media (min-width: 960px) {\\n    \\n    .el-column { z-index: 2; }\\n    \\n}\",\"media_overlay_gradient\":\"\",\"width_medium\":\"1-1\"},\"children\":[{\"name\":\"\",\"type\":\"headline\",\"props\":{\"title_element\":\"div\",\"title_style\":\"h4\",\"title_color\":\"primary\",\"text_align\":\"center\",\"content\":\"Dove trovarci\"}}]}]},{\"name\":\"\",\"type\":\"row\",\"props\":{\"margin\":\"default\",\"margin_remove_bottom\":false},\"children\":[{\"name\":\"\",\"type\":\"column\",\"props\":{\"image_position\":\"center-center\",\"media_overlay_gradient\":\"\",\"width_medium\":\"1-1\"},\"children\":[{\"type\":\"html\",\"props\":{\"content\":\"<iframe src=\\\"https:\\\/\\\/www.google.com\\\/maps\\\/embed?pb=!1m14!1m8!1m3!1d11123.084270793408!2d6.956237!3d45.8158431!3m2!1i1024!2i768!4f13.1!3m3!1m2!1s0x0%3A0x4b3a71ce7184d0f5!2sSkyway%20Monte%20Bianco!5e0!3m2!1sit!2sit!4v1630247228178!5m2!1sit!2sit\\\" width=\\\"100%\\\" height=\\\"450\\\" style=\\\"border:0;\\\" allowfullscreen=\\\"\\\" loading=\\\"lazy\\\"><\\\/iframe>\"}}]}]}]}],\"version\":\"2.5.9\"} --><\/p>\n","protected":false},"excerpt":{"rendered":"<p>Skyway Mont Blanc Strada Statale 26 dir, 48, 11013 Courmayeur AO Le nouveau t\u00e9l\u00e9ph\u00e9rique Skyway Mont-Blanc, d\u00e9fini la huiti\u00e8me merveille du monde, vous offre une exp\u00e9rience inoubliable entre ciel et terre, au c\u0153ur du Massif du Mont-Blanc. Avec ses 4808 m\u00e8tres, ce sommet est consid\u00e9r\u00e9 le toit d\u2019Europe. Un bijou futuriste d\u2019ing\u00e9nierie qui vous accompagnera, [&hellip;]<\/p>\n","protected":false},"author":1,"featured_media":0,"parent":2653,"menu_order":0,"comment_status":"closed","ping_status":"closed","template":"","meta":{"saved_in_kubio":false,"_seopress_robots_primary_cat":"","_seopress_titles_title":"Skyway Monte Bianco | Green Experience Vall\u00e9e d&#039;Aoste","_seopress_titles_desc":"Definita l\u2019Ottava Meraviglia del mondo, la nuova funivia Skyway Monte Bianco ti regala un\u2019indimenticabile esperienza a fil di cielo nel cuore del Massiccio del Monte Bianco.","_seopress_robots_index":"","footnotes":""},"class_list":["post-2627","page","type-page","status-publish","hentry"],"kubio_ai_page_context":{"short_desc":"","purpose":"general"},"_links":{"self":[{"href":"https:\/\/www.greenvda.com\/fr\/wp-json\/wp\/v2\/pages\/2627","targetHints":{"allow":["GET"]}}],"collection":[{"href":"https:\/\/www.greenvda.com\/fr\/wp-json\/wp\/v2\/pages"}],"about":[{"href":"https:\/\/www.greenvda.com\/fr\/wp-json\/wp\/v2\/types\/page"}],"author":[{"embeddable":true,"href":"https:\/\/www.greenvda.com\/fr\/wp-json\/wp\/v2\/users\/1"}],"replies":[{"embeddable":true,"href":"https:\/\/www.greenvda.com\/fr\/wp-json\/wp\/v2\/comments?post=2627"}],"version-history":[{"count":3,"href":"https:\/\/www.greenvda.com\/fr\/wp-json\/wp\/v2\/pages\/2627\/revisions"}],"predecessor-version":[{"id":3346,"href":"https:\/\/www.greenvda.com\/fr\/wp-json\/wp\/v2\/pages\/2627\/revisions\/3346"}],"up":[{"embeddable":true,"href":"https:\/\/www.greenvda.com\/fr\/wp-json\/wp\/v2\/pages\/2653"}],"wp:attachment":[{"href":"https:\/\/www.greenvda.com\/fr\/wp-json\/wp\/v2\/media?parent=2627"}],"curies":[{"name":"wp","href":"https:\/\/api.w.org\/{rel}","templated":true}]}}