{"id":2604,"date":"2021-09-01T09:47:56","date_gmt":"2021-09-01T07:47:56","guid":{"rendered":"https:\/\/www.greenvda.com\/itinerari-green\/"},"modified":"2023-03-10T11:54:12","modified_gmt":"2023-03-10T10:54:12","slug":"itineraires-green","status":"publish","type":"page","link":"https:\/\/www.greenvda.com\/fr\/itineraires-green\/","title":{"rendered":"Itin\u00e9raires Green"},"content":{"rendered":"<h1>Itin\u00e9raires<\/h1>\n<div>\n<div jscontroller=\"Ae65rd\" jsaction=\"touchstart:UrsOsc; click:KjsqPd; focusout:QZoaZ; mouseover:y0pDld; mouseout:dq0hvd;fv1Rjc:jbFSOd;CrfLRd:SzACGe;\" class=\"CjVfdc CJIdie\" style=\"text-align: center;\"><span class=\" jW0mOd\"><em>\u00ab\u00a0Les itin\u00e9raires pr\u00e9sent\u00e9s ici ne sont qu\u2019un avant-go\u00fbt de ce que nous pouvons organiser. La Vall\u00e9e d\u2019Aoste offre un large \u00e9ventail de possibilit\u00e9s. N\u2019h\u00e9sitez pas \u00e0 nous demander de personnaliser votre voyage.\u00a0\u00bb<\/em><\/span><\/div>\n<\/div>\n<ul>\n<li>\n<p>        <img decoding=\"async\" src=\"\/wp-content\/uploads\/2021\/09\/3GiorniaiPiedidelMonteBianco3.jpeg\" alt=\"\"><\/p>\n<h2>5 jours du Mont Rose au Mont Blanc<\/h2>\n<div>\n<ul>\n<li>2 nuits \u00e0\u00a0 Gressoney<\/li>\n<li>2 nuits \u00e0 Courmayeur<\/li>\n<li>Location BMW i3 \u00e9lectrique<\/li>\n<\/ul>\n<p><strong>A partir\u00a0 de 395,00\u20ac par personne<\/strong><\/p>\n<\/div>\n<p><a href=\"\/fr\/itineraires-green\/du-mont-rose-au-mont-blanc\/\">En savoir plus<\/a><\/p>\n<\/li>\n<li>\n<p>        <img decoding=\"async\" src=\"\/wp-content\/uploads\/2021\/09\/AlCospettodel4000link3.jpeg\" alt=\"\"><\/p>\n<h2>7 jours face aux 4000<\/h2>\n<div>\n<ul>\n<li>2 nuits \u00e0 Gressoney<\/li>\n<li>2 nuits \u00e0 Cervinia<\/li>\n<li>2\u00a0 nuits \u00e0 Cogne<\/li>\n<li>Location BMW i3 \u00e9lectrique<\/li>\n<\/ul>\n<p><strong>A partir de 725,00\u20ac par personne<\/strong><\/p>\n<\/div>\n<p><a href=\"\/fr\/itineraires-green\/face-au-4000\/\">En savoir plus<\/a><\/p>\n<\/li>\n<li>\n<p>        <img decoding=\"async\" src=\"\/wp-content\/uploads\/2021\/09\/LaValledAostainSetteGiornilink1.jpeg\" alt=\"\"><\/p>\n<h2>La Vall\u00e9e d&rsquo;Aoste en 7 jours<\/h2>\n<div>\n<ul>\n<li>2 nuits \u00e0 Ayas<\/li>\n<li>1 nuit \u00e0 Aosta<\/li>\n<li>3 nuits \u00e0 Courmayeur<\/li>\n<li>Location BMW i3 \u00e9lectrique<\/li>\n<\/ul>\n<p><strong>A partir de 455,00\u20ac par personne<\/strong><\/p>\n<\/p>\n<\/div>\n<p><a href=\"\/fr\/itineraires-green\/la-valle-daosta-in-sette-giorni\/\">En savoir plus<\/a><\/p>\n<\/li>\n<li>\n<p>        <img decoding=\"async\" src=\"\/wp-content\/uploads\/2021\/09\/InValdAyaseinValdiCognelink1.jpeg\" alt=\"\"><\/p>\n<h2>5 jours en Val d&rsquo;Ayas et dans la Vall\u00e9e de Cogne<\/h2>\n<div>\n<ul>\n<li>2 nuits \u00e0 Ayas<\/li>\n<li>2 nuits \u00e0 Cogne<\/li>\n<li>Location BMW i3 \u00e9lectrique<\/li>\n<\/ul>\n<p><strong>A partir de 360,00\u20ac par personne<\/strong><\/p>\n<\/p>\n<\/div>\n<p><a href=\"\/fr\/itineraires-green\/in-val-dayas-e-in-val-di-cogne\/\">En savoir plus<\/a><\/p>\n<\/li>\n<li>\n<p>        <img decoding=\"async\" src=\"\/wp-content\/uploads\/2022\/01\/1280px-Casinodi_saint-vincent.jpg\" alt=\"\"><\/p>\n<h2>3 jours \u00e0 Saint-Vincent<\/h2>\n<div>\n<ul>\n<li>2 nuits \u00e0 Saint Vincent<\/li>\n<li>Location BMW i3 \u00e9lectrique<\/li>\n<\/ul>\n<p><strong>A partir de 145,00\u20ac par personne<\/strong><\/p>\n<\/div>\n<p><a href=\"\/fr\/itineraires-green\/3-giorni-a-saint-vincent\/\">En savoir plus<\/a><\/p>\n<\/li>\n<li>\n<p>        <img decoding=\"async\" src=\"\/wp-content\/uploads\/2021\/09\/3GiorniinParadiso3.jpeg\" alt=\"\"><\/p>\n<h2>3 jours au Paradis<\/h2>\n<div>\n<ul>\n<li>2 nuits \u00e0 Cogne<\/li>\n<li>Location BMW i3 \u00e9lectrique<\/li>\n<\/ul>\n<p><strong>A partir de 205,00\u20ac par personne<\/strong><\/p>\n<\/div>\n<p><a href=\"\/fr\/itineraires-green\/3-giorni-in-paradiso\/\">En savoir plus<\/a><\/p>\n<\/li>\n<li>\n<p>        <img decoding=\"async\" src=\"\/wp-content\/uploads\/2021\/08\/courmayeur-1.jpg\" alt=\"\"><\/p>\n<h2>3 jours au pied du Mont Blanc<\/h2>\n<div>\n<ul>\n<li>2 nuits \u00e0 Courmayeur<\/li>\n<li>Location BMW i3 \u00e9lectrique<\/li>\n<\/ul>\n<p><strong>A partir da 155,00\u20ac par personne<\/strong><\/p>\n<\/div>\n<p><a href=\"\/fr\/itineraires-green\/3-giorni-ai-piedi-del-monte-bianco\/\">En savoir plus<\/a><\/p>\n<\/li>\n<\/ul>\n<p><img decoding=\"async\" src=\"\/wp-content\/uploads\/2021\/09\/3GiorniaiPiedidelMonteBianco3.jpeg\" alt=\"\"><\/p>\n<h1>Voiture \u00e9lectrique BMW i3<\/h1>\n<div>\n<p>Nos BMW i3 sont disponibles <strong>\u00e0 l\u2019a\u00e9roport de Turin Caselle et aux gares de Turin et d\u2019Aoste<\/strong>.<\/p>\n<p>Il s\u2019agit de la meilleure solution pour rejoindre les h\u00f4tels et pour profiter pleinement des visites dans la magnifique r\u00e9gion qu\u2019est la Vall\u00e9e d\u2019Aoste, sans polluer et avec l\u2019\u00e9motion de d\u2019une conduite \u00e9lectrique agile.<\/p>\n<p><strong>Tarif de 48,00 \u20ac pour la location de BMW i3 par jour<\/strong>, y compris les recharges \u00e9lectriques et l\u2019assurance tous riques avec une franchise de \u20ac 300.<\/p>\n<\/div>\n<p><!--more--><br \/>\n<!-- {\"name\":\"Post Index\",\"type\":\"layout\",\"children\":[{\"name\":\"Hero\",\"type\":\"section\",\"props\":{\"height_viewport\":false,\"image\":\"\",\"image_effect\":\"parallax\",\"image_parallax_easing\":\"1\",\"image_position\":\"bottom-center\",\"image_size\":\"cover\",\"image_width\":\"2560\",\"media\":\"images\\\/press-header.jpg\",\"media_advanced\":true,\"media_background\":\"#fff\",\"media_size\":\"cover\",\"overlap\":false,\"padding\":\"large\",\"style\":\"primary\",\"title_breakpoint\":\"xl\",\"title_position\":\"top-left\",\"title_rotation\":\"left\",\"vertical_align\":\"\",\"video\":\"<iframe width=\\\"1280\\\" height=\\\"720\\\" src=\\\"https:\\\/\\\/www.youtube.com\\\/embed\\\/qDrdty5YHYI\\\" title=\\\"YouTube video player\\\" frameborder=\\\"0\\\" allow=\\\"accelerometer; autoplay; clipboard-write; encrypted-media; gyroscope; picture-in-picture\\\" allowfullscreen><\\\/iframe>\",\"video_height\":\"1000\",\"video_width\":\"1000\",\"width\":\"large\"},\"children\":[{\"name\":\"\",\"type\":\"row\",\"children\":[{\"name\":\"\",\"type\":\"column\",\"props\":{\"image_position\":\"center-center\",\"media_overlay_gradient\":\"\",\"position_sticky_breakpoint\":\"m\",\"width_medium\":\"1-1\"},\"children\":[{\"name\":\"\",\"type\":\"headline\",\"props\":{\"animation\":\"none\",\"content\":\"Itin\\u00e9raires\",\"margin_remove_top\":true,\"parallax_breakpoint\":\"m\",\"parallax_y\":\"50,0\",\"text_align\":\"left\",\"title_element\":\"h1\",\"title_style\":\"heading-xlarge\"}}]}]}]},{\"type\":\"section\",\"props\":{\"image_position\":\"center-center\",\"padding_remove_horizontal\":false,\"style\":\"default\",\"title_breakpoint\":\"xl\",\"title_position\":\"top-left\",\"title_rotation\":\"left\",\"vertical_align\":\"middle\",\"width\":\"large\"},\"children\":[{\"type\":\"row\",\"children\":[{\"type\":\"column\",\"props\":{\"image_position\":\"center-center\",\"media_overlay_gradient\":\"\",\"position_sticky_breakpoint\":\"m\"},\"children\":[{\"name\":\"\",\"type\":\"text\",\"props\":{\"animation\":\"none\",\"column_breakpoint\":\"m\",\"content\":\"\n\n<div jscontroller=\\\"Ae65rd\\\" jsaction=\\\"touchstart:UrsOsc; click:KjsqPd; focusout:QZoaZ; mouseover:y0pDld; mouseout:dq0hvd;fv1Rjc:jbFSOd;CrfLRd:SzACGe;\\\" class=\\\"CjVfdc CJIdie\\\" style=\\\"text-align: center;\\\"><span class=\\\" jW0mOd\\\"><em>\\\"Les itin\\u00e9raires pr\\u00e9sent\\u00e9s ici ne sont qu\\u2019un avant-go\\u00fbt de ce que nous pouvons organiser. La Vall\\u00e9e d\\u2019Aoste offre un large \\u00e9ventail de possibilit\\u00e9s. N\\u2019h\\u00e9sitez pas \\u00e0 nous demander de personnaliser votre voyage.\\\"<\\\/em><\\\/span><\\\/div>\",\"margin\":\"\",\"parallax_breakpoint\":\"m\",\"parallax_y\":\"50,0\",\"text_align\":\"left\"}},{\"type\":\"grid\",\"props\":{\"content_align\":false,\"content_column_breakpoint\":\"m\",\"content_margin\":\"remove\",\"filter_align\":\"left\",\"filter_all\":true,\"filter_grid_breakpoint\":\"m\",\"filter_grid_width\":\"auto\",\"filter_position\":\"top\",\"filter_style\":\"tab\",\"grid_column_gap\":\"large\",\"grid_default\":\"1\",\"grid_masonry\":false,\"grid_medium\":\"3\",\"grid_parallax\":\"0\",\"grid_row_gap\":\"large\",\"icon_width\":80,\"image_align\":\"top\",\"image_grid_breakpoint\":\"m\",\"image_grid_width\":\"1-2\",\"image_height\":\"900\",\"image_link\":true,\"image_svg_color\":\"emphasis\",\"image_width\":\"900\",\"item_animation\":true,\"link_margin\":\"small\",\"link_style\":\"primary\",\"link_text\":\"Scopri di pi\\u00f9\",\"margin\":\"default\",\"meta_align\":\"below-title\",\"meta_element\":\"div\",\"meta_style\":\"h5\",\"parallax_easing\":\"1\",\"show_content\":true,\"show_image\":true,\"show_link\":true,\"show_meta\":true,\"show_title\":true,\"title_align\":\"top\",\"title_element\":\"h2\",\"title_grid_breakpoint\":\"m\",\"title_grid_width\":\"1-2\",\"title_hover_style\":\"reset\",\"title_link\":true,\"title_margin\":\"medium\",\"title_style\":\"h3\"},\"children\":[{\"type\":\"grid_item\",\"props\":{\"content\":\"\n\n<ul>\\n\n\n<li>2 nuits \\u00e0\\u00a0 Gressoney<\\\/li>\\n\n\n<li>2 nuits \\u00e0 Courmayeur<\\\/li>\\n\n\n<li>Location BMW i3 \\u00e9lectrique<\\\/li>\\n<\\\/ul>\\n\n\n<p><strong>A partir\\u00a0 de 395,00\\u20ac par personne<\\\/strong><\\\/p>\",\"image\":\"wp-content\\\/uploads\\\/2021\\\/09\\\/3GiorniaiPiedidelMonteBianco3.jpeg\",\"image_alt\":\"\",\"link\":\"fr\\\/itineraires-green\\\/du-mont-rose-au-mont-blanc\\\/\",\"link_text\":\"En savoir plus\",\"meta\":\"\",\"title\":\"5 jours du Mont Rose au Mont Blanc\"},\"source\":{\"props\":{\"_condition\":{\"filters\":{\"condition\":\"!!\"},\"arguments\":{\"show_intro_text\":true},\"name\":\"content\"}}}},{\"type\":\"grid_item\",\"props\":{\"content\":\"\n\n<ul>\\n\n\n<li>2 nuits \\u00e0 Gressoney<\\\/li>\\n\n\n<li>2 nuits \\u00e0 Cervinia<\\\/li>\\n\n\n<li>2\\u00a0 nuits \\u00e0 Cogne<\\\/li>\\n\n\n<li>Location BMW i3 \\u00e9lectrique<\\\/li>\\n<\\\/ul>\\n\n\n<p><strong>A partir de 725,00\\u20ac par personne<\\\/strong><\\\/p>\",\"image\":\"wp-content\\\/uploads\\\/2021\\\/09\\\/AlCospettodel4000link3.jpeg\",\"image_alt\":\"\",\"link\":\"fr\\\/itineraires-green\\\/face-au-4000\\\/\",\"link_text\":\"En savoir plus\",\"meta\":\"\",\"title\":\"7 jours face aux 4000\"},\"source\":{\"props\":{\"_condition\":{\"filters\":{\"condition\":\"!!\"},\"arguments\":{\"show_intro_text\":true},\"name\":\"content\"}}}},{\"type\":\"grid_item\",\"props\":{\"content\":\"\n\n<ul>\\n\n\n<li>2 nuits \\u00e0 Ayas<\\\/li>\\n\n\n<li>1 nuit \\u00e0 Aosta<\\\/li>\\n\n\n<li>3 nuits \\u00e0 Courmayeur<\\\/li>\\n\n\n<li>Location BMW i3 \\u00e9lectrique<\\\/li>\\n<\\\/ul>\\n\n\n<p><strong>A partir de 455,00\\u20ac par personne<\\\/strong><\\\/p>\\n\n\n<p><\\\/p>\",\"image\":\"wp-content\\\/uploads\\\/2021\\\/09\\\/LaValledAostainSetteGiornilink1.jpeg\",\"image_alt\":\"\",\"link\":\"fr\\\/itineraires-green\\\/la-valle-daosta-in-sette-giorni\\\/\",\"link_text\":\"En savoir plus\",\"meta\":\"\",\"title\":\"La Vall\\u00e9e d'Aoste en 7 jours\"},\"source\":{\"props\":{\"_condition\":{\"filters\":{\"condition\":\"!!\"},\"arguments\":{\"show_intro_text\":true},\"name\":\"content\"}}}},{\"type\":\"grid_item\",\"props\":{\"content\":\"\n\n<ul>\\n\n\n<li>2 nuits \\u00e0 Ayas<\\\/li>\\n\n\n<li>2 nuits \\u00e0 Cogne<\\\/li>\\n\n\n<li>Location BMW i3 \\u00e9lectrique<\\\/li>\\n<\\\/ul>\\n\n\n<p><strong>A partir de 360,00\\u20ac par personne<\\\/strong><\\\/p>\\n\n\n<p><\\\/p>\",\"image\":\"wp-content\\\/uploads\\\/2021\\\/09\\\/InValdAyaseinValdiCognelink1.jpeg\",\"image_alt\":\"\",\"link\":\"fr\\\/itineraires-green\\\/in-val-dayas-e-in-val-di-cogne\\\/\",\"link_text\":\"En savoir plus\",\"meta\":\"\",\"title\":\"5 jours en Val d'Ayas et dans la Vall\\u00e9e de Cogne\"},\"source\":{\"props\":{\"_condition\":{\"filters\":{\"condition\":\"!!\"},\"arguments\":{\"show_intro_text\":true},\"name\":\"content\"}}}},{\"type\":\"grid_item\",\"props\":{\"content\":\"\n\n<ul>\\n\n\n<li>2 nuits \\u00e0 Saint Vincent<\\\/li>\\n\n\n<li>Location BMW i3 \\u00e9lectrique<\\\/li>\\n<\\\/ul>\\n\n\n<p><strong>A partir de 145,00\\u20ac par personne<\\\/strong><\\\/p>\",\"image\":\"wp-content\\\/uploads\\\/2022\\\/01\\\/1280px-Casinodi_saint-vincent.jpg\",\"image_alt\":\"\",\"link\":\"fr\\\/itineraires-green\\\/3-giorni-a-saint-vincent\\\/\",\"link_text\":\"En savoir plus\",\"meta\":\"\",\"title\":\"3 jours \\u00e0 Saint-Vincent\"},\"source\":{\"props\":{\"_condition\":{\"filters\":{\"condition\":\"!!\"},\"arguments\":{\"show_intro_text\":true},\"name\":\"content\"}}}},{\"type\":\"grid_item\",\"props\":{\"content\":\"\n\n<ul>\\n\n\n<li>2 nuits \\u00e0 Cogne<\\\/li>\\n\n\n<li>Location BMW i3 \\u00e9lectrique<\\\/li>\\n<\\\/ul>\\n\n\n<p><strong>A partir de 205,00\\u20ac par personne<\\\/strong><\\\/p>\",\"image\":\"wp-content\\\/uploads\\\/2021\\\/09\\\/3GiorniinParadiso3.jpeg\",\"image_alt\":\"\",\"link\":\"fr\\\/itineraires-green\\\/3-giorni-in-paradiso\\\/\",\"link_text\":\"En savoir plus\",\"meta\":\"\",\"title\":\"3 jours au Paradis\"},\"source\":{\"props\":{\"_condition\":{\"filters\":{\"condition\":\"!!\"},\"arguments\":{\"show_intro_text\":true},\"name\":\"content\"}}}},{\"type\":\"grid_item\",\"props\":{\"content\":\"\n\n<ul>\\n\n\n<li>2 nuits \\u00e0 Courmayeur<\\\/li>\\n\n\n<li>Location BMW i3 \\u00e9lectrique<\\\/li>\\n<\\\/ul>\\n\n\n<p><strong>A partir da 155,00\\u20ac par personne<\\\/strong><\\\/p>\",\"image\":\"wp-content\\\/uploads\\\/2021\\\/08\\\/courmayeur-1.jpg\",\"image_alt\":\"\",\"link\":\"fr\\\/itineraires-green\\\/3-giorni-ai-piedi-del-monte-bianco\\\/\",\"link_text\":\"En savoir plus\",\"meta\":\"\",\"title\":\"3 jours au pied du Mont Blanc\"},\"source\":{\"props\":{\"_condition\":{\"filters\":{\"condition\":\"!!\"},\"arguments\":{\"show_intro_text\":true},\"name\":\"content\"}}}}]}]}],\"props\":{\"width\":\"default\"}}],\"name\":\"Posts\"},{\"type\":\"section\",\"props\":{\"image_position\":\"center-center\",\"style\":\"muted\",\"title_breakpoint\":\"xl\",\"title_position\":\"top-left\",\"title_rotation\":\"left\",\"vertical_align\":\"middle\",\"width\":\"default\"},\"children\":[{\"type\":\"row\",\"props\":{\"layout\":\"1-2,1-2\"},\"children\":[{\"type\":\"column\",\"props\":{\"image_position\":\"center-center\",\"media_overlay_gradient\":\"\",\"position_sticky_breakpoint\":\"m\",\"width_medium\":\"1-2\"},\"children\":[{\"type\":\"image\",\"props\":{\"image\":\"wp-content\\\/uploads\\\/2021\\\/09\\\/3GiorniaiPiedidelMonteBianco3.jpeg\",\"image_svg_color\":\"emphasis\",\"margin\":\"default\"}}]},{\"type\":\"column\",\"props\":{\"image_position\":\"center-center\",\"media_overlay_gradient\":\"\",\"position_sticky_breakpoint\":\"m\",\"width_medium\":\"1-2\"},\"children\":[{\"type\":\"headline\",\"props\":{\"content\":\"Voiture \\u00e9lectrique BMW i3\",\"title_element\":\"h1\"}},{\"type\":\"text\",\"props\":{\"column_breakpoint\":\"m\",\"content\":\"\n\n<p>Nos BMW i3 sont disponibles <strong>\\u00e0 l\\u2019a\\u00e9roport de Turin Caselle et aux gares de Turin et d\\u2019Aoste<\\\/strong>.<\\\/p>\\n\n\n<p>Il s\\u2019agit de la meilleure solution pour rejoindre les h\\u00f4tels et pour profiter pleinement des visites dans la magnifique r\\u00e9gion qu\\u2019est la Vall\\u00e9e d\\u2019Aoste, sans polluer et avec l\\u2019\\u00e9motion de d\\u2019une conduite \\u00e9lectrique agile.<\\\/p>\\n\n\n<p><strong>Tarif de 48,00 \\u20ac pour la location de BMW i3 par jour<\\\/strong>, y compris les recharges \\u00e9lectriques et l\\u2019assurance tous riques avec une franchise de \\u20ac 300.<\\\/p>\",\"margin\":\"default\"}}]}]}]}],\"version\":\"3.0.17\"} --><\/p>\n","protected":false},"excerpt":{"rendered":"<p>Itin\u00e9raires \u00ab\u00a0Les itin\u00e9raires pr\u00e9sent\u00e9s ici ne sont qu\u2019un avant-go\u00fbt de ce que nous pouvons organiser. La Vall\u00e9e d\u2019Aoste offre un large \u00e9ventail de possibilit\u00e9s. N\u2019h\u00e9sitez pas \u00e0 nous demander de personnaliser votre voyage.\u00a0\u00bb 5 jours du Mont Rose au Mont Blanc 2 nuits \u00e0\u00a0 Gressoney 2 nuits \u00e0 Courmayeur Location BMW i3 \u00e9lectrique A partir\u00a0 [&hellip;]<\/p>\n","protected":false},"author":1,"featured_media":0,"parent":0,"menu_order":0,"comment_status":"closed","ping_status":"closed","template":"","meta":{"saved_in_kubio":false,"_seopress_robots_primary_cat":"","_seopress_titles_title":"Itinerari Green | Experience Vall\u00e9e d&#039;Aoste","_seopress_titles_desc":"Entra in questa sezione per scoprire alcuni suggerimenti di itinerari che possiamo organizzare. La Valle d&#039;Aosta offre una grande variet\u00e0 di combinazioni!","_seopress_robots_index":"","footnotes":""},"class_list":["post-2604","page","type-page","status-publish","hentry"],"kubio_ai_page_context":{"short_desc":"","purpose":"general"},"_links":{"self":[{"href":"https:\/\/www.greenvda.com\/fr\/wp-json\/wp\/v2\/pages\/2604","targetHints":{"allow":["GET"]}}],"collection":[{"href":"https:\/\/www.greenvda.com\/fr\/wp-json\/wp\/v2\/pages"}],"about":[{"href":"https:\/\/www.greenvda.com\/fr\/wp-json\/wp\/v2\/types\/page"}],"author":[{"embeddable":true,"href":"https:\/\/www.greenvda.com\/fr\/wp-json\/wp\/v2\/users\/1"}],"replies":[{"embeddable":true,"href":"https:\/\/www.greenvda.com\/fr\/wp-json\/wp\/v2\/comments?post=2604"}],"version-history":[{"count":11,"href":"https:\/\/www.greenvda.com\/fr\/wp-json\/wp\/v2\/pages\/2604\/revisions"}],"predecessor-version":[{"id":4116,"href":"https:\/\/www.greenvda.com\/fr\/wp-json\/wp\/v2\/pages\/2604\/revisions\/4116"}],"wp:attachment":[{"href":"https:\/\/www.greenvda.com\/fr\/wp-json\/wp\/v2\/media?parent=2604"}],"curies":[{"name":"wp","href":"https:\/\/api.w.org\/{rel}","templated":true}]}}