{"id":2601,"date":"2021-08-31T15:00:57","date_gmt":"2021-08-31T13:00:57","guid":{"rendered":"https:\/\/www.greenvda.com\/trekking-con-lasino\/"},"modified":"2021-12-09T14:07:36","modified_gmt":"2021-12-09T13:07:36","slug":"en-rando-avec-un-ane","status":"publish","type":"page","link":"https:\/\/www.greenvda.com\/fr\/green-experiences\/en-rando-avec-un-ane\/","title":{"rendered":"En rando avec un \u00e2ne"},"content":{"rendered":"<p><img decoding=\"async\" src=\"\/wp-content\/uploads\/2021\/08\/TrekkingconlAsino1.jpeg\" alt=\"\"><\/p>\n<div>\n<h1>En rando avec un \u00e2ne<\/h1>\n<div>\n<p dir=\"ltr\" class=\"CDt4Ke zfr3Q\"><span>Animal docile, l\u2019\u00e2ne a toujours fait partie de la vie quotidienne des Alpes. Utilis\u00e9 pour le travail agricole et forestier, ainsi que pour le transport de mat\u00e9riel ou de personnes, avec l&rsquo;arriv\u00e9e de l\u2019industrialisation il a \u00e9t\u00e9 remplac\u00e9 par la technologie. Au fil du temps, toutefois, il a \u00e9t\u00e9 r\u00e9\u00e9valu\u00e9 et il a trouv\u00e9 sa place dans de nouvelles activit\u00e9s, comme l\u2019asinoth\u00e9rapie, les promenades et les randonn\u00e9e dans les domaines du tourisme et de l\u2019animation. La red\u00e9couverte de l\u2019\u00e2ne nous a compl\u00e8tement conquis et nos randonn\u00e9e, organis\u00e9es avec l\u2019\u00e9cole de montagne \u00ab Sarvadza \u00bb, sont devenues une exp\u00e9rience unique, au cours de laquelle nous souhaitons vous faire d\u00e9couvrir et conna\u00eetre le monde de la montagne d\u2019autrefois. Nos guides et nos accompagnateurs, form\u00e9s \u00e0 l\u2019\u00c9cole Italienne de Formation des \u00c9quid\u00e9s, seront l\u00e0 pour vous accompagner et pour conduire les \u00e2nes au cours d\u2019une immersion \u00e0 360 degr\u00e9s dans la nature.<\/span><\/p>\n<h3 dir=\"ltr\">\u00c9quipement<\/h3>\n<p><span>Chaussures confortables pour la marche et des v\u00eatements confortables<\/span><\/p>\n<h3>Dur\u00e9e<\/h3>\n<p>Journ\u00e9e compl\u00e8te<\/p>\n<h3>Co\u00fbt<\/h3>\n<ul class=\"n8H08c UVNKR\">\n<li dir=\"ltr\" class=\"TYR86d wXCUfe zfr3Q\">\n<p dir=\"ltr\" class=\"CDt4Ke zfr3Q\"><span>Journ\u00e9e compl\u00e8te \u20ac 135 par personne minimum 4 personnes.<\/span><\/p>\n<\/li>\n<li dir=\"ltr\" class=\"TYR86d wXCUfe zfr3Q\">\n<p dir=\"ltr\" class=\"CDt4Ke zfr3Q\"><span>Journ\u00e9e compl\u00e8te \u20ac 90 par personne minimum 6 personnes.<\/span><\/p>\n<\/li>\n<li dir=\"ltr\" class=\"TYR86d wXCUfe zfr3Q\">\n<p dir=\"ltr\" class=\"CDt4Ke zfr3Q\"><span>Journ\u00e9e compl\u00e8te \u20ac 70 par personne minimum 8 personnes.<br \/>\n<\/span><\/p>\n<\/li>\n<\/ul>\n<\/div>\n<\/div>\n<ul>\n<li>\n<p>        <img decoding=\"async\" src=\"\/wp-content\/uploads\/2021\/08\/TrekkingconlAsino1.jpeg\" alt=\"\"><\/p>\n<\/li>\n<li>\n<p>        <img decoding=\"async\" src=\"\/wp-content\/uploads\/2021\/08\/TrekkingconlAsino2.jpeg\" alt=\"\"><\/p>\n<\/li>\n<li>\n<p>        <img decoding=\"async\" src=\"\/wp-content\/uploads\/2021\/08\/TrekkingconlAsino3.jpeg\" alt=\"\"><\/p>\n<\/li>\n<li>\n<p>        <img decoding=\"async\" src=\"\/wp-content\/uploads\/2021\/08\/TrekkingconlAsino4.jpeg\" alt=\"\"><\/p>\n<\/li>\n<li>\n<p>        <img decoding=\"async\" src=\"\/wp-content\/uploads\/2021\/08\/TrekkingconlAsino5.jpeg\" alt=\"\"><\/p>\n<\/li>\n<li>\n<p>        <img decoding=\"async\" src=\"\/wp-content\/uploads\/2021\/08\/TrekkingconlAsino6.jpeg\" alt=\"\"><\/p>\n<\/li>\n<li>\n<p>        <img decoding=\"async\" src=\"\/wp-content\/uploads\/2021\/08\/TrekkingconlAsino7.jpeg\" alt=\"\"><\/p>\n<\/li>\n<li>\n<p>        <img decoding=\"async\" src=\"\/wp-content\/uploads\/2021\/08\/TrekkingconlAsino8.jpeg\" alt=\"\"><\/p>\n<\/li>\n<li>\n<p>        <img decoding=\"async\" src=\"\/wp-content\/uploads\/2021\/08\/TrekkingconlAsino9.jpeg\" alt=\"\"><\/p>\n<\/li>\n<li>\n<p>        <img decoding=\"async\" src=\"\/wp-content\/uploads\/2021\/08\/TrekkingconlAsino10.jpeg\" alt=\"\"><\/p>\n<\/li>\n<li>\n<p>        <img decoding=\"async\" src=\"\/wp-content\/uploads\/2021\/08\/TrekkingconlAsino11.jpeg\" alt=\"\"><\/p>\n<\/li>\n<li>\n<p>        <img decoding=\"async\" src=\"\/wp-content\/uploads\/2021\/08\/TrekkingconlAsino12.jpeg\" alt=\"\"><\/p>\n<\/li>\n<\/ul>\n<p><!--more--><br \/>\n<!-- {\"name\":\"Trans Alps Adventure\",\"type\":\"layout\",\"children\":[{\"name\":\"Hero\",\"type\":\"section\",\"props\":{\"style\":\"primary\",\"width\":\"large\",\"vertical_align\":\"\",\"title_position\":\"top-left\",\"title_rotation\":\"left\",\"title_breakpoint\":\"xl\",\"image_position\":\"top-center\",\"height\":\"percent\",\"padding\":\"large\",\"image\":\"wp-content\\\/uploads\\\/2021\\\/08\\\/TrekkingconlAsino0.jpeg\",\"text_color\":\"light\",\"image_size\":\"cover\",\"image_effect\":\"parallax\",\"image_width\":\"2560\",\"overlap\":false,\"image_parallax_breakpoint\":\"m\",\"image_parallax_bgy_start\":\"-200\"},\"children\":[{\"name\":\"\",\"type\":\"row\",\"children\":[{\"name\":\"\",\"type\":\"column\",\"props\":{\"image_position\":\"center-center\",\"media_overlay_gradient\":\"\",\"width_medium\":\"1-1\"},\"children\":[]}]}]},{\"name\":\"About\",\"type\":\"section\",\"props\":{\"style\":\"default\",\"width\":\"xlarge\",\"vertical_align\":\"middle\",\"title_position\":\"center-right\",\"title_rotation\":\"left\",\"title_breakpoint\":\"xl\",\"image_position\":\"center-center\",\"padding\":\"none\",\"overlap\":false,\"title\":\"\",\"padding_remove_bottom\":false,\"padding_remove_top\":false},\"children\":[{\"name\":\"\",\"type\":\"row\",\"props\":{\"layout\":\"1-2,1-2\",\"match\":true,\"column_gap\":\"collapse\",\"row_gap\":\"collapse\"},\"children\":[{\"name\":\"\",\"type\":\"column\",\"props\":{\"image_position\":\"center-center\",\"vertical_align\":\"middle\",\"media_overlay_gradient\":\"\",\"width_medium\":\"1-2\"},\"children\":[{\"name\":\"\",\"type\":\"image\",\"props\":{\"margin\":\"default\",\"text_align\":\"right\",\"maxwidth\":\"xlarge\",\"animation\":\"parallax\",\"image\":\"wp-content\\\/uploads\\\/2021\\\/08\\\/TrekkingconlAsino1.jpeg\",\"image_width\":\"600\",\"parallax_breakpoint\":\"m\",\"parallax_y_end\":\"-240\",\"parallax_y_start\":\"-100\",\"image_box_decoration\":\"default\",\"block_align\":\"right\",\"image_svg_color\":\"emphasis\",\"image_height\":\"700\"}}]},{\"name\":\"\",\"type\":\"column\",\"props\":{\"image_position\":\"center-center\",\"media_overlay_gradient\":\"\",\"width_medium\":\"1-2\"},\"children\":[{\"name\":\"\",\"type\":\"panel\",\"props\":{\"link_text\":\"Tariffe e galleria fotografica\",\"title_element\":\"h1\",\"meta_style\":\"meta\",\"meta_align\":\"below-title\",\"image_align\":\"top\",\"image_grid_width\":\"1-2\",\"link_style\":\"primary\",\"margin\":\"\",\"panel_style\":\"card-default\",\"panel_size\":\"large\",\"title_style\":\"h1\",\"text_align\":\"left\",\"maxwidth\":\"xlarge\",\"maxwidth_breakpoint\":\"l\",\"animation\":\"parallax\",\"title\":\"En rando avec un \\u00e2ne\",\"content\":\"\n\n<p dir=\\\"ltr\\\" class=\\\"CDt4Ke zfr3Q\\\"><span>Animal docile, l\\u2019\\u00e2ne a toujours fait partie de la vie quotidienne des Alpes. Utilis\\u00e9 pour le travail agricole et forestier, ainsi que pour le transport de mat\\u00e9riel ou de personnes, avec l'arriv\\u00e9e de l\\u2019industrialisation il a \\u00e9t\\u00e9 remplac\\u00e9 par la technologie. Au fil du temps, toutefois, il a \\u00e9t\\u00e9 r\\u00e9\\u00e9valu\\u00e9 et il a trouv\\u00e9 sa place dans de nouvelles activit\\u00e9s, comme l\\u2019asinoth\\u00e9rapie, les promenades et les randonn\\u00e9e dans les domaines du tourisme et de l\\u2019animation. La red\\u00e9couverte de l\\u2019\\u00e2ne nous a compl\\u00e8tement conquis et nos randonn\\u00e9e, organis\\u00e9es avec l\\u2019\\u00e9cole de montagne \\u00ab Sarvadza \\u00bb, sont devenues une exp\\u00e9rience unique, au cours de laquelle nous souhaitons vous faire d\\u00e9couvrir et conna\\u00eetre le monde de la montagne d\\u2019autrefois. Nos guides et nos accompagnateurs, form\\u00e9s \\u00e0 l\\u2019\\u00c9cole Italienne de Formation des \\u00c9quid\\u00e9s, seront l\\u00e0 pour vous accompagner et pour conduire les \\u00e2nes au cours d\\u2019une immersion \\u00e0 360 degr\\u00e9s dans la nature.<\\\/span><\\\/p>\\n\n\n<h3 dir=\\\"ltr\\\">\\u00c9quipement<\\\/h3>\\n\n\n<p><span>Chaussures confortables pour la marche et des v\\u00eatements confortables<\\\/span><\\\/p>\\n\n\n<h3>Dur\\u00e9e<\\\/h3>\\n\n\n<p>Journ\\u00e9e compl\\u00e8te<\\\/p>\\n\n\n<h3>Co\\u00fbt<\\\/h3>\\n\n\n<ul class=\\\"n8H08c UVNKR\\\">\\n\n\n<li dir=\\\"ltr\\\" class=\\\"TYR86d wXCUfe zfr3Q\\\">\\n\n\n<p dir=\\\"ltr\\\" class=\\\"CDt4Ke zfr3Q\\\"><span>Journ\\u00e9e compl\\u00e8te \\u20ac 135 par personne minimum 4 personnes.<\\\/span><\\\/p>\\n<\\\/li>\\n\n\n<li dir=\\\"ltr\\\" class=\\\"TYR86d wXCUfe zfr3Q\\\">\\n\n\n<p dir=\\\"ltr\\\" class=\\\"CDt4Ke zfr3Q\\\"><span>Journ\\u00e9e compl\\u00e8te \\u20ac 90 par personne minimum 6 personnes.<\\\/span><\\\/p>\\n<\\\/li>\\n\n\n<li dir=\\\"ltr\\\" class=\\\"TYR86d wXCUfe zfr3Q\\\">\\n\n\n<p dir=\\\"ltr\\\" class=\\\"CDt4Ke zfr3Q\\\"><span>Journ\\u00e9e compl\\u00e8te \\u20ac 70 par personne minimum 8 personnes.\\n<\\\/span><\\\/p>\\n<\\\/li>\\n<\\\/ul>\",\"parallax_breakpoint\":\"m\",\"parallax_y_start\":\"-200\",\"title_hover_style\":\"reset\",\"title_align\":\"top\",\"title_grid_width\":\"1-2\",\"image_svg_color\":\"emphasis\",\"position\":\"relative\",\"position_left\":\"-50\",\"css\":\"@media (max-width: 959px) {\\n    .el-element { position: static !important; }\\n}\",\"title_grid_breakpoint\":\"m\",\"image_grid_breakpoint\":\"m\",\"icon_width\":80,\"meta_element\":\"div\",\"content_column_breakpoint\":\"m\",\"link\":\"\",\"link_target\":true,\"meta\":\"\"}}]}]}]},{\"type\":\"section\",\"props\":{\"style\":\"default\",\"width\":\"default\",\"vertical_align\":\"middle\",\"title_position\":\"top-left\",\"title_rotation\":\"left\",\"title_breakpoint\":\"xl\",\"image_position\":\"center-center\"},\"children\":[{\"type\":\"row\",\"children\":[{\"type\":\"column\",\"props\":{\"image_position\":\"center-center\",\"media_overlay_gradient\":\"\"},\"children\":[{\"type\":\"gallery\",\"props\":{\"show_title\":true,\"show_meta\":true,\"show_content\":true,\"show_link\":true,\"show_hover_image\":true,\"grid_default\":\"1\",\"grid_medium\":\"4\",\"filter_style\":\"tab\",\"filter_all\":true,\"filter_position\":\"top\",\"filter_align\":\"left\",\"filter_grid_width\":\"auto\",\"filter_grid_breakpoint\":\"m\",\"overlay_mode\":\"cover\",\"overlay_hover\":true,\"overlay_style\":\"\",\"text_color\":\"light\",\"overlay_position\":\"center\",\"overlay_transition\":\"fade\",\"title_hover_style\":\"reset\",\"title_element\":\"h3\",\"meta_style\":\"meta\",\"meta_align\":\"below-title\",\"meta_element\":\"div\",\"link_text\":\"Fai click\",\"link_style\":\"\",\"text_align\":\"center\",\"margin\":\"default\",\"item_animation\":true,\"lightbox\":true,\"title_display\":\"lightbox\",\"content_display\":\"lightbox\",\"lightbox_image_orientation\":false,\"lightbox_image_width\":\"\",\"lightbox_image_height\":\"\",\"image_width\":\"400\",\"image_height\":\"400\"},\"children\":[{\"type\":\"gallery_item\",\"props\":{\"image\":\"wp-content\\\/uploads\\\/2021\\\/08\\\/TrekkingconlAsino1.jpeg\"}},{\"type\":\"gallery_item\",\"props\":{\"image\":\"wp-content\\\/uploads\\\/2021\\\/08\\\/TrekkingconlAsino2.jpeg\"}},{\"type\":\"gallery_item\",\"props\":{\"image\":\"wp-content\\\/uploads\\\/2021\\\/08\\\/TrekkingconlAsino3.jpeg\"}},{\"type\":\"gallery_item\",\"props\":{\"image\":\"wp-content\\\/uploads\\\/2021\\\/08\\\/TrekkingconlAsino4.jpeg\"}},{\"type\":\"gallery_item\",\"props\":{\"image\":\"wp-content\\\/uploads\\\/2021\\\/08\\\/TrekkingconlAsino5.jpeg\"}},{\"type\":\"gallery_item\",\"props\":{\"image\":\"wp-content\\\/uploads\\\/2021\\\/08\\\/TrekkingconlAsino6.jpeg\"}},{\"type\":\"gallery_item\",\"props\":{\"image\":\"wp-content\\\/uploads\\\/2021\\\/08\\\/TrekkingconlAsino7.jpeg\"}},{\"type\":\"gallery_item\",\"props\":{\"image\":\"wp-content\\\/uploads\\\/2021\\\/08\\\/TrekkingconlAsino8.jpeg\"}},{\"type\":\"gallery_item\",\"props\":{\"image\":\"wp-content\\\/uploads\\\/2021\\\/08\\\/TrekkingconlAsino9.jpeg\"}},{\"type\":\"gallery_item\",\"props\":{\"image\":\"wp-content\\\/uploads\\\/2021\\\/08\\\/TrekkingconlAsino10.jpeg\"}},{\"type\":\"gallery_item\",\"props\":{\"image\":\"wp-content\\\/uploads\\\/2021\\\/08\\\/TrekkingconlAsino11.jpeg\"}},{\"type\":\"gallery_item\",\"props\":{\"image\":\"wp-content\\\/uploads\\\/2021\\\/08\\\/TrekkingconlAsino12.jpeg\"}}]}]}]}]}],\"version\":\"2.5.9\"} --><\/p>\n","protected":false},"excerpt":{"rendered":"<p>En rando avec un \u00e2ne Animal docile, l\u2019\u00e2ne a toujours fait partie de la vie quotidienne des Alpes. Utilis\u00e9 pour le travail agricole et forestier, ainsi que pour le transport de mat\u00e9riel ou de personnes, avec l&rsquo;arriv\u00e9e de l\u2019industrialisation il a \u00e9t\u00e9 remplac\u00e9 par la technologie. Au fil du temps, toutefois, il a \u00e9t\u00e9 r\u00e9\u00e9valu\u00e9 [&hellip;]<\/p>\n","protected":false},"author":1,"featured_media":0,"parent":2653,"menu_order":0,"comment_status":"closed","ping_status":"closed","template":"","meta":{"saved_in_kubio":false,"_seopress_robots_primary_cat":"","_seopress_titles_title":"Trekking con l&#039;Asino | Green Experience Vall\u00e9e d&#039;Aoste","_seopress_titles_desc":"Nel tempo il valore dell&#039;asino \u00e8 stato rivalutato e ha trovato nuovi impieghi come l\u2019asinoterapia, le passeggiate e i trekking nel turismo e nell\u2019animazione.","_seopress_robots_index":"","footnotes":""},"class_list":["post-2601","page","type-page","status-publish","hentry"],"kubio_ai_page_context":{"short_desc":"","purpose":"general"},"_links":{"self":[{"href":"https:\/\/www.greenvda.com\/fr\/wp-json\/wp\/v2\/pages\/2601","targetHints":{"allow":["GET"]}}],"collection":[{"href":"https:\/\/www.greenvda.com\/fr\/wp-json\/wp\/v2\/pages"}],"about":[{"href":"https:\/\/www.greenvda.com\/fr\/wp-json\/wp\/v2\/types\/page"}],"author":[{"embeddable":true,"href":"https:\/\/www.greenvda.com\/fr\/wp-json\/wp\/v2\/users\/1"}],"replies":[{"embeddable":true,"href":"https:\/\/www.greenvda.com\/fr\/wp-json\/wp\/v2\/comments?post=2601"}],"version-history":[{"count":2,"href":"https:\/\/www.greenvda.com\/fr\/wp-json\/wp\/v2\/pages\/2601\/revisions"}],"predecessor-version":[{"id":2603,"href":"https:\/\/www.greenvda.com\/fr\/wp-json\/wp\/v2\/pages\/2601\/revisions\/2603"}],"up":[{"embeddable":true,"href":"https:\/\/www.greenvda.com\/fr\/wp-json\/wp\/v2\/pages\/2653"}],"wp:attachment":[{"href":"https:\/\/www.greenvda.com\/fr\/wp-json\/wp\/v2\/media?parent=2601"}],"curies":[{"name":"wp","href":"https:\/\/api.w.org\/{rel}","templated":true}]}}