{"id":2595,"date":"2021-09-01T14:30:26","date_gmt":"2021-09-01T12:30:26","guid":{"rendered":"https:\/\/www.greenvda.com\/osservatorio-astronomico-di-saint-barthelemy\/"},"modified":"2022-04-10T19:28:20","modified_gmt":"2022-04-10T17:28:20","slug":"observatoire-astronomique","status":"publish","type":"page","link":"https:\/\/www.greenvda.com\/fr\/green-experiences\/observatoire-astronomique\/","title":{"rendered":"Observatoire astronomique"},"content":{"rendered":"<p><img decoding=\"async\" src=\"\/wp-content\/uploads\/2021\/09\/OsservatorioAstronomicodiSaintBarthelemy1.jpeg\" alt=\"\"><\/p>\n<div>\n<h1>Osservatoire astronomique<\/h1>\n<div>\n<p dir=\"ltr\" class=\"CDt4Ke zfr3Q\"><span>Pour les passionn\u00e9s de la vo\u00fbte c\u00e9leste, la visite \u00e0 l\u2019observatoire astronomique de Saint-Barth\u00e9lemy est une occasion \u00e0 ne pas rater.<\/span><\/p>\n<p dir=\"ltr\" class=\"CDt4Ke zfr3Q\"><span>N\u00e9 en 2003, l&rsquo;observatoire est situ\u00e9 \u00e0 1675 m d\u2019altitude, dans une zone o\u00f9 il y a peu de pollution lumineuse et de turbulences atmosph\u00e9riques et o\u00f9 l\u2019on profite d\u2019au moins 250 nuits claires chaque ann\u00e9e.<\/span><\/p>\n<p dir=\"ltr\" class=\"CDt4Ke zfr3Q\"><span>La structure est bien \u00e9quip\u00e9e et s\u2019occupe de recherche scientifique \u00e0 l\u2019\u00e9chelon national et international, de faire d\u00e9couvrir l\u2019astronomie, ainsi que d\u2019organiser des interventions et des propositions didactiques pour les \u00e9coles. En plus de ses diff\u00e9rents points d\u2019observation et de son excellent \u00e9quipement, l&rsquo;observatoire dispose d\u2019une station m\u00e9t\u00e9orologique, d\u2019un laboratoire d\u2019h\u00e9liophysique, d\u2019une salle d\u2019informatique et d\u2019un parcours d\u2019expositions am\u00e9nag\u00e9 \u00e0 l\u2019int\u00e9rieur, ouvert au public.<\/span><\/p>\n<p dir=\"ltr\" class=\"CDt4Ke zfr3Q\"><span>Non loin de l\u2019observatoire, il y a un plan\u00e9tarium.<\/span><\/p>\n<h3 dir=\"ltr\" class=\"CDt4Ke zfr3Q\">Meeting Point<\/h3>\n<p dir=\"ltr\" class=\"CDt4Ke zfr3Q\"><span>Lignan, hameau de montagne \u00e0 plus de 1600 m\u00e8tres d\u2019altitude dans le vallon de Saint-Barth\u00e9lemy, \u00e0 environ 16 km de route du bourg de la Commune de Nus.<\/span><\/p>\n<h3 dir=\"ltr\" class=\"CDt4Ke zfr3Q\"><b>Tarif pour les visites guid\u00e9es de groupe<\/b><\/h3>\n<ul class=\"n8H08c UVNKR\">\n<li dir=\"ltr\" class=\"TYR86d wXCUfe zfr3Q\">\n<p dir=\"ltr\" class=\"CDt4Ke zfr3Q\"><b><\/b>Plein tarif (18-99 ans) \u20ac 13,00<\/p>\n<\/li>\n<li dir=\"ltr\" class=\"TYR86d wXCUfe zfr3Q\">\n<p dir=\"ltr\" class=\"CDt4Ke zfr3Q\"><span>Junior (7-17 ans) \u20ac 8,00<\/span><\/p>\n<\/li>\n<li dir=\"ltr\" class=\"TYR86d wXCUfe zfr3Q\">\n<p dir=\"ltr\" class=\"CDt4Ke zfr3Q\"><span>Enfants (0-6) ans gratuits<\/span><\/p>\n<\/li>\n<\/ul>\n<h3 dir=\"ltr\" class=\"CDt4Ke zfr3Q\"><b>Tarif pour les visites exclusives<\/b><\/h3>\n<p>\u00e0 partir de 45\u20ac par personne<\/p>\n<\/div>\n<\/div>\n<div>\n<h3 dir=\"ltr\" class=\"CDt4Ke zfr3Q\"><span><em><strong>EN EXCLUSIVIT\u00c9<\/strong><\/em><\/span><\/h3>\n<h2 dir=\"ltr\" class=\"CDt4Ke zfr3Q\"><span><strong>Une soir\u00e9e avec l\u2019astronome<\/strong><\/span><\/h2>\n<p dir=\"ltr\" class=\"CDt4Ke zfr3Q\"><span><strong>Pr\u00e9paration de l\u2019Observatoire astronomique et Visite en soir\u00e9e<\/strong>, avec <strong>conversation sous les \u00e9toiles<\/strong>.<br \/>\nLa visite guid\u00e9e nocturne pr\u00e9voit l\u2019observation du ciel \u00e0 l\u2019\u0153il nu, accompagn\u00e9s d\u2019un chercheur, avec un pointeur laser sp\u00e9cial pour la description des constellations principales. Pour des raisons sanitaires li\u00e9es \u00e0 la pand\u00e9mie, l\u2019observation individuelle \u00e0 l\u2019oculaire des t\u00e9lescopes est momentan\u00e9ment suspendue et remplac\u00e9e par la projection sur un \u00e9cran d\u2019images des corps c\u00e9lestes prises en direct. Il y a toute une phase pr\u00e9liminaire \u00e0 laquelle le public ne prend normalement pas part : la pr\u00e9paration de l\u2019Observatoire pour accueillir tous les passionn\u00e9s du ciel. De l\u2019ouverture de la coupole de la terrasse didactique o\u00f9 se trouvent les t\u00e9lescopes \u00e0 la pr\u00e9paration de ces derniers. Nous d\u00e9couvrirons comment on \u00ab vise \u00bb une \u00e9toile, comment les agents atmosph\u00e9riques ont une influence sur les observations, etc.<br \/>\n<\/span><\/p>\n<p dir=\"ltr\" class=\"CDt4Ke zfr3Q\"><span><em>Prix \u20ac 70 par personne minimum 4 personnes.<br \/>\n<\/em><\/span><\/p>\n<p dir=\"ltr\" class=\"CDt4Ke zfr3Q\"><span><em>Jour de la semaine : samedi de septembre \u00e0 janvier<\/em><\/span><\/p>\n<p dir=\"ltr\" class=\"CDt4Ke zfr3Q\"><span><em>Heure de d\u00e9but de l\u2019exp\u00e9rience : 18h00<\/em><\/span><\/p>\n<p dir=\"ltr\" class=\"CDt4Ke zfr3Q\"><span><em>Dur\u00e9e des activit\u00e9s environ 3,5 heures<\/em><\/span><\/p>\n<p dir=\"ltr\">\n<h3 dir=\"ltr\" class=\"CDt4Ke zfr3Q\"><span><em><strong>EN EXCLUSIVIT\u00c9<\/strong><\/em><\/span><\/h3>\n<h2 dir=\"ltr\" class=\"CDt4Ke zfr3Q\"><span><strong>Un apr\u00e8s-midi avec l\u2019astronome<\/strong><\/span><\/h2>\n<p dir=\"ltr\" class=\"CDt4Ke zfr3Q\"><span><strong>\u00c0 la d\u00e9couverte de l\u2019Observatoire astronomique (dur\u00e9e 1 heure)<\/strong>. Illustration des activit\u00e9s de recherche avec la description des instruments scientifiques, l\u2019observation du soleil avec projection sur un \u00e9cran des prises de vues en direct \u00e0 partir du t\u00e9lescope solaire et de sondes des agences spatiales ESA et NASA.<\/span><\/p>\n<p dir=\"ltr\" class=\"CDt4Ke zfr3Q\"><span><strong>Spectacle au Plan\u00e9tarium (dur\u00e9e 1 heure)<\/strong>. Les spectacles immersifs au Plan\u00e9tarium de Lignan permettent de voyager virtuellement dans l\u2019espace et dans le temps pour d\u00e9couvrir les caract\u00e9ristiques des corps c\u00e9lestes qui peuplent l\u2019univers. Les images surprenantes, reconstruites dans les moindres d\u00e9tails gr\u00e2ce au syst\u00e8me de projection num\u00e9rique 4K de derni\u00e8re g\u00e9n\u00e9ration, sont bas\u00e9es sur les donn\u00e9es scientifiques les plus r\u00e9centes. Puisqu\u2019ils se d\u00e9roulent \u00e0 l\u2019int\u00e9rieur, les spectacles ne d\u00e9pendent pas des conditions m\u00e9t\u00e9o.<\/span><\/p>\n<p dir=\"ltr\" class=\"CDt4Ke zfr3Q\"><span><strong>Une conversation itin\u00e9rante avec un astronome (dur\u00e9e 1 heure)<\/strong>. Dans les tout nouveaux laboratoires am\u00e9nag\u00e9s dans les espaces \u00e0 c\u00f4t\u00e9 du Plan\u00e9tarium, il est possible de conna\u00eetre le fonctionnement de l\u2019impression 3D, notre ami robot Pepper et d\u2019apprendre tout, mais vraiment tout, sur la robotique \u00e9ducative ou encore de d\u00e9couvrir les tardigrades ou de rechercher des diatom\u00e9es.<\/span><\/p>\n<p dir=\"ltr\" class=\"CDt4Ke zfr3Q\"><span><em>Minimum 4 et maximum 10 participants<\/em><\/span><\/p>\n<p dir=\"ltr\" class=\"CDt4Ke zfr3Q\"><span><em>Prix \u20ac 45 par personne<\/em><\/span><\/p>\n<p dir=\"ltr\" class=\"CDt4Ke zfr3Q\"><span><em>Jour de la semaine : samedi de septembre \u00e0 janvier<\/em><\/span><\/p>\n<p dir=\"ltr\" class=\"CDt4Ke zfr3Q\"><span><em>Heure de d\u00e9but de l\u2019exp\u00e9rience : 14h15<\/em><\/span><\/p>\n<p dir=\"ltr\" class=\"CDt4Ke zfr3Q\"><span><em>Dur\u00e9e des activit\u00e9s 3 heures<\/em><\/span><\/p>\n<\/div>\n<ul>\n<li>\n<p>        <img decoding=\"async\" src=\"\/wp-content\/uploads\/2021\/09\/OsservatorioAstronomicodiSaintBarthelemy1.jpeg\" alt=\"\"><\/p>\n<\/li>\n<li>\n<p>        <img decoding=\"async\" src=\"\/wp-content\/uploads\/2021\/09\/OsservatorioAstronomicodiSaintBarthelemy2.jpeg\" alt=\"\"><\/p>\n<\/li>\n<li>\n<p>        <img decoding=\"async\" src=\"\/wp-content\/uploads\/2021\/09\/OsservatorioAstronomicodiSaintBarthelemy3.jpeg\" alt=\"\"><\/p>\n<\/li>\n<li>\n<p>        <img decoding=\"async\" src=\"\/wp-content\/uploads\/2021\/09\/OsservatorioAstronomicodiSaintBarthelemy4.jpeg\" alt=\"\"><\/p>\n<\/li>\n<li>\n<p>        <img decoding=\"async\" src=\"\/wp-content\/uploads\/2021\/09\/OsservatorioAstronomicodiSaintBarthelemy5.jpeg\" alt=\"\"><\/p>\n<\/li>\n<li>\n<p>        <img decoding=\"async\" src=\"\/wp-content\/uploads\/2021\/09\/OsservatorioAstronomicodiSaintBarthelemy6.jpeg\" alt=\"\"><\/p>\n<\/li>\n<li>\n<p>        <img decoding=\"async\" src=\"\/wp-content\/uploads\/2021\/09\/OsservatorioAstronomicodiSaintBarthelemy7.jpeg\" alt=\"\"><\/p>\n<\/li>\n<li>\n<p>        <img decoding=\"async\" src=\"\/wp-content\/uploads\/2021\/09\/OsservatorioAstronomicodiSaintBarthelemy8.jpeg\" alt=\"\"><\/p>\n<\/li>\n<li>\n<p>        <img decoding=\"async\" src=\"\/wp-content\/uploads\/2021\/09\/OsservatorioAstronomicodiSaintBarthelemy9.jpeg\" alt=\"\"><\/p>\n<\/li>\n<li>\n<p>        <img decoding=\"async\" src=\"\/wp-content\/uploads\/2021\/09\/OsservatorioAstronomicodiSaintBarthelemy10.jpeg\" alt=\"\"><\/p>\n<\/li>\n<li>\n<p>        <img decoding=\"async\" src=\"\/wp-content\/uploads\/2021\/09\/OsservatorioAstronomicodiSaintBarthelemy11.jpeg\" alt=\"\"><\/p>\n<\/li>\n<li>\n<p>        <img decoding=\"async\" src=\"\/wp-content\/uploads\/2021\/09\/OsservatorioAstronomicodiSaintBarthelemy12.jpeg\" alt=\"\"><\/p>\n<\/li>\n<\/ul>\n<p><!--more--><br \/>\n<!-- {\"name\":\"Trans Alps Adventure\",\"type\":\"layout\",\"children\":[{\"name\":\"Hero\",\"type\":\"section\",\"props\":{\"style\":\"primary\",\"width\":\"large\",\"vertical_align\":\"\",\"title_position\":\"top-left\",\"title_rotation\":\"left\",\"title_breakpoint\":\"xl\",\"image_position\":\"top-center\",\"height\":\"percent\",\"padding\":\"large\",\"image\":\"\",\"text_color\":\"light\",\"image_size\":\"cover\",\"image_effect\":\"parallax\",\"image_width\":\"2560\",\"overlap\":false,\"image_parallax_breakpoint\":\"m\",\"image_parallax_bgy_start\":\"-200\",\"video\":\"<iframe width=\\\"1280\\\" height=\\\"720\\\" src=\\\"https:\\\/\\\/www.youtube.com\\\/embed\\\/foyJ0_QV1o0\\\" title=\\\"YouTube video player\\\" frameborder=\\\"0\\\" allow=\\\"accelerometer; autoplay; clipboard-write; encrypted-media; gyroscope; picture-in-picture\\\" allowfullscreen><\\\/iframe>\",\"video_width\":\"1000\"},\"children\":[{\"name\":\"\",\"type\":\"row\",\"children\":[{\"name\":\"\",\"type\":\"column\",\"props\":{\"image_position\":\"center-center\",\"media_overlay_gradient\":\"\",\"width_medium\":\"1-1\"},\"children\":[]}]}]},{\"name\":\"About\",\"type\":\"section\",\"props\":{\"style\":\"default\",\"width\":\"xlarge\",\"vertical_align\":\"middle\",\"title_position\":\"center-right\",\"title_rotation\":\"left\",\"title_breakpoint\":\"xl\",\"image_position\":\"center-center\",\"padding\":\"none\",\"overlap\":false,\"title\":\"\",\"padding_remove_bottom\":false,\"padding_remove_top\":false},\"children\":[{\"name\":\"\",\"type\":\"row\",\"props\":{\"layout\":\"1-2,1-2\",\"match\":true,\"column_gap\":\"collapse\",\"row_gap\":\"collapse\"},\"children\":[{\"name\":\"\",\"type\":\"column\",\"props\":{\"image_position\":\"center-center\",\"vertical_align\":\"middle\",\"media_overlay_gradient\":\"\",\"width_medium\":\"1-2\"},\"children\":[{\"name\":\"\",\"type\":\"image\",\"props\":{\"margin\":\"default\",\"text_align\":\"right\",\"maxwidth\":\"xlarge\",\"animation\":\"parallax\",\"image\":\"wp-content\\\/uploads\\\/2021\\\/09\\\/OsservatorioAstronomicodiSaintBarthelemy1.jpeg\",\"image_width\":\"600\",\"parallax_breakpoint\":\"m\",\"parallax_y_end\":\"-240\",\"parallax_y_start\":\"-100\",\"image_box_decoration\":\"default\",\"block_align\":\"right\",\"image_svg_color\":\"emphasis\",\"image_height\":\"700\"}}]},{\"name\":\"\",\"type\":\"column\",\"props\":{\"image_position\":\"center-center\",\"media_overlay_gradient\":\"\",\"width_medium\":\"1-2\"},\"children\":[{\"name\":\"\",\"type\":\"panel\",\"props\":{\"link_text\":\"Tariffe e galleria fotografica\",\"title_element\":\"h1\",\"meta_style\":\"meta\",\"meta_align\":\"below-title\",\"image_align\":\"top\",\"image_grid_width\":\"1-2\",\"link_style\":\"primary\",\"margin\":\"\",\"panel_style\":\"card-default\",\"panel_size\":\"large\",\"title_style\":\"h1\",\"text_align\":\"left\",\"maxwidth\":\"xlarge\",\"maxwidth_breakpoint\":\"l\",\"animation\":\"parallax\",\"title\":\"Osservatoire astronomique\",\"content\":\"\n\n<p dir=\\\"ltr\\\" class=\\\"CDt4Ke zfr3Q\\\"><span>Pour les passionn\\u00e9s de la vo\\u00fbte c\\u00e9leste, la visite \\u00e0 l\\u2019observatoire astronomique de Saint-Barth\\u00e9lemy est une occasion \\u00e0 ne pas rater.<\\\/span><\\\/p>\\n\n\n<p dir=\\\"ltr\\\" class=\\\"CDt4Ke zfr3Q\\\"><span>N\\u00e9 en 2003, l'observatoire est situ\\u00e9 \\u00e0 1675 m d\\u2019altitude, dans une zone o\\u00f9 il y a peu de pollution lumineuse et de turbulences atmosph\\u00e9riques et o\\u00f9 l\\u2019on profite d\\u2019au moins 250 nuits claires chaque ann\\u00e9e.<\\\/span><\\\/p>\\n\n\n<p dir=\\\"ltr\\\" class=\\\"CDt4Ke zfr3Q\\\"><span>La structure est bien \\u00e9quip\\u00e9e et s\\u2019occupe de recherche scientifique \\u00e0 l\\u2019\\u00e9chelon national et international, de faire d\\u00e9couvrir l\\u2019astronomie, ainsi que d\\u2019organiser des interventions et des propositions didactiques pour les \\u00e9coles. En plus de ses diff\\u00e9rents points d\\u2019observation et de son excellent \\u00e9quipement, l'observatoire dispose d\\u2019une station m\\u00e9t\\u00e9orologique, d\\u2019un laboratoire d\\u2019h\\u00e9liophysique, d\\u2019une salle d\\u2019informatique et d\\u2019un parcours d\\u2019expositions am\\u00e9nag\\u00e9 \\u00e0 l\\u2019int\\u00e9rieur, ouvert au public.<\\\/span><\\\/p>\\n\n\n<p dir=\\\"ltr\\\" class=\\\"CDt4Ke zfr3Q\\\"><span>Non loin de l\\u2019observatoire, il y a un plan\\u00e9tarium.<\\\/span><\\\/p>\\n\n\n<h3 dir=\\\"ltr\\\" class=\\\"CDt4Ke zfr3Q\\\">Meeting Point<\\\/h3>\\n\n\n<p dir=\\\"ltr\\\" class=\\\"CDt4Ke zfr3Q\\\"><span>Lignan, hameau de montagne \\u00e0 plus de 1600 m\\u00e8tres d\\u2019altitude dans le vallon de Saint-Barth\\u00e9lemy, \\u00e0 environ 16 km de route du bourg de la Commune de Nus.<\\\/span><\\\/p>\\n\n\n<h3 dir=\\\"ltr\\\" class=\\\"CDt4Ke zfr3Q\\\"><b>Tarif pour les visites guid\\u00e9es de groupe<\\\/b><\\\/h3>\\n\n\n<ul class=\\\"n8H08c UVNKR\\\">\\n\n\n<li dir=\\\"ltr\\\" class=\\\"TYR86d wXCUfe zfr3Q\\\">\\n\n\n<p dir=\\\"ltr\\\" class=\\\"CDt4Ke zfr3Q\\\"><b><\\\/b>Plein tarif (18-99 ans) \\u20ac 13,00<\\\/p>\\n<\\\/li>\\n\n\n<li dir=\\\"ltr\\\" class=\\\"TYR86d wXCUfe zfr3Q\\\">\\n\n\n<p dir=\\\"ltr\\\" class=\\\"CDt4Ke zfr3Q\\\"><span>Junior (7-17 ans) \\u20ac 8,00<\\\/span><\\\/p>\\n<\\\/li>\\n\n\n<li dir=\\\"ltr\\\" class=\\\"TYR86d wXCUfe zfr3Q\\\">\\n\n\n<p dir=\\\"ltr\\\" class=\\\"CDt4Ke zfr3Q\\\"><span>Enfants (0-6) ans gratuits<\\\/span><\\\/p>\\n<\\\/li>\\n<\\\/ul>\\n\n\n<h3 dir=\\\"ltr\\\" class=\\\"CDt4Ke zfr3Q\\\"><b>Tarif pour les visites exclusives<\\\/b><\\\/h3>\\n\n\n<p>\\u00e0 partir de 45\\u20ac par personne<\\\/p>\",\"parallax_breakpoint\":\"m\",\"parallax_y_start\":\"-200\",\"title_hover_style\":\"reset\",\"title_align\":\"top\",\"title_grid_width\":\"1-2\",\"image_svg_color\":\"emphasis\",\"position\":\"relative\",\"position_left\":\"-50\",\"css\":\"@media (max-width: 959px) {\\n    .el-element { position: static !important; }\\n}\",\"title_grid_breakpoint\":\"m\",\"image_grid_breakpoint\":\"m\",\"icon_width\":80,\"meta_element\":\"div\",\"content_column_breakpoint\":\"m\",\"link\":\"\",\"link_target\":true,\"meta\":\"\"}}]}]}]},{\"type\":\"section\",\"props\":{\"style\":\"default\",\"width\":\"default\",\"vertical_align\":\"middle\",\"title_position\":\"top-left\",\"title_rotation\":\"left\",\"title_breakpoint\":\"xl\",\"image_position\":\"center-center\"},\"children\":[{\"type\":\"row\",\"children\":[{\"type\":\"column\",\"props\":{\"image_position\":\"center-center\",\"media_overlay_gradient\":\"\"},\"children\":[{\"type\":\"text\",\"props\":{\"margin\":\"default\",\"column_breakpoint\":\"m\",\"content\":\"\n\n<h3 dir=\\\"ltr\\\" class=\\\"CDt4Ke zfr3Q\\\"><span><em><strong>EN EXCLUSIVIT\\u00c9<\\\/strong><\\\/em><\\\/span><\\\/h3>\\n\n\n<h2 dir=\\\"ltr\\\" class=\\\"CDt4Ke zfr3Q\\\"><span><strong>Une soir\\u00e9e avec l\\u2019astronome<\\\/strong><\\\/span><\\\/h2>\\n\n\n<p dir=\\\"ltr\\\" class=\\\"CDt4Ke zfr3Q\\\"><span><strong>Pr\\u00e9paration de l\\u2019Observatoire astronomique et Visite en soir\\u00e9e<\\\/strong>, avec <strong>conversation sous les \\u00e9toiles<\\\/strong>.\\nLa visite guid\\u00e9e nocturne pr\\u00e9voit l\\u2019observation du ciel \\u00e0 l\\u2019\\u0153il nu, accompagn\\u00e9s d\\u2019un chercheur, avec un pointeur laser sp\\u00e9cial pour la description des constellations principales. Pour des raisons sanitaires li\\u00e9es \\u00e0 la pand\\u00e9mie, l\\u2019observation individuelle \\u00e0 l\\u2019oculaire des t\\u00e9lescopes est momentan\\u00e9ment suspendue et remplac\\u00e9e par la projection sur un \\u00e9cran d\\u2019images des corps c\\u00e9lestes prises en direct. Il y a toute une phase pr\\u00e9liminaire \\u00e0 laquelle le public ne prend normalement pas part : la pr\\u00e9paration de l\\u2019Observatoire pour accueillir tous les passionn\\u00e9s du ciel. De l\\u2019ouverture de la coupole de la terrasse didactique o\\u00f9 se trouvent les t\\u00e9lescopes \\u00e0 la pr\\u00e9paration de ces derniers. Nous d\\u00e9couvrirons comment on \\u00ab vise \\u00bb une \\u00e9toile, comment les agents atmosph\\u00e9riques ont une influence sur les observations, etc.\\n<\\\/span><\\\/p>\\n\n\n<p dir=\\\"ltr\\\" class=\\\"CDt4Ke zfr3Q\\\"><span><em>Prix \\u20ac 70 par personne minimum 4 personnes.\\n<\\\/em><\\\/span><\\\/p>\\n\n\n<p dir=\\\"ltr\\\" class=\\\"CDt4Ke zfr3Q\\\"><span><em>Jour de la semaine : samedi de septembre \\u00e0 janvier<\\\/em><\\\/span><\\\/p>\\n\n\n<p dir=\\\"ltr\\\" class=\\\"CDt4Ke zfr3Q\\\"><span><em>Heure de d\\u00e9but de l\\u2019exp\\u00e9rience : 18h00<\\\/em><\\\/span><\\\/p>\\n\n\n<p dir=\\\"ltr\\\" class=\\\"CDt4Ke zfr3Q\\\"><span><em>Dur\\u00e9e des activit\\u00e9s environ 3,5 heures<\\\/em><\\\/span><\\\/p>\\n\n\n<p dir=\\\"ltr\\\"><\\\/p>\\n\n\n<h3 dir=\\\"ltr\\\" class=\\\"CDt4Ke zfr3Q\\\"><span><em><strong>EN EXCLUSIVIT\\u00c9<\\\/strong><\\\/em><\\\/span><\\\/h3>\\n\n\n<h2 dir=\\\"ltr\\\" class=\\\"CDt4Ke zfr3Q\\\"><span><strong>Un apr\\u00e8s-midi avec l\\u2019astronome<\\\/strong><\\\/span><\\\/h2>\\n\n\n<p dir=\\\"ltr\\\" class=\\\"CDt4Ke zfr3Q\\\"><span><strong>\\u00c0 la d\\u00e9couverte de l\\u2019Observatoire astronomique (dur\\u00e9e 1 heure)<\\\/strong>. Illustration des activit\\u00e9s de recherche avec la description des instruments scientifiques, l\\u2019observation du soleil avec projection sur un \\u00e9cran des prises de vues en direct \\u00e0 partir du t\\u00e9lescope solaire et de sondes des agences spatiales ESA et NASA.<\\\/span><\\\/p>\\n\n\n<p dir=\\\"ltr\\\" class=\\\"CDt4Ke zfr3Q\\\"><span><strong>Spectacle au Plan\\u00e9tarium (dur\\u00e9e 1 heure)<\\\/strong>. Les spectacles immersifs au Plan\\u00e9tarium de Lignan permettent de voyager virtuellement dans l\\u2019espace et dans le temps pour d\\u00e9couvrir les caract\\u00e9ristiques des corps c\\u00e9lestes qui peuplent l\\u2019univers. Les images surprenantes, reconstruites dans les moindres d\\u00e9tails gr\\u00e2ce au syst\\u00e8me de projection num\\u00e9rique 4K de derni\\u00e8re g\\u00e9n\\u00e9ration, sont bas\\u00e9es sur les donn\\u00e9es scientifiques les plus r\\u00e9centes. Puisqu\\u2019ils se d\\u00e9roulent \\u00e0 l\\u2019int\\u00e9rieur, les spectacles ne d\\u00e9pendent pas des conditions m\\u00e9t\\u00e9o.<\\\/span><\\\/p>\\n\n\n<p dir=\\\"ltr\\\" class=\\\"CDt4Ke zfr3Q\\\"><span><strong>Une conversation itin\\u00e9rante avec un astronome (dur\\u00e9e 1 heure)<\\\/strong>. Dans les tout nouveaux laboratoires am\\u00e9nag\\u00e9s dans les espaces \\u00e0 c\\u00f4t\\u00e9 du Plan\\u00e9tarium, il est possible de conna\\u00eetre le fonctionnement de l\\u2019impression 3D, notre ami robot Pepper et d\\u2019apprendre tout, mais vraiment tout, sur la robotique \\u00e9ducative ou encore de d\\u00e9couvrir les tardigrades ou de rechercher des diatom\\u00e9es.<\\\/span><\\\/p>\\n\n\n<p dir=\\\"ltr\\\" class=\\\"CDt4Ke zfr3Q\\\"><span><em>Minimum 4 et maximum 10 participants<\\\/em><\\\/span><\\\/p>\\n\n\n<p dir=\\\"ltr\\\" class=\\\"CDt4Ke zfr3Q\\\"><span><em>Prix \\u20ac 45 par personne<\\\/em><\\\/span><\\\/p>\\n\n\n<p dir=\\\"ltr\\\" class=\\\"CDt4Ke zfr3Q\\\"><span><em>Jour de la semaine : samedi de septembre \\u00e0 janvier<\\\/em><\\\/span><\\\/p>\\n\n\n<p dir=\\\"ltr\\\" class=\\\"CDt4Ke zfr3Q\\\"><span><em>Heure de d\\u00e9but de l\\u2019exp\\u00e9rience : 14h15<\\\/em><\\\/span><\\\/p>\\n\n\n<p dir=\\\"ltr\\\" class=\\\"CDt4Ke zfr3Q\\\"><span><em>Dur\\u00e9e des activit\\u00e9s 3 heures<\\\/em><\\\/span><\\\/p>\"}}]}]}]},{\"type\":\"section\",\"props\":{\"style\":\"default\",\"width\":\"default\",\"vertical_align\":\"middle\",\"title_position\":\"top-left\",\"title_rotation\":\"left\",\"title_breakpoint\":\"xl\",\"image_position\":\"center-center\"},\"children\":[{\"type\":\"row\",\"children\":[{\"type\":\"column\",\"props\":{\"image_position\":\"center-center\",\"media_overlay_gradient\":\"\"},\"children\":[{\"type\":\"gallery\",\"props\":{\"show_title\":true,\"show_meta\":true,\"show_content\":true,\"show_link\":true,\"show_hover_image\":true,\"grid_default\":\"1\",\"grid_medium\":\"4\",\"filter_style\":\"tab\",\"filter_all\":true,\"filter_position\":\"top\",\"filter_align\":\"left\",\"filter_grid_width\":\"auto\",\"filter_grid_breakpoint\":\"m\",\"overlay_mode\":\"cover\",\"overlay_hover\":true,\"overlay_style\":\"\",\"text_color\":\"light\",\"overlay_position\":\"center\",\"overlay_transition\":\"fade\",\"title_hover_style\":\"reset\",\"title_element\":\"h3\",\"meta_style\":\"meta\",\"meta_align\":\"below-title\",\"meta_element\":\"div\",\"link_text\":\"Fai click\",\"link_style\":\"\",\"text_align\":\"center\",\"margin\":\"default\",\"item_animation\":true,\"lightbox\":true,\"title_display\":\"lightbox\",\"content_display\":\"lightbox\",\"lightbox_image_orientation\":false,\"lightbox_image_width\":\"\",\"lightbox_image_height\":\"\",\"image_width\":\"400\",\"image_height\":\"400\"},\"children\":[{\"type\":\"gallery_item\",\"props\":{\"image\":\"wp-content\\\/uploads\\\/2021\\\/09\\\/OsservatorioAstronomicodiSaintBarthelemy1.jpeg\"}},{\"type\":\"gallery_item\",\"props\":{\"image\":\"wp-content\\\/uploads\\\/2021\\\/09\\\/OsservatorioAstronomicodiSaintBarthelemy2.jpeg\"}},{\"type\":\"gallery_item\",\"props\":{\"image\":\"wp-content\\\/uploads\\\/2021\\\/09\\\/OsservatorioAstronomicodiSaintBarthelemy3.jpeg\"}},{\"type\":\"gallery_item\",\"props\":{\"image\":\"wp-content\\\/uploads\\\/2021\\\/09\\\/OsservatorioAstronomicodiSaintBarthelemy4.jpeg\"}},{\"type\":\"gallery_item\",\"props\":{\"image\":\"wp-content\\\/uploads\\\/2021\\\/09\\\/OsservatorioAstronomicodiSaintBarthelemy5.jpeg\"}},{\"type\":\"gallery_item\",\"props\":{\"image\":\"wp-content\\\/uploads\\\/2021\\\/09\\\/OsservatorioAstronomicodiSaintBarthelemy6.jpeg\"}},{\"type\":\"gallery_item\",\"props\":{\"image\":\"wp-content\\\/uploads\\\/2021\\\/09\\\/OsservatorioAstronomicodiSaintBarthelemy7.jpeg\"}},{\"type\":\"gallery_item\",\"props\":{\"image\":\"wp-content\\\/uploads\\\/2021\\\/09\\\/OsservatorioAstronomicodiSaintBarthelemy8.jpeg\"}},{\"type\":\"gallery_item\",\"props\":{\"image\":\"wp-content\\\/uploads\\\/2021\\\/09\\\/OsservatorioAstronomicodiSaintBarthelemy9.jpeg\"}},{\"type\":\"gallery_item\",\"props\":{\"image\":\"wp-content\\\/uploads\\\/2021\\\/09\\\/OsservatorioAstronomicodiSaintBarthelemy10.jpeg\"}},{\"type\":\"gallery_item\",\"props\":{\"image\":\"wp-content\\\/uploads\\\/2021\\\/09\\\/OsservatorioAstronomicodiSaintBarthelemy11.jpeg\"}},{\"type\":\"gallery_item\",\"props\":{\"image\":\"wp-content\\\/uploads\\\/2021\\\/09\\\/OsservatorioAstronomicodiSaintBarthelemy12.jpeg\"}}]}]}]}]}],\"version\":\"2.5.9\"} --><\/p>\n","protected":false},"excerpt":{"rendered":"<p>Osservatoire astronomique Pour les passionn\u00e9s de la vo\u00fbte c\u00e9leste, la visite \u00e0 l\u2019observatoire astronomique de Saint-Barth\u00e9lemy est une occasion \u00e0 ne pas rater. N\u00e9 en 2003, l&rsquo;observatoire est situ\u00e9 \u00e0 1675 m d\u2019altitude, dans une zone o\u00f9 il y a peu de pollution lumineuse et de turbulences atmosph\u00e9riques et o\u00f9 l\u2019on profite d\u2019au moins 250 [&hellip;]<\/p>\n","protected":false},"author":1,"featured_media":0,"parent":2653,"menu_order":0,"comment_status":"closed","ping_status":"closed","template":"","meta":{"saved_in_kubio":false,"_seopress_robots_primary_cat":"","_seopress_titles_title":"Osservatorio Astronomico di Saint Barthelemy | Green Experience Vall\u00e9e d&#039;Aoste","_seopress_titles_desc":"Per gli amanti della volta celeste, la visita all\u2019osservatorio astronomico di Saint Barthelemy \u00e8 un\u2019occasione da non perdere. Clicca qui per scoprire di pi\u00f9!","_seopress_robots_index":"","footnotes":""},"class_list":["post-2595","page","type-page","status-publish","hentry"],"kubio_ai_page_context":{"short_desc":"","purpose":"general"},"_links":{"self":[{"href":"https:\/\/www.greenvda.com\/fr\/wp-json\/wp\/v2\/pages\/2595","targetHints":{"allow":["GET"]}}],"collection":[{"href":"https:\/\/www.greenvda.com\/fr\/wp-json\/wp\/v2\/pages"}],"about":[{"href":"https:\/\/www.greenvda.com\/fr\/wp-json\/wp\/v2\/types\/page"}],"author":[{"embeddable":true,"href":"https:\/\/www.greenvda.com\/fr\/wp-json\/wp\/v2\/users\/1"}],"replies":[{"embeddable":true,"href":"https:\/\/www.greenvda.com\/fr\/wp-json\/wp\/v2\/comments?post=2595"}],"version-history":[{"count":6,"href":"https:\/\/www.greenvda.com\/fr\/wp-json\/wp\/v2\/pages\/2595\/revisions"}],"predecessor-version":[{"id":3909,"href":"https:\/\/www.greenvda.com\/fr\/wp-json\/wp\/v2\/pages\/2595\/revisions\/3909"}],"up":[{"embeddable":true,"href":"https:\/\/www.greenvda.com\/fr\/wp-json\/wp\/v2\/pages\/2653"}],"wp:attachment":[{"href":"https:\/\/www.greenvda.com\/fr\/wp-json\/wp\/v2\/media?parent=2595"}],"curies":[{"name":"wp","href":"https:\/\/api.w.org\/{rel}","templated":true}]}}