{"id":2592,"date":"2021-08-31T14:49:22","date_gmt":"2021-08-31T12:49:22","guid":{"rendered":"https:\/\/www.greenvda.com\/aliante\/"},"modified":"2022-03-25T15:34:22","modified_gmt":"2022-03-25T14:34:22","slug":"planeur","status":"publish","type":"page","link":"https:\/\/www.greenvda.com\/fr\/green-experiences\/planeur\/","title":{"rendered":"Planeur"},"content":{"rendered":"<p><img decoding=\"async\" src=\"\/wp-content\/uploads\/2021\/08\/Aliante1.jpeg\" alt=\"\"><\/p>\n<div>\n<h1>Planeur<\/h1>\n<div>\n<p dir=\"ltr\" class=\"CDt4Ke zfr3Q\"><span>Voler en exploitant exclusivement l\u2019\u00e9nergie que la nature nous offre, en chevauchant les airs dans un planeur : c\u2019est l\u2019une des alliances les plus fascinantes entre la nature et la technologie. Se sentir libre et l\u00e9ger comme un oiseau qui s\u2019\u00e9l\u00e8ve silencieusement dans les ciels limpides des Alpes. Si vous le souhaitez, l\u2019A\u00e9ro Club Vall\u00e9e d\u2019Aoste mettra \u00e0 votre disposition son exp\u00e9rience et son professionnalisme et vous permettra de vivre cette \u00e9motion avec une le\u00e7on d\u2019introduction au vol en planeur qui comprend:<\/span><\/p>\n<p dir=\"ltr\" class=\"CDt4Ke zfr3Q\"><span>&#8211; un briefing o\u00f9 vous recevrez les instructions et les informations n\u00e9cessaires pour le d\u00e9roulement de l\u2019activit\u00e9 ;<\/span><\/p>\n<p dir=\"ltr\" class=\"CDt4Ke zfr3Q\"><span>&#8211; un vol d\u2019environ une demi-heure avec un moniteur certifi\u00e9.<\/span><\/p>\n<h3 dir=\"ltr\">\u00c9quipement<\/h3>\n<p><span>V\u00eatements confortables, casquette, lunettes de soleil.<\/span><\/p>\n<h3>Dur\u00e9e<\/h3>\n<p><span>Dans son ensemble, l\u2019activit\u00e9 durera environ 1 heure et demie<\/span><\/p>\n<h3>Co\u00fbt<\/h3>\n<ul class=\"n8H08c UVNKR\">\n<li dir=\"ltr\" class=\"TYR86d wXCUfe zfr3Q\">\n<p dir=\"ltr\" class=\"CDt4Ke zfr3Q\"><span>\u00c0 partir de 180,00 euros pour un vol d\u2019une demi-heure. Il est possible de prolonger le vol en versant un suppl\u00e9ment de 1,95 euros par minute, \u00e0 payer sur place.<\/span><\/p>\n<\/li>\n<\/ul>\n<h3>Avertissement<\/h3>\n<p><span>En cas de mauvaises conditions m\u00e9t\u00e9o, l&rsquo;exp\u00e9rience pourrait \u00eatre reprogramm\u00e9e ou, si cela n\u2019est pas possible, rembours\u00e9e.<\/span><\/p>\n<\/div>\n<\/div>\n<ul>\n<li>\n<p>        <img decoding=\"async\" src=\"\/wp-content\/uploads\/2021\/08\/Aliante1.jpeg\" alt=\"\"><\/p>\n<\/li>\n<li>\n<p>        <img decoding=\"async\" src=\"\/wp-content\/uploads\/2021\/08\/Aliante2.jpeg\" alt=\"\"><\/p>\n<\/li>\n<li>\n<p>        <img decoding=\"async\" src=\"\/wp-content\/uploads\/2021\/08\/Aliante3.jpeg\" alt=\"\"><\/p>\n<\/li>\n<li>\n<p>        <img decoding=\"async\" src=\"\/wp-content\/uploads\/2021\/08\/Aliante4.jpeg\" alt=\"\"><\/p>\n<\/li>\n<li>\n<p>        <img decoding=\"async\" src=\"\/wp-content\/uploads\/2021\/08\/Aliante5.jpeg\" alt=\"\"><\/p>\n<\/li>\n<li>\n<p>        <img decoding=\"async\" src=\"\/wp-content\/uploads\/2021\/08\/Aliante6.jpeg\" alt=\"\"><\/p>\n<\/li>\n<li>\n<p>        <img decoding=\"async\" src=\"\/wp-content\/uploads\/2021\/08\/Aliante7.jpeg\" alt=\"\"><\/p>\n<\/li>\n<li>\n<p>        <img decoding=\"async\" src=\"\/wp-content\/uploads\/2021\/08\/Aliante8.jpeg\" alt=\"\"><\/p>\n<\/li>\n<li>\n<p>        <img decoding=\"async\" src=\"\/wp-content\/uploads\/2021\/08\/Aliante9.jpeg\" alt=\"\"><\/p>\n<\/li>\n<li>\n<p>        <img decoding=\"async\" src=\"\/wp-content\/uploads\/2021\/08\/Aliante10.jpeg\" alt=\"\"><\/p>\n<\/li>\n<li>\n<p>        <img decoding=\"async\" src=\"\/wp-content\/uploads\/2021\/08\/Aliante11.jpeg\" alt=\"\"><\/p>\n<\/li>\n<li>\n<p>        <img decoding=\"async\" src=\"\/wp-content\/uploads\/2021\/08\/Aliante12.jpeg\" alt=\"\"><\/p>\n<\/li>\n<\/ul>\n<p><!--more--><br \/>\n<!-- {\"name\":\"Trans Alps Adventure\",\"type\":\"layout\",\"children\":[{\"name\":\"Hero\",\"type\":\"section\",\"props\":{\"style\":\"primary\",\"width\":\"large\",\"vertical_align\":\"\",\"title_position\":\"top-left\",\"title_rotation\":\"left\",\"title_breakpoint\":\"xl\",\"image_position\":\"top-center\",\"height\":\"percent\",\"padding\":\"large\",\"image\":\"\",\"text_color\":\"light\",\"image_size\":\"cover\",\"image_effect\":\"parallax\",\"image_width\":\"2560\",\"overlap\":false,\"image_parallax_breakpoint\":\"m\",\"image_parallax_bgy_start\":\"-200\",\"video\":\"<iframe width=\\\"1280\\\" height=\\\"720\\\" src=\\\"https:\\\/\\\/www.youtube.com\\\/embed\\\/LRpT2VKCHAE\\\" title=\\\"YouTube video player\\\" frameborder=\\\"0\\\" allow=\\\"accelerometer; autoplay; clipboard-write; encrypted-media; gyroscope; picture-in-picture\\\" allowfullscreen><\\\/iframe>\",\"video_width\":\"1000\"},\"children\":[{\"name\":\"\",\"type\":\"row\",\"children\":[{\"name\":\"\",\"type\":\"column\",\"props\":{\"image_position\":\"center-center\",\"media_overlay_gradient\":\"\",\"width_medium\":\"1-1\"},\"children\":[]}]}]},{\"name\":\"About\",\"type\":\"section\",\"props\":{\"style\":\"default\",\"width\":\"xlarge\",\"vertical_align\":\"middle\",\"title_position\":\"center-right\",\"title_rotation\":\"left\",\"title_breakpoint\":\"xl\",\"image_position\":\"center-center\",\"padding\":\"none\",\"overlap\":false,\"title\":\"\",\"padding_remove_bottom\":false,\"padding_remove_top\":false},\"children\":[{\"name\":\"\",\"type\":\"row\",\"props\":{\"layout\":\"1-2,1-2\",\"match\":true,\"column_gap\":\"collapse\",\"row_gap\":\"collapse\"},\"children\":[{\"name\":\"\",\"type\":\"column\",\"props\":{\"image_position\":\"center-center\",\"vertical_align\":\"middle\",\"media_overlay_gradient\":\"\",\"width_medium\":\"1-2\"},\"children\":[{\"name\":\"\",\"type\":\"image\",\"props\":{\"margin\":\"default\",\"text_align\":\"right\",\"maxwidth\":\"xlarge\",\"animation\":\"parallax\",\"image\":\"wp-content\\\/uploads\\\/2021\\\/08\\\/Aliante1.jpeg\",\"image_width\":\"600\",\"parallax_breakpoint\":\"m\",\"parallax_y_end\":\"-240\",\"parallax_y_start\":\"-100\",\"image_box_decoration\":\"default\",\"block_align\":\"right\",\"image_svg_color\":\"emphasis\",\"image_height\":\"700\"}}]},{\"name\":\"\",\"type\":\"column\",\"props\":{\"image_position\":\"center-center\",\"media_overlay_gradient\":\"\",\"width_medium\":\"1-2\"},\"children\":[{\"name\":\"\",\"type\":\"panel\",\"props\":{\"link_text\":\"Tariffe e galleria fotografica\",\"title_element\":\"h1\",\"meta_style\":\"meta\",\"meta_align\":\"below-title\",\"image_align\":\"top\",\"image_grid_width\":\"1-2\",\"link_style\":\"primary\",\"margin\":\"\",\"panel_style\":\"card-default\",\"panel_size\":\"large\",\"title_style\":\"h1\",\"text_align\":\"left\",\"maxwidth\":\"xlarge\",\"maxwidth_breakpoint\":\"l\",\"animation\":\"parallax\",\"title\":\"Planeur\",\"content\":\"\n\n<p dir=\\\"ltr\\\" class=\\\"CDt4Ke zfr3Q\\\"><span>Voler en exploitant exclusivement l\\u2019\\u00e9nergie que la nature nous offre, en chevauchant les airs dans un planeur : c\\u2019est l\\u2019une des alliances les plus fascinantes entre la nature et la technologie. Se sentir libre et l\\u00e9ger comme un oiseau qui s\\u2019\\u00e9l\\u00e8ve silencieusement dans les ciels limpides des Alpes. Si vous le souhaitez, l\\u2019A\\u00e9ro Club Vall\\u00e9e d\\u2019Aoste mettra \\u00e0 votre disposition son exp\\u00e9rience et son professionnalisme et vous permettra de vivre cette \\u00e9motion avec une le\\u00e7on d\\u2019introduction au vol en planeur qui comprend:<\\\/span><\\\/p>\\n\n\n<p dir=\\\"ltr\\\" class=\\\"CDt4Ke zfr3Q\\\"><span>- un briefing o\\u00f9 vous recevrez les instructions et les informations n\\u00e9cessaires pour le d\\u00e9roulement de l\\u2019activit\\u00e9 ;<\\\/span><\\\/p>\\n\n\n<p dir=\\\"ltr\\\" class=\\\"CDt4Ke zfr3Q\\\"><span>- un vol d\\u2019environ une demi-heure avec un moniteur certifi\\u00e9.<\\\/span><\\\/p>\\n\n\n<h3 dir=\\\"ltr\\\">\\u00c9quipement<\\\/h3>\\n\n\n<p><span>V\\u00eatements confortables, casquette, lunettes de soleil.<\\\/span><\\\/p>\\n\n\n<h3>Dur\\u00e9e<\\\/h3>\\n\n\n<p><span>Dans son ensemble, l\\u2019activit\\u00e9 durera environ 1 heure et demie<\\\/span><\\\/p>\\n\n\n<h3>Co\\u00fbt<\\\/h3>\\n\n\n<ul class=\\\"n8H08c UVNKR\\\">\\n\n\n<li dir=\\\"ltr\\\" class=\\\"TYR86d wXCUfe zfr3Q\\\">\\n\n\n<p dir=\\\"ltr\\\" class=\\\"CDt4Ke zfr3Q\\\"><span>\\u00c0 partir de 180,00 euros pour un vol d\\u2019une demi-heure. Il est possible de prolonger le vol en versant un suppl\\u00e9ment de 1,95 euros par minute, \\u00e0 payer sur place.<\\\/span><\\\/p>\\n<\\\/li>\\n<\\\/ul>\\n\n\n<h3>Avertissement<\\\/h3>\\n\n\n<p><span>En cas de mauvaises conditions m\\u00e9t\\u00e9o, l'exp\\u00e9rience pourrait \\u00eatre reprogramm\\u00e9e ou, si cela n\\u2019est pas possible, rembours\\u00e9e.<\\\/span><\\\/p>\",\"parallax_breakpoint\":\"m\",\"parallax_y_start\":\"-200\",\"title_hover_style\":\"reset\",\"title_align\":\"top\",\"title_grid_width\":\"1-2\",\"image_svg_color\":\"emphasis\",\"position\":\"relative\",\"position_left\":\"-50\",\"css\":\"@media (max-width: 959px) {\\n    .el-element { position: static !important; }\\n}\",\"title_grid_breakpoint\":\"m\",\"image_grid_breakpoint\":\"m\",\"icon_width\":80,\"meta_element\":\"div\",\"content_column_breakpoint\":\"m\",\"link\":\"\",\"link_target\":true,\"meta\":\"\"}}]}]}]},{\"type\":\"section\",\"props\":{\"style\":\"default\",\"width\":\"default\",\"vertical_align\":\"middle\",\"title_position\":\"top-left\",\"title_rotation\":\"left\",\"title_breakpoint\":\"xl\",\"image_position\":\"center-center\"},\"children\":[{\"type\":\"row\",\"children\":[{\"type\":\"column\",\"props\":{\"image_position\":\"center-center\",\"media_overlay_gradient\":\"\"},\"children\":[{\"type\":\"gallery\",\"props\":{\"show_title\":true,\"show_meta\":true,\"show_content\":true,\"show_link\":true,\"show_hover_image\":true,\"grid_default\":\"1\",\"grid_medium\":\"4\",\"filter_style\":\"tab\",\"filter_all\":true,\"filter_position\":\"top\",\"filter_align\":\"left\",\"filter_grid_width\":\"auto\",\"filter_grid_breakpoint\":\"m\",\"overlay_mode\":\"cover\",\"overlay_hover\":true,\"overlay_style\":\"\",\"text_color\":\"light\",\"overlay_position\":\"center\",\"overlay_transition\":\"fade\",\"title_hover_style\":\"reset\",\"title_element\":\"h3\",\"meta_style\":\"meta\",\"meta_align\":\"below-title\",\"meta_element\":\"div\",\"link_text\":\"Fai click\",\"link_style\":\"\",\"text_align\":\"center\",\"margin\":\"default\",\"item_animation\":true,\"lightbox\":true,\"title_display\":\"lightbox\",\"content_display\":\"lightbox\",\"lightbox_image_orientation\":false,\"lightbox_image_width\":\"\",\"lightbox_image_height\":\"\",\"image_width\":\"400\",\"image_height\":\"400\"},\"children\":[{\"type\":\"gallery_item\",\"props\":{\"image\":\"wp-content\\\/uploads\\\/2021\\\/08\\\/Aliante1.jpeg\"}},{\"type\":\"gallery_item\",\"props\":{\"image\":\"wp-content\\\/uploads\\\/2021\\\/08\\\/Aliante2.jpeg\"}},{\"type\":\"gallery_item\",\"props\":{\"image\":\"wp-content\\\/uploads\\\/2021\\\/08\\\/Aliante3.jpeg\"}},{\"type\":\"gallery_item\",\"props\":{\"image\":\"wp-content\\\/uploads\\\/2021\\\/08\\\/Aliante4.jpeg\"}},{\"type\":\"gallery_item\",\"props\":{\"image\":\"wp-content\\\/uploads\\\/2021\\\/08\\\/Aliante5.jpeg\"}},{\"type\":\"gallery_item\",\"props\":{\"image\":\"wp-content\\\/uploads\\\/2021\\\/08\\\/Aliante6.jpeg\"}},{\"type\":\"gallery_item\",\"props\":{\"image\":\"wp-content\\\/uploads\\\/2021\\\/08\\\/Aliante7.jpeg\"}},{\"type\":\"gallery_item\",\"props\":{\"image\":\"wp-content\\\/uploads\\\/2021\\\/08\\\/Aliante8.jpeg\"}},{\"type\":\"gallery_item\",\"props\":{\"image\":\"wp-content\\\/uploads\\\/2021\\\/08\\\/Aliante9.jpeg\"}},{\"type\":\"gallery_item\",\"props\":{\"image\":\"wp-content\\\/uploads\\\/2021\\\/08\\\/Aliante10.jpeg\"}},{\"type\":\"gallery_item\",\"props\":{\"image\":\"wp-content\\\/uploads\\\/2021\\\/08\\\/Aliante11.jpeg\"}},{\"type\":\"gallery_item\",\"props\":{\"image\":\"wp-content\\\/uploads\\\/2021\\\/08\\\/Aliante12.jpeg\"}}]}]}]}]}],\"version\":\"2.5.9\"} --><\/p>\n","protected":false},"excerpt":{"rendered":"<p>Planeur Voler en exploitant exclusivement l\u2019\u00e9nergie que la nature nous offre, en chevauchant les airs dans un planeur : c\u2019est l\u2019une des alliances les plus fascinantes entre la nature et la technologie. Se sentir libre et l\u00e9ger comme un oiseau qui s\u2019\u00e9l\u00e8ve silencieusement dans les ciels limpides des Alpes. Si vous le souhaitez, l\u2019A\u00e9ro Club [&hellip;]<\/p>\n","protected":false},"author":1,"featured_media":0,"parent":2653,"menu_order":0,"comment_status":"closed","ping_status":"closed","template":"","meta":{"saved_in_kubio":false,"_seopress_robots_primary_cat":"","_seopress_titles_title":"Volo in Aliante | Green Experience Vall\u00e9e d&#039;Aoste","_seopress_titles_desc":"Volare sfruttando solo l\u2019energia che la natura ci regala cavalcando l\u2019aria su un aliante, uno dei connubi pi\u00f9 belli tra natura e tecnologia! Clicca qui!","_seopress_robots_index":"","footnotes":""},"class_list":["post-2592","page","type-page","status-publish","hentry"],"kubio_ai_page_context":{"short_desc":"","purpose":"general"},"_links":{"self":[{"href":"https:\/\/www.greenvda.com\/fr\/wp-json\/wp\/v2\/pages\/2592","targetHints":{"allow":["GET"]}}],"collection":[{"href":"https:\/\/www.greenvda.com\/fr\/wp-json\/wp\/v2\/pages"}],"about":[{"href":"https:\/\/www.greenvda.com\/fr\/wp-json\/wp\/v2\/types\/page"}],"author":[{"embeddable":true,"href":"https:\/\/www.greenvda.com\/fr\/wp-json\/wp\/v2\/users\/1"}],"replies":[{"embeddable":true,"href":"https:\/\/www.greenvda.com\/fr\/wp-json\/wp\/v2\/comments?post=2592"}],"version-history":[{"count":5,"href":"https:\/\/www.greenvda.com\/fr\/wp-json\/wp\/v2\/pages\/2592\/revisions"}],"predecessor-version":[{"id":3895,"href":"https:\/\/www.greenvda.com\/fr\/wp-json\/wp\/v2\/pages\/2592\/revisions\/3895"}],"up":[{"embeddable":true,"href":"https:\/\/www.greenvda.com\/fr\/wp-json\/wp\/v2\/pages\/2653"}],"wp:attachment":[{"href":"https:\/\/www.greenvda.com\/fr\/wp-json\/wp\/v2\/media?parent=2592"}],"curies":[{"name":"wp","href":"https:\/\/api.w.org\/{rel}","templated":true}]}}