{"id":2589,"date":"2021-08-31T14:36:05","date_gmt":"2021-08-31T12:36:05","guid":{"rendered":"https:\/\/www.greenvda.com\/parc-animalier\/"},"modified":"2022-01-27T12:24:38","modified_gmt":"2022-01-27T11:24:38","slug":"parc-animalier","status":"publish","type":"page","link":"https:\/\/www.greenvda.com\/fr\/green-experiences\/parc-animalier\/","title":{"rendered":"Parc Animalier"},"content":{"rendered":"<p><img decoding=\"async\" src=\"\/wp-content\/uploads\/2021\/08\/ParcAnimalier1.jpeg\" alt=\"\"><\/p>\n<div>\n<h1>Parc Animalier<\/h1>\n<div>\n<p dir=\"ltr\" class=\"CDt4Ke zfr3Q\"><span>Le Parc Animalier d\u2019Introd a vu le jour en 2005. Il s\u2019\u00e9tend aujourd\u2019hui sur cinq hectares et il est peupl\u00e9 de 19 esp\u00e8ces diff\u00e9rentes d\u2019animaux. Dans cet espace, les passionn\u00e9s de la faune vald\u00f4taine peuvent rencontrer des bouquetins et des cerfs, des marmottes, des hiboux grands-ducs et bien d\u2019autres\u2026 En se baladant dans les montagnes vald\u00f4taines, tout le monde n\u2019a pas la possibilit\u00e9 ou la chance d\u2019apercevoir les animaux symboles des Alpes. En revanche, le Parc Animalier donne la possibilit\u00e9 aux petits comme aux grands d\u2019entrer en contact avec la faune, d\u2019admirer les animaux de pr\u00e8s, dans le m\u00eame milieu naturel que celui o\u00f9 ils se trouveraient s\u2019ils n\u2019\u00e9taient pas en captivit\u00e9. En effet, le parc n\u2019accueille que des animaux qui, en raison du climat et de l\u2019\u00e9cosyst\u00e8me, se sentent chez eux \u00e0 cet endroit. Les animaux sont prot\u00e9g\u00e9s et en s\u00e9curit\u00e9 dans cette oasis. Ils ne s\u2019enfuient pas, ils y vivent simplement, dans leur \u00e9cosyst\u00e8me, en harmonie et en \u00e9quilibre. De plus, la plupart des animaux du Parc proviennent des centres de r\u00e9habilitation des animaux sauvages \u00e0 cause de pathologies importantes et, puisque les humains se sont occup\u00e9s d\u2019eux longtemps, ils ne peuvent \u00eatre remis compl\u00e8tement en libert\u00e9 dans la nature. \u00c0 signaler, notamment, la section consacr\u00e9e aux rapaces nocturnes, dont certains sont dress\u00e9s \u00e0 la fauconnerie.<\/span><\/p>\n<h3 dir=\"ltr\">Dur\u00e9e<\/h3>\n<p><span>Dans l\u2019ensemble, la dur\u00e9e de l\u2019activit\u00e9 peut varier de la demi-journ\u00e9e \u00e0 la journ\u00e9e compl\u00e8te.<\/span><\/p>\n<h3>Co\u00fbt<\/h3>\n<ul class=\"n8H08c UVNKR\">\n<li dir=\"ltr\" class=\"TYR86d wXCUfe zfr3Q\">\n<p dir=\"ltr\" class=\"CDt4Ke zfr3Q\"><span>Adulte \u20ac 9,50<\/span><\/p>\n<\/li>\n<li dir=\"ltr\" class=\"TYR86d wXCUfe zfr3Q\">\n<p dir=\"ltr\" class=\"CDt4Ke zfr3Q\"><span>Enfants de 4 \u00e0 14 ans r\u00e9volus \u20ac 7,00<\/span><\/p>\n<\/li>\n<li dir=\"ltr\" class=\"TYR86d wXCUfe zfr3Q\">\n<p dir=\"ltr\" class=\"CDt4Ke zfr3Q\"><span>Enfants jusqu\u2019\u00e0 3 ans gratuits<\/span><\/p>\n<\/li>\n<\/ul>\n<h3>Avertissement<\/h3>\n<p><span>Le Parc Animalier reste ouvert au public seulement pendant la belle saison, tous les jours d\u2019avril \u00e0 d\u00e9cembre<\/span><\/p>\n<\/div>\n<\/div>\n<ul>\n<li>\n<p>        <img decoding=\"async\" src=\"\/wp-content\/uploads\/2021\/08\/ParcAnimalier1.jpeg\" alt=\"\"><\/p>\n<\/li>\n<li>\n<p>        <img decoding=\"async\" src=\"\/wp-content\/uploads\/2021\/08\/ParcAnimalier2.jpeg\" alt=\"\"><\/p>\n<\/li>\n<li>\n<p>        <img decoding=\"async\" src=\"\/wp-content\/uploads\/2021\/08\/ParcAnimalier3.jpeg\" alt=\"\"><\/p>\n<\/li>\n<li>\n<p>        <img decoding=\"async\" src=\"\/wp-content\/uploads\/2021\/08\/ParcAnimalier4.jpeg\" alt=\"\"><\/p>\n<\/li>\n<li>\n<p>        <img decoding=\"async\" src=\"\/wp-content\/uploads\/2021\/08\/ParcAnimalier5.jpeg\" alt=\"\"><\/p>\n<\/li>\n<li>\n<p>        <img decoding=\"async\" src=\"\/wp-content\/uploads\/2021\/08\/ParcAnimalier6.jpeg\" alt=\"\"><\/p>\n<\/li>\n<li>\n<p>        <img decoding=\"async\" src=\"\/wp-content\/uploads\/2021\/08\/ParcAnimalier7.jpeg\" alt=\"\"><\/p>\n<\/li>\n<li>\n<p>        <img decoding=\"async\" src=\"\/wp-content\/uploads\/2021\/08\/ParcAnimalier8.jpeg\" alt=\"\"><\/p>\n<\/li>\n<li>\n<p>        <img decoding=\"async\" src=\"\/wp-content\/uploads\/2021\/08\/ParcAnimalier9.jpeg\" alt=\"\"><\/p>\n<\/li>\n<li>\n<p>        <img decoding=\"async\" src=\"\/wp-content\/uploads\/2021\/08\/ParcAnimalier10.jpeg\" alt=\"\"><\/p>\n<\/li>\n<li>\n<p>        <img decoding=\"async\" src=\"\/wp-content\/uploads\/2021\/08\/ParcAnimalier11.jpeg\" alt=\"\"><\/p>\n<\/li>\n<li>\n<p>        <img decoding=\"async\" src=\"\/wp-content\/uploads\/2021\/08\/ParcAnimalier12.jpeg\" alt=\"\"><\/p>\n<\/li>\n<\/ul>\n<p><!--more--><br \/>\n<!-- {\"name\":\"Trans Alps Adventure\",\"type\":\"layout\",\"children\":[{\"name\":\"Hero\",\"type\":\"section\",\"props\":{\"style\":\"primary\",\"width\":\"large\",\"vertical_align\":\"\",\"title_position\":\"top-left\",\"title_rotation\":\"left\",\"title_breakpoint\":\"xl\",\"image_position\":\"top-center\",\"height\":\"percent\",\"padding\":\"large\",\"image\":\"\",\"text_color\":\"light\",\"image_size\":\"cover\",\"image_effect\":\"parallax\",\"image_width\":\"2560\",\"overlap\":false,\"image_parallax_breakpoint\":\"m\",\"image_parallax_bgy_start\":\"-200\",\"video\":\"<iframe width=\\\"1920\\\" height=\\\"1080\\\" src=\\\"https:\\\/\\\/www.youtube.com\\\/embed\\\/ifOgJiiRBec\\\" title=\\\"YouTube video player\\\" frameborder=\\\"0\\\" allow=\\\"accelerometer; autoplay; clipboard-write; encrypted-media; gyroscope; picture-in-picture\\\" allowfullscreen><\\\/iframe>\",\"video_width\":\"1000\"},\"children\":[{\"name\":\"\",\"type\":\"row\",\"children\":[{\"name\":\"\",\"type\":\"column\",\"props\":{\"image_position\":\"center-center\",\"media_overlay_gradient\":\"\",\"width_medium\":\"1-1\"},\"children\":[]}]}]},{\"name\":\"About\",\"type\":\"section\",\"props\":{\"style\":\"default\",\"width\":\"xlarge\",\"vertical_align\":\"middle\",\"title_position\":\"center-right\",\"title_rotation\":\"left\",\"title_breakpoint\":\"xl\",\"image_position\":\"center-center\",\"padding\":\"none\",\"overlap\":false,\"title\":\"\",\"padding_remove_bottom\":false,\"padding_remove_top\":false},\"children\":[{\"name\":\"\",\"type\":\"row\",\"props\":{\"layout\":\"1-2,1-2\",\"match\":true,\"column_gap\":\"collapse\",\"row_gap\":\"collapse\"},\"children\":[{\"name\":\"\",\"type\":\"column\",\"props\":{\"image_position\":\"center-center\",\"vertical_align\":\"middle\",\"media_overlay_gradient\":\"\",\"width_medium\":\"1-2\"},\"children\":[{\"name\":\"\",\"type\":\"image\",\"props\":{\"margin\":\"default\",\"text_align\":\"right\",\"maxwidth\":\"xlarge\",\"animation\":\"parallax\",\"image\":\"wp-content\\\/uploads\\\/2021\\\/08\\\/ParcAnimalier1.jpeg\",\"image_width\":\"600\",\"parallax_breakpoint\":\"m\",\"parallax_y_end\":\"-240\",\"parallax_y_start\":\"-100\",\"image_box_decoration\":\"default\",\"block_align\":\"right\",\"image_svg_color\":\"emphasis\",\"image_height\":\"700\"}}]},{\"name\":\"\",\"type\":\"column\",\"props\":{\"image_position\":\"center-center\",\"media_overlay_gradient\":\"\",\"width_medium\":\"1-2\"},\"children\":[{\"name\":\"\",\"type\":\"panel\",\"props\":{\"link_text\":\"Tariffe e galleria fotografica\",\"title_element\":\"h1\",\"meta_style\":\"meta\",\"meta_align\":\"below-title\",\"image_align\":\"top\",\"image_grid_width\":\"1-2\",\"link_style\":\"primary\",\"margin\":\"\",\"panel_style\":\"card-default\",\"panel_size\":\"large\",\"title_style\":\"h1\",\"text_align\":\"left\",\"maxwidth\":\"xlarge\",\"maxwidth_breakpoint\":\"l\",\"animation\":\"parallax\",\"title\":\"Parc Animalier\",\"content\":\"\n\n<p dir=\\\"ltr\\\" class=\\\"CDt4Ke zfr3Q\\\"><span>Le Parc Animalier d\\u2019Introd a vu le jour en 2005. Il s\\u2019\\u00e9tend aujourd\\u2019hui sur cinq hectares et il est peupl\\u00e9 de 19 esp\\u00e8ces diff\\u00e9rentes d\\u2019animaux. Dans cet espace, les passionn\\u00e9s de la faune vald\\u00f4taine peuvent rencontrer des bouquetins et des cerfs, des marmottes, des hiboux grands-ducs et bien d\\u2019autres\\u2026 En se baladant dans les montagnes vald\\u00f4taines, tout le monde n\\u2019a pas la possibilit\\u00e9 ou la chance d\\u2019apercevoir les animaux symboles des Alpes. En revanche, le Parc Animalier donne la possibilit\\u00e9 aux petits comme aux grands d\\u2019entrer en contact avec la faune, d\\u2019admirer les animaux de pr\\u00e8s, dans le m\\u00eame milieu naturel que celui o\\u00f9 ils se trouveraient s\\u2019ils n\\u2019\\u00e9taient pas en captivit\\u00e9. En effet, le parc n\\u2019accueille que des animaux qui, en raison du climat et de l\\u2019\\u00e9cosyst\\u00e8me, se sentent chez eux \\u00e0 cet endroit. Les animaux sont prot\\u00e9g\\u00e9s et en s\\u00e9curit\\u00e9 dans cette oasis. Ils ne s\\u2019enfuient pas, ils y vivent simplement, dans leur \\u00e9cosyst\\u00e8me, en harmonie et en \\u00e9quilibre. De plus, la plupart des animaux du Parc proviennent des centres de r\\u00e9habilitation des animaux sauvages \\u00e0 cause de pathologies importantes et, puisque les humains se sont occup\\u00e9s d\\u2019eux longtemps, ils ne peuvent \\u00eatre remis compl\\u00e8tement en libert\\u00e9 dans la nature. \\u00c0 signaler, notamment, la section consacr\\u00e9e aux rapaces nocturnes, dont certains sont dress\\u00e9s \\u00e0 la fauconnerie.<\\\/span><\\\/p>\\n\n\n<h3 dir=\\\"ltr\\\">Dur\\u00e9e<\\\/h3>\\n\n\n<p><span>Dans l\\u2019ensemble, la dur\\u00e9e de l\\u2019activit\\u00e9 peut varier de la demi-journ\\u00e9e \\u00e0 la journ\\u00e9e compl\\u00e8te.<\\\/span><\\\/p>\\n\n\n<h3>Co\\u00fbt<\\\/h3>\\n\n\n<ul class=\\\"n8H08c UVNKR\\\">\\n\n\n<li dir=\\\"ltr\\\" class=\\\"TYR86d wXCUfe zfr3Q\\\">\\n\n\n<p dir=\\\"ltr\\\" class=\\\"CDt4Ke zfr3Q\\\"><span>Adulte \\u20ac 9,50<\\\/span><\\\/p>\\n<\\\/li>\\n\n\n<li dir=\\\"ltr\\\" class=\\\"TYR86d wXCUfe zfr3Q\\\">\\n\n\n<p dir=\\\"ltr\\\" class=\\\"CDt4Ke zfr3Q\\\"><span>Enfants de 4 \\u00e0 14 ans r\\u00e9volus \\u20ac 7,00<\\\/span><\\\/p>\\n<\\\/li>\\n\n\n<li dir=\\\"ltr\\\" class=\\\"TYR86d wXCUfe zfr3Q\\\">\\n\n\n<p dir=\\\"ltr\\\" class=\\\"CDt4Ke zfr3Q\\\"><span>Enfants jusqu\\u2019\\u00e0 3 ans gratuits<\\\/span><\\\/p>\\n<\\\/li>\\n<\\\/ul>\\n\n\n<h3>Avertissement<\\\/h3>\\n\n\n<p><span>Le Parc Animalier reste ouvert au public seulement pendant la belle saison, tous les jours d\\u2019avril \\u00e0 d\\u00e9cembre<\\\/span><\\\/p>\",\"parallax_breakpoint\":\"m\",\"parallax_y_start\":\"-200\",\"title_hover_style\":\"reset\",\"title_align\":\"top\",\"title_grid_width\":\"1-2\",\"image_svg_color\":\"emphasis\",\"position\":\"relative\",\"position_left\":\"-50\",\"css\":\"@media (max-width: 959px) {\\n    .el-element { position: static !important; }\\n}\",\"title_grid_breakpoint\":\"m\",\"image_grid_breakpoint\":\"m\",\"icon_width\":80,\"meta_element\":\"div\",\"content_column_breakpoint\":\"m\",\"link\":\"\",\"link_target\":true,\"meta\":\"\"}}]}]}]},{\"type\":\"section\",\"props\":{\"style\":\"default\",\"width\":\"default\",\"vertical_align\":\"middle\",\"title_position\":\"top-left\",\"title_rotation\":\"left\",\"title_breakpoint\":\"xl\",\"image_position\":\"center-center\"},\"children\":[{\"type\":\"row\",\"children\":[{\"type\":\"column\",\"props\":{\"image_position\":\"center-center\",\"media_overlay_gradient\":\"\"},\"children\":[{\"type\":\"gallery\",\"props\":{\"show_title\":true,\"show_meta\":true,\"show_content\":true,\"show_link\":true,\"show_hover_image\":true,\"grid_default\":\"1\",\"grid_medium\":\"4\",\"filter_style\":\"tab\",\"filter_all\":true,\"filter_position\":\"top\",\"filter_align\":\"left\",\"filter_grid_width\":\"auto\",\"filter_grid_breakpoint\":\"m\",\"overlay_mode\":\"cover\",\"overlay_hover\":true,\"overlay_style\":\"\",\"text_color\":\"light\",\"overlay_position\":\"center\",\"overlay_transition\":\"fade\",\"title_hover_style\":\"reset\",\"title_element\":\"h3\",\"meta_style\":\"meta\",\"meta_align\":\"below-title\",\"meta_element\":\"div\",\"link_text\":\"Fai click\",\"link_style\":\"\",\"text_align\":\"center\",\"margin\":\"default\",\"item_animation\":true,\"lightbox\":true,\"title_display\":\"lightbox\",\"content_display\":\"lightbox\",\"lightbox_image_orientation\":false,\"lightbox_image_width\":\"\",\"lightbox_image_height\":\"\",\"image_width\":\"400\",\"image_height\":\"400\"},\"children\":[{\"type\":\"gallery_item\",\"props\":{\"image\":\"wp-content\\\/uploads\\\/2021\\\/08\\\/ParcAnimalier1.jpeg\"}},{\"type\":\"gallery_item\",\"props\":{\"image\":\"wp-content\\\/uploads\\\/2021\\\/08\\\/ParcAnimalier2.jpeg\"}},{\"type\":\"gallery_item\",\"props\":{\"image\":\"wp-content\\\/uploads\\\/2021\\\/08\\\/ParcAnimalier3.jpeg\"}},{\"type\":\"gallery_item\",\"props\":{\"image\":\"wp-content\\\/uploads\\\/2021\\\/08\\\/ParcAnimalier4.jpeg\"}},{\"type\":\"gallery_item\",\"props\":{\"image\":\"wp-content\\\/uploads\\\/2021\\\/08\\\/ParcAnimalier5.jpeg\"}},{\"type\":\"gallery_item\",\"props\":{\"image\":\"wp-content\\\/uploads\\\/2021\\\/08\\\/ParcAnimalier6.jpeg\"}},{\"type\":\"gallery_item\",\"props\":{\"image\":\"wp-content\\\/uploads\\\/2021\\\/08\\\/ParcAnimalier7.jpeg\"}},{\"type\":\"gallery_item\",\"props\":{\"image\":\"wp-content\\\/uploads\\\/2021\\\/08\\\/ParcAnimalier8.jpeg\"}},{\"type\":\"gallery_item\",\"props\":{\"image\":\"wp-content\\\/uploads\\\/2021\\\/08\\\/ParcAnimalier9.jpeg\"}},{\"type\":\"gallery_item\",\"props\":{\"image\":\"wp-content\\\/uploads\\\/2021\\\/08\\\/ParcAnimalier10.jpeg\"}},{\"type\":\"gallery_item\",\"props\":{\"image\":\"wp-content\\\/uploads\\\/2021\\\/08\\\/ParcAnimalier11.jpeg\"}},{\"type\":\"gallery_item\",\"props\":{\"image\":\"wp-content\\\/uploads\\\/2021\\\/08\\\/ParcAnimalier12.jpeg\"}}]}]}]}]}],\"version\":\"2.5.9\"} --><\/p>\n","protected":false},"excerpt":{"rendered":"<p>Parc Animalier Le Parc Animalier d\u2019Introd a vu le jour en 2005. Il s\u2019\u00e9tend aujourd\u2019hui sur cinq hectares et il est peupl\u00e9 de 19 esp\u00e8ces diff\u00e9rentes d\u2019animaux. Dans cet espace, les passionn\u00e9s de la faune vald\u00f4taine peuvent rencontrer des bouquetins et des cerfs, des marmottes, des hiboux grands-ducs et bien d\u2019autres\u2026 En se baladant dans [&hellip;]<\/p>\n","protected":false},"author":1,"featured_media":0,"parent":2653,"menu_order":0,"comment_status":"closed","ping_status":"closed","template":"","meta":{"saved_in_kubio":false,"_seopress_robots_primary_cat":"","_seopress_titles_title":"Parc Animalier | Green Experience Vall\u00e9e d&#039;Aoste","_seopress_titles_desc":"Il Parc Animalier d\u2019Introd nasce nel 2005 ed \u00e8 un parco faunistico che si estende per 5 ettari e dove abitano 19 diverse specie di animali. Clicca qui per informazioni!","_seopress_robots_index":"","footnotes":""},"class_list":["post-2589","page","type-page","status-publish","hentry"],"kubio_ai_page_context":{"short_desc":"","purpose":"general"},"_links":{"self":[{"href":"https:\/\/www.greenvda.com\/fr\/wp-json\/wp\/v2\/pages\/2589","targetHints":{"allow":["GET"]}}],"collection":[{"href":"https:\/\/www.greenvda.com\/fr\/wp-json\/wp\/v2\/pages"}],"about":[{"href":"https:\/\/www.greenvda.com\/fr\/wp-json\/wp\/v2\/types\/page"}],"author":[{"embeddable":true,"href":"https:\/\/www.greenvda.com\/fr\/wp-json\/wp\/v2\/users\/1"}],"replies":[{"embeddable":true,"href":"https:\/\/www.greenvda.com\/fr\/wp-json\/wp\/v2\/comments?post=2589"}],"version-history":[{"count":3,"href":"https:\/\/www.greenvda.com\/fr\/wp-json\/wp\/v2\/pages\/2589\/revisions"}],"predecessor-version":[{"id":3355,"href":"https:\/\/www.greenvda.com\/fr\/wp-json\/wp\/v2\/pages\/2589\/revisions\/3355"}],"up":[{"embeddable":true,"href":"https:\/\/www.greenvda.com\/fr\/wp-json\/wp\/v2\/pages\/2653"}],"wp:attachment":[{"href":"https:\/\/www.greenvda.com\/fr\/wp-json\/wp\/v2\/media?parent=2589"}],"curies":[{"name":"wp","href":"https:\/\/api.w.org\/{rel}","templated":true}]}}