{"id":2582,"date":"2021-08-31T15:55:58","date_gmt":"2021-08-31T13:55:58","guid":{"rendered":"https:\/\/www.greenvda.com\/randonnee\/trekking-del-monte-bianco\/"},"modified":"2021-12-07T16:35:58","modified_gmt":"2021-12-07T15:35:58","slug":"randonnee-du-mont-blanc","status":"publish","type":"page","link":"https:\/\/www.greenvda.com\/fr\/green-experiences\/randonnee\/randonnee-du-mont-blanc\/","title":{"rendered":"Randonn\u00e9e du Mont-Blanc"},"content":{"rendered":"<p><img decoding=\"async\" src=\"\/wp-content\/uploads\/2021\/08\/TrekkingdelMonteBianco1.jpeg\" alt=\"\"><\/p>\n<div>\n<h1>Randonn\u00e9e du Mont-Blanc<\/h1>\n<div>\n<h3 dir=\"ltr\" class=\"CDt4Ke zfr3Q\">Description succincte et particularit\u00e9s<\/h3>\n<p><span>L\u2019un des plus beaux itin\u00e9raires de tout le massif du Mont-Blanc est situ\u00e9 \u00e0 la gauche orographique du Val Ferret, vall\u00e9e magnifique au pied du Mont-Blanc sur le versant italien. Le parcours suit en grande partie un sentier presque \u00e0 plat et il  est tr\u00e8s panoramique, juste en face des Grandes Jorasses, de la Dent du G\u00e9ant et du versant de la Brenva du Mont-Blanc. C\u2019est l\u2019un des passages les plus spectaculaires du c\u00e9l\u00e8bre Tour du Mont-Blanc.<\/span><\/p>\n<h3 dir=\"ltr\" class=\"CDt4Ke zfr3Q\"><span><strong>Meeting point<\/strong><\/span><\/h3>\n<p><span>Rendez-vous avec le guide au parking du t\u00e9l\u00e9ph\u00e9rique de la Val Veny, pr\u00e8s de la Skyway Mont-Blanc<\/span><\/p>\n<h3>Parcours<\/h3>\n<p dir=\"ltr\" class=\"CDt4Ke zfr3Q\"><span>\u00c0 partir de Planpincieux (1.593 m), on monte vers le refuge Bertone. \u00c0 1.950 m d&rsquo;altitude, on croise le trac\u00e9 du Tour du Mont-Blanc et on poursuit en montant et en descendant l\u00e9g\u00e8rement le long de l&rsquo;\u00e9paulement panoramique du Val Ferret, jusqu\u2019au refuge Bonatti (2.025 m). Le parcours se d\u00e9veloppe juste au-dessus de la limites des bois et il alterne les prairies alpines fleuries, les alpages, les \u00e9tendues de rhododendrons et les for\u00eats de m\u00e9l\u00e8zes. \u00c0 chaque pas, la vue sur le massif du Mont-Blanc change et c\u2019est un d\u00e9fil\u00e9 de glaciers scintillants. D\u00e9jeuner au refuge et descente \u00e0 Lavachey (1.642 m), retour le long du fond de la vall\u00e9e \u00e0 plat, le long du beau torrent, entre les prairies et les zones humides prot\u00e9g\u00e9es, o\u00f9 l\u2019on peut observer une flore rare et caract\u00e9ristique.<\/span><\/p>\n<p dir=\"ltr\" class=\"CDt4Ke zfr3Q\"><span>Pour les mieux entra\u00een\u00e9s, il est possible d\u2019allonger l\u2019itin\u00e9raire en faisant une ascension au Mont de la Saxe (2.346 m) et en continuant, avec un parcours panoramique le long d\u2019un \u00e9paulement, vers la T\u00eate de la Tronche, franchir le Col Sapin (2.435 m), descendre dans le solitaire vallon d\u2019Arminaz pour atteindre enfin le refuge Bonatti. <\/span><\/p>\n<h3 dir=\"ltr\" class=\"CDt4Ke zfr3Q\"><strong>Difficult\u00e9, niveau de pr\u00e9paration et temps<\/strong><\/h3>\n<p dir=\"ltr\" class=\"CDt4Ke zfr3Q\"><span>Parcours simple sans difficult\u00e9 particuli\u00e8re<\/span><\/p>\n<p dir=\"ltr\" class=\"CDt4Ke zfr3Q\"><span>Le temps de trajet varie de 4 heures pour la variante la plus courte jusqu\u2019\u00e0 5 heures et demie pour la version allong\u00e9e<\/span><\/p>\n<h3>Co\u00fbt<\/h3>\n<p dir=\"ltr\" class=\"CDt4Ke zfr3Q\"><span>Journ\u00e9e compl\u00e8te \u20ac 58 par personne minimum 4 personnes.<\/span><\/p>\n<\/div>\n<\/div>\n<p><img decoding=\"async\" src=\"\/wp-content\/uploads\/2021\/08\/TrekkingdelMonteBianco00.jpeg\" alt=\"\"><\/p>\n<ul>\n<li>\n<p>        <img decoding=\"async\" src=\"\/wp-content\/uploads\/2021\/08\/TrekkingdelMonteBianco1.jpeg\" alt=\"\"><\/p>\n<\/li>\n<li>\n<p>        <img decoding=\"async\" src=\"\/wp-content\/uploads\/2021\/08\/TrekkingdelMonteBianco2.jpeg\" alt=\"\"><\/p>\n<\/li>\n<li>\n<p>        <img decoding=\"async\" src=\"\/wp-content\/uploads\/2021\/08\/TrekkingdelMonteBianco3.jpeg\" alt=\"\"><\/p>\n<\/li>\n<li>\n<p>        <img decoding=\"async\" src=\"\/wp-content\/uploads\/2021\/08\/TrekkingdelMonteBianco4.jpeg\" alt=\"\"><\/p>\n<\/li>\n<li>\n<p>        <img decoding=\"async\" src=\"\/wp-content\/uploads\/2021\/08\/TrekkingdelMonteBianco5.jpeg\" alt=\"\"><\/p>\n<\/li>\n<li>\n<p>        <img decoding=\"async\" src=\"\/wp-content\/uploads\/2021\/08\/TrekkingdelMonteBianco6.jpeg\" alt=\"\"><\/p>\n<\/li>\n<\/ul>\n<p><!--more--><br \/>\n<!-- {\"name\":\"Trans Alps Adventure\",\"type\":\"layout\",\"children\":[{\"name\":\"Hero\",\"type\":\"section\",\"props\":{\"style\":\"primary\",\"width\":\"large\",\"vertical_align\":\"\",\"title_position\":\"top-left\",\"title_rotation\":\"left\",\"title_breakpoint\":\"xl\",\"image_position\":\"top-center\",\"height\":\"percent\",\"padding\":\"large\",\"image\":\"wp-content\\\/uploads\\\/2021\\\/08\\\/TrekkingdelMonteBianco0.jpeg\",\"text_color\":\"light\",\"image_size\":\"cover\",\"image_effect\":\"parallax\",\"image_width\":\"2560\",\"overlap\":false,\"image_parallax_breakpoint\":\"m\",\"image_parallax_bgy_start\":\"-200\"},\"children\":[{\"name\":\"\",\"type\":\"row\",\"children\":[{\"name\":\"\",\"type\":\"column\",\"props\":{\"image_position\":\"center-center\",\"media_overlay_gradient\":\"\",\"width_medium\":\"1-1\"},\"children\":[]}]}]},{\"name\":\"About\",\"type\":\"section\",\"props\":{\"style\":\"default\",\"width\":\"xlarge\",\"vertical_align\":\"middle\",\"title_position\":\"center-right\",\"title_rotation\":\"left\",\"title_breakpoint\":\"xl\",\"image_position\":\"center-center\",\"padding\":\"none\",\"overlap\":false,\"title\":\"\",\"padding_remove_bottom\":false,\"padding_remove_top\":false},\"children\":[{\"name\":\"\",\"type\":\"row\",\"props\":{\"layout\":\"1-2,1-2\",\"match\":true,\"column_gap\":\"collapse\",\"row_gap\":\"collapse\"},\"children\":[{\"name\":\"\",\"type\":\"column\",\"props\":{\"image_position\":\"center-center\",\"vertical_align\":\"middle\",\"media_overlay_gradient\":\"\",\"width_medium\":\"1-2\"},\"children\":[{\"name\":\"\",\"type\":\"image\",\"props\":{\"margin\":\"default\",\"text_align\":\"right\",\"maxwidth\":\"xlarge\",\"animation\":\"parallax\",\"image\":\"wp-content\\\/uploads\\\/2021\\\/08\\\/TrekkingdelMonteBianco1.jpeg\",\"image_width\":\"600\",\"parallax_breakpoint\":\"m\",\"parallax_y_end\":\"-240\",\"parallax_y_start\":\"-100\",\"image_box_decoration\":\"default\",\"block_align\":\"right\",\"image_svg_color\":\"emphasis\",\"image_height\":\"700\"}}]},{\"name\":\"\",\"type\":\"column\",\"props\":{\"image_position\":\"center-center\",\"media_overlay_gradient\":\"\",\"width_medium\":\"1-2\"},\"children\":[{\"name\":\"\",\"type\":\"panel\",\"props\":{\"link_text\":\"Tariffe e galleria fotografica\",\"title_element\":\"h1\",\"meta_style\":\"meta\",\"meta_align\":\"below-title\",\"image_align\":\"top\",\"image_grid_width\":\"1-2\",\"link_style\":\"primary\",\"margin\":\"\",\"panel_style\":\"card-default\",\"panel_size\":\"large\",\"title_style\":\"h1\",\"text_align\":\"left\",\"maxwidth\":\"xlarge\",\"maxwidth_breakpoint\":\"l\",\"animation\":\"parallax\",\"title\":\"Randonn\\u00e9e du Mont-Blanc\",\"content\":\"\n\n<h3 dir=\\\"ltr\\\" class=\\\"CDt4Ke zfr3Q\\\">Description succincte et particularit\\u00e9s<\\\/h3>\\n\n\n<p><span>L\\u2019un des plus beaux itin\\u00e9raires de tout le massif du Mont-Blanc est situ\\u00e9 \\u00e0 la gauche orographique du Val Ferret, vall\\u00e9e magnifique au pied du Mont-Blanc sur le versant italien. Le parcours suit en grande partie un sentier presque \\u00e0 plat et il  est tr\\u00e8s panoramique, juste en face des Grandes Jorasses, de la Dent du G\\u00e9ant et du versant de la Brenva du Mont-Blanc. C\\u2019est l\\u2019un des passages les plus spectaculaires du c\\u00e9l\\u00e8bre Tour du Mont-Blanc.<\\\/span><\\\/p>\\n\n\n<h3 dir=\\\"ltr\\\" class=\\\"CDt4Ke zfr3Q\\\"><span><strong>Meeting point<\\\/strong><\\\/span><\\\/h3>\\n\n\n<p><span>Rendez-vous avec le guide au parking du t\\u00e9l\\u00e9ph\\u00e9rique de la Val Veny, pr\\u00e8s de la Skyway Mont-Blanc<\\\/span><\\\/p>\\n\n\n<h3>Parcours<\\\/h3>\\n\n\n<p dir=\\\"ltr\\\" class=\\\"CDt4Ke zfr3Q\\\"><span>\\u00c0 partir de Planpincieux (1.593 m), on monte vers le refuge Bertone. \\u00c0 1.950 m d'altitude, on croise le trac\\u00e9 du Tour du Mont-Blanc et on poursuit en montant et en descendant l\\u00e9g\\u00e8rement le long de l'\\u00e9paulement panoramique du Val Ferret, jusqu\\u2019au refuge Bonatti (2.025 m). Le parcours se d\\u00e9veloppe juste au-dessus de la limites des bois et il alterne les prairies alpines fleuries, les alpages, les \\u00e9tendues de rhododendrons et les for\\u00eats de m\\u00e9l\\u00e8zes. \\u00c0 chaque pas, la vue sur le massif du Mont-Blanc change et c\\u2019est un d\\u00e9fil\\u00e9 de glaciers scintillants. D\\u00e9jeuner au refuge et descente \\u00e0 Lavachey (1.642 m), retour le long du fond de la vall\\u00e9e \\u00e0 plat, le long du beau torrent, entre les prairies et les zones humides prot\\u00e9g\\u00e9es, o\\u00f9 l\\u2019on peut observer une flore rare et caract\\u00e9ristique.<\\\/span><\\\/p>\\n\n\n<p dir=\\\"ltr\\\" class=\\\"CDt4Ke zfr3Q\\\"><span>Pour les mieux entra\\u00een\\u00e9s, il est possible d\\u2019allonger l\\u2019itin\\u00e9raire en faisant une ascension au Mont de la Saxe (2.346 m) et en continuant, avec un parcours panoramique le long d\\u2019un \\u00e9paulement, vers la T\\u00eate de la Tronche, franchir le Col Sapin (2.435 m), descendre dans le solitaire vallon d\\u2019Arminaz pour atteindre enfin le refuge Bonatti. <\\\/span><\\\/p>\\n\n\n<h3 dir=\\\"ltr\\\" class=\\\"CDt4Ke zfr3Q\\\"><strong>Difficult\\u00e9, niveau de pr\\u00e9paration et temps<\\\/strong><\\\/h3>\\n\n\n<p dir=\\\"ltr\\\" class=\\\"CDt4Ke zfr3Q\\\"><span>Parcours simple sans difficult\\u00e9 particuli\\u00e8re<\\\/span><\\\/p>\\n\n\n<p dir=\\\"ltr\\\" class=\\\"CDt4Ke zfr3Q\\\"><span>Le temps de trajet varie de 4 heures pour la variante la plus courte jusqu\\u2019\\u00e0 5 heures et demie pour la version allong\\u00e9e<\\\/span><\\\/p>\\n\n\n<h3>Co\\u00fbt<\\\/h3>\\n\n\n<p dir=\\\"ltr\\\" class=\\\"CDt4Ke zfr3Q\\\"><span>Journ\\u00e9e compl\\u00e8te \\u20ac 58 par personne minimum 4 personnes.<\\\/span><\\\/p>\",\"parallax_breakpoint\":\"m\",\"parallax_y_start\":\"-200\",\"title_hover_style\":\"reset\",\"title_align\":\"top\",\"title_grid_width\":\"1-2\",\"image_svg_color\":\"emphasis\",\"position\":\"relative\",\"position_left\":\"-50\",\"css\":\"@media (max-width: 959px) {\\n    .el-element { position: static !important; }\\n}\",\"title_grid_breakpoint\":\"m\",\"image_grid_breakpoint\":\"m\",\"icon_width\":80,\"meta_element\":\"div\",\"content_column_breakpoint\":\"m\",\"link\":\"\",\"link_target\":true,\"meta\":\"\"}}]}]}]},{\"type\":\"section\",\"props\":{\"style\":\"default\",\"width\":\"default\",\"vertical_align\":\"middle\",\"title_position\":\"top-left\",\"title_rotation\":\"left\",\"title_breakpoint\":\"xl\",\"image_position\":\"center-center\"},\"children\":[{\"type\":\"row\",\"children\":[{\"type\":\"column\",\"props\":{\"image_position\":\"center-center\",\"media_overlay_gradient\":\"\",\"width_medium\":\"2-3\"},\"children\":[{\"type\":\"image\",\"props\":{\"margin\":\"default\",\"image_svg_color\":\"emphasis\",\"image\":\"wp-content\\\/uploads\\\/2021\\\/08\\\/TrekkingdelMonteBianco00.jpeg\",\"text_align\":\"center\"}}]},{\"type\":\"column\",\"props\":{\"image_position\":\"center-center\",\"media_overlay_gradient\":\"\",\"width_medium\":\"1-3\"},\"children\":[{\"type\":\"gallery\",\"props\":{\"show_title\":true,\"show_meta\":true,\"show_content\":true,\"show_link\":true,\"show_hover_image\":true,\"grid_default\":\"1\",\"grid_medium\":\"2\",\"filter_style\":\"tab\",\"filter_all\":true,\"filter_position\":\"top\",\"filter_align\":\"left\",\"filter_grid_width\":\"auto\",\"filter_grid_breakpoint\":\"m\",\"overlay_mode\":\"cover\",\"overlay_hover\":true,\"overlay_style\":\"\",\"text_color\":\"light\",\"overlay_position\":\"center\",\"overlay_transition\":\"fade\",\"title_hover_style\":\"reset\",\"title_element\":\"h3\",\"meta_style\":\"meta\",\"meta_align\":\"below-title\",\"meta_element\":\"div\",\"link_text\":\"Fai click\",\"link_style\":\"\",\"text_align\":\"center\",\"margin\":\"default\",\"item_animation\":true,\"lightbox\":true,\"title_display\":\"lightbox\",\"content_display\":\"lightbox\",\"lightbox_image_orientation\":false,\"lightbox_image_width\":\"\",\"lightbox_image_height\":\"\",\"image_width\":\"400\",\"image_height\":\"400\"},\"children\":[{\"type\":\"gallery_item\",\"props\":{\"image\":\"wp-content\\\/uploads\\\/2021\\\/08\\\/TrekkingdelMonteBianco1.jpeg\"}},{\"type\":\"gallery_item\",\"props\":{\"image\":\"wp-content\\\/uploads\\\/2021\\\/08\\\/TrekkingdelMonteBianco2.jpeg\"}},{\"type\":\"gallery_item\",\"props\":{\"image\":\"wp-content\\\/uploads\\\/2021\\\/08\\\/TrekkingdelMonteBianco3.jpeg\"}},{\"type\":\"gallery_item\",\"props\":{\"image\":\"wp-content\\\/uploads\\\/2021\\\/08\\\/TrekkingdelMonteBianco4.jpeg\"}},{\"type\":\"gallery_item\",\"props\":{\"image\":\"wp-content\\\/uploads\\\/2021\\\/08\\\/TrekkingdelMonteBianco5.jpeg\"}},{\"type\":\"gallery_item\",\"props\":{\"image\":\"wp-content\\\/uploads\\\/2021\\\/08\\\/TrekkingdelMonteBianco6.jpeg\"}}]}]}],\"props\":{\"layout\":\"2-3,1-3\"}}]}],\"version\":\"2.5.9\"} --><\/p>\n","protected":false},"excerpt":{"rendered":"<p>Randonn\u00e9e du Mont-Blanc Description succincte et particularit\u00e9s L\u2019un des plus beaux itin\u00e9raires de tout le massif du Mont-Blanc est situ\u00e9 \u00e0 la gauche orographique du Val Ferret, vall\u00e9e magnifique au pied du Mont-Blanc sur le versant italien. Le parcours suit en grande partie un sentier presque \u00e0 plat et il est tr\u00e8s panoramique, juste en [&hellip;]<\/p>\n","protected":false},"author":1,"featured_media":0,"parent":2575,"menu_order":0,"comment_status":"closed","ping_status":"closed","template":"","meta":{"saved_in_kubio":false,"_seopress_robots_primary_cat":"","_seopress_titles_title":"Trekking del Monte Bianco | Green Experience Vall\u00e9e d&#039;Aoste","_seopress_titles_desc":"Uno degli itinerari pi\u00f9 belli di tutto il massiccio del Monte Bianco \u00e8 quello sulla sinistra orografica della Val Ferret. Entra in questa sezione per scoprire di pi\u00f9!","_seopress_robots_index":"","footnotes":""},"class_list":["post-2582","page","type-page","status-publish","hentry"],"kubio_ai_page_context":{"short_desc":"","purpose":"general"},"_links":{"self":[{"href":"https:\/\/www.greenvda.com\/fr\/wp-json\/wp\/v2\/pages\/2582","targetHints":{"allow":["GET"]}}],"collection":[{"href":"https:\/\/www.greenvda.com\/fr\/wp-json\/wp\/v2\/pages"}],"about":[{"href":"https:\/\/www.greenvda.com\/fr\/wp-json\/wp\/v2\/types\/page"}],"author":[{"embeddable":true,"href":"https:\/\/www.greenvda.com\/fr\/wp-json\/wp\/v2\/users\/1"}],"replies":[{"embeddable":true,"href":"https:\/\/www.greenvda.com\/fr\/wp-json\/wp\/v2\/comments?post=2582"}],"version-history":[{"count":2,"href":"https:\/\/www.greenvda.com\/fr\/wp-json\/wp\/v2\/pages\/2582\/revisions"}],"predecessor-version":[{"id":2584,"href":"https:\/\/www.greenvda.com\/fr\/wp-json\/wp\/v2\/pages\/2582\/revisions\/2584"}],"up":[{"embeddable":true,"href":"https:\/\/www.greenvda.com\/fr\/wp-json\/wp\/v2\/pages\/2575"}],"wp:attachment":[{"href":"https:\/\/www.greenvda.com\/fr\/wp-json\/wp\/v2\/media?parent=2582"}],"curies":[{"name":"wp","href":"https:\/\/api.w.org\/{rel}","templated":true}]}}