{"id":2578,"date":"2021-08-31T15:47:41","date_gmt":"2021-08-31T13:47:41","guid":{"rendered":"https:\/\/www.greenvda.com\/randonnee\/trekking-del-gran-paradiso\/"},"modified":"2021-12-07T16:25:00","modified_gmt":"2021-12-07T15:25:00","slug":"randonnee-du-grand-paradis","status":"publish","type":"page","link":"https:\/\/www.greenvda.com\/fr\/green-experiences\/randonnee\/randonnee-du-grand-paradis\/","title":{"rendered":"Randonn\u00e9e du Grand-Paradis"},"content":{"rendered":"<p><img decoding=\"async\" src=\"\/wp-content\/uploads\/2021\/08\/TrekkingdelGranParadiso1.jpeg\" alt=\"\"><\/p>\n<div>\n<h1>Randonn\u00e9e du Grand-Paradis<\/h1>\n<div>\n<h3 dir=\"ltr\" class=\"CDt4Ke zfr3Q\">Description succincte et particularit\u00e9s<\/h3>\n<p><span>L&rsquo;itin\u00e9raire que nous vous proposons se trouve au c\u0153ur du Parc national du Grand-Paradis, dans la vall\u00e9e de Cogne, pour partir \u00e0 la d\u00e9couverte de bouquetins, marmottes et chamois jusqu\u2019au refuge historique Sella.<\/span><\/p>\n<h3 dir=\"ltr\" class=\"CDt4Ke zfr3Q\"><span><strong>Meeting point<\/strong><\/span><\/h3>\n<p><span>Rendez-vous avec le guide devant l\u2019entr\u00e9e du jardin botanique alpin &lt;Paradisia&gt;<\/span><\/p>\n<h3>Parcours<\/h3>\n<p dir=\"ltr\" class=\"CDt4Ke zfr3Q\"><span>Le sentier serpente d\u2019abord dans la for\u00eat, puis il arrive aux prairies de haute altitude ; la zone est l\u2019une des plus fr\u00e9quent\u00e9es par l\u2019animal symbole du parc, le bouquetin, ainsi que par les chamois et les marmottes. Avant l\u2019arriv\u00e9e au refuge, l\u2019itin\u00e9raire passe par les alpages du Lauson. Apr\u00e8s une pause d\u00e9jeuner au refuge, la marche se poursuit dans la direction de l\u2019alpage Herbetet, en passant par les merveilleux petits lacs du Lauson. La prudence est de mise pour franchir quelques passages difficiles, o\u00f9 les randonneurs s\u2019aident de cha\u00eenes. Le spectacle sur le bout de la vall\u00e9e est splendide : les Pointes Patr\u00ec, les Ap\u00f4tres, la Roche vive, la Becca de Gay, la T\u00eate de Crou et de Valnontey, et encore la Pointe Ceresole et le Grand-Paradis. Il s\u2019agit d\u2019un v\u00e9ritable belv\u00e9d\u00e8re sur la t\u00eate du Valnontey ! Apr\u00e8s une premi\u00e8re descente en pente raide, le retour suit tout le fond de la vall\u00e9e en franchissant d\u2019abord le Pont de l\u2019Erfaulet, le village caract\u00e9ristique de Valmianaz et la <strong>tourbi\u00e8re int\u00e9ressante de Pr\u00e0 Suppiaz<\/strong>, o\u00f9 l\u2019on peut observer la flore et la faune des zones humides d\u2019altitude.<\/span><\/p>\n<p dir=\"ltr\" class=\"CDt4Ke zfr3Q\"><span>Signalement : le tron\u00e7on du <strong>sentier 18b \u00e0 partir des lacs Lauson jusqu\u2019\u00e0 la Gu\u00e9rite de l\u2019Herbetet<\/strong> n\u2019est conseill\u00e9 qu\u2019aux <strong>randonneurs experts (EE)<\/strong>, car il s\u2019agit d\u2019un parcours expos\u00e9.<\/span><\/p>\n<h3 dir=\"ltr\" class=\"CDt4Ke zfr3Q\"><span><strong>Difficult\u00e9, niveau de pr\u00e9paration et temps<\/strong><\/span><\/h3>\n<p><span>Boucle de difficult\u00e9 moyenne, avec certains passages expos\u00e9s. Temps de parcours approximatif : 6 heures.<\/span><\/p>\n<h3>Co\u00fbt<\/h3>\n<p dir=\"ltr\" class=\"CDt4Ke zfr3Q\"><span>Journ\u00e9e compl\u00e8te \u20ac 58 par personne minimum 4 personnes.<\/span><\/p>\n<\/div>\n<\/div>\n<p><img decoding=\"async\" src=\"\/wp-content\/uploads\/2021\/08\/TrekkingdelGranParadiso00.jpeg\" alt=\"\"><\/p>\n<ul>\n<li>\n<p>        <img decoding=\"async\" src=\"\/wp-content\/uploads\/2021\/08\/TrekkingdelGranParadiso1.jpeg\" alt=\"\"><\/p>\n<\/li>\n<li>\n<p>        <img decoding=\"async\" src=\"\/wp-content\/uploads\/2021\/08\/TrekkingdelGranParadiso2.jpeg\" alt=\"\"><\/p>\n<\/li>\n<li>\n<p>        <img decoding=\"async\" src=\"\/wp-content\/uploads\/2021\/08\/TrekkingdelGranParadiso3.jpeg\" alt=\"\"><\/p>\n<\/li>\n<li>\n<p>        <img decoding=\"async\" src=\"\/wp-content\/uploads\/2021\/08\/TrekkingdelGranParadiso4.jpeg\" alt=\"\"><\/p>\n<\/li>\n<li>\n<p>        <img decoding=\"async\" src=\"\/wp-content\/uploads\/2021\/08\/TrekkingdelGranParadiso5.jpeg\" alt=\"\"><\/p>\n<\/li>\n<li>\n<p>        <img decoding=\"async\" src=\"\/wp-content\/uploads\/2021\/08\/TrekkingdelGranParadiso6.jpeg\" alt=\"\"><\/p>\n<\/li>\n<\/ul>\n<p><!--more--><br \/>\n<!-- {\"name\":\"Trans Alps Adventure\",\"type\":\"layout\",\"children\":[{\"name\":\"Hero\",\"type\":\"section\",\"props\":{\"style\":\"primary\",\"width\":\"large\",\"vertical_align\":\"\",\"title_position\":\"top-left\",\"title_rotation\":\"left\",\"title_breakpoint\":\"xl\",\"image_position\":\"top-center\",\"height\":\"percent\",\"padding\":\"large\",\"image\":\"wp-content\\\/uploads\\\/2021\\\/08\\\/TrekkingdelGranParadiso0.jpeg\",\"text_color\":\"light\",\"image_size\":\"cover\",\"image_effect\":\"parallax\",\"image_width\":\"2560\",\"overlap\":false,\"image_parallax_breakpoint\":\"m\",\"image_parallax_bgy_start\":\"-200\"},\"children\":[{\"name\":\"\",\"type\":\"row\",\"children\":[{\"name\":\"\",\"type\":\"column\",\"props\":{\"image_position\":\"center-center\",\"media_overlay_gradient\":\"\",\"width_medium\":\"1-1\"},\"children\":[]}]}]},{\"name\":\"About\",\"type\":\"section\",\"props\":{\"style\":\"default\",\"width\":\"xlarge\",\"vertical_align\":\"middle\",\"title_position\":\"center-right\",\"title_rotation\":\"left\",\"title_breakpoint\":\"xl\",\"image_position\":\"center-center\",\"padding\":\"none\",\"overlap\":false,\"title\":\"\",\"padding_remove_bottom\":false,\"padding_remove_top\":false},\"children\":[{\"name\":\"\",\"type\":\"row\",\"props\":{\"layout\":\"1-2,1-2\",\"match\":true,\"column_gap\":\"collapse\",\"row_gap\":\"collapse\"},\"children\":[{\"name\":\"\",\"type\":\"column\",\"props\":{\"image_position\":\"center-center\",\"vertical_align\":\"middle\",\"media_overlay_gradient\":\"\",\"width_medium\":\"1-2\"},\"children\":[{\"name\":\"\",\"type\":\"image\",\"props\":{\"margin\":\"default\",\"text_align\":\"right\",\"maxwidth\":\"xlarge\",\"animation\":\"parallax\",\"image\":\"wp-content\\\/uploads\\\/2021\\\/08\\\/TrekkingdelGranParadiso1.jpeg\",\"image_width\":\"600\",\"parallax_breakpoint\":\"m\",\"parallax_y_end\":\"-240\",\"parallax_y_start\":\"-100\",\"image_box_decoration\":\"default\",\"block_align\":\"right\",\"image_svg_color\":\"emphasis\",\"image_height\":\"700\"}}]},{\"name\":\"\",\"type\":\"column\",\"props\":{\"image_position\":\"center-center\",\"media_overlay_gradient\":\"\",\"width_medium\":\"1-2\"},\"children\":[{\"name\":\"\",\"type\":\"panel\",\"props\":{\"link_text\":\"Tariffe e galleria fotografica\",\"title_element\":\"h1\",\"meta_style\":\"meta\",\"meta_align\":\"below-title\",\"image_align\":\"top\",\"image_grid_width\":\"1-2\",\"link_style\":\"primary\",\"margin\":\"\",\"panel_style\":\"card-default\",\"panel_size\":\"large\",\"title_style\":\"h1\",\"text_align\":\"left\",\"maxwidth\":\"xlarge\",\"maxwidth_breakpoint\":\"l\",\"animation\":\"parallax\",\"title\":\"Randonn\\u00e9e du Grand-Paradis\",\"content\":\"\n\n<h3 dir=\\\"ltr\\\" class=\\\"CDt4Ke zfr3Q\\\">Description succincte et particularit\\u00e9s<\\\/h3>\\n\n\n<p><span>L'itin\\u00e9raire que nous vous proposons se trouve au c\\u0153ur du Parc national du Grand-Paradis, dans la vall\\u00e9e de Cogne, pour partir \\u00e0 la d\\u00e9couverte de bouquetins, marmottes et chamois jusqu\\u2019au refuge historique Sella.<\\\/span><\\\/p>\\n\n\n<h3 dir=\\\"ltr\\\" class=\\\"CDt4Ke zfr3Q\\\"><span><strong>Meeting point<\\\/strong><\\\/span><\\\/h3>\\n\n\n<p><span>Rendez-vous avec le guide devant l\\u2019entr\\u00e9e du jardin botanique alpin &lt;Paradisia&gt;<\\\/span><\\\/p>\\n\n\n<h3>Parcours<\\\/h3>\\n\n\n<p dir=\\\"ltr\\\" class=\\\"CDt4Ke zfr3Q\\\"><span>Le sentier serpente d\\u2019abord dans la for\\u00eat, puis il arrive aux prairies de haute altitude ; la zone est l\\u2019une des plus fr\\u00e9quent\\u00e9es par l\\u2019animal symbole du parc, le bouquetin, ainsi que par les chamois et les marmottes. Avant l\\u2019arriv\\u00e9e au refuge, l\\u2019itin\\u00e9raire passe par les alpages du Lauson. Apr\\u00e8s une pause d\\u00e9jeuner au refuge, la marche se poursuit dans la direction de l\\u2019alpage Herbetet, en passant par les merveilleux petits lacs du Lauson. La prudence est de mise pour franchir quelques passages difficiles, o\\u00f9 les randonneurs s\\u2019aident de cha\\u00eenes. Le spectacle sur le bout de la vall\\u00e9e est splendide : les Pointes Patr\\u00ec, les Ap\\u00f4tres, la Roche vive, la Becca de Gay, la T\\u00eate de Crou et de Valnontey, et encore la Pointe Ceresole et le Grand-Paradis. Il s\\u2019agit d\\u2019un v\\u00e9ritable belv\\u00e9d\\u00e8re sur la t\\u00eate du Valnontey ! Apr\\u00e8s une premi\\u00e8re descente en pente raide, le retour suit tout le fond de la vall\\u00e9e en franchissant d\\u2019abord le Pont de l\\u2019Erfaulet, le village caract\\u00e9ristique de Valmianaz et la <strong>tourbi\\u00e8re int\\u00e9ressante de Pr\\u00e0 Suppiaz<\\\/strong>, o\\u00f9 l\\u2019on peut observer la flore et la faune des zones humides d\\u2019altitude.<\\\/span><\\\/p>\\n\n\n<p dir=\\\"ltr\\\" class=\\\"CDt4Ke zfr3Q\\\"><span>Signalement : le tron\\u00e7on du <strong>sentier 18b \\u00e0 partir des lacs Lauson jusqu\\u2019\\u00e0 la Gu\\u00e9rite de l\\u2019Herbetet<\\\/strong> n\\u2019est conseill\\u00e9 qu\\u2019aux <strong>randonneurs experts (EE)<\\\/strong>, car il s\\u2019agit d\\u2019un parcours expos\\u00e9.<\\\/span><\\\/p>\\n\n\n<h3 dir=\\\"ltr\\\" class=\\\"CDt4Ke zfr3Q\\\"><span><strong>Difficult\\u00e9, niveau de pr\\u00e9paration et temps<\\\/strong><\\\/span><\\\/h3>\\n\n\n<p><span>Boucle de difficult\\u00e9 moyenne, avec certains passages expos\\u00e9s. Temps de parcours approximatif : 6 heures.<\\\/span><\\\/p>\\n\n\n<h3>Co\\u00fbt<\\\/h3>\\n\n\n<p dir=\\\"ltr\\\" class=\\\"CDt4Ke zfr3Q\\\"><span>Journ\\u00e9e compl\\u00e8te \\u20ac 58 par personne minimum 4 personnes.<\\\/span><\\\/p>\",\"parallax_breakpoint\":\"m\",\"parallax_y_start\":\"-200\",\"title_hover_style\":\"reset\",\"title_align\":\"top\",\"title_grid_width\":\"1-2\",\"image_svg_color\":\"emphasis\",\"position\":\"relative\",\"position_left\":\"-50\",\"css\":\"@media (max-width: 959px) {\\n    .el-element { position: static !important; }\\n}\",\"title_grid_breakpoint\":\"m\",\"image_grid_breakpoint\":\"m\",\"icon_width\":80,\"meta_element\":\"div\",\"content_column_breakpoint\":\"m\",\"link\":\"\",\"link_target\":true,\"meta\":\"\"}}]}]}]},{\"type\":\"section\",\"props\":{\"style\":\"default\",\"width\":\"default\",\"vertical_align\":\"middle\",\"title_position\":\"top-left\",\"title_rotation\":\"left\",\"title_breakpoint\":\"xl\",\"image_position\":\"center-center\"},\"children\":[{\"type\":\"row\",\"children\":[{\"type\":\"column\",\"props\":{\"image_position\":\"center-center\",\"media_overlay_gradient\":\"\",\"width_medium\":\"2-3\"},\"children\":[{\"type\":\"image\",\"props\":{\"margin\":\"default\",\"image_svg_color\":\"emphasis\",\"image\":\"wp-content\\\/uploads\\\/2021\\\/08\\\/TrekkingdelGranParadiso00.jpeg\",\"text_align\":\"center\"}}]},{\"type\":\"column\",\"props\":{\"image_position\":\"center-center\",\"media_overlay_gradient\":\"\",\"width_medium\":\"1-3\"},\"children\":[{\"type\":\"gallery\",\"props\":{\"show_title\":true,\"show_meta\":true,\"show_content\":true,\"show_link\":true,\"show_hover_image\":true,\"grid_default\":\"1\",\"grid_medium\":\"2\",\"filter_style\":\"tab\",\"filter_all\":true,\"filter_position\":\"top\",\"filter_align\":\"left\",\"filter_grid_width\":\"auto\",\"filter_grid_breakpoint\":\"m\",\"overlay_mode\":\"cover\",\"overlay_hover\":true,\"overlay_style\":\"\",\"text_color\":\"light\",\"overlay_position\":\"center\",\"overlay_transition\":\"fade\",\"title_hover_style\":\"reset\",\"title_element\":\"h3\",\"meta_style\":\"meta\",\"meta_align\":\"below-title\",\"meta_element\":\"div\",\"link_text\":\"Fai click\",\"link_style\":\"\",\"text_align\":\"center\",\"margin\":\"default\",\"item_animation\":true,\"lightbox\":true,\"title_display\":\"lightbox\",\"content_display\":\"lightbox\",\"lightbox_image_orientation\":false,\"lightbox_image_width\":\"\",\"lightbox_image_height\":\"\",\"image_width\":\"400\",\"image_height\":\"400\"},\"children\":[{\"type\":\"gallery_item\",\"props\":{\"image\":\"wp-content\\\/uploads\\\/2021\\\/08\\\/TrekkingdelGranParadiso1.jpeg\"}},{\"type\":\"gallery_item\",\"props\":{\"image\":\"wp-content\\\/uploads\\\/2021\\\/08\\\/TrekkingdelGranParadiso2.jpeg\"}},{\"type\":\"gallery_item\",\"props\":{\"image\":\"wp-content\\\/uploads\\\/2021\\\/08\\\/TrekkingdelGranParadiso3.jpeg\"}},{\"type\":\"gallery_item\",\"props\":{\"image\":\"wp-content\\\/uploads\\\/2021\\\/08\\\/TrekkingdelGranParadiso4.jpeg\"}},{\"type\":\"gallery_item\",\"props\":{\"image\":\"wp-content\\\/uploads\\\/2021\\\/08\\\/TrekkingdelGranParadiso5.jpeg\"}},{\"type\":\"gallery_item\",\"props\":{\"image\":\"wp-content\\\/uploads\\\/2021\\\/08\\\/TrekkingdelGranParadiso6.jpeg\"}}]}]}],\"props\":{\"layout\":\"2-3,1-3\"}}]}],\"version\":\"2.5.9\"} --><\/p>\n","protected":false},"excerpt":{"rendered":"<p>Randonn\u00e9e du Grand-Paradis Description succincte et particularit\u00e9s L&rsquo;itin\u00e9raire que nous vous proposons se trouve au c\u0153ur du Parc national du Grand-Paradis, dans la vall\u00e9e de Cogne, pour partir \u00e0 la d\u00e9couverte de bouquetins, marmottes et chamois jusqu\u2019au refuge historique Sella. Meeting point Rendez-vous avec le guide devant l\u2019entr\u00e9e du jardin botanique alpin &lt;Paradisia&gt; Parcours Le [&hellip;]<\/p>\n","protected":false},"author":1,"featured_media":0,"parent":2575,"menu_order":0,"comment_status":"closed","ping_status":"closed","template":"","meta":{"saved_in_kubio":false,"_seopress_robots_primary_cat":"","_seopress_titles_title":"Trekking del Gran Paradiso | Green Experience Vall\u00e9e d&#039;Aoste","_seopress_titles_desc":"L\u2019itinerario che vi proponiamo si trova nel cuore del Parco Nazionale del Gran Paradiso alla scoperta di stambecchi, marmotte e camosci fino allo storico rifugio Sella.","_seopress_robots_index":"","footnotes":""},"class_list":["post-2578","page","type-page","status-publish","hentry"],"kubio_ai_page_context":{"short_desc":"","purpose":"general"},"_links":{"self":[{"href":"https:\/\/www.greenvda.com\/fr\/wp-json\/wp\/v2\/pages\/2578","targetHints":{"allow":["GET"]}}],"collection":[{"href":"https:\/\/www.greenvda.com\/fr\/wp-json\/wp\/v2\/pages"}],"about":[{"href":"https:\/\/www.greenvda.com\/fr\/wp-json\/wp\/v2\/types\/page"}],"author":[{"embeddable":true,"href":"https:\/\/www.greenvda.com\/fr\/wp-json\/wp\/v2\/users\/1"}],"replies":[{"embeddable":true,"href":"https:\/\/www.greenvda.com\/fr\/wp-json\/wp\/v2\/comments?post=2578"}],"version-history":[{"count":3,"href":"https:\/\/www.greenvda.com\/fr\/wp-json\/wp\/v2\/pages\/2578\/revisions"}],"predecessor-version":[{"id":2581,"href":"https:\/\/www.greenvda.com\/fr\/wp-json\/wp\/v2\/pages\/2578\/revisions\/2581"}],"up":[{"embeddable":true,"href":"https:\/\/www.greenvda.com\/fr\/wp-json\/wp\/v2\/pages\/2575"}],"wp:attachment":[{"href":"https:\/\/www.greenvda.com\/fr\/wp-json\/wp\/v2\/media?parent=2578"}],"curies":[{"name":"wp","href":"https:\/\/api.w.org\/{rel}","templated":true}]}}