{"id":2575,"date":"2021-09-01T14:16:35","date_gmt":"2021-09-01T12:16:35","guid":{"rendered":"https:\/\/www.greenvda.com\/trekking\/"},"modified":"2022-01-27T12:24:09","modified_gmt":"2022-01-27T11:24:09","slug":"randonnee","status":"publish","type":"page","link":"https:\/\/www.greenvda.com\/fr\/green-experiences\/randonnee\/","title":{"rendered":"Randonn\u00e9e"},"content":{"rendered":"<p><img decoding=\"async\" src=\"\/wp-content\/uploads\/2021\/09\/Trekking1.jpeg\" alt=\"\"><\/p>\n<div>\n<h1>Randonn\u00e9e<\/h1>\n<div>\n<p dir=\"ltr\" class=\"CDt4Ke zfr3Q\"><span>Faire de la randonn\u00e9e en Vall\u00e9e d\u2019Aoste, entour\u00e9s des sommets les plus hauts d\u2019Europe, est une exp\u00e9rience incontournable et \u00e0 la port\u00e9e de tous. Des sportifs aux personnes en qu\u00eate de balades pour se d\u00e9tendre, d\u2019air frais et silence, la Vall\u00e9e d\u2019Aoste offre \u00e0 tous d\u2019innombrables promenades et randonn\u00e9es dans la nature intacte. O\u00f9 que vous s\u00e9journiez, vous serez entour\u00e9s d\u2019itin\u00e9raires o\u00f9 les paysages sont \u00e0 couper le souffle et ont une histoire \u00e0 raconter, pour vous d\u00e9voiler des vall\u00e9es cach\u00e9es, d\u2019anciens sanctuaires, des refuges, des cols, des vallons suspendus. De plus, la Vall\u00e9e d\u2019Aoste comprend deux r\u00e9serves naturelles importantes. La premi\u00e8re est le Parc national du Grand-Paradis, le plus ancien parc naturel d\u2019Italie. Peupl\u00e9 de bouquetins, de chamois, de marmottes, d\u2019aigles et de gypa\u00e8tes, il garantit la conservation de milieux naturels uniques et d\u2019une pr\u00e9cieuse biodiversit\u00e9. Le Parc r\u00e9gional du Mont-Avic s\u2019av\u00e8re tout aussi int\u00e9ressant : il est riche de for\u00eats de pins \u00e0 crochets, une essence rare, ainsi que de zones humides et de tourbi\u00e8res, de nombreux lacs alpins et de milieux de haute altitude \u00e0 d\u00e9couvrir. Nous serons heureux de vous proposer des randonn\u00e9es personnalis\u00e9es sur la base de vos exigences.<\/span><\/p>\n<h3 dir=\"ltr\" class=\"CDt4Ke zfr3Q\"><span><strong>Co\u00fbt<\/strong><\/span><\/h3>\n<ul class=\"n8H08c UVNKR\">\n<li dir=\"ltr\" class=\"TYR86d wXCUfe zfr3Q\">\n<p dir=\"ltr\" class=\"CDt4Ke zfr3Q\"><span>Demi-journ\u00e9e \u20ac 38 par personne minimum 4 personnes.<\/span><\/p>\n<\/li>\n<li dir=\"ltr\" class=\"TYR86d wXCUfe zfr3Q\">\n<p dir=\"ltr\" class=\"CDt4Ke zfr3Q\"><span>Journ\u00e9e compl\u00e8te \u20ac 58 par personne minimum 4 personnes.<br \/>\n<\/span><\/p>\n<\/li>\n<\/ul>\n<\/div>\n<\/div>\n<ul>\n<li>\n<p>        <img decoding=\"async\" src=\"\/wp-content\/uploads\/2021\/09\/Trekkinglink1.jpeg\" alt=\"\"><\/p>\n<h3>Trekking del Gran Paradiso<\/h3>\n<p><a href=\"\/trekking-del-gran-paradiso\/\">Scopri di pi\u00f9<\/a><\/p>\n<\/li>\n<li>\n<p>        <img decoding=\"async\" src=\"\/wp-content\/uploads\/2021\/09\/Trekkinglink2.jpeg\" alt=\"\"><\/p>\n<h3>Trekking del Monte Bianco<\/h3>\n<p><a href=\"\/trekking-del-monte-bianco\/\">Scopri di pi\u00f9<\/a><\/p>\n<\/li>\n<li>\n<p>        <img decoding=\"async\" src=\"\/wp-content\/uploads\/2021\/09\/Trekkinglink3.jpeg\" alt=\"\"><\/p>\n<h3>Trekking del Monte Cervino<\/h3>\n<p><a href=\"\/trekking-del-monte-cervino\/\">Scopri di pi\u00f9<\/a><\/p>\n<\/li>\n<\/ul>\n<ul>\n<li>\n<p>        <img decoding=\"async\" src=\"\/wp-content\/uploads\/2021\/09\/Trekking1.jpeg\" alt=\"\"><\/p>\n<\/li>\n<li>\n<p>        <img decoding=\"async\" src=\"\/wp-content\/uploads\/2021\/09\/Trekking2.jpeg\" alt=\"\"><\/p>\n<\/li>\n<li>\n<p>        <img decoding=\"async\" src=\"\/wp-content\/uploads\/2021\/09\/Trekking3.jpeg\" alt=\"\"><\/p>\n<\/li>\n<li>\n<p>        <img decoding=\"async\" src=\"\/wp-content\/uploads\/2021\/09\/Trekking4.jpeg\" alt=\"\"><\/p>\n<\/li>\n<li>\n<p>        <img decoding=\"async\" src=\"\/wp-content\/uploads\/2021\/09\/Trekking5.jpeg\" alt=\"\"><\/p>\n<\/li>\n<li>\n<p>        <img decoding=\"async\" src=\"\/wp-content\/uploads\/2021\/09\/Trekking6.jpeg\" alt=\"\"><\/p>\n<\/li>\n<li>\n<p>        <img decoding=\"async\" src=\"\/wp-content\/uploads\/2021\/09\/Trekking7.jpeg\" alt=\"\"><\/p>\n<\/li>\n<li>\n<p>        <img decoding=\"async\" src=\"\/wp-content\/uploads\/2021\/09\/Trekking8.jpeg\" alt=\"\"><\/p>\n<\/li>\n<li>\n<p>        <img decoding=\"async\" src=\"\/wp-content\/uploads\/2021\/09\/Trekking9.jpeg\" alt=\"\"><\/p>\n<\/li>\n<\/ul>\n<p><!--more--><br \/>\n<!-- {\"name\":\"Trans Alps Adventure\",\"type\":\"layout\",\"children\":[{\"name\":\"Hero\",\"type\":\"section\",\"props\":{\"style\":\"primary\",\"width\":\"large\",\"vertical_align\":\"\",\"title_position\":\"top-left\",\"title_rotation\":\"left\",\"title_breakpoint\":\"xl\",\"image_position\":\"top-center\",\"height\":\"percent\",\"padding\":\"large\",\"image\":\"\",\"text_color\":\"light\",\"image_size\":\"cover\",\"image_effect\":\"parallax\",\"image_width\":\"2560\",\"overlap\":false,\"image_parallax_breakpoint\":\"m\",\"image_parallax_bgy_start\":\"-200\",\"video\":\"<iframe width=\\\"1280\\\" height=\\\"720\\\" src=\\\"https:\\\/\\\/www.youtube.com\\\/embed\\\/GomNcB5axck\\\" title=\\\"YouTube video player\\\" frameborder=\\\"0\\\" allow=\\\"accelerometer; autoplay; clipboard-write; encrypted-media; gyroscope; picture-in-picture\\\" allowfullscreen><\\\/iframe>\",\"video_width\":\"1000\"},\"children\":[{\"name\":\"\",\"type\":\"row\",\"children\":[{\"name\":\"\",\"type\":\"column\",\"props\":{\"image_position\":\"center-center\",\"media_overlay_gradient\":\"\",\"width_medium\":\"1-1\"},\"children\":[]}]}]},{\"name\":\"About\",\"type\":\"section\",\"props\":{\"style\":\"default\",\"width\":\"xlarge\",\"vertical_align\":\"middle\",\"title_position\":\"center-right\",\"title_rotation\":\"left\",\"title_breakpoint\":\"xl\",\"image_position\":\"center-center\",\"padding\":\"none\",\"overlap\":false,\"title\":\"\",\"padding_remove_bottom\":false,\"padding_remove_top\":false},\"children\":[{\"name\":\"\",\"type\":\"row\",\"props\":{\"layout\":\"1-2,1-2\",\"match\":true,\"column_gap\":\"collapse\",\"row_gap\":\"collapse\"},\"children\":[{\"name\":\"\",\"type\":\"column\",\"props\":{\"image_position\":\"center-center\",\"vertical_align\":\"middle\",\"media_overlay_gradient\":\"\",\"width_medium\":\"1-2\"},\"children\":[{\"name\":\"\",\"type\":\"image\",\"props\":{\"margin\":\"default\",\"text_align\":\"right\",\"maxwidth\":\"xlarge\",\"animation\":\"parallax\",\"image\":\"wp-content\\\/uploads\\\/2021\\\/09\\\/Trekking1.jpeg\",\"image_width\":\"600\",\"parallax_breakpoint\":\"m\",\"parallax_y_end\":\"-240\",\"parallax_y_start\":\"-100\",\"image_box_decoration\":\"default\",\"block_align\":\"right\",\"image_svg_color\":\"emphasis\",\"image_height\":\"700\"}}]},{\"name\":\"\",\"type\":\"column\",\"props\":{\"image_position\":\"center-center\",\"media_overlay_gradient\":\"\",\"width_medium\":\"1-2\"},\"children\":[{\"name\":\"\",\"type\":\"panel\",\"props\":{\"link_text\":\"Tariffe e galleria fotografica\",\"title_element\":\"h1\",\"meta_style\":\"meta\",\"meta_align\":\"below-title\",\"image_align\":\"top\",\"image_grid_width\":\"1-2\",\"link_style\":\"primary\",\"margin\":\"\",\"panel_style\":\"card-default\",\"panel_size\":\"large\",\"title_style\":\"h1\",\"text_align\":\"left\",\"maxwidth\":\"xlarge\",\"maxwidth_breakpoint\":\"l\",\"animation\":\"parallax\",\"title\":\"Randonn\\u00e9e\",\"content\":\"\n\n<p dir=\\\"ltr\\\" class=\\\"CDt4Ke zfr3Q\\\"><span>Faire de la randonn\\u00e9e en Vall\\u00e9e d\\u2019Aoste, entour\\u00e9s des sommets les plus hauts d\\u2019Europe, est une exp\\u00e9rience incontournable et \\u00e0 la port\\u00e9e de tous. Des sportifs aux personnes en qu\\u00eate de balades pour se d\\u00e9tendre, d\\u2019air frais et silence, la Vall\\u00e9e d\\u2019Aoste offre \\u00e0 tous d\\u2019innombrables promenades et randonn\\u00e9es dans la nature intacte. O\\u00f9 que vous s\\u00e9journiez, vous serez entour\\u00e9s d\\u2019itin\\u00e9raires o\\u00f9 les paysages sont \\u00e0 couper le souffle et ont une histoire \\u00e0 raconter, pour vous d\\u00e9voiler des vall\\u00e9es cach\\u00e9es, d\\u2019anciens sanctuaires, des refuges, des cols, des vallons suspendus. De plus, la Vall\\u00e9e d\\u2019Aoste comprend deux r\\u00e9serves naturelles importantes. La premi\\u00e8re est le Parc national du Grand-Paradis, le plus ancien parc naturel d\\u2019Italie. Peupl\\u00e9 de bouquetins, de chamois, de marmottes, d\\u2019aigles et de gypa\\u00e8tes, il garantit la conservation de milieux naturels uniques et d\\u2019une pr\\u00e9cieuse biodiversit\\u00e9. Le Parc r\\u00e9gional du Mont-Avic s\\u2019av\\u00e8re tout aussi int\\u00e9ressant : il est riche de for\\u00eats de pins \\u00e0 crochets, une essence rare, ainsi que de zones humides et de tourbi\\u00e8res, de nombreux lacs alpins et de milieux de haute altitude \\u00e0 d\\u00e9couvrir. Nous serons heureux de vous proposer des randonn\\u00e9es personnalis\\u00e9es sur la base de vos exigences.<\\\/span><\\\/p>\\n\n\n<h3 dir=\\\"ltr\\\" class=\\\"CDt4Ke zfr3Q\\\"><span><strong>Co\\u00fbt<\\\/strong><\\\/span><\\\/h3>\\n\n\n<ul class=\\\"n8H08c UVNKR\\\">\\n\n\n<li dir=\\\"ltr\\\" class=\\\"TYR86d wXCUfe zfr3Q\\\">\\n\n\n<p dir=\\\"ltr\\\" class=\\\"CDt4Ke zfr3Q\\\"><span>Demi-journ\\u00e9e \\u20ac 38 par personne minimum 4 personnes.<\\\/span><\\\/p>\\n<\\\/li>\\n\n\n<li dir=\\\"ltr\\\" class=\\\"TYR86d wXCUfe zfr3Q\\\">\\n\n\n<p dir=\\\"ltr\\\" class=\\\"CDt4Ke zfr3Q\\\"><span>Journ\\u00e9e compl\\u00e8te \\u20ac 58 par personne minimum 4 personnes.\\n<\\\/span><\\\/p>\\n<\\\/li>\\n<\\\/ul>\",\"parallax_breakpoint\":\"m\",\"parallax_y_start\":\"-200\",\"title_hover_style\":\"reset\",\"title_align\":\"top\",\"title_grid_width\":\"1-2\",\"image_svg_color\":\"emphasis\",\"position\":\"relative\",\"position_left\":\"-50\",\"css\":\"@media (max-width: 959px) {\\n    .el-element { position: static !important; }\\n}\",\"title_grid_breakpoint\":\"m\",\"image_grid_breakpoint\":\"m\",\"icon_width\":80,\"meta_element\":\"div\",\"content_column_breakpoint\":\"m\",\"link\":\"\",\"link_target\":true,\"meta\":\"\"}}]}]}]},{\"type\":\"section\",\"props\":{\"style\":\"default\",\"width\":\"default\",\"vertical_align\":\"middle\",\"title_position\":\"top-left\",\"title_rotation\":\"left\",\"title_breakpoint\":\"xl\",\"image_position\":\"center-center\"},\"children\":[{\"type\":\"row\",\"children\":[{\"type\":\"column\",\"props\":{\"image_position\":\"center-center\",\"media_overlay_gradient\":\"\"},\"children\":[{\"type\":\"grid\",\"props\":{\"show_title\":true,\"show_meta\":true,\"show_content\":true,\"show_image\":true,\"show_link\":true,\"grid_default\":\"1\",\"grid_medium\":\"3\",\"filter_style\":\"tab\",\"filter_all\":true,\"filter_position\":\"top\",\"filter_align\":\"left\",\"filter_grid_width\":\"auto\",\"filter_grid_breakpoint\":\"m\",\"title_hover_style\":\"reset\",\"title_element\":\"h3\",\"title_align\":\"top\",\"title_grid_width\":\"1-2\",\"title_grid_breakpoint\":\"m\",\"meta_style\":\"meta\",\"meta_align\":\"below-title\",\"meta_element\":\"div\",\"content_column_breakpoint\":\"m\",\"icon_width\":80,\"image_align\":\"top\",\"image_grid_width\":\"1-2\",\"image_grid_breakpoint\":\"m\",\"image_svg_color\":\"emphasis\",\"link_text\":\"Scopri di pi\\u00f9\",\"link_style\":\"default\",\"margin\":\"default\",\"item_animation\":true,\"panel_style\":\"card-default\",\"title_style\":\"h5\",\"panel_size\":\"small\"},\"children\":[{\"type\":\"grid_item\",\"props\":{\"title\":\"Trekking del Gran Paradiso\",\"image\":\"wp-content\\\/uploads\\\/2021\\\/09\\\/Trekkinglink1.jpeg\",\"link\":\"trekking-del-gran-paradiso\\\/\",\"link_text\":\"Scopri di pi\\u00f9\"}},{\"type\":\"grid_item\",\"props\":{\"title\":\"Trekking del Monte Bianco\",\"image\":\"wp-content\\\/uploads\\\/2021\\\/09\\\/Trekkinglink2.jpeg\",\"link\":\"trekking-del-monte-bianco\\\/\",\"link_text\":\"Scopri di pi\\u00f9\"}},{\"type\":\"grid_item\",\"props\":{\"title\":\"Trekking del Monte Cervino\",\"image\":\"wp-content\\\/uploads\\\/2021\\\/09\\\/Trekkinglink3.jpeg\",\"link\":\"trekking-del-monte-cervino\\\/\",\"link_text\":\"Scopri di pi\\u00f9\"}}]}]}]}]},{\"type\":\"section\",\"props\":{\"style\":\"default\",\"width\":\"default\",\"vertical_align\":\"middle\",\"title_position\":\"top-left\",\"title_rotation\":\"left\",\"title_breakpoint\":\"xl\",\"image_position\":\"center-center\"},\"children\":[{\"type\":\"row\",\"children\":[{\"type\":\"column\",\"props\":{\"image_position\":\"center-center\",\"media_overlay_gradient\":\"\"},\"children\":[{\"type\":\"gallery\",\"props\":{\"show_title\":true,\"show_meta\":true,\"show_content\":true,\"show_link\":true,\"show_hover_image\":true,\"grid_default\":\"1\",\"grid_medium\":\"4\",\"filter_style\":\"tab\",\"filter_all\":true,\"filter_position\":\"top\",\"filter_align\":\"left\",\"filter_grid_width\":\"auto\",\"filter_grid_breakpoint\":\"m\",\"overlay_mode\":\"cover\",\"overlay_hover\":true,\"overlay_style\":\"\",\"text_color\":\"light\",\"overlay_position\":\"center\",\"overlay_transition\":\"fade\",\"title_hover_style\":\"reset\",\"title_element\":\"h3\",\"meta_style\":\"meta\",\"meta_align\":\"below-title\",\"meta_element\":\"div\",\"link_text\":\"Fai click\",\"link_style\":\"\",\"text_align\":\"center\",\"margin\":\"default\",\"item_animation\":true,\"lightbox\":true,\"title_display\":\"lightbox\",\"content_display\":\"lightbox\",\"lightbox_image_orientation\":false,\"lightbox_image_width\":\"\",\"lightbox_image_height\":\"\",\"image_width\":\"400\",\"image_height\":\"400\"},\"children\":[{\"type\":\"gallery_item\",\"props\":{\"image\":\"wp-content\\\/uploads\\\/2021\\\/09\\\/Trekking1.jpeg\"}},{\"type\":\"gallery_item\",\"props\":{\"image\":\"wp-content\\\/uploads\\\/2021\\\/09\\\/Trekking2.jpeg\"}},{\"type\":\"gallery_item\",\"props\":{\"image\":\"wp-content\\\/uploads\\\/2021\\\/09\\\/Trekking3.jpeg\"}},{\"type\":\"gallery_item\",\"props\":{\"image\":\"wp-content\\\/uploads\\\/2021\\\/09\\\/Trekking4.jpeg\"}},{\"type\":\"gallery_item\",\"props\":{\"image\":\"wp-content\\\/uploads\\\/2021\\\/09\\\/Trekking5.jpeg\"}},{\"type\":\"gallery_item\",\"props\":{\"image\":\"wp-content\\\/uploads\\\/2021\\\/09\\\/Trekking6.jpeg\"}},{\"type\":\"gallery_item\",\"props\":{\"image\":\"wp-content\\\/uploads\\\/2021\\\/09\\\/Trekking7.jpeg\"}},{\"type\":\"gallery_item\",\"props\":{\"image\":\"wp-content\\\/uploads\\\/2021\\\/09\\\/Trekking8.jpeg\"}},{\"type\":\"gallery_item\",\"props\":{\"image\":\"wp-content\\\/uploads\\\/2021\\\/09\\\/Trekking9.jpeg\"}}]}]}]}]}],\"version\":\"2.5.9\"} --><\/p>\n","protected":false},"excerpt":{"rendered":"<p>Randonn\u00e9e Faire de la randonn\u00e9e en Vall\u00e9e d\u2019Aoste, entour\u00e9s des sommets les plus hauts d\u2019Europe, est une exp\u00e9rience incontournable et \u00e0 la port\u00e9e de tous. Des sportifs aux personnes en qu\u00eate de balades pour se d\u00e9tendre, d\u2019air frais et silence, la Vall\u00e9e d\u2019Aoste offre \u00e0 tous d\u2019innombrables promenades et randonn\u00e9es dans la nature intacte. O\u00f9 [&hellip;]<\/p>\n","protected":false},"author":1,"featured_media":0,"parent":2653,"menu_order":0,"comment_status":"closed","ping_status":"closed","template":"","meta":{"saved_in_kubio":false,"_seopress_robots_primary_cat":"","_seopress_titles_title":"Trekking - Valle d&#039;Aosta | Green Experience Vall\u00e9e d&#039;Aoste","_seopress_titles_desc":"Fare trekking in Valle d\u2019Aosta fra le cime pi\u00f9 alte d\u2019Europa \u00e8 un\u2019esperienza da non perdere e alla portata di tutti. Scopri quali passeggiate offre la Valle&#039;Aosta!","_seopress_robots_index":"","footnotes":""},"class_list":["post-2575","page","type-page","status-publish","hentry"],"kubio_ai_page_context":{"short_desc":"","purpose":"general"},"_links":{"self":[{"href":"https:\/\/www.greenvda.com\/fr\/wp-json\/wp\/v2\/pages\/2575","targetHints":{"allow":["GET"]}}],"collection":[{"href":"https:\/\/www.greenvda.com\/fr\/wp-json\/wp\/v2\/pages"}],"about":[{"href":"https:\/\/www.greenvda.com\/fr\/wp-json\/wp\/v2\/types\/page"}],"author":[{"embeddable":true,"href":"https:\/\/www.greenvda.com\/fr\/wp-json\/wp\/v2\/users\/1"}],"replies":[{"embeddable":true,"href":"https:\/\/www.greenvda.com\/fr\/wp-json\/wp\/v2\/comments?post=2575"}],"version-history":[{"count":3,"href":"https:\/\/www.greenvda.com\/fr\/wp-json\/wp\/v2\/pages\/2575\/revisions"}],"predecessor-version":[{"id":3354,"href":"https:\/\/www.greenvda.com\/fr\/wp-json\/wp\/v2\/pages\/2575\/revisions\/3354"}],"up":[{"embeddable":true,"href":"https:\/\/www.greenvda.com\/fr\/wp-json\/wp\/v2\/pages\/2653"}],"wp:attachment":[{"href":"https:\/\/www.greenvda.com\/fr\/wp-json\/wp\/v2\/media?parent=2575"}],"curies":[{"name":"wp","href":"https:\/\/api.w.org\/{rel}","templated":true}]}}