{"id":2572,"date":"2021-08-31T14:23:02","date_gmt":"2021-08-31T12:23:02","guid":{"rendered":"https:\/\/www.greenvda.com\/giri-denergia-con-cva\/"},"modified":"2022-01-27T12:13:12","modified_gmt":"2022-01-27T11:13:12","slug":"tours-denergie-avec-cva","status":"publish","type":"page","link":"https:\/\/www.greenvda.com\/fr\/green-experiences\/tours-denergie-avec-cva\/","title":{"rendered":"Tours d&rsquo;\u00e9nergie avec CVA"},"content":{"rendered":"<p><img decoding=\"async\" src=\"\/wp-content\/uploads\/2021\/08\/GiridEnergiaconCVA1.jpeg\" alt=\"\"><\/p>\n<div>\n<h1>Tours d&rsquo;\u00e9nergie avec CVA<\/h1>\n<div>\n<p dir=\"ltr\" class=\"CDt4Ke zfr3Q\"><span>CVA, la Compagnie Vald\u00f4taine des Eaux, transforme la force de l\u2019eau, du soleil et du vent en 2,9 milliards de kWh par an, tout en pr\u00e9servant le territoire et l\u2019\u00e9cosyst\u00e8me.<\/span><\/p>\n<p dir=\"ltr\" class=\"CDt4Ke zfr3Q\"><span>Les barrages, les bassins et les centrales qu\u2019elle g\u00e8re sont des composantes fondamentales et fonctionnelles de cette alliance entre l\u2019homme et l\u2019eau qui a permis la naissance de l\u2019\u00e9nergie \u00e9lectrique : un rapport harmonieux et fascinant, riche d\u2019histoire, de culture et de respect r\u00e9ciproque. Construites pour utiliser et valoriser les ressources hydriques des vall\u00e9es vald\u00f4taines, toutes les structures int\u00e8grent la nature avec un accord tacite, o\u00f9 la g\u00e9n\u00e9ration d\u2019\u00e9nergie est accompagn\u00e9e de la protection du milieu alpin. Pour vous faire conna\u00eetre de pr\u00e8s ce patrimoine extraordinaire de technologie dans l\u2019environnement, nous vous proposons la possibilit\u00e9 de choisir parmi dix itin\u00e9raires \u00e0 la d\u00e9couverte de nos barrages et des nos centrales, afin de vous montrer directement la symbiose parfaite entre la force de la nature et le g\u00e9nie de l\u2019homme. Vous serez captiv\u00e9s aussi bien par le spectacle d\u2019un milieu naturel unique au monde que par la fascination exerc\u00e9e par ces \u0153uvres en m\u00eame temps grandioses et discr\u00e8tes, parfaitement int\u00e9gr\u00e9es dans le territoire et dans la culture montagnarde. Vous d\u00e9couvrirez les secrets que renferment les murs imposants des barrages et le fonctionnement des machines dans les centrales, leur histoire, les valeurs et le respect de l\u2019environnement. Une fa\u00e7on diff\u00e9rente de d\u00e9couvrir les vall\u00e9es, en p\u00e9n\u00e9trant au c\u0153ur d\u2019une richesse commune, qui constitue une source importante de d\u00e9veloppement pour toute la Vall\u00e9e d\u2019Aoste.<\/span><\/p>\n<h3 dir=\"ltr\" class=\"CDt4Ke zfr3Q\">Meeting Point<\/h3>\n<p dir=\"ltr\" class=\"CDt4Ke zfr3Q\"><span>Directement dans votre h\u00f4tel<\/span><\/p>\n<h3>Co\u00fbt<\/h3>\n<ul class=\"n8H08c UVNKR\">\n<li dir=\"ltr\" class=\"TYR86d wXCUfe zfr3Q\">\n<p dir=\"ltr\" class=\"CDt4Ke zfr3Q\"><span>Minimum 4 personnes<\/span><\/p>\n<\/li>\n<li dir=\"ltr\" class=\"TYR86d wXCUfe zfr3Q\">\n<p dir=\"ltr\" class=\"CDt4Ke zfr3Q\"><span>Prix par personne \u20ac 58<\/span><\/p>\n<\/li>\n<li dir=\"ltr\" class=\"TYR86d wXCUfe zfr3Q\">\n<p dir=\"ltr\" class=\"CDt4Ke zfr3Q\"><span>Y compris le guide d\u2019accompagnement et d\u2019entr\u00e9e.<\/span><\/p>\n<\/li>\n<li dir=\"ltr\" class=\"TYR86d wXCUfe zfr3Q\">\n<p dir=\"ltr\" class=\"CDt4Ke zfr3Q\"><span>La visite est \u00e9galement autoris\u00e9e pour les enfants \u00e0 partir de 5 ans. Les mineurs doivent \u00eatre accompagn\u00e9s.<\/span><\/p>\n<\/li>\n<\/ul>\n<\/div>\n<\/div>\n<ul>\n<li>\n<p>        <img decoding=\"async\" src=\"\/wp-content\/uploads\/2021\/08\/GiridEnergiaconCVA1.jpeg\" alt=\"\"><\/p>\n<\/li>\n<li>\n<p>        <img decoding=\"async\" src=\"\/wp-content\/uploads\/2021\/08\/GiridEnergiaconCVA2.jpeg\" alt=\"\"><\/p>\n<\/li>\n<li>\n<p>        <img decoding=\"async\" src=\"\/wp-content\/uploads\/2021\/08\/GiridEnergiaconCVA3.jpeg\" alt=\"\"><\/p>\n<\/li>\n<li>\n<p>        <img decoding=\"async\" src=\"\/wp-content\/uploads\/2021\/08\/GiridEnergiaconCVA4.jpeg\" alt=\"\"><\/p>\n<\/li>\n<li>\n<p>        <img decoding=\"async\" src=\"\/wp-content\/uploads\/2021\/08\/GiridEnergiaconCVA5.jpeg\" alt=\"\"><\/p>\n<\/li>\n<li>\n<p>        <img decoding=\"async\" src=\"\/wp-content\/uploads\/2021\/08\/GiridEnergiaconCVA6.jpeg\" alt=\"\"><\/p>\n<\/li>\n<li>\n<p>        <img decoding=\"async\" src=\"\/wp-content\/uploads\/2021\/08\/GiridEnergiaconCVA7.jpeg\" alt=\"\"><\/p>\n<\/li>\n<li>\n<p>        <img decoding=\"async\" src=\"\/wp-content\/uploads\/2021\/08\/GiridEnergiaconCVA8.jpeg\" alt=\"\"><\/p>\n<\/li>\n<li>\n<p>        <img decoding=\"async\" src=\"\/wp-content\/uploads\/2021\/08\/GiridEnergiaconCVA9.jpeg\" alt=\"\"><\/p>\n<\/li>\n<li>\n<p>        <img decoding=\"async\" src=\"\/wp-content\/uploads\/2021\/08\/GiridEnergiaconCVA10.jpeg\" alt=\"\"><\/p>\n<\/li>\n<li>\n<p>        <img decoding=\"async\" src=\"\/wp-content\/uploads\/2021\/08\/GiridEnergiaconCVA11.jpeg\" alt=\"\"><\/p>\n<\/li>\n<li>\n<p>        <img decoding=\"async\" src=\"\/wp-content\/uploads\/2021\/08\/GiridEnergiaconCVA12.jpeg\" alt=\"\"><\/p>\n<\/li>\n<\/ul>\n<p><!--more--><br \/>\n<!-- {\"name\":\"Trans Alps Adventure\",\"type\":\"layout\",\"children\":[{\"name\":\"Hero\",\"type\":\"section\",\"props\":{\"style\":\"primary\",\"width\":\"large\",\"vertical_align\":\"\",\"title_position\":\"top-left\",\"title_rotation\":\"left\",\"title_breakpoint\":\"xl\",\"image_position\":\"top-center\",\"height\":\"percent\",\"padding\":\"large\",\"image\":\"\",\"text_color\":\"light\",\"image_size\":\"cover\",\"image_effect\":\"parallax\",\"image_width\":\"2560\",\"overlap\":false,\"image_parallax_breakpoint\":\"m\",\"image_parallax_bgy_start\":\"-200\",\"video\":\"<iframe width=\\\"1280\\\" height=\\\"720\\\" src=\\\"https:\\\/\\\/www.youtube.com\\\/embed\\\/D5YHPjO2hEc\\\" title=\\\"YouTube video player\\\" frameborder=\\\"0\\\" allow=\\\"accelerometer; autoplay; clipboard-write; encrypted-media; gyroscope; picture-in-picture\\\" allowfullscreen><\\\/iframe>\",\"video_width\":\"1000\"},\"children\":[{\"name\":\"\",\"type\":\"row\",\"children\":[{\"name\":\"\",\"type\":\"column\",\"props\":{\"image_position\":\"center-center\",\"media_overlay_gradient\":\"\",\"width_medium\":\"1-1\"},\"children\":[]}]}]},{\"name\":\"About\",\"type\":\"section\",\"props\":{\"style\":\"default\",\"width\":\"xlarge\",\"vertical_align\":\"middle\",\"title_position\":\"center-right\",\"title_rotation\":\"left\",\"title_breakpoint\":\"xl\",\"image_position\":\"center-center\",\"padding\":\"none\",\"overlap\":false,\"title\":\"\",\"padding_remove_bottom\":false,\"padding_remove_top\":false},\"children\":[{\"name\":\"\",\"type\":\"row\",\"props\":{\"layout\":\"1-2,1-2\",\"match\":true,\"column_gap\":\"collapse\",\"row_gap\":\"collapse\"},\"children\":[{\"name\":\"\",\"type\":\"column\",\"props\":{\"image_position\":\"center-center\",\"vertical_align\":\"middle\",\"media_overlay_gradient\":\"\",\"width_medium\":\"1-2\"},\"children\":[{\"name\":\"\",\"type\":\"image\",\"props\":{\"margin\":\"default\",\"text_align\":\"right\",\"maxwidth\":\"xlarge\",\"animation\":\"parallax\",\"image\":\"wp-content\\\/uploads\\\/2021\\\/08\\\/GiridEnergiaconCVA1.jpeg\",\"image_width\":\"600\",\"parallax_breakpoint\":\"m\",\"parallax_y_end\":\"-240\",\"parallax_y_start\":\"-100\",\"image_box_decoration\":\"default\",\"block_align\":\"right\",\"image_svg_color\":\"emphasis\",\"image_height\":\"700\"}}]},{\"name\":\"\",\"type\":\"column\",\"props\":{\"image_position\":\"center-center\",\"media_overlay_gradient\":\"\",\"width_medium\":\"1-2\"},\"children\":[{\"name\":\"\",\"type\":\"panel\",\"props\":{\"link_text\":\"Tariffe e galleria fotografica\",\"title_element\":\"h1\",\"meta_style\":\"meta\",\"meta_align\":\"below-title\",\"image_align\":\"top\",\"image_grid_width\":\"1-2\",\"link_style\":\"primary\",\"margin\":\"\",\"panel_style\":\"card-default\",\"panel_size\":\"large\",\"title_style\":\"h1\",\"text_align\":\"left\",\"maxwidth\":\"xlarge\",\"maxwidth_breakpoint\":\"l\",\"animation\":\"parallax\",\"title\":\"Tours d'\\u00e9nergie avec CVA\",\"content\":\"\n\n<p dir=\\\"ltr\\\" class=\\\"CDt4Ke zfr3Q\\\"><span>CVA, la Compagnie Vald\\u00f4taine des Eaux, transforme la force de l\\u2019eau, du soleil et du vent en 2,9 milliards de kWh par an, tout en pr\\u00e9servant le territoire et l\\u2019\\u00e9cosyst\\u00e8me.<\\\/span><\\\/p>\\n\n\n<p dir=\\\"ltr\\\" class=\\\"CDt4Ke zfr3Q\\\"><span>Les barrages, les bassins et les centrales qu\\u2019elle g\\u00e8re sont des composantes fondamentales et fonctionnelles de cette alliance entre l\\u2019homme et l\\u2019eau qui a permis la naissance de l\\u2019\\u00e9nergie \\u00e9lectrique : un rapport harmonieux et fascinant, riche d\\u2019histoire, de culture et de respect r\\u00e9ciproque. Construites pour utiliser et valoriser les ressources hydriques des vall\\u00e9es vald\\u00f4taines, toutes les structures int\\u00e8grent la nature avec un accord tacite, o\\u00f9 la g\\u00e9n\\u00e9ration d\\u2019\\u00e9nergie est accompagn\\u00e9e de la protection du milieu alpin. Pour vous faire conna\\u00eetre de pr\\u00e8s ce patrimoine extraordinaire de technologie dans l\\u2019environnement, nous vous proposons la possibilit\\u00e9 de choisir parmi dix itin\\u00e9raires \\u00e0 la d\\u00e9couverte de nos barrages et des nos centrales, afin de vous montrer directement la symbiose parfaite entre la force de la nature et le g\\u00e9nie de l\\u2019homme. Vous serez captiv\\u00e9s aussi bien par le spectacle d\\u2019un milieu naturel unique au monde que par la fascination exerc\\u00e9e par ces \\u0153uvres en m\\u00eame temps grandioses et discr\\u00e8tes, parfaitement int\\u00e9gr\\u00e9es dans le territoire et dans la culture montagnarde. Vous d\\u00e9couvrirez les secrets que renferment les murs imposants des barrages et le fonctionnement des machines dans les centrales, leur histoire, les valeurs et le respect de l\\u2019environnement. Une fa\\u00e7on diff\\u00e9rente de d\\u00e9couvrir les vall\\u00e9es, en p\\u00e9n\\u00e9trant au c\\u0153ur d\\u2019une richesse commune, qui constitue une source importante de d\\u00e9veloppement pour toute la Vall\\u00e9e d\\u2019Aoste.<\\\/span><\\\/p>\\n\n\n<h3 dir=\\\"ltr\\\" class=\\\"CDt4Ke zfr3Q\\\">Meeting Point<\\\/h3>\\n\n\n<p dir=\\\"ltr\\\" class=\\\"CDt4Ke zfr3Q\\\"><span>Directement dans votre h\\u00f4tel<\\\/span><\\\/p>\\n\n\n<h3>Co\\u00fbt<\\\/h3>\\n\n\n<ul class=\\\"n8H08c UVNKR\\\">\\n\n\n<li dir=\\\"ltr\\\" class=\\\"TYR86d wXCUfe zfr3Q\\\">\\n\n\n<p dir=\\\"ltr\\\" class=\\\"CDt4Ke zfr3Q\\\"><span>Minimum 4 personnes<\\\/span><\\\/p>\\n<\\\/li>\\n\n\n<li dir=\\\"ltr\\\" class=\\\"TYR86d wXCUfe zfr3Q\\\">\\n\n\n<p dir=\\\"ltr\\\" class=\\\"CDt4Ke zfr3Q\\\"><span>Prix par personne \\u20ac 58<\\\/span><\\\/p>\\n<\\\/li>\\n\n\n<li dir=\\\"ltr\\\" class=\\\"TYR86d wXCUfe zfr3Q\\\">\\n\n\n<p dir=\\\"ltr\\\" class=\\\"CDt4Ke zfr3Q\\\"><span>Y compris le guide d\\u2019accompagnement et d\\u2019entr\\u00e9e.<\\\/span><\\\/p>\\n<\\\/li>\\n\n\n<li dir=\\\"ltr\\\" class=\\\"TYR86d wXCUfe zfr3Q\\\">\\n\n\n<p dir=\\\"ltr\\\" class=\\\"CDt4Ke zfr3Q\\\"><span>La visite est \\u00e9galement autoris\\u00e9e pour les enfants \\u00e0 partir de 5 ans. Les mineurs doivent \\u00eatre accompagn\\u00e9s.<\\\/span><\\\/p>\\n<\\\/li>\\n<\\\/ul>\",\"parallax_breakpoint\":\"m\",\"parallax_y_start\":\"-200\",\"title_hover_style\":\"reset\",\"title_align\":\"top\",\"title_grid_width\":\"1-2\",\"image_svg_color\":\"emphasis\",\"position\":\"relative\",\"position_left\":\"-50\",\"css\":\"@media (max-width: 959px) {\\n    .el-element { position: static !important; }\\n}\",\"title_grid_breakpoint\":\"m\",\"image_grid_breakpoint\":\"m\",\"icon_width\":80,\"meta_element\":\"div\",\"content_column_breakpoint\":\"m\",\"link\":\"\",\"link_target\":true,\"meta\":\"\"}}]}]}]},{\"type\":\"section\",\"props\":{\"style\":\"default\",\"width\":\"default\",\"vertical_align\":\"middle\",\"title_position\":\"top-left\",\"title_rotation\":\"left\",\"title_breakpoint\":\"xl\",\"image_position\":\"center-center\"},\"children\":[{\"type\":\"row\",\"children\":[{\"type\":\"column\",\"props\":{\"image_position\":\"center-center\",\"media_overlay_gradient\":\"\"},\"children\":[{\"type\":\"gallery\",\"props\":{\"show_title\":true,\"show_meta\":true,\"show_content\":true,\"show_link\":true,\"show_hover_image\":true,\"grid_default\":\"1\",\"grid_medium\":\"4\",\"filter_style\":\"tab\",\"filter_all\":true,\"filter_position\":\"top\",\"filter_align\":\"left\",\"filter_grid_width\":\"auto\",\"filter_grid_breakpoint\":\"m\",\"overlay_mode\":\"cover\",\"overlay_hover\":true,\"overlay_style\":\"\",\"text_color\":\"light\",\"overlay_position\":\"center\",\"overlay_transition\":\"fade\",\"title_hover_style\":\"reset\",\"title_element\":\"h3\",\"meta_style\":\"meta\",\"meta_align\":\"below-title\",\"meta_element\":\"div\",\"link_text\":\"Fai click\",\"link_style\":\"\",\"text_align\":\"center\",\"margin\":\"default\",\"item_animation\":true,\"lightbox\":true,\"title_display\":\"lightbox\",\"content_display\":\"lightbox\",\"lightbox_image_orientation\":false,\"lightbox_image_width\":\"\",\"lightbox_image_height\":\"\",\"image_width\":\"400\",\"image_height\":\"400\"},\"children\":[{\"type\":\"gallery_item\",\"props\":{\"image\":\"wp-content\\\/uploads\\\/2021\\\/08\\\/GiridEnergiaconCVA1.jpeg\"}},{\"type\":\"gallery_item\",\"props\":{\"image\":\"wp-content\\\/uploads\\\/2021\\\/08\\\/GiridEnergiaconCVA2.jpeg\"}},{\"type\":\"gallery_item\",\"props\":{\"image\":\"wp-content\\\/uploads\\\/2021\\\/08\\\/GiridEnergiaconCVA3.jpeg\"}},{\"type\":\"gallery_item\",\"props\":{\"image\":\"wp-content\\\/uploads\\\/2021\\\/08\\\/GiridEnergiaconCVA4.jpeg\"}},{\"type\":\"gallery_item\",\"props\":{\"image\":\"wp-content\\\/uploads\\\/2021\\\/08\\\/GiridEnergiaconCVA5.jpeg\"}},{\"type\":\"gallery_item\",\"props\":{\"image\":\"wp-content\\\/uploads\\\/2021\\\/08\\\/GiridEnergiaconCVA6.jpeg\"}},{\"type\":\"gallery_item\",\"props\":{\"image\":\"wp-content\\\/uploads\\\/2021\\\/08\\\/GiridEnergiaconCVA7.jpeg\"}},{\"type\":\"gallery_item\",\"props\":{\"image\":\"wp-content\\\/uploads\\\/2021\\\/08\\\/GiridEnergiaconCVA8.jpeg\"}},{\"type\":\"gallery_item\",\"props\":{\"image\":\"wp-content\\\/uploads\\\/2021\\\/08\\\/GiridEnergiaconCVA9.jpeg\"}},{\"type\":\"gallery_item\",\"props\":{\"image\":\"wp-content\\\/uploads\\\/2021\\\/08\\\/GiridEnergiaconCVA10.jpeg\"}},{\"type\":\"gallery_item\",\"props\":{\"image\":\"wp-content\\\/uploads\\\/2021\\\/08\\\/GiridEnergiaconCVA11.jpeg\"}},{\"type\":\"gallery_item\",\"props\":{\"image\":\"wp-content\\\/uploads\\\/2021\\\/08\\\/GiridEnergiaconCVA12.jpeg\"}}]}]}]}]}],\"version\":\"2.5.9\"} --><\/p>\n","protected":false},"excerpt":{"rendered":"<p>Tours d&rsquo;\u00e9nergie avec CVA CVA, la Compagnie Vald\u00f4taine des Eaux, transforme la force de l\u2019eau, du soleil et du vent en 2,9 milliards de kWh par an, tout en pr\u00e9servant le territoire et l\u2019\u00e9cosyst\u00e8me. Les barrages, les bassins et les centrales qu\u2019elle g\u00e8re sont des composantes fondamentales et fonctionnelles de cette alliance entre l\u2019homme et [&hellip;]<\/p>\n","protected":false},"author":1,"featured_media":0,"parent":2653,"menu_order":0,"comment_status":"closed","ping_status":"closed","template":"","meta":{"saved_in_kubio":false,"_seopress_robots_primary_cat":"","_seopress_titles_title":"Giri d&#039;Energia con CVA | Green Experience Vall\u00e9e d&#039;Aoste","_seopress_titles_desc":"CVA \u00e8 la Compagnia Valdostana delle Acque che trasforma la forza di acqua, sole e vento in 2,9 miliardi di kWh l\u2019anno, preservando il territorio e l\u2019ecosistema naturale.","_seopress_robots_index":"","footnotes":""},"class_list":["post-2572","page","type-page","status-publish","hentry"],"kubio_ai_page_context":{"short_desc":"","purpose":"general"},"_links":{"self":[{"href":"https:\/\/www.greenvda.com\/fr\/wp-json\/wp\/v2\/pages\/2572","targetHints":{"allow":["GET"]}}],"collection":[{"href":"https:\/\/www.greenvda.com\/fr\/wp-json\/wp\/v2\/pages"}],"about":[{"href":"https:\/\/www.greenvda.com\/fr\/wp-json\/wp\/v2\/types\/page"}],"author":[{"embeddable":true,"href":"https:\/\/www.greenvda.com\/fr\/wp-json\/wp\/v2\/users\/1"}],"replies":[{"embeddable":true,"href":"https:\/\/www.greenvda.com\/fr\/wp-json\/wp\/v2\/comments?post=2572"}],"version-history":[{"count":3,"href":"https:\/\/www.greenvda.com\/fr\/wp-json\/wp\/v2\/pages\/2572\/revisions"}],"predecessor-version":[{"id":3351,"href":"https:\/\/www.greenvda.com\/fr\/wp-json\/wp\/v2\/pages\/2572\/revisions\/3351"}],"up":[{"embeddable":true,"href":"https:\/\/www.greenvda.com\/fr\/wp-json\/wp\/v2\/pages\/2653"}],"wp:attachment":[{"href":"https:\/\/www.greenvda.com\/fr\/wp-json\/wp\/v2\/media?parent=2572"}],"curies":[{"name":"wp","href":"https:\/\/api.w.org\/{rel}","templated":true}]}}