{"id":2565,"date":"2021-08-31T14:10:27","date_gmt":"2021-08-31T12:10:27","guid":{"rendered":"https:\/\/www.greenvda.com\/aosta-romana\/"},"modified":"2022-03-25T15:33:01","modified_gmt":"2022-03-25T14:33:01","slug":"aoste-romaine","status":"publish","type":"page","link":"https:\/\/www.greenvda.com\/fr\/green-experiences\/aoste-romaine\/","title":{"rendered":"Aoste Romaine"},"content":{"rendered":"<p><img decoding=\"async\" src=\"\/wp-content\/uploads\/2021\/08\/AostaRomana1.jpeg\" alt=\"\"><\/p>\n<div>\n<h1>Aoste Romaine<\/h1>\n<div>\n<p dir=\"ltr\" class=\"CDt4Ke zfr3Q\"><span>Pour les passionn\u00e9s d\u2019histoire, la visite de la ville d\u2019Aoste permet d\u2019accomplir un voyage fascinant dans le pass\u00e9.<\/span><\/p>\n<p dir=\"ltr\" class=\"CDt4Ke zfr3Q\"><span>La ville d\u2019<em>Augusta Praetoria Salassorum<\/em> a \u00e9t\u00e9 fond\u00e9e par les Romains en 25 av. J.-C. ; elle est consid\u00e9r\u00e9e comme la \u00ab\u00a0Rome des Alpes\u00a0\u00bb\u00a0<rome des=\"\" alpes=\"\"> en raison de l\u2019importance de ses vestiges romains et de son plan d\u2019urbanisme, qui est exactement celui du \u00ab castrum \u00bb romain. En se baladant dans les rues historiques du centre, il est possible d\u2019admirer : <strong>le pont romain<\/strong> qui enjambe Buthier, l\u00e0 o\u00f9 passait la <strong>Route romaine des Gaules<\/strong> ; <strong>l\u2019Arc d\u2019Auguste<\/strong> triomphal construit en l\u2019honneur de l\u2019empereur ; <strong>la Porte pr\u00e9torienne<\/strong>, l\u2019entr\u00e9e monumentale de la ville ; le majestueux <strong>th\u00e9\u00e2tre<\/strong>, avec sa fa\u00e7ade de 22 m\u00e8tres de haut et les vestiges des gradins, de l\u2019orchestre et du proscenium ; <strong>le Forum romain<\/strong>, le lieu consacr\u00e9 aux affaires et \u00e0 l\u2019adoration des dieux. Ce dernier constituait l\u2019endroit le plus fr\u00e9quent\u00e9 de la ville et, aujourd\u2019hui, il est possible de visiter son <strong>cryptoportique<\/strong>, un portique secret qui entourait les deux temples de l\u2019espace sacr\u00e9. De plus, tout le p\u00e9rim\u00e8tre du centre historique \u00e9tait ceint de <strong>murs romains<\/strong> et de <strong>tours de d\u00e9fense<\/strong>, dont certaines peuvent encore \u00eatre visit\u00e9es.<\/rome><\/span><\/p>\n<h3>Meeting Point<\/h3>\n<p dir=\"ltr\" class=\"CDt4Ke zfr3Q\"><span>Le rendez-vous est \u00e0 Aoste.<\/span><\/p>\n<h3>Co\u00fbt<\/h3>\n<p dir=\"ltr\" class=\"CDt4Ke zfr3Q\"><span>Demi-journ\u00e9e \u20ac 38 par personne minimum 4 personnes.<\/span><\/p>\n<p dir=\"ltr\" class=\"CDt4Ke zfr3Q\"><span>Journ\u00e9e compl\u00e8te \u20ac 58 par personne minimum 4 personnes.<\/span><\/p>\n<\/div>\n<\/div>\n<ul>\n<li>\n<p>        <img decoding=\"async\" src=\"\/wp-content\/uploads\/2021\/08\/AostaRomana1.jpeg\" alt=\"\"><\/p>\n<\/li>\n<li>\n<p>        <img decoding=\"async\" src=\"\/wp-content\/uploads\/2021\/08\/AostaRomana2.jpeg\" alt=\"\"><\/p>\n<\/li>\n<li>\n<p>        <img decoding=\"async\" src=\"\/wp-content\/uploads\/2021\/08\/AostaRomana3.jpeg\" alt=\"\"><\/p>\n<\/li>\n<li>\n<p>        <img decoding=\"async\" src=\"\/wp-content\/uploads\/2021\/08\/AostaRomana4.jpeg\" alt=\"\"><\/p>\n<\/li>\n<li>\n<p>        <img decoding=\"async\" src=\"\/wp-content\/uploads\/2021\/08\/AostaRomana5.jpeg\" alt=\"\"><\/p>\n<\/li>\n<li>\n<p>        <img decoding=\"async\" src=\"\/wp-content\/uploads\/2021\/08\/AostaRomana6.jpeg\" alt=\"\"><\/p>\n<\/li>\n<li>\n<p>        <img decoding=\"async\" src=\"\/wp-content\/uploads\/2021\/08\/AostaRomana7.jpeg\" alt=\"\"><\/p>\n<\/li>\n<li>\n<p>        <img decoding=\"async\" src=\"\/wp-content\/uploads\/2021\/08\/AostaRomana8.jpeg\" alt=\"\"><\/p>\n<\/li>\n<li>\n<p>        <img decoding=\"async\" src=\"\/wp-content\/uploads\/2021\/08\/AostaRomana9.jpeg\" alt=\"\"><\/p>\n<\/li>\n<li>\n<p>        <img decoding=\"async\" src=\"\/wp-content\/uploads\/2021\/08\/AostaRomana10.jpeg\" alt=\"\"><\/p>\n<\/li>\n<li>\n<p>        <img decoding=\"async\" src=\"\/wp-content\/uploads\/2021\/08\/AostaRomana11.jpeg\" alt=\"\"><\/p>\n<\/li>\n<li>\n<p>        <img decoding=\"async\" src=\"\/wp-content\/uploads\/2021\/08\/AostaRomana12.jpeg\" alt=\"\"><\/p>\n<\/li>\n<\/ul>\n<p><!--more--><br \/>\n<!-- {\"name\":\"Trans Alps Adventure\",\"type\":\"layout\",\"children\":[{\"name\":\"Hero\",\"type\":\"section\",\"props\":{\"style\":\"primary\",\"width\":\"large\",\"vertical_align\":\"\",\"title_position\":\"top-left\",\"title_rotation\":\"left\",\"title_breakpoint\":\"xl\",\"image_position\":\"top-center\",\"height\":\"percent\",\"padding\":\"large\",\"image\":\"wp-content\\\/uploads\\\/2021\\\/08\\\/AostaRomana0.jpeg\",\"text_color\":\"light\",\"image_size\":\"cover\",\"image_effect\":\"parallax\",\"image_width\":\"2560\",\"overlap\":false,\"image_parallax_breakpoint\":\"m\",\"image_parallax_bgy_start\":\"-200\"},\"children\":[{\"name\":\"\",\"type\":\"row\",\"children\":[{\"name\":\"\",\"type\":\"column\",\"props\":{\"image_position\":\"center-center\",\"media_overlay_gradient\":\"\",\"width_medium\":\"1-1\"},\"children\":[]}]}]},{\"name\":\"About\",\"type\":\"section\",\"props\":{\"style\":\"default\",\"width\":\"xlarge\",\"vertical_align\":\"middle\",\"title_position\":\"center-right\",\"title_rotation\":\"left\",\"title_breakpoint\":\"xl\",\"image_position\":\"center-center\",\"padding\":\"none\",\"overlap\":false,\"title\":\"\",\"padding_remove_bottom\":false,\"padding_remove_top\":false},\"children\":[{\"name\":\"\",\"type\":\"row\",\"props\":{\"layout\":\"1-2,1-2\",\"match\":true,\"column_gap\":\"collapse\",\"row_gap\":\"collapse\"},\"children\":[{\"name\":\"\",\"type\":\"column\",\"props\":{\"image_position\":\"center-center\",\"vertical_align\":\"middle\",\"media_overlay_gradient\":\"\",\"width_medium\":\"1-2\"},\"children\":[{\"name\":\"\",\"type\":\"image\",\"props\":{\"margin\":\"default\",\"text_align\":\"right\",\"maxwidth\":\"xlarge\",\"animation\":\"parallax\",\"image\":\"wp-content\\\/uploads\\\/2021\\\/08\\\/AostaRomana1.jpeg\",\"image_width\":\"600\",\"parallax_breakpoint\":\"m\",\"parallax_y_end\":\"-240\",\"parallax_y_start\":\"-100\",\"image_box_decoration\":\"default\",\"block_align\":\"right\",\"image_svg_color\":\"emphasis\",\"image_height\":\"700\"}}]},{\"name\":\"\",\"type\":\"column\",\"props\":{\"image_position\":\"center-center\",\"media_overlay_gradient\":\"\",\"width_medium\":\"1-2\"},\"children\":[{\"name\":\"\",\"type\":\"panel\",\"props\":{\"link_text\":\"Tariffe e galleria fotografica\",\"title_element\":\"h1\",\"meta_style\":\"meta\",\"meta_align\":\"below-title\",\"image_align\":\"top\",\"image_grid_width\":\"1-2\",\"link_style\":\"primary\",\"margin\":\"\",\"panel_style\":\"card-default\",\"panel_size\":\"large\",\"title_style\":\"h1\",\"text_align\":\"left\",\"maxwidth\":\"xlarge\",\"maxwidth_breakpoint\":\"l\",\"animation\":\"parallax\",\"title\":\"Aoste Romaine\",\"content\":\"\n\n<p dir=\\\"ltr\\\" class=\\\"CDt4Ke zfr3Q\\\"><span>Pour les passionn\\u00e9s d\\u2019histoire, la visite de la ville d\\u2019Aoste permet d\\u2019accomplir un voyage fascinant dans le pass\\u00e9.<\\\/span><\\\/p>\\n\n\n<p dir=\\\"ltr\\\" class=\\\"CDt4Ke zfr3Q\\\"><span>La ville d\\u2019<em>Augusta Praetoria Salassorum<\\\/em> a \\u00e9t\\u00e9 fond\\u00e9e par les Romains en 25 av. J.-C. ; elle est consid\\u00e9r\\u00e9e comme la \\\"Rome des Alpes\\\"\\u00a0<rome des=\\\"\\\" alpes=\\\"\\\"> en raison de l\\u2019importance de ses vestiges romains et de son plan d\\u2019urbanisme, qui est exactement celui du \\u00ab castrum \\u00bb romain. En se baladant dans les rues historiques du centre, il est possible d\\u2019admirer : <strong>le pont romain<\\\/strong> qui enjambe Buthier, l\\u00e0 o\\u00f9 passait la <strong>Route romaine des Gaules<\\\/strong> ; <strong>l\\u2019Arc d\\u2019Auguste<\\\/strong> triomphal construit en l\\u2019honneur de l\\u2019empereur ; <strong>la Porte pr\\u00e9torienne<\\\/strong>, l\\u2019entr\\u00e9e monumentale de la ville ; le majestueux <strong>th\\u00e9\\u00e2tre<\\\/strong>, avec sa fa\\u00e7ade de 22 m\\u00e8tres de haut et les vestiges des gradins, de l\\u2019orchestre et du proscenium ; <strong>le Forum romain<\\\/strong>, le lieu consacr\\u00e9 aux affaires et \\u00e0 l\\u2019adoration des dieux. Ce dernier constituait l\\u2019endroit le plus fr\\u00e9quent\\u00e9 de la ville et, aujourd\\u2019hui, il est possible de visiter son <strong>cryptoportique<\\\/strong>, un portique secret qui entourait les deux temples de l\\u2019espace sacr\\u00e9. De plus, tout le p\\u00e9rim\\u00e8tre du centre historique \\u00e9tait ceint de <strong>murs romains<\\\/strong> et de <strong>tours de d\\u00e9fense<\\\/strong>, dont certaines peuvent encore \\u00eatre visit\\u00e9es.<\\\/rome><\\\/span><\\\/p>\\n\n\n<h3>Meeting Point<\\\/h3>\\n\n\n<p dir=\\\"ltr\\\" class=\\\"CDt4Ke zfr3Q\\\"><span>Le rendez-vous est \\u00e0 Aoste.<\\\/span><\\\/p>\\n\n\n<h3>Co\\u00fbt<\\\/h3>\\n\n\n<p dir=\\\"ltr\\\" class=\\\"CDt4Ke zfr3Q\\\"><span>Demi-journ\\u00e9e \\u20ac 38 par personne minimum 4 personnes.<\\\/span><\\\/p>\\n\n\n<p dir=\\\"ltr\\\" class=\\\"CDt4Ke zfr3Q\\\"><span>Journ\\u00e9e compl\\u00e8te \\u20ac 58 par personne minimum 4 personnes.<\\\/span><\\\/p>\",\"parallax_breakpoint\":\"m\",\"parallax_y_start\":\"-200\",\"title_hover_style\":\"reset\",\"title_align\":\"top\",\"title_grid_width\":\"1-2\",\"image_svg_color\":\"emphasis\",\"position\":\"relative\",\"position_left\":\"-50\",\"css\":\"@media (max-width: 959px) {\\n    .el-element { position: static !important; }\\n}\",\"title_grid_breakpoint\":\"m\",\"image_grid_breakpoint\":\"m\",\"icon_width\":80,\"meta_element\":\"div\",\"content_column_breakpoint\":\"m\",\"link\":\"\",\"link_target\":true,\"meta\":\"\"}}]}]}]},{\"type\":\"section\",\"props\":{\"style\":\"default\",\"width\":\"default\",\"vertical_align\":\"middle\",\"title_position\":\"top-left\",\"title_rotation\":\"left\",\"title_breakpoint\":\"xl\",\"image_position\":\"center-center\"},\"children\":[{\"type\":\"row\",\"children\":[{\"type\":\"column\",\"props\":{\"image_position\":\"center-center\",\"media_overlay_gradient\":\"\"},\"children\":[{\"type\":\"gallery\",\"props\":{\"show_title\":true,\"show_meta\":true,\"show_content\":true,\"show_link\":true,\"show_hover_image\":true,\"grid_default\":\"1\",\"grid_medium\":\"4\",\"filter_style\":\"tab\",\"filter_all\":true,\"filter_position\":\"top\",\"filter_align\":\"left\",\"filter_grid_width\":\"auto\",\"filter_grid_breakpoint\":\"m\",\"overlay_mode\":\"cover\",\"overlay_hover\":true,\"overlay_style\":\"\",\"text_color\":\"light\",\"overlay_position\":\"center\",\"overlay_transition\":\"fade\",\"title_hover_style\":\"reset\",\"title_element\":\"h3\",\"meta_style\":\"meta\",\"meta_align\":\"below-title\",\"meta_element\":\"div\",\"link_text\":\"Fai click\",\"link_style\":\"\",\"text_align\":\"center\",\"margin\":\"default\",\"item_animation\":true,\"lightbox\":true,\"title_display\":\"lightbox\",\"content_display\":\"lightbox\",\"lightbox_image_orientation\":false,\"lightbox_image_width\":\"\",\"lightbox_image_height\":\"\",\"image_width\":\"400\",\"image_height\":\"400\"},\"children\":[{\"type\":\"gallery_item\",\"props\":{\"image\":\"wp-content\\\/uploads\\\/2021\\\/08\\\/AostaRomana1.jpeg\"}},{\"type\":\"gallery_item\",\"props\":{\"image\":\"wp-content\\\/uploads\\\/2021\\\/08\\\/AostaRomana2.jpeg\"}},{\"type\":\"gallery_item\",\"props\":{\"image\":\"wp-content\\\/uploads\\\/2021\\\/08\\\/AostaRomana3.jpeg\"}},{\"type\":\"gallery_item\",\"props\":{\"image\":\"wp-content\\\/uploads\\\/2021\\\/08\\\/AostaRomana4.jpeg\"}},{\"type\":\"gallery_item\",\"props\":{\"image\":\"wp-content\\\/uploads\\\/2021\\\/08\\\/AostaRomana5.jpeg\"}},{\"type\":\"gallery_item\",\"props\":{\"image\":\"wp-content\\\/uploads\\\/2021\\\/08\\\/AostaRomana6.jpeg\"}},{\"type\":\"gallery_item\",\"props\":{\"image\":\"wp-content\\\/uploads\\\/2021\\\/08\\\/AostaRomana7.jpeg\"}},{\"type\":\"gallery_item\",\"props\":{\"image\":\"wp-content\\\/uploads\\\/2021\\\/08\\\/AostaRomana8.jpeg\"}},{\"type\":\"gallery_item\",\"props\":{\"image\":\"wp-content\\\/uploads\\\/2021\\\/08\\\/AostaRomana9.jpeg\"}},{\"type\":\"gallery_item\",\"props\":{\"image\":\"wp-content\\\/uploads\\\/2021\\\/08\\\/AostaRomana10.jpeg\"}},{\"type\":\"gallery_item\",\"props\":{\"image\":\"wp-content\\\/uploads\\\/2021\\\/08\\\/AostaRomana11.jpeg\"}},{\"type\":\"gallery_item\",\"props\":{\"image\":\"wp-content\\\/uploads\\\/2021\\\/08\\\/AostaRomana12.jpeg\"}}]}]}]}]}],\"version\":\"2.5.9\"} --><\/p>\n","protected":false},"excerpt":{"rendered":"<p>Aoste Romaine Pour les passionn\u00e9s d\u2019histoire, la visite de la ville d\u2019Aoste permet d\u2019accomplir un voyage fascinant dans le pass\u00e9. La ville d\u2019Augusta Praetoria Salassorum a \u00e9t\u00e9 fond\u00e9e par les Romains en 25 av. J.-C. ; elle est consid\u00e9r\u00e9e comme la \u00ab\u00a0Rome des Alpes\u00a0\u00bb\u00a0 en raison de l\u2019importance de ses vestiges romains et de son [&hellip;]<\/p>\n","protected":false},"author":1,"featured_media":0,"parent":2653,"menu_order":0,"comment_status":"closed","ping_status":"closed","template":"","meta":{"saved_in_kubio":false,"_seopress_robots_primary_cat":"","_seopress_titles_title":"Aosta Romana | Green Experience Vall\u00e9e d&#039;Aoste","_seopress_titles_desc":"Fondata dai Romani nel 25 A.C., per gli amanti della storia la visita alla citt\u00e0 di Aosta regala un affascinante viaggio nel passato. Clicca qui per maggiori informazioni!","_seopress_robots_index":"","footnotes":""},"class_list":["post-2565","page","type-page","status-publish","hentry"],"kubio_ai_page_context":{"short_desc":"","purpose":"general"},"_links":{"self":[{"href":"https:\/\/www.greenvda.com\/fr\/wp-json\/wp\/v2\/pages\/2565","targetHints":{"allow":["GET"]}}],"collection":[{"href":"https:\/\/www.greenvda.com\/fr\/wp-json\/wp\/v2\/pages"}],"about":[{"href":"https:\/\/www.greenvda.com\/fr\/wp-json\/wp\/v2\/types\/page"}],"author":[{"embeddable":true,"href":"https:\/\/www.greenvda.com\/fr\/wp-json\/wp\/v2\/users\/1"}],"replies":[{"embeddable":true,"href":"https:\/\/www.greenvda.com\/fr\/wp-json\/wp\/v2\/comments?post=2565"}],"version-history":[{"count":4,"href":"https:\/\/www.greenvda.com\/fr\/wp-json\/wp\/v2\/pages\/2565\/revisions"}],"predecessor-version":[{"id":3893,"href":"https:\/\/www.greenvda.com\/fr\/wp-json\/wp\/v2\/pages\/2565\/revisions\/3893"}],"up":[{"embeddable":true,"href":"https:\/\/www.greenvda.com\/fr\/wp-json\/wp\/v2\/pages\/2653"}],"wp:attachment":[{"href":"https:\/\/www.greenvda.com\/fr\/wp-json\/wp\/v2\/media?parent=2565"}],"curies":[{"name":"wp","href":"https:\/\/api.w.org\/{rel}","templated":true}]}}