{"id":2562,"date":"2021-08-31T13:48:28","date_gmt":"2021-08-31T11:48:28","guid":{"rendered":"https:\/\/www.greenvda.com\/miniere-di-ferro\/"},"modified":"2021-12-07T16:00:17","modified_gmt":"2021-12-07T15:00:17","slug":"mines-de-fer","status":"publish","type":"page","link":"https:\/\/www.greenvda.com\/fr\/green-experiences\/mines-de-fer\/","title":{"rendered":"Mines de fer"},"content":{"rendered":"<p><img decoding=\"async\" src=\"\/wp-content\/uploads\/2021\/08\/miniereFerro.jpeg\" alt=\"\"><\/p>\n<div>\n<h1>Mines de fer<\/h1>\n<div>\n<p><span>Avec ses 100 km, la mine de fer de Cogne est l\u2019un des sites d\u2019extraction de magn\u00e9tite les plus importants d\u2019Italie. Son histoire est ancienne : le premier document sur la mine de Cogne remonte, en effet, \u00e0 1432, mais c\u2019est au d\u00e9but du XX\u00e8me si\u00e8cle que l\u2019extraction devient industrielle. Ferm\u00e9e en 1979, la mine est devenue un mus\u00e9e qui offre aux visiteurs une exp\u00e9rience unique sur les traces de plusieurs g\u00e9n\u00e9rations de mineurs. L\u2019entr\u00e9e de la mine est situ\u00e9e \u00e0 2031 m\u00e8tres : on y arrive en faisant une promenade \u00e0 pied panoramique d\u2019une heure environ ou bien en e-VTT. De l\u00e0-haut, on profite d\u2019une vue magnifique sur le massif du Grand-Paradis et sur la cha\u00eene du Mont-Blanc. Vous serez conduits au c\u0153ur de la mine par le vieux petit train des mineurs. Vous voyagerez \u00e0 rebours dans le temps, en parcourant les m\u00eames galeries qu\u2019ils sillonnaient jadis et en p\u00e9n\u00e9trant dans les \u00e9difices o\u00f9 ils vivaient. Vous d\u00e9couvrirez leur dur labeur, leurs t\u00e2ches, les ustensiles et les outils dont ils se servaient, les sons et les diff\u00e9rentes phases de leur travail. Vous visiterez la descenderie principale, les broyeurs internes, les salles des machines d\u2019origine et les puisards. Au cours de cette aventure inoubliable, vous serez accompagn\u00e9s par les guides qualifi\u00e9s de la Coop\u00e9rative des Mines de Cogne, qui g\u00e8re le site.<\/span><\/p>\n<h3>V\u00eatements<\/h3>\n<p><span>\u00c0 l\u2019int\u00e9rieur de la mine, il fait 7 degr\u00e9s. Les visiteurs devront se munir de : chaussures de sport ou de randonn\u00e9e, veste, pantalon long. Le casque avec lampe frontale est fourni par les guides.<\/span><\/p>\n<h3>Meeting Point<\/h3>\n<p><span>Entr\u00e9e de la mine \u00e0 Costa del Pino dans la municipalit\u00e9 de Cogne<\/span><\/p>\n<h3>Co\u00fbt<\/h3>\n<p dir=\"ltr\" class=\"CDt4Ke zfr3Q\"><span>Visite adultes \u20ac 20,00<\/span><\/p>\n<p dir=\"ltr\" class=\"CDt4Ke zfr3Q\"><span>Visite enfants et jeunes jusqu\u2019\u00e0 14 ans \u20ac 15,00<\/span><\/p>\n<p dir=\"ltr\" class=\"CDt4Ke zfr3Q\"><span>La visite est autoris\u00e9e pour les enfants de plus de 5 ans. Les mineurs doivent \u00eatre accompagn\u00e9s<\/span><\/p>\n<\/div>\n<\/div>\n<ul>\n<li>\n<p>        <img decoding=\"async\" src=\"\/wp-content\/uploads\/2021\/08\/miniereFerro.jpeg\" alt=\"\"><\/p>\n<\/li>\n<li>\n<p>        <img decoding=\"async\" src=\"\/wp-content\/uploads\/2021\/08\/miniereFerro2.jpeg\" alt=\"\"><\/p>\n<\/li>\n<li>\n<p>        <img decoding=\"async\" src=\"\/wp-content\/uploads\/2021\/08\/MiniereFerro3.jpeg\" alt=\"\"><\/p>\n<\/li>\n<li>\n<p>        <img decoding=\"async\" src=\"\/wp-content\/uploads\/2021\/08\/MiniereFerro4.jpeg\" alt=\"\"><\/p>\n<\/li>\n<li>\n<p>        <img decoding=\"async\" src=\"\/wp-content\/uploads\/2021\/08\/MiniereFerro5.jpeg\" alt=\"\"><\/p>\n<\/li>\n<li>\n<p>        <img decoding=\"async\" src=\"\/wp-content\/uploads\/2021\/08\/MiniereFerro6.jpeg\" alt=\"\"><\/p>\n<\/li>\n<li>\n<p>        <img decoding=\"async\" src=\"\/wp-content\/uploads\/2021\/08\/MiniereFerro7.jpeg\" alt=\"\"><\/p>\n<\/li>\n<li>\n<p>        <img decoding=\"async\" src=\"\/wp-content\/uploads\/2021\/08\/MiniereFerro8.jpeg\" alt=\"\"><\/p>\n<\/li>\n<li>\n<p>        <img decoding=\"async\" src=\"\/wp-content\/uploads\/2021\/08\/MiniereFerro9.jpeg\" alt=\"\"><\/p>\n<\/li>\n<li>\n<p>        <img decoding=\"async\" src=\"\/wp-content\/uploads\/2021\/08\/MiniereFerro10.jpeg\" alt=\"\"><\/p>\n<\/li>\n<li>\n<p>        <img decoding=\"async\" src=\"\/wp-content\/uploads\/2021\/08\/MiniereFerro11.jpeg\" alt=\"\"><\/p>\n<\/li>\n<li>\n<p>        <img decoding=\"async\" src=\"\/wp-content\/uploads\/2021\/08\/MiniereFerro12.jpeg\" alt=\"\"><\/p>\n<\/li>\n<\/ul>\n<p><!--more--><br \/>\n<!-- {\"name\":\"Trans Alps Adventure\",\"type\":\"layout\",\"children\":[{\"name\":\"Hero\",\"type\":\"section\",\"props\":{\"style\":\"primary\",\"width\":\"large\",\"vertical_align\":\"\",\"title_position\":\"top-left\",\"title_rotation\":\"left\",\"title_breakpoint\":\"xl\",\"image_position\":\"top-center\",\"height\":\"percent\",\"padding\":\"large\",\"image\":\"wp-content\\\/uploads\\\/2021\\\/08\\\/miniereFerro0.jpeg\",\"text_color\":\"light\",\"image_size\":\"cover\",\"image_effect\":\"parallax\",\"image_width\":\"2560\",\"overlap\":false,\"image_parallax_breakpoint\":\"m\",\"image_parallax_bgy_start\":\"-200\"},\"children\":[{\"name\":\"\",\"type\":\"row\",\"children\":[{\"name\":\"\",\"type\":\"column\",\"props\":{\"image_position\":\"center-center\",\"media_overlay_gradient\":\"\",\"width_medium\":\"1-1\"},\"children\":[]}]}]},{\"name\":\"About\",\"type\":\"section\",\"props\":{\"style\":\"default\",\"width\":\"xlarge\",\"vertical_align\":\"middle\",\"title_position\":\"center-right\",\"title_rotation\":\"left\",\"title_breakpoint\":\"xl\",\"image_position\":\"center-center\",\"padding\":\"none\",\"overlap\":false,\"title\":\"\",\"padding_remove_bottom\":false,\"padding_remove_top\":false},\"children\":[{\"name\":\"\",\"type\":\"row\",\"props\":{\"layout\":\"1-2,1-2\",\"match\":true,\"column_gap\":\"collapse\",\"row_gap\":\"collapse\"},\"children\":[{\"name\":\"\",\"type\":\"column\",\"props\":{\"image_position\":\"center-center\",\"vertical_align\":\"middle\",\"media_overlay_gradient\":\"\",\"width_medium\":\"1-2\"},\"children\":[{\"name\":\"\",\"type\":\"image\",\"props\":{\"margin\":\"default\",\"text_align\":\"right\",\"maxwidth\":\"xlarge\",\"animation\":\"parallax\",\"image\":\"wp-content\\\/uploads\\\/2021\\\/08\\\/miniereFerro.jpeg\",\"image_width\":\"600\",\"parallax_breakpoint\":\"m\",\"parallax_y_end\":\"-240\",\"parallax_y_start\":\"-100\",\"image_box_decoration\":\"default\",\"block_align\":\"right\",\"image_svg_color\":\"emphasis\",\"image_height\":\"700\"}}]},{\"name\":\"\",\"type\":\"column\",\"props\":{\"image_position\":\"center-center\",\"media_overlay_gradient\":\"\",\"width_medium\":\"1-2\"},\"children\":[{\"name\":\"\",\"type\":\"panel\",\"props\":{\"link_text\":\"Tariffe e galleria fotografica\",\"title_element\":\"h1\",\"meta_style\":\"meta\",\"meta_align\":\"below-title\",\"image_align\":\"top\",\"image_grid_width\":\"1-2\",\"link_style\":\"primary\",\"margin\":\"\",\"panel_style\":\"card-default\",\"panel_size\":\"large\",\"title_style\":\"h1\",\"text_align\":\"left\",\"maxwidth\":\"xlarge\",\"maxwidth_breakpoint\":\"l\",\"animation\":\"parallax\",\"title\":\"Mines de fer\",\"content\":\"\n\n<p><span>Avec ses 100 km, la mine de fer de Cogne est l\\u2019un des sites d\\u2019extraction de magn\\u00e9tite les plus importants d\\u2019Italie. Son histoire est ancienne : le premier document sur la mine de Cogne remonte, en effet, \\u00e0 1432, mais c\\u2019est au d\\u00e9but du XX\\u00e8me si\\u00e8cle que l\\u2019extraction devient industrielle. Ferm\\u00e9e en 1979, la mine est devenue un mus\\u00e9e qui offre aux visiteurs une exp\\u00e9rience unique sur les traces de plusieurs g\\u00e9n\\u00e9rations de mineurs. L\\u2019entr\\u00e9e de la mine est situ\\u00e9e \\u00e0 2031 m\\u00e8tres : on y arrive en faisant une promenade \\u00e0 pied panoramique d\\u2019une heure environ ou bien en e-VTT. De l\\u00e0-haut, on profite d\\u2019une vue magnifique sur le massif du Grand-Paradis et sur la cha\\u00eene du Mont-Blanc. Vous serez conduits au c\\u0153ur de la mine par le vieux petit train des mineurs. Vous voyagerez \\u00e0 rebours dans le temps, en parcourant les m\\u00eames galeries qu\\u2019ils sillonnaient jadis et en p\\u00e9n\\u00e9trant dans les \\u00e9difices o\\u00f9 ils vivaient. Vous d\\u00e9couvrirez leur dur labeur, leurs t\\u00e2ches, les ustensiles et les outils dont ils se servaient, les sons et les diff\\u00e9rentes phases de leur travail. Vous visiterez la descenderie principale, les broyeurs internes, les salles des machines d\\u2019origine et les puisards. Au cours de cette aventure inoubliable, vous serez accompagn\\u00e9s par les guides qualifi\\u00e9s de la Coop\\u00e9rative des Mines de Cogne, qui g\\u00e8re le site.<\\\/span><\\\/p>\\n\n\n<h3>V\\u00eatements<\\\/h3>\\n\n\n<p><span>\\u00c0 l\\u2019int\\u00e9rieur de la mine, il fait 7 degr\\u00e9s. Les visiteurs devront se munir de : chaussures de sport ou de randonn\\u00e9e, veste, pantalon long. Le casque avec lampe frontale est fourni par les guides.<\\\/span><\\\/p>\\n\n\n<h3>Meeting Point<\\\/h3>\\n\n\n<p><span>Entr\\u00e9e de la mine \\u00e0 Costa del Pino dans la municipalit\\u00e9 de Cogne<\\\/span><\\\/p>\\n\n\n<h3>Co\\u00fbt<\\\/h3>\\n\n\n<p dir=\\\"ltr\\\" class=\\\"CDt4Ke zfr3Q\\\"><span>Visite adultes \\u20ac 20,00<\\\/span><\\\/p>\\n\n\n<p dir=\\\"ltr\\\" class=\\\"CDt4Ke zfr3Q\\\"><span>Visite enfants et jeunes jusqu\\u2019\\u00e0 14 ans \\u20ac 15,00<\\\/span><\\\/p>\\n\n\n<p dir=\\\"ltr\\\" class=\\\"CDt4Ke zfr3Q\\\"><span>La visite est autoris\\u00e9e pour les enfants de plus de 5 ans. Les mineurs doivent \\u00eatre accompagn\\u00e9s<\\\/span><\\\/p>\",\"parallax_breakpoint\":\"m\",\"parallax_y_start\":\"-200\",\"title_hover_style\":\"reset\",\"title_align\":\"top\",\"title_grid_width\":\"1-2\",\"image_svg_color\":\"emphasis\",\"position\":\"relative\",\"position_left\":\"-50\",\"css\":\"@media (max-width: 959px) {\\n    .el-element { position: static !important; }\\n}\",\"title_grid_breakpoint\":\"m\",\"image_grid_breakpoint\":\"m\",\"icon_width\":80,\"meta_element\":\"div\",\"content_column_breakpoint\":\"m\",\"link\":\"\",\"link_target\":true,\"meta\":\"\"}}]}]}]},{\"type\":\"section\",\"props\":{\"style\":\"default\",\"width\":\"default\",\"vertical_align\":\"middle\",\"title_position\":\"top-left\",\"title_rotation\":\"left\",\"title_breakpoint\":\"xl\",\"image_position\":\"center-center\"},\"children\":[{\"type\":\"row\",\"children\":[{\"type\":\"column\",\"props\":{\"image_position\":\"center-center\",\"media_overlay_gradient\":\"\"},\"children\":[{\"type\":\"gallery\",\"props\":{\"show_title\":true,\"show_meta\":true,\"show_content\":true,\"show_link\":true,\"show_hover_image\":true,\"grid_default\":\"1\",\"grid_medium\":\"4\",\"filter_style\":\"tab\",\"filter_all\":true,\"filter_position\":\"top\",\"filter_align\":\"left\",\"filter_grid_width\":\"auto\",\"filter_grid_breakpoint\":\"m\",\"overlay_mode\":\"cover\",\"overlay_hover\":true,\"overlay_style\":\"\",\"text_color\":\"light\",\"overlay_position\":\"center\",\"overlay_transition\":\"fade\",\"title_hover_style\":\"reset\",\"title_element\":\"h3\",\"meta_style\":\"meta\",\"meta_align\":\"below-title\",\"meta_element\":\"div\",\"link_text\":\"Fai click\",\"link_style\":\"\",\"text_align\":\"center\",\"margin\":\"default\",\"item_animation\":true,\"lightbox\":true,\"title_display\":\"lightbox\",\"content_display\":\"lightbox\",\"lightbox_image_orientation\":false,\"lightbox_image_width\":\"\",\"lightbox_image_height\":\"\",\"image_width\":\"400\",\"image_height\":\"400\"},\"children\":[{\"type\":\"gallery_item\",\"props\":{\"image\":\"wp-content\\\/uploads\\\/2021\\\/08\\\/miniereFerro.jpeg\"}},{\"type\":\"gallery_item\",\"props\":{\"image\":\"wp-content\\\/uploads\\\/2021\\\/08\\\/miniereFerro2.jpeg\"}},{\"type\":\"gallery_item\",\"props\":{\"image\":\"wp-content\\\/uploads\\\/2021\\\/08\\\/MiniereFerro3.jpeg\"}},{\"type\":\"gallery_item\",\"props\":{\"image\":\"wp-content\\\/uploads\\\/2021\\\/08\\\/MiniereFerro4.jpeg\"}},{\"type\":\"gallery_item\",\"props\":{\"image\":\"wp-content\\\/uploads\\\/2021\\\/08\\\/MiniereFerro5.jpeg\"}},{\"type\":\"gallery_item\",\"props\":{\"image\":\"wp-content\\\/uploads\\\/2021\\\/08\\\/MiniereFerro6.jpeg\"}},{\"type\":\"gallery_item\",\"props\":{\"image\":\"wp-content\\\/uploads\\\/2021\\\/08\\\/MiniereFerro7.jpeg\"}},{\"type\":\"gallery_item\",\"props\":{\"image\":\"wp-content\\\/uploads\\\/2021\\\/08\\\/MiniereFerro8.jpeg\"}},{\"type\":\"gallery_item\",\"props\":{\"image\":\"wp-content\\\/uploads\\\/2021\\\/08\\\/MiniereFerro9.jpeg\"}},{\"type\":\"gallery_item\",\"props\":{\"image\":\"wp-content\\\/uploads\\\/2021\\\/08\\\/MiniereFerro10.jpeg\"}},{\"type\":\"gallery_item\",\"props\":{\"image\":\"wp-content\\\/uploads\\\/2021\\\/08\\\/MiniereFerro11.jpeg\"}},{\"type\":\"gallery_item\",\"props\":{\"image\":\"wp-content\\\/uploads\\\/2021\\\/08\\\/MiniereFerro12.jpeg\"}}]}]}]}]}],\"version\":\"2.5.9\"} --><\/p>\n","protected":false},"excerpt":{"rendered":"<p>Mines de fer Avec ses 100 km, la mine de fer de Cogne est l\u2019un des sites d\u2019extraction de magn\u00e9tite les plus importants d\u2019Italie. Son histoire est ancienne : le premier document sur la mine de Cogne remonte, en effet, \u00e0 1432, mais c\u2019est au d\u00e9but du XX\u00e8me si\u00e8cle que l\u2019extraction devient industrielle. Ferm\u00e9e en [&hellip;]<\/p>\n","protected":false},"author":1,"featured_media":0,"parent":2653,"menu_order":0,"comment_status":"closed","ping_status":"closed","template":"","meta":{"saved_in_kubio":false,"_seopress_robots_primary_cat":"","_seopress_titles_title":"Miniere di ferro | Green Experience Vall\u00e9e d&#039;Aoste","_seopress_titles_desc":"Con i suoi 100 Km, la miniera di ferro di Cogne \u00e8 uno dei siti di estrazione di magnetite pi\u00f9 importanti d\u2019Italia. La sua \u00e8 una storia antica. Clicca qui!","_seopress_robots_index":"","footnotes":""},"class_list":["post-2562","page","type-page","status-publish","hentry"],"kubio_ai_page_context":{"short_desc":"","purpose":"general"},"_links":{"self":[{"href":"https:\/\/www.greenvda.com\/fr\/wp-json\/wp\/v2\/pages\/2562","targetHints":{"allow":["GET"]}}],"collection":[{"href":"https:\/\/www.greenvda.com\/fr\/wp-json\/wp\/v2\/pages"}],"about":[{"href":"https:\/\/www.greenvda.com\/fr\/wp-json\/wp\/v2\/types\/page"}],"author":[{"embeddable":true,"href":"https:\/\/www.greenvda.com\/fr\/wp-json\/wp\/v2\/users\/1"}],"replies":[{"embeddable":true,"href":"https:\/\/www.greenvda.com\/fr\/wp-json\/wp\/v2\/comments?post=2562"}],"version-history":[{"count":3,"href":"https:\/\/www.greenvda.com\/fr\/wp-json\/wp\/v2\/pages\/2562\/revisions"}],"predecessor-version":[{"id":2569,"href":"https:\/\/www.greenvda.com\/fr\/wp-json\/wp\/v2\/pages\/2562\/revisions\/2569"}],"up":[{"embeddable":true,"href":"https:\/\/www.greenvda.com\/fr\/wp-json\/wp\/v2\/pages\/2653"}],"wp:attachment":[{"href":"https:\/\/www.greenvda.com\/fr\/wp-json\/wp\/v2\/media?parent=2562"}],"curies":[{"name":"wp","href":"https:\/\/api.w.org\/{rel}","templated":true}]}}