{"id":2558,"date":"2021-08-31T15:39:07","date_gmt":"2021-08-31T13:39:07","guid":{"rendered":"https:\/\/www.greenvda.com\/tour-des-chateaux\/castelli-di-sarre-e-sarriod\/"},"modified":"2021-12-07T15:32:22","modified_gmt":"2021-12-07T14:32:22","slug":"chateaux-de-sarre-et-chateaux-sarriod-de-la-tour","status":"publish","type":"page","link":"https:\/\/www.greenvda.com\/fr\/green-experiences\/tour-des-chateaux\/chateaux-de-sarre-et-chateaux-sarriod-de-la-tour\/","title":{"rendered":"Ch\u00e2teaux de Sarre et ch\u00e2teaux Sarriod-de-la-Tour"},"content":{"rendered":"<p><img decoding=\"async\" src=\"\/wp-content\/uploads\/2021\/08\/CastellidiSarreeSarriod1.jpeg\" alt=\"\"><\/p>\n<div>\n<h1>Ch\u00e2teaux de Sarre et ch\u00e2teaux Sarriod-de-la-Tour<\/h1>\n<div>\n<h3 dir=\"ltr\" class=\"CDt4Ke zfr3Q\">Description succincte et particularit\u00e9s<\/h3>\n<p><span>La haute Vall\u00e9e d\u2019Aoste est elle aussi parsem\u00e9e de ch\u00e2teaux m\u00e9di\u00e9vaux, dont certains sont miraculeusement bien conserv\u00e9s. Ces constructions nous emm\u00e8nent dans un voyage \u00e0 rebours, jusqu&rsquo;\u00e0 des \u00e9poques qui, nous le d\u00e9couvrirons, ne furent pas si sombres. Au cours de cette excursion, nous vous accompagnerons \u00e0 la d\u00e9couverte des ch\u00e2teaux de Sarre et de Sarriod.<\/span><\/p>\n<h3 dir=\"ltr\" class=\"CDt4Ke zfr3Q\"><span><strong>Meeting point<\/strong><\/span><\/h3>\n<p><span>Rendez-vous avec le guide \u00e0 la sortie du p\u00e9age d\u2019Aoste ouest \/ Saint-Pierre.<\/span><\/p>\n<h3>Temps<\/h3>\n<p><span>Demi-journ\u00e9e<\/span><\/p>\n<h3>Co\u00fbt<\/h3>\n<p dir=\"ltr\" class=\"CDt4Ke zfr3Q\"><span>Demi-journ\u00e9e avec rendez-vous pr\u00e8s du ch\u00e2teau \u20ac 38 par personne minimum 4 personnes<\/span><\/p>\n<p dir=\"ltr\" class=\"CDt4Ke zfr3Q\"><span>3,50 euro entr\u00e9e ch\u00e2teau de Sarre<\/span><\/p>\n<p dir=\"ltr\" class=\"CDt4Ke zfr3Q\"><span>2 euro entr\u00e9e ch\u00e2teau de Sarriod<\/span><\/p>\n<\/div>\n<\/div>\n<div>\n<h3>Programme<\/h3>\n<p dir=\"ltr\" class=\"CDt4Ke zfr3Q\"><span>Nous commencerons par le ch\u00e2teau de Sarre o\u00f9 l\u2019on monte ais\u00e9ment \u00e0 pied, pour admirer l\u2019ext\u00e9rieur de la construction et sa position panoramique. Le ch\u00e2teau de Sarre est ancien, mais il a \u00e9t\u00e9 compl\u00e8tement transform\u00e9 au cours de la deuxi\u00e8me moiti\u00e9 du XIX\u00e8me si\u00e8cle, quand le roi Victor-Emmanuel II l\u2019acheta pour en faire la base vald\u00f4taine de ses battues de chasse. La grande \u00ab salle des cornes \u00bb, orn\u00e9e de milliers de troph\u00e9es de chasse de chamois et bouquetins, s\u2019av\u00e8re particuli\u00e8rement int\u00e9ressante. \u00c0 partir des ann\u00e9es trente du si\u00e8cle dernier, pendant les vacances d\u2019\u00e9t\u00e9, le ch\u00e2teau h\u00e9bergea les princes Humbert et Marie-Jos\u00e9, ainsi que  leurs enfants. L\u2019am\u00e9nagement actuel rappelle sa fonction de r\u00e9sidence de chasse et, \u00e0 l\u2019\u00e9tage, celle de r\u00e9sidence d\u2019\u00e9t\u00e9 de la famille royale.<\/span><\/p>\n<p dir=\"ltr\" class=\"CDt4Ke zfr3Q\"><span>Un court trajet nous conduira ensuite au ch\u00e2teau Sarriod-de-la-Tour, injustement peu fr\u00e9quent\u00e9. Sa structure s\u2019av\u00e8re aussi complexe qu\u2019int\u00e9ressante. Appartenu a une des plus importantes familles nobles de la r\u00e9gion, ce ch\u00e2teau a \u00e9t\u00e9 transform\u00e9 \u00e0 plusieurs reprises au fil des si\u00e8cles : ils conserve des \u00e9l\u00e9ments romans \u00e0 c\u00f4t\u00e9s de parties gothiques, comme dans la chapelle castrale, o\u00f9 se superposent des fresques r\u00e9alis\u00e9es du XII\u00e8me au XV\u00e8me si\u00e8cle. La \u00ab salle des t\u00eates \u00bb, avec ses 171 corbeaux sculpt\u00e9s, repr\u00e9sentant des cr\u00e9atures fantastiques, grotesques, parfois tr\u00e8s licencieux, r\u00e9alis\u00e9s vers 1430.<\/span><\/p>\n<\/div>\n<ul>\n<li>\n<p>        <img decoding=\"async\" src=\"\/wp-content\/uploads\/2021\/08\/CastellidiSarreeSarriod1.jpeg\" alt=\"\"><\/p>\n<\/li>\n<li>\n<p>        <img decoding=\"async\" src=\"\/wp-content\/uploads\/2021\/08\/CastellidiSarreeSarriod2.jpeg\" alt=\"\"><\/p>\n<\/li>\n<li>\n<p>        <img decoding=\"async\" src=\"\/wp-content\/uploads\/2021\/08\/CastellidiSarreeSarriod3.jpeg\" alt=\"\"><\/p>\n<\/li>\n<li>\n<p>        <img decoding=\"async\" src=\"\/wp-content\/uploads\/2021\/08\/CastellidiSarreeSarriod4.jpeg\" alt=\"\"><\/p>\n<\/li>\n<li>\n<p>        <img decoding=\"async\" src=\"\/wp-content\/uploads\/2021\/08\/CastellidiSarreeSarriod5.jpeg\" alt=\"\"><\/p>\n<\/li>\n<li>\n<p>        <img decoding=\"async\" src=\"\/wp-content\/uploads\/2021\/08\/CastellidiSarreeSarriod6.jpeg\" alt=\"\"><\/p>\n<\/li>\n<\/ul>\n<p><!--more--><br \/>\n<!-- {\"name\":\"Trans Alps Adventure\",\"type\":\"layout\",\"children\":[{\"name\":\"Hero\",\"type\":\"section\",\"props\":{\"style\":\"primary\",\"width\":\"large\",\"vertical_align\":\"\",\"title_position\":\"top-left\",\"title_rotation\":\"left\",\"title_breakpoint\":\"xl\",\"image_position\":\"top-center\",\"height\":\"percent\",\"padding\":\"large\",\"image\":\"wp-content\\\/uploads\\\/2021\\\/08\\\/CastellidiSarreeSarriod0.jpeg\",\"text_color\":\"light\",\"image_size\":\"cover\",\"image_effect\":\"parallax\",\"image_width\":\"2560\",\"overlap\":false,\"image_parallax_breakpoint\":\"m\",\"image_parallax_bgy_start\":\"-200\"},\"children\":[{\"name\":\"\",\"type\":\"row\",\"children\":[{\"name\":\"\",\"type\":\"column\",\"props\":{\"image_position\":\"center-center\",\"media_overlay_gradient\":\"\",\"width_medium\":\"1-1\"},\"children\":[]}]}]},{\"name\":\"About\",\"type\":\"section\",\"props\":{\"style\":\"default\",\"width\":\"xlarge\",\"vertical_align\":\"middle\",\"title_position\":\"center-right\",\"title_rotation\":\"left\",\"title_breakpoint\":\"xl\",\"image_position\":\"center-center\",\"padding\":\"none\",\"overlap\":false,\"title\":\"\",\"padding_remove_bottom\":false,\"padding_remove_top\":false},\"children\":[{\"name\":\"\",\"type\":\"row\",\"props\":{\"layout\":\"1-2,1-2\",\"match\":true,\"column_gap\":\"collapse\",\"row_gap\":\"collapse\"},\"children\":[{\"name\":\"\",\"type\":\"column\",\"props\":{\"image_position\":\"center-center\",\"vertical_align\":\"middle\",\"media_overlay_gradient\":\"\",\"width_medium\":\"1-2\"},\"children\":[{\"name\":\"\",\"type\":\"image\",\"props\":{\"margin\":\"default\",\"text_align\":\"right\",\"maxwidth\":\"xlarge\",\"animation\":\"parallax\",\"image\":\"wp-content\\\/uploads\\\/2021\\\/08\\\/CastellidiSarreeSarriod1.jpeg\",\"image_width\":\"600\",\"parallax_breakpoint\":\"m\",\"parallax_y_end\":\"-240\",\"parallax_y_start\":\"-100\",\"image_box_decoration\":\"default\",\"block_align\":\"right\",\"image_svg_color\":\"emphasis\",\"image_height\":\"700\"}}]},{\"name\":\"\",\"type\":\"column\",\"props\":{\"image_position\":\"center-center\",\"media_overlay_gradient\":\"\",\"width_medium\":\"1-2\"},\"children\":[{\"name\":\"\",\"type\":\"panel\",\"props\":{\"link_text\":\"Tariffe e galleria fotografica\",\"title_element\":\"h1\",\"meta_style\":\"meta\",\"meta_align\":\"below-title\",\"image_align\":\"top\",\"image_grid_width\":\"1-2\",\"link_style\":\"primary\",\"margin\":\"\",\"panel_style\":\"card-default\",\"panel_size\":\"large\",\"title_style\":\"h1\",\"text_align\":\"left\",\"maxwidth\":\"xlarge\",\"maxwidth_breakpoint\":\"l\",\"animation\":\"parallax\",\"title\":\"Ch\\u00e2teaux de Sarre et ch\\u00e2teaux Sarriod-de-la-Tour\",\"content\":\"\n\n<h3 dir=\\\"ltr\\\" class=\\\"CDt4Ke zfr3Q\\\">Description succincte et particularit\\u00e9s<\\\/h3>\\n\n\n<p><span>La haute Vall\\u00e9e d\\u2019Aoste est elle aussi parsem\\u00e9e de ch\\u00e2teaux m\\u00e9di\\u00e9vaux, dont certains sont miraculeusement bien conserv\\u00e9s. Ces constructions nous emm\\u00e8nent dans un voyage \\u00e0 rebours, jusqu'\\u00e0 des \\u00e9poques qui, nous le d\\u00e9couvrirons, ne furent pas si sombres. Au cours de cette excursion, nous vous accompagnerons \\u00e0 la d\\u00e9couverte des ch\\u00e2teaux de Sarre et de Sarriod.<\\\/span><\\\/p>\\n\n\n<h3 dir=\\\"ltr\\\" class=\\\"CDt4Ke zfr3Q\\\"><span><strong>Meeting point<\\\/strong><\\\/span><\\\/h3>\\n\n\n<p><span>Rendez-vous avec le guide \\u00e0 la sortie du p\\u00e9age d\\u2019Aoste ouest \\\/ Saint-Pierre.<\\\/span><\\\/p>\\n\n\n<h3>Temps<\\\/h3>\\n\n\n<p><span>Demi-journ\\u00e9e<\\\/span><\\\/p>\\n\n\n<h3>Co\\u00fbt<\\\/h3>\\n\n\n<p dir=\\\"ltr\\\" class=\\\"CDt4Ke zfr3Q\\\"><span>Demi-journ\\u00e9e avec rendez-vous pr\\u00e8s du ch\\u00e2teau \\u20ac 38 par personne minimum 4 personnes<\\\/span><\\\/p>\\n\n\n<p dir=\\\"ltr\\\" class=\\\"CDt4Ke zfr3Q\\\"><span>3,50 euro entr\\u00e9e ch\\u00e2teau de Sarre<\\\/span><\\\/p>\\n\n\n<p dir=\\\"ltr\\\" class=\\\"CDt4Ke zfr3Q\\\"><span>2 euro entr\\u00e9e ch\\u00e2teau de Sarriod<\\\/span><\\\/p>\",\"parallax_breakpoint\":\"m\",\"parallax_y_start\":\"-200\",\"title_hover_style\":\"reset\",\"title_align\":\"top\",\"title_grid_width\":\"1-2\",\"image_svg_color\":\"emphasis\",\"position\":\"relative\",\"position_left\":\"-50\",\"css\":\"@media (max-width: 959px) {\\n    .el-element { position: static !important; }\\n}\",\"title_grid_breakpoint\":\"m\",\"image_grid_breakpoint\":\"m\",\"icon_width\":80,\"meta_element\":\"div\",\"content_column_breakpoint\":\"m\",\"link\":\"\",\"link_target\":true,\"meta\":\"\"}}]}]}]},{\"type\":\"section\",\"props\":{\"style\":\"default\",\"width\":\"default\",\"vertical_align\":\"middle\",\"title_position\":\"top-left\",\"title_rotation\":\"left\",\"title_breakpoint\":\"xl\",\"image_position\":\"center-center\"},\"children\":[{\"type\":\"row\",\"children\":[{\"type\":\"column\",\"props\":{\"image_position\":\"center-center\",\"media_overlay_gradient\":\"\"},\"children\":[{\"type\":\"text\",\"props\":{\"margin\":\"default\",\"column_breakpoint\":\"m\",\"content\":\"\n\n<h3>Programme<\\\/h3>\\n\n\n<p dir=\\\"ltr\\\" class=\\\"CDt4Ke zfr3Q\\\"><span>Nous commencerons par le ch\\u00e2teau de Sarre o\\u00f9 l\\u2019on monte ais\\u00e9ment \\u00e0 pied, pour admirer l\\u2019ext\\u00e9rieur de la construction et sa position panoramique. Le ch\\u00e2teau de Sarre est ancien, mais il a \\u00e9t\\u00e9 compl\\u00e8tement transform\\u00e9 au cours de la deuxi\\u00e8me moiti\\u00e9 du XIX\\u00e8me si\\u00e8cle, quand le roi Victor-Emmanuel II l\\u2019acheta pour en faire la base vald\\u00f4taine de ses battues de chasse. La grande \\u00ab salle des cornes \\u00bb, orn\\u00e9e de milliers de troph\\u00e9es de chasse de chamois et bouquetins, s\\u2019av\\u00e8re particuli\\u00e8rement int\\u00e9ressante. \\u00c0 partir des ann\\u00e9es trente du si\\u00e8cle dernier, pendant les vacances d\\u2019\\u00e9t\\u00e9, le ch\\u00e2teau h\\u00e9bergea les princes Humbert et Marie-Jos\\u00e9, ainsi que  leurs enfants. L\\u2019am\\u00e9nagement actuel rappelle sa fonction de r\\u00e9sidence de chasse et, \\u00e0 l\\u2019\\u00e9tage, celle de r\\u00e9sidence d\\u2019\\u00e9t\\u00e9 de la famille royale.<\\\/span><\\\/p>\\n\n\n<p dir=\\\"ltr\\\" class=\\\"CDt4Ke zfr3Q\\\"><span>Un court trajet nous conduira ensuite au ch\\u00e2teau Sarriod-de-la-Tour, injustement peu fr\\u00e9quent\\u00e9. Sa structure s\\u2019av\\u00e8re aussi complexe qu\\u2019int\\u00e9ressante. Appartenu a une des plus importantes familles nobles de la r\\u00e9gion, ce ch\\u00e2teau a \\u00e9t\\u00e9 transform\\u00e9 \\u00e0 plusieurs reprises au fil des si\\u00e8cles : ils conserve des \\u00e9l\\u00e9ments romans \\u00e0 c\\u00f4t\\u00e9s de parties gothiques, comme dans la chapelle castrale, o\\u00f9 se superposent des fresques r\\u00e9alis\\u00e9es du XII\\u00e8me au XV\\u00e8me si\\u00e8cle. La \\u00ab salle des t\\u00eates \\u00bb, avec ses 171 corbeaux sculpt\\u00e9s, repr\\u00e9sentant des cr\\u00e9atures fantastiques, grotesques, parfois tr\\u00e8s licencieux, r\\u00e9alis\\u00e9s vers 1430.<\\\/span><\\\/p>\"}}]}]}]},{\"type\":\"section\",\"props\":{\"style\":\"default\",\"width\":\"default\",\"vertical_align\":\"middle\",\"title_position\":\"top-left\",\"title_rotation\":\"left\",\"title_breakpoint\":\"xl\",\"image_position\":\"center-center\"},\"children\":[{\"type\":\"row\",\"children\":[{\"type\":\"column\",\"props\":{\"image_position\":\"center-center\",\"media_overlay_gradient\":\"\"},\"children\":[{\"type\":\"gallery\",\"props\":{\"show_title\":true,\"show_meta\":true,\"show_content\":true,\"show_link\":true,\"show_hover_image\":true,\"grid_default\":\"1\",\"grid_medium\":\"4\",\"filter_style\":\"tab\",\"filter_all\":true,\"filter_position\":\"top\",\"filter_align\":\"left\",\"filter_grid_width\":\"auto\",\"filter_grid_breakpoint\":\"m\",\"overlay_mode\":\"cover\",\"overlay_hover\":true,\"overlay_style\":\"\",\"text_color\":\"light\",\"overlay_position\":\"center\",\"overlay_transition\":\"fade\",\"title_hover_style\":\"reset\",\"title_element\":\"h3\",\"meta_style\":\"meta\",\"meta_align\":\"below-title\",\"meta_element\":\"div\",\"link_text\":\"Fai click\",\"link_style\":\"\",\"text_align\":\"center\",\"margin\":\"default\",\"item_animation\":true,\"lightbox\":true,\"title_display\":\"lightbox\",\"content_display\":\"lightbox\",\"lightbox_image_orientation\":false,\"lightbox_image_width\":\"\",\"lightbox_image_height\":\"\",\"image_width\":\"400\",\"image_height\":\"400\"},\"children\":[{\"type\":\"gallery_item\",\"props\":{\"image\":\"wp-content\\\/uploads\\\/2021\\\/08\\\/CastellidiSarreeSarriod1.jpeg\"}},{\"type\":\"gallery_item\",\"props\":{\"image\":\"wp-content\\\/uploads\\\/2021\\\/08\\\/CastellidiSarreeSarriod2.jpeg\"}},{\"type\":\"gallery_item\",\"props\":{\"image\":\"wp-content\\\/uploads\\\/2021\\\/08\\\/CastellidiSarreeSarriod3.jpeg\"}},{\"type\":\"gallery_item\",\"props\":{\"image\":\"wp-content\\\/uploads\\\/2021\\\/08\\\/CastellidiSarreeSarriod4.jpeg\"}},{\"type\":\"gallery_item\",\"props\":{\"image\":\"wp-content\\\/uploads\\\/2021\\\/08\\\/CastellidiSarreeSarriod5.jpeg\"}},{\"type\":\"gallery_item\",\"props\":{\"image\":\"wp-content\\\/uploads\\\/2021\\\/08\\\/CastellidiSarreeSarriod6.jpeg\"}}]}]}]}]}],\"version\":\"2.5.9\"} --><\/p>\n","protected":false},"excerpt":{"rendered":"<p>Ch\u00e2teaux de Sarre et ch\u00e2teaux Sarriod-de-la-Tour Description succincte et particularit\u00e9s La haute Vall\u00e9e d\u2019Aoste est elle aussi parsem\u00e9e de ch\u00e2teaux m\u00e9di\u00e9vaux, dont certains sont miraculeusement bien conserv\u00e9s. Ces constructions nous emm\u00e8nent dans un voyage \u00e0 rebours, jusqu&rsquo;\u00e0 des \u00e9poques qui, nous le d\u00e9couvrirons, ne furent pas si sombres. Au cours de cette excursion, nous vous [&hellip;]<\/p>\n","protected":false},"author":1,"featured_media":0,"parent":2532,"menu_order":0,"comment_status":"closed","ping_status":"closed","template":"","meta":{"saved_in_kubio":false,"_seopress_robots_primary_cat":"","_seopress_titles_title":"Castelli di Sarre e Sarriod | Green Experience Vall\u00e9e d&#039;Aoste","_seopress_titles_desc":"Anche l\u2019alta Valle d\u2019Aosta \u00e8 costellata di castelli medievali, alcuni dei quali miracolosamente ben conservati. Clicca qui per conoscere quelli di Sarre e di Sarriod!","_seopress_robots_index":"","footnotes":""},"class_list":["post-2558","page","type-page","status-publish","hentry"],"kubio_ai_page_context":{"short_desc":"","purpose":"general"},"_links":{"self":[{"href":"https:\/\/www.greenvda.com\/fr\/wp-json\/wp\/v2\/pages\/2558","targetHints":{"allow":["GET"]}}],"collection":[{"href":"https:\/\/www.greenvda.com\/fr\/wp-json\/wp\/v2\/pages"}],"about":[{"href":"https:\/\/www.greenvda.com\/fr\/wp-json\/wp\/v2\/types\/page"}],"author":[{"embeddable":true,"href":"https:\/\/www.greenvda.com\/fr\/wp-json\/wp\/v2\/users\/1"}],"replies":[{"embeddable":true,"href":"https:\/\/www.greenvda.com\/fr\/wp-json\/wp\/v2\/comments?post=2558"}],"version-history":[{"count":3,"href":"https:\/\/www.greenvda.com\/fr\/wp-json\/wp\/v2\/pages\/2558\/revisions"}],"predecessor-version":[{"id":2561,"href":"https:\/\/www.greenvda.com\/fr\/wp-json\/wp\/v2\/pages\/2558\/revisions\/2561"}],"up":[{"embeddable":true,"href":"https:\/\/www.greenvda.com\/fr\/wp-json\/wp\/v2\/pages\/2532"}],"wp:attachment":[{"href":"https:\/\/www.greenvda.com\/fr\/wp-json\/wp\/v2\/media?parent=2558"}],"curies":[{"name":"wp","href":"https:\/\/api.w.org\/{rel}","templated":true}]}}