{"id":2553,"date":"2021-08-31T15:32:33","date_gmt":"2021-08-31T13:32:33","guid":{"rendered":"https:\/\/www.greenvda.com\/tour-des-chateaux\/castelli-di-fenis-e-issogne\/"},"modified":"2021-12-07T15:12:47","modified_gmt":"2021-12-07T14:12:47","slug":"chateaux-de-fenis-et-dissogne","status":"publish","type":"page","link":"https:\/\/www.greenvda.com\/fr\/green-experiences\/tour-des-chateaux\/chateaux-de-fenis-et-dissogne\/","title":{"rendered":"Ch\u00e2teaux de F\u00e9nis et d&rsquo;Issogne"},"content":{"rendered":"<p><img decoding=\"async\" src=\"\/wp-content\/uploads\/2021\/08\/CastellidiFeniseIssogne1.jpeg\" alt=\"\"><\/p>\n<div>\n<h1>Ch\u00e2teaux de F\u00e9nis et d&rsquo;Issogne<\/h1>\n<div>\n<h3 dir=\"ltr\" class=\"CDt4Ke zfr3Q\">Description succincte et particularit\u00e9s<\/h3>\n<p><span>La Vall\u00e9e d\u2019Aoste est connue pour ses ch\u00e2teaux m\u00e9di\u00e9vaux, dont certains sont miraculeusement bien conserv\u00e9s. Ces constructions nous emm\u00e8nent dans un voyage \u00e0 rebours, jusqu&rsquo;\u00e0 des \u00e9poques qui, nous le d\u00e9couvrirons, ne furent pas si sombres. Au cours de cette visite, nous vous ferons d\u00e9couvrir l\u2019histoire des ch\u00e2teaux de F\u00e9nis et d\u2019Issogne.<\/span><\/p>\n<h3 dir=\"ltr\" class=\"CDt4Ke zfr3Q\"><span><strong>Meeting point<\/strong><\/span><\/h3>\n<p><span>Rendez-vous avec le guide du parking de bus de F\u00e9nis<\/span><\/p>\n<h3>Temps<\/h3>\n<p><span>Demi-journ\u00e9e<\/span><\/p>\n<h3>Co\u00fbt<\/h3>\n<p dir=\"ltr\" class=\"CDt4Ke zfr3Q\"><span>Demi-journ\u00e9e avec rendez-vous pr\u00e8s du ch\u00e2teau \u20ac 38 par personne minimum 4 personnes.<\/span><\/p>\n<p dir=\"ltr\" class=\"CDt4Ke zfr3Q\"><span>5 euro entr\u00e9e ch\u00e2teau de F\u00e9nis.<\/span><\/p>\n<p dir=\"ltr\" class=\"CDt4Ke zfr3Q\"><span>3,50 euro entr\u00e9e ch\u00e2teau d\u2019Issogne.<\/span><\/p>\n<\/div>\n<\/div>\n<div>\n<h3>Programme<\/h3>\n<p dir=\"ltr\" class=\"CDt4Ke zfr3Q\"><span>Nous commencerons par le ch\u00e2teau de F\u00e9nis que nous rejoindrons \u00e0 pied pour en admirer l&rsquo;ext\u00e9rieur. Authentique prototype des ch\u00e2teaux m\u00e9di\u00e9vaux souvent utilis\u00e9 comme set cin\u00e9matographique, le ch\u00e2teau de F\u00e9nis est le plus connu de la r\u00e9gion et il est consid\u00e9r\u00e9 comme l\u2019un des meilleurs exemples d\u2019architecture civile et militaire m\u00e9di\u00e9vale de l\u2019Europe enti\u00e8re. Il est entour\u00e9 d\u2019une double enceinte cr\u00e9nel\u00e9e, prot\u00e9g\u00e9e de tours o\u00f9 s\u2019ouvrent des meurtri\u00e8res et des m\u00e2chicoulis. Alors que l\u2019ext\u00e9rieur se caract\u00e9rise par son allure militaire, sans concessions esth\u00e9tiques, l\u2019int\u00e9rieur s\u2019av\u00e8re raffin\u00e9 et \u00e9l\u00e9gant, avec sa cour et sa chapelle couvertes de fresques au d\u00e9but du XV\u00e8me si\u00e8cle par l\u2019excellent atelier de Giacomo Jaquerio. Les vastes salles peuvent \u00eatre visit\u00e9es : avec leur mobilier d\u2019\u00e9poque, elles nous emportent dans les si\u00e8cles pass\u00e9, au Moyen ge. Au terme de la visite, nous nous rendrons en voiture jusqu\u2019au ch\u00e2teau d\u2019Issogne. Il s\u2019agit d\u2019un ch\u00e2teau tr\u00e8s ancien, qui a perdu son aspect d\u00e9fensif pour devenir, \u00e0 la fin du XV\u00e8me si\u00e8cle, une demeure courtoise tr\u00e8s raffin\u00e9e. Anonyme \u00e0 l\u2019ext\u00e9rieur, il renferme des tr\u00e9sors artistiques, \u00e0 commencer par sa cour couverte de fresques avec, au centre, la c\u00e9l\u00e8bre fontaine du grenadier. Les lunettes du rez-de-chauss\u00e9e sont couvertes de fresques repr\u00e9sentant des sc\u00e8nes de vie quotidienne qui permettent de revivre les activit\u00e9s artisanales d\u2019autrefois : ce sont presque des instantan\u00e9s de l\u2019\u00e9poque, d\u2019une grande modernit\u00e9. Les plafonds et le mobilier des salles sont en grande partie authentiques et la chapelle poss\u00e8de un autel gothique d\u2019origine dans un triptyque. La grande salle du rez-de-chauss\u00e9e &#8211; compl\u00e8tement couverte de fresques avec des paysages et des sc\u00e8nes de chasse &#8211; c\u00e9l\u00e8bre la famille Challant et son ma\u00eetre d\u2019ouvrage, Georges de Challant. Les murs du ch\u00e2teau sont ponctu\u00e9s d\u2019inscriptions et graffitis : ces commentaires des h\u00f4tes de ces lieux nous racontent cinq si\u00e8cles d\u2019histoire et rendent la visite particuli\u00e8rement vivante.<\/span><\/p>\n<\/div>\n<ul>\n<li>\n<p>        <img decoding=\"async\" src=\"\/wp-content\/uploads\/2021\/08\/CastellidiFeniseIssogne1.jpeg\" alt=\"\"><\/p>\n<\/li>\n<li>\n<p>        <img decoding=\"async\" src=\"\/wp-content\/uploads\/2021\/08\/CastellidiFeniseIssogne2.jpeg\" alt=\"\"><\/p>\n<\/li>\n<li>\n<p>        <img decoding=\"async\" src=\"\/wp-content\/uploads\/2021\/08\/CastellidiFeniseIssogne3.jpeg\" alt=\"\"><\/p>\n<\/li>\n<li>\n<p>        <img decoding=\"async\" src=\"\/wp-content\/uploads\/2021\/08\/CastellidiFeniseIssogne4.jpeg\" alt=\"\"><\/p>\n<\/li>\n<li>\n<p>        <img decoding=\"async\" src=\"\/wp-content\/uploads\/2021\/08\/CastellidiFeniseIssogne5.jpeg\" alt=\"\"><\/p>\n<\/li>\n<li>\n<p>        <img decoding=\"async\" src=\"\/wp-content\/uploads\/2021\/08\/CastellidiFeniseIssogne6.jpeg\" alt=\"\"><\/p>\n<\/li>\n<\/ul>\n<p><!--more--><br \/>\n<!-- {\"name\":\"Trans Alps Adventure\",\"type\":\"layout\",\"children\":[{\"name\":\"Hero\",\"type\":\"section\",\"props\":{\"style\":\"primary\",\"width\":\"large\",\"vertical_align\":\"\",\"title_position\":\"top-left\",\"title_rotation\":\"left\",\"title_breakpoint\":\"xl\",\"image_position\":\"top-center\",\"height\":\"percent\",\"padding\":\"large\",\"image\":\"wp-content\\\/uploads\\\/2021\\\/08\\\/CastellidiFeniseIssogne0.jpeg\",\"text_color\":\"light\",\"image_size\":\"cover\",\"image_effect\":\"parallax\",\"image_width\":\"2560\",\"overlap\":false,\"image_parallax_breakpoint\":\"m\",\"image_parallax_bgy_start\":\"-200\"},\"children\":[{\"name\":\"\",\"type\":\"row\",\"children\":[{\"name\":\"\",\"type\":\"column\",\"props\":{\"image_position\":\"center-center\",\"media_overlay_gradient\":\"\",\"width_medium\":\"1-1\"},\"children\":[]}]}]},{\"name\":\"About\",\"type\":\"section\",\"props\":{\"style\":\"default\",\"width\":\"xlarge\",\"vertical_align\":\"middle\",\"title_position\":\"center-right\",\"title_rotation\":\"left\",\"title_breakpoint\":\"xl\",\"image_position\":\"center-center\",\"padding\":\"none\",\"overlap\":false,\"title\":\"\",\"padding_remove_bottom\":false,\"padding_remove_top\":false},\"children\":[{\"name\":\"\",\"type\":\"row\",\"props\":{\"layout\":\"1-2,1-2\",\"match\":true,\"column_gap\":\"collapse\",\"row_gap\":\"collapse\"},\"children\":[{\"name\":\"\",\"type\":\"column\",\"props\":{\"image_position\":\"center-center\",\"vertical_align\":\"middle\",\"media_overlay_gradient\":\"\",\"width_medium\":\"1-2\"},\"children\":[{\"name\":\"\",\"type\":\"image\",\"props\":{\"margin\":\"default\",\"text_align\":\"right\",\"maxwidth\":\"xlarge\",\"animation\":\"parallax\",\"image\":\"wp-content\\\/uploads\\\/2021\\\/08\\\/CastellidiFeniseIssogne1.jpeg\",\"image_width\":\"600\",\"parallax_breakpoint\":\"m\",\"parallax_y_end\":\"-240\",\"parallax_y_start\":\"-100\",\"image_box_decoration\":\"default\",\"block_align\":\"right\",\"image_svg_color\":\"emphasis\",\"image_height\":\"700\"}}]},{\"name\":\"\",\"type\":\"column\",\"props\":{\"image_position\":\"center-center\",\"media_overlay_gradient\":\"\",\"width_medium\":\"1-2\"},\"children\":[{\"name\":\"\",\"type\":\"panel\",\"props\":{\"link_text\":\"Tariffe e galleria fotografica\",\"title_element\":\"h1\",\"meta_style\":\"meta\",\"meta_align\":\"below-title\",\"image_align\":\"top\",\"image_grid_width\":\"1-2\",\"link_style\":\"primary\",\"margin\":\"\",\"panel_style\":\"card-default\",\"panel_size\":\"large\",\"title_style\":\"h1\",\"text_align\":\"left\",\"maxwidth\":\"xlarge\",\"maxwidth_breakpoint\":\"l\",\"animation\":\"parallax\",\"title\":\"Ch\\u00e2teaux de F\\u00e9nis et d'Issogne\",\"content\":\"\n\n<h3 dir=\\\"ltr\\\" class=\\\"CDt4Ke zfr3Q\\\">Description succincte et particularit\\u00e9s<\\\/h3>\\n\n\n<p><span>La Vall\\u00e9e d\\u2019Aoste est connue pour ses ch\\u00e2teaux m\\u00e9di\\u00e9vaux, dont certains sont miraculeusement bien conserv\\u00e9s. Ces constructions nous emm\\u00e8nent dans un voyage \\u00e0 rebours, jusqu'\\u00e0 des \\u00e9poques qui, nous le d\\u00e9couvrirons, ne furent pas si sombres. Au cours de cette visite, nous vous ferons d\\u00e9couvrir l\\u2019histoire des ch\\u00e2teaux de F\\u00e9nis et d\\u2019Issogne.<\\\/span><\\\/p>\\n\n\n<h3 dir=\\\"ltr\\\" class=\\\"CDt4Ke zfr3Q\\\"><span><strong>Meeting point<\\\/strong><\\\/span><\\\/h3>\\n\n\n<p><span>Rendez-vous avec le guide du parking de bus de F\\u00e9nis<\\\/span><\\\/p>\\n\n\n<h3>Temps<\\\/h3>\\n\n\n<p><span>Demi-journ\\u00e9e<\\\/span><\\\/p>\\n\n\n<h3>Co\\u00fbt<\\\/h3>\\n\n\n<p dir=\\\"ltr\\\" class=\\\"CDt4Ke zfr3Q\\\"><span>Demi-journ\\u00e9e avec rendez-vous pr\\u00e8s du ch\\u00e2teau \\u20ac 38 par personne minimum 4 personnes.<\\\/span><\\\/p>\\n\n\n<p dir=\\\"ltr\\\" class=\\\"CDt4Ke zfr3Q\\\"><span>5 euro entr\\u00e9e ch\\u00e2teau de F\\u00e9nis.<\\\/span><\\\/p>\\n\n\n<p dir=\\\"ltr\\\" class=\\\"CDt4Ke zfr3Q\\\"><span>3,50 euro entr\\u00e9e ch\\u00e2teau d\\u2019Issogne.<\\\/span><\\\/p>\",\"parallax_breakpoint\":\"m\",\"parallax_y_start\":\"-200\",\"title_hover_style\":\"reset\",\"title_align\":\"top\",\"title_grid_width\":\"1-2\",\"image_svg_color\":\"emphasis\",\"position\":\"relative\",\"position_left\":\"-50\",\"css\":\"@media (max-width: 959px) {\\n    .el-element { position: static !important; }\\n}\",\"title_grid_breakpoint\":\"m\",\"image_grid_breakpoint\":\"m\",\"icon_width\":80,\"meta_element\":\"div\",\"content_column_breakpoint\":\"m\",\"link\":\"\",\"link_target\":true,\"meta\":\"\"}}]}]}]},{\"type\":\"section\",\"props\":{\"style\":\"default\",\"width\":\"default\",\"vertical_align\":\"middle\",\"title_position\":\"top-left\",\"title_rotation\":\"left\",\"title_breakpoint\":\"xl\",\"image_position\":\"center-center\"},\"children\":[{\"type\":\"row\",\"children\":[{\"type\":\"column\",\"props\":{\"image_position\":\"center-center\",\"media_overlay_gradient\":\"\"},\"children\":[{\"type\":\"text\",\"props\":{\"margin\":\"default\",\"column_breakpoint\":\"m\",\"content\":\"\n\n<h3>Programme<\\\/h3>\\n\n\n<p dir=\\\"ltr\\\" class=\\\"CDt4Ke zfr3Q\\\"><span>Nous commencerons par le ch\\u00e2teau de F\\u00e9nis que nous rejoindrons \\u00e0 pied pour en admirer l'ext\\u00e9rieur. Authentique prototype des ch\\u00e2teaux m\\u00e9di\\u00e9vaux souvent utilis\\u00e9 comme set cin\\u00e9matographique, le ch\\u00e2teau de F\\u00e9nis est le plus connu de la r\\u00e9gion et il est consid\\u00e9r\\u00e9 comme l\\u2019un des meilleurs exemples d\\u2019architecture civile et militaire m\\u00e9di\\u00e9vale de l\\u2019Europe enti\\u00e8re. Il est entour\\u00e9 d\\u2019une double enceinte cr\\u00e9nel\\u00e9e, prot\\u00e9g\\u00e9e de tours o\\u00f9 s\\u2019ouvrent des meurtri\\u00e8res et des m\\u00e2chicoulis. Alors que l\\u2019ext\\u00e9rieur se caract\\u00e9rise par son allure militaire, sans concessions esth\\u00e9tiques, l\\u2019int\\u00e9rieur s\\u2019av\\u00e8re raffin\\u00e9 et \\u00e9l\\u00e9gant, avec sa cour et sa chapelle couvertes de fresques au d\\u00e9but du XV\\u00e8me si\\u00e8cle par l\\u2019excellent atelier de Giacomo Jaquerio. Les vastes salles peuvent \\u00eatre visit\\u00e9es : avec leur mobilier d\\u2019\\u00e9poque, elles nous emportent dans les si\\u00e8cles pass\\u00e9, au Moyen ge. Au terme de la visite, nous nous rendrons en voiture jusqu\\u2019au ch\\u00e2teau d\\u2019Issogne. Il s\\u2019agit d\\u2019un ch\\u00e2teau tr\\u00e8s ancien, qui a perdu son aspect d\\u00e9fensif pour devenir, \\u00e0 la fin du XV\\u00e8me si\\u00e8cle, une demeure courtoise tr\\u00e8s raffin\\u00e9e. Anonyme \\u00e0 l\\u2019ext\\u00e9rieur, il renferme des tr\\u00e9sors artistiques, \\u00e0 commencer par sa cour couverte de fresques avec, au centre, la c\\u00e9l\\u00e8bre fontaine du grenadier. Les lunettes du rez-de-chauss\\u00e9e sont couvertes de fresques repr\\u00e9sentant des sc\\u00e8nes de vie quotidienne qui permettent de revivre les activit\\u00e9s artisanales d\\u2019autrefois : ce sont presque des instantan\\u00e9s de l\\u2019\\u00e9poque, d\\u2019une grande modernit\\u00e9. Les plafonds et le mobilier des salles sont en grande partie authentiques et la chapelle poss\\u00e8de un autel gothique d\\u2019origine dans un triptyque. La grande salle du rez-de-chauss\\u00e9e - compl\\u00e8tement couverte de fresques avec des paysages et des sc\\u00e8nes de chasse - c\\u00e9l\\u00e8bre la famille Challant et son ma\\u00eetre d\\u2019ouvrage, Georges de Challant. Les murs du ch\\u00e2teau sont ponctu\\u00e9s d\\u2019inscriptions et graffitis : ces commentaires des h\\u00f4tes de ces lieux nous racontent cinq si\\u00e8cles d\\u2019histoire et rendent la visite particuli\\u00e8rement vivante.<\\\/span><\\\/p>\"}}]}]}]},{\"type\":\"section\",\"props\":{\"style\":\"default\",\"width\":\"default\",\"vertical_align\":\"middle\",\"title_position\":\"top-left\",\"title_rotation\":\"left\",\"title_breakpoint\":\"xl\",\"image_position\":\"center-center\"},\"children\":[{\"type\":\"row\",\"children\":[{\"type\":\"column\",\"props\":{\"image_position\":\"center-center\",\"media_overlay_gradient\":\"\"},\"children\":[{\"type\":\"gallery\",\"props\":{\"show_title\":true,\"show_meta\":true,\"show_content\":true,\"show_link\":true,\"show_hover_image\":true,\"grid_default\":\"1\",\"grid_medium\":\"4\",\"filter_style\":\"tab\",\"filter_all\":true,\"filter_position\":\"top\",\"filter_align\":\"left\",\"filter_grid_width\":\"auto\",\"filter_grid_breakpoint\":\"m\",\"overlay_mode\":\"cover\",\"overlay_hover\":true,\"overlay_style\":\"\",\"text_color\":\"light\",\"overlay_position\":\"center\",\"overlay_transition\":\"fade\",\"title_hover_style\":\"reset\",\"title_element\":\"h3\",\"meta_style\":\"meta\",\"meta_align\":\"below-title\",\"meta_element\":\"div\",\"link_text\":\"Fai click\",\"link_style\":\"\",\"text_align\":\"center\",\"margin\":\"default\",\"item_animation\":true,\"lightbox\":true,\"title_display\":\"lightbox\",\"content_display\":\"lightbox\",\"lightbox_image_orientation\":false,\"lightbox_image_width\":\"\",\"lightbox_image_height\":\"\",\"image_width\":\"400\",\"image_height\":\"400\"},\"children\":[{\"type\":\"gallery_item\",\"props\":{\"image\":\"wp-content\\\/uploads\\\/2021\\\/08\\\/CastellidiFeniseIssogne1.jpeg\"}},{\"type\":\"gallery_item\",\"props\":{\"image\":\"wp-content\\\/uploads\\\/2021\\\/08\\\/CastellidiFeniseIssogne2.jpeg\"}},{\"type\":\"gallery_item\",\"props\":{\"image\":\"wp-content\\\/uploads\\\/2021\\\/08\\\/CastellidiFeniseIssogne3.jpeg\"}},{\"type\":\"gallery_item\",\"props\":{\"image\":\"wp-content\\\/uploads\\\/2021\\\/08\\\/CastellidiFeniseIssogne4.jpeg\"}},{\"type\":\"gallery_item\",\"props\":{\"image\":\"wp-content\\\/uploads\\\/2021\\\/08\\\/CastellidiFeniseIssogne5.jpeg\"}},{\"type\":\"gallery_item\",\"props\":{\"image\":\"wp-content\\\/uploads\\\/2021\\\/08\\\/CastellidiFeniseIssogne6.jpeg\"}}]}]}]}]}],\"version\":\"2.5.9\"} --><\/p>\n","protected":false},"excerpt":{"rendered":"<p>Ch\u00e2teaux de F\u00e9nis et d&rsquo;Issogne Description succincte et particularit\u00e9s La Vall\u00e9e d\u2019Aoste est connue pour ses ch\u00e2teaux m\u00e9di\u00e9vaux, dont certains sont miraculeusement bien conserv\u00e9s. Ces constructions nous emm\u00e8nent dans un voyage \u00e0 rebours, jusqu&rsquo;\u00e0 des \u00e9poques qui, nous le d\u00e9couvrirons, ne furent pas si sombres. Au cours de cette visite, nous vous ferons d\u00e9couvrir l\u2019histoire [&hellip;]<\/p>\n","protected":false},"author":1,"featured_media":0,"parent":2532,"menu_order":0,"comment_status":"closed","ping_status":"closed","template":"","meta":{"saved_in_kubio":false,"_seopress_robots_primary_cat":"","_seopress_titles_title":"Castelli di Fenis e Issogne | Green Experience Vall\u00e9e d&#039;Aoste","_seopress_titles_desc":"La Valle d\u2019Aosta \u00e8 nota per i suoi castelli medievali, alcuni dei quali miracolosamente ben conservati. Clicca qui per conoscere quelli di F\u00e8nis e di Issogne!","_seopress_robots_index":"","footnotes":""},"class_list":["post-2553","page","type-page","status-publish","hentry"],"kubio_ai_page_context":{"short_desc":"","purpose":"general"},"_links":{"self":[{"href":"https:\/\/www.greenvda.com\/fr\/wp-json\/wp\/v2\/pages\/2553","targetHints":{"allow":["GET"]}}],"collection":[{"href":"https:\/\/www.greenvda.com\/fr\/wp-json\/wp\/v2\/pages"}],"about":[{"href":"https:\/\/www.greenvda.com\/fr\/wp-json\/wp\/v2\/types\/page"}],"author":[{"embeddable":true,"href":"https:\/\/www.greenvda.com\/fr\/wp-json\/wp\/v2\/users\/1"}],"replies":[{"embeddable":true,"href":"https:\/\/www.greenvda.com\/fr\/wp-json\/wp\/v2\/comments?post=2553"}],"version-history":[{"count":4,"href":"https:\/\/www.greenvda.com\/fr\/wp-json\/wp\/v2\/pages\/2553\/revisions"}],"predecessor-version":[{"id":2557,"href":"https:\/\/www.greenvda.com\/fr\/wp-json\/wp\/v2\/pages\/2553\/revisions\/2557"}],"up":[{"embeddable":true,"href":"https:\/\/www.greenvda.com\/fr\/wp-json\/wp\/v2\/pages\/2532"}],"wp:attachment":[{"href":"https:\/\/www.greenvda.com\/fr\/wp-json\/wp\/v2\/media?parent=2553"}],"curies":[{"name":"wp","href":"https:\/\/api.w.org\/{rel}","templated":true}]}}