{"id":2532,"date":"2021-09-01T13:51:30","date_gmt":"2021-09-01T11:51:30","guid":{"rendered":"https:\/\/www.greenvda.com\/tour-dei-castelli\/"},"modified":"2021-12-07T14:51:05","modified_gmt":"2021-12-07T13:51:05","slug":"tour-des-chateaux","status":"publish","type":"page","link":"https:\/\/www.greenvda.com\/fr\/green-experiences\/tour-des-chateaux\/","title":{"rendered":"Tour des Ch\u00e2teaux"},"content":{"rendered":"<p><img decoding=\"async\" src=\"\/wp-content\/uploads\/2021\/09\/TourdeiCastelli1.jpeg\" alt=\"\"><\/p>\n<div>\n<h1>Tour des Ch\u00e2teaux<\/h1>\n<div>\n<p dir=\"ltr\" class=\"CDt4Ke zfr3Q\"><span>Gr\u00e2ce \u00e0 sa position strat\u00e9gique et frontali\u00e8re, la Vall\u00e9e d\u2019Aoste est constell\u00e9e de nombreux ch\u00e2teaux, tours et maisons-fortes : on en d\u00e9nombre environ 130. Leur pr\u00e9sence sur le territoire se marie avec le paysage et offre au visiteur un voyage \u00e0 rebours dans le temps. Si les premiers ch\u00e2teaux remontent au Moyen  ge et ont une fonction essentiellement d\u00e9fensive, au cours des si\u00e8cles suivants ils se transforment en v\u00e9ritables demeures. Nos guides vous accompagneront \u00e0 la d\u00e9couverte des ch\u00e2teaux de F\u00e9nis, d\u2019Issogne, de Verr\u00e8s, de Sarriod de la Tour, de Sarre, ainsi que du Ch\u00e2teau Savoie de Gressoney, o\u00f9 s\u00e9journait la reine Marguerite. Ils vous raconteront l\u2019histoire de ces lieux, les particularit\u00e9s et les \u00e9v\u00e9nements concernant les personnes qui y ont habit\u00e9. \u00c0 c\u00f4t\u00e9 des ch\u00e2teaux, il ne faut point oublier les tours : ces symboles \u00e9loquents du contr\u00f4le d\u2019un territoire jouaient un r\u00f4le de surveillance. Gr\u00e2ce \u00e0 leur position, on y arrive ais\u00e9ment \u00e0 pied, par des itin\u00e9raires \u00e0 la port\u00e9e de petits et grands. Enfin, le petit bourg m\u00e9di\u00e9val d\u2019Avise est lui aussi \u00e0 ne pas rater, avec ses deux ch\u00e2teaux importants : la Tour Blonay, aussi ancienne qu\u2019imposante, et le ch\u00e2teau \u00e9l\u00e9gant des Seigneurs d\u2019Avise, b\u00e2ti vers 1490. Sur la base de vos exigences et de vos int\u00e9r\u00eats, nous pr\u00e9parerons un itin\u00e9raire express\u00e9ment pour vous. Le guide viendra vous chercher directement \u00e0 l\u2019h\u00f4tel avec notre BMW i3 \u00e9lectrique et il vous raccompagnera \u00e0 la fin du tour.<\/span><\/p>\n<h3 dir=\"ltr\" class=\"CDt4Ke zfr3Q\"><span><strong>Co\u00fbt<\/strong><\/span><\/h3>\n<ul class=\"n8H08c UVNKR\">\n<li dir=\"ltr\" class=\"TYR86d wXCUfe zfr3Q\">\n<p dir=\"ltr\" class=\"CDt4Ke zfr3Q\"><span>Journ\u00e9e compl\u00e8te avec pick up \u00e0 l\u2019h\u00f4tel avec voiture \u00e9lectrique \u20ac 264 maximum 3 personnes.<\/span><\/p>\n<\/li>\n<li dir=\"ltr\" class=\"TYR86d wXCUfe zfr3Q\">\n<p dir=\"ltr\" class=\"CDt4Ke zfr3Q\"><span>Journ\u00e9e compl\u00e8te \u20ac 58 par personne minimum 4 personnes.<\/span><\/p>\n<\/li>\n<li dir=\"ltr\" class=\"TYR86d wXCUfe zfr3Q\">\n<p dir=\"ltr\" class=\"CDt4Ke zfr3Q\"><span>Demi-journ\u00e9e avec rendez-vous pr\u00e8s du ch\u00e2teau \u20ac. 38 par personne minimum 4 personnes. Pas de ticket d\u2019entr\u00e9e inclus.<\/span><\/p>\n<\/li>\n<\/ul>\n<\/div>\n<\/div>\n<ul>\n<li>\n<p>        <img decoding=\"async\" src=\"\/wp-content\/uploads\/2021\/09\/TourdeiCastellilink1.jpeg\" alt=\"\"><\/p>\n<h3>Medioevo in Bassa Valle d&rsquo;Aosta<\/h3>\n<p><a href=\"\/medioevo-in-bassa-valle-daosta\/\">Scopri di pi\u00f9<\/a><\/p>\n<\/li>\n<li>\n<p>        <img decoding=\"async\" src=\"\/wp-content\/uploads\/2021\/09\/TourdeiCastellilink2.jpeg\" alt=\"\"><\/p>\n<h3>Medioevo in Alta Valle d&rsquo;Aosta<\/h3>\n<p><a href=\"\/medioevo-in-alta-valle-daosta\/\">Scopri di pi\u00f9<\/a><\/p>\n<\/li>\n<li>\n<p>        <img decoding=\"async\" src=\"\/wp-content\/uploads\/2021\/09\/TourdeiCastellilink3.jpeg\" alt=\"\"><\/p>\n<h3>Castelli di Fenis e Issogne<\/h3>\n<p><a href=\"\/castelli-di-fenis-e-issogne\/\">Scopri di pi\u00f9<\/a><\/p>\n<\/li>\n<li>\n<p>        <img decoding=\"async\" src=\"\/wp-content\/uploads\/2021\/09\/TourdeiCastellilink4.jpeg\" alt=\"\"><\/p>\n<h3>Castelli di Sarre e Sarriod<\/h3>\n<p><a href=\"\/castelli-di-sarre-e-sarriod\/\">Scopri di pi\u00f9<\/a><\/p>\n<\/li>\n<\/ul>\n<ul>\n<li>\n<p>        <img decoding=\"async\" src=\"\/wp-content\/uploads\/2021\/09\/TourdeiCastelli1.jpeg\" alt=\"\"><\/p>\n<\/li>\n<li>\n<p>        <img decoding=\"async\" src=\"\/wp-content\/uploads\/2021\/09\/TourdeiCastelli2.jpeg\" alt=\"\"><\/p>\n<\/li>\n<li>\n<p>        <img decoding=\"async\" src=\"\/wp-content\/uploads\/2021\/09\/TourdeiCastelli3.jpeg\" alt=\"\"><\/p>\n<\/li>\n<li>\n<p>        <img decoding=\"async\" src=\"\/wp-content\/uploads\/2021\/09\/TourdeiCastelli4.jpeg\" alt=\"\"><\/p>\n<\/li>\n<li>\n<p>        <img decoding=\"async\" src=\"\/wp-content\/uploads\/2021\/09\/TourdeiCastelli5.jpeg\" alt=\"\"><\/p>\n<\/li>\n<li>\n<p>        <img decoding=\"async\" src=\"\/wp-content\/uploads\/2021\/09\/TourdeiCastelli6.jpeg\" alt=\"\"><\/p>\n<\/li>\n<\/ul>\n<p><!--more--><br \/>\n<!-- {\"name\":\"Trans Alps Adventure\",\"type\":\"layout\",\"children\":[{\"name\":\"Hero\",\"type\":\"section\",\"props\":{\"style\":\"primary\",\"width\":\"large\",\"vertical_align\":\"\",\"title_position\":\"top-left\",\"title_rotation\":\"left\",\"title_breakpoint\":\"xl\",\"image_position\":\"top-center\",\"height\":\"percent\",\"padding\":\"large\",\"image\":\"wp-content\\\/uploads\\\/2021\\\/09\\\/TourdeiCastelli0.jpeg\",\"text_color\":\"light\",\"image_size\":\"cover\",\"image_effect\":\"parallax\",\"image_width\":\"2560\",\"overlap\":false,\"image_parallax_breakpoint\":\"m\",\"image_parallax_bgy_start\":\"-200\"},\"children\":[{\"name\":\"\",\"type\":\"row\",\"children\":[{\"name\":\"\",\"type\":\"column\",\"props\":{\"image_position\":\"center-center\",\"media_overlay_gradient\":\"\",\"width_medium\":\"1-1\"},\"children\":[]}]}]},{\"name\":\"About\",\"type\":\"section\",\"props\":{\"style\":\"default\",\"width\":\"xlarge\",\"vertical_align\":\"middle\",\"title_position\":\"center-right\",\"title_rotation\":\"left\",\"title_breakpoint\":\"xl\",\"image_position\":\"center-center\",\"padding\":\"none\",\"overlap\":false,\"title\":\"\",\"padding_remove_bottom\":false,\"padding_remove_top\":false},\"children\":[{\"name\":\"\",\"type\":\"row\",\"props\":{\"layout\":\"1-2,1-2\",\"match\":true,\"column_gap\":\"collapse\",\"row_gap\":\"collapse\"},\"children\":[{\"name\":\"\",\"type\":\"column\",\"props\":{\"image_position\":\"center-center\",\"vertical_align\":\"middle\",\"media_overlay_gradient\":\"\",\"width_medium\":\"1-2\"},\"children\":[{\"name\":\"\",\"type\":\"image\",\"props\":{\"margin\":\"default\",\"text_align\":\"right\",\"maxwidth\":\"xlarge\",\"animation\":\"parallax\",\"image\":\"wp-content\\\/uploads\\\/2021\\\/09\\\/TourdeiCastelli1.jpeg\",\"image_width\":\"600\",\"parallax_breakpoint\":\"m\",\"parallax_y_end\":\"-240\",\"parallax_y_start\":\"-100\",\"image_box_decoration\":\"default\",\"block_align\":\"right\",\"image_svg_color\":\"emphasis\",\"image_height\":\"700\"}}]},{\"name\":\"\",\"type\":\"column\",\"props\":{\"image_position\":\"center-center\",\"media_overlay_gradient\":\"\",\"width_medium\":\"1-2\"},\"children\":[{\"name\":\"\",\"type\":\"panel\",\"props\":{\"link_text\":\"Tariffe e galleria fotografica\",\"title_element\":\"h1\",\"meta_style\":\"meta\",\"meta_align\":\"below-title\",\"image_align\":\"top\",\"image_grid_width\":\"1-2\",\"link_style\":\"primary\",\"margin\":\"\",\"panel_style\":\"card-default\",\"panel_size\":\"large\",\"title_style\":\"h1\",\"text_align\":\"left\",\"maxwidth\":\"xlarge\",\"maxwidth_breakpoint\":\"l\",\"animation\":\"parallax\",\"title\":\"Tour des Ch\\u00e2teaux\",\"content\":\"\n\n<p dir=\\\"ltr\\\" class=\\\"CDt4Ke zfr3Q\\\"><span>Gr\\u00e2ce \\u00e0 sa position strat\\u00e9gique et frontali\\u00e8re, la Vall\\u00e9e d\\u2019Aoste est constell\\u00e9e de nombreux ch\\u00e2teaux, tours et maisons-fortes : on en d\\u00e9nombre environ 130. Leur pr\\u00e9sence sur le territoire se marie avec le paysage et offre au visiteur un voyage \\u00e0 rebours dans le temps. Si les premiers ch\\u00e2teaux remontent au Moyen  ge et ont une fonction essentiellement d\\u00e9fensive, au cours des si\\u00e8cles suivants ils se transforment en v\\u00e9ritables demeures. Nos guides vous accompagneront \\u00e0 la d\\u00e9couverte des ch\\u00e2teaux de F\\u00e9nis, d\\u2019Issogne, de Verr\\u00e8s, de Sarriod de la Tour, de Sarre, ainsi que du Ch\\u00e2teau Savoie de Gressoney, o\\u00f9 s\\u00e9journait la reine Marguerite. Ils vous raconteront l\\u2019histoire de ces lieux, les particularit\\u00e9s et les \\u00e9v\\u00e9nements concernant les personnes qui y ont habit\\u00e9. \\u00c0 c\\u00f4t\\u00e9 des ch\\u00e2teaux, il ne faut point oublier les tours : ces symboles \\u00e9loquents du contr\\u00f4le d\\u2019un territoire jouaient un r\\u00f4le de surveillance. Gr\\u00e2ce \\u00e0 leur position, on y arrive ais\\u00e9ment \\u00e0 pied, par des itin\\u00e9raires \\u00e0 la port\\u00e9e de petits et grands. Enfin, le petit bourg m\\u00e9di\\u00e9val d\\u2019Avise est lui aussi \\u00e0 ne pas rater, avec ses deux ch\\u00e2teaux importants : la Tour Blonay, aussi ancienne qu\\u2019imposante, et le ch\\u00e2teau \\u00e9l\\u00e9gant des Seigneurs d\\u2019Avise, b\\u00e2ti vers 1490. Sur la base de vos exigences et de vos int\\u00e9r\\u00eats, nous pr\\u00e9parerons un itin\\u00e9raire express\\u00e9ment pour vous. Le guide viendra vous chercher directement \\u00e0 l\\u2019h\\u00f4tel avec notre BMW i3 \\u00e9lectrique et il vous raccompagnera \\u00e0 la fin du tour.<\\\/span><\\\/p>\\n\n\n<h3 dir=\\\"ltr\\\" class=\\\"CDt4Ke zfr3Q\\\"><span><strong>Co\\u00fbt<\\\/strong><\\\/span><\\\/h3>\\n\n\n<ul class=\\\"n8H08c UVNKR\\\">\\n\n\n<li dir=\\\"ltr\\\" class=\\\"TYR86d wXCUfe zfr3Q\\\">\\n\n\n<p dir=\\\"ltr\\\" class=\\\"CDt4Ke zfr3Q\\\"><span>Journ\\u00e9e compl\\u00e8te avec pick up \\u00e0 l\\u2019h\\u00f4tel avec voiture \\u00e9lectrique \\u20ac 264 maximum 3 personnes.<\\\/span><\\\/p>\\n<\\\/li>\\n\n\n<li dir=\\\"ltr\\\" class=\\\"TYR86d wXCUfe zfr3Q\\\">\\n\n\n<p dir=\\\"ltr\\\" class=\\\"CDt4Ke zfr3Q\\\"><span>Journ\\u00e9e compl\\u00e8te \\u20ac 58 par personne minimum 4 personnes.<\\\/span><\\\/p>\\n<\\\/li>\\n\n\n<li dir=\\\"ltr\\\" class=\\\"TYR86d wXCUfe zfr3Q\\\">\\n\n\n<p dir=\\\"ltr\\\" class=\\\"CDt4Ke zfr3Q\\\"><span>Demi-journ\\u00e9e avec rendez-vous pr\\u00e8s du ch\\u00e2teau \\u20ac. 38 par personne minimum 4 personnes. Pas de ticket d\\u2019entr\\u00e9e inclus.<\\\/span><\\\/p>\\n<\\\/li>\\n<\\\/ul>\",\"parallax_breakpoint\":\"m\",\"parallax_y_start\":\"-200\",\"title_hover_style\":\"reset\",\"title_align\":\"top\",\"title_grid_width\":\"1-2\",\"image_svg_color\":\"emphasis\",\"position\":\"relative\",\"position_left\":\"-50\",\"css\":\"@media (max-width: 959px) {\\n    .el-element { position: static !important; }\\n}\",\"title_grid_breakpoint\":\"m\",\"image_grid_breakpoint\":\"m\",\"icon_width\":80,\"meta_element\":\"div\",\"content_column_breakpoint\":\"m\",\"link\":\"\",\"link_target\":true,\"meta\":\"\"}}]}]}]},{\"type\":\"section\",\"props\":{\"style\":\"default\",\"width\":\"default\",\"vertical_align\":\"middle\",\"title_position\":\"top-left\",\"title_rotation\":\"left\",\"title_breakpoint\":\"xl\",\"image_position\":\"center-center\"},\"children\":[{\"type\":\"row\",\"children\":[{\"type\":\"column\",\"props\":{\"image_position\":\"center-center\",\"media_overlay_gradient\":\"\"},\"children\":[{\"type\":\"grid\",\"props\":{\"show_title\":true,\"show_meta\":true,\"show_content\":true,\"show_image\":true,\"show_link\":true,\"grid_default\":\"1\",\"grid_medium\":\"4\",\"filter_style\":\"tab\",\"filter_all\":true,\"filter_position\":\"top\",\"filter_align\":\"left\",\"filter_grid_width\":\"auto\",\"filter_grid_breakpoint\":\"m\",\"title_hover_style\":\"reset\",\"title_element\":\"h3\",\"title_align\":\"top\",\"title_grid_width\":\"1-2\",\"title_grid_breakpoint\":\"m\",\"meta_style\":\"meta\",\"meta_align\":\"below-title\",\"meta_element\":\"div\",\"content_column_breakpoint\":\"m\",\"icon_width\":80,\"image_align\":\"top\",\"image_grid_width\":\"1-2\",\"image_grid_breakpoint\":\"m\",\"image_svg_color\":\"emphasis\",\"link_text\":\"Scopri di pi\\u00f9\",\"link_style\":\"default\",\"margin\":\"default\",\"item_animation\":true,\"panel_style\":\"card-default\",\"title_style\":\"h5\",\"panel_size\":\"small\",\"image_height\":\"700\",\"image_width\":\"800\",\"panel_card_image\":true},\"children\":[{\"type\":\"grid_item\",\"props\":{\"title\":\"Medioevo in Bassa Valle d'Aosta\",\"image\":\"wp-content\\\/uploads\\\/2021\\\/09\\\/TourdeiCastellilink1.jpeg\",\"link\":\"medioevo-in-bassa-valle-daosta\\\/\",\"link_text\":\"Scopri di pi\\u00f9\"}},{\"type\":\"grid_item\",\"props\":{\"title\":\"Medioevo in Alta Valle d'Aosta\",\"image\":\"wp-content\\\/uploads\\\/2021\\\/09\\\/TourdeiCastellilink2.jpeg\",\"link\":\"medioevo-in-alta-valle-daosta\\\/\",\"link_text\":\"Scopri di pi\\u00f9\"}},{\"type\":\"grid_item\",\"props\":{\"title\":\"Castelli di Fenis e Issogne\",\"image\":\"wp-content\\\/uploads\\\/2021\\\/09\\\/TourdeiCastellilink3.jpeg\",\"link\":\"castelli-di-fenis-e-issogne\\\/\",\"link_text\":\"Scopri di pi\\u00f9\"}},{\"type\":\"grid_item\",\"props\":{\"title\":\"Castelli di Sarre e Sarriod\",\"image\":\"wp-content\\\/uploads\\\/2021\\\/09\\\/TourdeiCastellilink4.jpeg\",\"link\":\"castelli-di-sarre-e-sarriod\\\/\",\"link_text\":\"Scopri di pi\\u00f9\"}}]}]}]}]},{\"type\":\"section\",\"props\":{\"style\":\"default\",\"width\":\"default\",\"vertical_align\":\"middle\",\"title_position\":\"top-left\",\"title_rotation\":\"left\",\"title_breakpoint\":\"xl\",\"image_position\":\"center-center\"},\"children\":[{\"type\":\"row\",\"children\":[{\"type\":\"column\",\"props\":{\"image_position\":\"center-center\",\"media_overlay_gradient\":\"\"},\"children\":[{\"type\":\"gallery\",\"props\":{\"show_title\":true,\"show_meta\":true,\"show_content\":true,\"show_link\":true,\"show_hover_image\":true,\"grid_default\":\"1\",\"grid_medium\":\"4\",\"filter_style\":\"tab\",\"filter_all\":true,\"filter_position\":\"top\",\"filter_align\":\"left\",\"filter_grid_width\":\"auto\",\"filter_grid_breakpoint\":\"m\",\"overlay_mode\":\"cover\",\"overlay_hover\":true,\"overlay_style\":\"\",\"text_color\":\"light\",\"overlay_position\":\"center\",\"overlay_transition\":\"fade\",\"title_hover_style\":\"reset\",\"title_element\":\"h3\",\"meta_style\":\"meta\",\"meta_align\":\"below-title\",\"meta_element\":\"div\",\"link_text\":\"Fai click\",\"link_style\":\"\",\"text_align\":\"center\",\"margin\":\"default\",\"item_animation\":true,\"lightbox\":true,\"title_display\":\"lightbox\",\"content_display\":\"lightbox\",\"lightbox_image_orientation\":false,\"lightbox_image_width\":\"\",\"lightbox_image_height\":\"\",\"image_width\":\"400\",\"image_height\":\"400\"},\"children\":[{\"type\":\"gallery_item\",\"props\":{\"image\":\"wp-content\\\/uploads\\\/2021\\\/09\\\/TourdeiCastelli1.jpeg\"}},{\"type\":\"gallery_item\",\"props\":{\"image\":\"wp-content\\\/uploads\\\/2021\\\/09\\\/TourdeiCastelli2.jpeg\"}},{\"type\":\"gallery_item\",\"props\":{\"image\":\"wp-content\\\/uploads\\\/2021\\\/09\\\/TourdeiCastelli3.jpeg\"}},{\"type\":\"gallery_item\",\"props\":{\"image\":\"wp-content\\\/uploads\\\/2021\\\/09\\\/TourdeiCastelli4.jpeg\"}},{\"type\":\"gallery_item\",\"props\":{\"image\":\"wp-content\\\/uploads\\\/2021\\\/09\\\/TourdeiCastelli5.jpeg\"}},{\"type\":\"gallery_item\",\"props\":{\"image\":\"wp-content\\\/uploads\\\/2021\\\/09\\\/TourdeiCastelli6.jpeg\"}}]}]}]}]}],\"version\":\"2.5.9\"} --><\/p>\n","protected":false},"excerpt":{"rendered":"<p>Tour des Ch\u00e2teaux Gr\u00e2ce \u00e0 sa position strat\u00e9gique et frontali\u00e8re, la Vall\u00e9e d\u2019Aoste est constell\u00e9e de nombreux ch\u00e2teaux, tours et maisons-fortes : on en d\u00e9nombre environ 130. Leur pr\u00e9sence sur le territoire se marie avec le paysage et offre au visiteur un voyage \u00e0 rebours dans le temps. Si les premiers ch\u00e2teaux remontent au Moyen [&hellip;]<\/p>\n","protected":false},"author":1,"featured_media":0,"parent":2653,"menu_order":0,"comment_status":"closed","ping_status":"closed","template":"","meta":{"saved_in_kubio":false,"_seopress_robots_primary_cat":"","_seopress_titles_title":"Tour dei Castelli | Green Experience Vall\u00e9e d&#039;Aoste","_seopress_titles_desc":"Grazie alla sua posizione strategica e di confine la Valle d\u2019Aosta \u00e8 costellata di numerosi castelli, torri e caseforti: se ne contano circa 130. Scopri di pi\u00f9!","_seopress_robots_index":"","footnotes":""},"class_list":["post-2532","page","type-page","status-publish","hentry"],"kubio_ai_page_context":{"short_desc":"","purpose":"general"},"_links":{"self":[{"href":"https:\/\/www.greenvda.com\/fr\/wp-json\/wp\/v2\/pages\/2532","targetHints":{"allow":["GET"]}}],"collection":[{"href":"https:\/\/www.greenvda.com\/fr\/wp-json\/wp\/v2\/pages"}],"about":[{"href":"https:\/\/www.greenvda.com\/fr\/wp-json\/wp\/v2\/types\/page"}],"author":[{"embeddable":true,"href":"https:\/\/www.greenvda.com\/fr\/wp-json\/wp\/v2\/users\/1"}],"replies":[{"embeddable":true,"href":"https:\/\/www.greenvda.com\/fr\/wp-json\/wp\/v2\/comments?post=2532"}],"version-history":[{"count":3,"href":"https:\/\/www.greenvda.com\/fr\/wp-json\/wp\/v2\/pages\/2532\/revisions"}],"predecessor-version":[{"id":2550,"href":"https:\/\/www.greenvda.com\/fr\/wp-json\/wp\/v2\/pages\/2532\/revisions\/2550"}],"up":[{"embeddable":true,"href":"https:\/\/www.greenvda.com\/fr\/wp-json\/wp\/v2\/pages\/2653"}],"wp:attachment":[{"href":"https:\/\/www.greenvda.com\/fr\/wp-json\/wp\/v2\/media?parent=2532"}],"curies":[{"name":"wp","href":"https:\/\/api.w.org\/{rel}","templated":true}]}}