{"id":2501,"date":"2021-08-16T14:29:17","date_gmt":"2021-08-16T12:29:17","guid":{"rendered":"https:\/\/www.greenvda.com\/maison-agricoles\/societa-agricola-mont-blanc\/"},"modified":"2022-03-25T15:39:52","modified_gmt":"2022-03-25T14:39:52","slug":"maison-agricole-mont-blanc","status":"publish","type":"page","link":"https:\/\/www.greenvda.com\/fr\/maison-agricoles\/maison-agricole-mont-blanc\/","title":{"rendered":"Maison Agricole Mont Blanc"},"content":{"rendered":"<p><img decoding=\"async\" src=\"\/wp-content\/uploads\/2021\/08\/MONT-BLANCagriturismo3.jpg\" alt=\"\"><\/p>\n<div>\n<h1>Soci\u00e9t\u00e9 agricole Mont Blanc<\/h1>\n<p>Rue du Biolley, 3 \u2013 11013 Courmayeur (AO)<\/p>\n<div>\n<div class=\"uk-divider-small uk-margin-medium-top uk-margin-medium-bottom\"><\/div>\n<h3>Le monde des chevrettes<strong><br \/><\/strong><\/h3>\n<p><span style=\"font-weight: 400;\">La Soci\u00e9t\u00e9 Agricole Mont Blanc S.S. est une exploitation agricole familiale de Courmayeur (\u00e0 1.224 m\u00e8tres d\u2019altitude, en moyenne montagne) qui se consacre \u00e0 l\u2019\u00e9levage d\u2019ovins et de caprins. La soci\u00e9t\u00e9 poss\u00e8de une fromagerie, avec son point de vente, pour la transformation du lait et la production de yaourts, de desserts, de fromages frais et affin\u00e9s.<\/span><\/p>\n<p><span style=\"font-weight: 400;\">Cette maison agricole se trouve dans un site Natura 2000 (SIC milieux glaciaires du Mont-Blanc).<\/span><\/p>\n<h3>Exp\u00e9rience<\/h3>\n<p><span style=\"font-weight: 400;\">La visite vous fera d\u00e9couvrir l\u2019univers fascinant des ch\u00e8vres. Animal curieux, affectueux et tranquille, la ch\u00e8vre \u00e9tait jadis confi\u00e9e aux enfants quand le b\u00e9tail allait au p\u00e2turage\u00a0; elle devenait ainsi une sorte de compagnon de jeux, mais \u00e9galement leur premi\u00e8re responsabilit\u00e9. La ch\u00e8vre donne un lait pr\u00e9cieux, qui permet de produire plusieurs aliments, des fromages jusqu\u2019\u00e0 la glace. Les propri\u00e9taires vous accompagneront personnellement \u00e0 la d\u00e9couverte de leur exploitation agricole, qui respecte l\u2019environnement, comme en t\u00e9moignent les panneaux photovolta\u00efques, la chaudi\u00e8re \u00e0 biomasse et le fait qu\u2019elle utilise son propre foin pour nourrir ses animaux.<\/span><\/p>\n<p><span style=\"font-weight: 400;\">Visite pour adultes et enfants avec d\u00e9gustation de produits frais<\/span><\/p>\n<p><span style=\"font-weight: 400;\">Pour des raisons d\u2019organisation, l\u2019activit\u00e9 pourrait subir des variations. La r\u00e9servation est donc obligatoire.<\/span><\/p>\n<h3>Meeting point<\/h3>\n<p>Rue du Biolley 3, 11013 Courmayeur (AO)<\/p>\n<h3>Jour et horaire de l&rsquo;exp\u00e9rience<\/h3>\n<p>Mercredi 18.00<br \/>Dur\u00e9e 1.00h<\/p>\n<h3>Prix<\/h3>\n<p>15,00\u20ac par personne<br \/>Enfants gratuits jusqu&rsquo;\u00e0 10 ans<\/p>\n<\/div>\n<\/div>\n<ul>\n<li>\n<p>        <img decoding=\"async\" src=\"\/wp-content\/uploads\/2021\/08\/MONT-BLANCagriturismo.jpg\" alt=\"\"><\/p>\n<\/li>\n<li>\n<p>        <img decoding=\"async\" src=\"\/wp-content\/uploads\/2021\/08\/MONT-BLANCagriturismo2.jpg\" alt=\"\"><\/p>\n<\/li>\n<li>\n<p>        <img decoding=\"async\" src=\"\/wp-content\/uploads\/2021\/08\/MONT-BLANCagriturismo4.jpg\" alt=\"\"><\/p>\n<\/li>\n<li>\n<p>        <img decoding=\"async\" src=\"\/wp-content\/uploads\/2021\/08\/MONT-BLANCagriturismo5.jpg\" alt=\"\"><\/p>\n<\/li>\n<li>\n<p>        <img decoding=\"async\" src=\"\/wp-content\/uploads\/2021\/08\/MONT-BLANCagriturismo6.jpg\" alt=\"\"><\/p>\n<\/li>\n<li>\n<p>        <img decoding=\"async\" src=\"\/wp-content\/uploads\/2021\/08\/MONT-BLANCagriturismo7.jpg\" alt=\"\"><\/p>\n<\/li>\n<li>\n<p>        <img decoding=\"async\" src=\"\/wp-content\/uploads\/2021\/08\/MONT-BLANCagriturismo8.jpg\" alt=\"\"><\/p>\n<\/li>\n<li>\n<p>        <img decoding=\"async\" src=\"\/wp-content\/uploads\/2021\/08\/MONT-BLANCagriturismo9.jpg\" alt=\"\"><\/p>\n<\/li>\n<\/ul>\n<div>Dove trovarci<\/div>\n<div>\n<p>    <iframe src=\"https:\/\/www.google.com\/maps\/embed?pb=!1m14!1m8!1m3!1d2781.813298484373!2d6.977472!3d45.794968!3m2!1i1024!2i768!4f13.1!3m3!1m2!1s0x0%3A0xb781f602b5b972a2!2sAgriturismo%20Le%20Reve!5e0!3m2!1sit!2sus!4v1629117410104!5m2!1sit!2sus\" width=\"100%\" height=\"450\" style=\"border:0;\" allowfullscreen=\"\" loading=\"lazy\"><\/iframe>\n<\/div>\n<p><!--more--><br \/>\n<!-- {\"name\":\"Trans Alps Adventure\",\"type\":\"layout\",\"children\":[{\"name\":\"Hero\",\"type\":\"section\",\"props\":{\"style\":\"primary\",\"width\":\"large\",\"vertical_align\":\"\",\"title_position\":\"top-left\",\"title_rotation\":\"left\",\"title_breakpoint\":\"xl\",\"image_position\":\"top-center\",\"height\":\"percent\",\"padding\":\"large\",\"image\":\"wp-content\\\/uploads\\\/2021\\\/08\\\/MONT-BLANC-1.jpg\",\"text_color\":\"light\",\"image_size\":\"cover\",\"image_effect\":\"parallax\",\"image_width\":\"2560\",\"overlap\":false,\"image_parallax_breakpoint\":\"m\",\"image_parallax_bgy_start\":\"-200\"},\"children\":[{\"name\":\"\",\"type\":\"row\",\"children\":[{\"name\":\"\",\"type\":\"column\",\"props\":{\"image_position\":\"center-center\",\"media_overlay_gradient\":\"\",\"width_medium\":\"1-1\"},\"children\":[]}]}]},{\"name\":\"About\",\"type\":\"section\",\"props\":{\"style\":\"default\",\"width\":\"xlarge\",\"vertical_align\":\"middle\",\"title_position\":\"center-right\",\"title_rotation\":\"left\",\"title_breakpoint\":\"xl\",\"image_position\":\"center-center\",\"padding\":\"none\",\"overlap\":false,\"title\":\"\",\"padding_remove_bottom\":false,\"padding_remove_top\":false},\"children\":[{\"name\":\"\",\"type\":\"row\",\"props\":{\"layout\":\"1-2,1-2\",\"match\":true,\"column_gap\":\"collapse\",\"row_gap\":\"collapse\"},\"children\":[{\"name\":\"\",\"type\":\"column\",\"props\":{\"image_position\":\"center-center\",\"vertical_align\":\"middle\",\"media_overlay_gradient\":\"\",\"width_medium\":\"1-2\"},\"children\":[{\"name\":\"\",\"type\":\"image\",\"props\":{\"margin\":\"default\",\"text_align\":\"right\",\"maxwidth\":\"xlarge\",\"animation\":\"parallax\",\"image\":\"wp-content\\\/uploads\\\/2021\\\/08\\\/MONT-BLANCagriturismo3.jpg\",\"image_width\":\"600\",\"parallax_breakpoint\":\"m\",\"parallax_y_end\":\"-240\",\"parallax_y_start\":\"-100\",\"image_box_decoration\":\"default\",\"block_align\":\"right\",\"image_svg_color\":\"emphasis\",\"image_height\":\"700\"}}]},{\"name\":\"\",\"type\":\"column\",\"props\":{\"image_position\":\"center-center\",\"media_overlay_gradient\":\"\",\"width_medium\":\"1-2\"},\"children\":[{\"name\":\"\",\"type\":\"panel\",\"props\":{\"link_text\":\"Tariffe e galleria fotografica\",\"title_element\":\"h1\",\"meta_style\":\"meta\",\"meta_align\":\"below-title\",\"image_align\":\"top\",\"image_grid_width\":\"1-2\",\"link_style\":\"primary\",\"margin\":\"\",\"panel_style\":\"card-default\",\"panel_size\":\"large\",\"title_style\":\"h1\",\"text_align\":\"left\",\"maxwidth\":\"xlarge\",\"maxwidth_breakpoint\":\"l\",\"animation\":\"parallax\",\"title\":\"Soci\\u00e9t\\u00e9 agricole Mont Blanc\",\"content\":\"\n\n<div class=\\\"uk-divider-small uk-margin-medium-top uk-margin-medium-bottom\\\"><\\\/div>\\n\n\n<h3>Le monde des chevrettes<strong><br \\\/><\\\/strong><\\\/h3>\\n\n\n<p><span style=\\\"font-weight: 400;\\\">La Soci\\u00e9t\\u00e9 Agricole Mont Blanc S.S. est une exploitation agricole familiale de Courmayeur (\\u00e0 1.224 m\\u00e8tres d\\u2019altitude, en moyenne montagne) qui se consacre \\u00e0 l\\u2019\\u00e9levage d\\u2019ovins et de caprins. La soci\\u00e9t\\u00e9 poss\\u00e8de une fromagerie, avec son point de vente, pour la transformation du lait et la production de yaourts, de desserts, de fromages frais et affin\\u00e9s.<\\\/span><\\\/p>\\n\n\n<p><span style=\\\"font-weight: 400;\\\">Cette maison agricole se trouve dans un site Natura 2000 (SIC milieux glaciaires du Mont-Blanc).<\\\/span><\\\/p>\\n\n\n<h3>Exp\\u00e9rience<\\\/h3>\\n\n\n<p><span style=\\\"font-weight: 400;\\\">La visite vous fera d\\u00e9couvrir l\\u2019univers fascinant des ch\\u00e8vres. Animal curieux, affectueux et tranquille, la ch\\u00e8vre \\u00e9tait jadis confi\\u00e9e aux enfants quand le b\\u00e9tail allait au p\\u00e2turage\\u00a0; elle devenait ainsi une sorte de compagnon de jeux, mais \\u00e9galement leur premi\\u00e8re responsabilit\\u00e9. La ch\\u00e8vre donne un lait pr\\u00e9cieux, qui permet de produire plusieurs aliments, des fromages jusqu\\u2019\\u00e0 la glace. Les propri\\u00e9taires vous accompagneront personnellement \\u00e0 la d\\u00e9couverte de leur exploitation agricole, qui respecte l\\u2019environnement, comme en t\\u00e9moignent les panneaux photovolta\\u00efques, la chaudi\\u00e8re \\u00e0 biomasse et le fait qu\\u2019elle utilise son propre foin pour nourrir ses animaux.<\\\/span><\\\/p>\\n\n\n<p><span style=\\\"font-weight: 400;\\\">Visite pour adultes et enfants avec d\\u00e9gustation de produits frais<\\\/span><\\\/p>\\n\n\n<p><span style=\\\"font-weight: 400;\\\">Pour des raisons d\\u2019organisation, l\\u2019activit\\u00e9 pourrait subir des variations. La r\\u00e9servation est donc obligatoire.<\\\/span><\\\/p>\\n\n\n<h3>Meeting point<\\\/h3>\\n\n\n<p>Rue du Biolley 3, 11013 Courmayeur (AO)<\\\/p>\\n\n\n<h3>Jour et horaire de l'exp\\u00e9rience<\\\/h3>\\n\n\n<p>Mercredi 18.00<br \\\/>Dur\\u00e9e 1.00h<\\\/p>\\n\n\n<h3>Prix<\\\/h3>\\n\n\n<p>15,00\\u20ac par personne<br \\\/>Enfants gratuits jusqu'\\u00e0 10 ans<\\\/p>\",\"parallax_breakpoint\":\"m\",\"parallax_y_start\":\"-200\",\"title_hover_style\":\"reset\",\"title_align\":\"top\",\"title_grid_width\":\"1-2\",\"image_svg_color\":\"emphasis\",\"position\":\"relative\",\"position_left\":\"-50\",\"css\":\"@media (max-width: 959px) {\\n    .el-element { position: static !important; }\\n}\",\"title_grid_breakpoint\":\"m\",\"image_grid_breakpoint\":\"m\",\"icon_width\":80,\"meta_element\":\"div\",\"content_column_breakpoint\":\"m\",\"link\":\"\",\"link_target\":true,\"meta\":\"Rue du Biolley, 3 \\u2013 11013 Courmayeur (AO)\"}}]}]}]},{\"type\":\"section\",\"props\":{\"style\":\"default\",\"width\":\"default\",\"vertical_align\":\"middle\",\"title_position\":\"top-left\",\"title_rotation\":\"left\",\"title_breakpoint\":\"xl\",\"image_position\":\"center-center\"},\"children\":[{\"type\":\"row\",\"children\":[{\"type\":\"column\",\"props\":{\"image_position\":\"center-center\",\"media_overlay_gradient\":\"\"},\"children\":[{\"type\":\"gallery\",\"props\":{\"show_title\":true,\"show_meta\":true,\"show_content\":true,\"show_link\":true,\"show_hover_image\":true,\"grid_default\":\"1\",\"grid_medium\":\"4\",\"filter_style\":\"tab\",\"filter_all\":true,\"filter_position\":\"top\",\"filter_align\":\"left\",\"filter_grid_width\":\"auto\",\"filter_grid_breakpoint\":\"m\",\"overlay_mode\":\"cover\",\"overlay_hover\":true,\"overlay_style\":\"\",\"text_color\":\"light\",\"overlay_position\":\"center\",\"overlay_transition\":\"fade\",\"title_hover_style\":\"reset\",\"title_element\":\"h3\",\"meta_style\":\"meta\",\"meta_align\":\"below-title\",\"meta_element\":\"div\",\"link_text\":\"Fai click\",\"link_style\":\"\",\"text_align\":\"center\",\"margin\":\"default\",\"item_animation\":true,\"lightbox\":true,\"title_display\":\"lightbox\",\"content_display\":\"lightbox\",\"lightbox_image_orientation\":false,\"lightbox_image_width\":\"\",\"lightbox_image_height\":\"\",\"image_width\":\"400\",\"image_height\":\"400\"},\"children\":[{\"type\":\"gallery_item\",\"props\":{\"image\":\"wp-content\\\/uploads\\\/2021\\\/08\\\/MONT-BLANCagriturismo.jpg\"}},{\"type\":\"gallery_item\",\"props\":{\"image\":\"wp-content\\\/uploads\\\/2021\\\/08\\\/MONT-BLANCagriturismo2.jpg\"}},{\"type\":\"gallery_item\",\"props\":{\"image\":\"wp-content\\\/uploads\\\/2021\\\/08\\\/MONT-BLANCagriturismo4.jpg\"}},{\"type\":\"gallery_item\",\"props\":{\"image\":\"wp-content\\\/uploads\\\/2021\\\/08\\\/MONT-BLANCagriturismo5.jpg\"}},{\"type\":\"gallery_item\",\"props\":{\"image\":\"wp-content\\\/uploads\\\/2021\\\/08\\\/MONT-BLANCagriturismo6.jpg\"}},{\"type\":\"gallery_item\",\"props\":{\"image\":\"wp-content\\\/uploads\\\/2021\\\/08\\\/MONT-BLANCagriturismo7.jpg\"}},{\"type\":\"gallery_item\",\"props\":{\"image\":\"wp-content\\\/uploads\\\/2021\\\/08\\\/MONT-BLANCagriturismo8.jpg\"}},{\"type\":\"gallery_item\",\"props\":{\"image\":\"wp-content\\\/uploads\\\/2021\\\/08\\\/MONT-BLANCagriturismo9.jpg\"}}]}]}]}]},{\"name\":\"Map\",\"type\":\"section\",\"props\":{\"style\":\"default\",\"width\":\"\",\"vertical_align\":\"middle\",\"title_position\":\"top-left\",\"title_rotation\":\"left\",\"title_breakpoint\":\"xl\",\"image_position\":\"center-center\",\"padding_remove_top\":false,\"padding_remove_bottom\":true,\"overlap\":false,\"id\":\"map\"},\"children\":[{\"name\":\"\",\"type\":\"row\",\"props\":{\"width\":\"large\",\"margin\":\"remove-vertical\"},\"children\":[{\"name\":\"\",\"type\":\"column\",\"props\":{\"image_position\":\"center-center\",\"css\":\"@media (min-width: 960px) {\\n    \\n    .el-column { z-index: 2; }\\n    \\n}\",\"media_overlay_gradient\":\"\",\"width_medium\":\"1-1\"},\"children\":[{\"name\":\"\",\"type\":\"headline\",\"props\":{\"title_element\":\"div\",\"title_style\":\"h4\",\"title_color\":\"primary\",\"text_align\":\"center\",\"content\":\"Dove trovarci\"}}]}]},{\"name\":\"\",\"type\":\"row\",\"props\":{\"margin\":\"default\",\"margin_remove_bottom\":false},\"children\":[{\"name\":\"\",\"type\":\"column\",\"props\":{\"image_position\":\"center-center\",\"media_overlay_gradient\":\"\",\"width_medium\":\"1-1\"},\"children\":[{\"type\":\"html\",\"props\":{\"content\":\"<iframe src=\\\"https:\\\/\\\/www.google.com\\\/maps\\\/embed?pb=!1m14!1m8!1m3!1d2781.813298484373!2d6.977472!3d45.794968!3m2!1i1024!2i768!4f13.1!3m3!1m2!1s0x0%3A0xb781f602b5b972a2!2sAgriturismo%20Le%20Reve!5e0!3m2!1sit!2sus!4v1629117410104!5m2!1sit!2sus\\\" width=\\\"100%\\\" height=\\\"450\\\" style=\\\"border:0;\\\" allowfullscreen=\\\"\\\" loading=\\\"lazy\\\"><\\\/iframe>\"}}]}]}]}],\"version\":\"2.5.9\"} --><\/p>\n","protected":false},"excerpt":{"rendered":"<p>Soci\u00e9t\u00e9 agricole Mont Blanc Rue du Biolley, 3 \u2013 11013 Courmayeur (AO) Le monde des chevrettes La Soci\u00e9t\u00e9 Agricole Mont Blanc S.S. est une exploitation agricole familiale de Courmayeur (\u00e0 1.224 m\u00e8tres d\u2019altitude, en moyenne montagne) qui se consacre \u00e0 l\u2019\u00e9levage d\u2019ovins et de caprins. La soci\u00e9t\u00e9 poss\u00e8de une fromagerie, avec son point de vente, [&hellip;]<\/p>\n","protected":false},"author":1,"featured_media":0,"parent":2485,"menu_order":0,"comment_status":"closed","ping_status":"closed","template":"","meta":{"saved_in_kubio":false,"_seopress_robots_primary_cat":"","_seopress_titles_title":"Societ\u00e0 agricola Mont Blanc | Green Experience Vall\u00e9e d&#039;Aoste","_seopress_titles_desc":"La Societ\u00e0 Agricola Mont Blanc S.S. \u00e8 un\u2019azienda agricola a conduzione familiare dedita all\u2019allevamento di ovini e caprini. Clicca qui per scoprire di pi\u00f9!","_seopress_robots_index":"","footnotes":""},"class_list":["post-2501","page","type-page","status-publish","hentry"],"kubio_ai_page_context":{"short_desc":"","purpose":"general"},"_links":{"self":[{"href":"https:\/\/www.greenvda.com\/fr\/wp-json\/wp\/v2\/pages\/2501","targetHints":{"allow":["GET"]}}],"collection":[{"href":"https:\/\/www.greenvda.com\/fr\/wp-json\/wp\/v2\/pages"}],"about":[{"href":"https:\/\/www.greenvda.com\/fr\/wp-json\/wp\/v2\/types\/page"}],"author":[{"embeddable":true,"href":"https:\/\/www.greenvda.com\/fr\/wp-json\/wp\/v2\/users\/1"}],"replies":[{"embeddable":true,"href":"https:\/\/www.greenvda.com\/fr\/wp-json\/wp\/v2\/comments?post=2501"}],"version-history":[{"count":7,"href":"https:\/\/www.greenvda.com\/fr\/wp-json\/wp\/v2\/pages\/2501\/revisions"}],"predecessor-version":[{"id":3898,"href":"https:\/\/www.greenvda.com\/fr\/wp-json\/wp\/v2\/pages\/2501\/revisions\/3898"}],"up":[{"embeddable":true,"href":"https:\/\/www.greenvda.com\/fr\/wp-json\/wp\/v2\/pages\/2485"}],"wp:attachment":[{"href":"https:\/\/www.greenvda.com\/fr\/wp-json\/wp\/v2\/media?parent=2501"}],"curies":[{"name":"wp","href":"https:\/\/api.w.org\/{rel}","templated":true}]}}