{"id":2500,"date":"2021-08-27T20:50:04","date_gmt":"2021-08-27T18:50:04","guid":{"rendered":"https:\/\/www.greenvda.com\/maison-agricoles\/societa-agricola-da-emy\/"},"modified":"2022-03-25T16:03:04","modified_gmt":"2022-03-25T15:03:04","slug":"maison-agricole-da-emy","status":"publish","type":"page","link":"https:\/\/www.greenvda.com\/fr\/maison-agricoles\/maison-agricole-da-emy\/","title":{"rendered":"Maison Agricole da Emy"},"content":{"rendered":"<p><img decoding=\"async\" src=\"\/wp-content\/uploads\/2021\/08\/daEmy6.jpg\" alt=\"\"><\/p>\n<div>\n<h1>Soci\u00e9t\u00e9 agricole  da  Emy<\/h1>\n<p>n, 18, 11010 Bois De Clin AO, Italia<\/p>\n<div>\n<div class=\"uk-divider-small uk-margin-medium-top uk-margin-medium-bottom\"><\/div>\n<h3><strong>Maison agricole<\/strong><\/h3>\n<p><span style=\"font-weight: 400;\">\u00ab\u00a0Chez Emy\u00a0\u00bb, dont le si\u00e8ge se trouve \u00e0 Valsavarenche (\u00e0 1.541 m\u00e8tres d\u2019altitude, en haute montagne), s\u2019occupe de la culture et de la premi\u00e8re transformation de la c\u00e9l\u00e8bre plante officinale appel\u00e9e G\u00e9n\u00e9py (<\/span><i><span style=\"font-weight: 400;\">Artemisia umbelliformis<\/span><\/i><span style=\"font-weight: 400;\">). Emilia Berthod cultive, s\u00e8che et confectionne les plants de G\u00e9n\u00e9py blanc qu\u2019elle vend ensuite directement aux visiteurs.<\/span><\/p>\n<p><span style=\"font-weight: 400;\">Cette exploitation agricole se trouve dans une Zone interne (n\u00b0 2 Grand-Paradis) et fait partie d\u2019une zone Natura 2000 (SIC\/ZPS Parc national Grand-Paradis). Valsavarenche est consid\u00e9r\u00e9 comme une Aire Rurale Particuli\u00e8rement Marginalis\u00e9e (ARPM).<\/span><\/p>\n<h3>Exp\u00e9rience<\/h3>\n<p><span style=\"font-weight: 400;\">Emilia Berthod vous attend pour une immersion authentique dans la nature. Un voyage pour petits et grands fait de pr\u00e9cieuses d\u00e9couvertes et de r\u00e9cits : de la magie des herbes qui sifflent aux plantes qui sont bonnes pour les tisanes et les liqueurs. Une promenade r\u00e9elle (l\u2019\u00e9t\u00e9) et virtuelle (l\u2019hiver) dans cette petite exploitation agricole qui fait partie du label de Qualit\u00e9 du Parc national du Grand-Paradis et dont les cultures se trouvent toutes \u00e0 l\u2019int\u00e9rieur du Parc. Ici, les emballages minimalistes et l\u2019absence de pesticides font du respect pour l\u2019environnement une philosophie de vie.<\/span><\/p>\n<p>Visite pour adultes et enfants avec d\u00e9gustation de tisanes, g\u00e9n\u00e9pi et biscuits<\/p>\n<p>Pour des raisons d&rsquo;organisation, l&rsquo;activit\u00e9 peut \u00eatre sujette \u00e0 changement, la r\u00e9servation est donc obligatoire<\/p>\n<h3>Meeting point<\/h3>\n<p dir=\"ltr\" class=\"CDt4Ke zfr3Q\"><span>Frazione, n. 18 \u2013 11010 Bois De Clin (AO)<\/span><\/p>\n<h3>Jour et horaire de l&rsquo;exp\u00e9rience<\/h3>\n<p>Vendredi 15.00<br \/>Dur\u00e9e 2h00<\/p>\n<h3>Prix<\/h3>\n<p>15,00\u20ac par personne<br \/>Enfants gratuits jusqu&rsquo;\u00e0 10 ans<\/p>\n<\/div>\n<\/div>\n<ul>\n<li>\n<p>        <img decoding=\"async\" src=\"\/wp-content\/uploads\/2021\/08\/daEMy3.jpg\" alt=\"\"><\/p>\n<\/li>\n<li>\n<p>        <img decoding=\"async\" src=\"\/wp-content\/uploads\/2021\/08\/daEmy4.jpg\" alt=\"\"><\/p>\n<\/li>\n<li>\n<p>        <img decoding=\"async\" src=\"\/wp-content\/uploads\/2021\/08\/daEmy5.jpg\" alt=\"\"><\/p>\n<\/li>\n<li>\n<p>        <img decoding=\"async\" src=\"\/wp-content\/uploads\/2021\/08\/daEmy6.jpg\" alt=\"\"><\/p>\n<\/li>\n<li>\n<p>        <img decoding=\"async\" src=\"\/wp-content\/uploads\/2021\/08\/daEmy8.jpg\" alt=\"\"><\/p>\n<\/li>\n<li>\n<p>        <img decoding=\"async\" src=\"\/wp-content\/uploads\/2021\/08\/daEmy9.jpg\" alt=\"\"><\/p>\n<\/li>\n<li>\n<p>        <img decoding=\"async\" src=\"\/wp-content\/uploads\/2021\/08\/daEmy11.jpg\" alt=\"\"><\/p>\n<\/li>\n<li>\n<p>        <img decoding=\"async\" src=\"\/wp-content\/uploads\/2021\/08\/daEmy12.jpg\" alt=\"\"><\/p>\n<\/li>\n<\/ul>\n<div>\n<p>    <iframe src=\"https:\/\/www.google.com\/maps\/embed?pb=!1m14!1m8!1m3!1d5581.023691009578!2d7.197383000000001!3d45.620453!3m2!1i1024!2i768!4f13.1!3m3!1m2!1s0x0%3A0x67a4b9eec6f58738!2sDa%20Emy%20SS%20Agricola!5e0!3m2!1sit!2sus!4v1630090486208!5m2!1sit!2sus\" width=\"100%\" height=\"450\" style=\"border:0;\" allowfullscreen=\"\" loading=\"lazy\"><\/iframe>\n<\/div>\n<p><!--more--><br \/>\n<!-- {\"name\":\"Trans Alps Adventure\",\"type\":\"layout\",\"children\":[{\"name\":\"Hero\",\"type\":\"section\",\"props\":{\"style\":\"primary\",\"width\":\"large\",\"vertical_align\":\"\",\"title_position\":\"top-left\",\"title_rotation\":\"left\",\"title_breakpoint\":\"xl\",\"image_position\":\"top-center\",\"height\":\"percent\",\"padding\":\"large\",\"image\":\"wp-content\\\/uploads\\\/2021\\\/08\\\/daEmy.jpg\",\"text_color\":\"light\",\"image_size\":\"cover\",\"image_effect\":\"parallax\",\"image_width\":\"2560\",\"overlap\":false,\"image_parallax_breakpoint\":\"m\",\"image_parallax_bgy_start\":\"-200\"},\"children\":[{\"name\":\"\",\"type\":\"row\",\"children\":[{\"name\":\"\",\"type\":\"column\",\"props\":{\"image_position\":\"center-center\",\"media_overlay_gradient\":\"\",\"width_medium\":\"1-1\"},\"children\":[]}]}]},{\"name\":\"About\",\"type\":\"section\",\"props\":{\"style\":\"default\",\"width\":\"xlarge\",\"vertical_align\":\"middle\",\"title_position\":\"center-right\",\"title_rotation\":\"left\",\"title_breakpoint\":\"xl\",\"image_position\":\"center-center\",\"padding\":\"none\",\"overlap\":false,\"title\":\"\",\"padding_remove_bottom\":false,\"padding_remove_top\":false},\"children\":[{\"name\":\"\",\"type\":\"row\",\"props\":{\"layout\":\"1-2,1-2\",\"match\":true,\"column_gap\":\"collapse\",\"row_gap\":\"collapse\"},\"children\":[{\"name\":\"\",\"type\":\"column\",\"props\":{\"image_position\":\"center-center\",\"vertical_align\":\"middle\",\"media_overlay_gradient\":\"\",\"width_medium\":\"1-2\"},\"children\":[{\"name\":\"\",\"type\":\"image\",\"props\":{\"margin\":\"default\",\"text_align\":\"right\",\"maxwidth\":\"xlarge\",\"animation\":\"parallax\",\"image\":\"wp-content\\\/uploads\\\/2021\\\/08\\\/daEmy6.jpg\",\"image_width\":\"600\",\"parallax_breakpoint\":\"m\",\"parallax_y_end\":\"-240\",\"parallax_y_start\":\"-100\",\"image_box_decoration\":\"default\",\"block_align\":\"right\",\"image_svg_color\":\"emphasis\",\"image_height\":\"700\"}}]},{\"name\":\"\",\"type\":\"column\",\"props\":{\"image_position\":\"center-center\",\"media_overlay_gradient\":\"\",\"width_medium\":\"1-2\"},\"children\":[{\"name\":\"\",\"type\":\"panel\",\"props\":{\"link_text\":\"Tariffe e galleria fotografica\",\"title_element\":\"h1\",\"meta_style\":\"meta\",\"meta_align\":\"below-title\",\"image_align\":\"top\",\"image_grid_width\":\"1-2\",\"link_style\":\"primary\",\"margin\":\"\",\"panel_style\":\"card-default\",\"panel_size\":\"large\",\"title_style\":\"h1\",\"text_align\":\"left\",\"maxwidth\":\"xlarge\",\"maxwidth_breakpoint\":\"l\",\"animation\":\"parallax\",\"title\":\"Soci\\u00e9t\\u00e9 agricole  da  Emy\",\"content\":\"\n\n<div class=\\\"uk-divider-small uk-margin-medium-top uk-margin-medium-bottom\\\"><\\\/div>\\n\n\n<h3><strong>Maison agricole<\\\/strong><\\\/h3>\\n\n\n<p><span style=\\\"font-weight: 400;\\\">\\u00ab\\u00a0Chez Emy\\u00a0\\u00bb, dont le si\\u00e8ge se trouve \\u00e0 Valsavarenche (\\u00e0 1.541 m\\u00e8tres d\\u2019altitude, en haute montagne), s\\u2019occupe de la culture et de la premi\\u00e8re transformation de la c\\u00e9l\\u00e8bre plante officinale appel\\u00e9e G\\u00e9n\\u00e9py (<\\\/span><i><span style=\\\"font-weight: 400;\\\">Artemisia umbelliformis<\\\/span><\\\/i><span style=\\\"font-weight: 400;\\\">). Emilia Berthod cultive, s\\u00e8che et confectionne les plants de G\\u00e9n\\u00e9py blanc qu\\u2019elle vend ensuite directement aux visiteurs.<\\\/span><\\\/p>\\n\n\n<p><span style=\\\"font-weight: 400;\\\">Cette exploitation agricole se trouve dans une Zone interne (n\\u00b0 2 Grand-Paradis) et fait partie d\\u2019une zone Natura 2000 (SIC\\\/ZPS Parc national Grand-Paradis). Valsavarenche est consid\\u00e9r\\u00e9 comme une Aire Rurale Particuli\\u00e8rement Marginalis\\u00e9e (ARPM).<\\\/span><\\\/p>\\n\n\n<h3>Exp\\u00e9rience<\\\/h3>\\n\n\n<p><span style=\\\"font-weight: 400;\\\">Emilia Berthod vous attend pour une immersion authentique dans la nature. Un voyage pour petits et grands fait de pr\\u00e9cieuses d\\u00e9couvertes et de r\\u00e9cits : de la magie des herbes qui sifflent aux plantes qui sont bonnes pour les tisanes et les liqueurs. Une promenade r\\u00e9elle (l\\u2019\\u00e9t\\u00e9) et virtuelle (l\\u2019hiver) dans cette petite exploitation agricole qui fait partie du label de Qualit\\u00e9 du Parc national du Grand-Paradis et dont les cultures se trouvent toutes \\u00e0 l\\u2019int\\u00e9rieur du Parc. Ici, les emballages minimalistes et l\\u2019absence de pesticides font du respect pour l\\u2019environnement une philosophie de vie.<\\\/span><\\\/p>\\n\n\n<p>Visite pour adultes et enfants avec d\\u00e9gustation de tisanes, g\\u00e9n\\u00e9pi et biscuits<\\\/p>\\n\n\n<p>Pour des raisons d'organisation, l'activit\\u00e9 peut \\u00eatre sujette \\u00e0 changement, la r\\u00e9servation est donc obligatoire<\\\/p>\\n\n\n<h3>Meeting point<\\\/h3>\\n\n\n<p dir=\\\"ltr\\\" class=\\\"CDt4Ke zfr3Q\\\"><span>Frazione, n. 18 \\u2013 11010 Bois De Clin (AO)<\\\/span><\\\/p>\\n\n\n<h3>Jour et horaire de l'exp\\u00e9rience<\\\/h3>\\n\n\n<p>Vendredi 15.00<br \\\/>Dur\\u00e9e 2h00<\\\/p>\\n\n\n<h3>Prix<\\\/h3>\\n\n\n<p>15,00\\u20ac par personne<br \\\/>Enfants gratuits jusqu'\\u00e0 10 ans<\\\/p>\",\"parallax_breakpoint\":\"m\",\"parallax_y_start\":\"-200\",\"title_hover_style\":\"reset\",\"title_align\":\"top\",\"title_grid_width\":\"1-2\",\"image_svg_color\":\"emphasis\",\"position\":\"relative\",\"position_left\":\"-50\",\"css\":\"@media (max-width: 959px) {\\n    .el-element { position: static !important; }\\n}\",\"title_grid_breakpoint\":\"m\",\"image_grid_breakpoint\":\"m\",\"icon_width\":80,\"meta_element\":\"div\",\"content_column_breakpoint\":\"m\",\"link\":\"\",\"link_target\":true,\"meta\":\"n, 18, 11010 Bois De Clin AO, Italia\"}}]}]}]},{\"type\":\"section\",\"props\":{\"style\":\"default\",\"width\":\"default\",\"vertical_align\":\"middle\",\"title_position\":\"top-left\",\"title_rotation\":\"left\",\"title_breakpoint\":\"xl\",\"image_position\":\"center-center\"},\"children\":[{\"type\":\"row\",\"children\":[{\"type\":\"column\",\"props\":{\"image_position\":\"center-center\",\"media_overlay_gradient\":\"\"},\"children\":[{\"type\":\"gallery\",\"props\":{\"show_title\":true,\"show_meta\":true,\"show_content\":true,\"show_link\":true,\"show_hover_image\":true,\"grid_default\":\"1\",\"grid_medium\":\"4\",\"filter_style\":\"tab\",\"filter_all\":true,\"filter_position\":\"top\",\"filter_align\":\"left\",\"filter_grid_width\":\"auto\",\"filter_grid_breakpoint\":\"m\",\"overlay_mode\":\"cover\",\"overlay_hover\":true,\"overlay_style\":\"\",\"text_color\":\"light\",\"overlay_position\":\"center\",\"overlay_transition\":\"fade\",\"title_hover_style\":\"reset\",\"title_element\":\"h3\",\"meta_style\":\"meta\",\"meta_align\":\"below-title\",\"meta_element\":\"div\",\"link_text\":\"Fai click\",\"link_style\":\"\",\"text_align\":\"center\",\"margin\":\"default\",\"item_animation\":true,\"lightbox\":true,\"title_display\":\"lightbox\",\"content_display\":\"lightbox\",\"lightbox_image_orientation\":false,\"lightbox_image_width\":\"\",\"lightbox_image_height\":\"\",\"image_width\":\"400\",\"image_height\":\"400\"},\"children\":[{\"type\":\"gallery_item\",\"props\":{\"image\":\"wp-content\\\/uploads\\\/2021\\\/08\\\/daEMy3.jpg\"}},{\"type\":\"gallery_item\",\"props\":{\"image\":\"wp-content\\\/uploads\\\/2021\\\/08\\\/daEmy4.jpg\"}},{\"type\":\"gallery_item\",\"props\":{\"image\":\"wp-content\\\/uploads\\\/2021\\\/08\\\/daEmy5.jpg\"}},{\"type\":\"gallery_item\",\"props\":{\"image\":\"wp-content\\\/uploads\\\/2021\\\/08\\\/daEmy6.jpg\"}},{\"type\":\"gallery_item\",\"props\":{\"image\":\"wp-content\\\/uploads\\\/2021\\\/08\\\/daEmy8.jpg\"}},{\"type\":\"gallery_item\",\"props\":{\"image\":\"wp-content\\\/uploads\\\/2021\\\/08\\\/daEmy9.jpg\"}},{\"type\":\"gallery_item\",\"props\":{\"image\":\"wp-content\\\/uploads\\\/2021\\\/08\\\/daEmy11.jpg\"}},{\"type\":\"gallery_item\",\"props\":{\"image\":\"wp-content\\\/uploads\\\/2021\\\/08\\\/daEmy12.jpg\"}}]}]}]}]},{\"name\":\"Map\",\"type\":\"section\",\"props\":{\"style\":\"default\",\"width\":\"\",\"vertical_align\":\"middle\",\"title_position\":\"top-left\",\"title_rotation\":\"left\",\"title_breakpoint\":\"xl\",\"image_position\":\"center-center\",\"padding_remove_top\":false,\"padding_remove_bottom\":true,\"overlap\":false,\"id\":\"map\"},\"children\":[{\"name\":\"\",\"type\":\"row\",\"props\":{\"margin\":\"default\",\"margin_remove_bottom\":false},\"children\":[{\"name\":\"\",\"type\":\"column\",\"props\":{\"image_position\":\"center-center\",\"media_overlay_gradient\":\"\",\"width_medium\":\"1-1\"},\"children\":[{\"type\":\"html\",\"props\":{\"content\":\"<iframe src=\\\"https:\\\/\\\/www.google.com\\\/maps\\\/embed?pb=!1m14!1m8!1m3!1d5581.023691009578!2d7.197383000000001!3d45.620453!3m2!1i1024!2i768!4f13.1!3m3!1m2!1s0x0%3A0x67a4b9eec6f58738!2sDa%20Emy%20SS%20Agricola!5e0!3m2!1sit!2sus!4v1630090486208!5m2!1sit!2sus\\\" width=\\\"100%\\\" height=\\\"450\\\" style=\\\"border:0;\\\" allowfullscreen=\\\"\\\" loading=\\\"lazy\\\"><\\\/iframe>\"}}]}]}]}],\"version\":\"2.5.9\"} --><\/p>\n","protected":false},"excerpt":{"rendered":"<p>Soci\u00e9t\u00e9 agricole da Emy n, 18, 11010 Bois De Clin AO, Italia Maison agricole \u00ab\u00a0Chez Emy\u00a0\u00bb, dont le si\u00e8ge se trouve \u00e0 Valsavarenche (\u00e0 1.541 m\u00e8tres d\u2019altitude, en haute montagne), s\u2019occupe de la culture et de la premi\u00e8re transformation de la c\u00e9l\u00e8bre plante officinale appel\u00e9e G\u00e9n\u00e9py (Artemisia umbelliformis). Emilia Berthod cultive, s\u00e8che et confectionne les [&hellip;]<\/p>\n","protected":false},"author":1,"featured_media":0,"parent":2485,"menu_order":0,"comment_status":"closed","ping_status":"closed","template":"","meta":{"_seopress_robots_primary_cat":"","_seopress_titles_title":"Societ\u00e0 agricola da Emy | Green Experience Vall\u00e9e d&#039;Aoste","_seopress_titles_desc":"Un viaggio per grandi e piccini fatto di preziose scoperte e di storie narrate: dalla magia delle erbe che fischiano, alle piante buone per le tisane e i liquori.","_seopress_robots_index":"","footnotes":""},"class_list":["post-2500","page","type-page","status-publish","hentry"],"_links":{"self":[{"href":"https:\/\/www.greenvda.com\/fr\/wp-json\/wp\/v2\/pages\/2500","targetHints":{"allow":["GET"]}}],"collection":[{"href":"https:\/\/www.greenvda.com\/fr\/wp-json\/wp\/v2\/pages"}],"about":[{"href":"https:\/\/www.greenvda.com\/fr\/wp-json\/wp\/v2\/types\/page"}],"author":[{"embeddable":true,"href":"https:\/\/www.greenvda.com\/fr\/wp-json\/wp\/v2\/users\/1"}],"replies":[{"embeddable":true,"href":"https:\/\/www.greenvda.com\/fr\/wp-json\/wp\/v2\/comments?post=2500"}],"version-history":[{"count":9,"href":"https:\/\/www.greenvda.com\/fr\/wp-json\/wp\/v2\/pages\/2500\/revisions"}],"predecessor-version":[{"id":3899,"href":"https:\/\/www.greenvda.com\/fr\/wp-json\/wp\/v2\/pages\/2500\/revisions\/3899"}],"up":[{"embeddable":true,"href":"https:\/\/www.greenvda.com\/fr\/wp-json\/wp\/v2\/pages\/2485"}],"wp:attachment":[{"href":"https:\/\/www.greenvda.com\/fr\/wp-json\/wp\/v2\/media?parent=2500"}],"curies":[{"name":"wp","href":"https:\/\/api.w.org\/{rel}","templated":true}]}}