{"id":2499,"date":"2021-08-27T20:45:15","date_gmt":"2021-08-27T18:45:15","guid":{"rendered":"https:\/\/www.greenvda.com\/maison-agricoles\/seigneurs-de-la-cour\/"},"modified":"2022-02-01T14:53:11","modified_gmt":"2022-02-01T13:53:11","slug":"seigneurs-de-la-cour","status":"publish","type":"page","link":"https:\/\/www.greenvda.com\/fr\/maison-agricoles\/seigneurs-de-la-cour\/","title":{"rendered":"Seigneurs de la cour"},"content":{"rendered":"<p><img decoding=\"async\" src=\"\/wp-content\/uploads\/2021\/08\/seigneurDeLaCourt4.jpg\" alt=\"\"><\/p>\n<div>\n<h1>Seigneurs de la Cour<\/h1>\n<div>\n<div class=\"uk-divider-small uk-margin-medium-top uk-margin-medium-bottom\"><\/div>\n<h3>Randonn\u00e9e des vignes<strong><br \/><\/strong><\/h3>\n<p><span style=\"font-weight: 400;\">L\u2019exploitation agricole des Seigneurs de la Cour est situ\u00e9e \u00e0 Gressan (\u00e0 626 m\u00e8tres d\u2019altitude, basse montagne ou axe central). Elle se consacre \u00e0 la viticulture dans le respect des cahiers des charges pr\u00e9vus pour la lutte int\u00e9gr\u00e9e, ainsi qu\u2019\u00e0 la production et \u00e0 la vente de vins de montagne.<\/span><\/p>\n<p><span style=\"font-weight: 400;\">L\u2019exploitation se trouve en dans une zone Natura 2000 (SIC Formations steppiques de la C\u00f4te de Gargantua).<\/span><\/p>\n<h3>Exp\u00e9rience<\/h3>\n<p dir=\"ltr\" class=\"CDt4Ke zfr3Q\"><span style=\"font-weight: 400;\">Cultiver et r\u00e9habiliter les anciens vignobles, telle est la mission de cette petite maison vigneronne qui vous propose une visite associant les deux \u00ab\u00a0must\u00a0\u00bb des vacances \u00e0 la montagne\u00a0: la randonn\u00e9e et la d\u00e9couverte des vins h\u00e9ro\u00efques, faits \u00e0 la main, presque sans utiliser de machines, avec un faible impact sur l\u2019environnement et sans d\u00e9sherbants chimiques. Stefano vous attend pour une promenade dans les vignobles de Perloz et de Donnas et pour une conversation cordiale autour d\u2019un verre de vin \u00e0 Gressan, afin de vous raconter son histoire fascinante, faite de passion, de sacrifice et d\u2019authenticit\u00e9.<\/span><\/p>\n<p>Visite pour adultes et enfants avec d\u00e9gustation<\/p>\n<p>Pour des raisons d&rsquo;organisation, l&rsquo;activit\u00e9 peut \u00eatre sujette \u00e0 changement, la r\u00e9servation est donc obligatoire.<\/p>\n<h3>Meeting point<\/h3>\n<p dir=\"ltr\" class=\"CDt4Ke zfr3Q\">A&rsquo; convenir<\/p>\n<h3>Jour et horaire de l&rsquo;exp\u00e9rience<\/h3>\n<p>Mardi 16.00<br \/>Dur\u00e9e 1h30<\/p>\n<h3>Prix<\/h3>\n<p>15,00\u20ac par personne<br \/>Enfants gratuits jusqu&rsquo;\u00e0 10 ans<\/p>\n<\/div>\n<\/div>\n<ul>\n<li>\n<p>        <img decoding=\"async\" src=\"\/wp-content\/uploads\/2021\/08\/seigneurDeLaCourt4.jpg\" alt=\"\"><\/p>\n<\/li>\n<li>\n<p>        <img decoding=\"async\" src=\"\/wp-content\/uploads\/2021\/08\/seigneurDeLaCourt3.jpg\" alt=\"\"><\/p>\n<\/li>\n<li>\n<p>        <img decoding=\"async\" src=\"\/wp-content\/uploads\/2021\/08\/seigneurDeLaCourt2.jpg\" alt=\"\"><\/p>\n<\/li>\n<\/ul>\n<p><!--more--><br \/>\n<!-- {\"name\":\"Trans Alps Adventure\",\"type\":\"layout\",\"children\":[{\"name\":\"Hero\",\"type\":\"section\",\"props\":{\"style\":\"primary\",\"width\":\"large\",\"vertical_align\":\"\",\"title_position\":\"top-left\",\"title_rotation\":\"left\",\"title_breakpoint\":\"xl\",\"image_position\":\"top-center\",\"height\":\"percent\",\"padding\":\"large\",\"image\":\"wp-content\\\/uploads\\\/2021\\\/08\\\/seigneurDeLaCourt.jpg\",\"text_color\":\"light\",\"image_size\":\"cover\",\"image_effect\":\"parallax\",\"image_width\":\"2560\",\"overlap\":false,\"image_parallax_breakpoint\":\"m\",\"image_parallax_bgy_start\":\"-200\"},\"children\":[{\"name\":\"\",\"type\":\"row\",\"children\":[{\"name\":\"\",\"type\":\"column\",\"props\":{\"image_position\":\"center-center\",\"media_overlay_gradient\":\"\",\"width_medium\":\"1-1\"},\"children\":[]}]}]},{\"name\":\"About\",\"type\":\"section\",\"props\":{\"style\":\"default\",\"width\":\"xlarge\",\"vertical_align\":\"middle\",\"title_position\":\"center-right\",\"title_rotation\":\"left\",\"title_breakpoint\":\"xl\",\"image_position\":\"center-center\",\"padding\":\"none\",\"overlap\":false,\"title\":\"\",\"padding_remove_bottom\":false,\"padding_remove_top\":false},\"children\":[{\"name\":\"\",\"type\":\"row\",\"props\":{\"layout\":\"1-2,1-2\",\"match\":true,\"column_gap\":\"collapse\",\"row_gap\":\"collapse\"},\"children\":[{\"name\":\"\",\"type\":\"column\",\"props\":{\"image_position\":\"center-center\",\"vertical_align\":\"middle\",\"media_overlay_gradient\":\"\",\"width_medium\":\"1-2\"},\"children\":[{\"name\":\"\",\"type\":\"image\",\"props\":{\"margin\":\"default\",\"text_align\":\"right\",\"maxwidth\":\"xlarge\",\"animation\":\"parallax\",\"image\":\"wp-content\\\/uploads\\\/2021\\\/08\\\/seigneurDeLaCourt4.jpg\",\"image_width\":\"600\",\"parallax_breakpoint\":\"m\",\"parallax_y_end\":\"-240\",\"parallax_y_start\":\"-100\",\"image_box_decoration\":\"default\",\"block_align\":\"right\",\"image_svg_color\":\"emphasis\",\"image_height\":\"700\"}}]},{\"name\":\"\",\"type\":\"column\",\"props\":{\"image_position\":\"center-center\",\"media_overlay_gradient\":\"\",\"width_medium\":\"1-2\"},\"children\":[{\"name\":\"\",\"type\":\"panel\",\"props\":{\"link_text\":\"Tariffe e galleria fotografica\",\"title_element\":\"h1\",\"meta_style\":\"meta\",\"meta_align\":\"below-title\",\"image_align\":\"top\",\"image_grid_width\":\"1-2\",\"link_style\":\"primary\",\"margin\":\"\",\"panel_style\":\"card-default\",\"panel_size\":\"large\",\"title_style\":\"h1\",\"text_align\":\"left\",\"maxwidth\":\"xlarge\",\"maxwidth_breakpoint\":\"l\",\"animation\":\"parallax\",\"title\":\"Seigneurs de la Cour\",\"content\":\"\n\n<div class=\\\"uk-divider-small uk-margin-medium-top uk-margin-medium-bottom\\\"><\\\/div>\\n\n\n<h3>Randonn\\u00e9e des vignes<strong><br \\\/><\\\/strong><\\\/h3>\\n\n\n<p><span style=\\\"font-weight: 400;\\\">L\\u2019exploitation agricole des Seigneurs de la Cour est situ\\u00e9e \\u00e0 Gressan (\\u00e0 626 m\\u00e8tres d\\u2019altitude, basse montagne ou axe central). Elle se consacre \\u00e0 la viticulture dans le respect des cahiers des charges pr\\u00e9vus pour la lutte int\\u00e9gr\\u00e9e, ainsi qu\\u2019\\u00e0 la production et \\u00e0 la vente de vins de montagne.<\\\/span><\\\/p>\\n\n\n<p><span style=\\\"font-weight: 400;\\\">L\\u2019exploitation se trouve en dans une zone Natura 2000 (SIC Formations steppiques de la C\\u00f4te de Gargantua).<\\\/span><\\\/p>\\n\n\n<h3>Exp\\u00e9rience<\\\/h3>\\n\n\n<p dir=\\\"ltr\\\" class=\\\"CDt4Ke zfr3Q\\\"><span style=\\\"font-weight: 400;\\\">Cultiver et r\\u00e9habiliter les anciens vignobles, telle est la mission de cette petite maison vigneronne qui vous propose une visite associant les deux \\u00ab\\u00a0must\\u00a0\\u00bb des vacances \\u00e0 la montagne\\u00a0: la randonn\\u00e9e et la d\\u00e9couverte des vins h\\u00e9ro\\u00efques, faits \\u00e0 la main, presque sans utiliser de machines, avec un faible impact sur l\\u2019environnement et sans d\\u00e9sherbants chimiques. Stefano vous attend pour une promenade dans les vignobles de Perloz et de Donnas et pour une conversation cordiale autour d\\u2019un verre de vin \\u00e0 Gressan, afin de vous raconter son histoire fascinante, faite de passion, de sacrifice et d\\u2019authenticit\\u00e9.<\\\/span><\\\/p>\\n\n\n<p>Visite pour adultes et enfants avec d\\u00e9gustation<\\\/p>\\n\n\n<p>Pour des raisons d'organisation, l'activit\\u00e9 peut \\u00eatre sujette \\u00e0 changement, la r\\u00e9servation est donc obligatoire.<\\\/p>\\n\n\n<h3>Meeting point<\\\/h3>\\n\n\n<p dir=\\\"ltr\\\" class=\\\"CDt4Ke zfr3Q\\\">A' convenir<\\\/p>\\n\n\n<h3>Jour et horaire de l'exp\\u00e9rience<\\\/h3>\\n\n\n<p>Mardi 16.00<br \\\/>Dur\\u00e9e 1h30<\\\/p>\\n\n\n<h3>Prix<\\\/h3>\\n\n\n<p>15,00\\u20ac par personne<br \\\/>Enfants gratuits jusqu'\\u00e0 10 ans<\\\/p>\",\"parallax_breakpoint\":\"m\",\"parallax_y_start\":\"-200\",\"title_hover_style\":\"reset\",\"title_align\":\"top\",\"title_grid_width\":\"1-2\",\"image_svg_color\":\"emphasis\",\"position\":\"relative\",\"position_left\":\"-50\",\"css\":\"@media (max-width: 959px) {\\n    .el-element { position: static !important; }\\n}\",\"title_grid_breakpoint\":\"m\",\"image_grid_breakpoint\":\"m\",\"icon_width\":80,\"meta_element\":\"div\",\"content_column_breakpoint\":\"m\",\"link\":\"\",\"link_target\":true,\"meta\":\"\"}}]}]}]},{\"type\":\"section\",\"props\":{\"style\":\"default\",\"width\":\"default\",\"vertical_align\":\"middle\",\"title_position\":\"top-left\",\"title_rotation\":\"left\",\"title_breakpoint\":\"xl\",\"image_position\":\"center-center\"},\"children\":[{\"type\":\"row\",\"children\":[{\"type\":\"column\",\"props\":{\"image_position\":\"center-center\",\"media_overlay_gradient\":\"\"},\"children\":[{\"type\":\"gallery\",\"props\":{\"show_title\":true,\"show_meta\":true,\"show_content\":true,\"show_link\":true,\"show_hover_image\":true,\"grid_default\":\"1\",\"grid_medium\":\"4\",\"filter_style\":\"tab\",\"filter_all\":true,\"filter_position\":\"top\",\"filter_align\":\"left\",\"filter_grid_width\":\"auto\",\"filter_grid_breakpoint\":\"m\",\"overlay_mode\":\"cover\",\"overlay_hover\":true,\"overlay_style\":\"\",\"text_color\":\"light\",\"overlay_position\":\"center\",\"overlay_transition\":\"fade\",\"title_hover_style\":\"reset\",\"title_element\":\"h3\",\"meta_style\":\"meta\",\"meta_align\":\"below-title\",\"meta_element\":\"div\",\"link_text\":\"Fai click\",\"link_style\":\"\",\"text_align\":\"center\",\"margin\":\"default\",\"item_animation\":true,\"lightbox\":true,\"title_display\":\"lightbox\",\"content_display\":\"lightbox\",\"lightbox_image_orientation\":false,\"lightbox_image_width\":\"\",\"lightbox_image_height\":\"\",\"image_width\":\"400\",\"image_height\":\"400\"},\"children\":[{\"type\":\"gallery_item\",\"props\":{\"image\":\"wp-content\\\/uploads\\\/2021\\\/08\\\/seigneurDeLaCourt4.jpg\"}},{\"type\":\"gallery_item\",\"props\":{\"image\":\"wp-content\\\/uploads\\\/2021\\\/08\\\/seigneurDeLaCourt3.jpg\"}},{\"type\":\"gallery_item\",\"props\":{\"image\":\"wp-content\\\/uploads\\\/2021\\\/08\\\/seigneurDeLaCourt2.jpg\"}}]}]}]}]}],\"version\":\"2.5.9\"} --><\/p>\n","protected":false},"excerpt":{"rendered":"<p>Seigneurs de la Cour Randonn\u00e9e des vignes L\u2019exploitation agricole des Seigneurs de la Cour est situ\u00e9e \u00e0 Gressan (\u00e0 626 m\u00e8tres d\u2019altitude, basse montagne ou axe central). Elle se consacre \u00e0 la viticulture dans le respect des cahiers des charges pr\u00e9vus pour la lutte int\u00e9gr\u00e9e, ainsi qu\u2019\u00e0 la production et \u00e0 la vente de vins [&hellip;]<\/p>\n","protected":false},"author":1,"featured_media":0,"parent":2485,"menu_order":0,"comment_status":"closed","ping_status":"closed","template":"","meta":{"_seopress_robots_primary_cat":"","_seopress_titles_title":"Seigneurs de la cour | Green Experience Vall\u00e9e d&#039;Aoste","_seopress_titles_desc":"Coltivare e recuperare antichi vigneti, \u00e8 la mission di questa piccola azienda che vi propone una visita che associa due \u201cmust\u201d della vacanza in montagna: scopri quali!","_seopress_robots_index":"","footnotes":""},"class_list":["post-2499","page","type-page","status-publish","hentry"],"_links":{"self":[{"href":"https:\/\/www.greenvda.com\/fr\/wp-json\/wp\/v2\/pages\/2499","targetHints":{"allow":["GET"]}}],"collection":[{"href":"https:\/\/www.greenvda.com\/fr\/wp-json\/wp\/v2\/pages"}],"about":[{"href":"https:\/\/www.greenvda.com\/fr\/wp-json\/wp\/v2\/types\/page"}],"author":[{"embeddable":true,"href":"https:\/\/www.greenvda.com\/fr\/wp-json\/wp\/v2\/users\/1"}],"replies":[{"embeddable":true,"href":"https:\/\/www.greenvda.com\/fr\/wp-json\/wp\/v2\/comments?post=2499"}],"version-history":[{"count":3,"href":"https:\/\/www.greenvda.com\/fr\/wp-json\/wp\/v2\/pages\/2499\/revisions"}],"predecessor-version":[{"id":3501,"href":"https:\/\/www.greenvda.com\/fr\/wp-json\/wp\/v2\/pages\/2499\/revisions\/3501"}],"up":[{"embeddable":true,"href":"https:\/\/www.greenvda.com\/fr\/wp-json\/wp\/v2\/pages\/2485"}],"wp:attachment":[{"href":"https:\/\/www.greenvda.com\/fr\/wp-json\/wp\/v2\/media?parent=2499"}],"curies":[{"name":"wp","href":"https:\/\/api.w.org\/{rel}","templated":true}]}}