{"id":2498,"date":"2021-08-27T20:29:43","date_gmt":"2021-08-27T18:29:43","guid":{"rendered":"https:\/\/www.greenvda.com\/maison-agricoles\/maison-lo-triolet\/"},"modified":"2022-01-27T11:04:32","modified_gmt":"2022-01-27T10:04:32","slug":"maison-lo-triolet","status":"publish","type":"page","link":"https:\/\/www.greenvda.com\/fr\/maison-agricoles\/maison-lo-triolet\/","title":{"rendered":"Maison Lo Triolet"},"content":{"rendered":"<p><img decoding=\"async\" src=\"\/wp-content\/uploads\/2021\/08\/triolet7.jpg\" alt=\"\"><\/p>\n<div>\n<h1>Maison Lo Triolet<\/h1>\n<p>Localit\u00e0 Le Junod, 7 11010, 11010 Introd AO, Italia<\/p>\n<div>\n<div class=\"uk-divider-small uk-margin-medium-top uk-margin-medium-bottom\"><\/div>\n<h3>La cave de Marco<strong><br \/><\/strong><\/h3>\n<p><span style=\"font-weight: 400;\">Le Triolet se trouve \u00e0 Introd, non loin du Parc Animalier. Cette maison vigneronne se distingue par la passion pour la culture de la vigne, typique des vignerons vald\u00f4tains. \u00c0 l\u2019int\u00e9rieur de l\u2019exploitation, une salle de d\u00e9gustation a \u00e9t\u00e9 am\u00e9nag\u00e9e dans une ancienne \u00e9table\u00a0: c\u2019est le c\u0153ur de la maison. Elle accueille tous ceux qui sont int\u00e9ress\u00e9s \u00e0 d\u00e9guster ses vins et \u00e0 d\u00e9couvrir l\u2019histoire fascinante de leur production. De plus, Le Triolet poss\u00e8de un agrotourisme, toujours \u00e0 Introd, \u00e0 5 km seulement du Parc national du Grand-Paradis\u00a0: la proximit\u00e9 de la nature et le lien tr\u00e8s fort avec le territoire font de ce lieu le point de d\u00e9part id\u00e9al pour tous les passionn\u00e9s de montagne et d\u2019exp\u00e9riences de vacances. L\u2019\u00e9ventail de vins provenant de cultures situ\u00e9es dans plusieurs communes de la Vall\u00e9e d\u2019Aoste aux terroirs diff\u00e9rents et le savoir-faire dans la transformation du raisin ont valu \u00e0 la maison vigneronne des reconnaissances importantes au fil des ans, comme \u2013 \u00e0 plusieurs reprises \u2013 les \u00ab\u00a0Tre Bicchieri\u00a0\u00bb du Gambero Rosso.<\/span><\/p>\n<h3>Exp\u00e9rience<\/h3>\n<p><span style=\"font-weight: 400;\">Marco Martin vous guidera \u00e0 la d\u00e9couverte de sa cave et de l\u2019histoire de la viticulture vald\u00f4taine, dont les c\u00e9pages expriment l\u2019essence de ce terroir montagnard. Une terre de vins extr\u00eames, uniques et pr\u00e9cieux. Le symbole de la maison est le Pinot Gris. Avec sa robe jaune paille aux reflets tirant sur le vert, son bouquet est fin, persistant et flor\u00e9al, avec des notes d\u2019herbes de montagne. Du grain de raisin \u00e0 la bouteille, vous pourrez parcourir toutes le \u00e9tapes de la production, jusqu\u2019\u00e0 la d\u00e9gustation finale. La maison vigneronne a entrepris derni\u00e8rement un parcours pour devenir enti\u00e8rement bio.<\/span><\/p>\n<h3>Meeting point<\/h3>\n<p>Localit\u00e0 Le Junod, 7 11010, 11010 Introd AO, Italia<\/p>\n<h3>Jour et horaire de l&rsquo;exp\u00e9rience<\/h3>\n<p>Jeudi 18.30<br \/>Dur\u00e9e 1h30<\/p>\n<h3>Prix<\/h3>\n<p>15,00\u20ac par personne<br \/>Enfants gratuits jusqu&rsquo;\u00e0 10 ans<\/p>\n<\/div>\n<\/div>\n<ul>\n<li>\n<p>        <img decoding=\"async\" src=\"\/wp-content\/uploads\/2021\/08\/triolet3.jpg\" alt=\"\"><\/p>\n<\/li>\n<li>\n<p>        <img decoding=\"async\" src=\"\/wp-content\/uploads\/2021\/08\/triolet4.jpg\" alt=\"\"><\/p>\n<\/li>\n<li>\n<p>        <img decoding=\"async\" src=\"\/wp-content\/uploads\/2021\/08\/triolet5.jpg\" alt=\"\"><\/p>\n<\/li>\n<li>\n<p>        <img decoding=\"async\" src=\"\/wp-content\/uploads\/2021\/08\/triolet6.jpg\" alt=\"\"><\/p>\n<\/li>\n<li>\n<p>        <img decoding=\"async\" src=\"\/wp-content\/uploads\/2021\/08\/triolet8.jpg\" alt=\"\"><\/p>\n<\/li>\n<li>\n<p>        <img decoding=\"async\" src=\"\/wp-content\/uploads\/2021\/08\/triolet9.jpg\" alt=\"\"><\/p>\n<\/li>\n<li>\n<p>        <img decoding=\"async\" src=\"\/wp-content\/uploads\/2021\/08\/triolet10.jpg\" alt=\"\"><\/p>\n<\/li>\n<li>\n<p>        <img decoding=\"async\" src=\"\/wp-content\/uploads\/2021\/08\/triolet11.jpg\" alt=\"\"><\/p>\n<\/li>\n<\/ul>\n<div>\n<p>    <iframe src=\"https:\/\/www.google.com\/maps\/embed?pb=!1m14!1m8!1m3!1d11146.855650466718!2d7.184586000000001!3d45.696713!3m2!1i1024!2i768!4f13.1!3m3!1m2!1s0x4789228b27d9290d%3A0x3cc9a890439f63cc!2sLo%20Triolet%20-%20Introd!5e0!3m2!1sit!2sus!4v1630089246228!5m2!1sit!2sus\" width=\"100%\" height=\"450\" style=\"border:0;\" allowfullscreen=\"\" loading=\"lazy\"><\/iframe>\n<\/div>\n<p><!--more--><br \/>\n<!-- {\"name\":\"Trans Alps Adventure\",\"type\":\"layout\",\"children\":[{\"name\":\"Hero\",\"type\":\"section\",\"props\":{\"style\":\"primary\",\"width\":\"large\",\"vertical_align\":\"\",\"title_position\":\"top-left\",\"title_rotation\":\"left\",\"title_breakpoint\":\"xl\",\"image_position\":\"top-center\",\"height\":\"percent\",\"padding\":\"large\",\"image\":\"wp-content\\\/uploads\\\/2021\\\/08\\\/triolet1.jpg\",\"text_color\":\"light\",\"image_size\":\"cover\",\"image_effect\":\"parallax\",\"image_width\":\"2560\",\"overlap\":false,\"image_parallax_breakpoint\":\"m\",\"image_parallax_bgy_start\":\"-200\"},\"children\":[{\"name\":\"\",\"type\":\"row\",\"children\":[{\"name\":\"\",\"type\":\"column\",\"props\":{\"image_position\":\"center-center\",\"media_overlay_gradient\":\"\",\"width_medium\":\"1-1\"},\"children\":[]}]}]},{\"name\":\"About\",\"type\":\"section\",\"props\":{\"style\":\"default\",\"width\":\"xlarge\",\"vertical_align\":\"middle\",\"title_position\":\"center-right\",\"title_rotation\":\"left\",\"title_breakpoint\":\"xl\",\"image_position\":\"center-center\",\"padding\":\"none\",\"overlap\":false,\"title\":\"\",\"padding_remove_bottom\":false,\"padding_remove_top\":false},\"children\":[{\"name\":\"\",\"type\":\"row\",\"props\":{\"layout\":\"1-2,1-2\",\"match\":true,\"column_gap\":\"collapse\",\"row_gap\":\"collapse\"},\"children\":[{\"name\":\"\",\"type\":\"column\",\"props\":{\"image_position\":\"center-center\",\"vertical_align\":\"middle\",\"media_overlay_gradient\":\"\",\"width_medium\":\"1-2\"},\"children\":[{\"name\":\"\",\"type\":\"image\",\"props\":{\"margin\":\"default\",\"text_align\":\"right\",\"maxwidth\":\"xlarge\",\"animation\":\"parallax\",\"image\":\"wp-content\\\/uploads\\\/2021\\\/08\\\/triolet7.jpg\",\"image_width\":\"600\",\"parallax_breakpoint\":\"m\",\"parallax_y_end\":\"-240\",\"parallax_y_start\":\"-100\",\"image_box_decoration\":\"default\",\"block_align\":\"right\",\"image_svg_color\":\"emphasis\",\"image_height\":\"700\"}}]},{\"name\":\"\",\"type\":\"column\",\"props\":{\"image_position\":\"center-center\",\"media_overlay_gradient\":\"\",\"width_medium\":\"1-2\"},\"children\":[{\"name\":\"\",\"type\":\"panel\",\"props\":{\"link_text\":\"Tariffe e galleria fotografica\",\"title_element\":\"h1\",\"meta_style\":\"meta\",\"meta_align\":\"below-title\",\"image_align\":\"top\",\"image_grid_width\":\"1-2\",\"link_style\":\"primary\",\"margin\":\"\",\"panel_style\":\"card-default\",\"panel_size\":\"large\",\"title_style\":\"h1\",\"text_align\":\"left\",\"maxwidth\":\"xlarge\",\"maxwidth_breakpoint\":\"l\",\"animation\":\"parallax\",\"title\":\"Maison Lo Triolet\",\"content\":\"\n\n<div class=\\\"uk-divider-small uk-margin-medium-top uk-margin-medium-bottom\\\"><\\\/div>\\n\n\n<h3>La cave de Marco<strong><br \\\/><\\\/strong><\\\/h3>\\n\n\n<p><span style=\\\"font-weight: 400;\\\">Le Triolet se trouve \\u00e0 Introd, non loin du Parc Animalier. Cette maison vigneronne se distingue par la passion pour la culture de la vigne, typique des vignerons vald\\u00f4tains. \\u00c0 l\\u2019int\\u00e9rieur de l\\u2019exploitation, une salle de d\\u00e9gustation a \\u00e9t\\u00e9 am\\u00e9nag\\u00e9e dans une ancienne \\u00e9table\\u00a0: c\\u2019est le c\\u0153ur de la maison. Elle accueille tous ceux qui sont int\\u00e9ress\\u00e9s \\u00e0 d\\u00e9guster ses vins et \\u00e0 d\\u00e9couvrir l\\u2019histoire fascinante de leur production. De plus, Le Triolet poss\\u00e8de un agrotourisme, toujours \\u00e0 Introd, \\u00e0 5 km seulement du Parc national du Grand-Paradis\\u00a0: la proximit\\u00e9 de la nature et le lien tr\\u00e8s fort avec le territoire font de ce lieu le point de d\\u00e9part id\\u00e9al pour tous les passionn\\u00e9s de montagne et d\\u2019exp\\u00e9riences de vacances. L\\u2019\\u00e9ventail de vins provenant de cultures situ\\u00e9es dans plusieurs communes de la Vall\\u00e9e d\\u2019Aoste aux terroirs diff\\u00e9rents et le savoir-faire dans la transformation du raisin ont valu \\u00e0 la maison vigneronne des reconnaissances importantes au fil des ans, comme \\u2013 \\u00e0 plusieurs reprises \\u2013 les \\u00ab\\u00a0Tre Bicchieri\\u00a0\\u00bb du Gambero Rosso.<\\\/span><\\\/p>\\n\n\n<h3>Exp\\u00e9rience<\\\/h3>\\n\n\n<p><span style=\\\"font-weight: 400;\\\">Marco Martin vous guidera \\u00e0 la d\\u00e9couverte de sa cave et de l\\u2019histoire de la viticulture vald\\u00f4taine, dont les c\\u00e9pages expriment l\\u2019essence de ce terroir montagnard. Une terre de vins extr\\u00eames, uniques et pr\\u00e9cieux. Le symbole de la maison est le Pinot Gris. Avec sa robe jaune paille aux reflets tirant sur le vert, son bouquet est fin, persistant et flor\\u00e9al, avec des notes d\\u2019herbes de montagne. Du grain de raisin \\u00e0 la bouteille, vous pourrez parcourir toutes le \\u00e9tapes de la production, jusqu\\u2019\\u00e0 la d\\u00e9gustation finale. La maison vigneronne a entrepris derni\\u00e8rement un parcours pour devenir enti\\u00e8rement bio.<\\\/span><\\\/p>\\n\n\n<h3>Meeting point<\\\/h3>\\n\n\n<p>Localit\\u00e0 Le Junod, 7 11010, 11010 Introd AO, Italia<\\\/p>\\n\n\n<h3>Jour et horaire de l'exp\\u00e9rience<\\\/h3>\\n\n\n<p>Jeudi 18.30<br \\\/>Dur\\u00e9e 1h30<\\\/p>\\n\n\n<h3>Prix<\\\/h3>\\n\n\n<p>15,00\\u20ac par personne<br \\\/>Enfants gratuits jusqu'\\u00e0 10 ans<\\\/p>\",\"parallax_breakpoint\":\"m\",\"parallax_y_start\":\"-200\",\"title_hover_style\":\"reset\",\"title_align\":\"top\",\"title_grid_width\":\"1-2\",\"image_svg_color\":\"emphasis\",\"position\":\"relative\",\"position_left\":\"-50\",\"css\":\"@media (max-width: 959px) {\\n    .el-element { position: static !important; }\\n}\",\"title_grid_breakpoint\":\"m\",\"image_grid_breakpoint\":\"m\",\"icon_width\":80,\"meta_element\":\"div\",\"content_column_breakpoint\":\"m\",\"link\":\"\",\"link_target\":true,\"meta\":\"Localit\\u00e0 Le Junod, 7 11010, 11010 Introd AO, Italia\"}}]}]}]},{\"type\":\"section\",\"props\":{\"style\":\"default\",\"width\":\"default\",\"vertical_align\":\"middle\",\"title_position\":\"top-left\",\"title_rotation\":\"left\",\"title_breakpoint\":\"xl\",\"image_position\":\"center-center\"},\"children\":[{\"type\":\"row\",\"children\":[{\"type\":\"column\",\"props\":{\"image_position\":\"center-center\",\"media_overlay_gradient\":\"\"},\"children\":[{\"type\":\"gallery\",\"props\":{\"show_title\":true,\"show_meta\":true,\"show_content\":true,\"show_link\":true,\"show_hover_image\":true,\"grid_default\":\"1\",\"grid_medium\":\"4\",\"filter_style\":\"tab\",\"filter_all\":true,\"filter_position\":\"top\",\"filter_align\":\"left\",\"filter_grid_width\":\"auto\",\"filter_grid_breakpoint\":\"m\",\"overlay_mode\":\"cover\",\"overlay_hover\":true,\"overlay_style\":\"\",\"text_color\":\"light\",\"overlay_position\":\"center\",\"overlay_transition\":\"fade\",\"title_hover_style\":\"reset\",\"title_element\":\"h3\",\"meta_style\":\"meta\",\"meta_align\":\"below-title\",\"meta_element\":\"div\",\"link_text\":\"Fai click\",\"link_style\":\"\",\"text_align\":\"center\",\"margin\":\"default\",\"item_animation\":true,\"lightbox\":true,\"title_display\":\"lightbox\",\"content_display\":\"lightbox\",\"lightbox_image_orientation\":false,\"lightbox_image_width\":\"\",\"lightbox_image_height\":\"\",\"image_width\":\"400\",\"image_height\":\"400\"},\"children\":[{\"type\":\"gallery_item\",\"props\":{\"image\":\"wp-content\\\/uploads\\\/2021\\\/08\\\/triolet3.jpg\"}},{\"type\":\"gallery_item\",\"props\":{\"image\":\"wp-content\\\/uploads\\\/2021\\\/08\\\/triolet4.jpg\"}},{\"type\":\"gallery_item\",\"props\":{\"image\":\"wp-content\\\/uploads\\\/2021\\\/08\\\/triolet5.jpg\"}},{\"type\":\"gallery_item\",\"props\":{\"image\":\"wp-content\\\/uploads\\\/2021\\\/08\\\/triolet6.jpg\"}},{\"type\":\"gallery_item\",\"props\":{\"image\":\"wp-content\\\/uploads\\\/2021\\\/08\\\/triolet8.jpg\"}},{\"type\":\"gallery_item\",\"props\":{\"image\":\"wp-content\\\/uploads\\\/2021\\\/08\\\/triolet9.jpg\"}},{\"type\":\"gallery_item\",\"props\":{\"image\":\"wp-content\\\/uploads\\\/2021\\\/08\\\/triolet10.jpg\"}},{\"type\":\"gallery_item\",\"props\":{\"image\":\"wp-content\\\/uploads\\\/2021\\\/08\\\/triolet11.jpg\"}}]}]}]}]},{\"name\":\"Map\",\"type\":\"section\",\"props\":{\"style\":\"default\",\"width\":\"\",\"vertical_align\":\"middle\",\"title_position\":\"top-left\",\"title_rotation\":\"left\",\"title_breakpoint\":\"xl\",\"image_position\":\"center-center\",\"padding_remove_top\":false,\"padding_remove_bottom\":true,\"overlap\":false,\"id\":\"map\"},\"children\":[{\"name\":\"\",\"type\":\"row\",\"props\":{\"margin\":\"default\",\"margin_remove_bottom\":false},\"children\":[{\"name\":\"\",\"type\":\"column\",\"props\":{\"image_position\":\"center-center\",\"media_overlay_gradient\":\"\",\"width_medium\":\"1-1\"},\"children\":[{\"type\":\"html\",\"props\":{\"content\":\"<iframe src=\\\"https:\\\/\\\/www.google.com\\\/maps\\\/embed?pb=!1m14!1m8!1m3!1d11146.855650466718!2d7.184586000000001!3d45.696713!3m2!1i1024!2i768!4f13.1!3m3!1m2!1s0x4789228b27d9290d%3A0x3cc9a890439f63cc!2sLo%20Triolet%20-%20Introd!5e0!3m2!1sit!2sus!4v1630089246228!5m2!1sit!2sus\\\" width=\\\"100%\\\" height=\\\"450\\\" style=\\\"border:0;\\\" allowfullscreen=\\\"\\\" loading=\\\"lazy\\\"><\\\/iframe>\"}}]}]}]}],\"version\":\"2.5.9\"} --><\/p>\n","protected":false},"excerpt":{"rendered":"<p>Maison Lo Triolet Localit\u00e0 Le Junod, 7 11010, 11010 Introd AO, Italia La cave de Marco Le Triolet se trouve \u00e0 Introd, non loin du Parc Animalier. Cette maison vigneronne se distingue par la passion pour la culture de la vigne, typique des vignerons vald\u00f4tains. \u00c0 l\u2019int\u00e9rieur de l\u2019exploitation, une salle de d\u00e9gustation a \u00e9t\u00e9 [&hellip;]<\/p>\n","protected":false},"author":1,"featured_media":0,"parent":2485,"menu_order":0,"comment_status":"closed","ping_status":"closed","template":"","meta":{"_seopress_robots_primary_cat":"","_seopress_titles_title":"Maison Lo Triolet | Green Experience Vall\u00e9e d&#039;Aoste","_seopress_titles_desc":"Marco Martin vi porter\u00e0 alla scoperta della sua cantina e della storia della viticoltura valdostana i cui vitigni esprimono l\u2019essenza della terra di montagna.","_seopress_robots_index":"","footnotes":""},"class_list":["post-2498","page","type-page","status-publish","hentry"],"_links":{"self":[{"href":"https:\/\/www.greenvda.com\/fr\/wp-json\/wp\/v2\/pages\/2498","targetHints":{"allow":["GET"]}}],"collection":[{"href":"https:\/\/www.greenvda.com\/fr\/wp-json\/wp\/v2\/pages"}],"about":[{"href":"https:\/\/www.greenvda.com\/fr\/wp-json\/wp\/v2\/types\/page"}],"author":[{"embeddable":true,"href":"https:\/\/www.greenvda.com\/fr\/wp-json\/wp\/v2\/users\/1"}],"replies":[{"embeddable":true,"href":"https:\/\/www.greenvda.com\/fr\/wp-json\/wp\/v2\/comments?post=2498"}],"version-history":[{"count":4,"href":"https:\/\/www.greenvda.com\/fr\/wp-json\/wp\/v2\/pages\/2498\/revisions"}],"predecessor-version":[{"id":3326,"href":"https:\/\/www.greenvda.com\/fr\/wp-json\/wp\/v2\/pages\/2498\/revisions\/3326"}],"up":[{"embeddable":true,"href":"https:\/\/www.greenvda.com\/fr\/wp-json\/wp\/v2\/pages\/2485"}],"wp:attachment":[{"href":"https:\/\/www.greenvda.com\/fr\/wp-json\/wp\/v2\/media?parent=2498"}],"curies":[{"name":"wp","href":"https:\/\/api.w.org\/{rel}","templated":true}]}}