{"id":2497,"date":"2021-08-27T20:19:57","date_gmt":"2021-08-27T18:19:57","guid":{"rendered":"https:\/\/www.greenvda.com\/maison-agricoles\/douce-vallee\/"},"modified":"2022-02-01T14:49:59","modified_gmt":"2022-02-01T13:49:59","slug":"douce-vallee","status":"publish","type":"page","link":"https:\/\/www.greenvda.com\/fr\/maison-agricoles\/douce-vallee\/","title":{"rendered":"Douce Vall\u00e9e"},"content":{"rendered":"<p><img decoding=\"async\" src=\"\/wp-content\/uploads\/2021\/08\/douceVallee2.jpg\" alt=\"\"><\/p>\n<div>\n<h1>Douce Vall\u00e9e de Vittaz Paola<\/h1>\n<p>Localit\u00e0 Soleil, 18, 11024 Ch\u00e2tillon AO, Italia<\/p>\n<div>\n<div class=\"uk-divider-small uk-margin-medium-top uk-margin-medium-bottom\"><\/div>\n<h3>Vinaigre de fruits<strong><br \/><\/strong><\/h3>\n<p><span style=\"font-weight: 400;\">Notre maison agricole se trouve \u00e0 Ch\u00e2tillon, en Vall\u00e9e d\u2019Aoste, \u00e0 quelques m\u00e8tres de la sortie de l\u2019autoroute, en allant vers Saint-Vincent. Elle est facile \u00e0 trouver. Nous avons inaugur\u00e9 ce nouvel \u00e9tablissement en 2015. Avec ses laboratoires \u00e9quip\u00e9s, plus vastes et plus pratiques, nous transformons les fruits en jus et en confitures. Nous disposons \u00e9galement d\u2019un local pour la fabrication de vinaigre, o\u00f9 nous testons des recettes \u00e0 offrir aux gourmets\u00a0: vinaigres de fruits, vinaigres de vins vald\u00f4tains et assaisonnements savoureux, toujours dans la philosophie des produits sains.<\/span><\/p>\n<h3>Exp\u00e9rience<\/h3>\n<p><span style=\"font-weight: 400;\">La visite vous fera d\u00e9couvrir une exploitation agricole dont l\u2019identit\u00e9 montagnarde est fond\u00e9e sur des saveurs intenses, qui \u00e9pousent bien les tendances de la cuisine contemporaine\u00a0: du vinaigre de fruits aux confitures et aux jus. Les propri\u00e9taires vous accueilleront et vous guideront dans l\u2019univers du vinaigre de fruits. Toutes les \u00e9tapes du travail vous seront expliqu\u00e9es, en pr\u00eatant une attention particuli\u00e8re aux \u00e9l\u00e9ments \u00ab\u00a0green\u00a0\u00bb comme\u00a0: l\u2019absence de pesticides, l\u2019\u00e9limination de la pasteurisation, l\u2019utilisation de sucre et de citron avec fermentation naturelle.<\/span><\/p>\n<h3>Meeting point<\/h3>\n<p>Localit\u00e0 Soleil, 18, 11024 Ch\u00e2tillon AO, Italia<\/p>\n<h3>Jour et horaire de l&rsquo;exp\u00e9rience<\/h3>\n<p>Samedi 16.00<br \/>Dur\u00e9e 1h30<\/p>\n<h3>Prix<\/h3>\n<p>15,00\u20ac par personne<br \/>Enfants gratuits jusqu&rsquo;\u00e0 10 ans<\/p>\n<\/div>\n<\/div>\n<ul>\n<li>\n<p>        <img decoding=\"async\" src=\"\/wp-content\/uploads\/2021\/08\/douceVallee4.jpg\" alt=\"\"><\/p>\n<\/li>\n<li>\n<p>        <img decoding=\"async\" src=\"\/wp-content\/uploads\/2021\/08\/douceVallee5.jpg\" alt=\"\"><\/p>\n<\/li>\n<li>\n<p>        <img decoding=\"async\" src=\"\/wp-content\/uploads\/2021\/08\/douceVallee6.jpg\" alt=\"\"><\/p>\n<\/li>\n<li>\n<p>        <img decoding=\"async\" src=\"\/wp-content\/uploads\/2021\/08\/douceVallee8.jpg\" alt=\"\"><\/p>\n<\/li>\n<li>\n<p>        <img decoding=\"async\" src=\"\/wp-content\/uploads\/2021\/08\/douceVallee9.jpg\" alt=\"\"><\/p>\n<\/li>\n<\/ul>\n<div>\n<p>    <iframe src=\"https:\/\/www.google.com\/maps\/embed?pb=!1m14!1m8!1m3!1d2781.813298484373!2d6.977472!3d45.794968!3m2!1i1024!2i768!4f13.1!3m3!1m2!1s0x0%3A0xb781f602b5b972a2!2sAgriturismo%20Le%20Reve!5e0!3m2!1sit!2sus!4v1629117410104!5m2!1sit!2sus\" width=\"100%\" height=\"450\" style=\"border:0;\" allowfullscreen=\"\" loading=\"lazy\"><\/iframe>\n<\/div>\n<p><!--more--><br \/>\n<!-- {\"name\":\"Trans Alps Adventure\",\"type\":\"layout\",\"children\":[{\"name\":\"Hero\",\"type\":\"section\",\"props\":{\"style\":\"primary\",\"width\":\"large\",\"vertical_align\":\"\",\"title_position\":\"top-left\",\"title_rotation\":\"left\",\"title_breakpoint\":\"xl\",\"image_position\":\"top-center\",\"height\":\"percent\",\"padding\":\"large\",\"image\":\"wp-content\\\/uploads\\\/2021\\\/08\\\/douceVallee.jpg\",\"text_color\":\"light\",\"image_size\":\"cover\",\"image_effect\":\"parallax\",\"image_width\":\"2560\",\"overlap\":false,\"image_parallax_breakpoint\":\"m\",\"image_parallax_bgy_start\":\"-200\"},\"children\":[{\"name\":\"\",\"type\":\"row\",\"children\":[{\"name\":\"\",\"type\":\"column\",\"props\":{\"image_position\":\"center-center\",\"media_overlay_gradient\":\"\",\"width_medium\":\"1-1\"},\"children\":[]}]}]},{\"name\":\"About\",\"type\":\"section\",\"props\":{\"style\":\"default\",\"width\":\"xlarge\",\"vertical_align\":\"middle\",\"title_position\":\"center-right\",\"title_rotation\":\"left\",\"title_breakpoint\":\"xl\",\"image_position\":\"center-center\",\"padding\":\"none\",\"overlap\":false,\"title\":\"\",\"padding_remove_bottom\":false,\"padding_remove_top\":false},\"children\":[{\"name\":\"\",\"type\":\"row\",\"props\":{\"layout\":\"1-2,1-2\",\"match\":true,\"column_gap\":\"collapse\",\"row_gap\":\"collapse\"},\"children\":[{\"name\":\"\",\"type\":\"column\",\"props\":{\"image_position\":\"center-center\",\"vertical_align\":\"middle\",\"media_overlay_gradient\":\"\",\"width_medium\":\"1-2\"},\"children\":[{\"name\":\"\",\"type\":\"image\",\"props\":{\"margin\":\"default\",\"text_align\":\"right\",\"maxwidth\":\"xlarge\",\"animation\":\"parallax\",\"image\":\"wp-content\\\/uploads\\\/2021\\\/08\\\/douceVallee2.jpg\",\"image_width\":\"600\",\"parallax_breakpoint\":\"m\",\"parallax_y_end\":\"-240\",\"parallax_y_start\":\"-100\",\"image_box_decoration\":\"default\",\"block_align\":\"right\",\"image_svg_color\":\"emphasis\",\"image_height\":\"700\"}}]},{\"name\":\"\",\"type\":\"column\",\"props\":{\"image_position\":\"center-center\",\"media_overlay_gradient\":\"\",\"width_medium\":\"1-2\"},\"children\":[{\"name\":\"\",\"type\":\"panel\",\"props\":{\"link_text\":\"Tariffe e galleria fotografica\",\"title_element\":\"h1\",\"meta_style\":\"meta\",\"meta_align\":\"below-title\",\"image_align\":\"top\",\"image_grid_width\":\"1-2\",\"link_style\":\"primary\",\"margin\":\"\",\"panel_style\":\"card-default\",\"panel_size\":\"large\",\"title_style\":\"h1\",\"text_align\":\"left\",\"maxwidth\":\"xlarge\",\"maxwidth_breakpoint\":\"l\",\"animation\":\"parallax\",\"title\":\"Douce Vall\\u00e9e de Vittaz Paola\",\"content\":\"\n\n<div class=\\\"uk-divider-small uk-margin-medium-top uk-margin-medium-bottom\\\"><\\\/div>\\n\n\n<h3>Vinaigre de fruits<strong><br \\\/><\\\/strong><\\\/h3>\\n\n\n<p><span style=\\\"font-weight: 400;\\\">Notre maison agricole se trouve \\u00e0 Ch\\u00e2tillon, en Vall\\u00e9e d\\u2019Aoste, \\u00e0 quelques m\\u00e8tres de la sortie de l\\u2019autoroute, en allant vers Saint-Vincent. Elle est facile \\u00e0 trouver. Nous avons inaugur\\u00e9 ce nouvel \\u00e9tablissement en 2015. Avec ses laboratoires \\u00e9quip\\u00e9s, plus vastes et plus pratiques, nous transformons les fruits en jus et en confitures. Nous disposons \\u00e9galement d\\u2019un local pour la fabrication de vinaigre, o\\u00f9 nous testons des recettes \\u00e0 offrir aux gourmets\\u00a0: vinaigres de fruits, vinaigres de vins vald\\u00f4tains et assaisonnements savoureux, toujours dans la philosophie des produits sains.<\\\/span><\\\/p>\\n\n\n<h3>Exp\\u00e9rience<\\\/h3>\\n\n\n<p><span style=\\\"font-weight: 400;\\\">La visite vous fera d\\u00e9couvrir une exploitation agricole dont l\\u2019identit\\u00e9 montagnarde est fond\\u00e9e sur des saveurs intenses, qui \\u00e9pousent bien les tendances de la cuisine contemporaine\\u00a0: du vinaigre de fruits aux confitures et aux jus. Les propri\\u00e9taires vous accueilleront et vous guideront dans l\\u2019univers du vinaigre de fruits. Toutes les \\u00e9tapes du travail vous seront expliqu\\u00e9es, en pr\\u00eatant une attention particuli\\u00e8re aux \\u00e9l\\u00e9ments \\u00ab\\u00a0green\\u00a0\\u00bb comme\\u00a0: l\\u2019absence de pesticides, l\\u2019\\u00e9limination de la pasteurisation, l\\u2019utilisation de sucre et de citron avec fermentation naturelle.<\\\/span><\\\/p>\\n\n\n<h3>Meeting point<\\\/h3>\\n\n\n<p>Localit\\u00e0 Soleil, 18, 11024 Ch\\u00e2tillon AO, Italia<\\\/p>\\n\n\n<h3>Jour et horaire de l'exp\\u00e9rience<\\\/h3>\\n\n\n<p>Samedi 16.00<br \\\/>Dur\\u00e9e 1h30<\\\/p>\\n\n\n<h3>Prix<\\\/h3>\\n\n\n<p>15,00\\u20ac par personne<br \\\/>Enfants gratuits jusqu'\\u00e0 10 ans<\\\/p>\",\"parallax_breakpoint\":\"m\",\"parallax_y_start\":\"-200\",\"title_hover_style\":\"reset\",\"title_align\":\"top\",\"title_grid_width\":\"1-2\",\"image_svg_color\":\"emphasis\",\"position\":\"relative\",\"position_left\":\"-50\",\"css\":\"@media (max-width: 959px) {\\n    .el-element { position: static !important; }\\n}\",\"title_grid_breakpoint\":\"m\",\"image_grid_breakpoint\":\"m\",\"icon_width\":80,\"meta_element\":\"div\",\"content_column_breakpoint\":\"m\",\"link\":\"\",\"link_target\":true,\"meta\":\"Localit\\u00e0 Soleil, 18, 11024 Ch\\u00e2tillon AO, Italia\"}}]}]}]},{\"type\":\"section\",\"props\":{\"style\":\"default\",\"width\":\"default\",\"vertical_align\":\"middle\",\"title_position\":\"top-left\",\"title_rotation\":\"left\",\"title_breakpoint\":\"xl\",\"image_position\":\"center-center\"},\"children\":[{\"type\":\"row\",\"children\":[{\"type\":\"column\",\"props\":{\"image_position\":\"center-center\",\"media_overlay_gradient\":\"\"},\"children\":[{\"type\":\"gallery\",\"props\":{\"show_title\":true,\"show_meta\":true,\"show_content\":true,\"show_link\":true,\"show_hover_image\":true,\"grid_default\":\"1\",\"grid_medium\":\"4\",\"filter_style\":\"tab\",\"filter_all\":true,\"filter_position\":\"top\",\"filter_align\":\"left\",\"filter_grid_width\":\"auto\",\"filter_grid_breakpoint\":\"m\",\"overlay_mode\":\"cover\",\"overlay_hover\":true,\"overlay_style\":\"\",\"text_color\":\"light\",\"overlay_position\":\"center\",\"overlay_transition\":\"fade\",\"title_hover_style\":\"reset\",\"title_element\":\"h3\",\"meta_style\":\"meta\",\"meta_align\":\"below-title\",\"meta_element\":\"div\",\"link_text\":\"Fai click\",\"link_style\":\"\",\"text_align\":\"center\",\"margin\":\"default\",\"item_animation\":true,\"lightbox\":true,\"title_display\":\"lightbox\",\"content_display\":\"lightbox\",\"lightbox_image_orientation\":false,\"lightbox_image_width\":\"\",\"lightbox_image_height\":\"\",\"image_width\":\"400\",\"image_height\":\"400\"},\"children\":[{\"type\":\"gallery_item\",\"props\":{\"image\":\"wp-content\\\/uploads\\\/2021\\\/08\\\/douceVallee4.jpg\"}},{\"type\":\"gallery_item\",\"props\":{\"image\":\"wp-content\\\/uploads\\\/2021\\\/08\\\/douceVallee5.jpg\"}},{\"type\":\"gallery_item\",\"props\":{\"image\":\"wp-content\\\/uploads\\\/2021\\\/08\\\/douceVallee6.jpg\"}},{\"type\":\"gallery_item\",\"props\":{\"image\":\"wp-content\\\/uploads\\\/2021\\\/08\\\/douceVallee8.jpg\"}},{\"type\":\"gallery_item\",\"props\":{\"image\":\"wp-content\\\/uploads\\\/2021\\\/08\\\/douceVallee9.jpg\"}}]}]}]}]},{\"name\":\"Map\",\"type\":\"section\",\"props\":{\"style\":\"default\",\"width\":\"\",\"vertical_align\":\"middle\",\"title_position\":\"top-left\",\"title_rotation\":\"left\",\"title_breakpoint\":\"xl\",\"image_position\":\"center-center\",\"padding_remove_top\":false,\"padding_remove_bottom\":true,\"overlap\":false,\"id\":\"map\"},\"children\":[{\"name\":\"\",\"type\":\"row\",\"props\":{\"margin\":\"default\",\"margin_remove_bottom\":false},\"children\":[{\"name\":\"\",\"type\":\"column\",\"props\":{\"image_position\":\"center-center\",\"media_overlay_gradient\":\"\",\"width_medium\":\"1-1\"},\"children\":[{\"type\":\"html\",\"props\":{\"content\":\"<iframe src=\\\"https:\\\/\\\/www.google.com\\\/maps\\\/embed?pb=!1m14!1m8!1m3!1d2781.813298484373!2d6.977472!3d45.794968!3m2!1i1024!2i768!4f13.1!3m3!1m2!1s0x0%3A0xb781f602b5b972a2!2sAgriturismo%20Le%20Reve!5e0!3m2!1sit!2sus!4v1629117410104!5m2!1sit!2sus\\\" width=\\\"100%\\\" height=\\\"450\\\" style=\\\"border:0;\\\" allowfullscreen=\\\"\\\" loading=\\\"lazy\\\"><\\\/iframe>\"}}]}]}]}],\"version\":\"2.5.9\"} --><\/p>\n","protected":false},"excerpt":{"rendered":"<p>Douce Vall\u00e9e de Vittaz Paola Localit\u00e0 Soleil, 18, 11024 Ch\u00e2tillon AO, Italia Vinaigre de fruits Notre maison agricole se trouve \u00e0 Ch\u00e2tillon, en Vall\u00e9e d\u2019Aoste, \u00e0 quelques m\u00e8tres de la sortie de l\u2019autoroute, en allant vers Saint-Vincent. Elle est facile \u00e0 trouver. Nous avons inaugur\u00e9 ce nouvel \u00e9tablissement en 2015. Avec ses laboratoires \u00e9quip\u00e9s, plus [&hellip;]<\/p>\n","protected":false},"author":1,"featured_media":0,"parent":2485,"menu_order":0,"comment_status":"closed","ping_status":"closed","template":"","meta":{"_seopress_robots_primary_cat":"","_seopress_titles_title":"Douce Vall\u00e9e di Vittaz Paola | Green Experience Vall\u00e9e d&#039;Aoste","_seopress_titles_desc":"La visita vi porter\u00e0 alla scoperta di un\u2019azienda la cui identit\u00e0 montana si basa su sapori intensi che si sposano bene con le tendenze della cucina contemporanea.","_seopress_robots_index":"","footnotes":""},"class_list":["post-2497","page","type-page","status-publish","hentry"],"_links":{"self":[{"href":"https:\/\/www.greenvda.com\/fr\/wp-json\/wp\/v2\/pages\/2497","targetHints":{"allow":["GET"]}}],"collection":[{"href":"https:\/\/www.greenvda.com\/fr\/wp-json\/wp\/v2\/pages"}],"about":[{"href":"https:\/\/www.greenvda.com\/fr\/wp-json\/wp\/v2\/types\/page"}],"author":[{"embeddable":true,"href":"https:\/\/www.greenvda.com\/fr\/wp-json\/wp\/v2\/users\/1"}],"replies":[{"embeddable":true,"href":"https:\/\/www.greenvda.com\/fr\/wp-json\/wp\/v2\/comments?post=2497"}],"version-history":[{"count":3,"href":"https:\/\/www.greenvda.com\/fr\/wp-json\/wp\/v2\/pages\/2497\/revisions"}],"predecessor-version":[{"id":3499,"href":"https:\/\/www.greenvda.com\/fr\/wp-json\/wp\/v2\/pages\/2497\/revisions\/3499"}],"up":[{"embeddable":true,"href":"https:\/\/www.greenvda.com\/fr\/wp-json\/wp\/v2\/pages\/2485"}],"wp:attachment":[{"href":"https:\/\/www.greenvda.com\/fr\/wp-json\/wp\/v2\/media?parent=2497"}],"curies":[{"name":"wp","href":"https:\/\/api.w.org\/{rel}","templated":true}]}}