{"id":2485,"date":"2021-09-01T09:54:46","date_gmt":"2021-09-01T07:54:46","guid":{"rendered":"https:\/\/www.greenvda.com\/aziende-agricole\/"},"modified":"2023-03-10T11:53:40","modified_gmt":"2023-03-10T10:53:40","slug":"maison-agricoles","status":"publish","type":"page","link":"https:\/\/www.greenvda.com\/fr\/maison-agricoles\/","title":{"rendered":"Maisons agricoles"},"content":{"rendered":"<h1>Maisons Agricoles<\/h1>\n<div>\n<p style=\"text-align: center;\">D\u00e9couvrez toutes les fermes affili\u00e9es \u00e0 Green Vall\u00e9e d&rsquo;Aoste o\u00f9 vous pourrez vivre une exp\u00e9rience unique.<\/p>\n<\/p>\n<\/div>\n<ul>\n<li>\n<p>        <img decoding=\"async\" src=\"\/wp-content\/uploads\/2021\/08\/MONT-BLANCagriturismo3.jpg\" alt=\"\"><\/p>\n<h2>Soci\u00e9t\u00e9 agricole Mont Blanc<\/h2>\n<p>Courmayeur<\/p>\n<div>\n<p><span>\u00c0<\/span> partir de 15\u20ac par personne<\/p>\n<\/div>\n<p><a href=\"\/fr\/maison-agricoles\/maison-agricole-mont-blanc\/\">En savoir plus<\/a><\/p>\n<\/li>\n<li>\n<p>        <img decoding=\"async\" src=\"\/wp-content\/uploads\/2021\/09\/douce-vallee-2.jpg\" alt=\"\"><\/p>\n<h2>Douce Vall\u00e9e de Vittaz Paola<\/h2>\n<p>Chatillon<\/p>\n<div>\n<p><span>\u00c0<\/span> partir de 15\u20ac par personne<\/p>\n<\/div>\n<p><a href=\"\/fr\/maisons-agricoles\/douce-vallee\/\">En savoir plus<\/a><\/p>\n<\/li>\n<li>\n<p>        <img decoding=\"async\" src=\"\/wp-content\/uploads\/2021\/08\/triolet7.jpg\" alt=\"\"><\/p>\n<h2>Maison Lo Triolet<\/h2>\n<p>Introd<\/p>\n<div>\n<p><span>\u00c0<\/span> partir de 15\u20ac par personne<\/p>\n<\/div>\n<p><a href=\"\/fr\/maisons-agricoles\/maison-lo-triolet\/\">En savoir plus<\/a><\/p>\n<\/li>\n<li>\n<p>        <img decoding=\"async\" src=\"\/wp-content\/uploads\/2021\/08\/auPotageGrandMere9.jpg\" alt=\"\"><\/p>\n<h2>Au potager de Grand-m\u00e8re<\/h2>\n<p>Fenis<\/p>\n<div>\n<p><span>\u00c0<\/span> partir de 15\u20ac par personne<\/p>\n<\/div>\n<p><a href=\"\/fr\/maisons-agricoles\/au-potager-de-grand-mere\/\">En savoir plus<\/a><\/p>\n<\/li>\n<li>\n<p>        <img decoding=\"async\" src=\"\/wp-content\/uploads\/2021\/08\/seigneurDeLaCourt.jpg\" alt=\"\"><\/p>\n<h2>Seigneurs de la Cour<\/h2>\n<p>Gressan<\/p>\n<div>\n<p><span>\u00c0<\/span> partir de 15\u20ac par personne<\/p>\n<\/div>\n<p><a href=\"\/fr\/maisons-agricoles\/seigneurs-de-la-cour\/\">En savoir plus<\/a><\/p>\n<\/li>\n<li>\n<p>        <img decoding=\"async\" src=\"\/wp-content\/uploads\/2021\/08\/daEmy7.jpg\" alt=\"\"><\/p>\n<h2>Maison agricole da Emy<\/h2>\n<p>Valsavaranche<\/p>\n<div>\n<p><span>\u00c0<\/span> partir de 15\u20ac par personne<\/p>\n<\/div>\n<p><a href=\"\/fr\/maisons-agricoles\/societa-agricola-da-emy\/\">En savoir plus<\/a><\/p>\n<\/li>\n<li>\n<p>        <img decoding=\"async\" src=\"\/wp-content\/uploads\/2021\/08\/maisonRosset5-1.jpg\" alt=\"\"><\/p>\n<h2>Maison agricole Maison Rosset<\/h2>\n<p>Nus<\/p>\n<div>\n<p><span>\u00c0<\/span> partir de 15\u20ac par personne<\/p>\n<\/div>\n<p><a href=\"\/fr\/maisons-agricoles\/azienda-agricola-maison-rosset\/\">En savoir plus<\/a><\/p>\n<\/li>\n<\/ul>\n<p><!--more--><br \/>\n<!-- {\"name\":\"Post Index\",\"type\":\"layout\",\"children\":[{\"name\":\"Hero\",\"type\":\"section\",\"props\":{\"height_viewport\":false,\"image\":\"\",\"image_effect\":\"parallax\",\"image_parallax_easing\":\"1\",\"image_position\":\"bottom-center\",\"image_size\":\"cover\",\"image_width\":\"2560\",\"media\":\"images\\\/press-header.jpg\",\"media_advanced\":true,\"media_background\":\"#fff\",\"media_size\":\"cover\",\"overlap\":false,\"padding\":\"large\",\"style\":\"primary\",\"title_breakpoint\":\"xl\",\"title_position\":\"top-left\",\"title_rotation\":\"left\",\"vertical_align\":\"\",\"video\":\"<iframe width=\\\"1280\\\" height=\\\"720\\\" src=\\\"https:\\\/\\\/www.youtube.com\\\/embed\\\/4UQurX06Dng\\\" title=\\\"YouTube video player\\\" frameborder=\\\"0\\\" allow=\\\"accelerometer; autoplay; clipboard-write; encrypted-media; gyroscope; picture-in-picture\\\" allowfullscreen><\\\/iframe>\",\"video_height\":\"1000\",\"video_width\":\"1000\",\"width\":\"large\"},\"children\":[{\"name\":\"\",\"type\":\"row\",\"children\":[{\"name\":\"\",\"type\":\"column\",\"props\":{\"image_position\":\"center-center\",\"media_overlay_gradient\":\"\",\"position_sticky_breakpoint\":\"m\",\"width_medium\":\"1-1\"},\"children\":[{\"name\":\"\",\"type\":\"headline\",\"props\":{\"animation\":\"none\",\"content\":\"Maisons Agricoles\",\"margin_remove_top\":true,\"parallax_breakpoint\":\"m\",\"parallax_y\":\"50,0\",\"text_align\":\"left\",\"title_element\":\"h1\",\"title_style\":\"heading-xlarge\"}}]}]},{\"type\":\"row\",\"children\":[{\"type\":\"column\",\"props\":{\"image_position\":\"center-center\",\"media_overlay_gradient\":\"\",\"position_sticky_breakpoint\":\"m\"},\"children\":[]}]}]},{\"type\":\"section\",\"props\":{\"image_position\":\"center-center\",\"style\":\"default\",\"title_breakpoint\":\"xl\",\"title_position\":\"top-left\",\"title_rotation\":\"left\",\"vertical_align\":\"middle\",\"width\":\"default\"},\"children\":[{\"type\":\"row\",\"children\":[{\"type\":\"column\",\"props\":{\"image_position\":\"center-center\",\"media_overlay_gradient\":\"\",\"position_sticky_breakpoint\":\"m\"},\"children\":[{\"name\":\"\",\"type\":\"text\",\"props\":{\"animation\":\"none\",\"column_breakpoint\":\"m\",\"content\":\"\n\n<p style=\\\"text-align: center;\\\">D\\u00e9couvrez toutes les fermes affili\\u00e9es \\u00e0 Green Vall\\u00e9e d'Aoste o\\u00f9 vous pourrez vivre une exp\\u00e9rience unique.<\\\/p>\\n\n\n<p><\\\/p>\\n\n\n<p><\\\/p>\",\"margin\":\"\",\"parallax_breakpoint\":\"m\",\"parallax_y\":\"50,0\",\"text_align\":\"left\"}},{\"type\":\"grid\",\"props\":{\"content_align\":false,\"content_column_breakpoint\":\"m\",\"content_margin\":\"remove\",\"filter_align\":\"left\",\"filter_all\":true,\"filter_grid_breakpoint\":\"m\",\"filter_grid_width\":\"auto\",\"filter_position\":\"top\",\"filter_style\":\"tab\",\"grid_column_gap\":\"large\",\"grid_default\":\"1\",\"grid_masonry\":true,\"grid_medium\":\"3\",\"grid_parallax\":\"0\",\"grid_row_gap\":\"large\",\"icon_width\":80,\"image_align\":\"top\",\"image_grid_breakpoint\":\"m\",\"image_grid_width\":\"1-2\",\"image_height\":\"900\",\"image_link\":true,\"image_svg_color\":\"emphasis\",\"image_width\":\"900\",\"item_animation\":true,\"link_margin\":\"small\",\"link_style\":\"primary\",\"link_text\":\"Scopri di pi\\u00f9\",\"margin\":\"default\",\"meta_align\":\"below-title\",\"meta_element\":\"div\",\"meta_style\":\"h5\",\"parallax_easing\":\"1\",\"show_content\":true,\"show_image\":true,\"show_link\":true,\"show_meta\":true,\"show_title\":true,\"title_align\":\"top\",\"title_element\":\"h2\",\"title_grid_breakpoint\":\"m\",\"title_grid_width\":\"1-2\",\"title_hover_style\":\"reset\",\"title_link\":true,\"title_margin\":\"medium\",\"title_style\":\"h3\"},\"children\":[{\"type\":\"grid_item\",\"props\":{\"content\":\"\n\n<p><span>\\u00c0<\\\/span> partir de 15\\u20ac par personne<\\\/p>\",\"image\":\"wp-content\\\/uploads\\\/2021\\\/08\\\/MONT-BLANCagriturismo3.jpg\",\"image_alt\":\"\",\"link\":\"fr\\\/maison-agricoles\\\/maison-agricole-mont-blanc\\\/\",\"link_text\":\"En savoir plus\",\"meta\":\"Courmayeur\",\"title\":\"Soci\\u00e9t\\u00e9 agricole Mont Blanc\"},\"source\":{\"props\":{\"_condition\":{\"filters\":{\"condition\":\"~=\",\"condition_value\":\"Aziende\"},\"arguments\":{\"separator\":\", \"},\"name\":\"field.categoria_paginaString.label\"}}}},{\"type\":\"grid_item\",\"props\":{\"content\":\"\n\n<p><span>\\u00c0<\\\/span> partir de 15\\u20ac par personne<\\\/p>\",\"image\":\"wp-content\\\/uploads\\\/2021\\\/09\\\/douce-vallee-2.jpg\",\"image_alt\":\"\",\"link\":\"\\\/fr\\\/maisons-agricoles\\\/douce-vallee\\\/\",\"link_text\":\"En savoir plus\",\"meta\":\"Chatillon\",\"title\":\"Douce Vall\\u00e9e de Vittaz Paola\"},\"source\":{\"props\":{\"_condition\":{\"filters\":{\"condition\":\"~=\",\"condition_value\":\"Aziende\"},\"arguments\":{\"separator\":\", \"},\"name\":\"field.categoria_paginaString.label\"}}}},{\"type\":\"grid_item\",\"props\":{\"content\":\"\n\n<p><span>\\u00c0<\\\/span> partir de 15\\u20ac par personne<\\\/p>\",\"image\":\"wp-content\\\/uploads\\\/2021\\\/08\\\/triolet7.jpg\",\"image_alt\":\"\",\"link\":\"\\\/fr\\\/maisons-agricoles\\\/maison-lo-triolet\\\/\",\"link_text\":\"En savoir plus\",\"meta\":\"Introd\",\"title\":\"Maison Lo Triolet\"},\"source\":{\"props\":{\"_condition\":{\"filters\":{\"condition\":\"~=\",\"condition_value\":\"Aziende\"},\"arguments\":{\"separator\":\", \"},\"name\":\"field.categoria_paginaString.label\"}}}},{\"type\":\"grid_item\",\"props\":{\"content\":\"\n\n<p><span>\\u00c0<\\\/span> partir de 15\\u20ac par personne<\\\/p>\",\"image\":\"wp-content\\\/uploads\\\/2021\\\/08\\\/auPotageGrandMere9.jpg\",\"image_alt\":\"\",\"link\":\"\\\/fr\\\/maisons-agricoles\\\/au-potager-de-grand-mere\\\/\",\"link_text\":\"En savoir plus\",\"meta\":\"Fenis\",\"title\":\"Au potager de Grand-m\\u00e8re\"},\"source\":{\"props\":{\"_condition\":{\"filters\":{\"condition\":\"~=\",\"condition_value\":\"Aziende\"},\"arguments\":{\"separator\":\", \"},\"name\":\"field.categoria_paginaString.label\"}}}},{\"type\":\"grid_item\",\"props\":{\"content\":\"\n\n<p><span>\\u00c0<\\\/span> partir de 15\\u20ac par personne<\\\/p>\",\"image\":\"wp-content\\\/uploads\\\/2021\\\/08\\\/seigneurDeLaCourt.jpg\",\"image_alt\":\"\",\"link\":\"\\\/fr\\\/maisons-agricoles\\\/seigneurs-de-la-cour\\\/\",\"link_text\":\"En savoir plus\",\"meta\":\"Gressan\",\"title\":\"Seigneurs de la Cour\"},\"source\":{\"props\":{\"_condition\":{\"filters\":{\"condition\":\"~=\",\"condition_value\":\"Aziende\"},\"arguments\":{\"separator\":\", \"},\"name\":\"field.categoria_paginaString.label\"}}}},{\"type\":\"grid_item\",\"props\":{\"content\":\"\n\n<p><span>\\u00c0<\\\/span> partir de 15\\u20ac par personne<\\\/p>\",\"image\":\"wp-content\\\/uploads\\\/2021\\\/08\\\/daEmy7.jpg\",\"image_alt\":\"\",\"link\":\"\\\/fr\\\/maisons-agricoles\\\/societa-agricola-da-emy\\\/\",\"link_text\":\"En savoir plus\",\"meta\":\"Valsavaranche\",\"title\":\"Maison agricole da Emy\"},\"source\":{\"props\":{\"_condition\":{\"filters\":{\"condition\":\"~=\",\"condition_value\":\"Aziende\"},\"arguments\":{\"separator\":\", \"},\"name\":\"field.categoria_paginaString.label\"}}}},{\"type\":\"grid_item\",\"props\":{\"content\":\"\n\n<p><span>\\u00c0<\\\/span> partir de 15\\u20ac par personne<\\\/p>\",\"image\":\"wp-content\\\/uploads\\\/2021\\\/08\\\/maisonRosset5-1.jpg\",\"image_alt\":\"\",\"link\":\"\\\/fr\\\/maisons-agricoles\\\/azienda-agricola-maison-rosset\\\/\",\"link_text\":\"En savoir plus\",\"meta\":\"Nus\",\"title\":\"Maison agricole Maison Rosset\"},\"source\":{\"props\":{\"_condition\":{\"filters\":{\"condition\":\"~=\",\"condition_value\":\"Aziende\"},\"arguments\":{\"separator\":\", \"},\"name\":\"field.categoria_paginaString.label\"}}}}]}]}]}],\"name\":\"Posts\"}],\"version\":\"3.0.17\"} --><\/p>\n","protected":false},"excerpt":{"rendered":"<p>Maisons Agricoles D\u00e9couvrez toutes les fermes affili\u00e9es \u00e0 Green Vall\u00e9e d&rsquo;Aoste o\u00f9 vous pourrez vivre une exp\u00e9rience unique. Soci\u00e9t\u00e9 agricole Mont Blanc Courmayeur \u00c0 partir de 15\u20ac par personne En savoir plus Douce Vall\u00e9e de Vittaz Paola Chatillon \u00c0 partir de 15\u20ac par personne En savoir plus Maison Lo Triolet Introd \u00c0 partir de 15\u20ac [&hellip;]<\/p>\n","protected":false},"author":1,"featured_media":0,"parent":0,"menu_order":0,"comment_status":"closed","ping_status":"closed","template":"","meta":{"saved_in_kubio":false,"_seopress_robots_primary_cat":"","_seopress_titles_title":"Maison agricoles de la Vall\u00e9e d&#039;Aoste | Green Experience Vall\u00e9e d&#039;Aoste","_seopress_titles_desc":"Ecco le strutture ricettive green della Valle d\u2019Aosta selezionate da Green Vall\u00e9e d\u2019Aoste: hotel, residence e Bed&amp;breakfast. Entra nella sezione per vederle tutte.","_seopress_robots_index":"","footnotes":""},"class_list":["post-2485","page","type-page","status-publish","hentry"],"kubio_ai_page_context":{"short_desc":"","purpose":"general"},"_links":{"self":[{"href":"https:\/\/www.greenvda.com\/fr\/wp-json\/wp\/v2\/pages\/2485","targetHints":{"allow":["GET"]}}],"collection":[{"href":"https:\/\/www.greenvda.com\/fr\/wp-json\/wp\/v2\/pages"}],"about":[{"href":"https:\/\/www.greenvda.com\/fr\/wp-json\/wp\/v2\/types\/page"}],"author":[{"embeddable":true,"href":"https:\/\/www.greenvda.com\/fr\/wp-json\/wp\/v2\/users\/1"}],"replies":[{"embeddable":true,"href":"https:\/\/www.greenvda.com\/fr\/wp-json\/wp\/v2\/comments?post=2485"}],"version-history":[{"count":11,"href":"https:\/\/www.greenvda.com\/fr\/wp-json\/wp\/v2\/pages\/2485\/revisions"}],"predecessor-version":[{"id":4114,"href":"https:\/\/www.greenvda.com\/fr\/wp-json\/wp\/v2\/pages\/2485\/revisions\/4114"}],"wp:attachment":[{"href":"https:\/\/www.greenvda.com\/fr\/wp-json\/wp\/v2\/media?parent=2485"}],"curies":[{"name":"wp","href":"https:\/\/api.w.org\/{rel}","templated":true}]}}