{"id":2475,"date":"2021-08-26T09:13:13","date_gmt":"2021-08-26T07:13:13","guid":{"rendered":"https:\/\/www.greenvda.com\/vallee-daoste\/cervinia\/"},"modified":"2025-02-02T13:07:06","modified_gmt":"2025-02-02T12:07:06","slug":"cervinia","status":"publish","type":"page","link":"https:\/\/www.greenvda.com\/fr\/vallee-daoste\/cervinia\/","title":{"rendered":"Cervinia"},"content":{"rendered":"<h1>Cervinia<\/h1>\n<div>\n<p><strong>Breuil-Cervinia<\/strong> est une station touristique moderne situ\u00e9e aux pieds du Cervin. Les possibilit\u00e9s d&rsquo;y faire du sport sont innombrables pendant toute l&rsquo;ann\u00e9e: de l\u2019alpinisme classique aux sports d\u2019hiver. Connect\u00e9e aux pistes de Valtournenche et de Zermatt en Suisse, Breuil-Cervinia offre l\u2019un des plus vastes domaines skiables des Alpes. Sur son glacier, il est possible de faire du ski m\u00eame en \u00e9t\u00e9. N\u00e9e au cours des premi\u00e8res d\u00e9cennies du si\u00e8cle pass\u00e9 dans une vaste combe au sommet du Valtournenche \u00e0 2050 m\u00e8tres, Breuil-Cervinia est aujourd\u2019hui non seulement l\u2019un des lieux touristiques de haute montagne les plus renomm\u00e9s de la Vall\u00e9e d\u2019Aoste mais aussi une destination de vacances \u00e0 l\u2019\u00e9chelon international.<\/p>\n<\/div>\n<ul>\n<li>\n<h3>Choses \u00e0 faire<\/h3>\n<div>\n<ul>\n<li>Plateau Ros\u00e0, a 3500 m\u00e8tres d&rsquo;altitudes<\/li>\n<li>Lac Bleu<\/li>\n<li>Trekking et promenades<\/li>\n<li>VTT<\/li>\n<li>Alpinisme<\/li>\n<li>Golf<\/li>\n<li>Parc d&rsquo;attraction<\/li>\n<li>Ski d&rsquo;\u00e9t\u00e9<\/li>\n<li>Sleddog<\/li>\n<li>Parapente<\/li>\n<\/ul>\n<\/div>\n<\/li>\n<li>\n<h3>O\u00f9 dormir<\/h3>\n<div>\n<p><a href=\"\/fr\/ou-dormir\/hotel-les-neiges-dantan\/\">Hotel Les Neiges d&rsquo;Antan****<\/a><\/p>\n<\/div>\n<\/li>\n<li>\n<h3>Quoi gouter<\/h3>\n<\/li>\n<\/ul>\n<ul>\n<li>\n<p>        <img decoding=\"async\" src=\"\/wp-content\/uploads\/2021\/08\/cervinia3.jpg\" alt=\"\"><\/p>\n<\/li>\n<li>\n<p>        <img decoding=\"async\" src=\"\/wp-content\/uploads\/2021\/08\/cervinia2.jpg\" alt=\"\"><\/p>\n<\/li>\n<li>\n<p>        <img decoding=\"async\" src=\"\/wp-content\/uploads\/2021\/08\/cervinia4.jpg\" alt=\"\"><\/p>\n<\/li>\n<li>\n<p>        <img decoding=\"async\" src=\"\/wp-content\/uploads\/2021\/08\/cervinia5.jpg\" alt=\"\"><\/p>\n<\/li>\n<li>\n<p>        <img decoding=\"async\" src=\"\/wp-content\/uploads\/2021\/08\/cervinia6.jpg\" alt=\"\"><\/p>\n<\/li>\n<li>\n<p>        <img decoding=\"async\" src=\"\/wp-content\/uploads\/2021\/08\/cervinia7.jpg\" alt=\"\"><\/p>\n<\/li>\n<li>\n<p>        <img decoding=\"async\" src=\"\/wp-content\/uploads\/2021\/08\/cervinia8.jpg\" alt=\"\"><\/p>\n<\/li>\n<\/ul>\n<p><!--more--><br \/>\n<!-- {\"name\":\"Tips\",\"type\":\"layout\",\"children\":[{\"name\":\"Copertina\",\"type\":\"section\",\"props\":{\"height\":\"viewport\",\"height_offset_top\":true,\"height_viewport\":80,\"image_effect\":\"parallax\",\"image_parallax_bgy\":\"-100,100\",\"image_parallax_breakpoint\":\"m\",\"image_parallax_easing\":\"1\",\"image_position\":\"center-center\",\"image_size\":\"cover\",\"image_width\":\"2560\",\"overlap\":true,\"style\":\"default\",\"text_color\":\"light\",\"title_breakpoint\":\"xl\",\"title_position\":\"top-left\",\"title_rotation\":\"left\",\"vertical_align\":\"middle\",\"video\":\"<iframe width=\\\"1280\\\" height=\\\"720\\\" src=\\\"https:\\\/\\\/www.youtube.com\\\/embed\\\/rnJbDotUmqw\\\" title=\\\"YouTube video player\\\" frameborder=\\\"0\\\" allow=\\\"accelerometer; autoplay; clipboard-write; encrypted-media; gyroscope; picture-in-picture\\\" allowfullscreen><\\\/iframe>\",\"video_width\":\"1000\",\"width\":\"large\"},\"children\":[{\"type\":\"row\",\"children\":[{\"type\":\"column\",\"props\":{\"image_position\":\"center-center\",\"position_sticky_breakpoint\":\"m\",\"width_medium\":\"1-1\"},\"children\":[{\"type\":\"headline\",\"props\":{\"content\":\"Cervinia\",\"margin_remove_top\":true,\"text_align\":\"center\",\"title_element\":\"h1\",\"title_style\":\"heading-xlarge\"}}]}]}]},{\"name\":\"Intro + gallery\",\"type\":\"section\",\"props\":{\"css\":\".el-section > * { background-position: 35% 90%; }\",\"image_effect\":\"parallax\",\"image_parallax_bgy\":\"100,0\",\"image_parallax_breakpoint\":\"m\",\"image_parallax_easing\":\"1\",\"image_position\":\"bottom-center\",\"image_width\":\"900\",\"media_visibility\":\"s\",\"padding\":\"small\",\"padding_remove_bottom\":false,\"padding_remove_top\":false,\"style\":\"default\",\"title_breakpoint\":\"xl\",\"title_position\":\"top-left\",\"title_rotation\":\"left\",\"vertical_align\":\"\",\"width\":\"\"},\"children\":[{\"type\":\"row\",\"props\":{\"margin\":\"large\",\"width\":\"large\"},\"children\":[{\"type\":\"column\",\"props\":{\"image_position\":\"center-center\",\"position_sticky_breakpoint\":\"m\"},\"children\":[{\"type\":\"text\",\"props\":{\"animation\":\"none\",\"block_align\":\"center\",\"column_breakpoint\":\"m\",\"content\":\"\n\n<p><strong>Breuil-Cervinia<\\\/strong> est une station touristique moderne situ\\u00e9e aux pieds du Cervin. Les possibilit\\u00e9s d'y faire du sport sont innombrables pendant toute l'ann\\u00e9e: de l\\u2019alpinisme classique aux sports d\\u2019hiver. Connect\\u00e9e aux pistes de Valtournenche et de Zermatt en Suisse, Breuil-Cervinia offre l\\u2019un des plus vastes domaines skiables des Alpes. Sur son glacier, il est possible de faire du ski m\\u00eame en \\u00e9t\\u00e9. N\\u00e9e au cours des premi\\u00e8res d\\u00e9cennies du si\\u00e8cle pass\\u00e9 dans une vaste combe au sommet du Valtournenche \\u00e0 2050 m\\u00e8tres, Breuil-Cervinia est aujourd\\u2019hui non seulement l\\u2019un des lieux touristiques de haute montagne les plus renomm\\u00e9s de la Vall\\u00e9e d\\u2019Aoste mais aussi une destination de vacances \\u00e0 l\\u2019\\u00e9chelon international.<\\\/p>\",\"margin\":\"default\",\"margin_remove_top\":false,\"parallax_breakpoint\":\"m\",\"parallax_y\":\"50,-50\"}},{\"type\":\"accordion\",\"props\":{\"animation\":\"none\",\"collapsible\":true,\"content_column_breakpoint\":\"m\",\"image_align\":\"top\",\"image_grid_breakpoint\":\"m\",\"image_grid_width\":\"1-2\",\"image_svg_color\":\"emphasis\",\"link_style\":\"default\",\"link_text\":\"Read more\",\"margin_remove_top\":false,\"parallax_breakpoint\":\"m\",\"parallax_y\":\"100,0\",\"show_image\":true,\"show_link\":true},\"children\":[{\"type\":\"accordion_item\",\"props\":{\"content\":\"\n\n<ul>\\n\n\n<li>Plateau Ros\\u00e0, a 3500 m\\u00e8tres d'altitudes<\\\/li>\\n\n\n<li>Lac Bleu<\\\/li>\\n\n\n<li>Trekking et promenades<\\\/li>\\n\n\n<li>VTT<\\\/li>\\n\n\n<li>Alpinisme<\\\/li>\\n\n\n<li>Golf<\\\/li>\\n\n\n<li>Parc d'attraction<\\\/li>\\n\n\n<li>Ski d'\\u00e9t\\u00e9<\\\/li>\\n\n\n<li>Sleddog<\\\/li>\\n\n\n<li>Parapente<\\\/li>\\n<\\\/ul>\",\"title\":\"Choses \\u00e0 faire\"}},{\"type\":\"accordion_item\",\"props\":{\"content\":\"\n\n<p><a href=\\\"\\\/fr\\\/ou-dormir\\\/hotel-les-neiges-dantan\\\/\\\">Hotel Les Neiges d'Antan****<\\\/a><\\\/p>\",\"title\":\"O\\u00f9 dormir\"}},{\"type\":\"accordion_item\",\"props\":{\"content\":\"\",\"title\":\"Quoi gouter\"}}]}]}]},{\"type\":\"row\",\"props\":{\"margin_remove_bottom\":false},\"children\":[{\"type\":\"column\",\"props\":{\"image_position\":\"center-center\",\"position_sticky_breakpoint\":\"m\",\"width_medium\":\"1-1\"},\"children\":[{\"type\":\"overlay-slider\",\"props\":{\"animation\":\"parallax\",\"image_width\":\"965\",\"link_style\":\"default\",\"link_text\":\"\",\"margin\":\"default\",\"meta_align\":\"below-title\",\"meta_element\":\"div\",\"meta_style\":\"text-meta\",\"nav\":\"\",\"nav_align\":\"center\",\"nav_breakpoint\":\"s\",\"overlay_link\":true,\"overlay_mode\":\"cover\",\"overlay_position\":\"center\",\"overlay_transition\":\"fade\",\"parallax_breakpoint\":\"m\",\"parallax_easing\":\"1\",\"parallax_x\":\"50,0\",\"show_content\":true,\"show_hover_image\":true,\"show_hover_video\":true,\"show_link\":true,\"show_meta\":false,\"show_title\":false,\"slidenav\":\"default\",\"slidenav_breakpoint\":\"\",\"slidenav_margin\":\"\",\"slidenav_outside_breakpoint\":\"xl\",\"slider_autoplay_pause\":true,\"slider_center\":false,\"slider_finite\":true,\"slider_gap\":\"default\",\"slider_sets\":false,\"slider_width\":\"fixed\",\"slider_width_default\":\"1-1\",\"slider_width_medium\":\"1-2\",\"text_align\":\"center\",\"title_element\":\"h3\",\"title_hover_style\":\"reset\"},\"children\":[{\"type\":\"overlay-slider_item\",\"props\":{\"image\":\"wp-content\\\/uploads\\\/2021\\\/08\\\/cervinia3.jpg\"}},{\"type\":\"overlay-slider_item\",\"props\":{\"image\":\"wp-content\\\/uploads\\\/2021\\\/08\\\/cervinia2.jpg\"}},{\"type\":\"overlay-slider_item\",\"props\":{\"image\":\"wp-content\\\/uploads\\\/2021\\\/08\\\/cervinia4.jpg\"}},{\"type\":\"overlay-slider_item\",\"props\":{\"image\":\"wp-content\\\/uploads\\\/2021\\\/08\\\/cervinia5.jpg\"}},{\"type\":\"overlay-slider_item\",\"props\":{\"image\":\"wp-content\\\/uploads\\\/2021\\\/08\\\/cervinia6.jpg\"}},{\"type\":\"overlay-slider_item\",\"props\":{\"image\":\"wp-content\\\/uploads\\\/2021\\\/08\\\/cervinia7.jpg\"}},{\"type\":\"overlay-slider_item\",\"props\":{\"image\":\"wp-content\\\/uploads\\\/2021\\\/08\\\/cervinia8.jpg\"}}]}]}]}]}],\"version\":\"4.4.18\"} --><\/p>\n","protected":false},"excerpt":{"rendered":"<p>Cervinia Breuil-Cervinia est une station touristique moderne situ\u00e9e aux pieds du Cervin. Les possibilit\u00e9s d&rsquo;y faire du sport sont innombrables pendant toute l&rsquo;ann\u00e9e: de l\u2019alpinisme classique aux sports d\u2019hiver. Connect\u00e9e aux pistes de Valtournenche et de Zermatt en Suisse, Breuil-Cervinia offre l\u2019un des plus vastes domaines skiables des Alpes. Sur son glacier, il est possible [&hellip;]<\/p>\n","protected":false},"author":1,"featured_media":0,"parent":2451,"menu_order":0,"comment_status":"closed","ping_status":"closed","template":"","meta":{"saved_in_kubio":false,"_seopress_robots_primary_cat":"","_seopress_titles_title":"Cervinia - Valle d&#039;Aosta | Green Experience Vall\u00e9e d&#039;Aoste","_seopress_titles_desc":"Breuil-Cervinia \u00e8 una moderna stazione turistica posta ai piedi del Monte Cervino. Le possibilit\u00e0 di praticare sport sono innumerevoli in ogni stagione dell\u2019anno.","_seopress_robots_index":"","footnotes":""},"class_list":["post-2475","page","type-page","status-publish","hentry"],"kubio_ai_page_context":{"short_desc":"","purpose":"general"},"_links":{"self":[{"href":"https:\/\/www.greenvda.com\/fr\/wp-json\/wp\/v2\/pages\/2475","targetHints":{"allow":["GET"]}}],"collection":[{"href":"https:\/\/www.greenvda.com\/fr\/wp-json\/wp\/v2\/pages"}],"about":[{"href":"https:\/\/www.greenvda.com\/fr\/wp-json\/wp\/v2\/types\/page"}],"author":[{"embeddable":true,"href":"https:\/\/www.greenvda.com\/fr\/wp-json\/wp\/v2\/users\/1"}],"replies":[{"embeddable":true,"href":"https:\/\/www.greenvda.com\/fr\/wp-json\/wp\/v2\/comments?post=2475"}],"version-history":[{"count":13,"href":"https:\/\/www.greenvda.com\/fr\/wp-json\/wp\/v2\/pages\/2475\/revisions"}],"predecessor-version":[{"id":5306,"href":"https:\/\/www.greenvda.com\/fr\/wp-json\/wp\/v2\/pages\/2475\/revisions\/5306"}],"up":[{"embeddable":true,"href":"https:\/\/www.greenvda.com\/fr\/wp-json\/wp\/v2\/pages\/2451"}],"wp:attachment":[{"href":"https:\/\/www.greenvda.com\/fr\/wp-json\/wp\/v2\/media?parent=2475"}],"curies":[{"name":"wp","href":"https:\/\/api.w.org\/{rel}","templated":true}]}}