{"id":2467,"date":"2021-08-26T09:22:35","date_gmt":"2021-08-26T07:22:35","guid":{"rendered":"https:\/\/www.greenvda.com\/vallee-daoste\/gressoney\/"},"modified":"2025-02-02T17:32:09","modified_gmt":"2025-02-02T16:32:09","slug":"gressoney","status":"publish","type":"page","link":"https:\/\/www.greenvda.com\/fr\/vallee-daoste\/gressoney\/","title":{"rendered":"Gressoney"},"content":{"rendered":"<h1>Gressoney<\/h1>\n<div>\n<p>Station touristique \u00e9l\u00e9gante, Gressoney est situ\u00e9 dans un d\u00e9cor particuli\u00e8rement int\u00e9ressant pour la vue qu\u2019il offre sur le glacier du Lyskamm et sur le massif imposant du Mont-Rose, dont le sommet le plus haut, la Pointe Dufour, atteint 4.634 m\u00e8tres. L\u2019histoire de Gressoney est \u00e9troitement li\u00e9e \u00e0 la communaut\u00e9 Walser, un peuplement d\u2019origine al\u00e9manique arriv\u00e9 ici il y a plus de huit si\u00e8cles par le Col du Th\u00e9odule. Le patrimoine traditionnel, maintenu vivant par le Centre Culturel Walser et par le groupe folklorique local, est encore visible aujourd\u2019hui dans l\u2019architecture originale. La reine Marguerite de Savoie passait \u00e0 Gressoney ses vacances d\u2019\u00e9t\u00e9. Grande amoureuse de la montagne, la premi\u00e8re reine d\u2019Italie contribua beaucoup \u00e0 l\u2019essor de ces lieux, qui devinrent une destination pris\u00e9e pour de nombreux touristes. Le ch\u00e2teau Savoie, qui rappelle les contes de f\u00e9es, peut aujourd\u2019hui \u00eatre visit\u00e9, ainsi que son jardin botanique.<\/p>\n<\/div>\n<ul>\n<li>\n<h3>Choses \u00e0 faire<\/h3>\n<div>\n<ul>\n<li><span>Ch\u00e2teau<\/span> Savoia<\/li>\n<li>Le mus\u00e9e r\u00e9gional de la faune alpine Beck-Peccoz<\/li>\n<li>Le village Walser de Alpenzu<\/li>\n<li>Trekking et promenades<\/li>\n<li>VTT<\/li>\n<li>Alpinisme<\/li>\n<li>Golf<\/li>\n<\/ul>\n<\/div>\n<\/li>\n<li>\n<h3>O\u00f9 dormir<\/h3>\n<div>\n<p><a href=\"\/fr\/ou-dormir\/romantic-hotel-jolanda-sport\/\">Romantic Hotel Jolanda Sport****<\/a><\/p>\n<\/div>\n<\/li>\n<li>\n<h3>A d\u00e9guster<\/h3>\n<div>\n<ul>\n<li>Tomme de Gressoney<\/li>\n<\/ul>\n<\/div>\n<\/li>\n<\/ul>\n<ul>\n<li>\n<p>        <img decoding=\"async\" src=\"\/wp-content\/uploads\/2021\/08\/gressoney2.jpg\" alt=\"\"><\/p>\n<\/li>\n<li>\n<p>        <img decoding=\"async\" src=\"\/wp-content\/uploads\/2021\/08\/gressoney5.jpg\" alt=\"\"><\/p>\n<\/li>\n<li>\n<p>        <img decoding=\"async\" src=\"\/wp-content\/uploads\/2021\/08\/gressoney3.jpg\" alt=\"\"><\/p>\n<\/li>\n<li>\n<p>        <img decoding=\"async\" src=\"\/wp-content\/uploads\/2021\/08\/gressoney4.jpg\" alt=\"\"><\/p>\n<\/li>\n<li>\n<p>        <img decoding=\"async\" src=\"\/wp-content\/uploads\/2021\/08\/gressoney6.jpg\" alt=\"\"><\/p>\n<\/li>\n<li>\n<p>        <img decoding=\"async\" src=\"\/wp-content\/uploads\/2021\/08\/gressoney7.jpg\" alt=\"\"><\/p>\n<\/li>\n<li>\n<p>        <img decoding=\"async\" src=\"\/wp-content\/uploads\/2021\/08\/gressoney8.jpg\" alt=\"\"><\/p>\n<\/li>\n<li>\n<p>        <img decoding=\"async\" src=\"\/wp-content\/uploads\/2021\/08\/gressoney9.jpg\" alt=\"\"><\/p>\n<\/li>\n<li>\n<p>        <img decoding=\"async\" src=\"\/wp-content\/uploads\/2021\/08\/gressoney10.jpg\" alt=\"\"><\/p>\n<\/li>\n<li>\n<p>        <img decoding=\"async\" src=\"\/wp-content\/uploads\/2021\/08\/gressoney11.jpg\" alt=\"\"><\/p>\n<\/li>\n<li>\n<p>        <img decoding=\"async\" src=\"\/wp-content\/uploads\/2021\/08\/gressoney12.jpg\" alt=\"\"><\/p>\n<\/li>\n<li>\n<p>        <img decoding=\"async\" src=\"\/wp-content\/uploads\/2021\/08\/gressoney13.jpg\" alt=\"\"><\/p>\n<\/li>\n<\/ul>\n<p><!--more--><br \/>\n<!-- {\"name\":\"Tips\",\"type\":\"layout\",\"children\":[{\"name\":\"Copertina\",\"type\":\"section\",\"props\":{\"height\":\"viewport\",\"height_offset_top\":true,\"height_viewport\":80,\"image_effect\":\"parallax\",\"image_parallax_bgy\":\"-100,100\",\"image_parallax_breakpoint\":\"m\",\"image_parallax_easing\":\"1\",\"image_position\":\"center-center\",\"image_size\":\"cover\",\"image_width\":\"2560\",\"overlap\":true,\"style\":\"default\",\"text_color\":\"light\",\"title_breakpoint\":\"xl\",\"title_position\":\"top-left\",\"title_rotation\":\"left\",\"vertical_align\":\"middle\",\"video\":\"https:\\\/\\\/youtu.be\\\/fI6xakQz548\",\"video_width\":\"1000\",\"width\":\"large\"},\"children\":[{\"type\":\"row\",\"children\":[{\"type\":\"column\",\"props\":{\"image_position\":\"center-center\",\"position_sticky_breakpoint\":\"m\",\"width_medium\":\"1-1\"},\"children\":[{\"type\":\"headline\",\"props\":{\"content\":\"Gressoney\",\"margin_remove_top\":true,\"text_align\":\"center\",\"title_element\":\"h1\",\"title_style\":\"heading-xlarge\"}}]}]}]},{\"name\":\"Intro + gallery\",\"type\":\"section\",\"props\":{\"css\":\".el-section > * { background-position: 35% 90%; }\",\"image_effect\":\"parallax\",\"image_parallax_bgy\":\"100,0\",\"image_parallax_breakpoint\":\"m\",\"image_parallax_easing\":\"1\",\"image_position\":\"bottom-center\",\"image_width\":\"900\",\"media_visibility\":\"s\",\"padding\":\"small\",\"padding_remove_bottom\":false,\"padding_remove_top\":false,\"style\":\"default\",\"title_breakpoint\":\"xl\",\"title_position\":\"top-left\",\"title_rotation\":\"left\",\"vertical_align\":\"\",\"width\":\"\"},\"children\":[{\"type\":\"row\",\"props\":{\"margin\":\"large\",\"width\":\"large\"},\"children\":[{\"type\":\"column\",\"props\":{\"image_position\":\"center-center\",\"position_sticky_breakpoint\":\"m\"},\"children\":[{\"type\":\"text\",\"props\":{\"animation\":\"none\",\"block_align\":\"center\",\"column_breakpoint\":\"m\",\"content\":\"\n\n<p>Station touristique \\u00e9l\\u00e9gante, Gressoney est situ\\u00e9 dans un d\\u00e9cor particuli\\u00e8rement int\\u00e9ressant pour la vue qu\\u2019il offre sur le glacier du Lyskamm et sur le massif imposant du Mont-Rose, dont le sommet le plus haut, la Pointe Dufour, atteint 4.634 m\\u00e8tres. L\\u2019histoire de Gressoney est \\u00e9troitement li\\u00e9e \\u00e0 la communaut\\u00e9 Walser, un peuplement d\\u2019origine al\\u00e9manique arriv\\u00e9 ici il y a plus de huit si\\u00e8cles par le Col du Th\\u00e9odule. Le patrimoine traditionnel, maintenu vivant par le Centre Culturel Walser et par le groupe folklorique local, est encore visible aujourd\\u2019hui dans l\\u2019architecture originale. La reine Marguerite de Savoie passait \\u00e0 Gressoney ses vacances d\\u2019\\u00e9t\\u00e9. Grande amoureuse de la montagne, la premi\\u00e8re reine d\\u2019Italie contribua beaucoup \\u00e0 l\\u2019essor de ces lieux, qui devinrent une destination pris\\u00e9e pour de nombreux touristes. Le ch\\u00e2teau Savoie, qui rappelle les contes de f\\u00e9es, peut aujourd\\u2019hui \\u00eatre visit\\u00e9, ainsi que son jardin botanique.<\\\/p>\",\"margin\":\"default\",\"margin_remove_top\":false,\"parallax_breakpoint\":\"m\",\"parallax_y\":\"50,-50\"}},{\"type\":\"accordion\",\"props\":{\"animation\":\"none\",\"collapsible\":true,\"content_column_breakpoint\":\"m\",\"image_align\":\"top\",\"image_grid_breakpoint\":\"m\",\"image_grid_width\":\"1-2\",\"image_svg_color\":\"emphasis\",\"link_style\":\"default\",\"link_text\":\"Read more\",\"margin_remove_top\":false,\"parallax_breakpoint\":\"m\",\"parallax_y\":\"100,0\",\"show_image\":true,\"show_link\":true},\"children\":[{\"type\":\"accordion_item\",\"props\":{\"content\":\"\n\n<ul>\\n\n\n<li><span>Ch\\u00e2teau<\\\/span> Savoia<\\\/li>\\n\n\n<li>Le mus\\u00e9e r\\u00e9gional de la faune alpine Beck-Peccoz<\\\/li>\\n\n\n<li>Le village Walser de Alpenzu<\\\/li>\\n\n\n<li>Trekking et promenades<\\\/li>\\n\n\n<li>VTT<\\\/li>\\n\n\n<li>Alpinisme<\\\/li>\\n\n\n<li>Golf<\\\/li>\\n<\\\/ul>\",\"title\":\"Choses \\u00e0 faire\"}},{\"type\":\"accordion_item\",\"props\":{\"content\":\"\n\n<p><a href=\\\"\\\/fr\\\/ou-dormir\\\/romantic-hotel-jolanda-sport\\\/\\\">Romantic Hotel Jolanda Sport****<\\\/a><\\\/p>\",\"title\":\"O\\u00f9 dormir\"}},{\"type\":\"accordion_item\",\"props\":{\"content\":\"\n\n<ul>\\n\n\n<li>Tomme de Gressoney<\\\/li>\\n<\\\/ul>\",\"title\":\"A d\\u00e9guster\"}}]}]}]},{\"type\":\"row\",\"props\":{\"margin_remove_bottom\":false},\"children\":[{\"type\":\"column\",\"props\":{\"image_position\":\"center-center\",\"position_sticky_breakpoint\":\"m\",\"width_medium\":\"1-1\"},\"children\":[{\"type\":\"overlay-slider\",\"props\":{\"animation\":\"parallax\",\"image_width\":\"965\",\"link_style\":\"default\",\"link_text\":\"\",\"margin\":\"default\",\"meta_align\":\"below-title\",\"meta_element\":\"div\",\"meta_style\":\"text-meta\",\"nav\":\"\",\"nav_align\":\"center\",\"nav_breakpoint\":\"s\",\"overlay_link\":true,\"overlay_mode\":\"cover\",\"overlay_position\":\"center\",\"overlay_transition\":\"fade\",\"parallax_breakpoint\":\"m\",\"parallax_easing\":\"1\",\"parallax_x\":\"50,0\",\"show_content\":true,\"show_hover_image\":true,\"show_hover_video\":true,\"show_link\":true,\"show_meta\":false,\"show_title\":false,\"slidenav\":\"default\",\"slidenav_breakpoint\":\"\",\"slidenav_margin\":\"\",\"slidenav_outside_breakpoint\":\"xl\",\"slider_autoplay_pause\":true,\"slider_center\":false,\"slider_finite\":true,\"slider_gap\":\"default\",\"slider_sets\":false,\"slider_width\":\"fixed\",\"slider_width_default\":\"1-1\",\"slider_width_medium\":\"1-2\",\"text_align\":\"center\",\"title_element\":\"h3\",\"title_hover_style\":\"reset\"},\"children\":[{\"type\":\"overlay-slider_item\",\"props\":{\"image\":\"wp-content\\\/uploads\\\/2021\\\/08\\\/gressoney2.jpg\"}},{\"type\":\"overlay-slider_item\",\"props\":{\"image\":\"wp-content\\\/uploads\\\/2021\\\/08\\\/gressoney5.jpg\"}},{\"type\":\"overlay-slider_item\",\"props\":{\"image\":\"wp-content\\\/uploads\\\/2021\\\/08\\\/gressoney3.jpg\"}},{\"type\":\"overlay-slider_item\",\"props\":{\"image\":\"wp-content\\\/uploads\\\/2021\\\/08\\\/gressoney4.jpg\"}},{\"type\":\"overlay-slider_item\",\"props\":{\"image\":\"wp-content\\\/uploads\\\/2021\\\/08\\\/gressoney6.jpg\"}},{\"type\":\"overlay-slider_item\",\"props\":{\"image\":\"wp-content\\\/uploads\\\/2021\\\/08\\\/gressoney7.jpg\"}},{\"type\":\"overlay-slider_item\",\"props\":{\"image\":\"wp-content\\\/uploads\\\/2021\\\/08\\\/gressoney8.jpg\"}},{\"type\":\"overlay-slider_item\",\"props\":{\"image\":\"wp-content\\\/uploads\\\/2021\\\/08\\\/gressoney9.jpg\"}},{\"type\":\"overlay-slider_item\",\"props\":{\"image\":\"wp-content\\\/uploads\\\/2021\\\/08\\\/gressoney10.jpg\"}},{\"type\":\"overlay-slider_item\",\"props\":{\"image\":\"wp-content\\\/uploads\\\/2021\\\/08\\\/gressoney11.jpg\"}},{\"type\":\"overlay-slider_item\",\"props\":{\"image\":\"wp-content\\\/uploads\\\/2021\\\/08\\\/gressoney12.jpg\"}},{\"type\":\"overlay-slider_item\",\"props\":{\"image\":\"wp-content\\\/uploads\\\/2021\\\/08\\\/gressoney13.jpg\"}}]}]}]}]}],\"version\":\"4.4.18\"} --><\/p>\n","protected":false},"excerpt":{"rendered":"<p>Gressoney Station touristique \u00e9l\u00e9gante, Gressoney est situ\u00e9 dans un d\u00e9cor particuli\u00e8rement int\u00e9ressant pour la vue qu\u2019il offre sur le glacier du Lyskamm et sur le massif imposant du Mont-Rose, dont le sommet le plus haut, la Pointe Dufour, atteint 4.634 m\u00e8tres. L\u2019histoire de Gressoney est \u00e9troitement li\u00e9e \u00e0 la communaut\u00e9 Walser, un peuplement d\u2019origine al\u00e9manique [&hellip;]<\/p>\n","protected":false},"author":1,"featured_media":0,"parent":2451,"menu_order":0,"comment_status":"closed","ping_status":"closed","template":"","meta":{"saved_in_kubio":false,"_seopress_robots_primary_cat":"","_seopress_titles_title":"Gressoney - Valle d&#039;Aosta | Green Experience Vall\u00e9e d&#039;Aoste","_seopress_titles_desc":"Elegante localit\u00e0 turistica, Gressoney \u00e8 situata in un contesto scenografico particolarmente interessante per la vista offerta. Clicca qui per scoprirla!","_seopress_robots_index":"","footnotes":""},"class_list":["post-2467","page","type-page","status-publish","hentry"],"kubio_ai_page_context":{"short_desc":"","purpose":"general"},"_links":{"self":[{"href":"https:\/\/www.greenvda.com\/fr\/wp-json\/wp\/v2\/pages\/2467","targetHints":{"allow":["GET"]}}],"collection":[{"href":"https:\/\/www.greenvda.com\/fr\/wp-json\/wp\/v2\/pages"}],"about":[{"href":"https:\/\/www.greenvda.com\/fr\/wp-json\/wp\/v2\/types\/page"}],"author":[{"embeddable":true,"href":"https:\/\/www.greenvda.com\/fr\/wp-json\/wp\/v2\/users\/1"}],"replies":[{"embeddable":true,"href":"https:\/\/www.greenvda.com\/fr\/wp-json\/wp\/v2\/comments?post=2467"}],"version-history":[{"count":11,"href":"https:\/\/www.greenvda.com\/fr\/wp-json\/wp\/v2\/pages\/2467\/revisions"}],"predecessor-version":[{"id":5375,"href":"https:\/\/www.greenvda.com\/fr\/wp-json\/wp\/v2\/pages\/2467\/revisions\/5375"}],"up":[{"embeddable":true,"href":"https:\/\/www.greenvda.com\/fr\/wp-json\/wp\/v2\/pages\/2451"}],"wp:attachment":[{"href":"https:\/\/www.greenvda.com\/fr\/wp-json\/wp\/v2\/media?parent=2467"}],"curies":[{"name":"wp","href":"https:\/\/api.w.org\/{rel}","templated":true}]}}