{"id":2463,"date":"2021-08-16T11:57:47","date_gmt":"2021-08-16T09:57:47","guid":{"rendered":"https:\/\/www.greenvda.com\/vallee-daoste\/courmayeur\/"},"modified":"2025-02-02T17:30:12","modified_gmt":"2025-02-02T16:30:12","slug":"courmayeur","status":"publish","type":"page","link":"https:\/\/www.greenvda.com\/fr\/vallee-daoste\/courmayeur\/","title":{"rendered":"Courmayeur"},"content":{"rendered":"<h1>Courmayeur<\/h1>\n<div>Station touristique connue \u00e0 l\u2019\u00e9chelon international, Courmayeur est c\u00e9l\u00e8bre pour la beaut\u00e9 de son paysage et pour sa rue de Rome, dans une position centrale, riche de boutiques \u00e9l\u00e9gantes, au c\u0153ur de la vie mondaine de la bourgade. \u00c0 1224 m\u00e8tres d\u2019altitude, Courmayeur se trouve au pied du massif du Mont-Blanc, dont le sommet (4.809 m\u00e8tres) a \u00e9t\u00e9 atteint en 1786. Partout, ici, le sens de l\u2019accueil et le soin des d\u00e9tails sont marqu\u00e9s. Cela caract\u00e9rise depuis toujours les nombreuses structures d\u2019accueil de Courmayeur, des h\u00f4tels de luxe \u00e0 la maison montagnarde, jusqu\u2019aux caf\u00e9s historiques du centre et aux refuges sur les pistes. Si l\u2019on se trouve \u00e0 cet endroit, la travers\u00e9e du Mont-Blanc, le sommet le plus haut d&rsquo;Europe, s\u2019av\u00e8re incontournable. Gr\u00e2ce \u00e0 Skyway, le t\u00e9l\u00e9ph\u00e9rique qui est consid\u00e9r\u00e9 comme la huiti\u00e8me merveille du monde, on monte en quelques minutes \u00e0 plus de 2.000 m\u00e8tres d\u2019altitude. Au cours de la travers\u00e9e, il est possible de profiter d\u2019une vue magnifique sur les glaciers et sur les grands sommets des Alpes, de visiter le jardin botanique alpin \u00ab Saussurea \u00bb (\u00e0 2173 m\u00e8tres) et l\u2019exposition de cristaux du Mont-Blanc. De plus, Courmayeur est l\u2019une des capitales historiques de l\u2019alpinisme, ainsi qu\u2019en t\u00e9moigne le mus\u00e9e alpin \u00ab Duc des Abruzzes \u00bb, am\u00e9nag\u00e9 \u00e0 la Maison des Guides, au c\u0153ur du village. Il renferme des documents, des objets et du mat\u00e9riel d\u2019escalade. Courmayeur repr\u00e9sente la destination id\u00e9ale pour tous ceux qui, m\u00eame en \u00e9t\u00e9, ont envie de se ressourcer dans une ambiance \u00e0 la fois intime et mondaine, riche de possibilit\u00e9s de rencontres.<\/div>\n<ul>\n<li>\n<h3>Choses \u00e0 faire<\/h3>\n<div>\n<ul>\n<li>Trekking Mont Blanc \u00ab\u00a0TOR DES GEANTS\u00a0\u00bb \u00ab\u00a0Ultra Trail du Mont Blanc\u00a0\u00bb<\/li>\n<li>VTT<\/li>\n<li>Alpinisme<\/li>\n<li>Thermes de Pre-saint-Didier<\/li>\n<li><a href=\"https:\/\/www.greenvalleedaoste.com\/esperienze-green\/attivita-green-outdoor\/sky-way\">Skyway<\/a><\/li>\n<li>Shopping<\/li>\n<li>Golf<\/li>\n<li>Rafting<\/li>\n<li>Tunnel du\u00a0 Mont Blanc et Chamonix<\/li>\n<\/ul>\n<\/div>\n<\/li>\n<li>\n<h3>O\u00f9 dormir<\/h3>\n<div>\n<ul>\n<li>Au Coeur des Neiges Luxury Chalet ****<\/li>\n<li>Hotel Svizzero ****<\/li>\n<li>Hotel Pavillon ****<\/li>\n<li>Hotel Berthod ***<\/li>\n<\/ul>\n<\/div>\n<\/li>\n<li>\n<h3>A d\u00e9guster<\/h3>\n<div>\n<ul>\n<li><a href=\"https:\/\/www.greenvalleedaoste.com\/esperienze-green\/aziende-agricole-green\/societ%C3%A0-agricola-mont-blanc\">Societ\u00e0 Agricola Mont Blanc<\/a><\/li>\n<\/ul>\n<\/div>\n<\/li>\n<\/ul>\n<ul>\n<li>\n<p>        <img decoding=\"async\" src=\"\/wp-content\/uploads\/2021\/08\/courmayeurCentro.jpg\" alt=\"\"><\/p>\n<\/li>\n<li>\n<p>        <img decoding=\"async\" src=\"\/wp-content\/uploads\/2021\/08\/courmayeurBike.jpg\" alt=\"\"><\/p>\n<\/li>\n<li>\n<p>        <img decoding=\"async\" src=\"\/wp-content\/uploads\/2021\/08\/courmayeur3.jpg\" alt=\"\"><\/p>\n<\/li>\n<li>\n<p>        <img decoding=\"async\" src=\"\/wp-content\/uploads\/2021\/08\/courmayeurMonteBianco.jpg\" alt=\"\"><\/p>\n<\/li>\n<li>\n<p>        <img decoding=\"async\" src=\"\/wp-content\/uploads\/2021\/08\/golfCourmayeur.jpg\" alt=\"\"><\/p>\n<\/li>\n<li>\n<p>        <img decoding=\"async\" src=\"\/wp-content\/uploads\/2021\/08\/courmayeur5.jpg\" alt=\"\"><\/p>\n<\/li>\n<li>\n<p>        <img decoding=\"async\" src=\"\/wp-content\/uploads\/2021\/08\/courmayeurNeve.jpg\" alt=\"\"><\/p>\n<\/li>\n<li>\n<p>        <img decoding=\"async\" src=\"\/wp-content\/uploads\/2021\/08\/monteBianco.jpg\" alt=\"\"><\/p>\n<\/li>\n<\/ul>\n<p><!--more--><br \/>\n<!-- {\"name\":\"Tips\",\"type\":\"layout\",\"children\":[{\"name\":\"Copertina\",\"type\":\"section\",\"props\":{\"height\":\"viewport\",\"height_offset_top\":true,\"height_viewport\":80,\"image_effect\":\"parallax\",\"image_parallax_bgy\":\"-100,100\",\"image_parallax_breakpoint\":\"m\",\"image_parallax_easing\":\"1\",\"image_position\":\"center-center\",\"image_size\":\"cover\",\"image_width\":\"2560\",\"overlap\":true,\"style\":\"default\",\"text_color\":\"light\",\"title_breakpoint\":\"xl\",\"title_position\":\"top-left\",\"title_rotation\":\"left\",\"vertical_align\":\"middle\",\"video\":\"https:\\\/\\\/youtu.be\\\/GRviHVrP-Io\",\"video_width\":\"1000\",\"width\":\"large\"},\"children\":[{\"type\":\"row\",\"children\":[{\"type\":\"column\",\"props\":{\"image_position\":\"center-center\",\"position_sticky_breakpoint\":\"m\",\"width_medium\":\"1-1\"},\"children\":[{\"type\":\"headline\",\"props\":{\"content\":\"Courmayeur\",\"margin_remove_top\":true,\"text_align\":\"center\",\"title_element\":\"h1\",\"title_style\":\"heading-xlarge\"}}]}]}]},{\"name\":\"intro + gallery\",\"type\":\"section\",\"props\":{\"css\":\".el-section > * { background-position: 35% 90%; }\",\"image_effect\":\"parallax\",\"image_parallax_bgy\":\"100,0\",\"image_parallax_breakpoint\":\"m\",\"image_parallax_easing\":\"1\",\"image_position\":\"bottom-center\",\"image_width\":\"900\",\"media_visibility\":\"s\",\"padding\":\"small\",\"padding_remove_bottom\":false,\"padding_remove_top\":false,\"style\":\"default\",\"title_breakpoint\":\"xl\",\"title_position\":\"top-left\",\"title_rotation\":\"left\",\"vertical_align\":\"\",\"width\":\"\"},\"children\":[{\"type\":\"row\",\"props\":{\"margin\":\"large\",\"width\":\"large\"},\"children\":[{\"type\":\"column\",\"props\":{\"image_position\":\"center-center\",\"position_sticky_breakpoint\":\"m\"},\"children\":[{\"type\":\"text\",\"props\":{\"animation\":\"none\",\"block_align\":\"center\",\"column_breakpoint\":\"m\",\"content\":\"Station touristique connue \\u00e0 l\\u2019\\u00e9chelon international, Courmayeur est c\\u00e9l\\u00e8bre pour la beaut\\u00e9 de son paysage et pour sa rue de Rome, dans une position centrale, riche de boutiques \\u00e9l\\u00e9gantes, au c\\u0153ur de la vie mondaine de la bourgade. \\u00c0 1224 m\\u00e8tres d\\u2019altitude, Courmayeur se trouve au pied du massif du Mont-Blanc, dont le sommet (4.809 m\\u00e8tres) a \\u00e9t\\u00e9 atteint en 1786. Partout, ici, le sens de l\\u2019accueil et le soin des d\\u00e9tails sont marqu\\u00e9s. Cela caract\\u00e9rise depuis toujours les nombreuses structures d\\u2019accueil de Courmayeur, des h\\u00f4tels de luxe \\u00e0 la maison montagnarde, jusqu\\u2019aux caf\\u00e9s historiques du centre et aux refuges sur les pistes. Si l\\u2019on se trouve \\u00e0 cet endroit, la travers\\u00e9e du Mont-Blanc, le sommet le plus haut d'Europe, s\\u2019av\\u00e8re incontournable. Gr\\u00e2ce \\u00e0 Skyway, le t\\u00e9l\\u00e9ph\\u00e9rique qui est consid\\u00e9r\\u00e9 comme la huiti\\u00e8me merveille du monde, on monte en quelques minutes \\u00e0 plus de 2.000 m\\u00e8tres d\\u2019altitude. Au cours de la travers\\u00e9e, il est possible de profiter d\\u2019une vue magnifique sur les glaciers et sur les grands sommets des Alpes, de visiter le jardin botanique alpin \\u00ab Saussurea \\u00bb (\\u00e0 2173 m\\u00e8tres) et l\\u2019exposition de cristaux du Mont-Blanc. De plus, Courmayeur est l\\u2019une des capitales historiques de l\\u2019alpinisme, ainsi qu\\u2019en t\\u00e9moigne le mus\\u00e9e alpin \\u00ab Duc des Abruzzes \\u00bb, am\\u00e9nag\\u00e9 \\u00e0 la Maison des Guides, au c\\u0153ur du village. Il renferme des documents, des objets et du mat\\u00e9riel d\\u2019escalade. Courmayeur repr\\u00e9sente la destination id\\u00e9ale pour tous ceux qui, m\\u00eame en \\u00e9t\\u00e9, ont envie de se ressourcer dans une ambiance \\u00e0 la fois intime et mondaine, riche de possibilit\\u00e9s de rencontres.\",\"margin\":\"default\",\"margin_remove_top\":false,\"parallax_breakpoint\":\"m\",\"parallax_y\":\"50,-50\"}},{\"type\":\"accordion\",\"props\":{\"animation\":\"none\",\"collapsible\":true,\"content_column_breakpoint\":\"m\",\"image_align\":\"top\",\"image_grid_breakpoint\":\"m\",\"image_grid_width\":\"1-2\",\"image_svg_color\":\"emphasis\",\"link_style\":\"default\",\"link_text\":\"Read more\",\"margin_remove_top\":false,\"parallax_breakpoint\":\"m\",\"parallax_y\":\"100,0\",\"show_image\":true,\"show_link\":true},\"children\":[{\"type\":\"accordion_item\",\"props\":{\"content\":\"\n\n<ul>\\n\n\n<li>Trekking Mont Blanc \\\"TOR DES GEANTS\\\" \\\"Ultra Trail du Mont Blanc\\\"<\\\/li>\\n\n\n<li>VTT<\\\/li>\\n\n\n<li>Alpinisme<\\\/li>\\n\n\n<li>Thermes de Pre-saint-Didier<\\\/li>\\n\n\n<li><a href=\\\"https:\\\/\\\/www.greenvalleedaoste.com\\\/esperienze-green\\\/attivita-green-outdoor\\\/sky-way\\\">Skyway<\\\/a><\\\/li>\\n\n\n<li>Shopping<\\\/li>\\n\n\n<li>Golf<\\\/li>\\n\n\n<li>Rafting<\\\/li>\\n\n\n<li>Tunnel du\\u00a0 Mont Blanc et Chamonix<\\\/li>\\n<\\\/ul>\",\"title\":\"Choses \\u00e0 faire\"}},{\"type\":\"accordion_item\",\"props\":{\"content\":\"\n\n<ul>\\n\n\n<li>Au Coeur des Neiges Luxury Chalet ****<\\\/li>\\n\n\n<li>Hotel Svizzero ****<\\\/li>\\n\n\n<li>Hotel Pavillon ****<\\\/li>\\n\n\n<li>Hotel Berthod ***<\\\/li>\\n<\\\/ul>\",\"title\":\"O\\u00f9 dormir\"}},{\"type\":\"accordion_item\",\"props\":{\"content\":\"\n\n<ul>\\n\n\n<li><a href=\\\"https:\\\/\\\/www.greenvalleedaoste.com\\\/esperienze-green\\\/aziende-agricole-green\\\/societ%C3%A0-agricola-mont-blanc\\\">Societ\\u00e0 Agricola Mont Blanc<\\\/a><\\\/li>\\n<\\\/ul>\",\"title\":\"A d\\u00e9guster\"}}]}]}]},{\"type\":\"row\",\"props\":{\"margin_remove_bottom\":false},\"children\":[{\"type\":\"column\",\"props\":{\"image_position\":\"center-center\",\"position_sticky_breakpoint\":\"m\",\"width_medium\":\"1-1\"},\"children\":[{\"type\":\"overlay-slider\",\"props\":{\"animation\":\"parallax\",\"image_width\":\"965\",\"link_style\":\"default\",\"link_text\":\"\",\"margin\":\"default\",\"meta_align\":\"below-title\",\"meta_element\":\"div\",\"meta_style\":\"text-meta\",\"nav\":\"\",\"nav_align\":\"center\",\"nav_breakpoint\":\"s\",\"overlay_link\":true,\"overlay_mode\":\"cover\",\"overlay_position\":\"center\",\"overlay_transition\":\"fade\",\"parallax_breakpoint\":\"m\",\"parallax_easing\":\"1\",\"parallax_x\":\"50,0\",\"show_content\":true,\"show_hover_image\":true,\"show_hover_video\":true,\"show_link\":true,\"show_meta\":false,\"show_title\":false,\"slidenav\":\"default\",\"slidenav_breakpoint\":\"\",\"slidenav_margin\":\"\",\"slidenav_outside_breakpoint\":\"xl\",\"slider_autoplay_pause\":true,\"slider_center\":false,\"slider_finite\":true,\"slider_gap\":\"default\",\"slider_sets\":false,\"slider_width\":\"fixed\",\"slider_width_default\":\"1-1\",\"slider_width_medium\":\"1-2\",\"text_align\":\"center\",\"title_element\":\"h3\",\"title_hover_style\":\"reset\"},\"children\":[{\"type\":\"overlay-slider_item\",\"props\":{\"image\":\"wp-content\\\/uploads\\\/2021\\\/08\\\/courmayeurCentro.jpg\"}},{\"type\":\"overlay-slider_item\",\"props\":{\"image\":\"wp-content\\\/uploads\\\/2021\\\/08\\\/courmayeurBike.jpg\"}},{\"type\":\"overlay-slider_item\",\"props\":{\"image\":\"wp-content\\\/uploads\\\/2021\\\/08\\\/courmayeur3.jpg\"}},{\"type\":\"overlay-slider_item\",\"props\":{\"image\":\"wp-content\\\/uploads\\\/2021\\\/08\\\/courmayeurMonteBianco.jpg\"}},{\"type\":\"overlay-slider_item\",\"props\":{\"image\":\"wp-content\\\/uploads\\\/2021\\\/08\\\/golfCourmayeur.jpg\"}},{\"type\":\"overlay-slider_item\",\"props\":{\"image\":\"wp-content\\\/uploads\\\/2021\\\/08\\\/courmayeur5.jpg\"}},{\"type\":\"overlay-slider_item\",\"props\":{\"image\":\"wp-content\\\/uploads\\\/2021\\\/08\\\/courmayeurNeve.jpg\"}},{\"type\":\"overlay-slider_item\",\"props\":{\"image\":\"wp-content\\\/uploads\\\/2021\\\/08\\\/monteBianco.jpg\"}}]}]}]}]}],\"version\":\"4.4.18\"} --><\/p>\n","protected":false},"excerpt":{"rendered":"<p>Courmayeur Station touristique connue \u00e0 l\u2019\u00e9chelon international, Courmayeur est c\u00e9l\u00e8bre pour la beaut\u00e9 de son paysage et pour sa rue de Rome, dans une position centrale, riche de boutiques \u00e9l\u00e9gantes, au c\u0153ur de la vie mondaine de la bourgade. \u00c0 1224 m\u00e8tres d\u2019altitude, Courmayeur se trouve au pied du massif du Mont-Blanc, dont le sommet [&hellip;]<\/p>\n","protected":false},"author":1,"featured_media":0,"parent":2451,"menu_order":0,"comment_status":"closed","ping_status":"closed","template":"","meta":{"_seopress_robots_primary_cat":"","_seopress_titles_title":"Courmayeur - Valle d&#039;Aosta | Green Experience Vall\u00e9e d&#039;Aoste","_seopress_titles_desc":"Localit\u00e0 turistica di fama internazionale, Courmayeur \u00e8 nota per la bellezza del paesaggio e per Via Roma, ricca di eleganti negozi e fulcro della vita mondana del paese.","_seopress_robots_index":"","footnotes":""},"class_list":["post-2463","page","type-page","status-publish","hentry"],"_links":{"self":[{"href":"https:\/\/www.greenvda.com\/fr\/wp-json\/wp\/v2\/pages\/2463","targetHints":{"allow":["GET"]}}],"collection":[{"href":"https:\/\/www.greenvda.com\/fr\/wp-json\/wp\/v2\/pages"}],"about":[{"href":"https:\/\/www.greenvda.com\/fr\/wp-json\/wp\/v2\/types\/page"}],"author":[{"embeddable":true,"href":"https:\/\/www.greenvda.com\/fr\/wp-json\/wp\/v2\/users\/1"}],"replies":[{"embeddable":true,"href":"https:\/\/www.greenvda.com\/fr\/wp-json\/wp\/v2\/comments?post=2463"}],"version-history":[{"count":11,"href":"https:\/\/www.greenvda.com\/fr\/wp-json\/wp\/v2\/pages\/2463\/revisions"}],"predecessor-version":[{"id":5374,"href":"https:\/\/www.greenvda.com\/fr\/wp-json\/wp\/v2\/pages\/2463\/revisions\/5374"}],"up":[{"embeddable":true,"href":"https:\/\/www.greenvda.com\/fr\/wp-json\/wp\/v2\/pages\/2451"}],"wp:attachment":[{"href":"https:\/\/www.greenvda.com\/fr\/wp-json\/wp\/v2\/media?parent=2463"}],"curies":[{"name":"wp","href":"https:\/\/api.w.org\/{rel}","templated":true}]}}