{"id":2442,"date":"2021-08-27T20:01:24","date_gmt":"2021-08-27T18:01:24","guid":{"rendered":"https:\/\/www.greenvda.com\/saint-vincent\/"},"modified":"2022-02-03T15:26:52","modified_gmt":"2022-02-03T14:26:52","slug":"saint-vincent","status":"publish","type":"page","link":"https:\/\/www.greenvda.com\/fr\/vallee-daoste\/saint-vincent\/","title":{"rendered":"Saint-Vincent"},"content":{"rendered":"<h1>Saint Vincent<\/h1>\n<div>\n<p>Baptis\u00e9 la \u00ab Riviera des Alpes \u00bb pour la douceur de son climat et pour la pr\u00e9sence de v\u00e9g\u00e9tation typique des zones m\u00e9diterran\u00e9ennes, comme les palmiers, les oliviers et les pins parasols, Saint-Vincent est une destination touristique importante. C\u00e9l\u00e8bre pour ses bains et pour son casino, il attire depuis toujours l\u2019aristocratie et le jet-set italiens et internationaux. Saint-Vincent fut, entre autres, tr\u00e8s appr\u00e9ci\u00e9 par l\u2019\u00e9crivain Tommaso Landolfi, qui lui consacra un article de voyage dans \u00ab\u00a0Le Monde\u00a0\u00bb<le monde=\"\">. De plus, de nombreux colloques y sont organis\u00e9s, gr\u00e2ce \u00e0 de grands et modernes centres de congr\u00e8s, ainsi qu\u2019\u00e0 des h\u00f4tels et \u00e0 des restaurants de premier ordre. Par ailleurs, \u00e0 c\u00f4t\u00e9 de son aspect mondain, la colline de Saint Vincent garde aussi un visage plus populaire et traditionnel, fait d\u2019activit\u00e9s agricoles, d\u2019espaces naturels intacts et de t\u00e9moignages architecturaux du pass\u00e9, comme les raccards, les \u00e9difices ruraux conserv\u00e9s dans d\u2019anciens villages comme Valmignanaz, mais aussi les fours et les moulins. C\u2019est justement par-l\u00e0 que, \u00e0 l\u2019\u00e9poque romaine, passait la Voie des Gaules : la route consulaire romaine faite construire par Auguste pour relier la Plaine du P\u00f4 et les Gaules. Parmi les monuments \u00e0 visiter, il ne faut pas oublier le pont romain qui enjambe le fleuve Cillian et l\u2019\u00e9glise romane du XIIe si\u00e8cle. En parcourant une quinzaine de kilom\u00e8tres, on arrive au Col de Joux, point panoramique de liaison entre la vall\u00e9e centrale et la moyenne Val d\u2019Ayas. Sa position au c\u0153ur de la Vall\u00e9e d\u2019Aoste fait de Saint-Vincent un point de d\u00e9part privil\u00e9gi\u00e9 pour explorer la r\u00e9gion.<\/le><\/p>\n<\/div>\n<ul>\n<li>\n<h3>Choses \u00e0 faire<\/h3>\n<div>\n<ul>\n<li>Thermes<\/li>\n<li>Casino<\/li>\n<li>Trekking et promenades<\/li>\n<li>VTT<\/li>\n<li>Cheval<\/li>\n<\/ul>\n<\/div>\n<\/li>\n<li>\n<h3>O\u00f9 dormir<\/h3>\n<div>\n<p><a href=\"\/fr\/ou-dormire\/hotel-alla-posta\/\">Hotel alla Posta****<\/a><\/p>\n<p><a href=\"\/fr\/ou-dormir\/hotel-au-soleil\/\">Hotel Au Soleil***<\/a><\/p>\n<\/div>\n<\/li>\n<li>\n<h3>A d\u00e9guster<\/h3>\n<div>\n<ul>\n<li>Les produits de Douce Vall\u00e9e<\/li>\n<\/ul>\n<\/div>\n<\/li>\n<\/ul>\n<ul>\n<li>\n<p>        <img decoding=\"async\" src=\"\/wp-content\/uploads\/2021\/08\/saintVincent2.jpg\" alt=\"\"><\/p>\n<\/li>\n<li>\n<p>        <img decoding=\"async\" src=\"\/wp-content\/uploads\/2021\/08\/saintVincent3.jpg\" alt=\"\"><\/p>\n<\/li>\n<li>\n<p>        <img decoding=\"async\" src=\"\/wp-content\/uploads\/2021\/08\/saintVincent4.jpg\" alt=\"\"><\/p>\n<\/li>\n<li>\n<p>        <img decoding=\"async\" src=\"\/wp-content\/uploads\/2021\/08\/saintVincent6.jpg\" alt=\"\"><\/p>\n<\/li>\n<li>\n<p>        <img decoding=\"async\" src=\"\/wp-content\/uploads\/2021\/08\/saintVincent7.jpg\" alt=\"\"><\/p>\n<\/li>\n<li>\n<p>        <img decoding=\"async\" src=\"\/wp-content\/uploads\/2021\/08\/saintVincent8.jpg\" alt=\"\"><\/p>\n<\/li>\n<li>\n<p>        <img decoding=\"async\" src=\"\/wp-content\/uploads\/2021\/08\/saintVincent10.jpg\" alt=\"\"><\/p>\n<\/li>\n<li>\n<p>        <img decoding=\"async\" src=\"\/wp-content\/uploads\/2021\/08\/saintVincent11.jpg\" alt=\"\"><\/p>\n<\/li>\n<\/ul>\n<p><!--more--><br \/>\n<!-- {\"name\":\"Tips\",\"type\":\"layout\",\"children\":[{\"name\":\"Copertina\",\"type\":\"section\",\"props\":{\"style\":\"default\",\"width\":\"large\",\"vertical_align\":\"middle\",\"title_position\":\"top-left\",\"title_rotation\":\"left\",\"title_breakpoint\":\"xl\",\"image_position\":\"center-center\",\"height\":\"percent\",\"image\":\"\",\"text_color\":\"light\",\"image_size\":\"cover\",\"image_effect\":\"parallax\",\"image_width\":\"2560\",\"overlap\":true,\"image_parallax_breakpoint\":\"m\",\"image_parallax_bgy_start\":\"-100\",\"image_parallax_bgy_end\":\"100\",\"video\":\"<iframe width=\\\"1280\\\" height=\\\"720\\\" src=\\\"https:\\\/\\\/www.youtube.com\\\/embed\\\/n1tK5vRhd54\\\" title=\\\"YouTube video player\\\" frameborder=\\\"0\\\" allow=\\\"accelerometer; autoplay; clipboard-write; encrypted-media; gyroscope; picture-in-picture\\\" allowfullscreen><\\\/iframe>\",\"video_width\":\"1000\"},\"children\":[{\"name\":\"\",\"type\":\"row\",\"children\":[{\"name\":\"\",\"type\":\"column\",\"props\":{\"image_position\":\"center-center\",\"width_medium\":\"1-1\",\"media_overlay_gradient\":\"\"},\"children\":[{\"name\":\"\",\"type\":\"headline\",\"props\":{\"title_element\":\"h1\",\"title_style\":\"heading-xlarge\",\"text_align\":\"center\",\"content\":\"Saint Vincent\",\"margin_remove_top\":true}}]}]}]},{\"name\":\"Intro + gallery\",\"type\":\"section\",\"props\":{\"style\":\"default\",\"width\":\"\",\"vertical_align\":\"middle\",\"title_position\":\"top-left\",\"title_rotation\":\"left\",\"title_breakpoint\":\"xl\",\"image_position\":\"bottom-center\",\"padding\":\"small\",\"image\":\"\",\"image_effect\":\"parallax\",\"title\":\"\",\"padding_remove_bottom\":false,\"padding_remove_top\":false,\"image_width\":\"900\",\"css\":\".el-section > * { background-position: 35% 90%; }\",\"image_parallax_breakpoint\":\"m\",\"image_parallax_bgy_start\":\"100\",\"media_visibility\":\"s\"},\"children\":[{\"name\":\"\",\"type\":\"row\",\"props\":{\"width\":\"large\",\"margin\":\"large\"},\"children\":[{\"name\":\"\",\"type\":\"column\",\"props\":{\"image_position\":\"center-center\",\"media_overlay_gradient\":\"\",\"width_medium\":\"\"},\"children\":[{\"name\":\"\",\"type\":\"text\",\"props\":{\"margin\":\"default\",\"column_breakpoint\":\"m\",\"animation\":\"none\",\"content\":\"\n\n<p>Baptis\\u00e9 la \\u00ab Riviera des Alpes \\u00bb pour la douceur de son climat et pour la pr\\u00e9sence de v\\u00e9g\\u00e9tation typique des zones m\\u00e9diterran\\u00e9ennes, comme les palmiers, les oliviers et les pins parasols, Saint-Vincent est une destination touristique importante. C\\u00e9l\\u00e8bre pour ses bains et pour son casino, il attire depuis toujours l\\u2019aristocratie et le jet-set italiens et internationaux. Saint-Vincent fut, entre autres, tr\\u00e8s appr\\u00e9ci\\u00e9 par l\\u2019\\u00e9crivain Tommaso Landolfi, qui lui consacra un article de voyage dans \\\"Le Monde\\\"<le monde=\\\"\\\">. De plus, de nombreux colloques y sont organis\\u00e9s, gr\\u00e2ce \\u00e0 de grands et modernes centres de congr\\u00e8s, ainsi qu\\u2019\\u00e0 des h\\u00f4tels et \\u00e0 des restaurants de premier ordre. Par ailleurs, \\u00e0 c\\u00f4t\\u00e9 de son aspect mondain, la colline de Saint Vincent garde aussi un visage plus populaire et traditionnel, fait d\\u2019activit\\u00e9s agricoles, d\\u2019espaces naturels intacts et de t\\u00e9moignages architecturaux du pass\\u00e9, comme les raccards, les \\u00e9difices ruraux conserv\\u00e9s dans d\\u2019anciens villages comme Valmignanaz, mais aussi les fours et les moulins. C\\u2019est justement par-l\\u00e0 que, \\u00e0 l\\u2019\\u00e9poque romaine, passait la Voie des Gaules : la route consulaire romaine faite construire par Auguste pour relier la Plaine du P\\u00f4 et les Gaules. Parmi les monuments \\u00e0 visiter, il ne faut pas oublier le pont romain qui enjambe le fleuve Cillian et l\\u2019\\u00e9glise romane du XIIe si\\u00e8cle. En parcourant une quinzaine de kilom\\u00e8tres, on arrive au Col de Joux, point panoramique de liaison entre la vall\\u00e9e centrale et la moyenne Val d\\u2019Ayas. Sa position au c\\u0153ur de la Vall\\u00e9e d\\u2019Aoste fait de Saint-Vincent un point de d\\u00e9part privil\\u00e9gi\\u00e9 pour explorer la r\\u00e9gion.<\\\/le><\\\/p>\",\"parallax_breakpoint\":\"m\",\"parallax_y_start\":\"50\",\"parallax_y_end\":\"-50\",\"block_align\":\"center\",\"margin_remove_top\":false}},{\"name\":\"\",\"type\":\"accordion\",\"props\":{\"show_image\":true,\"show_link\":true,\"collapsible\":true,\"image_align\":\"top\",\"image_grid_width\":\"1-2\",\"link_text\":\"Read more\",\"link_style\":\"default\",\"animation\":\"none\",\"margin_remove_top\":false,\"parallax_breakpoint\":\"m\",\"parallax_y_start\":\"100\",\"image_grid_breakpoint\":\"m\",\"content_column_breakpoint\":\"m\",\"image_svg_color\":\"emphasis\"},\"children\":[{\"name\":\"\",\"type\":\"accordion_item\",\"props\":{\"title\":\"Choses \\u00e0 faire\",\"content\":\"\n\n<ul>\\n\n\n<li>Thermes<\\\/li>\\n\n\n<li>Casino<\\\/li>\\n\n\n<li>Trekking et promenades<\\\/li>\\n\n\n<li>VTT<\\\/li>\\n\n\n<li>Cheval<\\\/li>\\n<\\\/ul>\"}},{\"name\":\"\",\"type\":\"accordion_item\",\"props\":{\"title\":\"O\\u00f9 dormir\",\"content\":\"\n\n<p><a href=\\\"\\\/fr\\\/ou-dormire\\\/hotel-alla-posta\\\/\\\">Hotel alla Posta****<\\\/a><\\\/p>\\n\n\n<p><a href=\\\"\\\/fr\\\/ou-dormir\\\/hotel-au-soleil\\\/\\\">Hotel Au Soleil***<\\\/a><\\\/p>\"}},{\"name\":\"\",\"type\":\"accordion_item\",\"props\":{\"title\":\"A d\\u00e9guster\",\"content\":\"\n\n<ul>\\n\n\n<li>Les produits de Douce Vall\\u00e9e<\\\/li>\\n<\\\/ul>\"}}]}]}]},{\"name\":\"\",\"type\":\"row\",\"props\":{\"margin_remove_bottom\":false},\"children\":[{\"name\":\"\",\"type\":\"column\",\"props\":{\"image_position\":\"center-center\",\"width_medium\":\"1-1\",\"media_overlay_gradient\":\"\"},\"children\":[{\"name\":\"\",\"type\":\"overlay-slider\",\"props\":{\"show_title\":false,\"show_meta\":false,\"show_content\":true,\"show_link\":true,\"slider_width\":\"fixed\",\"slider_width_default\":\"1-1\",\"slider_width_medium\":\"1-2\",\"slider_min_height\":300,\"slider_autoplay_pause\":true,\"nav\":\"\",\"nav_align\":\"center\",\"nav_breakpoint\":\"s\",\"slidenav\":\"default\",\"slidenav_margin\":\"\",\"slidenav_breakpoint\":\"\",\"slidenav_outside_breakpoint\":\"xl\",\"overlay_mode\":\"cover\",\"overlay_position\":\"center\",\"overlay_transition\":\"fade\",\"title_element\":\"h3\",\"meta_style\":\"meta\",\"meta_align\":\"below-title\",\"text_align\":\"center\",\"margin\":\"default\",\"slider_height\":\"\",\"slider_width_small\":\"\",\"slider_width_large\":\"\",\"slider_width_xlarge\":\"\",\"nav_margin\":\"\",\"nav_color\":\"\",\"slidenav_color\":\"\",\"slidenav_outside_color\":\"\",\"animation\":\"parallax\",\"slider_center\":false,\"slider_finite\":true,\"slider_sets\":false,\"image_width\":\"965\",\"parallax_breakpoint\":\"m\",\"parallax_x_start\":\"50\",\"slider_gap\":\"default\",\"meta_element\":\"div\",\"link_text\":\"\",\"link_style\":\"default\",\"overlay_link\":true,\"title_hover_style\":\"reset\"},\"children\":[{\"name\":\"\",\"type\":\"overlay-slider_item\",\"props\":{\"image\":\"wp-content\\\/uploads\\\/2021\\\/08\\\/saintVincent2.jpg\"}},{\"name\":\"\",\"type\":\"overlay-slider_item\",\"props\":{\"image\":\"wp-content\\\/uploads\\\/2021\\\/08\\\/saintVincent3.jpg\"}},{\"name\":\"\",\"type\":\"overlay-slider_item\",\"props\":{\"image\":\"wp-content\\\/uploads\\\/2021\\\/08\\\/saintVincent4.jpg\"}},{\"name\":\"\",\"type\":\"overlay-slider_item\",\"props\":{\"image\":\"wp-content\\\/uploads\\\/2021\\\/08\\\/saintVincent6.jpg\"}},{\"name\":\"\",\"type\":\"overlay-slider_item\",\"props\":{\"image\":\"wp-content\\\/uploads\\\/2021\\\/08\\\/saintVincent7.jpg\"}},{\"name\":\"\",\"type\":\"overlay-slider_item\",\"props\":{\"image\":\"wp-content\\\/uploads\\\/2021\\\/08\\\/saintVincent8.jpg\"}},{\"name\":\"\",\"type\":\"overlay-slider_item\",\"props\":{\"image\":\"wp-content\\\/uploads\\\/2021\\\/08\\\/saintVincent10.jpg\"}},{\"name\":\"\",\"type\":\"overlay-slider_item\",\"props\":{\"image\":\"wp-content\\\/uploads\\\/2021\\\/08\\\/saintVincent11.jpg\"}}]}]}]}]}],\"version\":\"2.5.9\"} --><\/p>\n","protected":false},"excerpt":{"rendered":"<p>Saint Vincent Baptis\u00e9 la \u00ab Riviera des Alpes \u00bb pour la douceur de son climat et pour la pr\u00e9sence de v\u00e9g\u00e9tation typique des zones m\u00e9diterran\u00e9ennes, comme les palmiers, les oliviers et les pins parasols, Saint-Vincent est une destination touristique importante. C\u00e9l\u00e8bre pour ses bains et pour son casino, il attire depuis toujours l\u2019aristocratie et le [&hellip;]<\/p>\n","protected":false},"author":1,"featured_media":0,"parent":2451,"menu_order":0,"comment_status":"closed","ping_status":"closed","template":"","meta":{"_seopress_robots_primary_cat":"","_seopress_titles_title":"Saint-Vincent - Valle d&#039;Aosta | Green Experience Vall\u00e9e d&#039;Aoste","_seopress_titles_desc":"Famosa per le sue Terme e per il suo Casin\u00f2, Saint-Vincent attira da sempre l\u2019aristocrazia e il jet-set italiani e internazionali. Entra in questa sezione per scoprirla!","_seopress_robots_index":"","footnotes":""},"class_list":["post-2442","page","type-page","status-publish","hentry"],"_links":{"self":[{"href":"https:\/\/www.greenvda.com\/fr\/wp-json\/wp\/v2\/pages\/2442","targetHints":{"allow":["GET"]}}],"collection":[{"href":"https:\/\/www.greenvda.com\/fr\/wp-json\/wp\/v2\/pages"}],"about":[{"href":"https:\/\/www.greenvda.com\/fr\/wp-json\/wp\/v2\/types\/page"}],"author":[{"embeddable":true,"href":"https:\/\/www.greenvda.com\/fr\/wp-json\/wp\/v2\/users\/1"}],"replies":[{"embeddable":true,"href":"https:\/\/www.greenvda.com\/fr\/wp-json\/wp\/v2\/comments?post=2442"}],"version-history":[{"count":10,"href":"https:\/\/www.greenvda.com\/fr\/wp-json\/wp\/v2\/pages\/2442\/revisions"}],"predecessor-version":[{"id":3547,"href":"https:\/\/www.greenvda.com\/fr\/wp-json\/wp\/v2\/pages\/2442\/revisions\/3547"}],"up":[{"embeddable":true,"href":"https:\/\/www.greenvda.com\/fr\/wp-json\/wp\/v2\/pages\/2451"}],"wp:attachment":[{"href":"https:\/\/www.greenvda.com\/fr\/wp-json\/wp\/v2\/media?parent=2442"}],"curies":[{"name":"wp","href":"https:\/\/api.w.org\/{rel}","templated":true}]}}